{"id":55558,"date":"2026-04-15T10:05:36","date_gmt":"2026-04-15T08:05:36","guid":{"rendered":"https:\/\/ironsky.pl\/sklep\/produkt\/latarka-czolowa-superfire-hl51-160lm-usb-2\/"},"modified":"2026-04-15T10:05:48","modified_gmt":"2026-04-15T08:05:48","slug":"latarka-czolowa-superfire-hl51-160lm-usb-2","status":"publish","type":"product","link":"https:\/\/ironsky.pl\/sklep\/produkt\/latarka-czolowa-superfire-hl51-160lm-usb-2\/","title":{"rendered":"Latarka czo\u0142owa SUPERFIRE HL51 160lm USB"},"content":{"rendered":"<h3>Latarka czo\u0142owa Superfire HL51, 160 lm, micro-USB, 4 tryby, 300 m<\/h3>\n<p>Latarka czo\u0142owa Superfire HL51 wyr\u00f3\u017cnia si\u0119 du\u017cym reflektorem, kt\u00f3ry gwarantuje wysokie nat\u0119\u017cenie emitowanego \u015bwiat\u0142a (do 160 lm) i zasi\u0119g do 300 m. \u0141adowany przez micro USB akumulator zapewnia nawet 2,5 godziny pracy urz\u0105dzenia. Mo\u017cliwo\u015b\u0107 dostosowania k\u0105ta nachylenia lampy oraz 4 tryby \u015bwiecenia daj\u0105 Ci wymarzon\u0105 swobod\u0119 u\u017cytkowania. Elastyczna opaska oferuje niezr\u00f3wnany komfort, a stopie\u0144 ochrony IP42 pozwala korzysta\u0107 z latarki niemal w ka\u017cdych warunkach.<\/p>\n<p>\n<img decoding=\"async\" src=\"https:\/\/assets.innpro.pl\/14134\/17628\/1.jpg\" border=\"0\" alt=\"latarka czo\u0142owa z du\u017cym reflektorem na ciemnym tle\" \/>\n<\/p>\n<h3>Optymalne o\u015bwietlenie w wielu r\u00f3\u017cnych sytuacjach<\/h3>\n<p>Du\u017cy reflektor o \u015brednicy 51 mm zapewnia doskona\u0142e o\u015bwietlenie o jasno\u015bci do 160 lm. Dzi\u0119ki niemu latarka mo\u017ce \u015bwieci\u0107 na odleg\u0142o\u015b\u0107 nawet 300 m. HL51 idealnie sprawdzi si\u0119 zatem w wielu scenariuszach. O\u015bwietli Ci drog\u0119 podczas nocnej w\u0119dr\u00f3wki, z powodzeniem wykorzystasz j\u0105 na campingu, a nawet zastosujesz w trakcie naprawy samochodu na poboczu jezdni po zmroku.<\/p>\n<p>\n<img decoding=\"async\" src=\"https:\/\/assets.innpro.pl\/14134\/17628\/2.jpg\" border=\"0\" alt=\"Intensywne \u015bwiat\u0142o latarki rozja\u015bniaj\u0105ce traw\u0119 i drzewa w nocy\" \/>\n<\/p>\n<h3>Imponuj\u0105co d\u0142ugi czas pracy<\/h3>\n<p>Wbudowany akumulator o pojemno\u015bci 1200 mAh mo\u017ce by\u0107 wygodnie \u0142adowany przez micro USB. Zapewnia on oko\u0142o 2,5 godziny dzia\u0142ania latarki. Korzystanie z HL51 u\u0142atwia specjalny wska\u017anik, kt\u00f3ry \u015bwieci na czerwono podczas \u0142adowania urz\u0105dzenia, a na niebiesko, kiedy akumulator jest ju\u017c na\u0142adowany. Dzi\u0119ki temu zawsze wiesz, co dzieje si\u0119 z Twoj\u0105 latark\u0105!<\/p>\n<p>\n<img decoding=\"async\" src=\"https:\/\/assets.innpro.pl\/14134\/17628\/3.jpg\" border=\"0\" alt=\"turysta na zimowej wyprawie w g\u00f3rach z w\u0142\u0105czon\u0105 latark\u0105 czo\u0142ow\u0105\" \/>\n<\/p>\n<h3>Wybieraj spo\u015br\u00f3d 4 dost\u0119pnych tryb\u00f3w \u015bwiecenia<\/h3>\n<p>Latarka mo\u017ce \u015bwieci\u0107 na 4 sposoby &#8211; oferuje mocne, s\u0142abe i migaj\u0105ce \u015bwiat\u0142o, a tak\u017ce tryb SOS. Masz zatem mo\u017cliwo\u015b\u0107 dostosowania jej dzia\u0142ania do swoich bie\u017c\u0105cych oczekiwa\u0144 i sytuacji. Superfire HL51 zawsze idealnie rozja\u015bni ciemno\u015bci i b\u0119dzie stanowi\u0107 dok\u0142adnie takie \u017ar\u00f3d\u0142o \u015bwiat\u0142a, jakiego potrzebujesz.<\/p>\n<p>\n<img decoding=\"async\" src=\"https:\/\/assets.innpro.pl\/14134\/17628\/4.jpg\" border=\"0\" alt=\"kabel pod\u0142\u0105czony do czarnej latarki\" \/>\n<\/p>\n<h3>Dostosuj kierunek \u015bwiecenia do swoich potrzeb<\/h3>\n<p>Nachylenie reflektora mo\u017cesz regulowa\u0107 w zakresie 0-90\u00b0. Wykorzystaj t\u0119 mo\u017cliwo\u015b\u0107, aby skierowa\u0107 strumie\u0144 \u015bwiat\u0142a dok\u0142adnie tam, gdzie chcesz. Ju\u017c nie musisz si\u0119 ogranicza\u0107 do jednego, z g\u00f3ry narzuconego ustawienia latarki &#8211; u\u017cywaj\u0105c Superfire HL51, z \u0142atwo\u015bci\u0105 dostosujesz je do swoich oczekiwa\u0144.<\/p>\n<p>\n<img decoding=\"async\" src=\"https:\/\/assets.innpro.pl\/14134\/17628\/5.jpg\" border=\"0\" alt=\"grafika przedstawiaj\u0105ca mo\u017cliwo\u015b\u0107 regulacji k\u0105ta nachylenia latarki czo\u0142owej\" \/>\n<\/p>\n<h3>Woda jej nie zaszkodzi<\/h3>\n<p>Urz\u0105dzenie ma tak\u017ce stopie\u0144 ochrony IP42. To oznacza, \u017ce mo\u017cesz z niego korzysta\u0107, nie obawiaj\u0105c si\u0119 zmiennych warunk\u00f3w atmosferycznych czy wymagaj\u0105cego terenu. Latarce nie zaszkodz\u0105 opady deszczu lub przypadkowe zachlapanie wod\u0105 z wodospadu. To wytrzyma\u0142e urz\u0105dzenie nigdy Ci\u0119 nie zawiedzie!<\/p>\n<p>\n<img decoding=\"async\" src=\"https:\/\/assets.innpro.pl\/14134\/17628\/6.jpg\" border=\"0\" alt=\"czarna latarka czo\u0142owa w strugach deszczu\" \/>\n<\/p>\n<h3>Wygodna w u\u017cytkowaniu<\/h3>\n<p>Superfire HL51 to r\u00f3wnie\u017c wyj\u0105tkowy komfort u\u017cytkowania. Latarka wa\u017cy jedynie 102 g, mo\u017cesz wi\u0119c mie\u0107 j\u0105 na g\u0142owie nawet przez wiele godzin &#8211; nie b\u0119dzie stanowi\u0107 zbyt wielkiego obci\u0105\u017cenia. Ponadto elastyczna opaska jest przyjemna w dotyku i przyjazna dla sk\u00f3ry, co sprawia, \u017ce urz\u0105dzenie gwarantuje Ci niezr\u00f3wnan\u0105 wygod\u0119.<\/p>\n<p>\n<img decoding=\"async\" src=\"https:\/\/assets.innpro.pl\/14134\/17628\/7.jpg\" border=\"0\" alt=\"cztery zdj\u0119cia przedstawiaj\u0105ce osoby korzystaj\u0105ce z latarki czo\u0142owej\" \/>\n<\/p>\n<div class=\"table-wrapper\">\n<p>\u00a0<\/p>\n<h3><\/h3>\n<table>\n<tbody>\n<tr>\n<th>Producent <\/th>\n<td>Superfire<\/td>\n<\/tr>\n<tr>\n<th>Model <\/th>\n<td>HL51<\/td>\n<\/tr>\n<tr>\n<th>Jasno\u015b\u0107 <\/th>\n<td>Do 160 lm<\/td>\n<\/tr>\n<tr>\n<th>Zasi\u0119g<\/th>\n<td>Do 300 m<\/td>\n<\/tr>\n<tr>\n<th>Moc znamionowa <\/th>\n<td>2,5 W<\/td>\n<\/tr>\n<tr>\n<th>Pojemno\u015b\u0107 <\/th>\n<td>1200 mAh<\/td>\n<\/tr>\n<tr>\n<th>Czas pracy <\/th>\n<td>2-5 h<\/td>\n<\/tr>\n<tr>\n<th>Port \u0142adowania <\/th>\n<td>micro USB<\/td>\n<\/tr>\n<tr>\n<th>Odporno\u015b\u0107 na upadek <\/th>\n<td>1 m<\/td>\n<\/tr>\n<tr>\n<th>Stopie\u0144 ochrony <\/th>\n<td>IP42<\/td>\n<\/tr>\n<tr>\n<th>Tryby \u015bwiecenia<\/th>\n<td>Strong light, Weak light, Flash, SOS<\/td>\n<\/tr>\n<tr>\n<th>Waga <\/th>\n<td>102 g<\/td>\n<\/tr>\n<tr>\n<th>Wymiary <\/th>\n<td>56x51x80 mm<\/td>\n<\/tr>\n<\/tbody>\n<\/table>\n<\/div>\n","protected":false},"excerpt":{"rendered":"<p>Latarka czo\u0142owa Superfire HL51, 160 lm, micro-USB, 4 tryby, 300 m Latarka czo\u0142owa Superfire HL51 wyr\u00f3\u017cnia si\u0119 du\u017cym reflektorem, kt\u00f3ry<\/p>\n","protected":false},"featured_media":41242,"comment_status":"closed","ping_status":"open","template":"","meta":{"_acf_changed":false},"product_brand":[],"product_cat":[5938,5940,5937],"product_tag":[],"class_list":{"0":"post-55558","1":"product","2":"type-product","3":"status-publish","4":"has-post-thumbnail","6":"product_cat-latarki","7":"product_cat-czolowe","8":"product_cat-outdoor","9":"pa_okres-gwarancji-5754","10":"pa_producent-superfire","12":"first","13":"outofstock","14":"taxable","15":"shipping-taxable","16":"purchasable","17":"product-type-simple"},"acf":[],"yoast_head":"<!-- This site is optimized with the Yoast SEO plugin v27.2 - https:\/\/yoast.com\/product\/yoast-seo-wordpress\/ -->\n<title>Latarka czo\u0142owa SUPERFIRE HL51 160lm USB - IRONSKY.PL Sklep z Dronami<\/title>\n<meta name=\"description\" content=\"Latarka czo\u0142owa SUPERFIRE HL51 160lm USB - \u2705 sklep z dronami i fachowym doradztwem. \u2705 Tutaj kupisz produkty DJI, Yuneec, Parrot, Syma i wiele innych, a tak\u017ce kursy i licencje na operatora drona.\" \/>\n<meta name=\"robots\" content=\"index, follow, max-snippet:-1, max-image-preview:large, max-video-preview:-1\" \/>\n<link rel=\"canonical\" href=\"https:\/\/ironsky.pl\/sklep\/produkt\/latarka-czolowa-superfire-hl51-160lm-usb-2\/\" \/>\n<meta property=\"og:locale\" content=\"pl_PL\" \/>\n<meta property=\"og:type\" content=\"article\" \/>\n<meta property=\"og:title\" content=\"Latarka czo\u0142owa SUPERFIRE HL51 160lm USB - IRONSKY.PL Sklep z Dronami\" \/>\n<meta property=\"og:description\" content=\"Latarka czo\u0142owa SUPERFIRE HL51 160lm USB - \u2705 sklep z dronami i fachowym doradztwem. \u2705 Tutaj kupisz produkty DJI, Yuneec, Parrot, Syma i wiele innych, a tak\u017ce kursy i licencje na operatora drona.\" \/>\n<meta property=\"og:url\" content=\"https:\/\/ironsky.pl\/sklep\/produkt\/latarka-czolowa-superfire-hl51-160lm-usb-2\/\" \/>\n<meta property=\"og:site_name\" content=\"IRONSKY.PL Sklep z Dronami\" \/>\n<meta property=\"article:modified_time\" content=\"2026-04-15T08:05:48+00:00\" \/>\n<meta property=\"og:image\" content=\"https:\/\/ironsky.pl\/sklep\/wp-content\/uploads\/2025\/06\/19685_1.jpg\" \/>\n\t<meta property=\"og:image:width\" content=\"800\" \/>\n\t<meta property=\"og:image:height\" content=\"800\" \/>\n\t<meta property=\"og:image:type\" content=\"image\/jpeg\" \/>\n<meta name=\"twitter:card\" content=\"summary_large_image\" \/>\n<meta name=\"twitter:label1\" content=\"Szacowany czas czytania\" \/>\n\t<meta name=\"twitter:data1\" content=\"2 minuty\" \/>\n<script type=\"application\/ld+json\" class=\"yoast-schema-graph\">{\"@context\":\"https:\/\/schema.org\",\"@graph\":[{\"@type\":\"WebPage\",\"@id\":\"https:\/\/ironsky.pl\/sklep\/produkt\/latarka-czolowa-superfire-hl51-160lm-usb-2\/\",\"url\":\"https:\/\/ironsky.pl\/sklep\/produkt\/latarka-czolowa-superfire-hl51-160lm-usb-2\/\",\"name\":\"Latarka czo\u0142owa SUPERFIRE HL51 160lm USB - IRONSKY.PL Sklep z Dronami\",\"isPartOf\":{\"@id\":\"https:\/\/ironsky.pl\/sklep\/#website\"},\"primaryImageOfPage\":{\"@id\":\"https:\/\/ironsky.pl\/sklep\/produkt\/latarka-czolowa-superfire-hl51-160lm-usb-2\/#primaryimage\"},\"image\":{\"@id\":\"https:\/\/ironsky.pl\/sklep\/produkt\/latarka-czolowa-superfire-hl51-160lm-usb-2\/#primaryimage\"},\"thumbnailUrl\":\"https:\/\/ironsky.pl\/sklep\/wp-content\/uploads\/2025\/06\/19685_1.jpg\",\"datePublished\":\"2026-04-15T08:05:36+00:00\",\"dateModified\":\"2026-04-15T08:05:48+00:00\",\"description\":\"Latarka czo\u0142owa SUPERFIRE HL51 160lm USB - \u2705 sklep z dronami i fachowym doradztwem. \u2705 Tutaj kupisz produkty DJI, Yuneec, Parrot, Syma i wiele innych, a tak\u017ce kursy i licencje na operatora drona.\",\"breadcrumb\":{\"@id\":\"https:\/\/ironsky.pl\/sklep\/produkt\/latarka-czolowa-superfire-hl51-160lm-usb-2\/#breadcrumb\"},\"inLanguage\":\"pl-PL\",\"potentialAction\":[{\"@type\":\"ReadAction\",\"target\":[\"https:\/\/ironsky.pl\/sklep\/produkt\/latarka-czolowa-superfire-hl51-160lm-usb-2\/\"]}]},{\"@type\":\"ImageObject\",\"inLanguage\":\"pl-PL\",\"@id\":\"https:\/\/ironsky.pl\/sklep\/produkt\/latarka-czolowa-superfire-hl51-160lm-usb-2\/#primaryimage\",\"url\":\"https:\/\/ironsky.pl\/sklep\/wp-content\/uploads\/2025\/06\/19685_1.jpg\",\"contentUrl\":\"https:\/\/ironsky.pl\/sklep\/wp-content\/uploads\/2025\/06\/19685_1.jpg\",\"width\":800,\"height\":800},{\"@type\":\"BreadcrumbList\",\"@id\":\"https:\/\/ironsky.pl\/sklep\/produkt\/latarka-czolowa-superfire-hl51-160lm-usb-2\/#breadcrumb\",\"itemListElement\":[{\"@type\":\"ListItem\",\"position\":1,\"name\":\"Strona g\u0142\u00f3wna\",\"item\":\"https:\/\/ironsky.pl\/sklep\/\"},{\"@type\":\"ListItem\",\"position\":2,\"name\":\"Wszystkie produkty\",\"item\":\"https:\/\/ironsky.pl\/sklep\/produkty\/\"},{\"@type\":\"ListItem\",\"position\":3,\"name\":\"Latarka czo\u0142owa SUPERFIRE HL51 160lm USB\"}]},{\"@type\":\"WebSite\",\"@id\":\"https:\/\/ironsky.pl\/sklep\/#website\",\"url\":\"https:\/\/ironsky.pl\/sklep\/\",\"name\":\"IRONSKY.PL Sklep z Dronami\",\"description\":\"IRONSKY.PL Sklep z Dronami\",\"potentialAction\":[{\"@type\":\"SearchAction\",\"target\":{\"@type\":\"EntryPoint\",\"urlTemplate\":\"https:\/\/ironsky.pl\/sklep\/?s={search_term_string}\"},\"query-input\":{\"@type\":\"PropertyValueSpecification\",\"valueRequired\":true,\"valueName\":\"search_term_string\"}}],\"inLanguage\":\"pl-PL\"}]}<\/script>\n<!-- \/ Yoast SEO plugin. -->","yoast_head_json":{"title":"Latarka czo\u0142owa SUPERFIRE HL51 160lm USB - IRONSKY.PL Sklep z Dronami","description":"Latarka czo\u0142owa SUPERFIRE HL51 160lm USB - \u2705 sklep z dronami i fachowym doradztwem. \u2705 Tutaj kupisz produkty DJI, Yuneec, Parrot, Syma i wiele innych, a tak\u017ce kursy i licencje na operatora drona.","robots":{"index":"index","follow":"follow","max-snippet":"max-snippet:-1","max-image-preview":"max-image-preview:large","max-video-preview":"max-video-preview:-1"},"canonical":"https:\/\/ironsky.pl\/sklep\/produkt\/latarka-czolowa-superfire-hl51-160lm-usb-2\/","og_locale":"pl_PL","og_type":"article","og_title":"Latarka czo\u0142owa SUPERFIRE HL51 160lm USB - IRONSKY.PL Sklep z Dronami","og_description":"Latarka czo\u0142owa SUPERFIRE HL51 160lm USB - \u2705 sklep z dronami i fachowym doradztwem. \u2705 Tutaj kupisz produkty DJI, Yuneec, Parrot, Syma i wiele innych, a tak\u017ce kursy i licencje na operatora drona.","og_url":"https:\/\/ironsky.pl\/sklep\/produkt\/latarka-czolowa-superfire-hl51-160lm-usb-2\/","og_site_name":"IRONSKY.PL Sklep z Dronami","article_modified_time":"2026-04-15T08:05:48+00:00","og_image":[{"width":800,"height":800,"url":"https:\/\/ironsky.pl\/sklep\/wp-content\/uploads\/2025\/06\/19685_1.jpg","type":"image\/jpeg"}],"twitter_card":"summary_large_image","twitter_misc":{"Szacowany czas czytania":"2 minuty"},"schema":{"@context":"https:\/\/schema.org","@graph":[{"@type":"WebPage","@id":"https:\/\/ironsky.pl\/sklep\/produkt\/latarka-czolowa-superfire-hl51-160lm-usb-2\/","url":"https:\/\/ironsky.pl\/sklep\/produkt\/latarka-czolowa-superfire-hl51-160lm-usb-2\/","name":"Latarka czo\u0142owa SUPERFIRE HL51 160lm USB - IRONSKY.PL Sklep z Dronami","isPartOf":{"@id":"https:\/\/ironsky.pl\/sklep\/#website"},"primaryImageOfPage":{"@id":"https:\/\/ironsky.pl\/sklep\/produkt\/latarka-czolowa-superfire-hl51-160lm-usb-2\/#primaryimage"},"image":{"@id":"https:\/\/ironsky.pl\/sklep\/produkt\/latarka-czolowa-superfire-hl51-160lm-usb-2\/#primaryimage"},"thumbnailUrl":"https:\/\/ironsky.pl\/sklep\/wp-content\/uploads\/2025\/06\/19685_1.jpg","datePublished":"2026-04-15T08:05:36+00:00","dateModified":"2026-04-15T08:05:48+00:00","description":"Latarka czo\u0142owa SUPERFIRE HL51 160lm USB - \u2705 sklep z dronami i fachowym doradztwem. \u2705 Tutaj kupisz produkty DJI, Yuneec, Parrot, Syma i wiele innych, a tak\u017ce kursy i licencje na operatora drona.","breadcrumb":{"@id":"https:\/\/ironsky.pl\/sklep\/produkt\/latarka-czolowa-superfire-hl51-160lm-usb-2\/#breadcrumb"},"inLanguage":"pl-PL","potentialAction":[{"@type":"ReadAction","target":["https:\/\/ironsky.pl\/sklep\/produkt\/latarka-czolowa-superfire-hl51-160lm-usb-2\/"]}]},{"@type":"ImageObject","inLanguage":"pl-PL","@id":"https:\/\/ironsky.pl\/sklep\/produkt\/latarka-czolowa-superfire-hl51-160lm-usb-2\/#primaryimage","url":"https:\/\/ironsky.pl\/sklep\/wp-content\/uploads\/2025\/06\/19685_1.jpg","contentUrl":"https:\/\/ironsky.pl\/sklep\/wp-content\/uploads\/2025\/06\/19685_1.jpg","width":800,"height":800},{"@type":"BreadcrumbList","@id":"https:\/\/ironsky.pl\/sklep\/produkt\/latarka-czolowa-superfire-hl51-160lm-usb-2\/#breadcrumb","itemListElement":[{"@type":"ListItem","position":1,"name":"Strona g\u0142\u00f3wna","item":"https:\/\/ironsky.pl\/sklep\/"},{"@type":"ListItem","position":2,"name":"Wszystkie produkty","item":"https:\/\/ironsky.pl\/sklep\/produkty\/"},{"@type":"ListItem","position":3,"name":"Latarka czo\u0142owa SUPERFIRE HL51 160lm USB"}]},{"@type":"WebSite","@id":"https:\/\/ironsky.pl\/sklep\/#website","url":"https:\/\/ironsky.pl\/sklep\/","name":"IRONSKY.PL Sklep z Dronami","description":"IRONSKY.PL Sklep z Dronami","potentialAction":[{"@type":"SearchAction","target":{"@type":"EntryPoint","urlTemplate":"https:\/\/ironsky.pl\/sklep\/?s={search_term_string}"},"query-input":{"@type":"PropertyValueSpecification","valueRequired":true,"valueName":"search_term_string"}}],"inLanguage":"pl-PL"}]}},"_links":{"self":[{"href":"https:\/\/ironsky.pl\/sklep\/wp-json\/wp\/v2\/product\/55558","targetHints":{"allow":["GET"]}}],"collection":[{"href":"https:\/\/ironsky.pl\/sklep\/wp-json\/wp\/v2\/product"}],"about":[{"href":"https:\/\/ironsky.pl\/sklep\/wp-json\/wp\/v2\/types\/product"}],"replies":[{"embeddable":true,"href":"https:\/\/ironsky.pl\/sklep\/wp-json\/wp\/v2\/comments?post=55558"}],"wp:featuredmedia":[{"embeddable":true,"href":"https:\/\/ironsky.pl\/sklep\/wp-json\/wp\/v2\/media\/41242"}],"wp:attachment":[{"href":"https:\/\/ironsky.pl\/sklep\/wp-json\/wp\/v2\/media?parent=55558"}],"wp:term":[{"taxonomy":"product_brand","embeddable":true,"href":"https:\/\/ironsky.pl\/sklep\/wp-json\/wp\/v2\/product_brand?post=55558"},{"taxonomy":"product_cat","embeddable":true,"href":"https:\/\/ironsky.pl\/sklep\/wp-json\/wp\/v2\/product_cat?post=55558"},{"taxonomy":"product_tag","embeddable":true,"href":"https:\/\/ironsky.pl\/sklep\/wp-json\/wp\/v2\/product_tag?post=55558"}],"curies":[{"name":"wp","href":"https:\/\/api.w.org\/{rel}","templated":true}]}}