{"id":55557,"date":"2026-04-15T10:05:36","date_gmt":"2026-04-15T08:05:36","guid":{"rendered":"https:\/\/ironsky.pl\/sklep\/produkt\/latarka-superfire-x60-t-1500lm-usb-2\/"},"modified":"2026-04-15T10:05:47","modified_gmt":"2026-04-15T08:05:47","slug":"latarka-superfire-x60-t-1500lm-usb-2","status":"publish","type":"product","link":"https:\/\/ironsky.pl\/sklep\/produkt\/latarka-superfire-x60-t-1500lm-usb-2\/","title":{"rendered":"Latarka SUPERFIRE X60-T 1500lm USB"},"content":{"rendered":"<h3>Latarka Superfire X60-T<\/h3>\n<p>Por\u0119czna latarka Superfire X60-T mo\u017ce \u015bwieci\u0107 w zasi\u0119gu do nawet 300 m. Oferuje a\u017c 5 tryb\u00f3w dzia\u0142ania, dzi\u0119ki czemu z \u0142atwo\u015bci\u0105 dostosujesz j\u0105 do niemal ka\u017cdej sytuacji. Czas pracy 3-8 godzin oraz wodoodporno\u015b\u0107 IP34 sprawiaj\u0105, \u017ce zaskoczy Ci\u0119 niezawodnym dzia\u0142aniem. Umo\u017cliwia dok\u0142adne o\u015bwietlenie zar\u00f3wno obszar\u00f3w po\u0142o\u017conych dalej, jak i przedmiot\u00f3w czy miejsc znajduj\u0105cych si\u0119 blisko Ciebie.<\/p>\n<p><img decoding=\"async\" src=\"https:\/\/b2b.innpro.pl\/data\/include\/cms\/01Superfire\/X60-T\/1.jpg?v=1634894468285\"><\/p>\n<h3>\u015awieci ja\u015bniej i dalej<\/h3>\n<p>Latarka zosta\u0142a wyposa\u017cona w du\u017c\u0105 soczewk\u0119, kt\u00f3ra zapewnia jej udoskonalone dzia\u0142anie. Urz\u0105dzenie mo\u017ce \u015bwieci\u0107 z wysok\u0105 moc\u0105 i dok\u0142adnie tak\u0105 jasno\u015bci\u0105, na jakiej Ci zale\u017cy. Imponuje r\u00f3wnie\u017c ogromnym zasi\u0119giem, kt\u00f3ry wynosi nawet do 300 m. Dzi\u0119ki temu X60-T idealnie sprawdzi si\u0119 w wielu r\u00f3\u017cnych sytuacjach. Z \u0142atwo\u015bci\u0105 dostosujesz jej dzia\u0142anie do swoich potrzeb i sprawisz, \u017ce doskonale o\u015bwietli rzeczy zar\u00f3wno po\u0142o\u017cone daleko od Ciebie, jak i te, kt\u00f3re masz tu\u017c przy sobie.<\/p>\n<p><img decoding=\"async\" src=\"https:\/\/b2b.innpro.pl\/data\/include\/cms\/01Superfire\/X60-T\/2.jpg?v=1634894468285\"><\/p>\n<h3>5 tryb\u00f3w \u015bwiecenia<\/h3>\n<p>Wybierz jeden z dost\u0119pnych sposob\u00f3w \u015bwiecenia, aby optymalnie dopasowa\u0107 prac\u0119 latarki do aktualnej sytuacji. X60-T mo\u017ce emitowa\u0107 \u015bwiat\u0142o o wysokim lub \u015brednim nat\u0119\u017ceniu. Urz\u0105dzenie oferuje te\u017c tryb oszcz\u0119dzania energii oraz SOS. A je\u015bli znajdziesz si\u0119 w niebezpiecze\u0144stwie, z powodzeniem wykorzystasz latark\u0119 r\u00f3wnie\u017c do chwilowego o\u015blepienia napastnika, aby zyska\u0107 czas na obron\u0119, ucieczk\u0119 lub wezwanie pomocy.<\/p>\n<p><img decoding=\"async\" src=\"https:\/\/b2b.innpro.pl\/data\/include\/cms\/01Superfire\/X60-T\/3.jpg?v=1634894468285\"><\/p>\n<h3>Sprawdzi si\u0119 tak\u017ce w roli powerbanku<\/h3>\n<p>Urz\u0105dzenie ma 2 porty USB. Jeden z nich s\u0142u\u017cy do \u0142adowania latarki, natomiast z pomoc\u0105 drugiego \u0142atwo i wygodnie zmienisz j\u0105 w por\u0119cznego powerbanka. X60-T nie tylko zachwyci Ci\u0119 d\u0142ugim czasem pracy, ale te\u017c, w razie potrzeby, pozwoli na\u0142adowa\u0107 smartfona. Dodatkowym udogodnieniem jest praktyczny wska\u017anik, kt\u00f3ry dostarczy Ci niezb\u0119dnych informacji o stanie akumulatora.<\/p>\n<p><img decoding=\"async\" src=\"https:\/\/b2b.innpro.pl\/data\/include\/cms\/01Superfire\/X60-T\/4.jpg?v=1634894468285\"><\/p>\n<h3>Niestraszna jej woda<\/h3>\n<p>Stopie\u0144 ochrony IP34 oznacza, \u017ce mo\u017cesz bez obaw korzysta\u0107 z latarki niemal w ka\u017cdych warunkach. Urz\u0105dzenie zosta\u0142o wyposa\u017cone w wytrzyma\u0142\u0105 uszczelk\u0119, kt\u00f3ra zapobiega przedostawaniu si\u0119 wody do jego wn\u0119trza. Lekki deszcz, przypadkowe zachlapanie, a nawet gwa\u0142towna ulewa &#8211; z pomoc\u0105 Superfire X60-T znajdziesz drog\u0119 w ciemno\u015bci niezale\u017cnie od sytuacji.<\/p>\n<p><img decoding=\"async\" src=\"https:\/\/b2b.innpro.pl\/data\/include\/cms\/01Superfire\/X60-T\/5.jpg?v=1634894468285\"><\/p>\n<h3>Zawsze pod r\u0119k\u0105<\/h3>\n<p>Wymiary urz\u0105dzenia nie przekraczaj\u0105 15,8&#215;4,1 cm, a jego waga wynosi jedynie 190 g. Jest ono zatem wyj\u0105tkowo por\u0119czne &#8211; mo\u017cesz zawsze mie\u0107 je przy sobie, aby w razie potrzeby skorzysta\u0107 z niezawodnego \u017ar\u00f3d\u0142a \u015bwiat\u0142a. Jego transport u\u0142atwia specjalny klips, z pomoc\u0105 kt\u00f3rego przymocujesz X60-T do plecaka lub ubrania i uwolnisz r\u0119ce. Latarka jest przy tym zaskakuj\u0105co wytrzyma\u0142a &#8211; jej odporno\u015b\u0107 zwi\u0119ksza mi\u0119dzy innymi wykonana ze stopu aluminium nakr\u0119tka.<\/p>\n<p><img decoding=\"async\" src=\"https:\/\/b2b.innpro.pl\/data\/include\/cms\/01Superfire\/X60-T\/6.jpg?v=1634894468285\"><\/p>\n<div class=\"table-wrapper\">\n<table>\n<tbody>\n<tr>\n<th>Producent <\/th>\n<td>Superfire<\/td>\n<\/tr>\n<tr>\n<th>Model <\/th>\n<td>X60-T<\/td>\n<\/tr>\n<tr>\n<th>Zasi\u0119g <\/th>\n<td>do 300 m<\/td>\n<\/tr>\n<tr>\n<th>Pojemno\u015b\u0107 <\/th>\n<td>3400 mAh<\/td>\n<\/tr>\n<tr>\n<th>Waga <\/th>\n<td>190 g<\/td>\n<\/tr>\n<tr>\n<th>Wymiary <\/th>\n<td>158x41x34 mm<\/td>\n<\/tr>\n<tr>\n<th>Czas pracy <\/th>\n<td>do 3-8 h<\/td>\n<\/tr>\n<tr>\n<th>Stopie\u0144 ochrony <\/th>\n<td>IP34<\/td>\n<\/tr>\n<\/tbody>\n<\/table>\n<\/div>\n","protected":false},"excerpt":{"rendered":"<p>Latarka Superfire X60-T Por\u0119czna latarka Superfire X60-T mo\u017ce \u015bwieci\u0107 w zasi\u0119gu do nawet 300 m. Oferuje a\u017c 5 tryb\u00f3w dzia\u0142ania,<\/p>\n","protected":false},"featured_media":41238,"comment_status":"closed","ping_status":"open","template":"","meta":{"_acf_changed":false},"product_brand":[],"product_cat":[5938,5937,5939],"product_tag":[],"class_list":{"0":"post-55557","1":"product","2":"type-product","3":"status-publish","4":"has-post-thumbnail","6":"product_cat-latarki","7":"product_cat-outdoor","8":"product_cat-pozostale-latarki","9":"pa_okres-gwarancji-5754","10":"pa_producent-superfire","12":"first","13":"outofstock","14":"taxable","15":"shipping-taxable","16":"purchasable","17":"product-type-simple"},"acf":[],"yoast_head":"<!-- This site is optimized with the Yoast SEO plugin v27.2 - https:\/\/yoast.com\/product\/yoast-seo-wordpress\/ -->\n<title>Latarka SUPERFIRE X60-T 1500lm USB - IRONSKY.PL Sklep z Dronami<\/title>\n<meta name=\"description\" content=\"Latarka SUPERFIRE X60-T 1500lm USB - \u2705 sklep z dronami i fachowym doradztwem. \u2705 Tutaj kupisz produkty DJI, Yuneec, Parrot, Syma i wiele innych, a tak\u017ce kursy i licencje na operatora drona.\" \/>\n<meta name=\"robots\" content=\"index, follow, max-snippet:-1, max-image-preview:large, max-video-preview:-1\" \/>\n<link rel=\"canonical\" href=\"https:\/\/ironsky.pl\/sklep\/produkt\/latarka-superfire-x60-t-1500lm-usb-2\/\" \/>\n<meta property=\"og:locale\" content=\"pl_PL\" \/>\n<meta property=\"og:type\" content=\"article\" \/>\n<meta property=\"og:title\" content=\"Latarka SUPERFIRE X60-T 1500lm USB - IRONSKY.PL Sklep z Dronami\" \/>\n<meta property=\"og:description\" content=\"Latarka SUPERFIRE X60-T 1500lm USB - \u2705 sklep z dronami i fachowym doradztwem. \u2705 Tutaj kupisz produkty DJI, Yuneec, Parrot, Syma i wiele innych, a tak\u017ce kursy i licencje na operatora drona.\" \/>\n<meta property=\"og:url\" content=\"https:\/\/ironsky.pl\/sklep\/produkt\/latarka-superfire-x60-t-1500lm-usb-2\/\" \/>\n<meta property=\"og:site_name\" content=\"IRONSKY.PL Sklep z Dronami\" \/>\n<meta property=\"article:modified_time\" content=\"2026-04-15T08:05:47+00:00\" \/>\n<meta property=\"og:image\" content=\"https:\/\/ironsky.pl\/sklep\/wp-content\/uploads\/2025\/06\/19684_3.jpg\" \/>\n\t<meta property=\"og:image:width\" content=\"800\" \/>\n\t<meta property=\"og:image:height\" content=\"800\" \/>\n\t<meta property=\"og:image:type\" content=\"image\/jpeg\" \/>\n<meta name=\"twitter:card\" content=\"summary_large_image\" \/>\n<meta name=\"twitter:label1\" content=\"Szacowany czas czytania\" \/>\n\t<meta name=\"twitter:data1\" content=\"2 minuty\" \/>\n<script type=\"application\/ld+json\" class=\"yoast-schema-graph\">{\"@context\":\"https:\/\/schema.org\",\"@graph\":[{\"@type\":\"WebPage\",\"@id\":\"https:\/\/ironsky.pl\/sklep\/produkt\/latarka-superfire-x60-t-1500lm-usb-2\/\",\"url\":\"https:\/\/ironsky.pl\/sklep\/produkt\/latarka-superfire-x60-t-1500lm-usb-2\/\",\"name\":\"Latarka SUPERFIRE X60-T 1500lm USB - IRONSKY.PL Sklep z Dronami\",\"isPartOf\":{\"@id\":\"https:\/\/ironsky.pl\/sklep\/#website\"},\"primaryImageOfPage\":{\"@id\":\"https:\/\/ironsky.pl\/sklep\/produkt\/latarka-superfire-x60-t-1500lm-usb-2\/#primaryimage\"},\"image\":{\"@id\":\"https:\/\/ironsky.pl\/sklep\/produkt\/latarka-superfire-x60-t-1500lm-usb-2\/#primaryimage\"},\"thumbnailUrl\":\"https:\/\/ironsky.pl\/sklep\/wp-content\/uploads\/2025\/06\/19684_3.jpg\",\"datePublished\":\"2026-04-15T08:05:36+00:00\",\"dateModified\":\"2026-04-15T08:05:47+00:00\",\"description\":\"Latarka SUPERFIRE X60-T 1500lm USB - \u2705 sklep z dronami i fachowym doradztwem. \u2705 Tutaj kupisz produkty DJI, Yuneec, Parrot, Syma i wiele innych, a tak\u017ce kursy i licencje na operatora drona.\",\"breadcrumb\":{\"@id\":\"https:\/\/ironsky.pl\/sklep\/produkt\/latarka-superfire-x60-t-1500lm-usb-2\/#breadcrumb\"},\"inLanguage\":\"pl-PL\",\"potentialAction\":[{\"@type\":\"ReadAction\",\"target\":[\"https:\/\/ironsky.pl\/sklep\/produkt\/latarka-superfire-x60-t-1500lm-usb-2\/\"]}]},{\"@type\":\"ImageObject\",\"inLanguage\":\"pl-PL\",\"@id\":\"https:\/\/ironsky.pl\/sklep\/produkt\/latarka-superfire-x60-t-1500lm-usb-2\/#primaryimage\",\"url\":\"https:\/\/ironsky.pl\/sklep\/wp-content\/uploads\/2025\/06\/19684_3.jpg\",\"contentUrl\":\"https:\/\/ironsky.pl\/sklep\/wp-content\/uploads\/2025\/06\/19684_3.jpg\",\"width\":800,\"height\":800},{\"@type\":\"BreadcrumbList\",\"@id\":\"https:\/\/ironsky.pl\/sklep\/produkt\/latarka-superfire-x60-t-1500lm-usb-2\/#breadcrumb\",\"itemListElement\":[{\"@type\":\"ListItem\",\"position\":1,\"name\":\"Strona g\u0142\u00f3wna\",\"item\":\"https:\/\/ironsky.pl\/sklep\/\"},{\"@type\":\"ListItem\",\"position\":2,\"name\":\"Wszystkie produkty\",\"item\":\"https:\/\/ironsky.pl\/sklep\/produkty\/\"},{\"@type\":\"ListItem\",\"position\":3,\"name\":\"Latarka SUPERFIRE X60-T 1500lm USB\"}]},{\"@type\":\"WebSite\",\"@id\":\"https:\/\/ironsky.pl\/sklep\/#website\",\"url\":\"https:\/\/ironsky.pl\/sklep\/\",\"name\":\"IRONSKY.PL Sklep z Dronami\",\"description\":\"IRONSKY.PL Sklep z Dronami\",\"potentialAction\":[{\"@type\":\"SearchAction\",\"target\":{\"@type\":\"EntryPoint\",\"urlTemplate\":\"https:\/\/ironsky.pl\/sklep\/?s={search_term_string}\"},\"query-input\":{\"@type\":\"PropertyValueSpecification\",\"valueRequired\":true,\"valueName\":\"search_term_string\"}}],\"inLanguage\":\"pl-PL\"}]}<\/script>\n<!-- \/ Yoast SEO plugin. -->","yoast_head_json":{"title":"Latarka SUPERFIRE X60-T 1500lm USB - IRONSKY.PL Sklep z Dronami","description":"Latarka SUPERFIRE X60-T 1500lm USB - \u2705 sklep z dronami i fachowym doradztwem. \u2705 Tutaj kupisz produkty DJI, Yuneec, Parrot, Syma i wiele innych, a tak\u017ce kursy i licencje na operatora drona.","robots":{"index":"index","follow":"follow","max-snippet":"max-snippet:-1","max-image-preview":"max-image-preview:large","max-video-preview":"max-video-preview:-1"},"canonical":"https:\/\/ironsky.pl\/sklep\/produkt\/latarka-superfire-x60-t-1500lm-usb-2\/","og_locale":"pl_PL","og_type":"article","og_title":"Latarka SUPERFIRE X60-T 1500lm USB - IRONSKY.PL Sklep z Dronami","og_description":"Latarka SUPERFIRE X60-T 1500lm USB - \u2705 sklep z dronami i fachowym doradztwem. \u2705 Tutaj kupisz produkty DJI, Yuneec, Parrot, Syma i wiele innych, a tak\u017ce kursy i licencje na operatora drona.","og_url":"https:\/\/ironsky.pl\/sklep\/produkt\/latarka-superfire-x60-t-1500lm-usb-2\/","og_site_name":"IRONSKY.PL Sklep z Dronami","article_modified_time":"2026-04-15T08:05:47+00:00","og_image":[{"width":800,"height":800,"url":"https:\/\/ironsky.pl\/sklep\/wp-content\/uploads\/2025\/06\/19684_3.jpg","type":"image\/jpeg"}],"twitter_card":"summary_large_image","twitter_misc":{"Szacowany czas czytania":"2 minuty"},"schema":{"@context":"https:\/\/schema.org","@graph":[{"@type":"WebPage","@id":"https:\/\/ironsky.pl\/sklep\/produkt\/latarka-superfire-x60-t-1500lm-usb-2\/","url":"https:\/\/ironsky.pl\/sklep\/produkt\/latarka-superfire-x60-t-1500lm-usb-2\/","name":"Latarka SUPERFIRE X60-T 1500lm USB - IRONSKY.PL Sklep z Dronami","isPartOf":{"@id":"https:\/\/ironsky.pl\/sklep\/#website"},"primaryImageOfPage":{"@id":"https:\/\/ironsky.pl\/sklep\/produkt\/latarka-superfire-x60-t-1500lm-usb-2\/#primaryimage"},"image":{"@id":"https:\/\/ironsky.pl\/sklep\/produkt\/latarka-superfire-x60-t-1500lm-usb-2\/#primaryimage"},"thumbnailUrl":"https:\/\/ironsky.pl\/sklep\/wp-content\/uploads\/2025\/06\/19684_3.jpg","datePublished":"2026-04-15T08:05:36+00:00","dateModified":"2026-04-15T08:05:47+00:00","description":"Latarka SUPERFIRE X60-T 1500lm USB - \u2705 sklep z dronami i fachowym doradztwem. \u2705 Tutaj kupisz produkty DJI, Yuneec, Parrot, Syma i wiele innych, a tak\u017ce kursy i licencje na operatora drona.","breadcrumb":{"@id":"https:\/\/ironsky.pl\/sklep\/produkt\/latarka-superfire-x60-t-1500lm-usb-2\/#breadcrumb"},"inLanguage":"pl-PL","potentialAction":[{"@type":"ReadAction","target":["https:\/\/ironsky.pl\/sklep\/produkt\/latarka-superfire-x60-t-1500lm-usb-2\/"]}]},{"@type":"ImageObject","inLanguage":"pl-PL","@id":"https:\/\/ironsky.pl\/sklep\/produkt\/latarka-superfire-x60-t-1500lm-usb-2\/#primaryimage","url":"https:\/\/ironsky.pl\/sklep\/wp-content\/uploads\/2025\/06\/19684_3.jpg","contentUrl":"https:\/\/ironsky.pl\/sklep\/wp-content\/uploads\/2025\/06\/19684_3.jpg","width":800,"height":800},{"@type":"BreadcrumbList","@id":"https:\/\/ironsky.pl\/sklep\/produkt\/latarka-superfire-x60-t-1500lm-usb-2\/#breadcrumb","itemListElement":[{"@type":"ListItem","position":1,"name":"Strona g\u0142\u00f3wna","item":"https:\/\/ironsky.pl\/sklep\/"},{"@type":"ListItem","position":2,"name":"Wszystkie produkty","item":"https:\/\/ironsky.pl\/sklep\/produkty\/"},{"@type":"ListItem","position":3,"name":"Latarka SUPERFIRE X60-T 1500lm USB"}]},{"@type":"WebSite","@id":"https:\/\/ironsky.pl\/sklep\/#website","url":"https:\/\/ironsky.pl\/sklep\/","name":"IRONSKY.PL Sklep z Dronami","description":"IRONSKY.PL Sklep z Dronami","potentialAction":[{"@type":"SearchAction","target":{"@type":"EntryPoint","urlTemplate":"https:\/\/ironsky.pl\/sklep\/?s={search_term_string}"},"query-input":{"@type":"PropertyValueSpecification","valueRequired":true,"valueName":"search_term_string"}}],"inLanguage":"pl-PL"}]}},"_links":{"self":[{"href":"https:\/\/ironsky.pl\/sklep\/wp-json\/wp\/v2\/product\/55557","targetHints":{"allow":["GET"]}}],"collection":[{"href":"https:\/\/ironsky.pl\/sklep\/wp-json\/wp\/v2\/product"}],"about":[{"href":"https:\/\/ironsky.pl\/sklep\/wp-json\/wp\/v2\/types\/product"}],"replies":[{"embeddable":true,"href":"https:\/\/ironsky.pl\/sklep\/wp-json\/wp\/v2\/comments?post=55557"}],"wp:featuredmedia":[{"embeddable":true,"href":"https:\/\/ironsky.pl\/sklep\/wp-json\/wp\/v2\/media\/41238"}],"wp:attachment":[{"href":"https:\/\/ironsky.pl\/sklep\/wp-json\/wp\/v2\/media?parent=55557"}],"wp:term":[{"taxonomy":"product_brand","embeddable":true,"href":"https:\/\/ironsky.pl\/sklep\/wp-json\/wp\/v2\/product_brand?post=55557"},{"taxonomy":"product_cat","embeddable":true,"href":"https:\/\/ironsky.pl\/sklep\/wp-json\/wp\/v2\/product_cat?post=55557"},{"taxonomy":"product_tag","embeddable":true,"href":"https:\/\/ironsky.pl\/sklep\/wp-json\/wp\/v2\/product_tag?post=55557"}],"curies":[{"name":"wp","href":"https:\/\/api.w.org\/{rel}","templated":true}]}}