{"id":55555,"date":"2026-04-15T10:05:36","date_gmt":"2026-04-15T08:05:36","guid":{"rendered":"https:\/\/ironsky.pl\/sklep\/produkt\/latarka-superfire-g20-470lm-usb\/"},"modified":"2026-04-15T10:05:45","modified_gmt":"2026-04-15T08:05:45","slug":"latarka-superfire-g20-470lm-usb","status":"publish","type":"product","link":"https:\/\/ironsky.pl\/sklep\/produkt\/latarka-superfire-g20-470lm-usb\/","title":{"rendered":"Latarka SUPERFIRE G20 470lm USB"},"content":{"rendered":"<h3>Latarka Superfire G20<\/h3>\n<p>Latarka Superfire G20 mimo niewielkich rozmiar\u00f3w zaskakuje du\u017cymi mo\u017cliwo\u015bciami. Opr\u00f3cz zwyk\u0142ego o\u015bwietlenia oferuje r\u00f3wnie\u017c czerwony laser, a dzi\u0119ki wodoodporno\u015bci IP44 bez obaw zastosujesz j\u0105 niemal w ka\u017cdych warunkach. Urz\u0105dzenie mo\u017ce pracowa\u0107 nawet 3-6 godzin po jednym \u0142adowaniu, a je\u015bli zajdzie taka potrzeba, wykorzystasz je r\u00f3wnie\u017c jako praktyczny powerbank. U\u017cywanie latarki u\u0142atwiaj\u0105 praktyczne elementy, takie jak specjalny klips, hak oraz magnetyczna baza.<\/p>\n<p><img decoding=\"async\" src=\"https:\/\/b2b.innpro.pl\/data\/include\/cms\/Klaudia-Palenga\/supfire\/g20\/1.jpg\"><\/p>\n<h3>2 \u017ar\u00f3d\u0142a \u015bwiat\u0142a w 1 urz\u0105dzeniu<\/h3>\n<p>Latarka emituje \u015bwiat\u0142o zar\u00f3wno z g\u00f3ry, jak i z boku. Jego nat\u0119\u017cenie mo\u017cesz swobodnie dostosowa\u0107 do swoich oczekiwa\u0144. Co wi\u0119cej, boczne o\u015bwietlenie charakteryzuje si\u0119 wysokim wsp\u00f3\u0142czynnikiem oddawania barw (CRI), kt\u00f3ry wynosi w tym wypadku a\u017c 90+. Dzi\u0119ki temu nie tylko wyra\u017anie wszystko zobaczysz, ale te\u017c b\u0119dziesz cieszy\u0107 si\u0119 prawdziwym bogactwem kolor\u00f3w.<\/p>\n<p><img decoding=\"async\" src=\"https:\/\/b2b.innpro.pl\/data\/include\/cms\/01Superfire\/G20\/1.jpg\"><\/p>\n<h3>Pomocna r\u00f3wnie\u017c podczas wyst\u0105pie\u0144<\/h3>\n<p>Latarka zosta\u0142a r\u00f3wnie\u017c wyposa\u017cona w czerwony laser. Z powodzeniem zastosujesz j\u0105 wi\u0119c nie tylko jako \u017ar\u00f3d\u0142o o\u015bwietlenia, ale te\u017c jako praktyczny wska\u017anik. Prowadzisz wyk\u0142ady, szkolenia czy prezentacje? Takie por\u0119czne akcesorium z pewno\u015bci\u0105 Ci si\u0119 przyda &#8211; z jego pomoc\u0105 uatrakcyjnisz ka\u017cde wyst\u0105pienie i wska\u017cesz s\u0142uchaczom wszystko, na co powinni zwr\u00f3ci\u0107 uwag\u0119.<\/p>\n<p><img decoding=\"async\" src=\"https:\/\/b2b.innpro.pl\/data\/include\/cms\/01Superfire\/G20\/2.jpg\"><\/p>\n<h3>2 intuicyjne przyciski<\/h3>\n<p>Latarka ma tylko 2 przyciski, dzi\u0119ki kt\u00f3rym jej obs\u0142uga jest bajecznie prosta. Z pomoc\u0105 tego, kt\u00f3ry jest umieszczony wy\u017cej, wygodnie w\u0142\u0105czysz wska\u017anik laserowy. Ten, kt\u00f3ry znajduje si\u0119 ni\u017cej, s\u0142u\u017cy do w\u0142\u0105czania zwyk\u0142ego \u015bwiat\u0142a. Naciskaj\u0105c go, mo\u017cesz te\u017c szybko dostosowa\u0107 jasno\u015b\u0107 o\u015bwietlenia. Tylko tyle trzeba, aby skorzysta\u0107 z wyj\u0105tkowych mo\u017cliwo\u015bci Superfire G20!<\/p>\n<p><img decoding=\"async\" src=\"https:\/\/b2b.innpro.pl\/data\/include\/cms\/01Superfire\/G20\/3.jpg\"><\/p>\n<h3>Sprawdzi si\u0119 r\u00f3wnie\u017c jako awaryjny powerbank<\/h3>\n<p>Litowy akumulator latarki na\u0142adujesz z pomoc\u0105 kabla USB. Po jednym \u0142adowaniu urz\u0105dzenie mo\u017ce dzia\u0142a\u0107 od 3 do 6 godzin. To nie wszystko! Superfire G20 zapewnia nie tylko o\u015bwietlenie &#8211; doskonale sprawdzi si\u0119 r\u00f3wnie\u017c w roli powerbanku. Ju\u017c nie musisz si\u0119 obawia\u0107, \u017ce Tw\u00f3j smartfon odm\u00f3wi Ci pos\u0142usze\u0144stwa w najmniej odpowiednim momencie &#8211; z pomoc\u0105 latarki wygodnie go na\u0142adujesz.<\/p>\n<p><img decoding=\"async\" src=\"https:\/\/b2b.innpro.pl\/data\/include\/cms\/01Superfire\/G20\/4.jpg\"><\/p>\n<h3>Niezawodna nawet w czasie deszczu<\/h3>\n<p>Stopie\u0144 ochrony IP44 oznacza, \u017ce mo\u017cesz u\u017cywa\u0107 G20 r\u00f3wnie\u017c w wyj\u0105tkowo niesprzyjaj\u0105cych warunkach. Niestraszne jej ulewy czy zachlapanie. Bez obaw wykorzystasz j\u0105 niemal w ka\u017cdej sytuacji. Zmienna pogoda lub szczeg\u00f3lnie wymagaj\u0105cy teren &#8211; ta funkcjonalna latarka Superfire zapewni Ci o\u015bwietlenie, jakiego potrzebujesz i z pewno\u015bci\u0105 Ci\u0119 nie zawiedzie.<\/p>\n<p><img decoding=\"async\" src=\"https:\/\/b2b.innpro.pl\/data\/include\/cms\/01Superfire\/G20\/5.jpg\"><\/p>\n<h3>Praktyczne elementy konstrukcji<\/h3>\n<p>Projektuj\u0105c latark\u0119, zadbano te\u017c o wyposa\u017cenie jej w szereg praktycznych udogodnie\u0144. W bazie G20 znajduje si\u0119 silny magnes, kt\u00f3ry umo\u017cliwia stabilne przymocowanie urz\u0105dzenia do wybranej, metalowej powierzchni. W ten spos\u00f3b wygodnie o\u015bwietlisz sobie na przyk\u0142ad wn\u0119trze samochodu. Latarka ma te\u017c specjalny klips, z pomoc\u0105 kt\u00f3rego przyczepisz j\u0105 do ubrania lub plecaka i uwolnisz r\u0119ce. Ponadto praktyczny hak pozwala zawiesi\u0107 Superfire G20 w dowolnym miejscu.<\/p>\n<p><img decoding=\"async\" src=\"https:\/\/b2b.innpro.pl\/data\/include\/cms\/01Superfire\/G20\/6.jpg\"><\/p>\n<h3>Niezr\u00f3wnany komfort u\u017cytkowania<\/h3>\n<p>Wykonana ze stopu aluminium obudowa urz\u0105dzenia charakteryzuje si\u0119 niezwyk\u0142\u0105 wytrzyma\u0142o\u015bci\u0105 i odporno\u015bci\u0105 na zu\u017cycie. Zaskakuje te\u017c przyjemn\u0105 w dotyku tekstur\u0105, dzi\u0119ki kt\u00f3rej G20 doskonale le\u017cy w d\u0142oni i si\u0119 z niej nie wy\u015blizguje. Komfort u\u017cytkowania latarki gwarantuje tak\u017ce jej niewielka waga 220 g, kompaktowy rozmiar oraz nieco sp\u0142aszczony kszta\u0142t. Wszystko to sprawia, \u017ce urz\u0105dzenie zachwyca por\u0119czno\u015bci\u0105 &#8211; mo\u017cesz mie\u0107 je zawsze przy sobie.<\/p>\n<p><img decoding=\"async\" src=\"https:\/\/b2b.innpro.pl\/data\/include\/cms\/Klaudia-Palenga\/supfire\/g20\/2.jpg\"><\/p>\n<div class=\"table-wrapper\">\n<table>\n<tbody>\n<tr>\n<th>Producent<\/th>\n<td>Superfire<\/td>\n<\/tr>\n<tr>\n<th>Model<\/th>\n<td>G20<\/td>\n<\/tr>\n<tr>\n<th>\u0179r\u00f3d\u0142o \u015bwiat\u0142a<\/th>\n<td>LED<\/td>\n<\/tr>\n<tr>\n<th>Moc znamionowa<\/th>\n<td>5W<\/td>\n<\/tr>\n<tr>\n<th>CRI<\/th>\n<td>90+ (lampa boczna)<\/td>\n<\/tr>\n<tr>\n<th>Jasno\u015b\u0107<\/th>\n<td>do 470 lm<\/td>\n<\/tr>\n<tr>\n<th>Czas pracy<\/th>\n<td>3-6 h<\/td>\n<\/tr>\n<tr>\n<th>Odporno\u015b\u0107 na upadek<\/th>\n<td>do 1 m<\/td>\n<\/tr>\n<tr>\n<th>Stopie\u0144 ochrony<\/th>\n<td>IP44<\/td>\n<\/tr>\n<tr>\n<th>Wymiary<\/th>\n<td>39x25x130 mm<\/td>\n<\/tr>\n<tr>\n<th>Waga<\/th>\n<td>220 g<\/td>\n<\/tr>\n<tr>\n<th>Materia\u0142<\/th>\n<td>Stop aluminium<\/td>\n<\/tr>\n<\/tbody>\n<\/table>\n<\/div>\n","protected":false},"excerpt":{"rendered":"<p>Latarka Superfire G20 Latarka Superfire G20 mimo niewielkich rozmiar\u00f3w zaskakuje du\u017cymi mo\u017cliwo\u015bciami. Opr\u00f3cz zwyk\u0142ego o\u015bwietlenia oferuje r\u00f3wnie\u017c czerwony laser, a<\/p>\n","protected":false},"featured_media":41232,"comment_status":"closed","ping_status":"open","template":"","meta":{"_acf_changed":false},"product_brand":[],"product_cat":[5938,5937,5939],"product_tag":[],"class_list":{"0":"post-55555","1":"product","2":"type-product","3":"status-publish","4":"has-post-thumbnail","6":"product_cat-latarki","7":"product_cat-outdoor","8":"product_cat-pozostale-latarki","9":"pa_okres-gwarancji-5754","10":"pa_producent-superfire","12":"first","13":"outofstock","14":"taxable","15":"shipping-taxable","16":"purchasable","17":"product-type-simple"},"acf":[],"yoast_head":"<!-- This site is optimized with the Yoast SEO plugin v27.2 - https:\/\/yoast.com\/product\/yoast-seo-wordpress\/ -->\n<title>Latarka SUPERFIRE G20 470lm USB - IRONSKY.PL Sklep z Dronami<\/title>\n<meta name=\"description\" content=\"Latarka SUPERFIRE G20 470lm USB - \u2705 sklep z dronami i fachowym doradztwem. \u2705 Tutaj kupisz produkty DJI, Yuneec, Parrot, Syma i wiele innych, a tak\u017ce kursy i licencje na operatora drona.\" \/>\n<meta name=\"robots\" content=\"index, follow, max-snippet:-1, max-image-preview:large, max-video-preview:-1\" \/>\n<link rel=\"canonical\" href=\"https:\/\/ironsky.pl\/sklep\/produkt\/latarka-superfire-g20-470lm-usb\/\" \/>\n<meta property=\"og:locale\" content=\"pl_PL\" \/>\n<meta property=\"og:type\" content=\"article\" \/>\n<meta property=\"og:title\" content=\"Latarka SUPERFIRE G20 470lm USB - IRONSKY.PL Sklep z Dronami\" \/>\n<meta property=\"og:description\" content=\"Latarka SUPERFIRE G20 470lm USB - \u2705 sklep z dronami i fachowym doradztwem. \u2705 Tutaj kupisz produkty DJI, Yuneec, Parrot, Syma i wiele innych, a tak\u017ce kursy i licencje na operatora drona.\" \/>\n<meta property=\"og:url\" content=\"https:\/\/ironsky.pl\/sklep\/produkt\/latarka-superfire-g20-470lm-usb\/\" \/>\n<meta property=\"og:site_name\" content=\"IRONSKY.PL Sklep z Dronami\" \/>\n<meta property=\"article:modified_time\" content=\"2026-04-15T08:05:45+00:00\" \/>\n<meta property=\"og:image\" content=\"https:\/\/ironsky.pl\/sklep\/wp-content\/uploads\/2025\/06\/19681_1.jpg\" \/>\n\t<meta property=\"og:image:width\" content=\"800\" \/>\n\t<meta property=\"og:image:height\" content=\"800\" \/>\n\t<meta property=\"og:image:type\" content=\"image\/jpeg\" \/>\n<meta name=\"twitter:card\" content=\"summary_large_image\" \/>\n<meta name=\"twitter:label1\" content=\"Szacowany czas czytania\" \/>\n\t<meta name=\"twitter:data1\" content=\"3 minuty\" \/>\n<script type=\"application\/ld+json\" class=\"yoast-schema-graph\">{\"@context\":\"https:\/\/schema.org\",\"@graph\":[{\"@type\":\"WebPage\",\"@id\":\"https:\/\/ironsky.pl\/sklep\/produkt\/latarka-superfire-g20-470lm-usb\/\",\"url\":\"https:\/\/ironsky.pl\/sklep\/produkt\/latarka-superfire-g20-470lm-usb\/\",\"name\":\"Latarka SUPERFIRE G20 470lm USB - IRONSKY.PL Sklep z Dronami\",\"isPartOf\":{\"@id\":\"https:\/\/ironsky.pl\/sklep\/#website\"},\"primaryImageOfPage\":{\"@id\":\"https:\/\/ironsky.pl\/sklep\/produkt\/latarka-superfire-g20-470lm-usb\/#primaryimage\"},\"image\":{\"@id\":\"https:\/\/ironsky.pl\/sklep\/produkt\/latarka-superfire-g20-470lm-usb\/#primaryimage\"},\"thumbnailUrl\":\"https:\/\/ironsky.pl\/sklep\/wp-content\/uploads\/2025\/06\/19681_1.jpg\",\"datePublished\":\"2026-04-15T08:05:36+00:00\",\"dateModified\":\"2026-04-15T08:05:45+00:00\",\"description\":\"Latarka SUPERFIRE G20 470lm USB - \u2705 sklep z dronami i fachowym doradztwem. \u2705 Tutaj kupisz produkty DJI, Yuneec, Parrot, Syma i wiele innych, a tak\u017ce kursy i licencje na operatora drona.\",\"breadcrumb\":{\"@id\":\"https:\/\/ironsky.pl\/sklep\/produkt\/latarka-superfire-g20-470lm-usb\/#breadcrumb\"},\"inLanguage\":\"pl-PL\",\"potentialAction\":[{\"@type\":\"ReadAction\",\"target\":[\"https:\/\/ironsky.pl\/sklep\/produkt\/latarka-superfire-g20-470lm-usb\/\"]}]},{\"@type\":\"ImageObject\",\"inLanguage\":\"pl-PL\",\"@id\":\"https:\/\/ironsky.pl\/sklep\/produkt\/latarka-superfire-g20-470lm-usb\/#primaryimage\",\"url\":\"https:\/\/ironsky.pl\/sklep\/wp-content\/uploads\/2025\/06\/19681_1.jpg\",\"contentUrl\":\"https:\/\/ironsky.pl\/sklep\/wp-content\/uploads\/2025\/06\/19681_1.jpg\",\"width\":800,\"height\":800},{\"@type\":\"BreadcrumbList\",\"@id\":\"https:\/\/ironsky.pl\/sklep\/produkt\/latarka-superfire-g20-470lm-usb\/#breadcrumb\",\"itemListElement\":[{\"@type\":\"ListItem\",\"position\":1,\"name\":\"Strona g\u0142\u00f3wna\",\"item\":\"https:\/\/ironsky.pl\/sklep\/\"},{\"@type\":\"ListItem\",\"position\":2,\"name\":\"Wszystkie produkty\",\"item\":\"https:\/\/ironsky.pl\/sklep\/produkty\/\"},{\"@type\":\"ListItem\",\"position\":3,\"name\":\"Latarka SUPERFIRE G20 470lm USB\"}]},{\"@type\":\"WebSite\",\"@id\":\"https:\/\/ironsky.pl\/sklep\/#website\",\"url\":\"https:\/\/ironsky.pl\/sklep\/\",\"name\":\"IRONSKY.PL Sklep z Dronami\",\"description\":\"IRONSKY.PL Sklep z Dronami\",\"potentialAction\":[{\"@type\":\"SearchAction\",\"target\":{\"@type\":\"EntryPoint\",\"urlTemplate\":\"https:\/\/ironsky.pl\/sklep\/?s={search_term_string}\"},\"query-input\":{\"@type\":\"PropertyValueSpecification\",\"valueRequired\":true,\"valueName\":\"search_term_string\"}}],\"inLanguage\":\"pl-PL\"}]}<\/script>\n<!-- \/ Yoast SEO plugin. -->","yoast_head_json":{"title":"Latarka SUPERFIRE G20 470lm USB - IRONSKY.PL Sklep z Dronami","description":"Latarka SUPERFIRE G20 470lm USB - \u2705 sklep z dronami i fachowym doradztwem. \u2705 Tutaj kupisz produkty DJI, Yuneec, Parrot, Syma i wiele innych, a tak\u017ce kursy i licencje na operatora drona.","robots":{"index":"index","follow":"follow","max-snippet":"max-snippet:-1","max-image-preview":"max-image-preview:large","max-video-preview":"max-video-preview:-1"},"canonical":"https:\/\/ironsky.pl\/sklep\/produkt\/latarka-superfire-g20-470lm-usb\/","og_locale":"pl_PL","og_type":"article","og_title":"Latarka SUPERFIRE G20 470lm USB - IRONSKY.PL Sklep z Dronami","og_description":"Latarka SUPERFIRE G20 470lm USB - \u2705 sklep z dronami i fachowym doradztwem. \u2705 Tutaj kupisz produkty DJI, Yuneec, Parrot, Syma i wiele innych, a tak\u017ce kursy i licencje na operatora drona.","og_url":"https:\/\/ironsky.pl\/sklep\/produkt\/latarka-superfire-g20-470lm-usb\/","og_site_name":"IRONSKY.PL Sklep z Dronami","article_modified_time":"2026-04-15T08:05:45+00:00","og_image":[{"width":800,"height":800,"url":"https:\/\/ironsky.pl\/sklep\/wp-content\/uploads\/2025\/06\/19681_1.jpg","type":"image\/jpeg"}],"twitter_card":"summary_large_image","twitter_misc":{"Szacowany czas czytania":"3 minuty"},"schema":{"@context":"https:\/\/schema.org","@graph":[{"@type":"WebPage","@id":"https:\/\/ironsky.pl\/sklep\/produkt\/latarka-superfire-g20-470lm-usb\/","url":"https:\/\/ironsky.pl\/sklep\/produkt\/latarka-superfire-g20-470lm-usb\/","name":"Latarka SUPERFIRE G20 470lm USB - IRONSKY.PL Sklep z Dronami","isPartOf":{"@id":"https:\/\/ironsky.pl\/sklep\/#website"},"primaryImageOfPage":{"@id":"https:\/\/ironsky.pl\/sklep\/produkt\/latarka-superfire-g20-470lm-usb\/#primaryimage"},"image":{"@id":"https:\/\/ironsky.pl\/sklep\/produkt\/latarka-superfire-g20-470lm-usb\/#primaryimage"},"thumbnailUrl":"https:\/\/ironsky.pl\/sklep\/wp-content\/uploads\/2025\/06\/19681_1.jpg","datePublished":"2026-04-15T08:05:36+00:00","dateModified":"2026-04-15T08:05:45+00:00","description":"Latarka SUPERFIRE G20 470lm USB - \u2705 sklep z dronami i fachowym doradztwem. \u2705 Tutaj kupisz produkty DJI, Yuneec, Parrot, Syma i wiele innych, a tak\u017ce kursy i licencje na operatora drona.","breadcrumb":{"@id":"https:\/\/ironsky.pl\/sklep\/produkt\/latarka-superfire-g20-470lm-usb\/#breadcrumb"},"inLanguage":"pl-PL","potentialAction":[{"@type":"ReadAction","target":["https:\/\/ironsky.pl\/sklep\/produkt\/latarka-superfire-g20-470lm-usb\/"]}]},{"@type":"ImageObject","inLanguage":"pl-PL","@id":"https:\/\/ironsky.pl\/sklep\/produkt\/latarka-superfire-g20-470lm-usb\/#primaryimage","url":"https:\/\/ironsky.pl\/sklep\/wp-content\/uploads\/2025\/06\/19681_1.jpg","contentUrl":"https:\/\/ironsky.pl\/sklep\/wp-content\/uploads\/2025\/06\/19681_1.jpg","width":800,"height":800},{"@type":"BreadcrumbList","@id":"https:\/\/ironsky.pl\/sklep\/produkt\/latarka-superfire-g20-470lm-usb\/#breadcrumb","itemListElement":[{"@type":"ListItem","position":1,"name":"Strona g\u0142\u00f3wna","item":"https:\/\/ironsky.pl\/sklep\/"},{"@type":"ListItem","position":2,"name":"Wszystkie produkty","item":"https:\/\/ironsky.pl\/sklep\/produkty\/"},{"@type":"ListItem","position":3,"name":"Latarka SUPERFIRE G20 470lm USB"}]},{"@type":"WebSite","@id":"https:\/\/ironsky.pl\/sklep\/#website","url":"https:\/\/ironsky.pl\/sklep\/","name":"IRONSKY.PL Sklep z Dronami","description":"IRONSKY.PL Sklep z Dronami","potentialAction":[{"@type":"SearchAction","target":{"@type":"EntryPoint","urlTemplate":"https:\/\/ironsky.pl\/sklep\/?s={search_term_string}"},"query-input":{"@type":"PropertyValueSpecification","valueRequired":true,"valueName":"search_term_string"}}],"inLanguage":"pl-PL"}]}},"_links":{"self":[{"href":"https:\/\/ironsky.pl\/sklep\/wp-json\/wp\/v2\/product\/55555","targetHints":{"allow":["GET"]}}],"collection":[{"href":"https:\/\/ironsky.pl\/sklep\/wp-json\/wp\/v2\/product"}],"about":[{"href":"https:\/\/ironsky.pl\/sklep\/wp-json\/wp\/v2\/types\/product"}],"replies":[{"embeddable":true,"href":"https:\/\/ironsky.pl\/sklep\/wp-json\/wp\/v2\/comments?post=55555"}],"wp:featuredmedia":[{"embeddable":true,"href":"https:\/\/ironsky.pl\/sklep\/wp-json\/wp\/v2\/media\/41232"}],"wp:attachment":[{"href":"https:\/\/ironsky.pl\/sklep\/wp-json\/wp\/v2\/media?parent=55555"}],"wp:term":[{"taxonomy":"product_brand","embeddable":true,"href":"https:\/\/ironsky.pl\/sklep\/wp-json\/wp\/v2\/product_brand?post=55555"},{"taxonomy":"product_cat","embeddable":true,"href":"https:\/\/ironsky.pl\/sklep\/wp-json\/wp\/v2\/product_cat?post=55555"},{"taxonomy":"product_tag","embeddable":true,"href":"https:\/\/ironsky.pl\/sklep\/wp-json\/wp\/v2\/product_tag?post=55555"}],"curies":[{"name":"wp","href":"https:\/\/api.w.org\/{rel}","templated":true}]}}