{"id":55546,"date":"2026-04-15T10:05:13","date_gmt":"2026-04-15T08:05:13","guid":{"rendered":"https:\/\/ironsky.pl\/sklep\/produkt\/kabel-ugreen-hd135-hdmi-2-1-1m-czarny\/"},"modified":"2026-04-15T10:44:18","modified_gmt":"2026-04-15T08:44:18","slug":"kabel-ugreen-hd135-hdmi-2-1-1m-czarny","status":"publish","type":"product","link":"https:\/\/ironsky.pl\/sklep\/produkt\/kabel-ugreen-hd135-hdmi-2-1-1m-czarny\/","title":{"rendered":"Kabel UGREEN HD135 HDMI 2.1 1m (czarny)"},"content":{"rendered":"<h3>Kabel HDMI UGREEN HD135 &#8211; stw\u00f3rz kino w swoim domu<\/h3>\n<p>Kabel HDMI UGREEN HD135 pozwoli Ci stworzy\u0107 kino z prawdziwego zdarzenia w Twoim domu. Obs\u0142uguj\u0105c rozdzielczo\u015b\u0107 do 8K, umo\u017cliwia Tobie i Twojej rodzinie cieszenie si\u0119 doskona\u0142\u0105 jako\u015bci\u0105 obrazu. Ten kompatybilny z ca\u0142\u0105 gam\u0105 urz\u0105dze\u0144 i wytrzyma\u0142y produkt otworzy przed Tob\u0105 tysi\u0105ce nowych mo\u017cliwo\u015bci.<\/p>\n<p><img decoding=\"async\" src=\"https:\/\/b2b.innpro.pl\/data\/include\/cms\/012UGREEN\/HD135\/6.jpg\"><\/p>\n<h3>Zachwycaj\u0105cy obraz i d\u017awi\u0119k<\/h3>\n<p>Zachwy\u0107 si\u0119 idealn\u0105 jako\u015bci\u0105 obrazu i d\u017awi\u0119ku, korzystaj\u0105c z tego wyj\u0105tkowego kabla HDMI. Dzi\u0119ki niemu mo\u017cesz na przyk\u0142ad transmitowa\u0107 wideo 4K 60 Hz. Niezale\u017cnie od tego, czy ogl\u0105dasz ciekawy film, czy ekscytuj\u0105cy mecz, UGREEN HD135 dostarczy Ci jeszcze wi\u0119kszych emocji. Co wi\u0119cej, technologia HDR sprawi, \u017ce ka\u017cdy obraz zaskoczy Ci\u0119 bogactwem szczeg\u00f3\u0142\u00f3w i wyrazistymi barwami.<\/p>\n<p><img decoding=\"async\" src=\"https:\/\/b2b.innpro.pl\/data\/include\/cms\/012UGREEN\/HD135\/4.jpg\"><\/p>\n<h3>Pe\u0142na kompatybilno\u015b\u0107<\/h3>\n<p>Dzi\u0119ki szerokiej kompatybilno\u015bci kabla po\u0142\u0105czysz ze sob\u0105 wiele r\u00f3\u017cnych urz\u0105dze\u0144. Bez problemu pod\u0142\u0105czysz konsol\u0119, laptopa, komputer czy TV Boxa do telewizora, wy\u015bwietlacza lub projektora. Zapomnij o ewentualnych problemach &#8211; ten wyj\u0105tkowy produkt doskonale sprawdzi si\u0119 niemal w ka\u017cdej sytuacji.<\/p>\n<p><img decoding=\"async\" src=\"https:\/\/b2b.innpro.pl\/data\/include\/cms\/012UGREEN\/HD135\/5.jpg\"><\/p>\n<h3>Wygodnie pracuj na 2 ekranach<\/h3>\n<p>Kabel umo\u017cliwia prac\u0119 na 2 ekranach jednocze\u015bnie. Z jego pomoc\u0105 powielisz obraz lub go rozszerzysz, zapewniaj\u0105c sobie dodatkowe mo\u017cliwo\u015bci. Wygodnie ogl\u0105daj film lub pracuj tak, jak lubisz &#8211; decyzja nale\u017cy do Ciebie! UGREEN pozwala przenie\u015b\u0107 wielozadaniowo\u015b\u0107 na zupe\u0142nie nowy poziom.<\/p>\n<p><img decoding=\"async\" src=\"https:\/\/b2b.innpro.pl\/data\/include\/cms\/012UGREEN\/HD135\/8.jpg\"><\/p>\n<h3>Zapomnij o problemach z transmisj\u0105<\/h3>\n<p>Ciesz si\u0119 b\u0142yskawiczn\u0105 i stabiln\u0105 transmisj\u0105 dzi\u0119ki doskona\u0142ej jako\u015bci miedzianym przewodnikom. Stosuj\u0105c kabel HDMI marki UGREEN, zapomnisz o op\u00f3\u017anieniach i innych problemach z sygna\u0142em. Niespodziewana awaria ju\u017c nie przerwie Ci ogl\u0105dania filmu w najciekawszym momencie!<\/p>\n<p><img decoding=\"async\" src=\"https:\/\/b2b.innpro.pl\/data\/include\/cms\/012UGREEN\/HD135\/9.jpg\"><\/p>\n<h3>Zachwyca wytrzyma\u0142o\u015bci\u0105<\/h3>\n<p>Za wyj\u0105tkow\u0105 wytrzyma\u0142o\u015b\u0107 i niezawodno\u015b\u0107 produktu odpowiada wiele czynnik\u00f3w. Pleciona pow\u0142oka jest odporna na zginanie i zu\u017cycie. Cynkowe os\u0142ony chroni\u0105 kabel przed zadrapaniem i rdzewieniem. Wysokiej klasy z\u0142\u0105cza pokryte niklem zapewniaj\u0105 dodatkowo optymaln\u0105 jako\u015b\u0107 transmisji. Wszystko to sprawia, \u017ce UGREEN HD135 b\u0119dzie doskonale Ci s\u0142u\u017cy\u0107 przez wiele dni.<\/p>\n<div class=\"table-wrapper\">\n<table class=\"table-specs\" style=\"margin-left: auto; margin-right: auto;\">\n<tbody>\n<tr>\n<th><span>Producent<\/span><\/th>\n<td><span>UGREEN<\/span><\/td>\n<\/tr>\n<tr>\n<th><span>Nazwa<\/span><\/th>\n<td><span>8K HDMI 2.1 M\/M Round Cable with Braided<\/span><\/td>\n<\/tr>\n<tr>\n<th><span>Model<\/span><\/th>\n<td><span>HD135<\/span><\/td>\n<\/tr>\n<tr>\n<th><span>Z\u0142\u0105cza<\/span><\/th>\n<td><span>HDMI m\u0119skie<\/span><\/td>\n<\/tr>\n<tr>\n<th><span>Przew\u00f3d<\/span><\/th>\n<td><span>Miedziany cynowany<\/span><\/td>\n<\/tr>\n<tr>\n<th><span>Rozdzielczo\u015b\u0107<\/span><\/th>\n<td><span>8K@60Hz, 4K@120Hz<\/span><\/td>\n<\/tr>\n<tr>\n<th><span>D\u0142ugo\u015b\u0107<\/span><\/th>\n<td><span>1 m<\/span><\/td>\n<\/tr>\n<\/tbody>\n<\/table>\n<\/div>\n","protected":false},"excerpt":{"rendered":"<p>Kabel HDMI UGREEN HD135 &#8211; stw\u00f3rz kino w swoim domu Kabel HDMI UGREEN HD135 pozwoli Ci stworzy\u0107 kino z prawdziwego<\/p>\n","protected":false},"featured_media":41199,"comment_status":"closed","ping_status":"open","template":"","meta":{"_acf_changed":false},"product_brand":[],"product_cat":[5929,5931,5933],"product_tag":[],"class_list":{"0":"post-55546","1":"product","2":"type-product","3":"status-publish","4":"has-post-thumbnail","6":"product_cat-akcesoria-it","7":"product_cat-kable","8":"product_cat-wideo","9":"pa_okres-gwarancji-5757","10":"pa_producent-ugreen","12":"first","13":"outofstock","14":"taxable","15":"shipping-taxable","16":"purchasable","17":"product-type-simple"},"acf":[],"yoast_head":"<!-- This site is optimized with the Yoast SEO plugin v27.2 - https:\/\/yoast.com\/product\/yoast-seo-wordpress\/ -->\n<title>Kabel UGREEN HD135 HDMI 2.1 1m (czarny) - IRONSKY.PL Sklep z Dronami<\/title>\n<meta name=\"description\" content=\"Kabel UGREEN HD135 HDMI 2.1 1m (czarny) - \u2705 sklep z dronami i fachowym doradztwem. \u2705 Tutaj kupisz produkty DJI, Yuneec, Parrot, Syma i wiele innych, a tak\u017ce kursy i licencje na operatora drona.\" \/>\n<meta name=\"robots\" content=\"index, follow, max-snippet:-1, max-image-preview:large, max-video-preview:-1\" \/>\n<link rel=\"canonical\" href=\"https:\/\/ironsky.pl\/sklep\/produkt\/kabel-ugreen-hd135-hdmi-2-1-1m-czarny\/\" \/>\n<meta property=\"og:locale\" content=\"pl_PL\" \/>\n<meta property=\"og:type\" content=\"article\" \/>\n<meta property=\"og:title\" content=\"Kabel UGREEN HD135 HDMI 2.1 1m (czarny) - IRONSKY.PL Sklep z Dronami\" \/>\n<meta property=\"og:description\" content=\"Kabel UGREEN HD135 HDMI 2.1 1m (czarny) - \u2705 sklep z dronami i fachowym doradztwem. \u2705 Tutaj kupisz produkty DJI, Yuneec, Parrot, Syma i wiele innych, a tak\u017ce kursy i licencje na operatora drona.\" \/>\n<meta property=\"og:url\" content=\"https:\/\/ironsky.pl\/sklep\/produkt\/kabel-ugreen-hd135-hdmi-2-1-1m-czarny\/\" \/>\n<meta property=\"og:site_name\" content=\"IRONSKY.PL Sklep z Dronami\" \/>\n<meta property=\"article:modified_time\" content=\"2026-04-15T08:44:18+00:00\" \/>\n<meta property=\"og:image\" content=\"https:\/\/ironsky.pl\/sklep\/wp-content\/uploads\/2025\/06\/19639_1.jpg\" \/>\n\t<meta property=\"og:image:width\" content=\"800\" \/>\n\t<meta property=\"og:image:height\" content=\"800\" \/>\n\t<meta property=\"og:image:type\" content=\"image\/jpeg\" \/>\n<meta name=\"twitter:card\" content=\"summary_large_image\" \/>\n<meta name=\"twitter:label1\" content=\"Szacowany czas czytania\" \/>\n\t<meta name=\"twitter:data1\" content=\"2 minuty\" \/>\n<script type=\"application\/ld+json\" class=\"yoast-schema-graph\">{\"@context\":\"https:\/\/schema.org\",\"@graph\":[{\"@type\":\"WebPage\",\"@id\":\"https:\/\/ironsky.pl\/sklep\/produkt\/kabel-ugreen-hd135-hdmi-2-1-1m-czarny\/\",\"url\":\"https:\/\/ironsky.pl\/sklep\/produkt\/kabel-ugreen-hd135-hdmi-2-1-1m-czarny\/\",\"name\":\"Kabel UGREEN HD135 HDMI 2.1 1m (czarny) - IRONSKY.PL Sklep z Dronami\",\"isPartOf\":{\"@id\":\"https:\/\/ironsky.pl\/sklep\/#website\"},\"primaryImageOfPage\":{\"@id\":\"https:\/\/ironsky.pl\/sklep\/produkt\/kabel-ugreen-hd135-hdmi-2-1-1m-czarny\/#primaryimage\"},\"image\":{\"@id\":\"https:\/\/ironsky.pl\/sklep\/produkt\/kabel-ugreen-hd135-hdmi-2-1-1m-czarny\/#primaryimage\"},\"thumbnailUrl\":\"https:\/\/ironsky.pl\/sklep\/wp-content\/uploads\/2025\/06\/19639_1.jpg\",\"datePublished\":\"2026-04-15T08:05:13+00:00\",\"dateModified\":\"2026-04-15T08:44:18+00:00\",\"description\":\"Kabel UGREEN HD135 HDMI 2.1 1m (czarny) - \u2705 sklep z dronami i fachowym doradztwem. \u2705 Tutaj kupisz produkty DJI, Yuneec, Parrot, Syma i wiele innych, a tak\u017ce kursy i licencje na operatora drona.\",\"breadcrumb\":{\"@id\":\"https:\/\/ironsky.pl\/sklep\/produkt\/kabel-ugreen-hd135-hdmi-2-1-1m-czarny\/#breadcrumb\"},\"inLanguage\":\"pl-PL\",\"potentialAction\":[{\"@type\":\"ReadAction\",\"target\":[\"https:\/\/ironsky.pl\/sklep\/produkt\/kabel-ugreen-hd135-hdmi-2-1-1m-czarny\/\"]}]},{\"@type\":\"ImageObject\",\"inLanguage\":\"pl-PL\",\"@id\":\"https:\/\/ironsky.pl\/sklep\/produkt\/kabel-ugreen-hd135-hdmi-2-1-1m-czarny\/#primaryimage\",\"url\":\"https:\/\/ironsky.pl\/sklep\/wp-content\/uploads\/2025\/06\/19639_1.jpg\",\"contentUrl\":\"https:\/\/ironsky.pl\/sklep\/wp-content\/uploads\/2025\/06\/19639_1.jpg\",\"width\":800,\"height\":800},{\"@type\":\"BreadcrumbList\",\"@id\":\"https:\/\/ironsky.pl\/sklep\/produkt\/kabel-ugreen-hd135-hdmi-2-1-1m-czarny\/#breadcrumb\",\"itemListElement\":[{\"@type\":\"ListItem\",\"position\":1,\"name\":\"Strona g\u0142\u00f3wna\",\"item\":\"https:\/\/ironsky.pl\/sklep\/\"},{\"@type\":\"ListItem\",\"position\":2,\"name\":\"Wszystkie produkty\",\"item\":\"https:\/\/ironsky.pl\/sklep\/produkty\/\"},{\"@type\":\"ListItem\",\"position\":3,\"name\":\"Kabel UGREEN HD135 HDMI 2.1 1m (czarny)\"}]},{\"@type\":\"WebSite\",\"@id\":\"https:\/\/ironsky.pl\/sklep\/#website\",\"url\":\"https:\/\/ironsky.pl\/sklep\/\",\"name\":\"IRONSKY.PL Sklep z Dronami\",\"description\":\"IRONSKY.PL Sklep z Dronami\",\"potentialAction\":[{\"@type\":\"SearchAction\",\"target\":{\"@type\":\"EntryPoint\",\"urlTemplate\":\"https:\/\/ironsky.pl\/sklep\/?s={search_term_string}\"},\"query-input\":{\"@type\":\"PropertyValueSpecification\",\"valueRequired\":true,\"valueName\":\"search_term_string\"}}],\"inLanguage\":\"pl-PL\"}]}<\/script>\n<!-- \/ Yoast SEO plugin. -->","yoast_head_json":{"title":"Kabel UGREEN HD135 HDMI 2.1 1m (czarny) - IRONSKY.PL Sklep z Dronami","description":"Kabel UGREEN HD135 HDMI 2.1 1m (czarny) - \u2705 sklep z dronami i fachowym doradztwem. \u2705 Tutaj kupisz produkty DJI, Yuneec, Parrot, Syma i wiele innych, a tak\u017ce kursy i licencje na operatora drona.","robots":{"index":"index","follow":"follow","max-snippet":"max-snippet:-1","max-image-preview":"max-image-preview:large","max-video-preview":"max-video-preview:-1"},"canonical":"https:\/\/ironsky.pl\/sklep\/produkt\/kabel-ugreen-hd135-hdmi-2-1-1m-czarny\/","og_locale":"pl_PL","og_type":"article","og_title":"Kabel UGREEN HD135 HDMI 2.1 1m (czarny) - IRONSKY.PL Sklep z Dronami","og_description":"Kabel UGREEN HD135 HDMI 2.1 1m (czarny) - \u2705 sklep z dronami i fachowym doradztwem. \u2705 Tutaj kupisz produkty DJI, Yuneec, Parrot, Syma i wiele innych, a tak\u017ce kursy i licencje na operatora drona.","og_url":"https:\/\/ironsky.pl\/sklep\/produkt\/kabel-ugreen-hd135-hdmi-2-1-1m-czarny\/","og_site_name":"IRONSKY.PL Sklep z Dronami","article_modified_time":"2026-04-15T08:44:18+00:00","og_image":[{"width":800,"height":800,"url":"https:\/\/ironsky.pl\/sklep\/wp-content\/uploads\/2025\/06\/19639_1.jpg","type":"image\/jpeg"}],"twitter_card":"summary_large_image","twitter_misc":{"Szacowany czas czytania":"2 minuty"},"schema":{"@context":"https:\/\/schema.org","@graph":[{"@type":"WebPage","@id":"https:\/\/ironsky.pl\/sklep\/produkt\/kabel-ugreen-hd135-hdmi-2-1-1m-czarny\/","url":"https:\/\/ironsky.pl\/sklep\/produkt\/kabel-ugreen-hd135-hdmi-2-1-1m-czarny\/","name":"Kabel UGREEN HD135 HDMI 2.1 1m (czarny) - IRONSKY.PL Sklep z Dronami","isPartOf":{"@id":"https:\/\/ironsky.pl\/sklep\/#website"},"primaryImageOfPage":{"@id":"https:\/\/ironsky.pl\/sklep\/produkt\/kabel-ugreen-hd135-hdmi-2-1-1m-czarny\/#primaryimage"},"image":{"@id":"https:\/\/ironsky.pl\/sklep\/produkt\/kabel-ugreen-hd135-hdmi-2-1-1m-czarny\/#primaryimage"},"thumbnailUrl":"https:\/\/ironsky.pl\/sklep\/wp-content\/uploads\/2025\/06\/19639_1.jpg","datePublished":"2026-04-15T08:05:13+00:00","dateModified":"2026-04-15T08:44:18+00:00","description":"Kabel UGREEN HD135 HDMI 2.1 1m (czarny) - \u2705 sklep z dronami i fachowym doradztwem. \u2705 Tutaj kupisz produkty DJI, Yuneec, Parrot, Syma i wiele innych, a tak\u017ce kursy i licencje na operatora drona.","breadcrumb":{"@id":"https:\/\/ironsky.pl\/sklep\/produkt\/kabel-ugreen-hd135-hdmi-2-1-1m-czarny\/#breadcrumb"},"inLanguage":"pl-PL","potentialAction":[{"@type":"ReadAction","target":["https:\/\/ironsky.pl\/sklep\/produkt\/kabel-ugreen-hd135-hdmi-2-1-1m-czarny\/"]}]},{"@type":"ImageObject","inLanguage":"pl-PL","@id":"https:\/\/ironsky.pl\/sklep\/produkt\/kabel-ugreen-hd135-hdmi-2-1-1m-czarny\/#primaryimage","url":"https:\/\/ironsky.pl\/sklep\/wp-content\/uploads\/2025\/06\/19639_1.jpg","contentUrl":"https:\/\/ironsky.pl\/sklep\/wp-content\/uploads\/2025\/06\/19639_1.jpg","width":800,"height":800},{"@type":"BreadcrumbList","@id":"https:\/\/ironsky.pl\/sklep\/produkt\/kabel-ugreen-hd135-hdmi-2-1-1m-czarny\/#breadcrumb","itemListElement":[{"@type":"ListItem","position":1,"name":"Strona g\u0142\u00f3wna","item":"https:\/\/ironsky.pl\/sklep\/"},{"@type":"ListItem","position":2,"name":"Wszystkie produkty","item":"https:\/\/ironsky.pl\/sklep\/produkty\/"},{"@type":"ListItem","position":3,"name":"Kabel UGREEN HD135 HDMI 2.1 1m (czarny)"}]},{"@type":"WebSite","@id":"https:\/\/ironsky.pl\/sklep\/#website","url":"https:\/\/ironsky.pl\/sklep\/","name":"IRONSKY.PL Sklep z Dronami","description":"IRONSKY.PL Sklep z Dronami","potentialAction":[{"@type":"SearchAction","target":{"@type":"EntryPoint","urlTemplate":"https:\/\/ironsky.pl\/sklep\/?s={search_term_string}"},"query-input":{"@type":"PropertyValueSpecification","valueRequired":true,"valueName":"search_term_string"}}],"inLanguage":"pl-PL"}]}},"_links":{"self":[{"href":"https:\/\/ironsky.pl\/sklep\/wp-json\/wp\/v2\/product\/55546","targetHints":{"allow":["GET"]}}],"collection":[{"href":"https:\/\/ironsky.pl\/sklep\/wp-json\/wp\/v2\/product"}],"about":[{"href":"https:\/\/ironsky.pl\/sklep\/wp-json\/wp\/v2\/types\/product"}],"replies":[{"embeddable":true,"href":"https:\/\/ironsky.pl\/sklep\/wp-json\/wp\/v2\/comments?post=55546"}],"wp:featuredmedia":[{"embeddable":true,"href":"https:\/\/ironsky.pl\/sklep\/wp-json\/wp\/v2\/media\/41199"}],"wp:attachment":[{"href":"https:\/\/ironsky.pl\/sklep\/wp-json\/wp\/v2\/media?parent=55546"}],"wp:term":[{"taxonomy":"product_brand","embeddable":true,"href":"https:\/\/ironsky.pl\/sklep\/wp-json\/wp\/v2\/product_brand?post=55546"},{"taxonomy":"product_cat","embeddable":true,"href":"https:\/\/ironsky.pl\/sklep\/wp-json\/wp\/v2\/product_cat?post=55546"},{"taxonomy":"product_tag","embeddable":true,"href":"https:\/\/ironsky.pl\/sklep\/wp-json\/wp\/v2\/product_tag?post=55546"}],"curies":[{"name":"wp","href":"https:\/\/api.w.org\/{rel}","templated":true}]}}