{"id":55544,"date":"2026-04-15T10:05:13","date_gmt":"2026-04-15T08:05:13","guid":{"rendered":"https:\/\/ironsky.pl\/sklep\/produkt\/adapter-sieciowy-ugreen-cr110-usb-a-rj45-czarny\/"},"modified":"2026-04-15T10:44:16","modified_gmt":"2026-04-15T08:44:16","slug":"adapter-sieciowy-ugreen-cr110-usb-a-rj45-czarny","status":"publish","type":"product","link":"https:\/\/ironsky.pl\/sklep\/produkt\/adapter-sieciowy-ugreen-cr110-usb-a-rj45-czarny\/","title":{"rendered":"Adapter sieciowy UGREEN CR110 USB-A-RJ45 (czarny)"},"content":{"rendered":"<h3>Adapter sieciowy UGREEN CR110 &#8211; niezawodny dost\u0119p do sieci<\/h3>\n<p>Ten kompatybilny z wi\u0119kszo\u015bci\u0105 popularnych komputer\u00f3w i laptop\u00f3w adapter ethernet UGREEN CR110 zapewnia stabilne i szybkie po\u0142\u0105czenie. Pr\u0119dko\u015b\u0107 10\/100 MB\/s pozwoli Ci cieszy\u0107 si\u0119 b\u0142yskawicznym dost\u0119pem do sieci. Urz\u0105dzenie obs\u0142uguje zar\u00f3wno transmisj\u0119 dupleks, jak i p\u00f3\u0142dupleks, a dzi\u0119ki wska\u017anikowi LED korzystanie z niego jest jeszcze \u0142atwiejsze.<\/p>\n<p><img decoding=\"async\" src=\"https:\/\/b2b.innpro.pl\/data\/include\/cms\/012UGREEN\/CR110\/CR110-2.jpg\"><\/p>\n<h3>Imponuj\u0105ca kompatybilno\u015b\u0107<\/h3>\n<p>Z\u0142\u0105cze USB A oraz chip ASIS AX88772 gwarantuj\u0105 szerok\u0105 kompatybilno\u015b\u0107 urz\u0105dzenia. Bez problemu pod\u0142\u0105czysz je do laptop\u00f3w, smart box\u00f3w i komputer\u00f3w. Adapter jest zgodny z systemami Windows, Linux, Mac OSX oraz Chrome OS. Nie musisz te\u017c przejmowa\u0107 si\u0119 jego \u0142adowaniem &#8211; zasilany jest przez swoje z\u0142\u0105cze USB.<\/p>\n<p><img decoding=\"async\" src=\"https:\/\/b2b.innpro.pl\/data\/include\/cms\/012UGREEN\/CR110\/5.jpg\"><\/p>\n<h3>B\u0142yskawiczna transmisja danych<\/h3>\n<p>Urz\u0105dzenie obs\u0142uguje pr\u0119dko\u015bci 10\/100 MB\/s. Dzi\u0119ki temu niezale\u017cnie od warunk\u00f3w mo\u017cesz cieszy\u0107 si\u0119 szybk\u0105 transmisj\u0105 danych i b\u0142yskawicznym dost\u0119pem do Internetu. Swobodnie szukaj niezb\u0119dnych informacji lub po\u015bwi\u0119\u0107 czas na rozrywk\u0119 &#8211; UGREEN CR110 nigdy Ci\u0119 nie zawiedzie.<\/p>\n<p><img decoding=\"async\" src=\"https:\/\/b2b.innpro.pl\/data\/include\/cms\/012UGREEN\/CR110\/1.jpg\"><\/p>\n<h3>Jeszcze \u0142atwiejsze u\u017cytkowanie<\/h3>\n<p>Tym, co jeszcze wyr\u00f3\u017cnia ten funkcjonalny adapter, jest jego praktyczny wska\u017anik LED. Pod\u015bwietleniem sygnalizuje on status pracy urz\u0105dzenia. Wystarczy rzut oka, aby dowiedzie\u0107 si\u0119, czy wszystko dzia\u0142a, jak nale\u017cy.<\/p>\n<p><img decoding=\"async\" src=\"https:\/\/b2b.innpro.pl\/data\/include\/cms\/012UGREEN\/CR110\/2.jpg\"><\/p>\n<h3>Zawsze pod r\u0119k\u0105<\/h3>\n<p>Adapter charakteryzuje si\u0119 kieszonkowym rozmiarem i lekk\u0105 wag\u0105. Jest wi\u0119c wyj\u0105tkowo por\u0119czny i przeno\u015bny. Mo\u017cesz mie\u0107 go zawsze przy sobie nie tylko w domu &#8211; spakuj go do torby czy plecaka i zabierz na wakacje, weekendow\u0105 wycieczk\u0119 lub w podr\u00f3\u017c s\u0142u\u017cbow\u0105.<\/p>\n<p><img decoding=\"async\" src=\"https:\/\/b2b.innpro.pl\/data\/include\/cms\/012UGREEN\/CR110\/3.jpg\"><\/p>\n<div class=\"table-wrapper\">\n<table class=\"table-specs\" style=\"margin-left: auto; margin-right: auto;\">\n<tbody>\n<tr>\n<th><span>Producent<\/span><\/th>\n<td><span>UGREEN<\/span><\/td>\n<\/tr>\n<tr>\n<th><span>Nazwa<\/span><\/th>\n<td><span>USB 2.0 10\/100Mbps Ethernet Adapter<\/span><\/td>\n<\/tr>\n<tr>\n<th><span>Model<\/span><\/th>\n<td><span>CR110<\/span><\/td>\n<\/tr>\n<tr>\n<th><span>Wymiary<\/span><\/th>\n<td><span>61x26x18 mm<\/span><\/td>\n<\/tr>\n<tr>\n<th><span>D\u0142ugo\u015b\u0107 kabla<\/span><\/th>\n<td><span>100 mm<\/span><\/td>\n<\/tr>\n<tr>\n<th><span>Pr\u0119dko\u015b\u0107<\/span><\/th>\n<td><span>10\/100 MB\/s<\/span><\/td>\n<\/tr>\n<tr>\n<th><span>Kompatybilno\u015b\u0107<\/span><\/th>\n<td><span>Apple, Windows, Smart Box<\/span><\/td>\n<\/tr>\n<\/tbody>\n<\/table>\n<\/div>\n","protected":false},"excerpt":{"rendered":"<p>Adapter sieciowy UGREEN CR110 &#8211; niezawodny dost\u0119p do sieci Ten kompatybilny z wi\u0119kszo\u015bci\u0105 popularnych komputer\u00f3w i laptop\u00f3w adapter ethernet UGREEN<\/p>\n","protected":false},"featured_media":41195,"comment_status":"closed","ping_status":"open","template":"","meta":{"_acf_changed":false},"product_brand":[],"product_cat":[5930,5929],"product_tag":[],"class_list":{"0":"post-55544","1":"product","2":"type-product","3":"status-publish","4":"has-post-thumbnail","6":"product_cat-adaptery-przejsciowki-konwertery","7":"product_cat-akcesoria-it","8":"pa_okres-gwarancji-5757","9":"pa_producent-ugreen","11":"first","12":"outofstock","13":"taxable","14":"shipping-taxable","15":"purchasable","16":"product-type-simple"},"acf":[],"yoast_head":"<!-- This site is optimized with the Yoast SEO plugin v27.2 - https:\/\/yoast.com\/product\/yoast-seo-wordpress\/ -->\n<title>Adapter sieciowy UGREEN CR110 USB-A-RJ45 (czarny) - IRONSKY.PL Sklep z Dronami<\/title>\n<meta name=\"description\" content=\"Adapter sieciowy UGREEN CR110 USB-A-RJ45 (czarny) - \u2705 sklep z dronami i fachowym doradztwem. \u2705 Tutaj kupisz produkty DJI, Yuneec, Parrot, Syma i wiele innych, a tak\u017ce kursy i licencje na operatora drona.\" \/>\n<meta name=\"robots\" content=\"index, follow, max-snippet:-1, max-image-preview:large, max-video-preview:-1\" \/>\n<link rel=\"canonical\" href=\"https:\/\/ironsky.pl\/sklep\/produkt\/adapter-sieciowy-ugreen-cr110-usb-a-rj45-czarny\/\" \/>\n<meta property=\"og:locale\" content=\"pl_PL\" \/>\n<meta property=\"og:type\" content=\"article\" \/>\n<meta property=\"og:title\" content=\"Adapter sieciowy UGREEN CR110 USB-A-RJ45 (czarny) - IRONSKY.PL Sklep z Dronami\" \/>\n<meta property=\"og:description\" content=\"Adapter sieciowy UGREEN CR110 USB-A-RJ45 (czarny) - \u2705 sklep z dronami i fachowym doradztwem. \u2705 Tutaj kupisz produkty DJI, Yuneec, Parrot, Syma i wiele innych, a tak\u017ce kursy i licencje na operatora drona.\" \/>\n<meta property=\"og:url\" content=\"https:\/\/ironsky.pl\/sklep\/produkt\/adapter-sieciowy-ugreen-cr110-usb-a-rj45-czarny\/\" \/>\n<meta property=\"og:site_name\" content=\"IRONSKY.PL Sklep z Dronami\" \/>\n<meta property=\"article:modified_time\" content=\"2026-04-15T08:44:16+00:00\" \/>\n<meta property=\"og:image\" content=\"https:\/\/ironsky.pl\/sklep\/wp-content\/uploads\/2025\/06\/19621_1.jpg\" \/>\n\t<meta property=\"og:image:width\" content=\"800\" \/>\n\t<meta property=\"og:image:height\" content=\"800\" \/>\n\t<meta property=\"og:image:type\" content=\"image\/jpeg\" \/>\n<meta name=\"twitter:card\" content=\"summary_large_image\" \/>\n<meta name=\"twitter:label1\" content=\"Szacowany czas czytania\" \/>\n\t<meta name=\"twitter:data1\" content=\"1 minuta\" \/>\n<script type=\"application\/ld+json\" class=\"yoast-schema-graph\">{\"@context\":\"https:\/\/schema.org\",\"@graph\":[{\"@type\":\"WebPage\",\"@id\":\"https:\/\/ironsky.pl\/sklep\/produkt\/adapter-sieciowy-ugreen-cr110-usb-a-rj45-czarny\/\",\"url\":\"https:\/\/ironsky.pl\/sklep\/produkt\/adapter-sieciowy-ugreen-cr110-usb-a-rj45-czarny\/\",\"name\":\"Adapter sieciowy UGREEN CR110 USB-A-RJ45 (czarny) - IRONSKY.PL Sklep z Dronami\",\"isPartOf\":{\"@id\":\"https:\/\/ironsky.pl\/sklep\/#website\"},\"primaryImageOfPage\":{\"@id\":\"https:\/\/ironsky.pl\/sklep\/produkt\/adapter-sieciowy-ugreen-cr110-usb-a-rj45-czarny\/#primaryimage\"},\"image\":{\"@id\":\"https:\/\/ironsky.pl\/sklep\/produkt\/adapter-sieciowy-ugreen-cr110-usb-a-rj45-czarny\/#primaryimage\"},\"thumbnailUrl\":\"https:\/\/ironsky.pl\/sklep\/wp-content\/uploads\/2025\/06\/19621_1.jpg\",\"datePublished\":\"2026-04-15T08:05:13+00:00\",\"dateModified\":\"2026-04-15T08:44:16+00:00\",\"description\":\"Adapter sieciowy UGREEN CR110 USB-A-RJ45 (czarny) - \u2705 sklep z dronami i fachowym doradztwem. \u2705 Tutaj kupisz produkty DJI, Yuneec, Parrot, Syma i wiele innych, a tak\u017ce kursy i licencje na operatora drona.\",\"breadcrumb\":{\"@id\":\"https:\/\/ironsky.pl\/sklep\/produkt\/adapter-sieciowy-ugreen-cr110-usb-a-rj45-czarny\/#breadcrumb\"},\"inLanguage\":\"pl-PL\",\"potentialAction\":[{\"@type\":\"ReadAction\",\"target\":[\"https:\/\/ironsky.pl\/sklep\/produkt\/adapter-sieciowy-ugreen-cr110-usb-a-rj45-czarny\/\"]}]},{\"@type\":\"ImageObject\",\"inLanguage\":\"pl-PL\",\"@id\":\"https:\/\/ironsky.pl\/sklep\/produkt\/adapter-sieciowy-ugreen-cr110-usb-a-rj45-czarny\/#primaryimage\",\"url\":\"https:\/\/ironsky.pl\/sklep\/wp-content\/uploads\/2025\/06\/19621_1.jpg\",\"contentUrl\":\"https:\/\/ironsky.pl\/sklep\/wp-content\/uploads\/2025\/06\/19621_1.jpg\",\"width\":800,\"height\":800},{\"@type\":\"BreadcrumbList\",\"@id\":\"https:\/\/ironsky.pl\/sklep\/produkt\/adapter-sieciowy-ugreen-cr110-usb-a-rj45-czarny\/#breadcrumb\",\"itemListElement\":[{\"@type\":\"ListItem\",\"position\":1,\"name\":\"Strona g\u0142\u00f3wna\",\"item\":\"https:\/\/ironsky.pl\/sklep\/\"},{\"@type\":\"ListItem\",\"position\":2,\"name\":\"Wszystkie produkty\",\"item\":\"https:\/\/ironsky.pl\/sklep\/produkty\/\"},{\"@type\":\"ListItem\",\"position\":3,\"name\":\"Adapter sieciowy UGREEN CR110 USB-A-RJ45 (czarny)\"}]},{\"@type\":\"WebSite\",\"@id\":\"https:\/\/ironsky.pl\/sklep\/#website\",\"url\":\"https:\/\/ironsky.pl\/sklep\/\",\"name\":\"IRONSKY.PL Sklep z Dronami\",\"description\":\"IRONSKY.PL Sklep z Dronami\",\"potentialAction\":[{\"@type\":\"SearchAction\",\"target\":{\"@type\":\"EntryPoint\",\"urlTemplate\":\"https:\/\/ironsky.pl\/sklep\/?s={search_term_string}\"},\"query-input\":{\"@type\":\"PropertyValueSpecification\",\"valueRequired\":true,\"valueName\":\"search_term_string\"}}],\"inLanguage\":\"pl-PL\"}]}<\/script>\n<!-- \/ Yoast SEO plugin. -->","yoast_head_json":{"title":"Adapter sieciowy UGREEN CR110 USB-A-RJ45 (czarny) - IRONSKY.PL Sklep z Dronami","description":"Adapter sieciowy UGREEN CR110 USB-A-RJ45 (czarny) - \u2705 sklep z dronami i fachowym doradztwem. \u2705 Tutaj kupisz produkty DJI, Yuneec, Parrot, Syma i wiele innych, a tak\u017ce kursy i licencje na operatora drona.","robots":{"index":"index","follow":"follow","max-snippet":"max-snippet:-1","max-image-preview":"max-image-preview:large","max-video-preview":"max-video-preview:-1"},"canonical":"https:\/\/ironsky.pl\/sklep\/produkt\/adapter-sieciowy-ugreen-cr110-usb-a-rj45-czarny\/","og_locale":"pl_PL","og_type":"article","og_title":"Adapter sieciowy UGREEN CR110 USB-A-RJ45 (czarny) - IRONSKY.PL Sklep z Dronami","og_description":"Adapter sieciowy UGREEN CR110 USB-A-RJ45 (czarny) - \u2705 sklep z dronami i fachowym doradztwem. \u2705 Tutaj kupisz produkty DJI, Yuneec, Parrot, Syma i wiele innych, a tak\u017ce kursy i licencje na operatora drona.","og_url":"https:\/\/ironsky.pl\/sklep\/produkt\/adapter-sieciowy-ugreen-cr110-usb-a-rj45-czarny\/","og_site_name":"IRONSKY.PL Sklep z Dronami","article_modified_time":"2026-04-15T08:44:16+00:00","og_image":[{"width":800,"height":800,"url":"https:\/\/ironsky.pl\/sklep\/wp-content\/uploads\/2025\/06\/19621_1.jpg","type":"image\/jpeg"}],"twitter_card":"summary_large_image","twitter_misc":{"Szacowany czas czytania":"1 minuta"},"schema":{"@context":"https:\/\/schema.org","@graph":[{"@type":"WebPage","@id":"https:\/\/ironsky.pl\/sklep\/produkt\/adapter-sieciowy-ugreen-cr110-usb-a-rj45-czarny\/","url":"https:\/\/ironsky.pl\/sklep\/produkt\/adapter-sieciowy-ugreen-cr110-usb-a-rj45-czarny\/","name":"Adapter sieciowy UGREEN CR110 USB-A-RJ45 (czarny) - IRONSKY.PL Sklep z Dronami","isPartOf":{"@id":"https:\/\/ironsky.pl\/sklep\/#website"},"primaryImageOfPage":{"@id":"https:\/\/ironsky.pl\/sklep\/produkt\/adapter-sieciowy-ugreen-cr110-usb-a-rj45-czarny\/#primaryimage"},"image":{"@id":"https:\/\/ironsky.pl\/sklep\/produkt\/adapter-sieciowy-ugreen-cr110-usb-a-rj45-czarny\/#primaryimage"},"thumbnailUrl":"https:\/\/ironsky.pl\/sklep\/wp-content\/uploads\/2025\/06\/19621_1.jpg","datePublished":"2026-04-15T08:05:13+00:00","dateModified":"2026-04-15T08:44:16+00:00","description":"Adapter sieciowy UGREEN CR110 USB-A-RJ45 (czarny) - \u2705 sklep z dronami i fachowym doradztwem. \u2705 Tutaj kupisz produkty DJI, Yuneec, Parrot, Syma i wiele innych, a tak\u017ce kursy i licencje na operatora drona.","breadcrumb":{"@id":"https:\/\/ironsky.pl\/sklep\/produkt\/adapter-sieciowy-ugreen-cr110-usb-a-rj45-czarny\/#breadcrumb"},"inLanguage":"pl-PL","potentialAction":[{"@type":"ReadAction","target":["https:\/\/ironsky.pl\/sklep\/produkt\/adapter-sieciowy-ugreen-cr110-usb-a-rj45-czarny\/"]}]},{"@type":"ImageObject","inLanguage":"pl-PL","@id":"https:\/\/ironsky.pl\/sklep\/produkt\/adapter-sieciowy-ugreen-cr110-usb-a-rj45-czarny\/#primaryimage","url":"https:\/\/ironsky.pl\/sklep\/wp-content\/uploads\/2025\/06\/19621_1.jpg","contentUrl":"https:\/\/ironsky.pl\/sklep\/wp-content\/uploads\/2025\/06\/19621_1.jpg","width":800,"height":800},{"@type":"BreadcrumbList","@id":"https:\/\/ironsky.pl\/sklep\/produkt\/adapter-sieciowy-ugreen-cr110-usb-a-rj45-czarny\/#breadcrumb","itemListElement":[{"@type":"ListItem","position":1,"name":"Strona g\u0142\u00f3wna","item":"https:\/\/ironsky.pl\/sklep\/"},{"@type":"ListItem","position":2,"name":"Wszystkie produkty","item":"https:\/\/ironsky.pl\/sklep\/produkty\/"},{"@type":"ListItem","position":3,"name":"Adapter sieciowy UGREEN CR110 USB-A-RJ45 (czarny)"}]},{"@type":"WebSite","@id":"https:\/\/ironsky.pl\/sklep\/#website","url":"https:\/\/ironsky.pl\/sklep\/","name":"IRONSKY.PL Sklep z Dronami","description":"IRONSKY.PL Sklep z Dronami","potentialAction":[{"@type":"SearchAction","target":{"@type":"EntryPoint","urlTemplate":"https:\/\/ironsky.pl\/sklep\/?s={search_term_string}"},"query-input":{"@type":"PropertyValueSpecification","valueRequired":true,"valueName":"search_term_string"}}],"inLanguage":"pl-PL"}]}},"_links":{"self":[{"href":"https:\/\/ironsky.pl\/sklep\/wp-json\/wp\/v2\/product\/55544","targetHints":{"allow":["GET"]}}],"collection":[{"href":"https:\/\/ironsky.pl\/sklep\/wp-json\/wp\/v2\/product"}],"about":[{"href":"https:\/\/ironsky.pl\/sklep\/wp-json\/wp\/v2\/types\/product"}],"replies":[{"embeddable":true,"href":"https:\/\/ironsky.pl\/sklep\/wp-json\/wp\/v2\/comments?post=55544"}],"wp:featuredmedia":[{"embeddable":true,"href":"https:\/\/ironsky.pl\/sklep\/wp-json\/wp\/v2\/media\/41195"}],"wp:attachment":[{"href":"https:\/\/ironsky.pl\/sklep\/wp-json\/wp\/v2\/media?parent=55544"}],"wp:term":[{"taxonomy":"product_brand","embeddable":true,"href":"https:\/\/ironsky.pl\/sklep\/wp-json\/wp\/v2\/product_brand?post=55544"},{"taxonomy":"product_cat","embeddable":true,"href":"https:\/\/ironsky.pl\/sklep\/wp-json\/wp\/v2\/product_cat?post=55544"},{"taxonomy":"product_tag","embeddable":true,"href":"https:\/\/ironsky.pl\/sklep\/wp-json\/wp\/v2\/product_tag?post=55544"}],"curies":[{"name":"wp","href":"https:\/\/api.w.org\/{rel}","templated":true}]}}