{"id":55531,"date":"2026-04-15T10:05:13","date_gmt":"2026-04-15T08:05:13","guid":{"rendered":"https:\/\/ironsky.pl\/sklep\/produkt\/rozdzielacz-wideo-ugreen-40254-vga-2x-vga-1m-czarny\/"},"modified":"2026-04-15T10:44:11","modified_gmt":"2026-04-15T08:44:11","slug":"rozdzielacz-wideo-ugreen-40254-vga-2x-vga-1m-czarny","status":"publish","type":"product","link":"https:\/\/ironsky.pl\/sklep\/produkt\/rozdzielacz-wideo-ugreen-40254-vga-2x-vga-1m-czarny\/","title":{"rendered":"Rozdzielacz wideo UGREEN 40254 VGA-2x VGA 1m (czarny)"},"content":{"rendered":"<h3>Rozdzielacz VGA UGREEN 40254 &#8211; swoboda u\u017cytkowania<\/h3>\n<p>Wysokiej klasy rozdzielacz VGA UGREEN 40254 pozwala rozdziela\u0107 sygna\u0142 na 2 monitory, wy\u015bwietlacze czy projektory. Obs\u0142uguj\u0105c rozdzielczo\u015b\u0107 1920&#215;1440, zachwyci Ci\u0119 doskona\u0142\u0105 jako\u015bci\u0105. System Plug&#038;Play znacznie u\u0142atwia obs\u0142ug\u0119 urz\u0105dzenia, a wykonana z tworzywa ABS obudowa zwi\u0119ksza jego wytrzyma\u0142o\u015b\u0107.<\/p>\n<p><img decoding=\"async\" src=\"https:\/\/b2b.innpro.pl\/data\/include\/cms\/01Jarczyk\/ugreen\/40254\/1_11.jpg\"><\/p>\n<h3>Imponuj\u0105ca\u00a0kompatybilno\u015b\u0107<\/h3>\n<p>Szeroka kompatybilno\u015b\u0107 sprawia, \u017ce rozdzielacz UGREEN 40254 jest wyj\u0105tkowo uniwersalny. Jego z\u0142\u0105cze wej\u015bcia pasuje mi\u0119dzy innymi do komputer\u00f3w, laptop\u00f3w i konsol. Z kolei z\u0142\u0105cze wyj\u015bcia bez problemu pod\u0142\u0105czysz do projektora, monitora lub wy\u015bwietlacza.<\/p>\n<p><img decoding=\"async\" src=\"https:\/\/b2b.innpro.pl\/data\/include\/cms\/01Jarczyk\/ugreen\/40254\/40254--790_04.jpg\"><\/p>\n<h3>2 ekrany &#8211; wi\u0119cej mo\u017cliwo\u015bci<\/h3>\n<p>Rozdzielacz nie rozszerza obrazu, ale go powiela. Dzi\u0119ki niemu mo\u017cesz zyska\u0107 wygodny podgl\u0105d na 2 dodatkowych wy\u015bwietlaczach. Wykorzystaj t\u0119 mo\u017cliwo\u015b\u0107 tak, jak potrzebujesz &#8211; na przyk\u0142ad przygotuj doskona\u0142\u0105 prezentacj\u0119, kt\u00f3ra dzi\u0119ki wykorzystaniu 2 ekran\u00f3w zainteresuje Twoich s\u0142uchaczy.<\/p>\n<p><img decoding=\"async\" src=\"https:\/\/b2b.innpro.pl\/data\/include\/cms\/01Jarczyk\/ugreen\/40254\/40254--790_02.jpg\"><\/p>\n<h3>Zachwycaj\u0105cy obraz<\/h3>\n<p>Urz\u0105dzenie obs\u0142uguje rozdzielczo\u015b\u0107 do 1920&#215;1440@60Hz, dzi\u0119ki czemu oferuje doskona\u0142\u0105 jako\u015b\u0107 obrazu. Zachwyci Ci\u0119 bogactwem szczeg\u00f3\u0142\u00f3w. Ju\u017c nigdy niczego nie przegapisz &#8211; obserwuj\u0105c wszystko na du\u017cym ekranie, po prostu zobaczysz wi\u0119cej. Ponadto funkcja DDC dost\u0119pna dla wyj\u015bcia VGA 1 umo\u017cliwia automatyczne dostosowywanie najlepszej rozdzielczo\u015bci.<\/p>\n<p><img decoding=\"async\" src=\"https:\/\/b2b.innpro.pl\/data\/include\/cms\/01Jarczyk\/ugreen\/40254\/40254--790_01.jpg\"><\/p>\n<h3>Niezawodna transmisja<\/h3>\n<p>Wbudowany modu\u0142 wzmacniania sygna\u0142u pozwala zapewni\u0107 szybk\u0105 i stabiln\u0105 transmisj\u0119. Zapomnij o zak\u0142\u00f3ceniach, problemach z po\u0142\u0105czeniem i niespodziewanych przerwach w nadawaniu &#8211; UGREEN 40254 z pewno\u015bci\u0105 Ci\u0119 nie zawiedzie.<\/p>\n<p><img decoding=\"async\" src=\"https:\/\/b2b.innpro.pl\/data\/include\/cms\/01Jarczyk\/ugreen\/40254\/1_04.jpg\"><\/p>\n<h3>Przyjazny u\u017cytkownikowi<\/h3>\n<p>Rozdzielacz jest bajecznie prosty w obs\u0142udze. System Plug&#038;Play oszcz\u0119dzi Ci problem\u00f3w z konfiguracj\u0105, a specjalny wska\u017anik LED poinformuje Ci\u0119 o statusie urz\u0105dzenia. Produkt zosta\u0142 te\u017c wyposa\u017cony w port Micro USB, do kt\u00f3rego mo\u017cesz pod\u0142\u0105czy\u0107 zewn\u0119trzne \u017ar\u00f3d\u0142o zasilania.<\/p>\n<p><img decoding=\"async\" src=\"https:\/\/b2b.innpro.pl\/data\/include\/cms\/01Jarczyk\/ugreen\/40254\/40254--790_05.jpg\"><\/p>\n<h3>Inwestycja na lata<\/h3>\n<p>Obudowa urz\u0105dzenia zosta\u0142a wykonana z tworzywa ABS. Zapewnia ono wyj\u0105tkow\u0105 odporno\u015b\u0107 na ciep\u0142o i niezr\u00f3wnan\u0105 wytrzyma\u0142o\u015b\u0107. Z kolei z\u0142\u0105cza VGA zosta\u0142y pokryte niklow\u0105 pow\u0142ok\u0105, dzi\u0119ki kt\u00f3rej przetrwaj\u0105 nawet d\u0142ugotrwa\u0142e u\u017cytkowanie, a ponadto s\u0105 zabezpieczone przed korozj\u0105. Rozdzielacz mo\u017ce Ci wi\u0119c s\u0142u\u017cy\u0107 bardzo d\u0142ugo &#8211; nie grozi mu zbyt szybkie zu\u017cycie lub zniszczenie.<\/p>\n<p><img decoding=\"async\" src=\"https:\/\/b2b.innpro.pl\/data\/include\/cms\/01Jarczyk\/ugreen\/40254\/1_08.jpg\"><\/p>\n<div class=\"table-wrapper\">\n<table class=\"table-specs\" style=\"margin-left: auto; margin-right: auto;\">\n<tbody>\n<tr>\n<th><span>Producent<\/span><\/th>\n<td><span>UGREEN<\/span><\/td>\n<\/tr>\n<tr>\n<th><span>Nazwa<\/span><\/th>\n<td><span>VGA 1 in 2 out splitter<\/span><\/td>\n<\/tr>\n<tr>\n<th><span>Model<\/span><\/th>\n<td><span>40254<\/span><\/td>\n<\/tr>\n<tr>\n<th><span>Przepustowo\u015b\u0107<\/span><\/th>\n<td><span>250Mzh<\/span><\/td>\n<\/tr>\n<tr>\n<th><span>\u015arednica drutu<\/span><\/th>\n<td><span>26AWG<\/span><\/td>\n<\/tr>\n<tr>\n<th><span>Najd\u0142u\u017cszy dystans transmisji<\/span><\/th>\n<td><span>25 metr\u00f3w<\/span><\/td>\n<\/tr>\n<tr>\n<th><span>D\u0142ugo\u015b\u0107<\/span><\/th>\n<td><span>1 m<\/span><\/td>\n<\/tr>\n<\/tbody>\n<\/table>\n<\/div>\n","protected":false},"excerpt":{"rendered":"<p>Rozdzielacz VGA UGREEN 40254 &#8211; swoboda u\u017cytkowania Wysokiej klasy rozdzielacz VGA UGREEN 40254 pozwala rozdziela\u0107 sygna\u0142 na 2 monitory, wy\u015bwietlacze<\/p>\n","protected":false},"featured_media":55532,"comment_status":"closed","ping_status":"open","template":"","meta":{"_acf_changed":false},"product_brand":[],"product_cat":[5930,5929],"product_tag":[],"class_list":{"0":"post-55531","1":"product","2":"type-product","3":"status-publish","4":"has-post-thumbnail","6":"product_cat-adaptery-przejsciowki-konwertery","7":"product_cat-akcesoria-it","8":"pa_okres-gwarancji-5757","9":"pa_producent-ugreen","11":"first","12":"outofstock","13":"taxable","14":"shipping-taxable","15":"purchasable","16":"product-type-simple"},"acf":[],"yoast_head":"<!-- This site is optimized with the Yoast SEO plugin v27.2 - https:\/\/yoast.com\/product\/yoast-seo-wordpress\/ -->\n<title>Rozdzielacz wideo UGREEN 40254 VGA-2x VGA 1m (czarny) - IRONSKY.PL Sklep z Dronami<\/title>\n<meta name=\"description\" content=\"Rozdzielacz wideo UGREEN 40254 VGA-2x VGA 1m (czarny) - \u2705 sklep z dronami i fachowym doradztwem. \u2705 Tutaj kupisz produkty DJI, Yuneec, Parrot, Syma i wiele innych, a tak\u017ce kursy i licencje na operatora drona.\" \/>\n<meta name=\"robots\" content=\"index, follow, max-snippet:-1, max-image-preview:large, max-video-preview:-1\" \/>\n<link rel=\"canonical\" href=\"https:\/\/ironsky.pl\/sklep\/produkt\/rozdzielacz-wideo-ugreen-40254-vga-2x-vga-1m-czarny\/\" \/>\n<meta property=\"og:locale\" content=\"pl_PL\" \/>\n<meta property=\"og:type\" content=\"article\" \/>\n<meta property=\"og:title\" content=\"Rozdzielacz wideo UGREEN 40254 VGA-2x VGA 1m (czarny) - IRONSKY.PL Sklep z Dronami\" \/>\n<meta property=\"og:description\" content=\"Rozdzielacz wideo UGREEN 40254 VGA-2x VGA 1m (czarny) - \u2705 sklep z dronami i fachowym doradztwem. \u2705 Tutaj kupisz produkty DJI, Yuneec, Parrot, Syma i wiele innych, a tak\u017ce kursy i licencje na operatora drona.\" \/>\n<meta property=\"og:url\" content=\"https:\/\/ironsky.pl\/sklep\/produkt\/rozdzielacz-wideo-ugreen-40254-vga-2x-vga-1m-czarny\/\" \/>\n<meta property=\"og:site_name\" content=\"IRONSKY.PL Sklep z Dronami\" \/>\n<meta property=\"article:modified_time\" content=\"2026-04-15T08:44:11+00:00\" \/>\n<meta property=\"og:image\" content=\"https:\/\/ironsky.pl\/sklep\/wp-content\/uploads\/2026\/04\/19584_1.jpg\" \/>\n\t<meta property=\"og:image:width\" content=\"800\" \/>\n\t<meta property=\"og:image:height\" content=\"800\" \/>\n\t<meta property=\"og:image:type\" content=\"image\/jpeg\" \/>\n<meta name=\"twitter:card\" content=\"summary_large_image\" \/>\n<meta name=\"twitter:label1\" content=\"Szacowany czas czytania\" \/>\n\t<meta name=\"twitter:data1\" content=\"2 minuty\" \/>\n<script type=\"application\/ld+json\" class=\"yoast-schema-graph\">{\"@context\":\"https:\/\/schema.org\",\"@graph\":[{\"@type\":\"WebPage\",\"@id\":\"https:\/\/ironsky.pl\/sklep\/produkt\/rozdzielacz-wideo-ugreen-40254-vga-2x-vga-1m-czarny\/\",\"url\":\"https:\/\/ironsky.pl\/sklep\/produkt\/rozdzielacz-wideo-ugreen-40254-vga-2x-vga-1m-czarny\/\",\"name\":\"Rozdzielacz wideo UGREEN 40254 VGA-2x VGA 1m (czarny) - IRONSKY.PL Sklep z Dronami\",\"isPartOf\":{\"@id\":\"https:\/\/ironsky.pl\/sklep\/#website\"},\"primaryImageOfPage\":{\"@id\":\"https:\/\/ironsky.pl\/sklep\/produkt\/rozdzielacz-wideo-ugreen-40254-vga-2x-vga-1m-czarny\/#primaryimage\"},\"image\":{\"@id\":\"https:\/\/ironsky.pl\/sklep\/produkt\/rozdzielacz-wideo-ugreen-40254-vga-2x-vga-1m-czarny\/#primaryimage\"},\"thumbnailUrl\":\"https:\/\/ironsky.pl\/sklep\/wp-content\/uploads\/2026\/04\/19584_1.jpg\",\"datePublished\":\"2026-04-15T08:05:13+00:00\",\"dateModified\":\"2026-04-15T08:44:11+00:00\",\"description\":\"Rozdzielacz wideo UGREEN 40254 VGA-2x VGA 1m (czarny) - \u2705 sklep z dronami i fachowym doradztwem. \u2705 Tutaj kupisz produkty DJI, Yuneec, Parrot, Syma i wiele innych, a tak\u017ce kursy i licencje na operatora drona.\",\"breadcrumb\":{\"@id\":\"https:\/\/ironsky.pl\/sklep\/produkt\/rozdzielacz-wideo-ugreen-40254-vga-2x-vga-1m-czarny\/#breadcrumb\"},\"inLanguage\":\"pl-PL\",\"potentialAction\":[{\"@type\":\"ReadAction\",\"target\":[\"https:\/\/ironsky.pl\/sklep\/produkt\/rozdzielacz-wideo-ugreen-40254-vga-2x-vga-1m-czarny\/\"]}]},{\"@type\":\"ImageObject\",\"inLanguage\":\"pl-PL\",\"@id\":\"https:\/\/ironsky.pl\/sklep\/produkt\/rozdzielacz-wideo-ugreen-40254-vga-2x-vga-1m-czarny\/#primaryimage\",\"url\":\"https:\/\/ironsky.pl\/sklep\/wp-content\/uploads\/2026\/04\/19584_1.jpg\",\"contentUrl\":\"https:\/\/ironsky.pl\/sklep\/wp-content\/uploads\/2026\/04\/19584_1.jpg\",\"width\":800,\"height\":800},{\"@type\":\"BreadcrumbList\",\"@id\":\"https:\/\/ironsky.pl\/sklep\/produkt\/rozdzielacz-wideo-ugreen-40254-vga-2x-vga-1m-czarny\/#breadcrumb\",\"itemListElement\":[{\"@type\":\"ListItem\",\"position\":1,\"name\":\"Strona g\u0142\u00f3wna\",\"item\":\"https:\/\/ironsky.pl\/sklep\/\"},{\"@type\":\"ListItem\",\"position\":2,\"name\":\"Wszystkie produkty\",\"item\":\"https:\/\/ironsky.pl\/sklep\/produkty\/\"},{\"@type\":\"ListItem\",\"position\":3,\"name\":\"Rozdzielacz wideo UGREEN 40254 VGA-2x VGA 1m (czarny)\"}]},{\"@type\":\"WebSite\",\"@id\":\"https:\/\/ironsky.pl\/sklep\/#website\",\"url\":\"https:\/\/ironsky.pl\/sklep\/\",\"name\":\"IRONSKY.PL Sklep z Dronami\",\"description\":\"IRONSKY.PL Sklep z Dronami\",\"potentialAction\":[{\"@type\":\"SearchAction\",\"target\":{\"@type\":\"EntryPoint\",\"urlTemplate\":\"https:\/\/ironsky.pl\/sklep\/?s={search_term_string}\"},\"query-input\":{\"@type\":\"PropertyValueSpecification\",\"valueRequired\":true,\"valueName\":\"search_term_string\"}}],\"inLanguage\":\"pl-PL\"}]}<\/script>\n<!-- \/ Yoast SEO plugin. -->","yoast_head_json":{"title":"Rozdzielacz wideo UGREEN 40254 VGA-2x VGA 1m (czarny) - IRONSKY.PL Sklep z Dronami","description":"Rozdzielacz wideo UGREEN 40254 VGA-2x VGA 1m (czarny) - \u2705 sklep z dronami i fachowym doradztwem. \u2705 Tutaj kupisz produkty DJI, Yuneec, Parrot, Syma i wiele innych, a tak\u017ce kursy i licencje na operatora drona.","robots":{"index":"index","follow":"follow","max-snippet":"max-snippet:-1","max-image-preview":"max-image-preview:large","max-video-preview":"max-video-preview:-1"},"canonical":"https:\/\/ironsky.pl\/sklep\/produkt\/rozdzielacz-wideo-ugreen-40254-vga-2x-vga-1m-czarny\/","og_locale":"pl_PL","og_type":"article","og_title":"Rozdzielacz wideo UGREEN 40254 VGA-2x VGA 1m (czarny) - IRONSKY.PL Sklep z Dronami","og_description":"Rozdzielacz wideo UGREEN 40254 VGA-2x VGA 1m (czarny) - \u2705 sklep z dronami i fachowym doradztwem. \u2705 Tutaj kupisz produkty DJI, Yuneec, Parrot, Syma i wiele innych, a tak\u017ce kursy i licencje na operatora drona.","og_url":"https:\/\/ironsky.pl\/sklep\/produkt\/rozdzielacz-wideo-ugreen-40254-vga-2x-vga-1m-czarny\/","og_site_name":"IRONSKY.PL Sklep z Dronami","article_modified_time":"2026-04-15T08:44:11+00:00","og_image":[{"width":800,"height":800,"url":"https:\/\/ironsky.pl\/sklep\/wp-content\/uploads\/2026\/04\/19584_1.jpg","type":"image\/jpeg"}],"twitter_card":"summary_large_image","twitter_misc":{"Szacowany czas czytania":"2 minuty"},"schema":{"@context":"https:\/\/schema.org","@graph":[{"@type":"WebPage","@id":"https:\/\/ironsky.pl\/sklep\/produkt\/rozdzielacz-wideo-ugreen-40254-vga-2x-vga-1m-czarny\/","url":"https:\/\/ironsky.pl\/sklep\/produkt\/rozdzielacz-wideo-ugreen-40254-vga-2x-vga-1m-czarny\/","name":"Rozdzielacz wideo UGREEN 40254 VGA-2x VGA 1m (czarny) - IRONSKY.PL Sklep z Dronami","isPartOf":{"@id":"https:\/\/ironsky.pl\/sklep\/#website"},"primaryImageOfPage":{"@id":"https:\/\/ironsky.pl\/sklep\/produkt\/rozdzielacz-wideo-ugreen-40254-vga-2x-vga-1m-czarny\/#primaryimage"},"image":{"@id":"https:\/\/ironsky.pl\/sklep\/produkt\/rozdzielacz-wideo-ugreen-40254-vga-2x-vga-1m-czarny\/#primaryimage"},"thumbnailUrl":"https:\/\/ironsky.pl\/sklep\/wp-content\/uploads\/2026\/04\/19584_1.jpg","datePublished":"2026-04-15T08:05:13+00:00","dateModified":"2026-04-15T08:44:11+00:00","description":"Rozdzielacz wideo UGREEN 40254 VGA-2x VGA 1m (czarny) - \u2705 sklep z dronami i fachowym doradztwem. \u2705 Tutaj kupisz produkty DJI, Yuneec, Parrot, Syma i wiele innych, a tak\u017ce kursy i licencje na operatora drona.","breadcrumb":{"@id":"https:\/\/ironsky.pl\/sklep\/produkt\/rozdzielacz-wideo-ugreen-40254-vga-2x-vga-1m-czarny\/#breadcrumb"},"inLanguage":"pl-PL","potentialAction":[{"@type":"ReadAction","target":["https:\/\/ironsky.pl\/sklep\/produkt\/rozdzielacz-wideo-ugreen-40254-vga-2x-vga-1m-czarny\/"]}]},{"@type":"ImageObject","inLanguage":"pl-PL","@id":"https:\/\/ironsky.pl\/sklep\/produkt\/rozdzielacz-wideo-ugreen-40254-vga-2x-vga-1m-czarny\/#primaryimage","url":"https:\/\/ironsky.pl\/sklep\/wp-content\/uploads\/2026\/04\/19584_1.jpg","contentUrl":"https:\/\/ironsky.pl\/sklep\/wp-content\/uploads\/2026\/04\/19584_1.jpg","width":800,"height":800},{"@type":"BreadcrumbList","@id":"https:\/\/ironsky.pl\/sklep\/produkt\/rozdzielacz-wideo-ugreen-40254-vga-2x-vga-1m-czarny\/#breadcrumb","itemListElement":[{"@type":"ListItem","position":1,"name":"Strona g\u0142\u00f3wna","item":"https:\/\/ironsky.pl\/sklep\/"},{"@type":"ListItem","position":2,"name":"Wszystkie produkty","item":"https:\/\/ironsky.pl\/sklep\/produkty\/"},{"@type":"ListItem","position":3,"name":"Rozdzielacz wideo UGREEN 40254 VGA-2x VGA 1m (czarny)"}]},{"@type":"WebSite","@id":"https:\/\/ironsky.pl\/sklep\/#website","url":"https:\/\/ironsky.pl\/sklep\/","name":"IRONSKY.PL Sklep z Dronami","description":"IRONSKY.PL Sklep z Dronami","potentialAction":[{"@type":"SearchAction","target":{"@type":"EntryPoint","urlTemplate":"https:\/\/ironsky.pl\/sklep\/?s={search_term_string}"},"query-input":{"@type":"PropertyValueSpecification","valueRequired":true,"valueName":"search_term_string"}}],"inLanguage":"pl-PL"}]}},"_links":{"self":[{"href":"https:\/\/ironsky.pl\/sklep\/wp-json\/wp\/v2\/product\/55531","targetHints":{"allow":["GET"]}}],"collection":[{"href":"https:\/\/ironsky.pl\/sklep\/wp-json\/wp\/v2\/product"}],"about":[{"href":"https:\/\/ironsky.pl\/sklep\/wp-json\/wp\/v2\/types\/product"}],"replies":[{"embeddable":true,"href":"https:\/\/ironsky.pl\/sklep\/wp-json\/wp\/v2\/comments?post=55531"}],"wp:featuredmedia":[{"embeddable":true,"href":"https:\/\/ironsky.pl\/sklep\/wp-json\/wp\/v2\/media\/55532"}],"wp:attachment":[{"href":"https:\/\/ironsky.pl\/sklep\/wp-json\/wp\/v2\/media?parent=55531"}],"wp:term":[{"taxonomy":"product_brand","embeddable":true,"href":"https:\/\/ironsky.pl\/sklep\/wp-json\/wp\/v2\/product_brand?post=55531"},{"taxonomy":"product_cat","embeddable":true,"href":"https:\/\/ironsky.pl\/sklep\/wp-json\/wp\/v2\/product_cat?post=55531"},{"taxonomy":"product_tag","embeddable":true,"href":"https:\/\/ironsky.pl\/sklep\/wp-json\/wp\/v2\/product_tag?post=55531"}],"curies":[{"name":"wp","href":"https:\/\/api.w.org\/{rel}","templated":true}]}}