{"id":55523,"date":"2026-04-15T10:05:13","date_gmt":"2026-04-15T08:05:13","guid":{"rendered":"https:\/\/ironsky.pl\/sklep\/produkt\/pix4dmapper-licencja-one-time-charge\/"},"modified":"2026-04-22T10:45:11","modified_gmt":"2026-04-22T08:45:11","slug":"pix4dmapper-licencja-one-time-charge","status":"publish","type":"product","link":"https:\/\/ironsky.pl\/sklep\/produkt\/pix4dmapper-licencja-one-time-charge\/","title":{"rendered":"PIX4Dmapper &#8211; Licencja One-time charge"},"content":{"rendered":"<div style=\"display: flex; flex-direction: column;\" class=\"iai-section-b518b711-327c-49dd-a6df-803f52333dbe-description-wrapper\">\n<div class=\"iai-section-b518b711-327c-49dd-a6df-803f52333dbe iai-section-b518b711-327c-49dd-a6df-803f52333dbe-html\">\n<h3>Pix4Dmapper<\/h3>\n<p>Wiod\u0105ce oprogramowanie fotogrametryczne do profesjonalnego mapowania dronem.<\/p>\n<p><img decoding=\"async\" src=\"https:\/\/b2b.innpro.pl\/data\/include\/cms\/enterprise\/Pix4d\/Pix4d-mapper-capture.png?v=1615901151078\" border=\"0\"><\/p>\n<h3>Przechwytywanie<\/h3>\n<p>Przechwytywanie obraz\u00f3w RGB, termicznych lub multispektralnych za pomoc\u0105 dowolnej kamery.<\/p>\n<p>Je\u015bli u\u017cywasz drona, zautomatyzuj lot i transfer danych obrazu za pomoc\u0105 naszej darmowej aplikacji Pix4Dcapture.<\/p>\n<p><img decoding=\"async\" src=\"https:\/\/b2b.innpro.pl\/data\/include\/cms\/enterprise\/Pix4d\/Pix4d-mapper-digitize.png\" border=\"0\"><\/p>\n<h3>Digitalizacja<\/h3>\n<p>Algorytmy fotogrametryczne Pix4Dmapper przekszta\u0142caj\u0105 Twoje zdj\u0119cia naziemne lub lotnicze w cyfrowe mapy i modele 3D.<\/p>\n<p>Bezproblemowo przetwarzaj swoje projekty na pulpicie za pomoc\u0105 naszego oprogramowania do fotogrametrii lub po\u0142\u0105cz z Pix4Dcloud do przetwarzania online.<\/p>\n<p><img decoding=\"async\" src=\"https:\/\/b2b.innpro.pl\/data\/include\/cms\/enterprise\/Pix4d\/Pix4d-mapper-control.png\" border=\"0\"><\/p>\n<h3>Kontrola<\/h3>\n<p>Wykorzystaj moc fotogrametrii w \u015brodowisku rayCloud do oceny, kontroli i poprawy jako\u015bci swoich projekt\u00f3w.<\/p>\n<p>U\u017cyj raportu jako\u015bci, aby sprawdzi\u0107 podgl\u0105d wygenerowanych wynik\u00f3w, szczeg\u00f3\u0142y kalibracji i wiele innych wska\u017anik\u00f3w jako\u015bci projektu.<\/p>\n<p><img decoding=\"async\" src=\"https:\/\/b2b.innpro.pl\/data\/include\/cms\/enterprise\/Pix4d\/Pix4d-mapper-measure-inspect.png\" border=\"0\"><\/p>\n<h3>Pomiary i badania<\/h3>\n<p>Precyzyjnie mierz odleg\u0142o\u015bci, powierzchnie i obj\u0119to\u015bci.<\/p>\n<p><img decoding=\"async\" src=\"https:\/\/b2b.innpro.pl\/data\/include\/cms\/enterprise\/Pix4d\/Pix4d-mapper-collaborate-share.png\" border=\"0\"><\/p>\n<h3>Wsp\u00f3\u0142praca i udost\u0119pnianie danych<\/h3>\n<p>Usprawnij komunikacj\u0119 w ramach projekt\u00f3w i prac zespo\u0142owych.<\/p>\n<p>Selektywnie i bezpiecznie udost\u0119pniaj dane projektowe i spostrze\u017cenia swojemu zespo\u0142owi, klientom i dostawcom, korzystaj\u0105c ze standardowych format\u00f3w plik\u00f3w.<\/p>\n<h3>Rozwi\u0105zanie fotogrametryczne do zastosowa\u0144 w r\u00f3\u017cnych ga\u0142\u0119ziach przemys\u0142u<\/h3>\n<p>Zaawansowane przetwarzanie danych zapewniaj\u0105ce precyzyjne wyniki.<\/p>\n<table>\n<tbody>\n<tr>\n<td>\n<h3>Uzyskaj wyniki z dok\u0142adno\u015bci\u0105 poni\u017cej centymetra dzi\u0119ki analizie fotogrametrycznej<\/h3>\n<p>1-2 pikseli GSD w osiach X, Y<br \/>1-3 pikseli GSD w osi Z<\/p>\n<\/td>\n<td><img decoding=\"async\" src=\"https:\/\/b2b.innpro.pl\/data\/include\/cms\/enterprise\/Pix4d\/Pix4d-mapper-Survey.png?v=1615903182893\" border=\"0\"><\/td>\n<\/tr>\n<tr>\n<td>\n<p><img decoding=\"async\" src=\"https:\/\/b2b.innpro.pl\/data\/include\/cms\/enterprise\/Pix4d\/Pix4d-mapper-complete-control.png?v=1615903182892\" border=\"0\"><\/p>\n<\/td>\n<td>\n<h3>Pe\u0142na kontrola nad projektem<\/h3>\n<p>Zdefiniuj obszar zainteresowania, wybierz opcje przetwarzania, dodaj punkty kontroli terenu lub edytuj chmury punkt\u00f3w, modele powierzchniowe, siatki i ortomozaik\u0119.<\/p>\n<\/td>\n<\/tr>\n<tr>\n<td>\n<h3>Tw\u00f3j spos\u00f3b pracy, Tw\u00f3j wyb\u00f3r<\/h3>\n<p>U\u017cyj domy\u015blnych szablon\u00f3w do automatycznego przetwarzania projekt\u00f3w lub stw\u00f3rz w\u0142asne z niestandardowymi ustawieniami, aby uzyska\u0107 pe\u0142n\u0105 kontrol\u0119 nad danymi i jako\u015bci\u0105.<\/p>\n<\/td>\n<td><img decoding=\"async\" src=\"https:\/\/b2b.innpro.pl\/data\/include\/cms\/enterprise\/Pix4d\/Pix4d-mapper-workflow.png?v=1615903182891\" border=\"0\" width=\"250\" height=\"250\"><\/td>\n<\/tr>\n<\/tbody>\n<\/table>\n<p><img decoding=\"async\" src=\"https:\/\/b2b.innpro.pl\/data\/include\/cms\/enterprise\/Pix4d\/Pix4d-mapper-raycloud.png?v=1615903598044\" border=\"0\"><\/p>\n<h3>rayCloudtm &#8211; Pot\u0119ga oprogramowania do fotogrametrii<\/h3>\n<p>Niepowtarzalne \u015brodowisko \u0142\u0105cz\u0105ce Twoje surowe zdj\u0119cia z ka\u017cdym punktem rekonstrukcji 3D, aby wizualnie zweryfikowa\u0107 i poprawi\u0107 dok\u0142adno\u015b\u0107 Twojego projektu.<\/p>\n<p><img decoding=\"async\" src=\"https:\/\/b2b.innpro.pl\/data\/include\/cms\/enterprise\/Pix4d\/Pix4d-mapper-automatic-point-cloud.jpg?v=1615904254197\" border=\"0\"><\/p>\n<h3>Automatyczna klasyfikacja chmur punkt\u00f3w<\/h3>\n<p>Wyr\u00f3\u017cniaj obiekty za pomoc\u0105 proces\u00f3w klasyfikacji opartych na uczeniu maszynowym.<\/p>\n<p><img decoding=\"async\" src=\"https:\/\/b2b.innpro.pl\/data\/include\/cms\/enterprise\/Pix4d\/Pix4d-mapper-flatten-smoothen.jpg?v=1615904254196\" border=\"0\"><\/p>\n<h3>Sp\u0142aszczanie i wyg\u0142adzanie powierzchni<\/h3>\n<p>Tw\u00f3rz wirtualne powierzchnie, aby poprawi\u0107 p\u0142aszczyzn\u0119 lub wype\u0142ni\u0107 ubytki w kluczowych obszarach.<\/p>\n<p><img decoding=\"async\" src=\"https:\/\/b2b.innpro.pl\/data\/include\/cms\/enterprise\/Pix4d\/Pix4d-mapper-easy-measure.jpg?v=1615904254196\" border=\"0\"><\/p>\n<h3>\u0141atwy pomiar powierzchni, odleg\u0142o\u015bci i obj\u0119to\u015bci<\/h3>\n<p>Dokonuj pomiar\u00f3w w 3D dzi\u0119ki w pe\u0142ni regulowanych wysoko\u015bciach bazowych.<\/p>\n<p><img decoding=\"async\" src=\"https:\/\/b2b.innpro.pl\/data\/include\/cms\/enterprise\/Pix4d\/Pix4d-mapper-control-over-accuracy.jpg?v=1615904254197\" border=\"0\"><\/p>\n<h3>Kontrola nad szczeg\u00f3\u0142owo\u015bci\u0105 projektu<\/h3>\n<p>Dodawaj adnotacje i edytuj 2D i 3D GCP, punkty kontrolne i MTP z najwy\u017csz\u0105 dok\u0142adno\u015bci\u0105, korzystaj\u0105c jednocze\u015bnie z oryginalnych obraz\u00f3w i informacji 3D.<\/p>\n<p><img decoding=\"async\" src=\"https:\/\/b2b.innpro.pl\/data\/include\/cms\/enterprise\/Pix4d\/Pix4d-mapper-report.png?v=1615904254196\" border=\"0\"><\/p>\n<h3>Szczeg\u00f3\u0142owy raport jako\u015bciowy<\/h3>\n<p>Oce\u0144 dok\u0142adno\u015b\u0107 i jako\u015b\u0107 swoich projekt\u00f3w.<\/p>\n<p><img decoding=\"async\" src=\"https:\/\/b2b.innpro.pl\/data\/include\/cms\/enterprise\/Pix4d\/Pix4D_mapper_praca_ze_zdjeciami.jpg?v=1615984171933\" border=\"0\"><\/p>\n<h3>Praca ze zdj\u0119ciami nigdy nie by\u0142a taka prosta<\/h3>\n<p>Jakikolwiek aparat. Dowolny dron. Jakikolwiek obraz. Tak d\u0142ugo, jak jest to .jpg lub .tif.<\/p>\n<p><img decoding=\"async\" src=\"https:\/\/b2b.innpro.pl\/data\/include\/cms\/enterprise\/Pix4d\/Pix4D_mapper_generowanie_danych_wyjsciowych.jpg?v=1615985913935\" border=\"0\"><\/p>\n<h3>Generowanie danych wyj\u015bciowych w wysokiej rozdzielczo\u015bci dla ka\u017cdego projektu i przypadku u\u017cycia<\/h3>\n<p>\u0141atwe eksportowanib2b.innprorowych map i modeli do format\u00f3w zgodnych z bran\u017cowymi standardami w celu dalszej analizy lub raportowania.<\/p>\n<\/div>\n<\/div>\n","protected":false},"excerpt":{"rendered":"<p>Pix4Dmapper Wiod\u0105ce oprogramowanie fotogrametryczne do profesjonalnego mapowania dronem. Przechwytywanie Przechwytywanie obraz\u00f3w RGB, termicznych lub multispektralnych za pomoc\u0105 dowolnej kamery. Je\u015bli<\/p>\n","protected":false},"featured_media":55524,"comment_status":"closed","ping_status":"open","template":"","meta":{"_acf_changed":false},"product_brand":[],"product_cat":[1088,1105,6194],"product_tag":[],"class_list":{"0":"post-55523","1":"product","2":"type-product","3":"status-publish","4":"has-post-thumbnail","6":"product_cat-drony","7":"product_cat-przemyslowe","8":"product_cat-oprogramowanie","9":"pa_brak-5770","10":"pa_producent-pix4d","12":"first","13":"outofstock","14":"taxable","15":"shipping-taxable","16":"purchasable","17":"product-type-simple"},"acf":[],"yoast_head":"<!-- This site is optimized with the Yoast SEO plugin v27.2 - https:\/\/yoast.com\/product\/yoast-seo-wordpress\/ -->\n<title>PIX4Dmapper - Licencja One-time charge - IRONSKY.PL Sklep z Dronami<\/title>\n<meta name=\"description\" content=\"PIX4Dmapper - Licencja One-time charge - \u2705 sklep z dronami i fachowym doradztwem. \u2705 Tutaj kupisz produkty DJI, Yuneec, Parrot, Syma i wiele innych, a tak\u017ce kursy i licencje na operatora drona.\" \/>\n<meta name=\"robots\" content=\"index, follow, max-snippet:-1, max-image-preview:large, max-video-preview:-1\" \/>\n<link rel=\"canonical\" href=\"https:\/\/ironsky.pl\/sklep\/produkt\/pix4dmapper-licencja-one-time-charge\/\" \/>\n<meta property=\"og:locale\" content=\"pl_PL\" \/>\n<meta property=\"og:type\" content=\"article\" \/>\n<meta property=\"og:title\" content=\"PIX4Dmapper - Licencja One-time charge - IRONSKY.PL Sklep z Dronami\" \/>\n<meta property=\"og:description\" content=\"PIX4Dmapper - Licencja One-time charge - \u2705 sklep z dronami i fachowym doradztwem. \u2705 Tutaj kupisz produkty DJI, Yuneec, Parrot, Syma i wiele innych, a tak\u017ce kursy i licencje na operatora drona.\" \/>\n<meta property=\"og:url\" content=\"https:\/\/ironsky.pl\/sklep\/produkt\/pix4dmapper-licencja-one-time-charge\/\" \/>\n<meta property=\"og:site_name\" content=\"IRONSKY.PL Sklep z Dronami\" \/>\n<meta property=\"article:modified_time\" content=\"2026-04-22T08:45:11+00:00\" \/>\n<meta property=\"og:image\" content=\"https:\/\/ironsky.pl\/sklep\/wp-content\/uploads\/2026\/04\/19501_1.jpg\" \/>\n\t<meta property=\"og:image:width\" content=\"800\" \/>\n\t<meta property=\"og:image:height\" content=\"800\" \/>\n\t<meta property=\"og:image:type\" content=\"image\/jpeg\" \/>\n<meta name=\"twitter:card\" content=\"summary_large_image\" \/>\n<meta name=\"twitter:label1\" content=\"Szacowany czas czytania\" \/>\n\t<meta name=\"twitter:data1\" content=\"2 minuty\" \/>\n<script type=\"application\/ld+json\" class=\"yoast-schema-graph\">{\"@context\":\"https:\/\/schema.org\",\"@graph\":[{\"@type\":\"WebPage\",\"@id\":\"https:\/\/ironsky.pl\/sklep\/produkt\/pix4dmapper-licencja-one-time-charge\/\",\"url\":\"https:\/\/ironsky.pl\/sklep\/produkt\/pix4dmapper-licencja-one-time-charge\/\",\"name\":\"PIX4Dmapper - Licencja One-time charge - IRONSKY.PL Sklep z Dronami\",\"isPartOf\":{\"@id\":\"https:\/\/ironsky.pl\/sklep\/#website\"},\"primaryImageOfPage\":{\"@id\":\"https:\/\/ironsky.pl\/sklep\/produkt\/pix4dmapper-licencja-one-time-charge\/#primaryimage\"},\"image\":{\"@id\":\"https:\/\/ironsky.pl\/sklep\/produkt\/pix4dmapper-licencja-one-time-charge\/#primaryimage\"},\"thumbnailUrl\":\"https:\/\/ironsky.pl\/sklep\/wp-content\/uploads\/2026\/04\/19501_1.jpg\",\"datePublished\":\"2026-04-15T08:05:13+00:00\",\"dateModified\":\"2026-04-22T08:45:11+00:00\",\"description\":\"PIX4Dmapper - Licencja One-time charge - \u2705 sklep z dronami i fachowym doradztwem. \u2705 Tutaj kupisz produkty DJI, Yuneec, Parrot, Syma i wiele innych, a tak\u017ce kursy i licencje na operatora drona.\",\"breadcrumb\":{\"@id\":\"https:\/\/ironsky.pl\/sklep\/produkt\/pix4dmapper-licencja-one-time-charge\/#breadcrumb\"},\"inLanguage\":\"pl-PL\",\"potentialAction\":[{\"@type\":\"ReadAction\",\"target\":[\"https:\/\/ironsky.pl\/sklep\/produkt\/pix4dmapper-licencja-one-time-charge\/\"]}]},{\"@type\":\"ImageObject\",\"inLanguage\":\"pl-PL\",\"@id\":\"https:\/\/ironsky.pl\/sklep\/produkt\/pix4dmapper-licencja-one-time-charge\/#primaryimage\",\"url\":\"https:\/\/ironsky.pl\/sklep\/wp-content\/uploads\/2026\/04\/19501_1.jpg\",\"contentUrl\":\"https:\/\/ironsky.pl\/sklep\/wp-content\/uploads\/2026\/04\/19501_1.jpg\",\"width\":800,\"height\":800},{\"@type\":\"BreadcrumbList\",\"@id\":\"https:\/\/ironsky.pl\/sklep\/produkt\/pix4dmapper-licencja-one-time-charge\/#breadcrumb\",\"itemListElement\":[{\"@type\":\"ListItem\",\"position\":1,\"name\":\"Strona g\u0142\u00f3wna\",\"item\":\"https:\/\/ironsky.pl\/sklep\/\"},{\"@type\":\"ListItem\",\"position\":2,\"name\":\"Wszystkie produkty\",\"item\":\"https:\/\/ironsky.pl\/sklep\/produkty\/\"},{\"@type\":\"ListItem\",\"position\":3,\"name\":\"PIX4Dmapper &#8211; Licencja One-time charge\"}]},{\"@type\":\"WebSite\",\"@id\":\"https:\/\/ironsky.pl\/sklep\/#website\",\"url\":\"https:\/\/ironsky.pl\/sklep\/\",\"name\":\"IRONSKY.PL Sklep z Dronami\",\"description\":\"IRONSKY.PL Sklep z Dronami\",\"potentialAction\":[{\"@type\":\"SearchAction\",\"target\":{\"@type\":\"EntryPoint\",\"urlTemplate\":\"https:\/\/ironsky.pl\/sklep\/?s={search_term_string}\"},\"query-input\":{\"@type\":\"PropertyValueSpecification\",\"valueRequired\":true,\"valueName\":\"search_term_string\"}}],\"inLanguage\":\"pl-PL\"}]}<\/script>\n<!-- \/ Yoast SEO plugin. -->","yoast_head_json":{"title":"PIX4Dmapper - Licencja One-time charge - IRONSKY.PL Sklep z Dronami","description":"PIX4Dmapper - Licencja One-time charge - \u2705 sklep z dronami i fachowym doradztwem. \u2705 Tutaj kupisz produkty DJI, Yuneec, Parrot, Syma i wiele innych, a tak\u017ce kursy i licencje na operatora drona.","robots":{"index":"index","follow":"follow","max-snippet":"max-snippet:-1","max-image-preview":"max-image-preview:large","max-video-preview":"max-video-preview:-1"},"canonical":"https:\/\/ironsky.pl\/sklep\/produkt\/pix4dmapper-licencja-one-time-charge\/","og_locale":"pl_PL","og_type":"article","og_title":"PIX4Dmapper - Licencja One-time charge - IRONSKY.PL Sklep z Dronami","og_description":"PIX4Dmapper - Licencja One-time charge - \u2705 sklep z dronami i fachowym doradztwem. \u2705 Tutaj kupisz produkty DJI, Yuneec, Parrot, Syma i wiele innych, a tak\u017ce kursy i licencje na operatora drona.","og_url":"https:\/\/ironsky.pl\/sklep\/produkt\/pix4dmapper-licencja-one-time-charge\/","og_site_name":"IRONSKY.PL Sklep z Dronami","article_modified_time":"2026-04-22T08:45:11+00:00","og_image":[{"width":800,"height":800,"url":"https:\/\/ironsky.pl\/sklep\/wp-content\/uploads\/2026\/04\/19501_1.jpg","type":"image\/jpeg"}],"twitter_card":"summary_large_image","twitter_misc":{"Szacowany czas czytania":"2 minuty"},"schema":{"@context":"https:\/\/schema.org","@graph":[{"@type":"WebPage","@id":"https:\/\/ironsky.pl\/sklep\/produkt\/pix4dmapper-licencja-one-time-charge\/","url":"https:\/\/ironsky.pl\/sklep\/produkt\/pix4dmapper-licencja-one-time-charge\/","name":"PIX4Dmapper - Licencja One-time charge - IRONSKY.PL Sklep z Dronami","isPartOf":{"@id":"https:\/\/ironsky.pl\/sklep\/#website"},"primaryImageOfPage":{"@id":"https:\/\/ironsky.pl\/sklep\/produkt\/pix4dmapper-licencja-one-time-charge\/#primaryimage"},"image":{"@id":"https:\/\/ironsky.pl\/sklep\/produkt\/pix4dmapper-licencja-one-time-charge\/#primaryimage"},"thumbnailUrl":"https:\/\/ironsky.pl\/sklep\/wp-content\/uploads\/2026\/04\/19501_1.jpg","datePublished":"2026-04-15T08:05:13+00:00","dateModified":"2026-04-22T08:45:11+00:00","description":"PIX4Dmapper - Licencja One-time charge - \u2705 sklep z dronami i fachowym doradztwem. \u2705 Tutaj kupisz produkty DJI, Yuneec, Parrot, Syma i wiele innych, a tak\u017ce kursy i licencje na operatora drona.","breadcrumb":{"@id":"https:\/\/ironsky.pl\/sklep\/produkt\/pix4dmapper-licencja-one-time-charge\/#breadcrumb"},"inLanguage":"pl-PL","potentialAction":[{"@type":"ReadAction","target":["https:\/\/ironsky.pl\/sklep\/produkt\/pix4dmapper-licencja-one-time-charge\/"]}]},{"@type":"ImageObject","inLanguage":"pl-PL","@id":"https:\/\/ironsky.pl\/sklep\/produkt\/pix4dmapper-licencja-one-time-charge\/#primaryimage","url":"https:\/\/ironsky.pl\/sklep\/wp-content\/uploads\/2026\/04\/19501_1.jpg","contentUrl":"https:\/\/ironsky.pl\/sklep\/wp-content\/uploads\/2026\/04\/19501_1.jpg","width":800,"height":800},{"@type":"BreadcrumbList","@id":"https:\/\/ironsky.pl\/sklep\/produkt\/pix4dmapper-licencja-one-time-charge\/#breadcrumb","itemListElement":[{"@type":"ListItem","position":1,"name":"Strona g\u0142\u00f3wna","item":"https:\/\/ironsky.pl\/sklep\/"},{"@type":"ListItem","position":2,"name":"Wszystkie produkty","item":"https:\/\/ironsky.pl\/sklep\/produkty\/"},{"@type":"ListItem","position":3,"name":"PIX4Dmapper &#8211; Licencja One-time charge"}]},{"@type":"WebSite","@id":"https:\/\/ironsky.pl\/sklep\/#website","url":"https:\/\/ironsky.pl\/sklep\/","name":"IRONSKY.PL Sklep z Dronami","description":"IRONSKY.PL Sklep z Dronami","potentialAction":[{"@type":"SearchAction","target":{"@type":"EntryPoint","urlTemplate":"https:\/\/ironsky.pl\/sklep\/?s={search_term_string}"},"query-input":{"@type":"PropertyValueSpecification","valueRequired":true,"valueName":"search_term_string"}}],"inLanguage":"pl-PL"}]}},"_links":{"self":[{"href":"https:\/\/ironsky.pl\/sklep\/wp-json\/wp\/v2\/product\/55523","targetHints":{"allow":["GET"]}}],"collection":[{"href":"https:\/\/ironsky.pl\/sklep\/wp-json\/wp\/v2\/product"}],"about":[{"href":"https:\/\/ironsky.pl\/sklep\/wp-json\/wp\/v2\/types\/product"}],"replies":[{"embeddable":true,"href":"https:\/\/ironsky.pl\/sklep\/wp-json\/wp\/v2\/comments?post=55523"}],"wp:featuredmedia":[{"embeddable":true,"href":"https:\/\/ironsky.pl\/sklep\/wp-json\/wp\/v2\/media\/55524"}],"wp:attachment":[{"href":"https:\/\/ironsky.pl\/sklep\/wp-json\/wp\/v2\/media?parent=55523"}],"wp:term":[{"taxonomy":"product_brand","embeddable":true,"href":"https:\/\/ironsky.pl\/sklep\/wp-json\/wp\/v2\/product_brand?post=55523"},{"taxonomy":"product_cat","embeddable":true,"href":"https:\/\/ironsky.pl\/sklep\/wp-json\/wp\/v2\/product_cat?post=55523"},{"taxonomy":"product_tag","embeddable":true,"href":"https:\/\/ironsky.pl\/sklep\/wp-json\/wp\/v2\/product_tag?post=55523"}],"curies":[{"name":"wp","href":"https:\/\/api.w.org\/{rel}","templated":true}]}}