{"id":55513,"date":"2026-04-15T10:04:29","date_gmt":"2026-04-15T08:04:29","guid":{"rendered":"https:\/\/ironsky.pl\/sklep\/produkt\/lampa-kempingowa-superfire-t20-180lm-usb-2\/"},"modified":"2026-04-15T10:05:11","modified_gmt":"2026-04-15T08:05:11","slug":"lampa-kempingowa-superfire-t20-180lm-usb-2","status":"publish","type":"product","link":"https:\/\/ironsky.pl\/sklep\/produkt\/lampa-kempingowa-superfire-t20-180lm-usb-2\/","title":{"rendered":"Lampa kempingowa SUPERFIRE T20 180lm USB"},"content":{"rendered":"<h3>Przeno\u015bna lampka SuperFire T20 &#8211; idealna na camping<\/h3>\n<p>Niewielka lampka SuperFire T20 idealnie sprawdzi si\u0119 na campingu i nie tylko. \u015awiec\u0105c z jasno\u015bci\u0105 do 200 lumen\u00f3w, zapewni optymalne o\u015bwietlenie w wielu sytuacjach. Wydajny akumulator 1200 mAh gwarantuje d\u0142ugi czas pracy, a lekka waga 90 g sprawia, \u017ce bez problemu zabierzesz urz\u0105dzenie wsz\u0119dzie, gdzie chcesz. Ponadto dzi\u0119ki 4 trybom \u015bwiecenia z \u0142atwo\u015bci\u0105 dostosujesz jego dzia\u0142anie do swoich potrzeb. <\/p>\n<p><img decoding=\"async\" src=\"https:\/\/b2b.innpro.pl\/data\/include\/cms\/01Superfire\/T20-Camping\/1.jpg\"><\/p>\n<h3>Optymalne o\u015bwietlenie<\/h3>\n<p>\u015awiat\u0142o emitowane przez produkt jest przyjazne dla oczu. Wyr\u00f3\u017cnia si\u0119 te\u017c du\u017c\u0105 jasno\u015bci\u0105. To w\u0142a\u015bnie dlatego T20 doskonale sprawdza si\u0119 w wielu scenariuszach &#8211; niemal wsz\u0119dzie mo\u017ce zapewni\u0107 dok\u0142adnie takie o\u015bwietlenie, na jakim Ci zale\u017cy &#8211; zar\u00f3wno w domu, jak i na zewn\u0105trz.<\/p>\n<p><img decoding=\"async\" src=\"https:\/\/b2b.innpro.pl\/data\/include\/cms\/01Superfire\/T20-Camping\/6.jpg\"><\/p>\n<h3>4 tryby \u015bwiecenia<\/h3>\n<p>Lampka SuperFire mo\u017ce \u015bwieci\u0107 na 4 sposoby &#8211; mocno, s\u0142abo, z efektem stroboskopowym lub w trybie SOS. Dzi\u0119ki temu idealnie nadaje si\u0119 do r\u00f3\u017cnych zastosowa\u0144. Zapewni doskona\u0142e o\u015bwietlenie na campingu, w gara\u017cu czy w budce gastronomicznej. Sprawdzi si\u0119 te\u017c jako lampka nocna w sypialni lub w pokoju dziecka. Mo\u017cliwo\u015bci s\u0105 niemal nieograniczone.<\/p>\n<p><img decoding=\"async\" src=\"https:\/\/b2b.innpro.pl\/data\/include\/cms\/01Superfire\/T20-Camping\/5.jpg\"><\/p>\n<h3>Wyj\u0105tkowo wydajna<\/h3>\n<p>Pot\u0119\u017cny akumulator zapewnia nawet do 10 godziny pracy w trybie mocnego \u015bwiat\u0142a. Co wi\u0119cej, szybko i wygodnie na\u0142adujesz lamp\u0119 z pomoc\u0105 zwyk\u0142ego kabla USB. Wszystko to sprawia, \u017ce T20 zachwyci Ci\u0119 wydajnym, efektywnym dzia\u0142aniem. Niewiele trzeba, aby przez 10 godzin korzysta\u0107 z wyj\u0105tkowo jasnego o\u015bwietlenia!<\/p>\n<p><img decoding=\"async\" src=\"https:\/\/b2b.innpro.pl\/data\/include\/cms\/01Superfire\/T20-Camping\/4.jpg\"><\/p>\n<h3>Ciesz si\u0119 wygodn\u0105 obs\u0142ug\u0105<\/h3>\n<p>T20 jest te\u017c wyj\u0105tkowo prosta w obs\u0142udze. Jeden, wygodny przycisk umo\u017cliwia wykonywanie wszystkich operacji. Z jego pomoc\u0105 w\u0142\u0105czysz i wy\u0142\u0105czysz lampk\u0119, a tak\u017ce zmienisz tryb \u015bwiecenia. Najwa\u017cniejsza jest Twoja wygoda!<\/p>\n<p><img decoding=\"async\" src=\"https:\/\/b2b.innpro.pl\/data\/include\/cms\/01Superfire\/T20-Camping\/2.jpg\"><\/p>\n<h3>Zobacz jeszcze wi\u0119cej<\/h3>\n<p>Istnieje mo\u017cliwo\u015b\u0107 powieszenia lampki na specjalnym haku. Dzi\u0119ki temu zastosujesz j\u0105 w jeszcze bardziej zr\u00f3\u017cnicowanych scenariuszach. Mo\u017cesz na przyk\u0142ad zawiesi\u0107 j\u0105 w gara\u017cu, aby wi\u0119cej widzie\u0107, kiedy majsterkujesz. Wykorzystaj t\u0119 mo\u017cliwo\u015b\u0107 r\u00f3wnie\u017c na campingu &#8211; w ten spos\u00f3b wspaniale rozja\u015bnisz nawet najciemniejsz\u0105 noc.<\/p>\n<p><img decoding=\"async\" src=\"https:\/\/b2b.innpro.pl\/data\/include\/cms\/01Superfire\/T20-Camping\/3.jpg\"><\/p>\n<h3>Zabierz j\u0105 ze sob\u0105<\/h3>\n<p>Lampka jest lekka i niewielka &#8211; jej wymiary wynosz\u0105 jedynie 80x80x74 mm. Bez problemu zmie\u015bcisz j\u0105 zatem w swoim baga\u017cu i zabierzesz ze sob\u0105 pod namiot lub w podr\u00f3\u017c kamperem. Urz\u0105dzenie nie zajmuje zbyt wiele miejsca, mo\u017cesz wi\u0119c korzysta\u0107 z niego niemal wsz\u0119dzie, gdzie b\u0119dzie Ci potrzebne. T20 to optymalne o\u015bwietlenie przy jednoczesnej oszcz\u0119dno\u015bci przestrzeni!<\/p>\n<p><img decoding=\"async\" src=\"https:\/\/b2b.innpro.pl\/data\/include\/cms\/01Superfire\/T20-Camping\/7.jpg\"><\/p>\n<h3>W zestawie<\/h3>\n<ul>\n<li>Lampa turystyczna<\/li>\n<li>Przew\u00f3d USB<\/li>\n<\/ul>\n<div class=\"table-wrapper\">\n<table>\n<tbody>\n<tr>\n<th>Model<\/th>\n<td>T20<\/td>\n<\/tr>\n<tr>\n<th>\u0179r\u00f3d\u0142o \u015bwiat\u0142a<\/th>\n<td>2835led<\/td>\n<\/tr>\n<tr>\n<th>Moc znamionowa<\/th>\n<td>2<\/td>\n<\/tr>\n<tr>\n<th>Czas pracy<\/th>\n<td>4-10H<\/td>\n<\/tr>\n<tr>\n<th>Lumeny<\/th>\n<td>180<\/td>\n<\/tr>\n<tr>\n<th>Odporno\u015b\u0107 na upadek (metry)<\/th>\n<td>1<\/td>\n<\/tr>\n<tr>\n<th>Rozmiar (mm)<\/th>\n<td>80x80x74<\/td>\n<\/tr>\n<tr>\n<th>Waga (g)<\/th>\n<td>60<\/td>\n<\/tr>\n<tr>\n<th>Wodoodporno\u015b\u0107<\/th>\n<td>NIE<\/td>\n<\/tr>\n<tr>\n<th>Maks. odleg\u0142o\u015b\u0107 wi\u0105zki<\/th>\n<td>5<\/td>\n<\/tr>\n<tr>\n<th>Port \u0142adowania<\/th>\n<td>micro USB<\/td>\n<\/tr>\n<tr>\n<th>Pojemno\u015b\u0107 akumulatora (mAh)<\/th>\n<td>1200<\/td>\n<\/tr>\n<tr>\n<th>Materia\u0142<\/th>\n<td>pp<\/td>\n<\/tr>\n<tr>\n<th>Czas \u0142adowania<\/th>\n<td>3H<\/td>\n<\/tr>\n<\/tbody>\n<\/table>\n<\/div>\n","protected":false},"excerpt":{"rendered":"<p>Przeno\u015bna lampka SuperFire T20 &#8211; idealna na camping Niewielka lampka SuperFire T20 idealnie sprawdzi si\u0119 na campingu i nie tylko.<\/p>\n","protected":false},"featured_media":41176,"comment_status":"closed","ping_status":"open","template":"","meta":{"_acf_changed":false},"product_brand":[],"product_cat":[5947,5946,5937],"product_tag":[],"class_list":{"0":"post-55513","1":"product","2":"type-product","3":"status-publish","4":"has-post-thumbnail","6":"product_cat-lampy-kempingowe","7":"product_cat-oswietlenie","8":"product_cat-outdoor","9":"pa_okres-gwarancji-5754","10":"pa_producent-superfire","12":"first","13":"outofstock","14":"taxable","15":"shipping-taxable","16":"purchasable","17":"product-type-simple"},"acf":[],"yoast_head":"<!-- This site is optimized with the Yoast SEO plugin v27.2 - https:\/\/yoast.com\/product\/yoast-seo-wordpress\/ -->\n<title>Lampa kempingowa SUPERFIRE T20 180lm USB - IRONSKY.PL Sklep z Dronami<\/title>\n<meta name=\"description\" content=\"Lampa kempingowa SUPERFIRE T20 180lm USB - \u2705 sklep z dronami i fachowym doradztwem. \u2705 Tutaj kupisz produkty DJI, Yuneec, Parrot, Syma i wiele innych, a tak\u017ce kursy i licencje na operatora drona.\" \/>\n<meta name=\"robots\" content=\"index, follow, max-snippet:-1, max-image-preview:large, max-video-preview:-1\" \/>\n<link rel=\"canonical\" href=\"https:\/\/ironsky.pl\/sklep\/produkt\/lampa-kempingowa-superfire-t20-180lm-usb-2\/\" \/>\n<meta property=\"og:locale\" content=\"pl_PL\" \/>\n<meta property=\"og:type\" content=\"article\" \/>\n<meta property=\"og:title\" content=\"Lampa kempingowa SUPERFIRE T20 180lm USB - IRONSKY.PL Sklep z Dronami\" \/>\n<meta property=\"og:description\" content=\"Lampa kempingowa SUPERFIRE T20 180lm USB - \u2705 sklep z dronami i fachowym doradztwem. \u2705 Tutaj kupisz produkty DJI, Yuneec, Parrot, Syma i wiele innych, a tak\u017ce kursy i licencje na operatora drona.\" \/>\n<meta property=\"og:url\" content=\"https:\/\/ironsky.pl\/sklep\/produkt\/lampa-kempingowa-superfire-t20-180lm-usb-2\/\" \/>\n<meta property=\"og:site_name\" content=\"IRONSKY.PL Sklep z Dronami\" \/>\n<meta property=\"article:modified_time\" content=\"2026-04-15T08:05:11+00:00\" \/>\n<meta property=\"og:image\" content=\"https:\/\/ironsky.pl\/sklep\/wp-content\/uploads\/2025\/06\/19232_5.jpg\" \/>\n\t<meta property=\"og:image:width\" content=\"800\" \/>\n\t<meta property=\"og:image:height\" content=\"800\" \/>\n\t<meta property=\"og:image:type\" content=\"image\/jpeg\" \/>\n<meta name=\"twitter:card\" content=\"summary_large_image\" \/>\n<meta name=\"twitter:label1\" content=\"Szacowany czas czytania\" \/>\n\t<meta name=\"twitter:data1\" content=\"2 minuty\" \/>\n<script type=\"application\/ld+json\" class=\"yoast-schema-graph\">{\"@context\":\"https:\/\/schema.org\",\"@graph\":[{\"@type\":\"WebPage\",\"@id\":\"https:\/\/ironsky.pl\/sklep\/produkt\/lampa-kempingowa-superfire-t20-180lm-usb-2\/\",\"url\":\"https:\/\/ironsky.pl\/sklep\/produkt\/lampa-kempingowa-superfire-t20-180lm-usb-2\/\",\"name\":\"Lampa kempingowa SUPERFIRE T20 180lm USB - IRONSKY.PL Sklep z Dronami\",\"isPartOf\":{\"@id\":\"https:\/\/ironsky.pl\/sklep\/#website\"},\"primaryImageOfPage\":{\"@id\":\"https:\/\/ironsky.pl\/sklep\/produkt\/lampa-kempingowa-superfire-t20-180lm-usb-2\/#primaryimage\"},\"image\":{\"@id\":\"https:\/\/ironsky.pl\/sklep\/produkt\/lampa-kempingowa-superfire-t20-180lm-usb-2\/#primaryimage\"},\"thumbnailUrl\":\"https:\/\/ironsky.pl\/sklep\/wp-content\/uploads\/2025\/06\/19232_5.jpg\",\"datePublished\":\"2026-04-15T08:04:29+00:00\",\"dateModified\":\"2026-04-15T08:05:11+00:00\",\"description\":\"Lampa kempingowa SUPERFIRE T20 180lm USB - \u2705 sklep z dronami i fachowym doradztwem. \u2705 Tutaj kupisz produkty DJI, Yuneec, Parrot, Syma i wiele innych, a tak\u017ce kursy i licencje na operatora drona.\",\"breadcrumb\":{\"@id\":\"https:\/\/ironsky.pl\/sklep\/produkt\/lampa-kempingowa-superfire-t20-180lm-usb-2\/#breadcrumb\"},\"inLanguage\":\"pl-PL\",\"potentialAction\":[{\"@type\":\"ReadAction\",\"target\":[\"https:\/\/ironsky.pl\/sklep\/produkt\/lampa-kempingowa-superfire-t20-180lm-usb-2\/\"]}]},{\"@type\":\"ImageObject\",\"inLanguage\":\"pl-PL\",\"@id\":\"https:\/\/ironsky.pl\/sklep\/produkt\/lampa-kempingowa-superfire-t20-180lm-usb-2\/#primaryimage\",\"url\":\"https:\/\/ironsky.pl\/sklep\/wp-content\/uploads\/2025\/06\/19232_5.jpg\",\"contentUrl\":\"https:\/\/ironsky.pl\/sklep\/wp-content\/uploads\/2025\/06\/19232_5.jpg\",\"width\":800,\"height\":800},{\"@type\":\"BreadcrumbList\",\"@id\":\"https:\/\/ironsky.pl\/sklep\/produkt\/lampa-kempingowa-superfire-t20-180lm-usb-2\/#breadcrumb\",\"itemListElement\":[{\"@type\":\"ListItem\",\"position\":1,\"name\":\"Strona g\u0142\u00f3wna\",\"item\":\"https:\/\/ironsky.pl\/sklep\/\"},{\"@type\":\"ListItem\",\"position\":2,\"name\":\"Wszystkie produkty\",\"item\":\"https:\/\/ironsky.pl\/sklep\/produkty\/\"},{\"@type\":\"ListItem\",\"position\":3,\"name\":\"Lampa kempingowa SUPERFIRE T20 180lm USB\"}]},{\"@type\":\"WebSite\",\"@id\":\"https:\/\/ironsky.pl\/sklep\/#website\",\"url\":\"https:\/\/ironsky.pl\/sklep\/\",\"name\":\"IRONSKY.PL Sklep z Dronami\",\"description\":\"IRONSKY.PL Sklep z Dronami\",\"potentialAction\":[{\"@type\":\"SearchAction\",\"target\":{\"@type\":\"EntryPoint\",\"urlTemplate\":\"https:\/\/ironsky.pl\/sklep\/?s={search_term_string}\"},\"query-input\":{\"@type\":\"PropertyValueSpecification\",\"valueRequired\":true,\"valueName\":\"search_term_string\"}}],\"inLanguage\":\"pl-PL\"}]}<\/script>\n<!-- \/ Yoast SEO plugin. -->","yoast_head_json":{"title":"Lampa kempingowa SUPERFIRE T20 180lm USB - IRONSKY.PL Sklep z Dronami","description":"Lampa kempingowa SUPERFIRE T20 180lm USB - \u2705 sklep z dronami i fachowym doradztwem. \u2705 Tutaj kupisz produkty DJI, Yuneec, Parrot, Syma i wiele innych, a tak\u017ce kursy i licencje na operatora drona.","robots":{"index":"index","follow":"follow","max-snippet":"max-snippet:-1","max-image-preview":"max-image-preview:large","max-video-preview":"max-video-preview:-1"},"canonical":"https:\/\/ironsky.pl\/sklep\/produkt\/lampa-kempingowa-superfire-t20-180lm-usb-2\/","og_locale":"pl_PL","og_type":"article","og_title":"Lampa kempingowa SUPERFIRE T20 180lm USB - IRONSKY.PL Sklep z Dronami","og_description":"Lampa kempingowa SUPERFIRE T20 180lm USB - \u2705 sklep z dronami i fachowym doradztwem. \u2705 Tutaj kupisz produkty DJI, Yuneec, Parrot, Syma i wiele innych, a tak\u017ce kursy i licencje na operatora drona.","og_url":"https:\/\/ironsky.pl\/sklep\/produkt\/lampa-kempingowa-superfire-t20-180lm-usb-2\/","og_site_name":"IRONSKY.PL Sklep z Dronami","article_modified_time":"2026-04-15T08:05:11+00:00","og_image":[{"width":800,"height":800,"url":"https:\/\/ironsky.pl\/sklep\/wp-content\/uploads\/2025\/06\/19232_5.jpg","type":"image\/jpeg"}],"twitter_card":"summary_large_image","twitter_misc":{"Szacowany czas czytania":"2 minuty"},"schema":{"@context":"https:\/\/schema.org","@graph":[{"@type":"WebPage","@id":"https:\/\/ironsky.pl\/sklep\/produkt\/lampa-kempingowa-superfire-t20-180lm-usb-2\/","url":"https:\/\/ironsky.pl\/sklep\/produkt\/lampa-kempingowa-superfire-t20-180lm-usb-2\/","name":"Lampa kempingowa SUPERFIRE T20 180lm USB - IRONSKY.PL Sklep z Dronami","isPartOf":{"@id":"https:\/\/ironsky.pl\/sklep\/#website"},"primaryImageOfPage":{"@id":"https:\/\/ironsky.pl\/sklep\/produkt\/lampa-kempingowa-superfire-t20-180lm-usb-2\/#primaryimage"},"image":{"@id":"https:\/\/ironsky.pl\/sklep\/produkt\/lampa-kempingowa-superfire-t20-180lm-usb-2\/#primaryimage"},"thumbnailUrl":"https:\/\/ironsky.pl\/sklep\/wp-content\/uploads\/2025\/06\/19232_5.jpg","datePublished":"2026-04-15T08:04:29+00:00","dateModified":"2026-04-15T08:05:11+00:00","description":"Lampa kempingowa SUPERFIRE T20 180lm USB - \u2705 sklep z dronami i fachowym doradztwem. \u2705 Tutaj kupisz produkty DJI, Yuneec, Parrot, Syma i wiele innych, a tak\u017ce kursy i licencje na operatora drona.","breadcrumb":{"@id":"https:\/\/ironsky.pl\/sklep\/produkt\/lampa-kempingowa-superfire-t20-180lm-usb-2\/#breadcrumb"},"inLanguage":"pl-PL","potentialAction":[{"@type":"ReadAction","target":["https:\/\/ironsky.pl\/sklep\/produkt\/lampa-kempingowa-superfire-t20-180lm-usb-2\/"]}]},{"@type":"ImageObject","inLanguage":"pl-PL","@id":"https:\/\/ironsky.pl\/sklep\/produkt\/lampa-kempingowa-superfire-t20-180lm-usb-2\/#primaryimage","url":"https:\/\/ironsky.pl\/sklep\/wp-content\/uploads\/2025\/06\/19232_5.jpg","contentUrl":"https:\/\/ironsky.pl\/sklep\/wp-content\/uploads\/2025\/06\/19232_5.jpg","width":800,"height":800},{"@type":"BreadcrumbList","@id":"https:\/\/ironsky.pl\/sklep\/produkt\/lampa-kempingowa-superfire-t20-180lm-usb-2\/#breadcrumb","itemListElement":[{"@type":"ListItem","position":1,"name":"Strona g\u0142\u00f3wna","item":"https:\/\/ironsky.pl\/sklep\/"},{"@type":"ListItem","position":2,"name":"Wszystkie produkty","item":"https:\/\/ironsky.pl\/sklep\/produkty\/"},{"@type":"ListItem","position":3,"name":"Lampa kempingowa SUPERFIRE T20 180lm USB"}]},{"@type":"WebSite","@id":"https:\/\/ironsky.pl\/sklep\/#website","url":"https:\/\/ironsky.pl\/sklep\/","name":"IRONSKY.PL Sklep z Dronami","description":"IRONSKY.PL Sklep z Dronami","potentialAction":[{"@type":"SearchAction","target":{"@type":"EntryPoint","urlTemplate":"https:\/\/ironsky.pl\/sklep\/?s={search_term_string}"},"query-input":{"@type":"PropertyValueSpecification","valueRequired":true,"valueName":"search_term_string"}}],"inLanguage":"pl-PL"}]}},"_links":{"self":[{"href":"https:\/\/ironsky.pl\/sklep\/wp-json\/wp\/v2\/product\/55513","targetHints":{"allow":["GET"]}}],"collection":[{"href":"https:\/\/ironsky.pl\/sklep\/wp-json\/wp\/v2\/product"}],"about":[{"href":"https:\/\/ironsky.pl\/sklep\/wp-json\/wp\/v2\/types\/product"}],"replies":[{"embeddable":true,"href":"https:\/\/ironsky.pl\/sklep\/wp-json\/wp\/v2\/comments?post=55513"}],"wp:featuredmedia":[{"embeddable":true,"href":"https:\/\/ironsky.pl\/sklep\/wp-json\/wp\/v2\/media\/41176"}],"wp:attachment":[{"href":"https:\/\/ironsky.pl\/sklep\/wp-json\/wp\/v2\/media?parent=55513"}],"wp:term":[{"taxonomy":"product_brand","embeddable":true,"href":"https:\/\/ironsky.pl\/sklep\/wp-json\/wp\/v2\/product_brand?post=55513"},{"taxonomy":"product_cat","embeddable":true,"href":"https:\/\/ironsky.pl\/sklep\/wp-json\/wp\/v2\/product_cat?post=55513"},{"taxonomy":"product_tag","embeddable":true,"href":"https:\/\/ironsky.pl\/sklep\/wp-json\/wp\/v2\/product_tag?post=55513"}],"curies":[{"name":"wp","href":"https:\/\/api.w.org\/{rel}","templated":true}]}}