{"id":55512,"date":"2026-04-15T10:04:29","date_gmt":"2026-04-15T08:04:29","guid":{"rendered":"https:\/\/ironsky.pl\/sklep\/produkt\/plan-serwisowy-dji-care-refresh-pocket-2-2-lata-kod\/"},"modified":"2026-04-15T10:05:10","modified_gmt":"2026-04-15T08:05:10","slug":"plan-serwisowy-dji-care-refresh-pocket-2-2-lata-kod","status":"publish","type":"product","link":"https:\/\/ironsky.pl\/sklep\/produkt\/plan-serwisowy-dji-care-refresh-pocket-2-2-lata-kod\/","title":{"rendered":"Plan serwisowy DJI Care Refresh Pocket 2 2 lata (kod)"},"content":{"rendered":"<h3>Realizacja wysy\u0142ki Produkt\u00f3w Cyfrowych odbywa si\u0119 od poniedzia\u0142ku do pi\u0105tku w godzinach od 8:00 do 18:00 na adres email podany podczas sk\u0142adania zam\u00f3wienia.<\/h3>\n<p>\u00a0<\/p>\n<h3>Ochrona serwisowa z DJI Care Refresh<\/h3>\n<p><span style=\"background-color: transparent; color: #000000;\">DJI Care Refresh to ochrona serwisowa Twojego urz\u0105dzenia, kt\u00f3ra zapewni Ci, za niewielk\u0105 dodatkow\u0105 op\u0142at\u0105, cztery wymiany uszkodzonego sprz\u0119tu w ci\u0105gu dw\u00f3ch lat. Obejmuje uszkodzenia powsta\u0142e mi\u0119dzy innymi w wyniku kolizji lub kontaktu produktu z wod\u0105. Uszkodzony sprz\u0119t zostanie w\u00f3wczas wymieniony na nowy lub r\u00f3wnowa\u017cny nowemu. DJI Care Refresh mo\u017cna aktywowa\u0107 jednorazowo do 30 dni od aktywacji (pierwszego uruchomienia) urz\u0105dzenia. Istnieje r\u00f3wnie\u017c mo\u017cliwo\u015b\u0107 przed\u0142u\u017cenia ochrony na kolejny rok (\u0142\u0105cznie 3 lata) \u2013 wystarczy wykupi\u0107 dodatkowy roczny plan. Co wi\u0119cej, w okresie wa\u017cno\u015bci us\u0142ugi obowi\u0105zuje oficjalna gwarancja producenta.<\/span><\/p>\n<p><img decoding=\"async\" src=\"https:\/\/assets.innpro.pl\/244\/243\/4.jpg\" border=\"0\" alt=\"\" \/><\/p>\n<h3>DJI Pocket 2<\/h3>\n<p><span style=\"background-color: transparent; color: #000000;\">Dla urz\u0105dze\u0144 z serii DJI Pocket 2 koszt ka\u017cdej wymiany w ramach DJI Care Refresh wynosi\u00a0145 PLN.*<\/span><\/p>\n<p>\u00a0<\/p>\n<p><span style=\"background-color: transparent; color: #000000;\">*W przypadku zg\u0142oszenia bezpo\u015brednio u producenta, kwota wymiany mo\u017ce ulec zmianie w zale\u017cno\u015bci od aktualnego kursu walut.<\/span><\/p>\n<p><img decoding=\"async\" src=\"https:\/\/assets.innpro.pl\/244\/243\/1.jpg\" border=\"0\" alt=\"\" \/><\/p>\n<h3>Jak aktywowa\u0107 DJI Care Refresh<\/h3>\n<p><span style=\"background-color: transparent; color: #000000;\">1. Kod nale\u017cy aktywowa\u0107 pod adresem: <\/span><a style=\"background-color: transparent; color: #1155cc;\" href=\"https:\/\/support.dji.com\/care\/active\" target=\"_blank\" rel=\"noopener noreferrer\">https:\/\/support.dji.com\/care\/active<\/a><span style=\"background-color: transparent; color: #000000;\">.<\/span><\/p>\n<p><span style=\"background-color: transparent; color: #000000;\">2. W trakcie procesu aktywacji nale\u017cy poda\u0107 kod Care Refresh, numer seryjny urz\u0105dzenia (znajduje si\u0119 on bezpo\u015brednio na produkcie) oraz dane osoby aktywuj\u0105cej Pakiet (imi\u0119 i nazwisko, adres e-mail).<\/span><\/p>\n<p><span style=\"background-color: transparent; color: #000000;\">3. Us\u0142uga DJI Care Refresh zostanie aktywowana i automatycznie przypisana do odpowiedniego regionu. Potwierdzenie aktywacji DJI Care Refresh otrzymasz drog\u0105 mailow\u0105. Tw\u00f3j sprz\u0119t jest ju\u017c bezpieczny!\u00a0<\/span><\/p>\n<p><img decoding=\"async\" src=\"https:\/\/assets.innpro.pl\/244\/243\/5.jpg\" border=\"0\" alt=\"\" \/><\/p>\n<h3>Gdy zdarzy si\u0119 wypadek<\/h3>\n<p><span style=\"background-color: transparent; color: #000000;\">1. U\u017cytkownik zg\u0142asza usterk\u0119 i wysy\u0142a sprz\u0119t do niemieckiego serwisu DJI z adnotacj\u0105, \u017ce ma wykupion\u0105 us\u0142ug\u0119 DJI Care Refresh.<\/span><\/p>\n<p><span style=\"background-color: transparent; color: #000000;\">2. U\u017cytkownik dostaje wycen\u0119 naprawy i na tej podstawie decyduje, czy chce dokona\u0107 naprawy\/wymiany odp\u0142atnie, czy przez DJI Care Refresh.<\/span><\/p>\n<p><span style=\"background-color: transparent; color: #000000;\">3. Po wybraniu opcji DJI Care Refresh u\u017cytkownik uiszcza op\u0142at\u0119 za wymian\u0119 i otrzymuje inny egzemplarz.<\/span><\/p>\n<p><span style=\"background-color: transparent; color: #000000;\">4. Wymieniony produkt zostaje priorytetowo dostarczony do u\u017cytkownika z darmow\u0105 wysy\u0142k\u0105.<\/span><\/p>\n<p><img decoding=\"async\" src=\"https:\/\/assets.innpro.pl\/244\/243\/6.jpg\" border=\"0\" alt=\"\" \/><\/p>\n<h3>DJI Care Refresh nie obejmuje<\/h3>\n<p><span style=\"background-color: transparent; color: #000000;\">1) Zaginionego b\u0105d\u017a cz\u0119\u015bciowo zaginionego sprz\u0119tu.<\/span><\/p>\n<p><span style=\"background-color: transparent; color: #000000;\">2) Skradzionego lub porzuconego produktu.<\/span><\/p>\n<p><span style=\"background-color: transparent; color: #000000;\">3) Dodatkowych akcesori\u00f3w.<\/span><\/p>\n<p><span style=\"background-color: transparent; color: #000000;\">4) Celowej utraty produktu.<\/span><\/p>\n<p><span style=\"background-color: transparent; color: #000000;\">5) Uszkodze\u0144 obudowy, kt\u00f3re nie wp\u0142ywaj\u0105 na dzia\u0142anie produktu.<\/span><\/p>\n<p><span style=\"background-color: transparent; color: #000000;\">6) Bezpo\u015brednich lub niebezpo\u015brednich uszkodze\u0144 spowodowanych dzia\u0142aniem si\u0142 wy\u017cszych.<\/span><\/p>\n<p><span style=\"background-color: transparent; color: #000000;\">7) Usterek powsta\u0142ych poza okresem wa\u017cno\u015bci DJI Care Refresh.<\/span><\/p>\n<p><span style=\"background-color: transparent; color: #000000;\">8) Dodatkowych op\u0142at zwi\u0105zanych z ulepszaniem modelu, poprawianiem jego osi\u0105g\u00f3w.<\/span><\/p>\n<p><span style=\"background-color: transparent; color: #000000;\">9) Usterek wynikaj\u0105cych z przeprowadzania modyfikacji, kt\u00f3re nie s\u0105 zgodne z zaleceniami znajduj\u0105cymi si\u0119 w podr\u0119czniku u\u017cytkownika b\u0105d\u017a z u\u017cywania niekompatybilnych akumulator\u00f3w i \u0142adowarki.<\/span><\/p>\n<p><span style=\"background-color: transparent; color: #000000;\">10) Usterek wynikaj\u0105cych z korzystania z nieautoryzowanych akcesori\u00f3w, akumulator\u00f3w b\u0105d\u017a oprogramowania.<\/span><\/p>\n<h3>Mo\u017cliwo\u015b\u0107 przed\u0142u\u017cenia ochrony*<\/h3>\n<p><span style=\"background-color: transparent; color: #000000;\">U\u017cytkownicy maj\u0105 tak\u017ce mo\u017cliwo\u015b\u0107 przed\u0142u\u017cenia ochrony do maksymalnie 3 lat. Aby to zrobi\u0107, wystarczy wykupi\u0107 dodatkowy roczny plan.<\/span><\/p>\n<ul>\n<li><span style=\"background-color: transparent;\">Je\u015bli masz plan roczny DJI Care Refresh, mo\u017cesz przed\u0142u\u017cy\u0107 ochron\u0119 2 razy, dokupuj\u0105c 2 kolejne plany roczne: <\/span><strong style=\"background-color: transparent;\">plan roczny + plan roczny + plan roczny<\/strong><span style=\"background-color: transparent;\">.<\/span><\/li>\n<li><span style=\"background-color: transparent;\">Je\u015bli masz plan 2-letni, mo\u017cesz przed\u0142u\u017cy\u0107 ochron\u0119 tylko raz, dokupuj\u0105c jeden plan roczny: <\/span><strong style=\"background-color: transparent;\">plan 2-letni + plan roczny<\/strong><span style=\"background-color: transparent;\">.<\/span><\/li>\n<\/ul>\n<p><span style=\"background-color: transparent; color: #000000;\">Uwaga: nie jest mo\u017cliwe przed\u0142u\u017cenie ochrony poprzez wykupienie dodatkowego planu 2-letniego.<\/span><\/p>\n<p><span style=\"background-color: transparent; color: #000000;\">Aby przed\u0142u\u017cenie ochrony by\u0142o mo\u017cliwe, spe\u0142nione musz\u0105 by\u0107 okre\u015blone warunki:<\/span><\/p>\n<ul>\n<li><span style=\"background-color: transparent;\">Zakup us\u0142ugi DJI Care Refresh w jednym z nast\u0119puj\u0105cych wariant\u00f3w: plan roczny DJI Care Refresh \/ plan 2-letni DJI Care Refresh \/ plan roczny DJI Care Refresh i DJI Care Refresh + \/ plan roczny DJI Care Refresh oraz dodatkowy plan roczny (odnowienie).<\/span><\/li>\n<li><span style=\"background-color: transparent;\">Okres wa\u017cno\u015bci zakupionej us\u0142ugi DJI Care Refresh jeszcze nie up\u0142yn\u0105\u0142 lub up\u0142yn\u0105\u0142 w ci\u0105gu 15 dni.<\/span><\/li>\n<\/ul>\n<p>\u00a0<\/p>\n<p><span style=\"background-color: transparent;\">*<\/span>Wi\u0119cej na temat DJI Care Refresh znajdziesz w <a href=\"https:\/\/s3.eu-central-1.amazonaws.com\/files.innpro.pl\/DJI\/DJI-CARE.pdf\" target=\"_blank\" rel=\"noopener noreferrer\">tym<\/a> dokumencie.<\/p>\n","protected":false},"excerpt":{"rendered":"<p>Realizacja wysy\u0142ki Produkt\u00f3w Cyfrowych odbywa si\u0119 od poniedzia\u0142ku do pi\u0105tku w godzinach od 8:00 do 18:00 na adres email podany<\/p>\n","protected":false},"featured_media":0,"comment_status":"closed","ping_status":"open","template":"","meta":{"_acf_changed":false},"product_brand":[],"product_cat":[6166,1088],"product_tag":[],"class_list":{"0":"post-55512","1":"product","2":"type-product","3":"status-publish","5":"product_cat-dji-care-refresh","6":"product_cat-drony","7":"pa_producent-dji","9":"first","10":"outofstock","11":"taxable","12":"shipping-taxable","13":"purchasable","14":"product-type-simple"},"acf":[],"yoast_head":"<!-- This site is optimized with the Yoast SEO plugin v27.2 - https:\/\/yoast.com\/product\/yoast-seo-wordpress\/ -->\n<title>Plan serwisowy DJI Care Refresh Pocket 2 2 lata (kod) - IRONSKY.PL Sklep z Dronami<\/title>\n<meta name=\"description\" content=\"Plan serwisowy DJI Care Refresh Pocket 2 2 lata (kod) - \u2705 sklep z dronami i fachowym doradztwem. \u2705 Tutaj kupisz produkty DJI, Yuneec, Parrot, Syma i wiele innych, a tak\u017ce kursy i licencje na operatora drona.\" \/>\n<meta name=\"robots\" content=\"index, follow, max-snippet:-1, max-image-preview:large, max-video-preview:-1\" \/>\n<link rel=\"canonical\" href=\"https:\/\/ironsky.pl\/sklep\/produkt\/plan-serwisowy-dji-care-refresh-pocket-2-2-lata-kod\/\" \/>\n<meta property=\"og:locale\" content=\"pl_PL\" \/>\n<meta property=\"og:type\" content=\"article\" \/>\n<meta property=\"og:title\" content=\"Plan serwisowy DJI Care Refresh Pocket 2 2 lata (kod) - IRONSKY.PL Sklep z Dronami\" \/>\n<meta property=\"og:description\" content=\"Plan serwisowy DJI Care Refresh Pocket 2 2 lata (kod) - \u2705 sklep z dronami i fachowym doradztwem. \u2705 Tutaj kupisz produkty DJI, Yuneec, Parrot, Syma i wiele innych, a tak\u017ce kursy i licencje na operatora drona.\" \/>\n<meta property=\"og:url\" content=\"https:\/\/ironsky.pl\/sklep\/produkt\/plan-serwisowy-dji-care-refresh-pocket-2-2-lata-kod\/\" \/>\n<meta property=\"og:site_name\" content=\"IRONSKY.PL Sklep z Dronami\" \/>\n<meta property=\"article:modified_time\" content=\"2026-04-15T08:05:10+00:00\" \/>\n<meta property=\"og:image\" content=\"https:\/\/assets.innpro.pl\/244\/243\/4.jpg\" \/>\n<meta name=\"twitter:card\" content=\"summary_large_image\" \/>\n<meta name=\"twitter:label1\" content=\"Szacowany czas czytania\" \/>\n\t<meta name=\"twitter:data1\" content=\"3 minuty\" \/>\n<script type=\"application\/ld+json\" class=\"yoast-schema-graph\">{\"@context\":\"https:\/\/schema.org\",\"@graph\":[{\"@type\":\"WebPage\",\"@id\":\"https:\/\/ironsky.pl\/sklep\/produkt\/plan-serwisowy-dji-care-refresh-pocket-2-2-lata-kod\/\",\"url\":\"https:\/\/ironsky.pl\/sklep\/produkt\/plan-serwisowy-dji-care-refresh-pocket-2-2-lata-kod\/\",\"name\":\"Plan serwisowy DJI Care Refresh Pocket 2 2 lata (kod) - IRONSKY.PL Sklep z Dronami\",\"isPartOf\":{\"@id\":\"https:\/\/ironsky.pl\/sklep\/#website\"},\"primaryImageOfPage\":{\"@id\":\"https:\/\/ironsky.pl\/sklep\/produkt\/plan-serwisowy-dji-care-refresh-pocket-2-2-lata-kod\/#primaryimage\"},\"image\":{\"@id\":\"https:\/\/ironsky.pl\/sklep\/produkt\/plan-serwisowy-dji-care-refresh-pocket-2-2-lata-kod\/#primaryimage\"},\"thumbnailUrl\":\"https:\/\/assets.innpro.pl\/244\/243\/4.jpg\",\"datePublished\":\"2026-04-15T08:04:29+00:00\",\"dateModified\":\"2026-04-15T08:05:10+00:00\",\"description\":\"Plan serwisowy DJI Care Refresh Pocket 2 2 lata (kod) - \u2705 sklep z dronami i fachowym doradztwem. \u2705 Tutaj kupisz produkty DJI, Yuneec, Parrot, Syma i wiele innych, a tak\u017ce kursy i licencje na operatora drona.\",\"breadcrumb\":{\"@id\":\"https:\/\/ironsky.pl\/sklep\/produkt\/plan-serwisowy-dji-care-refresh-pocket-2-2-lata-kod\/#breadcrumb\"},\"inLanguage\":\"pl-PL\",\"potentialAction\":[{\"@type\":\"ReadAction\",\"target\":[\"https:\/\/ironsky.pl\/sklep\/produkt\/plan-serwisowy-dji-care-refresh-pocket-2-2-lata-kod\/\"]}]},{\"@type\":\"ImageObject\",\"inLanguage\":\"pl-PL\",\"@id\":\"https:\/\/ironsky.pl\/sklep\/produkt\/plan-serwisowy-dji-care-refresh-pocket-2-2-lata-kod\/#primaryimage\",\"url\":\"https:\/\/assets.innpro.pl\/244\/243\/4.jpg\",\"contentUrl\":\"https:\/\/assets.innpro.pl\/244\/243\/4.jpg\"},{\"@type\":\"BreadcrumbList\",\"@id\":\"https:\/\/ironsky.pl\/sklep\/produkt\/plan-serwisowy-dji-care-refresh-pocket-2-2-lata-kod\/#breadcrumb\",\"itemListElement\":[{\"@type\":\"ListItem\",\"position\":1,\"name\":\"Strona g\u0142\u00f3wna\",\"item\":\"https:\/\/ironsky.pl\/sklep\/\"},{\"@type\":\"ListItem\",\"position\":2,\"name\":\"Wszystkie produkty\",\"item\":\"https:\/\/ironsky.pl\/sklep\/produkty\/\"},{\"@type\":\"ListItem\",\"position\":3,\"name\":\"Plan serwisowy DJI Care Refresh Pocket 2 2 lata (kod)\"}]},{\"@type\":\"WebSite\",\"@id\":\"https:\/\/ironsky.pl\/sklep\/#website\",\"url\":\"https:\/\/ironsky.pl\/sklep\/\",\"name\":\"IRONSKY.PL Sklep z Dronami\",\"description\":\"IRONSKY.PL Sklep z Dronami\",\"potentialAction\":[{\"@type\":\"SearchAction\",\"target\":{\"@type\":\"EntryPoint\",\"urlTemplate\":\"https:\/\/ironsky.pl\/sklep\/?s={search_term_string}\"},\"query-input\":{\"@type\":\"PropertyValueSpecification\",\"valueRequired\":true,\"valueName\":\"search_term_string\"}}],\"inLanguage\":\"pl-PL\"}]}<\/script>\n<!-- \/ Yoast SEO plugin. -->","yoast_head_json":{"title":"Plan serwisowy DJI Care Refresh Pocket 2 2 lata (kod) - IRONSKY.PL Sklep z Dronami","description":"Plan serwisowy DJI Care Refresh Pocket 2 2 lata (kod) - \u2705 sklep z dronami i fachowym doradztwem. \u2705 Tutaj kupisz produkty DJI, Yuneec, Parrot, Syma i wiele innych, a tak\u017ce kursy i licencje na operatora drona.","robots":{"index":"index","follow":"follow","max-snippet":"max-snippet:-1","max-image-preview":"max-image-preview:large","max-video-preview":"max-video-preview:-1"},"canonical":"https:\/\/ironsky.pl\/sklep\/produkt\/plan-serwisowy-dji-care-refresh-pocket-2-2-lata-kod\/","og_locale":"pl_PL","og_type":"article","og_title":"Plan serwisowy DJI Care Refresh Pocket 2 2 lata (kod) - IRONSKY.PL Sklep z Dronami","og_description":"Plan serwisowy DJI Care Refresh Pocket 2 2 lata (kod) - \u2705 sklep z dronami i fachowym doradztwem. \u2705 Tutaj kupisz produkty DJI, Yuneec, Parrot, Syma i wiele innych, a tak\u017ce kursy i licencje na operatora drona.","og_url":"https:\/\/ironsky.pl\/sklep\/produkt\/plan-serwisowy-dji-care-refresh-pocket-2-2-lata-kod\/","og_site_name":"IRONSKY.PL Sklep z Dronami","article_modified_time":"2026-04-15T08:05:10+00:00","og_image":[{"url":"https:\/\/assets.innpro.pl\/244\/243\/4.jpg","type":"","width":"","height":""}],"twitter_card":"summary_large_image","twitter_misc":{"Szacowany czas czytania":"3 minuty"},"schema":{"@context":"https:\/\/schema.org","@graph":[{"@type":"WebPage","@id":"https:\/\/ironsky.pl\/sklep\/produkt\/plan-serwisowy-dji-care-refresh-pocket-2-2-lata-kod\/","url":"https:\/\/ironsky.pl\/sklep\/produkt\/plan-serwisowy-dji-care-refresh-pocket-2-2-lata-kod\/","name":"Plan serwisowy DJI Care Refresh Pocket 2 2 lata (kod) - IRONSKY.PL Sklep z Dronami","isPartOf":{"@id":"https:\/\/ironsky.pl\/sklep\/#website"},"primaryImageOfPage":{"@id":"https:\/\/ironsky.pl\/sklep\/produkt\/plan-serwisowy-dji-care-refresh-pocket-2-2-lata-kod\/#primaryimage"},"image":{"@id":"https:\/\/ironsky.pl\/sklep\/produkt\/plan-serwisowy-dji-care-refresh-pocket-2-2-lata-kod\/#primaryimage"},"thumbnailUrl":"https:\/\/assets.innpro.pl\/244\/243\/4.jpg","datePublished":"2026-04-15T08:04:29+00:00","dateModified":"2026-04-15T08:05:10+00:00","description":"Plan serwisowy DJI Care Refresh Pocket 2 2 lata (kod) - \u2705 sklep z dronami i fachowym doradztwem. \u2705 Tutaj kupisz produkty DJI, Yuneec, Parrot, Syma i wiele innych, a tak\u017ce kursy i licencje na operatora drona.","breadcrumb":{"@id":"https:\/\/ironsky.pl\/sklep\/produkt\/plan-serwisowy-dji-care-refresh-pocket-2-2-lata-kod\/#breadcrumb"},"inLanguage":"pl-PL","potentialAction":[{"@type":"ReadAction","target":["https:\/\/ironsky.pl\/sklep\/produkt\/plan-serwisowy-dji-care-refresh-pocket-2-2-lata-kod\/"]}]},{"@type":"ImageObject","inLanguage":"pl-PL","@id":"https:\/\/ironsky.pl\/sklep\/produkt\/plan-serwisowy-dji-care-refresh-pocket-2-2-lata-kod\/#primaryimage","url":"https:\/\/assets.innpro.pl\/244\/243\/4.jpg","contentUrl":"https:\/\/assets.innpro.pl\/244\/243\/4.jpg"},{"@type":"BreadcrumbList","@id":"https:\/\/ironsky.pl\/sklep\/produkt\/plan-serwisowy-dji-care-refresh-pocket-2-2-lata-kod\/#breadcrumb","itemListElement":[{"@type":"ListItem","position":1,"name":"Strona g\u0142\u00f3wna","item":"https:\/\/ironsky.pl\/sklep\/"},{"@type":"ListItem","position":2,"name":"Wszystkie produkty","item":"https:\/\/ironsky.pl\/sklep\/produkty\/"},{"@type":"ListItem","position":3,"name":"Plan serwisowy DJI Care Refresh Pocket 2 2 lata (kod)"}]},{"@type":"WebSite","@id":"https:\/\/ironsky.pl\/sklep\/#website","url":"https:\/\/ironsky.pl\/sklep\/","name":"IRONSKY.PL Sklep z Dronami","description":"IRONSKY.PL Sklep z Dronami","potentialAction":[{"@type":"SearchAction","target":{"@type":"EntryPoint","urlTemplate":"https:\/\/ironsky.pl\/sklep\/?s={search_term_string}"},"query-input":{"@type":"PropertyValueSpecification","valueRequired":true,"valueName":"search_term_string"}}],"inLanguage":"pl-PL"}]}},"_links":{"self":[{"href":"https:\/\/ironsky.pl\/sklep\/wp-json\/wp\/v2\/product\/55512","targetHints":{"allow":["GET"]}}],"collection":[{"href":"https:\/\/ironsky.pl\/sklep\/wp-json\/wp\/v2\/product"}],"about":[{"href":"https:\/\/ironsky.pl\/sklep\/wp-json\/wp\/v2\/types\/product"}],"replies":[{"embeddable":true,"href":"https:\/\/ironsky.pl\/sklep\/wp-json\/wp\/v2\/comments?post=55512"}],"wp:attachment":[{"href":"https:\/\/ironsky.pl\/sklep\/wp-json\/wp\/v2\/media?parent=55512"}],"wp:term":[{"taxonomy":"product_brand","embeddable":true,"href":"https:\/\/ironsky.pl\/sklep\/wp-json\/wp\/v2\/product_brand?post=55512"},{"taxonomy":"product_cat","embeddable":true,"href":"https:\/\/ironsky.pl\/sklep\/wp-json\/wp\/v2\/product_cat?post=55512"},{"taxonomy":"product_tag","embeddable":true,"href":"https:\/\/ironsky.pl\/sklep\/wp-json\/wp\/v2\/product_tag?post=55512"}],"curies":[{"name":"wp","href":"https:\/\/api.w.org\/{rel}","templated":true}]}}