{"id":55504,"date":"2026-04-15T10:04:29","date_gmt":"2026-04-15T08:04:29","guid":{"rendered":"https:\/\/ironsky.pl\/sklep\/produkt\/lampka-na-monitor-baseus-i-wok-panel-dotykowy-czarna\/"},"modified":"2026-04-15T10:05:03","modified_gmt":"2026-04-15T08:05:03","slug":"lampka-na-monitor-baseus-i-wok-panel-dotykowy-czarna","status":"publish","type":"product","link":"https:\/\/ironsky.pl\/sklep\/produkt\/lampka-na-monitor-baseus-i-wok-panel-dotykowy-czarna\/","title":{"rendered":"Lampka na monitor BASEUS i-Wok panel dotykowy (czarna)"},"content":{"rendered":"<h3>Lampka biurkowa Baseus<\/h3>\n<p>Najlepsze \u015bwiat\u0142o do pracy przy biurku to \u015bwiat\u0142o dzienne. Niestety, nie zawsze mo\u017cliwy jest dost\u0119p do korzystania z niego przez ca\u0142y dzie\u0144. \u015awietnym rozwi\u0105zaniem jest ergonomiczna lampka marki Baseus, kt\u00f3ra wspomo\u017ce nas, zapewniaj\u0105c sztuczne \u017ar\u00f3d\u0142o \u015bwiat\u0142a. W obecnych czasach komputery s\u0105 niezb\u0119dne do pracy, nauki i gier. Niestety \u017ale dopasowane \u015bwiat\u0142o mo\u017ce wyrz\u0105dzi\u0107 sporo krzywdy i obci\u0105\u017cy\u0107 narz\u0105d wzroku. Lampka i-wok to doskona\u0142a pomoc. Zajmuje ma\u0142o miejsca, ale skutecznie o\u015bwietla biurko oraz klawiatur\u0119 komputera.  <\/p>\n<p><img decoding=\"async\" src=\"https:\/\/b2b.innpro.pl\/data\/include\/cms\/6.1DominikJ\/Baseus\/DGIWK\/B0_4.jpg\"><\/p>\n<h3>Bezpieczna i funkcjonalna<\/h3>\n<p>\u015awiat\u0142o rzucane przez lampk\u0119 nie jest skierowane bezpo\u015brednio na ekran, lecz odbija si\u0119 od monitora i nie tworzy refleks\u00f3w. O\u015bwietlenie jest wolne od zagro\u017cenia niebieskim \u015bwiat\u0142em, wizualnego efektu stroboskopowego i zapewnia lepsz\u0105 ochron\u0119 oczu. Lampka przesz\u0142a pozytywnie liczne certyfikaty, m.in.: IEEE, IEC, FCC, RoHS i test EU Blue Light RGO. Filtr niebieskiego \u015bwiat\u0142a zapewnia oczom ulg\u0119, nawet podczas d\u0142ugiej pracy noc\u0105. To r\u00f3wnie\u017c zas\u0142uga wbudowanych 80 lampek punktowych. <\/p>\n<p><img decoding=\"async\" src=\"https:\/\/b2b.innpro.pl\/data\/include\/cms\/6.1DominikJ\/Baseus\/DGIWK\/0_13a.jpg\"><\/p>\n<h3>Wygodna obs\u0142uga<\/h3>\n<p>W zestawie znajduje si\u0119 kabel USB typu C, kt\u00f3ry umo\u017cliwia pod\u0142\u0105czenie lampki. Dzi\u0119ki temu tak\u017ce mo\u017cna swobodnie j\u0105 pod\u0142\u0105czy\u0107 do portu komputera, \u0142adowarki lub powerbanku i zapewni\u0107 sta\u0142e \u017ar\u00f3d\u0142o \u015bwiat\u0142a. Monta\u017c sprz\u0119tu na g\u00f3rnej kraw\u0119dzi ekranu komputera jest prosty i szybki, nie wymaga zastosowania dodatkowych narz\u0119dzi. Poprzez opcj\u0119 regulacji bez problemu da si\u0119 dopasowa\u0107 szeroko\u015b\u0107 zacisku do rozmiaru komponentu. Wyko\u0144czenie lampy jest proste i g\u0142adkie, z lekkiego luksusowego materia\u0142u ze stopu aluminium. Nie zajmuje miejsca na biurku.<\/p>\n<p><img decoding=\"async\" src=\"https:\/\/b2b.innpro.pl\/data\/include\/cms\/6.1DominikJ\/Baseus\/DGIWK\/B0_6.jpg\"><\/p>\n<h3>Stabilna konstrukcja<\/h3>\n<p>Troska o optymalne o\u015bwietlenie stanowiska pracy powinna by\u0107 czym\u015b oczywistym. Sama lampka za\u015b musi by\u0107 dopasowana nie tylko pod wzgl\u0119dem jasno\u015bci o\u015bwietlenia, ale i samej barwy \u015bwiat\u0142a. Unikalna konstrukcja uchwytu i obracaj\u0105cego si\u0119 kszta\u0142tu zosta\u0142a przyj\u0119ta na podstawie wymagania dotycz\u0105ce o\u015bwietlenia miejsca pracy. Dzi\u0119ki temu istnieje mo\u017cliwo\u015b\u0107 otrzymania odpowiedniego i r\u00f3wnomiernego o\u015bwietlenia biurka i monitora. Lampka posiada 3 unikalne tryby, aby znale\u017a\u0107 idealne \u015bwiat\u0142o w ka\u017cdej sytuacji. Jednocze\u015bnie, minimalizuje ryzyko przeszkadzania osobom, kt\u00f3re tak\u017ce b\u0119d\u0105 znajdowa\u0107 si\u0119 w pomieszczeniu. <\/p>\n<p><img decoding=\"async\" src=\"https:\/\/b2b.innpro.pl\/data\/include\/cms\/6.1DominikJ\/Baseus\/DGIWK\/0_07a.jpg\"><\/p>\n<h3>Imponuj\u0105ce detale<\/h3>\n<p>Urz\u0105dzenie wyposa\u017cono w nowoczesne diody LED, kt\u00f3re zapewniaj\u0105 d\u0142ug\u0105 \u017cywotno\u015b\u0107 oraz niski pob\u00f3r energii. Monta\u017c jest bardzo \u0142atwy i szybki, za pomoc\u0105 uchwytu grawitacyjnego. Regulacja jasno\u015bci jest bezstopniowa. Elementy z mi\u0119kkiego silikonu zapobiegaj\u0105 wszelkim zarysowaniom laptopa czy monitora. Przyciski steruj\u0105ce umieszczone s\u0105 na obudowie &#8211; przycisk p\u0142ynnego \u015bciemniania, regulacja \u017ar\u00f3d\u0142a \u015bwiat\u0142a, w\u0142\u0105cznik i wy\u0142\u0105cznik.<\/p>\n<p><img decoding=\"async\" src=\"https:\/\/b2b.innpro.pl\/data\/include\/cms\/6.1DominikJ\/Baseus\/DGIWK\/B0_15.jpg\"><\/p>\n<div class=\"table-wrapper\">\n<table style=\"height: 335px;\" width=\"712\">\n<tbody>\n<tr>\n<td><strong><span>Producent<\/span><\/strong><\/td>\n<td><span>Baseus<\/span><\/td>\n<\/tr>\n<tr>\n<td><span><strong>Model<\/strong><\/span><\/td>\n<td><span>i-wok Series USB Stepless Dimming Screen Hanging Light (Youth)<\/span><\/td>\n<\/tr>\n<tr>\n<td><span><strong>Kod produktu<\/strong><\/span><\/td>\n<td><span>DGIWK-B01<\/span><\/td>\n<\/tr>\n<tr>\n<td><span><strong>Ilo\u015b\u0107 lamp w opakowaniu<\/strong><\/span><\/td>\n<td><span>1 sztuka<\/span><\/td>\n<\/tr>\n<tr>\n<td><span><strong>Materia\u0142<\/strong><\/span><\/td>\n<td><span><span>Aluminium + PC<\/span><\/span><\/td>\n<\/tr>\n<tr>\n<td><span><strong>Kolor<\/strong><\/span><\/td>\n<td><span><span>Czarny<\/span><\/span><\/td>\n<\/tr>\n<tr>\n<td><span><strong>Rozmiar lampy<\/strong><\/span><\/td>\n<td><span><span>12\u201d<\/span><\/span><\/td>\n<\/tr>\n<tr>\n<td><span><strong>Moc<\/strong><\/span><\/td>\n<td><span><span>5W (Max)<\/span><\/span><\/td>\n<\/tr>\n<tr>\n<td><span><strong>Pr\u0105d wej\u015bciowy<\/strong><\/span><\/td>\n<td><span><span>5V \/ 2A<\/span><\/span><\/td>\n<\/tr>\n<tr>\n<td><span><strong>Waga<\/strong><\/span><\/td>\n<td><span><span>500g<\/span><\/span><\/td>\n<\/tr>\n<tr>\n<td><span><strong>Temperatura barwy<\/strong><\/span><\/td>\n<td><span><span>2900-5000 K<\/span><\/span><\/td>\n<\/tr>\n<tr>\n<td><span><strong>Wymiary<\/strong><\/span><\/td>\n<td><span><span>464\u00a0\u00d7\u00a0100\u00a0\u00d7\u00a038 mm<\/span><\/span><\/td>\n<\/tr>\n<tr>\n<td><span><strong>Metoda monta\u017cu<\/strong><\/span><\/td>\n<td><span><span>Na\u0142o\u017cenie na monitor<\/span><\/span><\/td>\n<\/tr>\n<tr>\n<td><span><strong>Sterowanie jasno\u015bci\u0105<\/strong><\/span><\/td>\n<td><span><span>Poprzez panel dotykowy (3 tryby)<\/span><\/span><\/td>\n<\/tr>\n<\/tbody>\n<\/table>\n<\/div>\n","protected":false},"excerpt":{"rendered":"<p>Lampka biurkowa Baseus Najlepsze \u015bwiat\u0142o do pracy przy biurku to \u015bwiat\u0142o dzienne. Niestety, nie zawsze mo\u017cliwy jest dost\u0119p do korzystania<\/p>\n","protected":false},"featured_media":41161,"comment_status":"closed","ping_status":"open","template":"","meta":{"_acf_changed":false},"product_brand":[],"product_cat":[5929,6191],"product_tag":[],"class_list":{"0":"post-55504","1":"product","2":"type-product","3":"status-publish","4":"has-post-thumbnail","6":"product_cat-akcesoria-it","7":"product_cat-oswietlenie-akcesoria-it","8":"pa_okres-gwarancji-5754","9":"pa_producent-baseus","11":"first","12":"outofstock","13":"taxable","14":"shipping-taxable","15":"purchasable","16":"product-type-simple"},"acf":[],"yoast_head":"<!-- This site is optimized with the Yoast SEO plugin v27.2 - https:\/\/yoast.com\/product\/yoast-seo-wordpress\/ -->\n<title>Lampka na monitor BASEUS i-Wok panel dotykowy (czarna) - IRONSKY.PL Sklep z Dronami<\/title>\n<meta name=\"description\" content=\"Lampka na monitor BASEUS i-Wok panel dotykowy (czarna) - \u2705 sklep z dronami i fachowym doradztwem. \u2705 Tutaj kupisz produkty DJI, Yuneec, Parrot, Syma i wiele innych, a tak\u017ce kursy i licencje na operatora drona.\" \/>\n<meta name=\"robots\" content=\"index, follow, max-snippet:-1, max-image-preview:large, max-video-preview:-1\" \/>\n<link rel=\"canonical\" href=\"https:\/\/ironsky.pl\/sklep\/produkt\/lampka-na-monitor-baseus-i-wok-panel-dotykowy-czarna\/\" \/>\n<meta property=\"og:locale\" content=\"pl_PL\" \/>\n<meta property=\"og:type\" content=\"article\" \/>\n<meta property=\"og:title\" content=\"Lampka na monitor BASEUS i-Wok panel dotykowy (czarna) - IRONSKY.PL Sklep z Dronami\" \/>\n<meta property=\"og:description\" content=\"Lampka na monitor BASEUS i-Wok panel dotykowy (czarna) - \u2705 sklep z dronami i fachowym doradztwem. \u2705 Tutaj kupisz produkty DJI, Yuneec, Parrot, Syma i wiele innych, a tak\u017ce kursy i licencje na operatora drona.\" \/>\n<meta property=\"og:url\" content=\"https:\/\/ironsky.pl\/sklep\/produkt\/lampka-na-monitor-baseus-i-wok-panel-dotykowy-czarna\/\" \/>\n<meta property=\"og:site_name\" content=\"IRONSKY.PL Sklep z Dronami\" \/>\n<meta property=\"article:modified_time\" content=\"2026-04-15T08:05:03+00:00\" \/>\n<meta property=\"og:image\" content=\"https:\/\/ironsky.pl\/sklep\/wp-content\/uploads\/2025\/06\/19163_1.jpg\" \/>\n\t<meta property=\"og:image:width\" content=\"800\" \/>\n\t<meta property=\"og:image:height\" content=\"800\" \/>\n\t<meta property=\"og:image:type\" content=\"image\/jpeg\" \/>\n<meta name=\"twitter:card\" content=\"summary_large_image\" \/>\n<meta name=\"twitter:label1\" content=\"Szacowany czas czytania\" \/>\n\t<meta name=\"twitter:data1\" content=\"3 minuty\" \/>\n<script type=\"application\/ld+json\" class=\"yoast-schema-graph\">{\"@context\":\"https:\/\/schema.org\",\"@graph\":[{\"@type\":\"WebPage\",\"@id\":\"https:\/\/ironsky.pl\/sklep\/produkt\/lampka-na-monitor-baseus-i-wok-panel-dotykowy-czarna\/\",\"url\":\"https:\/\/ironsky.pl\/sklep\/produkt\/lampka-na-monitor-baseus-i-wok-panel-dotykowy-czarna\/\",\"name\":\"Lampka na monitor BASEUS i-Wok panel dotykowy (czarna) - IRONSKY.PL Sklep z Dronami\",\"isPartOf\":{\"@id\":\"https:\/\/ironsky.pl\/sklep\/#website\"},\"primaryImageOfPage\":{\"@id\":\"https:\/\/ironsky.pl\/sklep\/produkt\/lampka-na-monitor-baseus-i-wok-panel-dotykowy-czarna\/#primaryimage\"},\"image\":{\"@id\":\"https:\/\/ironsky.pl\/sklep\/produkt\/lampka-na-monitor-baseus-i-wok-panel-dotykowy-czarna\/#primaryimage\"},\"thumbnailUrl\":\"https:\/\/ironsky.pl\/sklep\/wp-content\/uploads\/2025\/06\/19163_1.jpg\",\"datePublished\":\"2026-04-15T08:04:29+00:00\",\"dateModified\":\"2026-04-15T08:05:03+00:00\",\"description\":\"Lampka na monitor BASEUS i-Wok panel dotykowy (czarna) - \u2705 sklep z dronami i fachowym doradztwem. \u2705 Tutaj kupisz produkty DJI, Yuneec, Parrot, Syma i wiele innych, a tak\u017ce kursy i licencje na operatora drona.\",\"breadcrumb\":{\"@id\":\"https:\/\/ironsky.pl\/sklep\/produkt\/lampka-na-monitor-baseus-i-wok-panel-dotykowy-czarna\/#breadcrumb\"},\"inLanguage\":\"pl-PL\",\"potentialAction\":[{\"@type\":\"ReadAction\",\"target\":[\"https:\/\/ironsky.pl\/sklep\/produkt\/lampka-na-monitor-baseus-i-wok-panel-dotykowy-czarna\/\"]}]},{\"@type\":\"ImageObject\",\"inLanguage\":\"pl-PL\",\"@id\":\"https:\/\/ironsky.pl\/sklep\/produkt\/lampka-na-monitor-baseus-i-wok-panel-dotykowy-czarna\/#primaryimage\",\"url\":\"https:\/\/ironsky.pl\/sklep\/wp-content\/uploads\/2025\/06\/19163_1.jpg\",\"contentUrl\":\"https:\/\/ironsky.pl\/sklep\/wp-content\/uploads\/2025\/06\/19163_1.jpg\",\"width\":800,\"height\":800},{\"@type\":\"BreadcrumbList\",\"@id\":\"https:\/\/ironsky.pl\/sklep\/produkt\/lampka-na-monitor-baseus-i-wok-panel-dotykowy-czarna\/#breadcrumb\",\"itemListElement\":[{\"@type\":\"ListItem\",\"position\":1,\"name\":\"Strona g\u0142\u00f3wna\",\"item\":\"https:\/\/ironsky.pl\/sklep\/\"},{\"@type\":\"ListItem\",\"position\":2,\"name\":\"Wszystkie produkty\",\"item\":\"https:\/\/ironsky.pl\/sklep\/produkty\/\"},{\"@type\":\"ListItem\",\"position\":3,\"name\":\"Lampka na monitor BASEUS i-Wok panel dotykowy (czarna)\"}]},{\"@type\":\"WebSite\",\"@id\":\"https:\/\/ironsky.pl\/sklep\/#website\",\"url\":\"https:\/\/ironsky.pl\/sklep\/\",\"name\":\"IRONSKY.PL Sklep z Dronami\",\"description\":\"IRONSKY.PL Sklep z Dronami\",\"potentialAction\":[{\"@type\":\"SearchAction\",\"target\":{\"@type\":\"EntryPoint\",\"urlTemplate\":\"https:\/\/ironsky.pl\/sklep\/?s={search_term_string}\"},\"query-input\":{\"@type\":\"PropertyValueSpecification\",\"valueRequired\":true,\"valueName\":\"search_term_string\"}}],\"inLanguage\":\"pl-PL\"}]}<\/script>\n<!-- \/ Yoast SEO plugin. -->","yoast_head_json":{"title":"Lampka na monitor BASEUS i-Wok panel dotykowy (czarna) - IRONSKY.PL Sklep z Dronami","description":"Lampka na monitor BASEUS i-Wok panel dotykowy (czarna) - \u2705 sklep z dronami i fachowym doradztwem. \u2705 Tutaj kupisz produkty DJI, Yuneec, Parrot, Syma i wiele innych, a tak\u017ce kursy i licencje na operatora drona.","robots":{"index":"index","follow":"follow","max-snippet":"max-snippet:-1","max-image-preview":"max-image-preview:large","max-video-preview":"max-video-preview:-1"},"canonical":"https:\/\/ironsky.pl\/sklep\/produkt\/lampka-na-monitor-baseus-i-wok-panel-dotykowy-czarna\/","og_locale":"pl_PL","og_type":"article","og_title":"Lampka na monitor BASEUS i-Wok panel dotykowy (czarna) - IRONSKY.PL Sklep z Dronami","og_description":"Lampka na monitor BASEUS i-Wok panel dotykowy (czarna) - \u2705 sklep z dronami i fachowym doradztwem. \u2705 Tutaj kupisz produkty DJI, Yuneec, Parrot, Syma i wiele innych, a tak\u017ce kursy i licencje na operatora drona.","og_url":"https:\/\/ironsky.pl\/sklep\/produkt\/lampka-na-monitor-baseus-i-wok-panel-dotykowy-czarna\/","og_site_name":"IRONSKY.PL Sklep z Dronami","article_modified_time":"2026-04-15T08:05:03+00:00","og_image":[{"width":800,"height":800,"url":"https:\/\/ironsky.pl\/sklep\/wp-content\/uploads\/2025\/06\/19163_1.jpg","type":"image\/jpeg"}],"twitter_card":"summary_large_image","twitter_misc":{"Szacowany czas czytania":"3 minuty"},"schema":{"@context":"https:\/\/schema.org","@graph":[{"@type":"WebPage","@id":"https:\/\/ironsky.pl\/sklep\/produkt\/lampka-na-monitor-baseus-i-wok-panel-dotykowy-czarna\/","url":"https:\/\/ironsky.pl\/sklep\/produkt\/lampka-na-monitor-baseus-i-wok-panel-dotykowy-czarna\/","name":"Lampka na monitor BASEUS i-Wok panel dotykowy (czarna) - IRONSKY.PL Sklep z Dronami","isPartOf":{"@id":"https:\/\/ironsky.pl\/sklep\/#website"},"primaryImageOfPage":{"@id":"https:\/\/ironsky.pl\/sklep\/produkt\/lampka-na-monitor-baseus-i-wok-panel-dotykowy-czarna\/#primaryimage"},"image":{"@id":"https:\/\/ironsky.pl\/sklep\/produkt\/lampka-na-monitor-baseus-i-wok-panel-dotykowy-czarna\/#primaryimage"},"thumbnailUrl":"https:\/\/ironsky.pl\/sklep\/wp-content\/uploads\/2025\/06\/19163_1.jpg","datePublished":"2026-04-15T08:04:29+00:00","dateModified":"2026-04-15T08:05:03+00:00","description":"Lampka na monitor BASEUS i-Wok panel dotykowy (czarna) - \u2705 sklep z dronami i fachowym doradztwem. \u2705 Tutaj kupisz produkty DJI, Yuneec, Parrot, Syma i wiele innych, a tak\u017ce kursy i licencje na operatora drona.","breadcrumb":{"@id":"https:\/\/ironsky.pl\/sklep\/produkt\/lampka-na-monitor-baseus-i-wok-panel-dotykowy-czarna\/#breadcrumb"},"inLanguage":"pl-PL","potentialAction":[{"@type":"ReadAction","target":["https:\/\/ironsky.pl\/sklep\/produkt\/lampka-na-monitor-baseus-i-wok-panel-dotykowy-czarna\/"]}]},{"@type":"ImageObject","inLanguage":"pl-PL","@id":"https:\/\/ironsky.pl\/sklep\/produkt\/lampka-na-monitor-baseus-i-wok-panel-dotykowy-czarna\/#primaryimage","url":"https:\/\/ironsky.pl\/sklep\/wp-content\/uploads\/2025\/06\/19163_1.jpg","contentUrl":"https:\/\/ironsky.pl\/sklep\/wp-content\/uploads\/2025\/06\/19163_1.jpg","width":800,"height":800},{"@type":"BreadcrumbList","@id":"https:\/\/ironsky.pl\/sklep\/produkt\/lampka-na-monitor-baseus-i-wok-panel-dotykowy-czarna\/#breadcrumb","itemListElement":[{"@type":"ListItem","position":1,"name":"Strona g\u0142\u00f3wna","item":"https:\/\/ironsky.pl\/sklep\/"},{"@type":"ListItem","position":2,"name":"Wszystkie produkty","item":"https:\/\/ironsky.pl\/sklep\/produkty\/"},{"@type":"ListItem","position":3,"name":"Lampka na monitor BASEUS i-Wok panel dotykowy (czarna)"}]},{"@type":"WebSite","@id":"https:\/\/ironsky.pl\/sklep\/#website","url":"https:\/\/ironsky.pl\/sklep\/","name":"IRONSKY.PL Sklep z Dronami","description":"IRONSKY.PL Sklep z Dronami","potentialAction":[{"@type":"SearchAction","target":{"@type":"EntryPoint","urlTemplate":"https:\/\/ironsky.pl\/sklep\/?s={search_term_string}"},"query-input":{"@type":"PropertyValueSpecification","valueRequired":true,"valueName":"search_term_string"}}],"inLanguage":"pl-PL"}]}},"_links":{"self":[{"href":"https:\/\/ironsky.pl\/sklep\/wp-json\/wp\/v2\/product\/55504","targetHints":{"allow":["GET"]}}],"collection":[{"href":"https:\/\/ironsky.pl\/sklep\/wp-json\/wp\/v2\/product"}],"about":[{"href":"https:\/\/ironsky.pl\/sklep\/wp-json\/wp\/v2\/types\/product"}],"replies":[{"embeddable":true,"href":"https:\/\/ironsky.pl\/sklep\/wp-json\/wp\/v2\/comments?post=55504"}],"wp:featuredmedia":[{"embeddable":true,"href":"https:\/\/ironsky.pl\/sklep\/wp-json\/wp\/v2\/media\/41161"}],"wp:attachment":[{"href":"https:\/\/ironsky.pl\/sklep\/wp-json\/wp\/v2\/media?parent=55504"}],"wp:term":[{"taxonomy":"product_brand","embeddable":true,"href":"https:\/\/ironsky.pl\/sklep\/wp-json\/wp\/v2\/product_brand?post=55504"},{"taxonomy":"product_cat","embeddable":true,"href":"https:\/\/ironsky.pl\/sklep\/wp-json\/wp\/v2\/product_cat?post=55504"},{"taxonomy":"product_tag","embeddable":true,"href":"https:\/\/ironsky.pl\/sklep\/wp-json\/wp\/v2\/product_tag?post=55504"}],"curies":[{"name":"wp","href":"https:\/\/api.w.org\/{rel}","templated":true}]}}