{"id":55496,"date":"2026-04-15T10:04:29","date_gmt":"2026-04-15T08:04:29","guid":{"rendered":"https:\/\/ironsky.pl\/sklep\/produkt\/kamera-dji-zenmuse-p1-dji-care-enterprise-basic\/"},"modified":"2026-04-20T06:04:05","modified_gmt":"2026-04-20T04:04:05","slug":"kamera-dji-zenmuse-p1-dji-care-enterprise-basic","status":"publish","type":"product","link":"https:\/\/ironsky.pl\/sklep\/produkt\/kamera-dji-zenmuse-p1-dji-care-enterprise-basic\/","title":{"rendered":"Kamera DJI Zenmuse P1 + DJI Care Enterprise Basic"},"content":{"rendered":"<h3>Zenmuse P1 &#8211; nowa jako\u015b\u0107 pomiar\u00f3w<\/h3>\n<p>Zenmuse P1 integruje pe\u0142noklatkow\u0105 matryc\u0119 z wymiennymi obiektywami o sta\u0142ej ogniskowej na 3-osiowym stabilizowanym gimbalu. Zaprojektowany do lot\u00f3w fotogrametrycznych, wznosi wydajno\u015b\u0107 i dok\u0142adno\u015b\u0107 na zupe\u0142nie nowy poziom.<\/p>\n<ul>\n<li>Dok\u0142adno\u015b\u0107 bez fotopunkt\u00f3w 3 cm w poziomie \/ 5 cm w pionie<\/li>\n<li>Wysoka wydajno\u015b\u0107 &#8211; pokrycie 3 km2 podczas jednego lotu<\/li>\n<li>Matryca pe\u0142noklatkowa 45 MP 3-osiowy gimbal, inteligentne uj\u0119cia<\/li>\n<li>Mechaniczna migawka o szybko\u015bci 1\/2000 Sekundy<\/li>\n<li>TimeSync 2.0 &#8211; synchronizacja na poziomie mikrosekund<\/li>\n<\/ul>\n<p><img decoding=\"async\" src=\"https:\/\/b2b.innpro.pl\/data\/include\/cms\/enterprise\/Zenmuse-P1\/DJI-Enterprise-Zenmuse-P1-Baner.jpg\" border=\"0\" width=\"100%\" height=\"NaN\" \/><\/p>\n<h3>Nadzwyczajna wydajno\u015b\u0107<\/h3>\n<p>Zenmuse P1 zawiera pe\u0142noklatkow\u0105, niskoszumn\u0105 matryc\u0119 o wysokiej czu\u0142o\u015bci, kt\u00f3ra mo\u017ce wykonywa\u0107 zcj\u0119cia co 0,7 s podczas lotu i obejmowa\u0107 3 km2 podczas jednego lotu.<\/p>\n<p><img decoding=\"async\" src=\"https:\/\/b2b.innpro.pl\/data\/include\/cms\/enterprise\/Zenmuse-P1\/DJI-Enterprise-Zenmuse-P1-Nadzwyczajna_wydajn.jpg?v=1615279206601\" border=\"0\" \/><\/p>\n<h3>Godna uwagi dok\u0142adno\u015b\u0107<\/h3>\n<p>Wyposa\u017cona w migawk\u0119 mechaniczn\u0105 oraz ca\u0142kowicie nowy system TimeSync 2.0, kt\u00f3ry synchronizuje czas pomi\u0119dzy modu\u0142ami na poziomie mikrosekund, kamera Zenmuse P1 pozwala u\u017cytkownikom na przechwytywanie danych z dok\u0142adno\u015bci\u0105 do centymetra w po\u0142\u0105czeniu z technologi\u0105 kompensacji po\u0142o\u017cenia i orientacji w czasie rzeczywistym.<\/p>\n<p><img decoding=\"async\" src=\"https:\/\/b2b.innpro.pl\/data\/include\/cms\/enterprise\/Zenmuse-P1\/DJI-Enterprise-Zenmuse-P1-Godna-uwagi-dokadno.jpg?v=1615279206602\" border=\"0\" \/><\/p>\n<h3>Niezwyk\u0142a wszechstronno\u015b\u0107<\/h3>\n<p>Tw\u00f3rz modele 2D, 3D dzi\u0119ki zintegrowanemu 3-osiowemu gimbalowi, kt\u00f3ry mo\u017cna wyposa\u017cy\u0107 w obiektywy 24\/35\/50 mm oraz funkcj\u0119 Smart Oblique Capture.<\/p>\n<p><img decoding=\"async\" src=\"https:\/\/b2b.innpro.pl\/data\/include\/cms\/enterprise\/Zenmuse-P1\/DJI-Enterprise-Zenmuse-P1-niezwyka-wszechstronno.jpg?v=1615279206601\" border=\"0\" \/><\/p>\n<h3>Wydajno\u015b\u0107 pokrywaj\u0105ca wszystko &#8211; kamera pe\u0142noklatkowa<\/h3>\n<ul>\n<li>Matryca pe\u0142noklatkowa 45MP<\/li>\n<li>Wielko\u015b\u0107 piksela 4.4\u03bcm<\/li>\n<li>Wysoka czu\u0142o\u015b\u0107<\/li>\n<li>Zdj\u0119cia wykonywane co 0,7 s<\/li>\n<li>TimeSync 2.0 synchronizuje kamer\u0119, kontroler lotu, modu\u0142 RTK i gimbal na poziomie mikrosekund.<\/li>\n<\/ul>\n<h3>Elastyczno\u015b\u0107 i wszechstronno\u015b\u0107, mnogo\u015b\u0107 obiektyw\u00f3w<\/h3>\n<ul>\n<li>Globalna, mechaniczna migawka o szybko\u015bci 1\/2000 Sekundy<\/li>\n<li>Pr\u00f3bkowanie ekspozycji mikrosekundach<\/li>\n<li>Obs\u0142uguje obiektywy 24\/35\/50 mm z mocowaniem DJI DL<\/li>\n<li>Pracuj m\u0105drze, pracuj szybko<\/li>\n<\/ul>\n<p><img decoding=\"async\" src=\"https:\/\/b2b.innpro.pl\/data\/include\/cms\/enterprise\/Zenmuse-P1\/DJI-Enterprise-Zenmuse-P1-oblique-capture.jpg?v=1615279206601\" border=\"0\" \/><\/p>\n<h3>Smart Oblique Capture<\/h3>\n<p>Opracuj 7,5 km2 obszaru w ci\u0105gu jednego dnia roboczego za pomoc\u0105 Zenmuse P1. Podnie\u015b wydajno\u015b\u0107 swojej misji fotograficznej za pomoc\u0105 Smart Oblique Capture, gdzie gimbal automatycznie obraca si\u0119, aby zrobi\u0107 zdj\u0119cia pod r\u00f3\u017cnymi potrzebnymi k\u0105tami. Tylko zdj\u0119cia niezb\u0119dne do rekonstrukcji zostan\u0105 wykonane pod r\u00f3\u017cnym k\u0105tem obszaru lotu, co zwi\u0119kszy wydajno\u015b\u0107 przetwarzania ko\u0144cowego o 20% do 50%.<\/p>\n<h3>Inteligentne zarz\u0105dzanie danymi<\/h3>\n<p>Zarz\u0105dzanie danymi dotycz\u0105cymi Twojej misji usprawnione jak nigdy dot\u0105d.<\/p>\n<ul>\n<li>Pliki z misji s\u0105 automatycznie kojarzone z nazw\u0105 misji i dat\u0105<\/li>\n<li>Scentralizowane miejsce przechowywania zdj\u0119\u0107, danych GNSS i plik\u00f3w TimeStamps.MRK.<\/li>\n<li>Metadane zdj\u0119\u0107 zawieraj\u0105 wewn\u0119trzne i zewn\u0119trzne parametry kamery oraz stan RTK.<\/li>\n<\/ul>\n<p><img decoding=\"async\" src=\"https:\/\/b2b.innpro.pl\/data\/include\/cms\/enterprise\/Zenmuse-P1\/DJI-Enterprise-Zenmuse-P1-raportowanie_w_terenie.jpg?v=1615279206601\" border=\"0\" \/><\/p>\n<h3>Raport z pracy w terenie<\/h3>\n<p>Sprawdzaj jako\u015b\u0107 danych natychmiast po locie, weryfikuj\u0105c dane o pozycji i liczbie pozyskanych zdj\u0119\u0107, a tak\u017ce stan RTK oraz dok\u0142adno\u015b\u0107 pozycjonowania.<\/p>\n<h3>Tryb misji dla ka\u017cdego scenariusza<\/h3>\n<ul>\n<li>Ortofotomapa 2D<\/li>\n<li>Misja 3D Oblique<\/li>\n<li>Szczeg\u00f3\u0142owa misja do tworzenia modeli<\/li>\n<li>Mapowanie w czasie rzeczywistym<\/li>\n<\/ul>\n<h3>Zastosowania<\/h3>\n<ul>\n<li>Mapy topograficzne<br \/>Pozyskiwanie danych, kt\u00f3re spe\u0142niaj\u0105 wymagania dok\u0142adno\u015bci skali 1:500 bez fotopunkt\u00f3w.<\/li>\n<li>Pomiary katastralne <br \/>Szybko generuj centymetrowe, dok\u0142adne modele 3D.<\/li>\n<li>AEC i geodezja <br \/>Zarz\u0105dzaj pe\u0142nym cyklem \u017cycia projektu za pomoc\u0105 danych 2D i 3D.<\/li>\n<li>Zarz\u0105dzanie zasobami naturalnymi <br \/>Zmierzy, sklasyfikuj lub okre\u015bl w\u0142a\u015bciwo\u015bci zbiornik\u00f3w wodnych i las\u00f3w.<\/li>\n<li>Badania geologiczne <br \/>Bezpiecznie gromadzi\u0107 dok\u0142adne dane lotnicze na poziomie milimetr\u00f3w o miejscach zagro\u017cenia geologicznego.<\/li>\n<li>Obserwacja miejsca katastrofy <br \/>Uzyskaj w czasie rzeczywistym przegl\u0105d rozleg\u0142ych obszar\u00f3w dotkni\u0119tych katastrof\u0105, aby pom\u00f3c zespo\u0142om w podejmowaniu kluczowych decyzji.<\/li>\n<\/ul>\n<h3>Zawarto\u015b\u0107 zestawu<\/h3>\n<ul>\n<li>Kamera Zenmuse P1 z obiektywem 35mm<\/li>\n<li>Roczna ochrona DJI Care Enterprise (auto-aktywacja)<\/li>\n<li>DJI Terra Electricity na 3 miesi\u0105ce<\/li>\n<li>Walizka<\/li>\n<\/ul>\n<div class=\"table-wrapper\">\n<table>\n<tbody>\n<tr>\n<th>OG\u00d3LNE<\/th>\n<td>\u00a0<\/td>\n<\/tr>\n<tr>\n<th>Marka<\/th>\n<td>DJI<\/td>\n<\/tr>\n<tr>\n<th>Model<\/th>\n<td>CP.ZM.00000136.01<\/td>\n<\/tr>\n<tr>\n<th>Masa<\/th>\n<td>787 g<\/td>\n<\/tr>\n<tr>\n<th>Wymiary<\/th>\n<td>198\u00d7166\u00d7129 mm<\/td>\n<\/tr>\n<tr>\n<th>Moc<\/th>\n<td>13 W<\/td>\n<\/tr>\n<tr>\n<th>IP<\/th>\n<td>IP4X<\/td>\n<\/tr>\n<tr>\n<th>Kompatybilne drony<\/th>\n<td>Matrice 300\/350 RTK, Matrice 400<\/td>\n<\/tr>\n<tr>\n<th>Temperatura pracy<\/th>\n<td>-20\u00b0 do 50\u00b0 C<\/td>\n<\/tr>\n<tr>\n<th>Temperatura przechowywania<\/th>\n<td>-20\u00b0 do 60\u00b0 C<\/td>\n<\/tr>\n<tr>\n<th>Dok\u0142adno\u015b\u0107<\/th>\n<td>W poziomie: 3 cm, w pionie: 5 cm * * Misja mapowania GSD 3 cm i pr\u0119dko\u015b\u0107 lotu 15 m\/s, z 75% pokryciem frontowym i 55% pokryciem bocznym.<\/td>\n<\/tr>\n<tr>\n<th>KAMERA<\/th>\n<td>\u00a0<\/td>\n<\/tr>\n<tr>\n<th>Rozmiar matrycy<\/th>\n<td>35.9\u00d724 mm (pe\u0142na klatka), Rozmiar matrycy (rozmiar trybu Video): 34\u00d719 mm Piksele: 45MP Wielko\u015b\u0107 piksela: 4.4 \u03bcm<\/td>\n<\/tr>\n<tr>\n<th>Kompatybilne obiektywy<\/th>\n<td>DJI DL 24mm F2.8 LS ASPH (z os\u0142on\u0105 na obiektyw i ringiem balansuj\u0105cym), FOV 84\u00b0 DJI DL 35mm F2.8 LS ASPH (z os\u0142on\u0105 na obiektyw i ringiem balansuj\u0105cym, FOV 63.5\u00b0 DJI DL 50mm F2.8 LS ASPH (z os\u0142on\u0105 na obiektyw i ringiem balansuj\u0105cym), FOV 46.8\u00b0<\/td>\n<\/tr>\n<tr>\n<th>Kompatybilne karty SD<\/th>\n<td>SD: UHS-1 lub wy\u017cej; pojemno\u015b\u0107 max: 128 GB<\/td>\n<\/tr>\n<tr>\n<th>Pliki<\/th>\n<td>Fotografie \/ Pliki obserwacyjne GNSS\/ Pliki log<\/td>\n<\/tr>\n<tr>\n<th>Rozmiar zdj\u0119cia<\/th>\n<td>3:2 (8192\u00d75460)<\/td>\n<\/tr>\n<tr>\n<th>Tryby zdj\u0119\u0107<\/th>\n<td>Capture, Record, Playback<\/td>\n<\/tr>\n<tr>\n<th>Minimalny interwa\u0142 zdj\u0119\u0107<\/th>\n<td>0.7 s<\/td>\n<\/tr>\n<tr>\n<th>Szybko\u015b\u0107 migawki<\/th>\n<td>Mechaniczna: 1\/2000-1\/8 s Elektroniczna: 1\/8000-8 s *Warto\u015b\u0107 przys\u0142ony nie wi\u0119ksza ni\u017c f\/5,6<\/td>\n<\/tr>\n<tr>\n<th>Format wideo<\/th>\n<td>MP4<\/td>\n<\/tr>\n<tr>\n<th>Rozdzielczo\u015b\u0107<\/th>\n<td>16:9 (3840\u00d72160)<\/td>\n<\/tr>\n<tr>\n<th>Ilo\u015b\u0107 klatek<\/th>\n<td>60fps<\/td>\n<\/tr>\n<tr>\n<th>GIMBAL<\/th>\n<td>\u00a0<\/td>\n<\/tr>\n<tr>\n<th>Stabilizacja<\/th>\n<td>3-osiowa (tilt, roll, pan)<\/td>\n<\/tr>\n<tr>\n<th>Wibracje<\/th>\n<td>0.01\u00b0<\/td>\n<\/tr>\n<tr>\n<th>Monta\u017c<\/th>\n<td>DJI Skyport<\/td>\n<\/tr>\n<tr>\n<th>Zakres obrotu<\/th>\n<td>Tilt: -125\u00b0 do +40\u00b0; Roll: -55\u00b0 do +55\u00b0; Pan: \u00b1320\u00b0<\/td>\n<\/tr>\n<\/tbody>\n<\/table>\n<\/div>\n","protected":false},"excerpt":{"rendered":"<p>Zenmuse P1 &#8211; nowa jako\u015b\u0107 pomiar\u00f3w Zenmuse P1 integruje pe\u0142noklatkow\u0105 matryc\u0119 z wymiennymi obiektywami o sta\u0142ej ogniskowej na 3-osiowym stabilizowanym<\/p>\n","protected":false},"featured_media":55497,"comment_status":"closed","ping_status":"open","template":"","meta":{"_acf_changed":false},"product_brand":[],"product_cat":[1088,1105,6189],"product_tag":[],"class_list":{"0":"post-55496","1":"product","2":"type-product","3":"status-publish","4":"has-post-thumbnail","6":"product_cat-drony","7":"product_cat-przemyslowe","8":"product_cat-kamery","9":"pa_okres-gwarancji-5757","10":"pa_producent-dji-enterprise","12":"first","13":"instock","14":"taxable","15":"shipping-taxable","16":"purchasable","17":"product-type-simple"},"acf":[],"yoast_head":"<!-- This site is optimized with the Yoast SEO plugin v27.2 - https:\/\/yoast.com\/product\/yoast-seo-wordpress\/ -->\n<title>Kamera DJI Zenmuse P1 + DJI Care Enterprise Basic - IRONSKY.PL Sklep z Dronami<\/title>\n<meta name=\"description\" content=\"Kamera DJI Zenmuse P1 + DJI Care Enterprise Basic - \u2705 sklep z dronami i fachowym doradztwem. \u2705 Tutaj kupisz produkty DJI, Yuneec, Parrot, Syma i wiele innych, a tak\u017ce kursy i licencje na operatora drona.\" \/>\n<meta name=\"robots\" content=\"index, follow, max-snippet:-1, max-image-preview:large, max-video-preview:-1\" \/>\n<link rel=\"canonical\" href=\"https:\/\/ironsky.pl\/sklep\/produkt\/kamera-dji-zenmuse-p1-dji-care-enterprise-basic\/\" \/>\n<meta property=\"og:locale\" content=\"pl_PL\" \/>\n<meta property=\"og:type\" content=\"article\" \/>\n<meta property=\"og:title\" content=\"Kamera DJI Zenmuse P1 + DJI Care Enterprise Basic - IRONSKY.PL Sklep z Dronami\" \/>\n<meta property=\"og:description\" content=\"Kamera DJI Zenmuse P1 + DJI Care Enterprise Basic - \u2705 sklep z dronami i fachowym doradztwem. \u2705 Tutaj kupisz produkty DJI, Yuneec, Parrot, Syma i wiele innych, a tak\u017ce kursy i licencje na operatora drona.\" \/>\n<meta property=\"og:url\" content=\"https:\/\/ironsky.pl\/sklep\/produkt\/kamera-dji-zenmuse-p1-dji-care-enterprise-basic\/\" \/>\n<meta property=\"og:site_name\" content=\"IRONSKY.PL Sklep z Dronami\" \/>\n<meta property=\"article:modified_time\" content=\"2026-04-20T04:04:05+00:00\" \/>\n<meta property=\"og:image\" content=\"https:\/\/ironsky.pl\/sklep\/wp-content\/uploads\/2026\/04\/19135_1.jpg\" \/>\n\t<meta property=\"og:image:width\" content=\"800\" \/>\n\t<meta property=\"og:image:height\" content=\"800\" \/>\n\t<meta property=\"og:image:type\" content=\"image\/jpeg\" \/>\n<meta name=\"twitter:card\" content=\"summary_large_image\" \/>\n<meta name=\"twitter:label1\" content=\"Szacowany czas czytania\" \/>\n\t<meta name=\"twitter:data1\" content=\"4 minuty\" \/>\n<script type=\"application\/ld+json\" class=\"yoast-schema-graph\">{\"@context\":\"https:\/\/schema.org\",\"@graph\":[{\"@type\":\"WebPage\",\"@id\":\"https:\/\/ironsky.pl\/sklep\/produkt\/kamera-dji-zenmuse-p1-dji-care-enterprise-basic\/\",\"url\":\"https:\/\/ironsky.pl\/sklep\/produkt\/kamera-dji-zenmuse-p1-dji-care-enterprise-basic\/\",\"name\":\"Kamera DJI Zenmuse P1 + DJI Care Enterprise Basic - IRONSKY.PL Sklep z Dronami\",\"isPartOf\":{\"@id\":\"https:\/\/ironsky.pl\/sklep\/#website\"},\"primaryImageOfPage\":{\"@id\":\"https:\/\/ironsky.pl\/sklep\/produkt\/kamera-dji-zenmuse-p1-dji-care-enterprise-basic\/#primaryimage\"},\"image\":{\"@id\":\"https:\/\/ironsky.pl\/sklep\/produkt\/kamera-dji-zenmuse-p1-dji-care-enterprise-basic\/#primaryimage\"},\"thumbnailUrl\":\"https:\/\/ironsky.pl\/sklep\/wp-content\/uploads\/2026\/04\/19135_1.jpg\",\"datePublished\":\"2026-04-15T08:04:29+00:00\",\"dateModified\":\"2026-04-20T04:04:05+00:00\",\"description\":\"Kamera DJI Zenmuse P1 + DJI Care Enterprise Basic - \u2705 sklep z dronami i fachowym doradztwem. \u2705 Tutaj kupisz produkty DJI, Yuneec, Parrot, Syma i wiele innych, a tak\u017ce kursy i licencje na operatora drona.\",\"breadcrumb\":{\"@id\":\"https:\/\/ironsky.pl\/sklep\/produkt\/kamera-dji-zenmuse-p1-dji-care-enterprise-basic\/#breadcrumb\"},\"inLanguage\":\"pl-PL\",\"potentialAction\":[{\"@type\":\"ReadAction\",\"target\":[\"https:\/\/ironsky.pl\/sklep\/produkt\/kamera-dji-zenmuse-p1-dji-care-enterprise-basic\/\"]}]},{\"@type\":\"ImageObject\",\"inLanguage\":\"pl-PL\",\"@id\":\"https:\/\/ironsky.pl\/sklep\/produkt\/kamera-dji-zenmuse-p1-dji-care-enterprise-basic\/#primaryimage\",\"url\":\"https:\/\/ironsky.pl\/sklep\/wp-content\/uploads\/2026\/04\/19135_1.jpg\",\"contentUrl\":\"https:\/\/ironsky.pl\/sklep\/wp-content\/uploads\/2026\/04\/19135_1.jpg\",\"width\":800,\"height\":800},{\"@type\":\"BreadcrumbList\",\"@id\":\"https:\/\/ironsky.pl\/sklep\/produkt\/kamera-dji-zenmuse-p1-dji-care-enterprise-basic\/#breadcrumb\",\"itemListElement\":[{\"@type\":\"ListItem\",\"position\":1,\"name\":\"Strona g\u0142\u00f3wna\",\"item\":\"https:\/\/ironsky.pl\/sklep\/\"},{\"@type\":\"ListItem\",\"position\":2,\"name\":\"Wszystkie produkty\",\"item\":\"https:\/\/ironsky.pl\/sklep\/produkty\/\"},{\"@type\":\"ListItem\",\"position\":3,\"name\":\"Kamera DJI Zenmuse P1 + DJI Care Enterprise Basic\"}]},{\"@type\":\"WebSite\",\"@id\":\"https:\/\/ironsky.pl\/sklep\/#website\",\"url\":\"https:\/\/ironsky.pl\/sklep\/\",\"name\":\"IRONSKY.PL Sklep z Dronami\",\"description\":\"IRONSKY.PL Sklep z Dronami\",\"potentialAction\":[{\"@type\":\"SearchAction\",\"target\":{\"@type\":\"EntryPoint\",\"urlTemplate\":\"https:\/\/ironsky.pl\/sklep\/?s={search_term_string}\"},\"query-input\":{\"@type\":\"PropertyValueSpecification\",\"valueRequired\":true,\"valueName\":\"search_term_string\"}}],\"inLanguage\":\"pl-PL\"}]}<\/script>\n<!-- \/ Yoast SEO plugin. -->","yoast_head_json":{"title":"Kamera DJI Zenmuse P1 + DJI Care Enterprise Basic - IRONSKY.PL Sklep z Dronami","description":"Kamera DJI Zenmuse P1 + DJI Care Enterprise Basic - \u2705 sklep z dronami i fachowym doradztwem. \u2705 Tutaj kupisz produkty DJI, Yuneec, Parrot, Syma i wiele innych, a tak\u017ce kursy i licencje na operatora drona.","robots":{"index":"index","follow":"follow","max-snippet":"max-snippet:-1","max-image-preview":"max-image-preview:large","max-video-preview":"max-video-preview:-1"},"canonical":"https:\/\/ironsky.pl\/sklep\/produkt\/kamera-dji-zenmuse-p1-dji-care-enterprise-basic\/","og_locale":"pl_PL","og_type":"article","og_title":"Kamera DJI Zenmuse P1 + DJI Care Enterprise Basic - IRONSKY.PL Sklep z Dronami","og_description":"Kamera DJI Zenmuse P1 + DJI Care Enterprise Basic - \u2705 sklep z dronami i fachowym doradztwem. \u2705 Tutaj kupisz produkty DJI, Yuneec, Parrot, Syma i wiele innych, a tak\u017ce kursy i licencje na operatora drona.","og_url":"https:\/\/ironsky.pl\/sklep\/produkt\/kamera-dji-zenmuse-p1-dji-care-enterprise-basic\/","og_site_name":"IRONSKY.PL Sklep z Dronami","article_modified_time":"2026-04-20T04:04:05+00:00","og_image":[{"width":800,"height":800,"url":"https:\/\/ironsky.pl\/sklep\/wp-content\/uploads\/2026\/04\/19135_1.jpg","type":"image\/jpeg"}],"twitter_card":"summary_large_image","twitter_misc":{"Szacowany czas czytania":"4 minuty"},"schema":{"@context":"https:\/\/schema.org","@graph":[{"@type":"WebPage","@id":"https:\/\/ironsky.pl\/sklep\/produkt\/kamera-dji-zenmuse-p1-dji-care-enterprise-basic\/","url":"https:\/\/ironsky.pl\/sklep\/produkt\/kamera-dji-zenmuse-p1-dji-care-enterprise-basic\/","name":"Kamera DJI Zenmuse P1 + DJI Care Enterprise Basic - IRONSKY.PL Sklep z Dronami","isPartOf":{"@id":"https:\/\/ironsky.pl\/sklep\/#website"},"primaryImageOfPage":{"@id":"https:\/\/ironsky.pl\/sklep\/produkt\/kamera-dji-zenmuse-p1-dji-care-enterprise-basic\/#primaryimage"},"image":{"@id":"https:\/\/ironsky.pl\/sklep\/produkt\/kamera-dji-zenmuse-p1-dji-care-enterprise-basic\/#primaryimage"},"thumbnailUrl":"https:\/\/ironsky.pl\/sklep\/wp-content\/uploads\/2026\/04\/19135_1.jpg","datePublished":"2026-04-15T08:04:29+00:00","dateModified":"2026-04-20T04:04:05+00:00","description":"Kamera DJI Zenmuse P1 + DJI Care Enterprise Basic - \u2705 sklep z dronami i fachowym doradztwem. \u2705 Tutaj kupisz produkty DJI, Yuneec, Parrot, Syma i wiele innych, a tak\u017ce kursy i licencje na operatora drona.","breadcrumb":{"@id":"https:\/\/ironsky.pl\/sklep\/produkt\/kamera-dji-zenmuse-p1-dji-care-enterprise-basic\/#breadcrumb"},"inLanguage":"pl-PL","potentialAction":[{"@type":"ReadAction","target":["https:\/\/ironsky.pl\/sklep\/produkt\/kamera-dji-zenmuse-p1-dji-care-enterprise-basic\/"]}]},{"@type":"ImageObject","inLanguage":"pl-PL","@id":"https:\/\/ironsky.pl\/sklep\/produkt\/kamera-dji-zenmuse-p1-dji-care-enterprise-basic\/#primaryimage","url":"https:\/\/ironsky.pl\/sklep\/wp-content\/uploads\/2026\/04\/19135_1.jpg","contentUrl":"https:\/\/ironsky.pl\/sklep\/wp-content\/uploads\/2026\/04\/19135_1.jpg","width":800,"height":800},{"@type":"BreadcrumbList","@id":"https:\/\/ironsky.pl\/sklep\/produkt\/kamera-dji-zenmuse-p1-dji-care-enterprise-basic\/#breadcrumb","itemListElement":[{"@type":"ListItem","position":1,"name":"Strona g\u0142\u00f3wna","item":"https:\/\/ironsky.pl\/sklep\/"},{"@type":"ListItem","position":2,"name":"Wszystkie produkty","item":"https:\/\/ironsky.pl\/sklep\/produkty\/"},{"@type":"ListItem","position":3,"name":"Kamera DJI Zenmuse P1 + DJI Care Enterprise Basic"}]},{"@type":"WebSite","@id":"https:\/\/ironsky.pl\/sklep\/#website","url":"https:\/\/ironsky.pl\/sklep\/","name":"IRONSKY.PL Sklep z Dronami","description":"IRONSKY.PL Sklep z Dronami","potentialAction":[{"@type":"SearchAction","target":{"@type":"EntryPoint","urlTemplate":"https:\/\/ironsky.pl\/sklep\/?s={search_term_string}"},"query-input":{"@type":"PropertyValueSpecification","valueRequired":true,"valueName":"search_term_string"}}],"inLanguage":"pl-PL"}]}},"_links":{"self":[{"href":"https:\/\/ironsky.pl\/sklep\/wp-json\/wp\/v2\/product\/55496","targetHints":{"allow":["GET"]}}],"collection":[{"href":"https:\/\/ironsky.pl\/sklep\/wp-json\/wp\/v2\/product"}],"about":[{"href":"https:\/\/ironsky.pl\/sklep\/wp-json\/wp\/v2\/types\/product"}],"replies":[{"embeddable":true,"href":"https:\/\/ironsky.pl\/sklep\/wp-json\/wp\/v2\/comments?post=55496"}],"wp:featuredmedia":[{"embeddable":true,"href":"https:\/\/ironsky.pl\/sklep\/wp-json\/wp\/v2\/media\/55497"}],"wp:attachment":[{"href":"https:\/\/ironsky.pl\/sklep\/wp-json\/wp\/v2\/media?parent=55496"}],"wp:term":[{"taxonomy":"product_brand","embeddable":true,"href":"https:\/\/ironsky.pl\/sklep\/wp-json\/wp\/v2\/product_brand?post=55496"},{"taxonomy":"product_cat","embeddable":true,"href":"https:\/\/ironsky.pl\/sklep\/wp-json\/wp\/v2\/product_cat?post=55496"},{"taxonomy":"product_tag","embeddable":true,"href":"https:\/\/ironsky.pl\/sklep\/wp-json\/wp\/v2\/product_tag?post=55496"}],"curies":[{"name":"wp","href":"https:\/\/api.w.org\/{rel}","templated":true}]}}