{"id":55458,"date":"2026-04-15T10:04:29","date_gmt":"2026-04-15T08:04:29","guid":{"rendered":"https:\/\/ironsky.pl\/sklep\/produkt\/system-transmisji-obrazu-dji-raveneye-do-rs-2-rsc-2\/"},"modified":"2026-04-15T10:43:04","modified_gmt":"2026-04-15T08:43:04","slug":"system-transmisji-obrazu-dji-raveneye-do-rs-2-rsc-2","status":"publish","type":"product","link":"https:\/\/ironsky.pl\/sklep\/produkt\/system-transmisji-obrazu-dji-raveneye-do-rs-2-rsc-2\/","title":{"rendered":"System transmisji obrazu DJI RavenEye do RS 2\/RSC 2"},"content":{"rendered":"<style><!--\ntable { border-collapse: collapse; width: 100%; } th, td { padding: 8px; text-align: left; border-bottom: 1px solid #ddd; } tr:hover{background-color:#f5f5f5}\n--><\/style>\n<div class=\"iai_top\">\n<div style=\"text-align: center;\" class=\"iai_top\">\n<p style=\"text-align: center;\">\u00a0\u00a0<\/p>\n<p style=\"text-align: justify;\"><span style=\"font-size: 12pt;\"><strong><span style=\"font-weight: 400;\">System Transmisji Obrazu DJI Ronin RavenEye pozwala na podgl\u0105d na \u017cywo z kamery oraz umo\u017cliwai wykorzystanie systemu ActiveTrack 3.0 w przypadku DJI RS 2. Obraz przesy\u0142any jest na wy\u015bwietlacz gimbala oraz do aplikacji Ronin. Przy u\u017cyciu DJI RSC 2, RavenEye pozwala na zdalne sterowanie gimbalem, monitorowanie obrazu oraz u\u017cywanie Active Track 3.0, jednak wbudowany wy\u015bwietlacza gimbala nie pozwala na podgl\u0105d obrazu na \u017cywo. System montowany jest na gibalu i \u0142\u0105czony z kamer\u0105 przez HDMI. po\u0142\u0105czenie ze smartfonem odbywa si\u0119 przez WiFi. Odwied\u017a stron\u0119 dji.com aby sprawdzi\u0107 list\u0119 kompatybilnych modeli kamer oraz funkcji<br \/>Uwaga: Ronin S oraz SC nie wspiera zdalnego sterowania oraz obs\u0142ugi ActiveTrack 3.0 przez RavenEye <br \/><\/span><\/strong><\/span><\/p>\n<p style=\"text-align: justify;\">\u00a0<\/p>\n<p>\u00a0<\/p>\n<div style=\"text-align: left;\" class=\"iai_bottom\"><span style=\"font-size: 12pt;\"><span style=\"font-size: 12pt;\"><span style=\"color: #333333;\"><span style=\"font-size: 14pt; color: #999999;\"><strong>Kompatybilno\u015b\u0107<br \/><\/strong><\/span><\/span><\/span><\/span><\/p>\n<hr \/>\n<p><span style=\"font-size: 12pt;\"><span style=\"font-size: 12pt;\"><span style=\"color: #333333;\"><span style=\"font-size: 14pt; color: #999999;\"><\/span><\/span><\/span><\/span><\/div>\n<div style=\"text-align: center;\" class=\"iai_bottom\"><\/div>\n<div style=\"text-align: center;\" class=\"iai_bottom\"><span style=\"font-size: 12pt;\"><span style=\"font-size: 12pt;\"><span style=\"color: #333333;\"><span style=\"font-size: 14pt; color: #999999;\"> <strong><br \/><\/strong><\/span><\/span><\/span><\/span><\/div>\n<table style=\"margin-left: auto; margin-right: auto;\" cellspacing=\"10\">\n<tbody>\n<tr style=\"height: 20px; background-color: #f7f7f7;\">\n<th style=\"text-align: left;\">\n<p><span style=\"font-size: 10pt;\">DJI RS 2 (Ronin-S2)<\/span><\/p>\n<\/th>\n<\/tr>\n<tr style=\"height: 20px;\">\n<th style=\"text-align: left;\">\n<p><span style=\"font-size: 10pt;\">DJI RSC 2 (Ronin-SC2)<\/span><\/p>\n<\/th>\n<\/tr>\n<tr style=\"height: 20px; background-color: #f7f7f7;\">\n<th style=\"text-align: left;\">\n<p><span style=\"font-size: 10pt;\">DJI Ronin-S<\/span><\/p>\n<\/th>\n<\/tr>\n<tr style=\"height: 20px;\">\n<th style=\"text-align: left;\">\n<p><span style=\"font-size: 10pt;\">DJI Ronin-SC<\/span><\/p>\n<\/th>\n<\/tr>\n<\/tbody>\n<\/table>\n<div style=\"text-align: left;\" class=\"iai_bottom\"><span style=\"font-size: 12pt;\"><span style=\"color: #333333;\"><span style=\"font-size: 14pt; color: #999999;\"><strong>W zestawie<br \/><\/strong><\/span><\/span><\/span><\/p>\n<hr \/>\n<p><span style=\"font-size: 12pt;\"><span style=\"color: #333333;\"><span style=\"font-size: 14pt; color: #999999;\"><\/span><\/span><\/span><\/div>\n<div style=\"text-align: center;\" class=\"iai_bottom\">\n<h3 class=\"section-title\">\u00a0<\/h3>\n<\/div>\n<\/div>\n<\/div>\n<table style=\"margin-left: auto; margin-right: auto;\" cellspacing=\"10\">\n<tbody>\n<tr style=\"height: 20px; background-color: #f7f7f7;\">\n<th style=\"text-align: left;\"><span style=\"font-size: 10pt;\">Transmiter obrazu \u00d7 1<br \/><\/span><\/th>\n<\/tr>\n<tr style=\"height: 20px;\">\n<th style=\"text-align: left;\"><span style=\"font-size: 10pt;\"><span>Adapter Cold Shoe do 1\/4&#8221;-20 \u00d7 1<\/span><\/span><\/th>\n<\/tr>\n<tr style=\"height: 20px; background-color: #f7f7f7;\">\n<th style=\"text-align: left;\"><span style=\"font-size: 10pt;\"><span>Kabel USB-C Charging (40 cm) \u00d7 1<\/span><\/span><\/th>\n<\/tr>\n<tr style=\"height: 20px;\">\n<th style=\"text-align: left;\"><span style=\"font-size: 10pt;\"><span>Kabel zasilaj\u0105cy USB-C (20 cm) \u00d7 1<\/span><\/span><\/th>\n<\/tr>\n<tr style=\"height: 20px; background-color: #f7f7f7;\">\n<th style=\"text-align: left;\"><span style=\"font-size: 10pt;\"><span>Kabel Mini-HDMI do HDMI (20 cm) \u00d7 1<\/span><\/span><\/th>\n<\/tr>\n<tr style=\"height: 20px;\">\n<th style=\"text-align: left;\"><span style=\"font-size: 10pt;\"><span>Kabel Mini-HDMI do Mini-HDMI (20 cm) \u00d7 1<\/span><\/span><\/th>\n<\/tr>\n<tr style=\"height: 20px; background-color: #f7f7f7;\">\n<th style=\"text-align: left;\"><span style=\"font-size: 10pt;\"><span>Kabel Mini-HDMI do Micro-HDMI (20 cm) \u00d7 1<\/span><\/span><\/th>\n<\/tr>\n<tr style=\"height: 20px;\">\n<th style=\"text-align: left;\"><span style=\"font-size: 10pt;\"><span>\u015aruba M4 \u00d7 2<\/span><\/span><\/th>\n<\/tr>\n<tr style=\"height: 20px; background-color: #f7f7f7;\">\n<th style=\"text-align: left;\"><span style=\"font-size: 10pt;\"><span>Klucz imbusowy (3 mm) \u00d7 1<\/span><\/span><\/th>\n<\/tr>\n<\/tbody>\n<\/table>\n<div class=\"iai_top\">\n<div style=\"text-align: center;\" class=\"iai_top\">\n<p>\u00a0<\/p>\n<\/div>\n<\/div>\n<div style=\"text-align: center;\" class=\"iai_bottom\"><\/div>\n<div style=\"text-align: left;\" class=\"iai_bottom\"><span style=\"font-size: 12pt;\"><span style=\"color: #333333;\"><span style=\"font-size: 14pt; color: #999999;\"><strong>Specyfikacja<br \/><\/strong><\/span><\/span><\/span><\/p>\n<hr \/>\n<p><span style=\"font-size: 12pt;\"><span style=\"color: #333333;\"><span style=\"font-size: 14pt; color: #999999;\"><\/span><\/span><\/span><\/div>\n<div style=\"text-align: center;\" class=\"iai_bottom\">\n<h3 class=\"section-title\">\u00a0<\/h3>\n<table class=\"table-specs\">\n<tbody>\n<tr>\n<th style=\"width: 400px;\"><span style=\"font-size: 10pt;\"><span>Cz\u0119stotliwo\u015b\u0107:<\/span><\/span><\/th>\n<td style=\"width: 400px;\"><span style=\"font-size: 10pt;\"><span>2.400-2.4835 GHz\uff0c5.725-5.850 GHz<\/span><\/span><\/td>\n<\/tr>\n<tr style=\"background-color: #f7f7f7;\">\n<th><span style=\"font-size: 10pt;\">Waga<\/span><\/th>\n<td><span style=\"font-size: 10pt;\"><span>126 g<\/span><\/span><\/td>\n<\/tr>\n<tr>\n<th><span style=\"font-size: 10pt;\">Zasilanie<\/span><\/th>\n<td><span style=\"font-size: 10pt;\"><span>82 mm x 63 mm x 24 mm<\/span><\/span><\/td>\n<\/tr>\n<tr style=\"background-color: #f7f7f7;\">\n<th><span style=\"font-size: 10pt;\"><span>Moc transmisji (EIRP):<\/span><\/span><\/th>\n<td>\n<p><span style=\"font-size: 10pt;\"><span>2.400-2.4835 GHz:<\/span><br \/><span>\uff1c25dBm (FCC)<\/span><br \/><span>\uff1c20dBm (CE\/SRRC\/MIC)<span>\u00a0<\/span><\/span><\/span><\/p>\n<p><span style=\"font-size: 10pt;\"><br \/><span>5.725-5.850 GHz:<\/span><br \/><span>\uff1c25dBm (FCC\/SRRC)<\/span><br \/><span>\uff1c14dBm(CE)<\/span><\/span><\/p>\n<\/td>\n<\/tr>\n<\/tbody>\n<\/table>\n<\/div>\n<style><!--\ntable { border-collapse: collapse; width: 100%; } th, td { padding: 8px; text-align: left; border-bottom: 1px solid #ddd; } tr:hover{background-color:#f5f5f5}\n--><\/style>\n","protected":false},"excerpt":{"rendered":"<p>\u00a0\u00a0 System Transmisji Obrazu DJI Ronin RavenEye pozwala na podgl\u0105d na \u017cywo z kamery oraz umo\u017cliwai wykorzystanie systemu ActiveTrack 3.0<\/p>\n","protected":false},"featured_media":55459,"comment_status":"closed","ping_status":"open","template":"","meta":{"_acf_changed":false},"product_brand":[],"product_cat":[1130,6174,1128],"product_tag":[],"class_list":{"0":"post-55458","1":"product","2":"type-product","3":"status-publish","4":"has-post-thumbnail","6":"product_cat-akcesoria-foto","7":"product_cat-do-aparatow-i-kamer","8":"product_cat-foto-wideo","9":"pa_okres-gwarancji-5757","10":"pa_producent-dji","12":"first","13":"outofstock","14":"taxable","15":"shipping-taxable","16":"purchasable","17":"product-type-simple"},"acf":[],"yoast_head":"<!-- This site is optimized with the Yoast SEO plugin v27.2 - https:\/\/yoast.com\/product\/yoast-seo-wordpress\/ -->\n<title>System transmisji obrazu DJI RavenEye do RS 2\/RSC 2 - IRONSKY.PL Sklep z Dronami<\/title>\n<meta name=\"description\" content=\"System transmisji obrazu DJI RavenEye do RS 2\/RSC 2 - \u2705 sklep z dronami i fachowym doradztwem. \u2705 Tutaj kupisz produkty DJI, Yuneec, Parrot, Syma i wiele innych, a tak\u017ce kursy i licencje na operatora drona.\" \/>\n<meta name=\"robots\" content=\"index, follow, max-snippet:-1, max-image-preview:large, max-video-preview:-1\" \/>\n<link rel=\"canonical\" href=\"https:\/\/ironsky.pl\/sklep\/produkt\/system-transmisji-obrazu-dji-raveneye-do-rs-2-rsc-2\/\" \/>\n<meta property=\"og:locale\" content=\"pl_PL\" \/>\n<meta property=\"og:type\" content=\"article\" \/>\n<meta property=\"og:title\" content=\"System transmisji obrazu DJI RavenEye do RS 2\/RSC 2 - IRONSKY.PL Sklep z Dronami\" \/>\n<meta property=\"og:description\" content=\"System transmisji obrazu DJI RavenEye do RS 2\/RSC 2 - \u2705 sklep z dronami i fachowym doradztwem. \u2705 Tutaj kupisz produkty DJI, Yuneec, Parrot, Syma i wiele innych, a tak\u017ce kursy i licencje na operatora drona.\" \/>\n<meta property=\"og:url\" content=\"https:\/\/ironsky.pl\/sklep\/produkt\/system-transmisji-obrazu-dji-raveneye-do-rs-2-rsc-2\/\" \/>\n<meta property=\"og:site_name\" content=\"IRONSKY.PL Sklep z Dronami\" \/>\n<meta property=\"article:modified_time\" content=\"2026-04-15T08:43:04+00:00\" \/>\n<meta property=\"og:image\" content=\"https:\/\/ironsky.pl\/sklep\/wp-content\/uploads\/2026\/04\/19113_1.png\" \/>\n\t<meta property=\"og:image:width\" content=\"707\" \/>\n\t<meta property=\"og:image:height\" content=\"528\" \/>\n\t<meta property=\"og:image:type\" content=\"image\/png\" \/>\n<meta name=\"twitter:card\" content=\"summary_large_image\" \/>\n<meta name=\"twitter:label1\" content=\"Szacowany czas czytania\" \/>\n\t<meta name=\"twitter:data1\" content=\"1 minuta\" \/>\n<script type=\"application\/ld+json\" class=\"yoast-schema-graph\">{\"@context\":\"https:\/\/schema.org\",\"@graph\":[{\"@type\":\"WebPage\",\"@id\":\"https:\/\/ironsky.pl\/sklep\/produkt\/system-transmisji-obrazu-dji-raveneye-do-rs-2-rsc-2\/\",\"url\":\"https:\/\/ironsky.pl\/sklep\/produkt\/system-transmisji-obrazu-dji-raveneye-do-rs-2-rsc-2\/\",\"name\":\"System transmisji obrazu DJI RavenEye do RS 2\/RSC 2 - IRONSKY.PL Sklep z Dronami\",\"isPartOf\":{\"@id\":\"https:\/\/ironsky.pl\/sklep\/#website\"},\"primaryImageOfPage\":{\"@id\":\"https:\/\/ironsky.pl\/sklep\/produkt\/system-transmisji-obrazu-dji-raveneye-do-rs-2-rsc-2\/#primaryimage\"},\"image\":{\"@id\":\"https:\/\/ironsky.pl\/sklep\/produkt\/system-transmisji-obrazu-dji-raveneye-do-rs-2-rsc-2\/#primaryimage\"},\"thumbnailUrl\":\"https:\/\/ironsky.pl\/sklep\/wp-content\/uploads\/2026\/04\/19113_1.png\",\"datePublished\":\"2026-04-15T08:04:29+00:00\",\"dateModified\":\"2026-04-15T08:43:04+00:00\",\"description\":\"System transmisji obrazu DJI RavenEye do RS 2\/RSC 2 - \u2705 sklep z dronami i fachowym doradztwem. \u2705 Tutaj kupisz produkty DJI, Yuneec, Parrot, Syma i wiele innych, a tak\u017ce kursy i licencje na operatora drona.\",\"breadcrumb\":{\"@id\":\"https:\/\/ironsky.pl\/sklep\/produkt\/system-transmisji-obrazu-dji-raveneye-do-rs-2-rsc-2\/#breadcrumb\"},\"inLanguage\":\"pl-PL\",\"potentialAction\":[{\"@type\":\"ReadAction\",\"target\":[\"https:\/\/ironsky.pl\/sklep\/produkt\/system-transmisji-obrazu-dji-raveneye-do-rs-2-rsc-2\/\"]}]},{\"@type\":\"ImageObject\",\"inLanguage\":\"pl-PL\",\"@id\":\"https:\/\/ironsky.pl\/sklep\/produkt\/system-transmisji-obrazu-dji-raveneye-do-rs-2-rsc-2\/#primaryimage\",\"url\":\"https:\/\/ironsky.pl\/sklep\/wp-content\/uploads\/2026\/04\/19113_1.png\",\"contentUrl\":\"https:\/\/ironsky.pl\/sklep\/wp-content\/uploads\/2026\/04\/19113_1.png\",\"width\":707,\"height\":528},{\"@type\":\"BreadcrumbList\",\"@id\":\"https:\/\/ironsky.pl\/sklep\/produkt\/system-transmisji-obrazu-dji-raveneye-do-rs-2-rsc-2\/#breadcrumb\",\"itemListElement\":[{\"@type\":\"ListItem\",\"position\":1,\"name\":\"Strona g\u0142\u00f3wna\",\"item\":\"https:\/\/ironsky.pl\/sklep\/\"},{\"@type\":\"ListItem\",\"position\":2,\"name\":\"Wszystkie produkty\",\"item\":\"https:\/\/ironsky.pl\/sklep\/produkty\/\"},{\"@type\":\"ListItem\",\"position\":3,\"name\":\"System transmisji obrazu DJI RavenEye do RS 2\/RSC 2\"}]},{\"@type\":\"WebSite\",\"@id\":\"https:\/\/ironsky.pl\/sklep\/#website\",\"url\":\"https:\/\/ironsky.pl\/sklep\/\",\"name\":\"IRONSKY.PL Sklep z Dronami\",\"description\":\"IRONSKY.PL Sklep z Dronami\",\"potentialAction\":[{\"@type\":\"SearchAction\",\"target\":{\"@type\":\"EntryPoint\",\"urlTemplate\":\"https:\/\/ironsky.pl\/sklep\/?s={search_term_string}\"},\"query-input\":{\"@type\":\"PropertyValueSpecification\",\"valueRequired\":true,\"valueName\":\"search_term_string\"}}],\"inLanguage\":\"pl-PL\"}]}<\/script>\n<!-- \/ Yoast SEO plugin. -->","yoast_head_json":{"title":"System transmisji obrazu DJI RavenEye do RS 2\/RSC 2 - IRONSKY.PL Sklep z Dronami","description":"System transmisji obrazu DJI RavenEye do RS 2\/RSC 2 - \u2705 sklep z dronami i fachowym doradztwem. \u2705 Tutaj kupisz produkty DJI, Yuneec, Parrot, Syma i wiele innych, a tak\u017ce kursy i licencje na operatora drona.","robots":{"index":"index","follow":"follow","max-snippet":"max-snippet:-1","max-image-preview":"max-image-preview:large","max-video-preview":"max-video-preview:-1"},"canonical":"https:\/\/ironsky.pl\/sklep\/produkt\/system-transmisji-obrazu-dji-raveneye-do-rs-2-rsc-2\/","og_locale":"pl_PL","og_type":"article","og_title":"System transmisji obrazu DJI RavenEye do RS 2\/RSC 2 - IRONSKY.PL Sklep z Dronami","og_description":"System transmisji obrazu DJI RavenEye do RS 2\/RSC 2 - \u2705 sklep z dronami i fachowym doradztwem. \u2705 Tutaj kupisz produkty DJI, Yuneec, Parrot, Syma i wiele innych, a tak\u017ce kursy i licencje na operatora drona.","og_url":"https:\/\/ironsky.pl\/sklep\/produkt\/system-transmisji-obrazu-dji-raveneye-do-rs-2-rsc-2\/","og_site_name":"IRONSKY.PL Sklep z Dronami","article_modified_time":"2026-04-15T08:43:04+00:00","og_image":[{"width":707,"height":528,"url":"https:\/\/ironsky.pl\/sklep\/wp-content\/uploads\/2026\/04\/19113_1.png","type":"image\/png"}],"twitter_card":"summary_large_image","twitter_misc":{"Szacowany czas czytania":"1 minuta"},"schema":{"@context":"https:\/\/schema.org","@graph":[{"@type":"WebPage","@id":"https:\/\/ironsky.pl\/sklep\/produkt\/system-transmisji-obrazu-dji-raveneye-do-rs-2-rsc-2\/","url":"https:\/\/ironsky.pl\/sklep\/produkt\/system-transmisji-obrazu-dji-raveneye-do-rs-2-rsc-2\/","name":"System transmisji obrazu DJI RavenEye do RS 2\/RSC 2 - IRONSKY.PL Sklep z Dronami","isPartOf":{"@id":"https:\/\/ironsky.pl\/sklep\/#website"},"primaryImageOfPage":{"@id":"https:\/\/ironsky.pl\/sklep\/produkt\/system-transmisji-obrazu-dji-raveneye-do-rs-2-rsc-2\/#primaryimage"},"image":{"@id":"https:\/\/ironsky.pl\/sklep\/produkt\/system-transmisji-obrazu-dji-raveneye-do-rs-2-rsc-2\/#primaryimage"},"thumbnailUrl":"https:\/\/ironsky.pl\/sklep\/wp-content\/uploads\/2026\/04\/19113_1.png","datePublished":"2026-04-15T08:04:29+00:00","dateModified":"2026-04-15T08:43:04+00:00","description":"System transmisji obrazu DJI RavenEye do RS 2\/RSC 2 - \u2705 sklep z dronami i fachowym doradztwem. \u2705 Tutaj kupisz produkty DJI, Yuneec, Parrot, Syma i wiele innych, a tak\u017ce kursy i licencje na operatora drona.","breadcrumb":{"@id":"https:\/\/ironsky.pl\/sklep\/produkt\/system-transmisji-obrazu-dji-raveneye-do-rs-2-rsc-2\/#breadcrumb"},"inLanguage":"pl-PL","potentialAction":[{"@type":"ReadAction","target":["https:\/\/ironsky.pl\/sklep\/produkt\/system-transmisji-obrazu-dji-raveneye-do-rs-2-rsc-2\/"]}]},{"@type":"ImageObject","inLanguage":"pl-PL","@id":"https:\/\/ironsky.pl\/sklep\/produkt\/system-transmisji-obrazu-dji-raveneye-do-rs-2-rsc-2\/#primaryimage","url":"https:\/\/ironsky.pl\/sklep\/wp-content\/uploads\/2026\/04\/19113_1.png","contentUrl":"https:\/\/ironsky.pl\/sklep\/wp-content\/uploads\/2026\/04\/19113_1.png","width":707,"height":528},{"@type":"BreadcrumbList","@id":"https:\/\/ironsky.pl\/sklep\/produkt\/system-transmisji-obrazu-dji-raveneye-do-rs-2-rsc-2\/#breadcrumb","itemListElement":[{"@type":"ListItem","position":1,"name":"Strona g\u0142\u00f3wna","item":"https:\/\/ironsky.pl\/sklep\/"},{"@type":"ListItem","position":2,"name":"Wszystkie produkty","item":"https:\/\/ironsky.pl\/sklep\/produkty\/"},{"@type":"ListItem","position":3,"name":"System transmisji obrazu DJI RavenEye do RS 2\/RSC 2"}]},{"@type":"WebSite","@id":"https:\/\/ironsky.pl\/sklep\/#website","url":"https:\/\/ironsky.pl\/sklep\/","name":"IRONSKY.PL Sklep z Dronami","description":"IRONSKY.PL Sklep z Dronami","potentialAction":[{"@type":"SearchAction","target":{"@type":"EntryPoint","urlTemplate":"https:\/\/ironsky.pl\/sklep\/?s={search_term_string}"},"query-input":{"@type":"PropertyValueSpecification","valueRequired":true,"valueName":"search_term_string"}}],"inLanguage":"pl-PL"}]}},"_links":{"self":[{"href":"https:\/\/ironsky.pl\/sklep\/wp-json\/wp\/v2\/product\/55458","targetHints":{"allow":["GET"]}}],"collection":[{"href":"https:\/\/ironsky.pl\/sklep\/wp-json\/wp\/v2\/product"}],"about":[{"href":"https:\/\/ironsky.pl\/sklep\/wp-json\/wp\/v2\/types\/product"}],"replies":[{"embeddable":true,"href":"https:\/\/ironsky.pl\/sklep\/wp-json\/wp\/v2\/comments?post=55458"}],"wp:featuredmedia":[{"embeddable":true,"href":"https:\/\/ironsky.pl\/sklep\/wp-json\/wp\/v2\/media\/55459"}],"wp:attachment":[{"href":"https:\/\/ironsky.pl\/sklep\/wp-json\/wp\/v2\/media?parent=55458"}],"wp:term":[{"taxonomy":"product_brand","embeddable":true,"href":"https:\/\/ironsky.pl\/sklep\/wp-json\/wp\/v2\/product_brand?post=55458"},{"taxonomy":"product_cat","embeddable":true,"href":"https:\/\/ironsky.pl\/sklep\/wp-json\/wp\/v2\/product_cat?post=55458"},{"taxonomy":"product_tag","embeddable":true,"href":"https:\/\/ironsky.pl\/sklep\/wp-json\/wp\/v2\/product_tag?post=55458"}],"curies":[{"name":"wp","href":"https:\/\/api.w.org\/{rel}","templated":true}]}}