{"id":55440,"date":"2026-04-15T10:03:54","date_gmt":"2026-04-15T08:03:54","guid":{"rendered":"https:\/\/ironsky.pl\/sklep\/produkt\/kabel-ugreen-us135-usb-a-usb-b-5m-czarny\/"},"modified":"2026-04-15T10:43:02","modified_gmt":"2026-04-15T08:43:02","slug":"kabel-ugreen-us135-usb-a-usb-b-5m-czarny","status":"publish","type":"product","link":"https:\/\/ironsky.pl\/sklep\/produkt\/kabel-ugreen-us135-usb-a-usb-b-5m-czarny\/","title":{"rendered":"Kabel UGREEN US135 USB-A-USB-B 5m (czarny)"},"content":{"rendered":"<h3>Ugreen US135 &#8211; wybierz kabel, jakiego najbardziej potrzebujesz<\/h3>\n<p>Ciesz si\u0119 pewnym po\u0142\u0105czeniem komputera i drukarki &#8211; kabel Ugreen US135 to gwarancja komfortu i stabilno\u015bci. Wytrzyma\u0142y, kompatybilny z wi\u0119kszo\u015bci\u0105 urz\u0105dze\u0144 i wyposa\u017cony w poz\u0142acane wtyczki zapewniaj\u0105ce szybk\u0105 transmisj\u0119 danych &#8211; stanowi doskona\u0142\u0105 odpowied\u017a na Twoje potrzeby.<\/p>\n<p><img decoding=\"async\" src=\"https:\/\/b2b.innpro.pl\/data\/include\/cms\/6Kuba\/Ugreen\/US135\/1.jpg\"><\/p>\n<h3>Kompatybilno\u015b\u0107 i prosta obs\u0142uga<\/h3>\n<p>US135 wyr\u00f3\u017cnia si\u0119 szerok\u0105 kompatybilno\u015bci\u0105. Wtyczka USB 2.0 doskonale pasuje do wi\u0119kszo\u015bci laptop\u00f3w czy komputer\u00f3w i zapewnia stabiln\u0105, bezpieczn\u0105 transmisj\u0119 danych o pr\u0119dko\u015bci nawet 480 MB\/s. Z kolei z\u0142\u0105cze USB-B jest kompatybilne z wieloma drukarkami, skanerami, faksami czy urz\u0105dzeniami wielofunkcyjnymi. System Plug&#038;Play umo\u017cliwia szybkie pod\u0142\u0105czenie sprz\u0119tu i oszcz\u0119dza problem\u00f3w z konfiguracj\u0105 oraz instalowaniem sterownik\u00f3w. Z US135 nie musisz si\u0119 o nic martwi\u0107 &#8211; po prostu w\u0142\u00f3\u017c wtyczki w odpowiednie gniazda i ciesz si\u0119 efektywn\u0105 prac\u0105!<\/p>\n<p><img decoding=\"async\" src=\"https:\/\/b2b.innpro.pl\/data\/include\/cms\/6Kuba\/Ugreen\/US135\/4.jpg\"><\/p>\n<h3>Innowacyjna konstrukcja<\/h3>\n<p>Kabel Ugreen wykonany zosta\u0142 z wysokiej klasy materia\u0142\u00f3w, kt\u00f3re zapewniaj\u0105 mu wytrzyma\u0142o\u015b\u0107 i elastyczno\u015b\u0107. Podw\u00f3jne ekranowanie minimalizuje zak\u0142\u00f3cenia. Cynowany miedziany rdze\u0144 oraz poz\u0142acane wtyczki gwarantuj\u0105 optymalny sygna\u0142 i efektywn\u0105, bezstratn\u0105 transmisj\u0119. Kabel 3-metrowy jest dodatkowo wyposa\u017cony w jedn\u0105 okr\u0105g\u0142\u0105 ochron\u0119 magnetyczn\u0105, a 5-metrowy w dwie. Wszystko to sprawia, \u017ce mo\u017cesz wygodnie i szybko drukowa\u0107, skanowa\u0107 i faksowa\u0107 dokumenty bez obaw o spadki jako\u015bci.<\/p>\n<p><img decoding=\"async\" src=\"https:\/\/b2b.innpro.pl\/data\/include\/cms\/6Kuba\/Ugreen\/US135\/5.jpg\"><\/p>\n<div class=\"table-wrapper\">\n<table style=\"height: 398px;\" width=\"658\">\n<tbody>\n<tr>\n<td><strong><span>Producent<\/span><\/strong><\/td>\n<td><span>UGREEN<\/span><\/td>\n<\/tr>\n<tr>\n<td><strong><span>Model<\/span><\/strong><\/td>\n<td><span>US135<\/span><\/td>\n<\/tr>\n<tr>\n<td><strong><span>Interfejsy<\/span><\/strong><\/td>\n<td><span>USB 2.0 typ A do USB 2.0 typ B<\/span><\/td>\n<\/tr>\n<tr>\n<td><strong><span>Pr\u0119dko\u015b\u0107 przesy\u0142u danych<\/span><\/strong><\/td>\n<td><span>480 Mbps<\/span><\/td>\n<\/tr>\n<tr>\n<td><strong><span>D\u0142ugo\u015b\u0107 przewodu<\/span><\/strong><\/td>\n<td><span>5 m<\/span><\/td>\n<\/tr>\n<tr>\n<td><strong><span>Kolor<\/span><\/strong><\/td>\n<td><span>Czarny<\/span><\/td>\n<\/tr>\n<tr>\n<td><strong><span>Materia\u0142<\/span><\/strong><\/td>\n<td><span>Poz\u0142acana\u00a0wtyczka<\/span><\/td>\n<\/tr>\n<\/tbody>\n<\/table>\n<\/div>\n","protected":false},"excerpt":{"rendered":"<p>Ugreen US135 &#8211; wybierz kabel, jakiego najbardziej potrzebujesz Ciesz si\u0119 pewnym po\u0142\u0105czeniem komputera i drukarki &#8211; kabel Ugreen US135 to<\/p>\n","protected":false},"featured_media":41158,"comment_status":"closed","ping_status":"open","template":"","meta":{"_acf_changed":false},"product_brand":[],"product_cat":[5929,5931,5932],"product_tag":[],"class_list":{"0":"post-55440","1":"product","2":"type-product","3":"status-publish","4":"has-post-thumbnail","6":"product_cat-akcesoria-it","7":"product_cat-kable","8":"product_cat-usb","9":"pa_okres-gwarancji-5757","10":"pa_producent-ugreen","12":"first","13":"outofstock","14":"taxable","15":"shipping-taxable","16":"purchasable","17":"product-type-simple"},"acf":[],"yoast_head":"<!-- This site is optimized with the Yoast SEO plugin v27.2 - https:\/\/yoast.com\/product\/yoast-seo-wordpress\/ -->\n<title>Kabel UGREEN US135 USB-A-USB-B 5m (czarny) - IRONSKY.PL Sklep z Dronami<\/title>\n<meta name=\"description\" content=\"Kabel UGREEN US135 USB-A-USB-B 5m (czarny) - \u2705 sklep z dronami i fachowym doradztwem. \u2705 Tutaj kupisz produkty DJI, Yuneec, Parrot, Syma i wiele innych, a tak\u017ce kursy i licencje na operatora drona.\" \/>\n<meta name=\"robots\" content=\"index, follow, max-snippet:-1, max-image-preview:large, max-video-preview:-1\" \/>\n<link rel=\"canonical\" href=\"https:\/\/ironsky.pl\/sklep\/produkt\/kabel-ugreen-us135-usb-a-usb-b-5m-czarny\/\" \/>\n<meta property=\"og:locale\" content=\"pl_PL\" \/>\n<meta property=\"og:type\" content=\"article\" \/>\n<meta property=\"og:title\" content=\"Kabel UGREEN US135 USB-A-USB-B 5m (czarny) - IRONSKY.PL Sklep z Dronami\" \/>\n<meta property=\"og:description\" content=\"Kabel UGREEN US135 USB-A-USB-B 5m (czarny) - \u2705 sklep z dronami i fachowym doradztwem. \u2705 Tutaj kupisz produkty DJI, Yuneec, Parrot, Syma i wiele innych, a tak\u017ce kursy i licencje na operatora drona.\" \/>\n<meta property=\"og:url\" content=\"https:\/\/ironsky.pl\/sklep\/produkt\/kabel-ugreen-us135-usb-a-usb-b-5m-czarny\/\" \/>\n<meta property=\"og:site_name\" content=\"IRONSKY.PL Sklep z Dronami\" \/>\n<meta property=\"article:modified_time\" content=\"2026-04-15T08:43:02+00:00\" \/>\n<meta property=\"og:image\" content=\"https:\/\/ironsky.pl\/sklep\/wp-content\/uploads\/2025\/06\/19082_1.jpg\" \/>\n\t<meta property=\"og:image:width\" content=\"800\" \/>\n\t<meta property=\"og:image:height\" content=\"800\" \/>\n\t<meta property=\"og:image:type\" content=\"image\/jpeg\" \/>\n<meta name=\"twitter:card\" content=\"summary_large_image\" \/>\n<meta name=\"twitter:label1\" content=\"Szacowany czas czytania\" \/>\n\t<meta name=\"twitter:data1\" content=\"1 minuta\" \/>\n<script type=\"application\/ld+json\" class=\"yoast-schema-graph\">{\"@context\":\"https:\/\/schema.org\",\"@graph\":[{\"@type\":\"WebPage\",\"@id\":\"https:\/\/ironsky.pl\/sklep\/produkt\/kabel-ugreen-us135-usb-a-usb-b-5m-czarny\/\",\"url\":\"https:\/\/ironsky.pl\/sklep\/produkt\/kabel-ugreen-us135-usb-a-usb-b-5m-czarny\/\",\"name\":\"Kabel UGREEN US135 USB-A-USB-B 5m (czarny) - IRONSKY.PL Sklep z Dronami\",\"isPartOf\":{\"@id\":\"https:\/\/ironsky.pl\/sklep\/#website\"},\"primaryImageOfPage\":{\"@id\":\"https:\/\/ironsky.pl\/sklep\/produkt\/kabel-ugreen-us135-usb-a-usb-b-5m-czarny\/#primaryimage\"},\"image\":{\"@id\":\"https:\/\/ironsky.pl\/sklep\/produkt\/kabel-ugreen-us135-usb-a-usb-b-5m-czarny\/#primaryimage\"},\"thumbnailUrl\":\"https:\/\/ironsky.pl\/sklep\/wp-content\/uploads\/2025\/06\/19082_1.jpg\",\"datePublished\":\"2026-04-15T08:03:54+00:00\",\"dateModified\":\"2026-04-15T08:43:02+00:00\",\"description\":\"Kabel UGREEN US135 USB-A-USB-B 5m (czarny) - \u2705 sklep z dronami i fachowym doradztwem. \u2705 Tutaj kupisz produkty DJI, Yuneec, Parrot, Syma i wiele innych, a tak\u017ce kursy i licencje na operatora drona.\",\"breadcrumb\":{\"@id\":\"https:\/\/ironsky.pl\/sklep\/produkt\/kabel-ugreen-us135-usb-a-usb-b-5m-czarny\/#breadcrumb\"},\"inLanguage\":\"pl-PL\",\"potentialAction\":[{\"@type\":\"ReadAction\",\"target\":[\"https:\/\/ironsky.pl\/sklep\/produkt\/kabel-ugreen-us135-usb-a-usb-b-5m-czarny\/\"]}]},{\"@type\":\"ImageObject\",\"inLanguage\":\"pl-PL\",\"@id\":\"https:\/\/ironsky.pl\/sklep\/produkt\/kabel-ugreen-us135-usb-a-usb-b-5m-czarny\/#primaryimage\",\"url\":\"https:\/\/ironsky.pl\/sklep\/wp-content\/uploads\/2025\/06\/19082_1.jpg\",\"contentUrl\":\"https:\/\/ironsky.pl\/sklep\/wp-content\/uploads\/2025\/06\/19082_1.jpg\",\"width\":800,\"height\":800},{\"@type\":\"BreadcrumbList\",\"@id\":\"https:\/\/ironsky.pl\/sklep\/produkt\/kabel-ugreen-us135-usb-a-usb-b-5m-czarny\/#breadcrumb\",\"itemListElement\":[{\"@type\":\"ListItem\",\"position\":1,\"name\":\"Strona g\u0142\u00f3wna\",\"item\":\"https:\/\/ironsky.pl\/sklep\/\"},{\"@type\":\"ListItem\",\"position\":2,\"name\":\"Wszystkie produkty\",\"item\":\"https:\/\/ironsky.pl\/sklep\/produkty\/\"},{\"@type\":\"ListItem\",\"position\":3,\"name\":\"Kabel UGREEN US135 USB-A-USB-B 5m (czarny)\"}]},{\"@type\":\"WebSite\",\"@id\":\"https:\/\/ironsky.pl\/sklep\/#website\",\"url\":\"https:\/\/ironsky.pl\/sklep\/\",\"name\":\"IRONSKY.PL Sklep z Dronami\",\"description\":\"IRONSKY.PL Sklep z Dronami\",\"potentialAction\":[{\"@type\":\"SearchAction\",\"target\":{\"@type\":\"EntryPoint\",\"urlTemplate\":\"https:\/\/ironsky.pl\/sklep\/?s={search_term_string}\"},\"query-input\":{\"@type\":\"PropertyValueSpecification\",\"valueRequired\":true,\"valueName\":\"search_term_string\"}}],\"inLanguage\":\"pl-PL\"}]}<\/script>\n<!-- \/ Yoast SEO plugin. -->","yoast_head_json":{"title":"Kabel UGREEN US135 USB-A-USB-B 5m (czarny) - IRONSKY.PL Sklep z Dronami","description":"Kabel UGREEN US135 USB-A-USB-B 5m (czarny) - \u2705 sklep z dronami i fachowym doradztwem. \u2705 Tutaj kupisz produkty DJI, Yuneec, Parrot, Syma i wiele innych, a tak\u017ce kursy i licencje na operatora drona.","robots":{"index":"index","follow":"follow","max-snippet":"max-snippet:-1","max-image-preview":"max-image-preview:large","max-video-preview":"max-video-preview:-1"},"canonical":"https:\/\/ironsky.pl\/sklep\/produkt\/kabel-ugreen-us135-usb-a-usb-b-5m-czarny\/","og_locale":"pl_PL","og_type":"article","og_title":"Kabel UGREEN US135 USB-A-USB-B 5m (czarny) - IRONSKY.PL Sklep z Dronami","og_description":"Kabel UGREEN US135 USB-A-USB-B 5m (czarny) - \u2705 sklep z dronami i fachowym doradztwem. \u2705 Tutaj kupisz produkty DJI, Yuneec, Parrot, Syma i wiele innych, a tak\u017ce kursy i licencje na operatora drona.","og_url":"https:\/\/ironsky.pl\/sklep\/produkt\/kabel-ugreen-us135-usb-a-usb-b-5m-czarny\/","og_site_name":"IRONSKY.PL Sklep z Dronami","article_modified_time":"2026-04-15T08:43:02+00:00","og_image":[{"width":800,"height":800,"url":"https:\/\/ironsky.pl\/sklep\/wp-content\/uploads\/2025\/06\/19082_1.jpg","type":"image\/jpeg"}],"twitter_card":"summary_large_image","twitter_misc":{"Szacowany czas czytania":"1 minuta"},"schema":{"@context":"https:\/\/schema.org","@graph":[{"@type":"WebPage","@id":"https:\/\/ironsky.pl\/sklep\/produkt\/kabel-ugreen-us135-usb-a-usb-b-5m-czarny\/","url":"https:\/\/ironsky.pl\/sklep\/produkt\/kabel-ugreen-us135-usb-a-usb-b-5m-czarny\/","name":"Kabel UGREEN US135 USB-A-USB-B 5m (czarny) - IRONSKY.PL Sklep z Dronami","isPartOf":{"@id":"https:\/\/ironsky.pl\/sklep\/#website"},"primaryImageOfPage":{"@id":"https:\/\/ironsky.pl\/sklep\/produkt\/kabel-ugreen-us135-usb-a-usb-b-5m-czarny\/#primaryimage"},"image":{"@id":"https:\/\/ironsky.pl\/sklep\/produkt\/kabel-ugreen-us135-usb-a-usb-b-5m-czarny\/#primaryimage"},"thumbnailUrl":"https:\/\/ironsky.pl\/sklep\/wp-content\/uploads\/2025\/06\/19082_1.jpg","datePublished":"2026-04-15T08:03:54+00:00","dateModified":"2026-04-15T08:43:02+00:00","description":"Kabel UGREEN US135 USB-A-USB-B 5m (czarny) - \u2705 sklep z dronami i fachowym doradztwem. \u2705 Tutaj kupisz produkty DJI, Yuneec, Parrot, Syma i wiele innych, a tak\u017ce kursy i licencje na operatora drona.","breadcrumb":{"@id":"https:\/\/ironsky.pl\/sklep\/produkt\/kabel-ugreen-us135-usb-a-usb-b-5m-czarny\/#breadcrumb"},"inLanguage":"pl-PL","potentialAction":[{"@type":"ReadAction","target":["https:\/\/ironsky.pl\/sklep\/produkt\/kabel-ugreen-us135-usb-a-usb-b-5m-czarny\/"]}]},{"@type":"ImageObject","inLanguage":"pl-PL","@id":"https:\/\/ironsky.pl\/sklep\/produkt\/kabel-ugreen-us135-usb-a-usb-b-5m-czarny\/#primaryimage","url":"https:\/\/ironsky.pl\/sklep\/wp-content\/uploads\/2025\/06\/19082_1.jpg","contentUrl":"https:\/\/ironsky.pl\/sklep\/wp-content\/uploads\/2025\/06\/19082_1.jpg","width":800,"height":800},{"@type":"BreadcrumbList","@id":"https:\/\/ironsky.pl\/sklep\/produkt\/kabel-ugreen-us135-usb-a-usb-b-5m-czarny\/#breadcrumb","itemListElement":[{"@type":"ListItem","position":1,"name":"Strona g\u0142\u00f3wna","item":"https:\/\/ironsky.pl\/sklep\/"},{"@type":"ListItem","position":2,"name":"Wszystkie produkty","item":"https:\/\/ironsky.pl\/sklep\/produkty\/"},{"@type":"ListItem","position":3,"name":"Kabel UGREEN US135 USB-A-USB-B 5m (czarny)"}]},{"@type":"WebSite","@id":"https:\/\/ironsky.pl\/sklep\/#website","url":"https:\/\/ironsky.pl\/sklep\/","name":"IRONSKY.PL Sklep z Dronami","description":"IRONSKY.PL Sklep z Dronami","potentialAction":[{"@type":"SearchAction","target":{"@type":"EntryPoint","urlTemplate":"https:\/\/ironsky.pl\/sklep\/?s={search_term_string}"},"query-input":{"@type":"PropertyValueSpecification","valueRequired":true,"valueName":"search_term_string"}}],"inLanguage":"pl-PL"}]}},"_links":{"self":[{"href":"https:\/\/ironsky.pl\/sklep\/wp-json\/wp\/v2\/product\/55440","targetHints":{"allow":["GET"]}}],"collection":[{"href":"https:\/\/ironsky.pl\/sklep\/wp-json\/wp\/v2\/product"}],"about":[{"href":"https:\/\/ironsky.pl\/sklep\/wp-json\/wp\/v2\/types\/product"}],"replies":[{"embeddable":true,"href":"https:\/\/ironsky.pl\/sklep\/wp-json\/wp\/v2\/comments?post=55440"}],"wp:featuredmedia":[{"embeddable":true,"href":"https:\/\/ironsky.pl\/sklep\/wp-json\/wp\/v2\/media\/41158"}],"wp:attachment":[{"href":"https:\/\/ironsky.pl\/sklep\/wp-json\/wp\/v2\/media?parent=55440"}],"wp:term":[{"taxonomy":"product_brand","embeddable":true,"href":"https:\/\/ironsky.pl\/sklep\/wp-json\/wp\/v2\/product_brand?post=55440"},{"taxonomy":"product_cat","embeddable":true,"href":"https:\/\/ironsky.pl\/sklep\/wp-json\/wp\/v2\/product_cat?post=55440"},{"taxonomy":"product_tag","embeddable":true,"href":"https:\/\/ironsky.pl\/sklep\/wp-json\/wp\/v2\/product_tag?post=55440"}],"curies":[{"name":"wp","href":"https:\/\/api.w.org\/{rel}","templated":true}]}}