{"id":55402,"date":"2026-04-15T10:03:54","date_gmt":"2026-04-15T08:03:54","guid":{"rendered":"https:\/\/ironsky.pl\/sklep\/produkt\/lampa-pierscieniowa-led-puluz-pu391-srednica-26cm\/"},"modified":"2026-04-15T10:42:52","modified_gmt":"2026-04-15T08:42:52","slug":"lampa-pierscieniowa-led-puluz-pu391-srednica-26cm","status":"publish","type":"product","link":"https:\/\/ironsky.pl\/sklep\/produkt\/lampa-pierscieniowa-led-puluz-pu391-srednica-26cm\/","title":{"rendered":"Lampa pier\u015bcieniowa LED PULUZ PU391 \u015brednica 26cm"},"content":{"rendered":"<h3>Pier\u015bcieniowe O\u015bwietlenie LED<\/h3>\n<p>Pier\u015bcie\u0144 zosta\u0142 wykonany z 40 LED\u00f3w, dzi\u0119ki czemu idealnie rozprowadza \u015bwiat\u0142o oraz posiada wysoki wsp\u00f3\u0142czynnik oddawania barw. Fantastycznie sprawuje si\u0119 w przypadku, gdy potrzebujemy rozja\u015bni\u0107 na naszych zdj\u0119ciach twarz, lub podczas codziennego nak\u0142adania makija\u017cu.<\/p>\n<p><img decoding=\"async\" src=\"https:\/\/b2b.innpro.pl\/data\/include\/cms\/Adam_Jaros\/PU391\/PU391_1.jpg\" alt=\"Adam_Jaros\/PU391\/PU391_1\"><\/p>\n<h3>Regulacja<\/h3>\n<p>Lampa posiada 3 tryby o\u015bwietlenia: bia\u0142y, mi\u0119kki, oraz ciep\u0142y w zale\u017cno\u015bci od potrzeb mo\u017cesz dopasowa\u0107 odpowiedni\u0105 temperatur\u0119 barwow\u0105. Ponadto mo\u017cliwe jest dopasowanie jasno\u015bci w 10 poziomach. Wszystko to wyregulujesz przy pomocy pilota, kt\u00f3ry zamontowany jest do kabla zasilaj\u0105cego.<\/p>\n<p><img decoding=\"async\" src=\"https:\/\/b2b.innpro.pl\/data\/include\/cms\/Adam_Jaros\/PU391\/PU391_3.jpg\" alt=\"Adam_Jaros\/PU391\/PU391_3\"><\/p>\n<h3>W zestawie:<\/h3>\n<ul>\n<li>Lampa LED<\/li>\n<li>Mocowanie Cold Shoe Tripod Ball Head<\/li>\n<li>Statyw<\/li>\n<\/ul>\n<div class=\"table-wrapper\">\n<table>\n<tbody>\n<tr>\n<th>Maksymalna moc<\/th>\n<td>6.5 W<\/td>\n<\/tr>\n<tr>\n<th>Temp. \u015awiat\u0142a bia\u0142ego<\/th>\n<td>6500K<\/td>\n<\/tr>\n<tr>\n<th>Temp. \u015awiat\u0142a ciep\u0142ego<\/th>\n<td>3200K<\/td>\n<\/tr>\n<tr>\n<th>Wysoko\u015b\u0107 statywu<\/th>\n<td>Od 18cm do 28cm<\/td>\n<\/tr>\n<tr>\n<th>Jasno\u015b\u0107 lampy<\/th>\n<td>24-26lm<\/td>\n<\/tr>\n<\/tbody>\n<\/table>\n<\/div>\n","protected":false},"excerpt":{"rendered":"<p>Pier\u015bcieniowe O\u015bwietlenie LED Pier\u015bcie\u0144 zosta\u0142 wykonany z 40 LED\u00f3w, dzi\u0119ki czemu idealnie rozprowadza \u015bwiat\u0142o oraz posiada wysoki wsp\u00f3\u0142czynnik oddawania barw.<\/p>\n","protected":false},"featured_media":55403,"comment_status":"closed","ping_status":"open","template":"","meta":{"_acf_changed":false},"product_brand":[],"product_cat":[1128,6187,6182],"product_tag":[],"class_list":{"0":"post-55402","1":"product","2":"type-product","3":"status-publish","4":"has-post-thumbnail","6":"product_cat-foto-wideo","7":"product_cat-lampy-pierscieniowe-studio-fotograficzne","8":"product_cat-studio-fotograficzne","9":"pa_okres-gwarancji-5768","10":"pa_producent-puluz","12":"first","13":"outofstock","14":"taxable","15":"shipping-taxable","16":"purchasable","17":"product-type-simple"},"acf":[],"yoast_head":"<!-- This site is optimized with the Yoast SEO plugin v27.2 - https:\/\/yoast.com\/product\/yoast-seo-wordpress\/ -->\n<title>Lampa pier\u015bcieniowa LED PULUZ PU391 \u015brednica 26cm - IRONSKY.PL Sklep z Dronami<\/title>\n<meta name=\"description\" content=\"Lampa pier\u015bcieniowa LED PULUZ PU391 \u015brednica 26cm - \u2705 sklep z dronami i fachowym doradztwem. \u2705 Tutaj kupisz produkty DJI, Yuneec, Parrot, Syma i wiele innych, a tak\u017ce kursy i licencje na operatora drona.\" \/>\n<meta name=\"robots\" content=\"index, follow, max-snippet:-1, max-image-preview:large, max-video-preview:-1\" \/>\n<link rel=\"canonical\" href=\"https:\/\/ironsky.pl\/sklep\/produkt\/lampa-pierscieniowa-led-puluz-pu391-srednica-26cm\/\" \/>\n<meta property=\"og:locale\" content=\"pl_PL\" \/>\n<meta property=\"og:type\" content=\"article\" \/>\n<meta property=\"og:title\" content=\"Lampa pier\u015bcieniowa LED PULUZ PU391 \u015brednica 26cm - IRONSKY.PL Sklep z Dronami\" \/>\n<meta property=\"og:description\" content=\"Lampa pier\u015bcieniowa LED PULUZ PU391 \u015brednica 26cm - \u2705 sklep z dronami i fachowym doradztwem. \u2705 Tutaj kupisz produkty DJI, Yuneec, Parrot, Syma i wiele innych, a tak\u017ce kursy i licencje na operatora drona.\" \/>\n<meta property=\"og:url\" content=\"https:\/\/ironsky.pl\/sklep\/produkt\/lampa-pierscieniowa-led-puluz-pu391-srednica-26cm\/\" \/>\n<meta property=\"og:site_name\" content=\"IRONSKY.PL Sklep z Dronami\" \/>\n<meta property=\"article:modified_time\" content=\"2026-04-15T08:42:52+00:00\" \/>\n<meta property=\"og:image\" content=\"https:\/\/ironsky.pl\/sklep\/wp-content\/uploads\/2026\/04\/18651_5.jpg\" \/>\n\t<meta property=\"og:image:width\" content=\"750\" \/>\n\t<meta property=\"og:image:height\" content=\"750\" \/>\n\t<meta property=\"og:image:type\" content=\"image\/jpeg\" \/>\n<meta name=\"twitter:card\" content=\"summary_large_image\" \/>\n<meta name=\"twitter:label1\" content=\"Szacowany czas czytania\" \/>\n\t<meta name=\"twitter:data1\" content=\"1 minuta\" \/>\n<script type=\"application\/ld+json\" class=\"yoast-schema-graph\">{\"@context\":\"https:\/\/schema.org\",\"@graph\":[{\"@type\":\"WebPage\",\"@id\":\"https:\/\/ironsky.pl\/sklep\/produkt\/lampa-pierscieniowa-led-puluz-pu391-srednica-26cm\/\",\"url\":\"https:\/\/ironsky.pl\/sklep\/produkt\/lampa-pierscieniowa-led-puluz-pu391-srednica-26cm\/\",\"name\":\"Lampa pier\u015bcieniowa LED PULUZ PU391 \u015brednica 26cm - IRONSKY.PL Sklep z Dronami\",\"isPartOf\":{\"@id\":\"https:\/\/ironsky.pl\/sklep\/#website\"},\"primaryImageOfPage\":{\"@id\":\"https:\/\/ironsky.pl\/sklep\/produkt\/lampa-pierscieniowa-led-puluz-pu391-srednica-26cm\/#primaryimage\"},\"image\":{\"@id\":\"https:\/\/ironsky.pl\/sklep\/produkt\/lampa-pierscieniowa-led-puluz-pu391-srednica-26cm\/#primaryimage\"},\"thumbnailUrl\":\"https:\/\/ironsky.pl\/sklep\/wp-content\/uploads\/2026\/04\/18651_5.jpg\",\"datePublished\":\"2026-04-15T08:03:54+00:00\",\"dateModified\":\"2026-04-15T08:42:52+00:00\",\"description\":\"Lampa pier\u015bcieniowa LED PULUZ PU391 \u015brednica 26cm - \u2705 sklep z dronami i fachowym doradztwem. \u2705 Tutaj kupisz produkty DJI, Yuneec, Parrot, Syma i wiele innych, a tak\u017ce kursy i licencje na operatora drona.\",\"breadcrumb\":{\"@id\":\"https:\/\/ironsky.pl\/sklep\/produkt\/lampa-pierscieniowa-led-puluz-pu391-srednica-26cm\/#breadcrumb\"},\"inLanguage\":\"pl-PL\",\"potentialAction\":[{\"@type\":\"ReadAction\",\"target\":[\"https:\/\/ironsky.pl\/sklep\/produkt\/lampa-pierscieniowa-led-puluz-pu391-srednica-26cm\/\"]}]},{\"@type\":\"ImageObject\",\"inLanguage\":\"pl-PL\",\"@id\":\"https:\/\/ironsky.pl\/sklep\/produkt\/lampa-pierscieniowa-led-puluz-pu391-srednica-26cm\/#primaryimage\",\"url\":\"https:\/\/ironsky.pl\/sklep\/wp-content\/uploads\/2026\/04\/18651_5.jpg\",\"contentUrl\":\"https:\/\/ironsky.pl\/sklep\/wp-content\/uploads\/2026\/04\/18651_5.jpg\",\"width\":750,\"height\":750},{\"@type\":\"BreadcrumbList\",\"@id\":\"https:\/\/ironsky.pl\/sklep\/produkt\/lampa-pierscieniowa-led-puluz-pu391-srednica-26cm\/#breadcrumb\",\"itemListElement\":[{\"@type\":\"ListItem\",\"position\":1,\"name\":\"Strona g\u0142\u00f3wna\",\"item\":\"https:\/\/ironsky.pl\/sklep\/\"},{\"@type\":\"ListItem\",\"position\":2,\"name\":\"Wszystkie produkty\",\"item\":\"https:\/\/ironsky.pl\/sklep\/produkty\/\"},{\"@type\":\"ListItem\",\"position\":3,\"name\":\"Lampa pier\u015bcieniowa LED PULUZ PU391 \u015brednica 26cm\"}]},{\"@type\":\"WebSite\",\"@id\":\"https:\/\/ironsky.pl\/sklep\/#website\",\"url\":\"https:\/\/ironsky.pl\/sklep\/\",\"name\":\"IRONSKY.PL Sklep z Dronami\",\"description\":\"IRONSKY.PL Sklep z Dronami\",\"potentialAction\":[{\"@type\":\"SearchAction\",\"target\":{\"@type\":\"EntryPoint\",\"urlTemplate\":\"https:\/\/ironsky.pl\/sklep\/?s={search_term_string}\"},\"query-input\":{\"@type\":\"PropertyValueSpecification\",\"valueRequired\":true,\"valueName\":\"search_term_string\"}}],\"inLanguage\":\"pl-PL\"}]}<\/script>\n<!-- \/ Yoast SEO plugin. -->","yoast_head_json":{"title":"Lampa pier\u015bcieniowa LED PULUZ PU391 \u015brednica 26cm - IRONSKY.PL Sklep z Dronami","description":"Lampa pier\u015bcieniowa LED PULUZ PU391 \u015brednica 26cm - \u2705 sklep z dronami i fachowym doradztwem. \u2705 Tutaj kupisz produkty DJI, Yuneec, Parrot, Syma i wiele innych, a tak\u017ce kursy i licencje na operatora drona.","robots":{"index":"index","follow":"follow","max-snippet":"max-snippet:-1","max-image-preview":"max-image-preview:large","max-video-preview":"max-video-preview:-1"},"canonical":"https:\/\/ironsky.pl\/sklep\/produkt\/lampa-pierscieniowa-led-puluz-pu391-srednica-26cm\/","og_locale":"pl_PL","og_type":"article","og_title":"Lampa pier\u015bcieniowa LED PULUZ PU391 \u015brednica 26cm - IRONSKY.PL Sklep z Dronami","og_description":"Lampa pier\u015bcieniowa LED PULUZ PU391 \u015brednica 26cm - \u2705 sklep z dronami i fachowym doradztwem. \u2705 Tutaj kupisz produkty DJI, Yuneec, Parrot, Syma i wiele innych, a tak\u017ce kursy i licencje na operatora drona.","og_url":"https:\/\/ironsky.pl\/sklep\/produkt\/lampa-pierscieniowa-led-puluz-pu391-srednica-26cm\/","og_site_name":"IRONSKY.PL Sklep z Dronami","article_modified_time":"2026-04-15T08:42:52+00:00","og_image":[{"width":750,"height":750,"url":"https:\/\/ironsky.pl\/sklep\/wp-content\/uploads\/2026\/04\/18651_5.jpg","type":"image\/jpeg"}],"twitter_card":"summary_large_image","twitter_misc":{"Szacowany czas czytania":"1 minuta"},"schema":{"@context":"https:\/\/schema.org","@graph":[{"@type":"WebPage","@id":"https:\/\/ironsky.pl\/sklep\/produkt\/lampa-pierscieniowa-led-puluz-pu391-srednica-26cm\/","url":"https:\/\/ironsky.pl\/sklep\/produkt\/lampa-pierscieniowa-led-puluz-pu391-srednica-26cm\/","name":"Lampa pier\u015bcieniowa LED PULUZ PU391 \u015brednica 26cm - IRONSKY.PL Sklep z Dronami","isPartOf":{"@id":"https:\/\/ironsky.pl\/sklep\/#website"},"primaryImageOfPage":{"@id":"https:\/\/ironsky.pl\/sklep\/produkt\/lampa-pierscieniowa-led-puluz-pu391-srednica-26cm\/#primaryimage"},"image":{"@id":"https:\/\/ironsky.pl\/sklep\/produkt\/lampa-pierscieniowa-led-puluz-pu391-srednica-26cm\/#primaryimage"},"thumbnailUrl":"https:\/\/ironsky.pl\/sklep\/wp-content\/uploads\/2026\/04\/18651_5.jpg","datePublished":"2026-04-15T08:03:54+00:00","dateModified":"2026-04-15T08:42:52+00:00","description":"Lampa pier\u015bcieniowa LED PULUZ PU391 \u015brednica 26cm - \u2705 sklep z dronami i fachowym doradztwem. \u2705 Tutaj kupisz produkty DJI, Yuneec, Parrot, Syma i wiele innych, a tak\u017ce kursy i licencje na operatora drona.","breadcrumb":{"@id":"https:\/\/ironsky.pl\/sklep\/produkt\/lampa-pierscieniowa-led-puluz-pu391-srednica-26cm\/#breadcrumb"},"inLanguage":"pl-PL","potentialAction":[{"@type":"ReadAction","target":["https:\/\/ironsky.pl\/sklep\/produkt\/lampa-pierscieniowa-led-puluz-pu391-srednica-26cm\/"]}]},{"@type":"ImageObject","inLanguage":"pl-PL","@id":"https:\/\/ironsky.pl\/sklep\/produkt\/lampa-pierscieniowa-led-puluz-pu391-srednica-26cm\/#primaryimage","url":"https:\/\/ironsky.pl\/sklep\/wp-content\/uploads\/2026\/04\/18651_5.jpg","contentUrl":"https:\/\/ironsky.pl\/sklep\/wp-content\/uploads\/2026\/04\/18651_5.jpg","width":750,"height":750},{"@type":"BreadcrumbList","@id":"https:\/\/ironsky.pl\/sklep\/produkt\/lampa-pierscieniowa-led-puluz-pu391-srednica-26cm\/#breadcrumb","itemListElement":[{"@type":"ListItem","position":1,"name":"Strona g\u0142\u00f3wna","item":"https:\/\/ironsky.pl\/sklep\/"},{"@type":"ListItem","position":2,"name":"Wszystkie produkty","item":"https:\/\/ironsky.pl\/sklep\/produkty\/"},{"@type":"ListItem","position":3,"name":"Lampa pier\u015bcieniowa LED PULUZ PU391 \u015brednica 26cm"}]},{"@type":"WebSite","@id":"https:\/\/ironsky.pl\/sklep\/#website","url":"https:\/\/ironsky.pl\/sklep\/","name":"IRONSKY.PL Sklep z Dronami","description":"IRONSKY.PL Sklep z Dronami","potentialAction":[{"@type":"SearchAction","target":{"@type":"EntryPoint","urlTemplate":"https:\/\/ironsky.pl\/sklep\/?s={search_term_string}"},"query-input":{"@type":"PropertyValueSpecification","valueRequired":true,"valueName":"search_term_string"}}],"inLanguage":"pl-PL"}]}},"_links":{"self":[{"href":"https:\/\/ironsky.pl\/sklep\/wp-json\/wp\/v2\/product\/55402","targetHints":{"allow":["GET"]}}],"collection":[{"href":"https:\/\/ironsky.pl\/sklep\/wp-json\/wp\/v2\/product"}],"about":[{"href":"https:\/\/ironsky.pl\/sklep\/wp-json\/wp\/v2\/types\/product"}],"replies":[{"embeddable":true,"href":"https:\/\/ironsky.pl\/sklep\/wp-json\/wp\/v2\/comments?post=55402"}],"wp:featuredmedia":[{"embeddable":true,"href":"https:\/\/ironsky.pl\/sklep\/wp-json\/wp\/v2\/media\/55403"}],"wp:attachment":[{"href":"https:\/\/ironsky.pl\/sklep\/wp-json\/wp\/v2\/media?parent=55402"}],"wp:term":[{"taxonomy":"product_brand","embeddable":true,"href":"https:\/\/ironsky.pl\/sklep\/wp-json\/wp\/v2\/product_brand?post=55402"},{"taxonomy":"product_cat","embeddable":true,"href":"https:\/\/ironsky.pl\/sklep\/wp-json\/wp\/v2\/product_cat?post=55402"},{"taxonomy":"product_tag","embeddable":true,"href":"https:\/\/ironsky.pl\/sklep\/wp-json\/wp\/v2\/product_tag?post=55402"}],"curies":[{"name":"wp","href":"https:\/\/api.w.org\/{rel}","templated":true}]}}