{"id":55388,"date":"2026-04-15T10:03:38","date_gmt":"2026-04-15T08:03:38","guid":{"rendered":"https:\/\/ironsky.pl\/sklep\/produkt\/lampka-biurkowa-baseus-comfort-reading-z-klipsem-szara-2\/"},"modified":"2026-04-15T10:03:53","modified_gmt":"2026-04-15T08:03:53","slug":"lampka-biurkowa-baseus-comfort-reading-z-klipsem-szara-2","status":"publish","type":"product","link":"https:\/\/ironsky.pl\/sklep\/produkt\/lampka-biurkowa-baseus-comfort-reading-z-klipsem-szara-2\/","title":{"rendered":"Lampka biurkowa BASEUS Comfort Reading z klipsem (szara)"},"content":{"rendered":"<h3>Lampka biurkowa Baseus Comfort Reading, z klipsem (szara)<\/h3>\n<p>Baseus DGRAD-0G to niezawodne \u017ar\u00f3d\u0142o \u015bwiat\u0142a, kt\u00f3re sprawdzi si\u0119 podczas czytania, malowania czy pracy przy komputerze. Dzi\u0119ki zastosowanemu klipsowi lamp\u0119 mo\u017cna \u0142atwo przymocowa\u0107 do wybranej powierzchni, a zr\u00f3\u017cnicowane tryby pracy (trzy warianty) pozwol\u0105 dostosowa\u0107 j\u0105 do w\u0142asnych wymaga\u0144. Co wi\u0119cej, jej kompaktowa konstrukcja sprawia, \u017ce nie zabierze du\u017co miejsca.<\/p>\n<p><img decoding=\"async\" src=\"https:\/\/b2b.innpro.pl\/data\/include\/cms\/-Baseus\/DGRAD-0G\/1.jpg\" alt=\"-Baseus\/DGRAD-0G\/1\"><\/p>\n<h3>Wielozadaniowa<\/h3>\n<p>Lampa sprawdzi si\u0119 doskonale w codziennym u\u017cytkowaniu. Dzi\u0119ki antypo\u015blizgowemu klipsowi mo\u017cna j\u0105 przymocowa\u0107 do biurka, sto\u0142u, ksi\u0105\u017cki lub ekranu komputera. Dodatkowo jej elastyczna konstrukcja umo\u017cliwia regulowanie k\u0105ta padania \u015bwiat\u0142a, aby dostosowa\u0107 je do indywidualnych potrzeb.<\/p>\n<p><img decoding=\"async\" src=\"https:\/\/b2b.innpro.pl\/data\/include\/cms\/-Baseus\/DGRAD-0G\/2.jpg\" alt=\"-Baseus\/DGRAD-0G\/2\"><\/p>\n<h3>D\u0142ugi czas pracy na jednym na\u0142adowaniu<\/h3>\n<p>Urz\u0105dzenie wyposa\u017cono w akumulator o pojemno\u015bci 350 mAh, co zapewnia oko\u0142o 24 godziny pracy (zale\u017cnie od wybranej jasno\u015bci). Nowoczesne diody LED charakteryzuj\u0105 si\u0119 nie tylko d\u0142ugotrwa\u0142\u0105 \u017cywotno\u015bci\u0105, ale tak\u017ce niskim zu\u017cyciem energii. Dodatkowo lamp\u0119 mo\u017cna wygodnie na\u0142adowa\u0107 za pomoc\u0105 kabla micro USB, kt\u00f3ry znajduje si\u0119 w zestawie. Po oko\u0142o 2 godzinach \u0142adowania lampa jest gotowa do dalszego u\u017cytku.<\/p>\n<p><img decoding=\"async\" src=\"https:\/\/b2b.innpro.pl\/data\/include\/cms\/-Baseus\/DGRAD-0G\/3.jpg\" alt=\"-Baseus\/DGRAD-0G\/3\"><\/p>\n<h3>Delikatne dla oczu \u015bwiat\u0142o<\/h3>\n<p>Bez obaw korzystaj z lampki, poniewa\u017c generuje ona delikatne \u015bwiat\u0142o o temperaturze barwowej 4000 K, co przypomina naturalne \u015bwiat\u0142o. Dodatkowo istnieje mo\u017cliwo\u015b\u0107 regulacji intensywno\u015bci \u015bwiat\u0142a za pomoc\u0105 panelu dotykowego, kt\u00f3ry oferuje a\u017c 3 tryby o\u015bwietlenia.<\/p>\n<p><img decoding=\"async\" src=\"https:\/\/b2b.innpro.pl\/data\/include\/cms\/-Baseus\/DGRAD-0G\/7.jpg\" alt=\"-Baseus\/DGRAD-0G\/7\"><\/p>\n<h3>Lekka i praktyczna<\/h3>\n<p>Lampka Baseus Comfort Reading wa\u017cy 62 g i nie zajmuje wiele miejsca na biurku. Mo\u017cesz j\u0105 r\u00f3wnie\u017c z \u0142atwo\u015bci\u0105 zabra\u0107 ze sob\u0105 w podr\u00f3\u017c, przechowuj\u0105c w torebce lub plecaku. Baseus Comfort Reading mo\u017ce Ci towarzyszy\u0107 praktycznie wsz\u0119dzie.<\/p>\n<p><img decoding=\"async\" src=\"https:\/\/b2b.innpro.pl\/data\/include\/cms\/-Baseus\/DGRAD-0G\/6.jpg\" alt=\"-Baseus\/DGRAD-0G\/6\"><\/p>\n<div class=\"table-wrapper\">\n<table>\n<tbody>\n<tr>\n<th>Producent <\/th>\n<td>Baseus<\/td>\n<\/tr>\n<tr>\n<th>Nazwa <\/th>\n<td>Comfort Reading Mini Clip Lamp<\/td>\n<\/tr>\n<tr>\n<th>Kod produktu <\/th>\n<td>DGRAD-0G<\/td>\n<\/tr>\n<tr>\n<th>Materia\u0142 <\/th>\n<td>ABS + PC<\/td>\n<\/tr>\n<tr>\n<th>Wymiary <\/th>\n<td>290 x 43,8 x 30 mm<\/td>\n<\/tr>\n<tr>\n<th>Waga <\/th>\n<td>62 g<\/td>\n<\/tr>\n<tr>\n<th>Kolor <\/th>\n<td>Ciemny szary<\/td>\n<\/tr>\n<tr>\n<th>Barwa \u015bwiat\u0142a <\/th>\n<td>4000K<\/td>\n<\/tr>\n<tr>\n<th>Moc <\/th>\n<td>3 W<\/td>\n<\/tr>\n<tr>\n<th>Pojemno\u015b\u0107 akumulatora <\/th>\n<td>350mAh<\/td>\n<\/tr>\n<tr>\n<th>Napi\u0119cie wej\u015bciowe <\/th>\n<td>5V<\/td>\n<\/tr>\n<tr>\n<th>Temperatura pracy <\/th>\n<td>-10\u00b0C~+40\u00b0C<\/td>\n<\/tr>\n<\/tbody>\n<\/table>\n<\/div>\n","protected":false},"excerpt":{"rendered":"<p>Lampka biurkowa Baseus Comfort Reading, z klipsem (szara) Baseus DGRAD-0G to niezawodne \u017ar\u00f3d\u0142o \u015bwiat\u0142a, kt\u00f3re sprawdzi si\u0119 podczas czytania, malowania<\/p>\n","protected":false},"featured_media":41104,"comment_status":"closed","ping_status":"open","template":"","meta":{"_acf_changed":false},"product_brand":[],"product_cat":[5929,6191],"product_tag":[],"class_list":{"0":"post-55388","1":"product","2":"type-product","3":"status-publish","4":"has-post-thumbnail","6":"product_cat-akcesoria-it","7":"product_cat-oswietlenie-akcesoria-it","8":"pa_okres-gwarancji-5754","9":"pa_producent-baseus","11":"first","12":"outofstock","13":"taxable","14":"shipping-taxable","15":"purchasable","16":"product-type-simple"},"acf":[],"yoast_head":"<!-- This site is optimized with the Yoast SEO plugin v27.2 - https:\/\/yoast.com\/product\/yoast-seo-wordpress\/ -->\n<title>Lampka biurkowa BASEUS Comfort Reading z klipsem (szara) - IRONSKY.PL Sklep z Dronami<\/title>\n<meta name=\"description\" content=\"Lampka biurkowa BASEUS Comfort Reading z klipsem (szara) - \u2705 sklep z dronami i fachowym doradztwem. \u2705 Tutaj kupisz produkty DJI, Yuneec, Parrot, Syma i wiele innych, a tak\u017ce kursy i licencje na operatora drona.\" \/>\n<meta name=\"robots\" content=\"index, follow, max-snippet:-1, max-image-preview:large, max-video-preview:-1\" \/>\n<link rel=\"canonical\" href=\"https:\/\/ironsky.pl\/sklep\/produkt\/lampka-biurkowa-baseus-comfort-reading-z-klipsem-szara-2\/\" \/>\n<meta property=\"og:locale\" content=\"pl_PL\" \/>\n<meta property=\"og:type\" content=\"article\" \/>\n<meta property=\"og:title\" content=\"Lampka biurkowa BASEUS Comfort Reading z klipsem (szara) - IRONSKY.PL Sklep z Dronami\" \/>\n<meta property=\"og:description\" content=\"Lampka biurkowa BASEUS Comfort Reading z klipsem (szara) - \u2705 sklep z dronami i fachowym doradztwem. \u2705 Tutaj kupisz produkty DJI, Yuneec, Parrot, Syma i wiele innych, a tak\u017ce kursy i licencje na operatora drona.\" \/>\n<meta property=\"og:url\" content=\"https:\/\/ironsky.pl\/sklep\/produkt\/lampka-biurkowa-baseus-comfort-reading-z-klipsem-szara-2\/\" \/>\n<meta property=\"og:site_name\" content=\"IRONSKY.PL Sklep z Dronami\" \/>\n<meta property=\"article:modified_time\" content=\"2026-04-15T08:03:53+00:00\" \/>\n<meta property=\"og:image\" content=\"https:\/\/ironsky.pl\/sklep\/wp-content\/uploads\/2025\/06\/18474_4.jpg\" \/>\n\t<meta property=\"og:image:width\" content=\"800\" \/>\n\t<meta property=\"og:image:height\" content=\"800\" \/>\n\t<meta property=\"og:image:type\" content=\"image\/jpeg\" \/>\n<meta name=\"twitter:card\" content=\"summary_large_image\" \/>\n<meta name=\"twitter:label1\" content=\"Szacowany czas czytania\" \/>\n\t<meta name=\"twitter:data1\" content=\"2 minuty\" \/>\n<script type=\"application\/ld+json\" class=\"yoast-schema-graph\">{\"@context\":\"https:\/\/schema.org\",\"@graph\":[{\"@type\":\"WebPage\",\"@id\":\"https:\/\/ironsky.pl\/sklep\/produkt\/lampka-biurkowa-baseus-comfort-reading-z-klipsem-szara-2\/\",\"url\":\"https:\/\/ironsky.pl\/sklep\/produkt\/lampka-biurkowa-baseus-comfort-reading-z-klipsem-szara-2\/\",\"name\":\"Lampka biurkowa BASEUS Comfort Reading z klipsem (szara) - IRONSKY.PL Sklep z Dronami\",\"isPartOf\":{\"@id\":\"https:\/\/ironsky.pl\/sklep\/#website\"},\"primaryImageOfPage\":{\"@id\":\"https:\/\/ironsky.pl\/sklep\/produkt\/lampka-biurkowa-baseus-comfort-reading-z-klipsem-szara-2\/#primaryimage\"},\"image\":{\"@id\":\"https:\/\/ironsky.pl\/sklep\/produkt\/lampka-biurkowa-baseus-comfort-reading-z-klipsem-szara-2\/#primaryimage\"},\"thumbnailUrl\":\"https:\/\/ironsky.pl\/sklep\/wp-content\/uploads\/2025\/06\/18474_4.jpg\",\"datePublished\":\"2026-04-15T08:03:38+00:00\",\"dateModified\":\"2026-04-15T08:03:53+00:00\",\"description\":\"Lampka biurkowa BASEUS Comfort Reading z klipsem (szara) - \u2705 sklep z dronami i fachowym doradztwem. \u2705 Tutaj kupisz produkty DJI, Yuneec, Parrot, Syma i wiele innych, a tak\u017ce kursy i licencje na operatora drona.\",\"breadcrumb\":{\"@id\":\"https:\/\/ironsky.pl\/sklep\/produkt\/lampka-biurkowa-baseus-comfort-reading-z-klipsem-szara-2\/#breadcrumb\"},\"inLanguage\":\"pl-PL\",\"potentialAction\":[{\"@type\":\"ReadAction\",\"target\":[\"https:\/\/ironsky.pl\/sklep\/produkt\/lampka-biurkowa-baseus-comfort-reading-z-klipsem-szara-2\/\"]}]},{\"@type\":\"ImageObject\",\"inLanguage\":\"pl-PL\",\"@id\":\"https:\/\/ironsky.pl\/sklep\/produkt\/lampka-biurkowa-baseus-comfort-reading-z-klipsem-szara-2\/#primaryimage\",\"url\":\"https:\/\/ironsky.pl\/sklep\/wp-content\/uploads\/2025\/06\/18474_4.jpg\",\"contentUrl\":\"https:\/\/ironsky.pl\/sklep\/wp-content\/uploads\/2025\/06\/18474_4.jpg\",\"width\":800,\"height\":800},{\"@type\":\"BreadcrumbList\",\"@id\":\"https:\/\/ironsky.pl\/sklep\/produkt\/lampka-biurkowa-baseus-comfort-reading-z-klipsem-szara-2\/#breadcrumb\",\"itemListElement\":[{\"@type\":\"ListItem\",\"position\":1,\"name\":\"Strona g\u0142\u00f3wna\",\"item\":\"https:\/\/ironsky.pl\/sklep\/\"},{\"@type\":\"ListItem\",\"position\":2,\"name\":\"Wszystkie produkty\",\"item\":\"https:\/\/ironsky.pl\/sklep\/produkty\/\"},{\"@type\":\"ListItem\",\"position\":3,\"name\":\"Lampka biurkowa BASEUS Comfort Reading z klipsem (szara)\"}]},{\"@type\":\"WebSite\",\"@id\":\"https:\/\/ironsky.pl\/sklep\/#website\",\"url\":\"https:\/\/ironsky.pl\/sklep\/\",\"name\":\"IRONSKY.PL Sklep z Dronami\",\"description\":\"IRONSKY.PL Sklep z Dronami\",\"potentialAction\":[{\"@type\":\"SearchAction\",\"target\":{\"@type\":\"EntryPoint\",\"urlTemplate\":\"https:\/\/ironsky.pl\/sklep\/?s={search_term_string}\"},\"query-input\":{\"@type\":\"PropertyValueSpecification\",\"valueRequired\":true,\"valueName\":\"search_term_string\"}}],\"inLanguage\":\"pl-PL\"}]}<\/script>\n<!-- \/ Yoast SEO plugin. -->","yoast_head_json":{"title":"Lampka biurkowa BASEUS Comfort Reading z klipsem (szara) - IRONSKY.PL Sklep z Dronami","description":"Lampka biurkowa BASEUS Comfort Reading z klipsem (szara) - \u2705 sklep z dronami i fachowym doradztwem. \u2705 Tutaj kupisz produkty DJI, Yuneec, Parrot, Syma i wiele innych, a tak\u017ce kursy i licencje na operatora drona.","robots":{"index":"index","follow":"follow","max-snippet":"max-snippet:-1","max-image-preview":"max-image-preview:large","max-video-preview":"max-video-preview:-1"},"canonical":"https:\/\/ironsky.pl\/sklep\/produkt\/lampka-biurkowa-baseus-comfort-reading-z-klipsem-szara-2\/","og_locale":"pl_PL","og_type":"article","og_title":"Lampka biurkowa BASEUS Comfort Reading z klipsem (szara) - IRONSKY.PL Sklep z Dronami","og_description":"Lampka biurkowa BASEUS Comfort Reading z klipsem (szara) - \u2705 sklep z dronami i fachowym doradztwem. \u2705 Tutaj kupisz produkty DJI, Yuneec, Parrot, Syma i wiele innych, a tak\u017ce kursy i licencje na operatora drona.","og_url":"https:\/\/ironsky.pl\/sklep\/produkt\/lampka-biurkowa-baseus-comfort-reading-z-klipsem-szara-2\/","og_site_name":"IRONSKY.PL Sklep z Dronami","article_modified_time":"2026-04-15T08:03:53+00:00","og_image":[{"width":800,"height":800,"url":"https:\/\/ironsky.pl\/sklep\/wp-content\/uploads\/2025\/06\/18474_4.jpg","type":"image\/jpeg"}],"twitter_card":"summary_large_image","twitter_misc":{"Szacowany czas czytania":"2 minuty"},"schema":{"@context":"https:\/\/schema.org","@graph":[{"@type":"WebPage","@id":"https:\/\/ironsky.pl\/sklep\/produkt\/lampka-biurkowa-baseus-comfort-reading-z-klipsem-szara-2\/","url":"https:\/\/ironsky.pl\/sklep\/produkt\/lampka-biurkowa-baseus-comfort-reading-z-klipsem-szara-2\/","name":"Lampka biurkowa BASEUS Comfort Reading z klipsem (szara) - IRONSKY.PL Sklep z Dronami","isPartOf":{"@id":"https:\/\/ironsky.pl\/sklep\/#website"},"primaryImageOfPage":{"@id":"https:\/\/ironsky.pl\/sklep\/produkt\/lampka-biurkowa-baseus-comfort-reading-z-klipsem-szara-2\/#primaryimage"},"image":{"@id":"https:\/\/ironsky.pl\/sklep\/produkt\/lampka-biurkowa-baseus-comfort-reading-z-klipsem-szara-2\/#primaryimage"},"thumbnailUrl":"https:\/\/ironsky.pl\/sklep\/wp-content\/uploads\/2025\/06\/18474_4.jpg","datePublished":"2026-04-15T08:03:38+00:00","dateModified":"2026-04-15T08:03:53+00:00","description":"Lampka biurkowa BASEUS Comfort Reading z klipsem (szara) - \u2705 sklep z dronami i fachowym doradztwem. \u2705 Tutaj kupisz produkty DJI, Yuneec, Parrot, Syma i wiele innych, a tak\u017ce kursy i licencje na operatora drona.","breadcrumb":{"@id":"https:\/\/ironsky.pl\/sklep\/produkt\/lampka-biurkowa-baseus-comfort-reading-z-klipsem-szara-2\/#breadcrumb"},"inLanguage":"pl-PL","potentialAction":[{"@type":"ReadAction","target":["https:\/\/ironsky.pl\/sklep\/produkt\/lampka-biurkowa-baseus-comfort-reading-z-klipsem-szara-2\/"]}]},{"@type":"ImageObject","inLanguage":"pl-PL","@id":"https:\/\/ironsky.pl\/sklep\/produkt\/lampka-biurkowa-baseus-comfort-reading-z-klipsem-szara-2\/#primaryimage","url":"https:\/\/ironsky.pl\/sklep\/wp-content\/uploads\/2025\/06\/18474_4.jpg","contentUrl":"https:\/\/ironsky.pl\/sklep\/wp-content\/uploads\/2025\/06\/18474_4.jpg","width":800,"height":800},{"@type":"BreadcrumbList","@id":"https:\/\/ironsky.pl\/sklep\/produkt\/lampka-biurkowa-baseus-comfort-reading-z-klipsem-szara-2\/#breadcrumb","itemListElement":[{"@type":"ListItem","position":1,"name":"Strona g\u0142\u00f3wna","item":"https:\/\/ironsky.pl\/sklep\/"},{"@type":"ListItem","position":2,"name":"Wszystkie produkty","item":"https:\/\/ironsky.pl\/sklep\/produkty\/"},{"@type":"ListItem","position":3,"name":"Lampka biurkowa BASEUS Comfort Reading z klipsem (szara)"}]},{"@type":"WebSite","@id":"https:\/\/ironsky.pl\/sklep\/#website","url":"https:\/\/ironsky.pl\/sklep\/","name":"IRONSKY.PL Sklep z Dronami","description":"IRONSKY.PL Sklep z Dronami","potentialAction":[{"@type":"SearchAction","target":{"@type":"EntryPoint","urlTemplate":"https:\/\/ironsky.pl\/sklep\/?s={search_term_string}"},"query-input":{"@type":"PropertyValueSpecification","valueRequired":true,"valueName":"search_term_string"}}],"inLanguage":"pl-PL"}]}},"_links":{"self":[{"href":"https:\/\/ironsky.pl\/sklep\/wp-json\/wp\/v2\/product\/55388","targetHints":{"allow":["GET"]}}],"collection":[{"href":"https:\/\/ironsky.pl\/sklep\/wp-json\/wp\/v2\/product"}],"about":[{"href":"https:\/\/ironsky.pl\/sklep\/wp-json\/wp\/v2\/types\/product"}],"replies":[{"embeddable":true,"href":"https:\/\/ironsky.pl\/sklep\/wp-json\/wp\/v2\/comments?post=55388"}],"wp:featuredmedia":[{"embeddable":true,"href":"https:\/\/ironsky.pl\/sklep\/wp-json\/wp\/v2\/media\/41104"}],"wp:attachment":[{"href":"https:\/\/ironsky.pl\/sklep\/wp-json\/wp\/v2\/media?parent=55388"}],"wp:term":[{"taxonomy":"product_brand","embeddable":true,"href":"https:\/\/ironsky.pl\/sklep\/wp-json\/wp\/v2\/product_brand?post=55388"},{"taxonomy":"product_cat","embeddable":true,"href":"https:\/\/ironsky.pl\/sklep\/wp-json\/wp\/v2\/product_cat?post=55388"},{"taxonomy":"product_tag","embeddable":true,"href":"https:\/\/ironsky.pl\/sklep\/wp-json\/wp\/v2\/product_tag?post=55388"}],"curies":[{"name":"wp","href":"https:\/\/api.w.org\/{rel}","templated":true}]}}