{"id":55360,"date":"2026-04-15T10:03:13","date_gmt":"2026-04-15T08:03:13","guid":{"rendered":"https:\/\/ironsky.pl\/sklep\/produkt\/adapter-ugreen-displayport-hdmi-25cm-full-hd-czarny\/"},"modified":"2026-04-15T10:42:34","modified_gmt":"2026-04-15T08:42:34","slug":"adapter-ugreen-displayport-hdmi-25cm-full-hd-czarny","status":"publish","type":"product","link":"https:\/\/ironsky.pl\/sklep\/produkt\/adapter-ugreen-displayport-hdmi-25cm-full-hd-czarny\/","title":{"rendered":"Adapter UGREEN DisplayPort-HDMI 25cm Full HD (czarny)"},"content":{"rendered":"<h3>Adapter DisplayPort &#8211; HDMI<\/h3>\n<p>Konwerter pozwala na pod\u0142\u0105czenie komputera lub laptopa z portem DisplayPort do projektora, telewizora lub monitora ze z\u0142\u0105czem HDMI. Do pod\u0142\u0105czenia potrzebny jest osobno kabel HDMI. Adapter obs\u0142uguje jednoczesny przesy\u0142 obrazu FullHD oraz d\u017awi\u0119ku (r\u00f3wnie\u017c nieskompresowane formaty, takie jak LPCM). Urz\u0105dzenie dzia\u0142a jako Plug&#038;Play, czyli wy\u015bwietla obraz zaraz po pod\u0142\u0105czeniu (nie ma konieczno\u015bci instalowania dodatkowych sterownik\u00f3w).\u00a0<\/p>\n<p><img decoding=\"async\" src=\"https:\/\/b2b.innpro.pl\/data\/include\/cms\/6Kuba\/Ugreen\/MM137\/930-_01b.jpg\"><\/p>\n<h3>Dwa tryby obrazu<\/h3>\n<p>Adapter umo\u017cliwia wy\u015bwietlanie obrazu w dw\u00f3ch trybach:<\/p>\n<ol>\n<li>Mirror Mode &#8211; pod\u0142\u0105czony ekran wy\u015bwietla t\u0119 sam\u0105 zawarto\u015b\u0107 co ekran komputera<\/li>\n<li>Extended Mode &#8211; pod\u0142\u0105czony ekran jest niezale\u017cny i mo\u017ce wy\u015bwietla\u0107 zupe\u0142nie inn\u0105 zawarto\u015b\u0107.<\/li>\n<\/ol>\n<p><img decoding=\"async\" src=\"https:\/\/b2b.innpro.pl\/data\/include\/cms\/6Kuba\/Ugreen\/MM137\/930-_06.jpg\"><\/p>\n<h3>Wysoka jako\u015b\u0107 wykonania<\/h3>\n<p>Adapter wykonany jest z wysokiej jako\u015bci materia\u0142\u00f3w ABS i TPE, kt\u00f3re zapewniaj\u0105 d\u0142ug\u0105 \u017cywotno\u015b\u0107 urz\u0105dzenie. Miedziane i poz\u0142acane ko\u0144c\u00f3wki, zapewniaj\u0105 wydajn\u0105 i stabiln\u0105 transmisj\u0119, bez \u017cadnych zak\u0142\u00f3ce\u0144.<\/p>\n<p><img decoding=\"async\" src=\"https:\/\/b2b.innpro.pl\/data\/include\/cms\/6Kuba\/Ugreen\/MM137\/930-_10b.jpg\"><\/p>\n<div class=\"table-wrapper\">\n<table class=\"table-specs\">\n<tbody>\n<tr>\n<th><span>Model<\/span><\/th>\n<td><span>MM137<\/span><\/td>\n<\/tr>\n<tr>\n<th><span>Z\u0142\u0105cza<\/span><\/th>\n<td><span>DisplayPort (m\u0119ski) do HDMI (\u017ce\u0144ski)<\/span><\/td>\n<\/tr>\n<tr>\n<th><span>Materia\u0142<\/span><\/th>\n<td><span>ABS + PVC<\/span><\/td>\n<\/tr>\n<tr>\n<th><span>D\u0142ugo\u015b\u0107 kabla<\/span><\/th>\n<td><span>25 cm<\/span><\/td>\n<\/tr>\n<tr>\n<th><span>Chip<\/span><\/th>\n<td><span>Bridgelux \/ Gemesys<\/span><\/td>\n<\/tr>\n<tr>\n<th><span>Obs\u0142ugiwana rozdzielczo\u015b\u0107<\/span><\/th>\n<td><span>1080p 60 Hz<\/span><\/td>\n<\/tr>\n<tr>\n<th><span>Kolor<\/span><\/th>\n<td><span>Czarny<\/span><\/td>\n<\/tr>\n<\/tbody>\n<\/table>\n<\/div>\n","protected":false},"excerpt":{"rendered":"<p>Adapter DisplayPort &#8211; HDMI Konwerter pozwala na pod\u0142\u0105czenie komputera lub laptopa z portem DisplayPort do projektora, telewizora lub monitora ze<\/p>\n","protected":false},"featured_media":55361,"comment_status":"closed","ping_status":"open","template":"","meta":{"_acf_changed":false},"product_brand":[],"product_cat":[5930,5929],"product_tag":[],"class_list":{"0":"post-55360","1":"product","2":"type-product","3":"status-publish","4":"has-post-thumbnail","6":"product_cat-adaptery-przejsciowki-konwertery","7":"product_cat-akcesoria-it","8":"pa_okres-gwarancji-5757","9":"pa_producent-ugreen","11":"first","12":"outofstock","13":"taxable","14":"shipping-taxable","15":"purchasable","16":"product-type-simple"},"acf":[],"yoast_head":"<!-- This site is optimized with the Yoast SEO plugin v27.2 - https:\/\/yoast.com\/product\/yoast-seo-wordpress\/ -->\n<title>Adapter UGREEN DisplayPort-HDMI 25cm Full HD (czarny) - IRONSKY.PL Sklep z Dronami<\/title>\n<meta name=\"description\" content=\"Adapter UGREEN DisplayPort-HDMI 25cm Full HD (czarny) - \u2705 sklep z dronami i fachowym doradztwem. \u2705 Tutaj kupisz produkty DJI, Yuneec, Parrot, Syma i wiele innych, a tak\u017ce kursy i licencje na operatora drona.\" \/>\n<meta name=\"robots\" content=\"index, follow, max-snippet:-1, max-image-preview:large, max-video-preview:-1\" \/>\n<link rel=\"canonical\" href=\"https:\/\/ironsky.pl\/sklep\/produkt\/adapter-ugreen-displayport-hdmi-25cm-full-hd-czarny\/\" \/>\n<meta property=\"og:locale\" content=\"pl_PL\" \/>\n<meta property=\"og:type\" content=\"article\" \/>\n<meta property=\"og:title\" content=\"Adapter UGREEN DisplayPort-HDMI 25cm Full HD (czarny) - IRONSKY.PL Sklep z Dronami\" \/>\n<meta property=\"og:description\" content=\"Adapter UGREEN DisplayPort-HDMI 25cm Full HD (czarny) - \u2705 sklep z dronami i fachowym doradztwem. \u2705 Tutaj kupisz produkty DJI, Yuneec, Parrot, Syma i wiele innych, a tak\u017ce kursy i licencje na operatora drona.\" \/>\n<meta property=\"og:url\" content=\"https:\/\/ironsky.pl\/sklep\/produkt\/adapter-ugreen-displayport-hdmi-25cm-full-hd-czarny\/\" \/>\n<meta property=\"og:site_name\" content=\"IRONSKY.PL Sklep z Dronami\" \/>\n<meta property=\"article:modified_time\" content=\"2026-04-15T08:42:34+00:00\" \/>\n<meta property=\"og:image\" content=\"https:\/\/ironsky.pl\/sklep\/wp-content\/uploads\/2026\/04\/18228_1.jpg\" \/>\n\t<meta property=\"og:image:width\" content=\"800\" \/>\n\t<meta property=\"og:image:height\" content=\"800\" \/>\n\t<meta property=\"og:image:type\" content=\"image\/jpeg\" \/>\n<meta name=\"twitter:card\" content=\"summary_large_image\" \/>\n<meta name=\"twitter:label1\" content=\"Szacowany czas czytania\" \/>\n\t<meta name=\"twitter:data1\" content=\"1 minuta\" \/>\n<script type=\"application\/ld+json\" class=\"yoast-schema-graph\">{\"@context\":\"https:\/\/schema.org\",\"@graph\":[{\"@type\":\"WebPage\",\"@id\":\"https:\/\/ironsky.pl\/sklep\/produkt\/adapter-ugreen-displayport-hdmi-25cm-full-hd-czarny\/\",\"url\":\"https:\/\/ironsky.pl\/sklep\/produkt\/adapter-ugreen-displayport-hdmi-25cm-full-hd-czarny\/\",\"name\":\"Adapter UGREEN DisplayPort-HDMI 25cm Full HD (czarny) - IRONSKY.PL Sklep z Dronami\",\"isPartOf\":{\"@id\":\"https:\/\/ironsky.pl\/sklep\/#website\"},\"primaryImageOfPage\":{\"@id\":\"https:\/\/ironsky.pl\/sklep\/produkt\/adapter-ugreen-displayport-hdmi-25cm-full-hd-czarny\/#primaryimage\"},\"image\":{\"@id\":\"https:\/\/ironsky.pl\/sklep\/produkt\/adapter-ugreen-displayport-hdmi-25cm-full-hd-czarny\/#primaryimage\"},\"thumbnailUrl\":\"https:\/\/ironsky.pl\/sklep\/wp-content\/uploads\/2026\/04\/18228_1.jpg\",\"datePublished\":\"2026-04-15T08:03:13+00:00\",\"dateModified\":\"2026-04-15T08:42:34+00:00\",\"description\":\"Adapter UGREEN DisplayPort-HDMI 25cm Full HD (czarny) - \u2705 sklep z dronami i fachowym doradztwem. \u2705 Tutaj kupisz produkty DJI, Yuneec, Parrot, Syma i wiele innych, a tak\u017ce kursy i licencje na operatora drona.\",\"breadcrumb\":{\"@id\":\"https:\/\/ironsky.pl\/sklep\/produkt\/adapter-ugreen-displayport-hdmi-25cm-full-hd-czarny\/#breadcrumb\"},\"inLanguage\":\"pl-PL\",\"potentialAction\":[{\"@type\":\"ReadAction\",\"target\":[\"https:\/\/ironsky.pl\/sklep\/produkt\/adapter-ugreen-displayport-hdmi-25cm-full-hd-czarny\/\"]}]},{\"@type\":\"ImageObject\",\"inLanguage\":\"pl-PL\",\"@id\":\"https:\/\/ironsky.pl\/sklep\/produkt\/adapter-ugreen-displayport-hdmi-25cm-full-hd-czarny\/#primaryimage\",\"url\":\"https:\/\/ironsky.pl\/sklep\/wp-content\/uploads\/2026\/04\/18228_1.jpg\",\"contentUrl\":\"https:\/\/ironsky.pl\/sklep\/wp-content\/uploads\/2026\/04\/18228_1.jpg\",\"width\":800,\"height\":800},{\"@type\":\"BreadcrumbList\",\"@id\":\"https:\/\/ironsky.pl\/sklep\/produkt\/adapter-ugreen-displayport-hdmi-25cm-full-hd-czarny\/#breadcrumb\",\"itemListElement\":[{\"@type\":\"ListItem\",\"position\":1,\"name\":\"Strona g\u0142\u00f3wna\",\"item\":\"https:\/\/ironsky.pl\/sklep\/\"},{\"@type\":\"ListItem\",\"position\":2,\"name\":\"Wszystkie produkty\",\"item\":\"https:\/\/ironsky.pl\/sklep\/produkty\/\"},{\"@type\":\"ListItem\",\"position\":3,\"name\":\"Adapter UGREEN DisplayPort-HDMI 25cm Full HD (czarny)\"}]},{\"@type\":\"WebSite\",\"@id\":\"https:\/\/ironsky.pl\/sklep\/#website\",\"url\":\"https:\/\/ironsky.pl\/sklep\/\",\"name\":\"IRONSKY.PL Sklep z Dronami\",\"description\":\"IRONSKY.PL Sklep z Dronami\",\"potentialAction\":[{\"@type\":\"SearchAction\",\"target\":{\"@type\":\"EntryPoint\",\"urlTemplate\":\"https:\/\/ironsky.pl\/sklep\/?s={search_term_string}\"},\"query-input\":{\"@type\":\"PropertyValueSpecification\",\"valueRequired\":true,\"valueName\":\"search_term_string\"}}],\"inLanguage\":\"pl-PL\"}]}<\/script>\n<!-- \/ Yoast SEO plugin. -->","yoast_head_json":{"title":"Adapter UGREEN DisplayPort-HDMI 25cm Full HD (czarny) - IRONSKY.PL Sklep z Dronami","description":"Adapter UGREEN DisplayPort-HDMI 25cm Full HD (czarny) - \u2705 sklep z dronami i fachowym doradztwem. \u2705 Tutaj kupisz produkty DJI, Yuneec, Parrot, Syma i wiele innych, a tak\u017ce kursy i licencje na operatora drona.","robots":{"index":"index","follow":"follow","max-snippet":"max-snippet:-1","max-image-preview":"max-image-preview:large","max-video-preview":"max-video-preview:-1"},"canonical":"https:\/\/ironsky.pl\/sklep\/produkt\/adapter-ugreen-displayport-hdmi-25cm-full-hd-czarny\/","og_locale":"pl_PL","og_type":"article","og_title":"Adapter UGREEN DisplayPort-HDMI 25cm Full HD (czarny) - IRONSKY.PL Sklep z Dronami","og_description":"Adapter UGREEN DisplayPort-HDMI 25cm Full HD (czarny) - \u2705 sklep z dronami i fachowym doradztwem. \u2705 Tutaj kupisz produkty DJI, Yuneec, Parrot, Syma i wiele innych, a tak\u017ce kursy i licencje na operatora drona.","og_url":"https:\/\/ironsky.pl\/sklep\/produkt\/adapter-ugreen-displayport-hdmi-25cm-full-hd-czarny\/","og_site_name":"IRONSKY.PL Sklep z Dronami","article_modified_time":"2026-04-15T08:42:34+00:00","og_image":[{"width":800,"height":800,"url":"https:\/\/ironsky.pl\/sklep\/wp-content\/uploads\/2026\/04\/18228_1.jpg","type":"image\/jpeg"}],"twitter_card":"summary_large_image","twitter_misc":{"Szacowany czas czytania":"1 minuta"},"schema":{"@context":"https:\/\/schema.org","@graph":[{"@type":"WebPage","@id":"https:\/\/ironsky.pl\/sklep\/produkt\/adapter-ugreen-displayport-hdmi-25cm-full-hd-czarny\/","url":"https:\/\/ironsky.pl\/sklep\/produkt\/adapter-ugreen-displayport-hdmi-25cm-full-hd-czarny\/","name":"Adapter UGREEN DisplayPort-HDMI 25cm Full HD (czarny) - IRONSKY.PL Sklep z Dronami","isPartOf":{"@id":"https:\/\/ironsky.pl\/sklep\/#website"},"primaryImageOfPage":{"@id":"https:\/\/ironsky.pl\/sklep\/produkt\/adapter-ugreen-displayport-hdmi-25cm-full-hd-czarny\/#primaryimage"},"image":{"@id":"https:\/\/ironsky.pl\/sklep\/produkt\/adapter-ugreen-displayport-hdmi-25cm-full-hd-czarny\/#primaryimage"},"thumbnailUrl":"https:\/\/ironsky.pl\/sklep\/wp-content\/uploads\/2026\/04\/18228_1.jpg","datePublished":"2026-04-15T08:03:13+00:00","dateModified":"2026-04-15T08:42:34+00:00","description":"Adapter UGREEN DisplayPort-HDMI 25cm Full HD (czarny) - \u2705 sklep z dronami i fachowym doradztwem. \u2705 Tutaj kupisz produkty DJI, Yuneec, Parrot, Syma i wiele innych, a tak\u017ce kursy i licencje na operatora drona.","breadcrumb":{"@id":"https:\/\/ironsky.pl\/sklep\/produkt\/adapter-ugreen-displayport-hdmi-25cm-full-hd-czarny\/#breadcrumb"},"inLanguage":"pl-PL","potentialAction":[{"@type":"ReadAction","target":["https:\/\/ironsky.pl\/sklep\/produkt\/adapter-ugreen-displayport-hdmi-25cm-full-hd-czarny\/"]}]},{"@type":"ImageObject","inLanguage":"pl-PL","@id":"https:\/\/ironsky.pl\/sklep\/produkt\/adapter-ugreen-displayport-hdmi-25cm-full-hd-czarny\/#primaryimage","url":"https:\/\/ironsky.pl\/sklep\/wp-content\/uploads\/2026\/04\/18228_1.jpg","contentUrl":"https:\/\/ironsky.pl\/sklep\/wp-content\/uploads\/2026\/04\/18228_1.jpg","width":800,"height":800},{"@type":"BreadcrumbList","@id":"https:\/\/ironsky.pl\/sklep\/produkt\/adapter-ugreen-displayport-hdmi-25cm-full-hd-czarny\/#breadcrumb","itemListElement":[{"@type":"ListItem","position":1,"name":"Strona g\u0142\u00f3wna","item":"https:\/\/ironsky.pl\/sklep\/"},{"@type":"ListItem","position":2,"name":"Wszystkie produkty","item":"https:\/\/ironsky.pl\/sklep\/produkty\/"},{"@type":"ListItem","position":3,"name":"Adapter UGREEN DisplayPort-HDMI 25cm Full HD (czarny)"}]},{"@type":"WebSite","@id":"https:\/\/ironsky.pl\/sklep\/#website","url":"https:\/\/ironsky.pl\/sklep\/","name":"IRONSKY.PL Sklep z Dronami","description":"IRONSKY.PL Sklep z Dronami","potentialAction":[{"@type":"SearchAction","target":{"@type":"EntryPoint","urlTemplate":"https:\/\/ironsky.pl\/sklep\/?s={search_term_string}"},"query-input":{"@type":"PropertyValueSpecification","valueRequired":true,"valueName":"search_term_string"}}],"inLanguage":"pl-PL"}]}},"_links":{"self":[{"href":"https:\/\/ironsky.pl\/sklep\/wp-json\/wp\/v2\/product\/55360","targetHints":{"allow":["GET"]}}],"collection":[{"href":"https:\/\/ironsky.pl\/sklep\/wp-json\/wp\/v2\/product"}],"about":[{"href":"https:\/\/ironsky.pl\/sklep\/wp-json\/wp\/v2\/types\/product"}],"replies":[{"embeddable":true,"href":"https:\/\/ironsky.pl\/sklep\/wp-json\/wp\/v2\/comments?post=55360"}],"wp:featuredmedia":[{"embeddable":true,"href":"https:\/\/ironsky.pl\/sklep\/wp-json\/wp\/v2\/media\/55361"}],"wp:attachment":[{"href":"https:\/\/ironsky.pl\/sklep\/wp-json\/wp\/v2\/media?parent=55360"}],"wp:term":[{"taxonomy":"product_brand","embeddable":true,"href":"https:\/\/ironsky.pl\/sklep\/wp-json\/wp\/v2\/product_brand?post=55360"},{"taxonomy":"product_cat","embeddable":true,"href":"https:\/\/ironsky.pl\/sklep\/wp-json\/wp\/v2\/product_cat?post=55360"},{"taxonomy":"product_tag","embeddable":true,"href":"https:\/\/ironsky.pl\/sklep\/wp-json\/wp\/v2\/product_tag?post=55360"}],"curies":[{"name":"wp","href":"https:\/\/api.w.org\/{rel}","templated":true}]}}