{"id":55359,"date":"2026-04-15T10:03:13","date_gmt":"2026-04-15T08:03:13","guid":{"rendered":"https:\/\/ironsky.pl\/sklep\/produkt\/adapter-ugreen-mm103-hdmi-vga-16cm-czarny\/"},"modified":"2026-04-15T10:42:34","modified_gmt":"2026-04-15T08:42:34","slug":"adapter-ugreen-mm103-hdmi-vga-16cm-czarny","status":"publish","type":"product","link":"https:\/\/ironsky.pl\/sklep\/produkt\/adapter-ugreen-mm103-hdmi-vga-16cm-czarny\/","title":{"rendered":"Adapter UGREEN MM103 HDMI-VGA 16cm (czarny)"},"content":{"rendered":"<h3>Adapter HDMI do VGA UGREEN<\/h3>\n<p>Adapter wspiera jako\u015b\u0107 1080p HD. Pod\u0142\u0105cz sw\u00f3j laptop do zewn\u0119trznego monitora, by uzyska\u0107 obraz na du\u017cej powierzchni. Pod\u0142\u0105cz konsol\u0119 do telewizora i do\u015bwiadcz niesamowitych emocji w czasie gry. Pod\u0142\u0105cz laptop do projektora, by lepiej pokaza\u0107 efekty swojej pracy. Dzi\u0119ki dodatkowemu portowi audio, po pod\u0142\u0105czeniu zewn\u0119trznego urz\u0105dzenia, mo\u017cesz cieszy\u0107 si\u0119 zar\u00f3wno obrazem jak i d\u017awi\u0119kiem.<\/p>\n<p><img decoding=\"async\" src=\"https:\/\/b2b.innpro.pl\/data\/include\/cms\/121_Agnieksza\/UGREEN\/Zdj-produktowe-1\/MD105\/MD114-MM103\/MM\/930_01.jpg\"><\/p>\n<h3>Szeroka kompatybilno\u015b\u0107<\/h3>\n<p>Pod\u0142\u0105cz sw\u00f3j komputer czy konsol\u0119 do zew\u0119trznego ekranu, telewizora czy projektora. Poka\u017c obraz z ekranu na wi\u0119kszej powierzchni, dzi\u0119ki trybowi mirror albo poszerz mo\u017cliwo\u015bci obszaru roboczego dzi\u0119ki trybowi extended.Adapter wspiera szeroki wachlarz rozdzielczo\u015bci.<\/p>\n<p><img decoding=\"async\" src=\"https:\/\/b2b.innpro.pl\/data\/include\/cms\/121_Agnieksza\/UGREEN\/Zdj-produktowe-1\/MD105\/MD114-MM103\/MM\/930_05.jpg\"><\/p>\n<h3>Wysokiej jako\u015bci wykonanie<\/h3>\n<p>Dzi\u0119ki kompaktowym rozmiarom adapter jest \u0142atwy w przechowywaniu i transporcie. Obudowa z tworzywa ABS nie tylko wp\u0142ywa na lepsz\u0105 wydajno\u015b\u0107 adaptera, ale te\u017c na wysok\u0105 estetyk\u0119 produktu.<\/p>\n<p><img decoding=\"async\" src=\"https:\/\/b2b.innpro.pl\/data\/include\/cms\/121_Agnieksza\/UGREEN\/Zdj-produktowe-1\/MD105\/MD114-MM103\/MM\/930_08.jpg\"><\/p>\n<div class=\"table-wrapper\">\n<table style=\"height: 407px;\" width=\"590\">\n<tbody>\n<tr>\n<td><strong><span>Producent<\/span><\/strong><\/td>\n<td><span>UGREEN<\/span><\/td>\n<\/tr>\n<tr>\n<td><strong><span>Model<\/span><\/strong><\/td>\n<td><span>MM103<\/span><\/td>\n<\/tr>\n<tr>\n<td><strong><span>Kod produktu<\/span><\/strong><\/td>\n<td><span>40248<\/span><\/td>\n<\/tr>\n<tr>\n<td><strong><span>Kolor<\/span><\/strong><\/td>\n<td><span>Czarny<\/span><\/td>\n<\/tr>\n<tr>\n<td><strong><span>Obs\u0142ugiwana rozdzielczo\u015b\u0107<\/span><\/strong><\/td>\n<td><span>1920&#215;1080@60Hz<\/span><\/td>\n<\/tr>\n<tr>\n<td><strong><span>Materia\u0142<\/span><\/strong><\/td>\n<td><span>ABS<\/span><\/td>\n<\/tr>\n<tr>\n<td><strong><span>D\u0142ugo\u015b\u0107 przewodu<\/span><\/strong><\/td>\n<td><span>16 cm<\/span><\/td>\n<\/tr>\n<\/tbody>\n<\/table>\n<\/div>\n","protected":false},"excerpt":{"rendered":"<p>Adapter HDMI do VGA UGREEN Adapter wspiera jako\u015b\u0107 1080p HD. Pod\u0142\u0105cz sw\u00f3j laptop do zewn\u0119trznego monitora, by uzyska\u0107 obraz na<\/p>\n","protected":false},"featured_media":40973,"comment_status":"closed","ping_status":"open","template":"","meta":{"_acf_changed":false},"product_brand":[],"product_cat":[5930,5929],"product_tag":[],"class_list":{"0":"post-55359","1":"product","2":"type-product","3":"status-publish","4":"has-post-thumbnail","6":"product_cat-adaptery-przejsciowki-konwertery","7":"product_cat-akcesoria-it","8":"pa_okres-gwarancji-5757","9":"pa_producent-ugreen","11":"first","12":"outofstock","13":"taxable","14":"shipping-taxable","15":"purchasable","16":"product-type-simple"},"acf":[],"yoast_head":"<!-- This site is optimized with the Yoast SEO plugin v27.2 - https:\/\/yoast.com\/product\/yoast-seo-wordpress\/ -->\n<title>Adapter UGREEN MM103 HDMI-VGA 16cm (czarny) - IRONSKY.PL Sklep z Dronami<\/title>\n<meta name=\"description\" content=\"Adapter UGREEN MM103 HDMI-VGA 16cm (czarny) - \u2705 sklep z dronami i fachowym doradztwem. \u2705 Tutaj kupisz produkty DJI, Yuneec, Parrot, Syma i wiele innych, a tak\u017ce kursy i licencje na operatora drona.\" \/>\n<meta name=\"robots\" content=\"index, follow, max-snippet:-1, max-image-preview:large, max-video-preview:-1\" \/>\n<link rel=\"canonical\" href=\"https:\/\/ironsky.pl\/sklep\/produkt\/adapter-ugreen-mm103-hdmi-vga-16cm-czarny\/\" \/>\n<meta property=\"og:locale\" content=\"pl_PL\" \/>\n<meta property=\"og:type\" content=\"article\" \/>\n<meta property=\"og:title\" content=\"Adapter UGREEN MM103 HDMI-VGA 16cm (czarny) - IRONSKY.PL Sklep z Dronami\" \/>\n<meta property=\"og:description\" content=\"Adapter UGREEN MM103 HDMI-VGA 16cm (czarny) - \u2705 sklep z dronami i fachowym doradztwem. \u2705 Tutaj kupisz produkty DJI, Yuneec, Parrot, Syma i wiele innych, a tak\u017ce kursy i licencje na operatora drona.\" \/>\n<meta property=\"og:url\" content=\"https:\/\/ironsky.pl\/sklep\/produkt\/adapter-ugreen-mm103-hdmi-vga-16cm-czarny\/\" \/>\n<meta property=\"og:site_name\" content=\"IRONSKY.PL Sklep z Dronami\" \/>\n<meta property=\"article:modified_time\" content=\"2026-04-15T08:42:34+00:00\" \/>\n<meta property=\"og:image\" content=\"https:\/\/ironsky.pl\/sklep\/wp-content\/uploads\/2025\/06\/18227_1.jpg\" \/>\n\t<meta property=\"og:image:width\" content=\"800\" \/>\n\t<meta property=\"og:image:height\" content=\"800\" \/>\n\t<meta property=\"og:image:type\" content=\"image\/jpeg\" \/>\n<meta name=\"twitter:card\" content=\"summary_large_image\" \/>\n<meta name=\"twitter:label1\" content=\"Szacowany czas czytania\" \/>\n\t<meta name=\"twitter:data1\" content=\"1 minuta\" \/>\n<script type=\"application\/ld+json\" class=\"yoast-schema-graph\">{\"@context\":\"https:\/\/schema.org\",\"@graph\":[{\"@type\":\"WebPage\",\"@id\":\"https:\/\/ironsky.pl\/sklep\/produkt\/adapter-ugreen-mm103-hdmi-vga-16cm-czarny\/\",\"url\":\"https:\/\/ironsky.pl\/sklep\/produkt\/adapter-ugreen-mm103-hdmi-vga-16cm-czarny\/\",\"name\":\"Adapter UGREEN MM103 HDMI-VGA 16cm (czarny) - IRONSKY.PL Sklep z Dronami\",\"isPartOf\":{\"@id\":\"https:\/\/ironsky.pl\/sklep\/#website\"},\"primaryImageOfPage\":{\"@id\":\"https:\/\/ironsky.pl\/sklep\/produkt\/adapter-ugreen-mm103-hdmi-vga-16cm-czarny\/#primaryimage\"},\"image\":{\"@id\":\"https:\/\/ironsky.pl\/sklep\/produkt\/adapter-ugreen-mm103-hdmi-vga-16cm-czarny\/#primaryimage\"},\"thumbnailUrl\":\"https:\/\/ironsky.pl\/sklep\/wp-content\/uploads\/2025\/06\/18227_1.jpg\",\"datePublished\":\"2026-04-15T08:03:13+00:00\",\"dateModified\":\"2026-04-15T08:42:34+00:00\",\"description\":\"Adapter UGREEN MM103 HDMI-VGA 16cm (czarny) - \u2705 sklep z dronami i fachowym doradztwem. \u2705 Tutaj kupisz produkty DJI, Yuneec, Parrot, Syma i wiele innych, a tak\u017ce kursy i licencje na operatora drona.\",\"breadcrumb\":{\"@id\":\"https:\/\/ironsky.pl\/sklep\/produkt\/adapter-ugreen-mm103-hdmi-vga-16cm-czarny\/#breadcrumb\"},\"inLanguage\":\"pl-PL\",\"potentialAction\":[{\"@type\":\"ReadAction\",\"target\":[\"https:\/\/ironsky.pl\/sklep\/produkt\/adapter-ugreen-mm103-hdmi-vga-16cm-czarny\/\"]}]},{\"@type\":\"ImageObject\",\"inLanguage\":\"pl-PL\",\"@id\":\"https:\/\/ironsky.pl\/sklep\/produkt\/adapter-ugreen-mm103-hdmi-vga-16cm-czarny\/#primaryimage\",\"url\":\"https:\/\/ironsky.pl\/sklep\/wp-content\/uploads\/2025\/06\/18227_1.jpg\",\"contentUrl\":\"https:\/\/ironsky.pl\/sklep\/wp-content\/uploads\/2025\/06\/18227_1.jpg\",\"width\":800,\"height\":800},{\"@type\":\"BreadcrumbList\",\"@id\":\"https:\/\/ironsky.pl\/sklep\/produkt\/adapter-ugreen-mm103-hdmi-vga-16cm-czarny\/#breadcrumb\",\"itemListElement\":[{\"@type\":\"ListItem\",\"position\":1,\"name\":\"Strona g\u0142\u00f3wna\",\"item\":\"https:\/\/ironsky.pl\/sklep\/\"},{\"@type\":\"ListItem\",\"position\":2,\"name\":\"Wszystkie produkty\",\"item\":\"https:\/\/ironsky.pl\/sklep\/produkty\/\"},{\"@type\":\"ListItem\",\"position\":3,\"name\":\"Adapter UGREEN MM103 HDMI-VGA 16cm (czarny)\"}]},{\"@type\":\"WebSite\",\"@id\":\"https:\/\/ironsky.pl\/sklep\/#website\",\"url\":\"https:\/\/ironsky.pl\/sklep\/\",\"name\":\"IRONSKY.PL Sklep z Dronami\",\"description\":\"IRONSKY.PL Sklep z Dronami\",\"potentialAction\":[{\"@type\":\"SearchAction\",\"target\":{\"@type\":\"EntryPoint\",\"urlTemplate\":\"https:\/\/ironsky.pl\/sklep\/?s={search_term_string}\"},\"query-input\":{\"@type\":\"PropertyValueSpecification\",\"valueRequired\":true,\"valueName\":\"search_term_string\"}}],\"inLanguage\":\"pl-PL\"}]}<\/script>\n<!-- \/ Yoast SEO plugin. -->","yoast_head_json":{"title":"Adapter UGREEN MM103 HDMI-VGA 16cm (czarny) - IRONSKY.PL Sklep z Dronami","description":"Adapter UGREEN MM103 HDMI-VGA 16cm (czarny) - \u2705 sklep z dronami i fachowym doradztwem. \u2705 Tutaj kupisz produkty DJI, Yuneec, Parrot, Syma i wiele innych, a tak\u017ce kursy i licencje na operatora drona.","robots":{"index":"index","follow":"follow","max-snippet":"max-snippet:-1","max-image-preview":"max-image-preview:large","max-video-preview":"max-video-preview:-1"},"canonical":"https:\/\/ironsky.pl\/sklep\/produkt\/adapter-ugreen-mm103-hdmi-vga-16cm-czarny\/","og_locale":"pl_PL","og_type":"article","og_title":"Adapter UGREEN MM103 HDMI-VGA 16cm (czarny) - IRONSKY.PL Sklep z Dronami","og_description":"Adapter UGREEN MM103 HDMI-VGA 16cm (czarny) - \u2705 sklep z dronami i fachowym doradztwem. \u2705 Tutaj kupisz produkty DJI, Yuneec, Parrot, Syma i wiele innych, a tak\u017ce kursy i licencje na operatora drona.","og_url":"https:\/\/ironsky.pl\/sklep\/produkt\/adapter-ugreen-mm103-hdmi-vga-16cm-czarny\/","og_site_name":"IRONSKY.PL Sklep z Dronami","article_modified_time":"2026-04-15T08:42:34+00:00","og_image":[{"width":800,"height":800,"url":"https:\/\/ironsky.pl\/sklep\/wp-content\/uploads\/2025\/06\/18227_1.jpg","type":"image\/jpeg"}],"twitter_card":"summary_large_image","twitter_misc":{"Szacowany czas czytania":"1 minuta"},"schema":{"@context":"https:\/\/schema.org","@graph":[{"@type":"WebPage","@id":"https:\/\/ironsky.pl\/sklep\/produkt\/adapter-ugreen-mm103-hdmi-vga-16cm-czarny\/","url":"https:\/\/ironsky.pl\/sklep\/produkt\/adapter-ugreen-mm103-hdmi-vga-16cm-czarny\/","name":"Adapter UGREEN MM103 HDMI-VGA 16cm (czarny) - IRONSKY.PL Sklep z Dronami","isPartOf":{"@id":"https:\/\/ironsky.pl\/sklep\/#website"},"primaryImageOfPage":{"@id":"https:\/\/ironsky.pl\/sklep\/produkt\/adapter-ugreen-mm103-hdmi-vga-16cm-czarny\/#primaryimage"},"image":{"@id":"https:\/\/ironsky.pl\/sklep\/produkt\/adapter-ugreen-mm103-hdmi-vga-16cm-czarny\/#primaryimage"},"thumbnailUrl":"https:\/\/ironsky.pl\/sklep\/wp-content\/uploads\/2025\/06\/18227_1.jpg","datePublished":"2026-04-15T08:03:13+00:00","dateModified":"2026-04-15T08:42:34+00:00","description":"Adapter UGREEN MM103 HDMI-VGA 16cm (czarny) - \u2705 sklep z dronami i fachowym doradztwem. \u2705 Tutaj kupisz produkty DJI, Yuneec, Parrot, Syma i wiele innych, a tak\u017ce kursy i licencje na operatora drona.","breadcrumb":{"@id":"https:\/\/ironsky.pl\/sklep\/produkt\/adapter-ugreen-mm103-hdmi-vga-16cm-czarny\/#breadcrumb"},"inLanguage":"pl-PL","potentialAction":[{"@type":"ReadAction","target":["https:\/\/ironsky.pl\/sklep\/produkt\/adapter-ugreen-mm103-hdmi-vga-16cm-czarny\/"]}]},{"@type":"ImageObject","inLanguage":"pl-PL","@id":"https:\/\/ironsky.pl\/sklep\/produkt\/adapter-ugreen-mm103-hdmi-vga-16cm-czarny\/#primaryimage","url":"https:\/\/ironsky.pl\/sklep\/wp-content\/uploads\/2025\/06\/18227_1.jpg","contentUrl":"https:\/\/ironsky.pl\/sklep\/wp-content\/uploads\/2025\/06\/18227_1.jpg","width":800,"height":800},{"@type":"BreadcrumbList","@id":"https:\/\/ironsky.pl\/sklep\/produkt\/adapter-ugreen-mm103-hdmi-vga-16cm-czarny\/#breadcrumb","itemListElement":[{"@type":"ListItem","position":1,"name":"Strona g\u0142\u00f3wna","item":"https:\/\/ironsky.pl\/sklep\/"},{"@type":"ListItem","position":2,"name":"Wszystkie produkty","item":"https:\/\/ironsky.pl\/sklep\/produkty\/"},{"@type":"ListItem","position":3,"name":"Adapter UGREEN MM103 HDMI-VGA 16cm (czarny)"}]},{"@type":"WebSite","@id":"https:\/\/ironsky.pl\/sklep\/#website","url":"https:\/\/ironsky.pl\/sklep\/","name":"IRONSKY.PL Sklep z Dronami","description":"IRONSKY.PL Sklep z Dronami","potentialAction":[{"@type":"SearchAction","target":{"@type":"EntryPoint","urlTemplate":"https:\/\/ironsky.pl\/sklep\/?s={search_term_string}"},"query-input":{"@type":"PropertyValueSpecification","valueRequired":true,"valueName":"search_term_string"}}],"inLanguage":"pl-PL"}]}},"_links":{"self":[{"href":"https:\/\/ironsky.pl\/sklep\/wp-json\/wp\/v2\/product\/55359","targetHints":{"allow":["GET"]}}],"collection":[{"href":"https:\/\/ironsky.pl\/sklep\/wp-json\/wp\/v2\/product"}],"about":[{"href":"https:\/\/ironsky.pl\/sklep\/wp-json\/wp\/v2\/types\/product"}],"replies":[{"embeddable":true,"href":"https:\/\/ironsky.pl\/sklep\/wp-json\/wp\/v2\/comments?post=55359"}],"wp:featuredmedia":[{"embeddable":true,"href":"https:\/\/ironsky.pl\/sklep\/wp-json\/wp\/v2\/media\/40973"}],"wp:attachment":[{"href":"https:\/\/ironsky.pl\/sklep\/wp-json\/wp\/v2\/media?parent=55359"}],"wp:term":[{"taxonomy":"product_brand","embeddable":true,"href":"https:\/\/ironsky.pl\/sklep\/wp-json\/wp\/v2\/product_brand?post=55359"},{"taxonomy":"product_cat","embeddable":true,"href":"https:\/\/ironsky.pl\/sklep\/wp-json\/wp\/v2\/product_cat?post=55359"},{"taxonomy":"product_tag","embeddable":true,"href":"https:\/\/ironsky.pl\/sklep\/wp-json\/wp\/v2\/product_tag?post=55359"}],"curies":[{"name":"wp","href":"https:\/\/api.w.org\/{rel}","templated":true}]}}