{"id":55357,"date":"2026-04-15T10:03:13","date_gmt":"2026-04-15T08:03:13","guid":{"rendered":"https:\/\/ironsky.pl\/sklep\/produkt\/uchwyt-biurkowy-ugreen-lp142-na-telefon-tablet-czarny\/"},"modified":"2026-04-15T10:42:33","modified_gmt":"2026-04-15T08:42:33","slug":"uchwyt-biurkowy-ugreen-lp142-na-telefon-tablet-czarny","status":"publish","type":"product","link":"https:\/\/ironsky.pl\/sklep\/produkt\/uchwyt-biurkowy-ugreen-lp142-na-telefon-tablet-czarny\/","title":{"rendered":"Uchwyt biurkowy UGREEN LP142 na telefon\/tablet (czarny)"},"content":{"rendered":"<h3>Kompatybilny z wi\u0119kszo\u015bci\u0105 urz\u0105dze\u0144 mobilnych<\/h3>\n<p>Uniwersalny wysi\u0119gnik Ugreen do smartfon\u00f3w oraz tablet\u00f3w o przek\u0105tnej ekranu od 4 do 12.9 cali. Dzi\u0119ki solidnemu uchwytowi w podstawie mo\u017cna go zamontowa\u0107 na r\u00f3\u017cnych grubo\u015bciach blat\u00f3w pocz\u0105wszy od zwyk\u0142ego drewnianego stolika po stolik szklany, czy stolik nocny. <\/p>\n<p><img decoding=\"async\" src=\"https:\/\/b2b.innpro.pl\/data\/include\/cms\/012UGREEN\/LP142-50394\/1.jpg\"><\/p>\n<h3>Przemy\u015blany design<\/h3>\n<p>Wysi\u0119gnik posiada dwie solidne spr\u0119\u017cyny, kt\u00f3re zapewniaj\u0105 mu stabiln\u0105 pozycj\u0119. Urz\u0105dzenie zosta\u0142o skonstruowane z my\u015bl\u0105 o \u0142adowarkach, dlatego po obu stronach uchwytu na telefon stworzone s\u0105 wci\u0119cia, kt\u00f3re umo\u017cliwiaj\u0105 pod\u0142\u0105czenie przewodu do \u0142adowania z ka\u017cdej jego strony. <\/p>\n<p><img decoding=\"async\" src=\"https:\/\/b2b.innpro.pl\/data\/include\/cms\/012UGREEN\/LP142-50394\/5.jpg\"><\/p>\n<h3>Dopasuj do swoich potrzeb<\/h3>\n<p>Uchwyt na telefon\/tablet posiada mo\u017cliwo\u015b\u0107 pozycjonowania go w 360\u00b0, dzi\u0119ki czemu mo\u017cesz bez problemu dostosowa\u0107 w\u0142a\u015bciwy k\u0105t. Uchwyt w podstawie posiada maksymaln\u0105 rozpi\u0119to\u015b\u0107 52mm, co pozwala na zamontowanie go na wi\u0119kszo\u015bci blat\u00f3w.<\/p>\n<p><img decoding=\"async\" src=\"https:\/\/b2b.innpro.pl\/data\/include\/cms\/012UGREEN\/LP142-50394\/3.jpg\"><\/p>\n<div class=\"table-wrapper\">\n<table style=\"height: 402px;\" width=\"514\">\n<tbody>\n<tr>\n<td><strong><span>Producent<\/span><\/strong><\/td>\n<td><span>UGREEN<\/span><\/td>\n<\/tr>\n<tr>\n<td><strong><span>Model<\/span><\/strong><\/td>\n<td><span>LP142<\/span><\/td>\n<\/tr>\n<tr>\n<td><strong><span>Kod produktu<\/span><\/strong><\/td>\n<td><span>50394<\/span><\/td>\n<\/tr>\n<tr>\n<td><strong><span>Ca\u0142kowita rozpi\u0119to\u015b\u0107 ramion<\/span><\/strong><\/td>\n<td><span>72 cm<\/span><\/td>\n<\/tr>\n<tr>\n<td><strong><span>Obr\u00f3t 360\u00b0 <\/span><\/strong><\/td>\n<td><span>Tak<\/span><\/td>\n<\/tr>\n<tr>\n<td><strong><span>Rozpi\u0119to\u015b\u0107 od podstawy<\/span><\/strong><\/td>\n<td><span>52 mm<\/span><\/td>\n<\/tr>\n<tr>\n<td><strong><span>Wymagane narz\u0119dzia do instalacji<\/span><\/strong><\/td>\n<td><span>Nie<\/span><\/td>\n<\/tr>\n<tr>\n<td><strong><span>Kompatybilno\u015b\u0107<\/span><\/strong><\/td>\n<td><span>Urz\u0105dzenia o przek\u0105tnej ekranu <strong><span>od 4 do 12.9 cali<\/span><\/strong><\/span><\/td>\n<\/tr>\n<\/tbody>\n<\/table>\n<\/div>\n","protected":false},"excerpt":{"rendered":"<p>Kompatybilny z wi\u0119kszo\u015bci\u0105 urz\u0105dze\u0144 mobilnych Uniwersalny wysi\u0119gnik Ugreen do smartfon\u00f3w oraz tablet\u00f3w o przek\u0105tnej ekranu od 4 do 12.9 cali.<\/p>\n","protected":false},"featured_media":55358,"comment_status":"closed","ping_status":"open","template":"","meta":{"_acf_changed":false},"product_brand":[],"product_cat":[1128,6178,6176,6190,6177,1138],"product_tag":[],"class_list":{"0":"post-55357","1":"product","2":"type-product","3":"status-publish","4":"has-post-thumbnail","6":"product_cat-foto-wideo","7":"product_cat-mocowania","8":"product_cat-selfie-stiki","9":"product_cat-statywy-mocowania","10":"product_cat-statywy-selfie-stiki","11":"product_cat-wysiegniki","12":"pa_okres-gwarancji-5757","13":"pa_producent-ugreen","15":"first","16":"outofstock","17":"taxable","18":"shipping-taxable","19":"purchasable","20":"product-type-simple"},"acf":[],"yoast_head":"<!-- This site is optimized with the Yoast SEO plugin v27.2 - https:\/\/yoast.com\/product\/yoast-seo-wordpress\/ -->\n<title>Uchwyt biurkowy UGREEN LP142 na telefon\/tablet (czarny) - IRONSKY.PL Sklep z Dronami<\/title>\n<meta name=\"description\" content=\"Uchwyt biurkowy UGREEN LP142 na telefon\/tablet (czarny) - \u2705 sklep z dronami i fachowym doradztwem. \u2705 Tutaj kupisz produkty DJI, Yuneec, Parrot, Syma i wiele innych, a tak\u017ce kursy i licencje na operatora drona.\" \/>\n<meta name=\"robots\" content=\"index, follow, max-snippet:-1, max-image-preview:large, max-video-preview:-1\" \/>\n<link rel=\"canonical\" href=\"https:\/\/ironsky.pl\/sklep\/produkt\/uchwyt-biurkowy-ugreen-lp142-na-telefon-tablet-czarny\/\" \/>\n<meta property=\"og:locale\" content=\"pl_PL\" \/>\n<meta property=\"og:type\" content=\"article\" \/>\n<meta property=\"og:title\" content=\"Uchwyt biurkowy UGREEN LP142 na telefon\/tablet (czarny) - IRONSKY.PL Sklep z Dronami\" \/>\n<meta property=\"og:description\" content=\"Uchwyt biurkowy UGREEN LP142 na telefon\/tablet (czarny) - \u2705 sklep z dronami i fachowym doradztwem. \u2705 Tutaj kupisz produkty DJI, Yuneec, Parrot, Syma i wiele innych, a tak\u017ce kursy i licencje na operatora drona.\" \/>\n<meta property=\"og:url\" content=\"https:\/\/ironsky.pl\/sklep\/produkt\/uchwyt-biurkowy-ugreen-lp142-na-telefon-tablet-czarny\/\" \/>\n<meta property=\"og:site_name\" content=\"IRONSKY.PL Sklep z Dronami\" \/>\n<meta property=\"article:modified_time\" content=\"2026-04-15T08:42:33+00:00\" \/>\n<meta property=\"og:image\" content=\"https:\/\/ironsky.pl\/sklep\/wp-content\/uploads\/2026\/04\/18219_1.jpg\" \/>\n\t<meta property=\"og:image:width\" content=\"800\" \/>\n\t<meta property=\"og:image:height\" content=\"800\" \/>\n\t<meta property=\"og:image:type\" content=\"image\/jpeg\" \/>\n<meta name=\"twitter:card\" content=\"summary_large_image\" \/>\n<meta name=\"twitter:label1\" content=\"Szacowany czas czytania\" \/>\n\t<meta name=\"twitter:data1\" content=\"1 minuta\" \/>\n<script type=\"application\/ld+json\" class=\"yoast-schema-graph\">{\"@context\":\"https:\/\/schema.org\",\"@graph\":[{\"@type\":\"WebPage\",\"@id\":\"https:\/\/ironsky.pl\/sklep\/produkt\/uchwyt-biurkowy-ugreen-lp142-na-telefon-tablet-czarny\/\",\"url\":\"https:\/\/ironsky.pl\/sklep\/produkt\/uchwyt-biurkowy-ugreen-lp142-na-telefon-tablet-czarny\/\",\"name\":\"Uchwyt biurkowy UGREEN LP142 na telefon\/tablet (czarny) - IRONSKY.PL Sklep z Dronami\",\"isPartOf\":{\"@id\":\"https:\/\/ironsky.pl\/sklep\/#website\"},\"primaryImageOfPage\":{\"@id\":\"https:\/\/ironsky.pl\/sklep\/produkt\/uchwyt-biurkowy-ugreen-lp142-na-telefon-tablet-czarny\/#primaryimage\"},\"image\":{\"@id\":\"https:\/\/ironsky.pl\/sklep\/produkt\/uchwyt-biurkowy-ugreen-lp142-na-telefon-tablet-czarny\/#primaryimage\"},\"thumbnailUrl\":\"https:\/\/ironsky.pl\/sklep\/wp-content\/uploads\/2026\/04\/18219_1.jpg\",\"datePublished\":\"2026-04-15T08:03:13+00:00\",\"dateModified\":\"2026-04-15T08:42:33+00:00\",\"description\":\"Uchwyt biurkowy UGREEN LP142 na telefon\/tablet (czarny) - \u2705 sklep z dronami i fachowym doradztwem. \u2705 Tutaj kupisz produkty DJI, Yuneec, Parrot, Syma i wiele innych, a tak\u017ce kursy i licencje na operatora drona.\",\"breadcrumb\":{\"@id\":\"https:\/\/ironsky.pl\/sklep\/produkt\/uchwyt-biurkowy-ugreen-lp142-na-telefon-tablet-czarny\/#breadcrumb\"},\"inLanguage\":\"pl-PL\",\"potentialAction\":[{\"@type\":\"ReadAction\",\"target\":[\"https:\/\/ironsky.pl\/sklep\/produkt\/uchwyt-biurkowy-ugreen-lp142-na-telefon-tablet-czarny\/\"]}]},{\"@type\":\"ImageObject\",\"inLanguage\":\"pl-PL\",\"@id\":\"https:\/\/ironsky.pl\/sklep\/produkt\/uchwyt-biurkowy-ugreen-lp142-na-telefon-tablet-czarny\/#primaryimage\",\"url\":\"https:\/\/ironsky.pl\/sklep\/wp-content\/uploads\/2026\/04\/18219_1.jpg\",\"contentUrl\":\"https:\/\/ironsky.pl\/sklep\/wp-content\/uploads\/2026\/04\/18219_1.jpg\",\"width\":800,\"height\":800},{\"@type\":\"BreadcrumbList\",\"@id\":\"https:\/\/ironsky.pl\/sklep\/produkt\/uchwyt-biurkowy-ugreen-lp142-na-telefon-tablet-czarny\/#breadcrumb\",\"itemListElement\":[{\"@type\":\"ListItem\",\"position\":1,\"name\":\"Strona g\u0142\u00f3wna\",\"item\":\"https:\/\/ironsky.pl\/sklep\/\"},{\"@type\":\"ListItem\",\"position\":2,\"name\":\"Wszystkie produkty\",\"item\":\"https:\/\/ironsky.pl\/sklep\/produkty\/\"},{\"@type\":\"ListItem\",\"position\":3,\"name\":\"Uchwyt biurkowy UGREEN LP142 na telefon\/tablet (czarny)\"}]},{\"@type\":\"WebSite\",\"@id\":\"https:\/\/ironsky.pl\/sklep\/#website\",\"url\":\"https:\/\/ironsky.pl\/sklep\/\",\"name\":\"IRONSKY.PL Sklep z Dronami\",\"description\":\"IRONSKY.PL Sklep z Dronami\",\"potentialAction\":[{\"@type\":\"SearchAction\",\"target\":{\"@type\":\"EntryPoint\",\"urlTemplate\":\"https:\/\/ironsky.pl\/sklep\/?s={search_term_string}\"},\"query-input\":{\"@type\":\"PropertyValueSpecification\",\"valueRequired\":true,\"valueName\":\"search_term_string\"}}],\"inLanguage\":\"pl-PL\"}]}<\/script>\n<!-- \/ Yoast SEO plugin. -->","yoast_head_json":{"title":"Uchwyt biurkowy UGREEN LP142 na telefon\/tablet (czarny) - IRONSKY.PL Sklep z Dronami","description":"Uchwyt biurkowy UGREEN LP142 na telefon\/tablet (czarny) - \u2705 sklep z dronami i fachowym doradztwem. \u2705 Tutaj kupisz produkty DJI, Yuneec, Parrot, Syma i wiele innych, a tak\u017ce kursy i licencje na operatora drona.","robots":{"index":"index","follow":"follow","max-snippet":"max-snippet:-1","max-image-preview":"max-image-preview:large","max-video-preview":"max-video-preview:-1"},"canonical":"https:\/\/ironsky.pl\/sklep\/produkt\/uchwyt-biurkowy-ugreen-lp142-na-telefon-tablet-czarny\/","og_locale":"pl_PL","og_type":"article","og_title":"Uchwyt biurkowy UGREEN LP142 na telefon\/tablet (czarny) - IRONSKY.PL Sklep z Dronami","og_description":"Uchwyt biurkowy UGREEN LP142 na telefon\/tablet (czarny) - \u2705 sklep z dronami i fachowym doradztwem. \u2705 Tutaj kupisz produkty DJI, Yuneec, Parrot, Syma i wiele innych, a tak\u017ce kursy i licencje na operatora drona.","og_url":"https:\/\/ironsky.pl\/sklep\/produkt\/uchwyt-biurkowy-ugreen-lp142-na-telefon-tablet-czarny\/","og_site_name":"IRONSKY.PL Sklep z Dronami","article_modified_time":"2026-04-15T08:42:33+00:00","og_image":[{"width":800,"height":800,"url":"https:\/\/ironsky.pl\/sklep\/wp-content\/uploads\/2026\/04\/18219_1.jpg","type":"image\/jpeg"}],"twitter_card":"summary_large_image","twitter_misc":{"Szacowany czas czytania":"1 minuta"},"schema":{"@context":"https:\/\/schema.org","@graph":[{"@type":"WebPage","@id":"https:\/\/ironsky.pl\/sklep\/produkt\/uchwyt-biurkowy-ugreen-lp142-na-telefon-tablet-czarny\/","url":"https:\/\/ironsky.pl\/sklep\/produkt\/uchwyt-biurkowy-ugreen-lp142-na-telefon-tablet-czarny\/","name":"Uchwyt biurkowy UGREEN LP142 na telefon\/tablet (czarny) - IRONSKY.PL Sklep z Dronami","isPartOf":{"@id":"https:\/\/ironsky.pl\/sklep\/#website"},"primaryImageOfPage":{"@id":"https:\/\/ironsky.pl\/sklep\/produkt\/uchwyt-biurkowy-ugreen-lp142-na-telefon-tablet-czarny\/#primaryimage"},"image":{"@id":"https:\/\/ironsky.pl\/sklep\/produkt\/uchwyt-biurkowy-ugreen-lp142-na-telefon-tablet-czarny\/#primaryimage"},"thumbnailUrl":"https:\/\/ironsky.pl\/sklep\/wp-content\/uploads\/2026\/04\/18219_1.jpg","datePublished":"2026-04-15T08:03:13+00:00","dateModified":"2026-04-15T08:42:33+00:00","description":"Uchwyt biurkowy UGREEN LP142 na telefon\/tablet (czarny) - \u2705 sklep z dronami i fachowym doradztwem. \u2705 Tutaj kupisz produkty DJI, Yuneec, Parrot, Syma i wiele innych, a tak\u017ce kursy i licencje na operatora drona.","breadcrumb":{"@id":"https:\/\/ironsky.pl\/sklep\/produkt\/uchwyt-biurkowy-ugreen-lp142-na-telefon-tablet-czarny\/#breadcrumb"},"inLanguage":"pl-PL","potentialAction":[{"@type":"ReadAction","target":["https:\/\/ironsky.pl\/sklep\/produkt\/uchwyt-biurkowy-ugreen-lp142-na-telefon-tablet-czarny\/"]}]},{"@type":"ImageObject","inLanguage":"pl-PL","@id":"https:\/\/ironsky.pl\/sklep\/produkt\/uchwyt-biurkowy-ugreen-lp142-na-telefon-tablet-czarny\/#primaryimage","url":"https:\/\/ironsky.pl\/sklep\/wp-content\/uploads\/2026\/04\/18219_1.jpg","contentUrl":"https:\/\/ironsky.pl\/sklep\/wp-content\/uploads\/2026\/04\/18219_1.jpg","width":800,"height":800},{"@type":"BreadcrumbList","@id":"https:\/\/ironsky.pl\/sklep\/produkt\/uchwyt-biurkowy-ugreen-lp142-na-telefon-tablet-czarny\/#breadcrumb","itemListElement":[{"@type":"ListItem","position":1,"name":"Strona g\u0142\u00f3wna","item":"https:\/\/ironsky.pl\/sklep\/"},{"@type":"ListItem","position":2,"name":"Wszystkie produkty","item":"https:\/\/ironsky.pl\/sklep\/produkty\/"},{"@type":"ListItem","position":3,"name":"Uchwyt biurkowy UGREEN LP142 na telefon\/tablet (czarny)"}]},{"@type":"WebSite","@id":"https:\/\/ironsky.pl\/sklep\/#website","url":"https:\/\/ironsky.pl\/sklep\/","name":"IRONSKY.PL Sklep z Dronami","description":"IRONSKY.PL Sklep z Dronami","potentialAction":[{"@type":"SearchAction","target":{"@type":"EntryPoint","urlTemplate":"https:\/\/ironsky.pl\/sklep\/?s={search_term_string}"},"query-input":{"@type":"PropertyValueSpecification","valueRequired":true,"valueName":"search_term_string"}}],"inLanguage":"pl-PL"}]}},"_links":{"self":[{"href":"https:\/\/ironsky.pl\/sklep\/wp-json\/wp\/v2\/product\/55357","targetHints":{"allow":["GET"]}}],"collection":[{"href":"https:\/\/ironsky.pl\/sklep\/wp-json\/wp\/v2\/product"}],"about":[{"href":"https:\/\/ironsky.pl\/sklep\/wp-json\/wp\/v2\/types\/product"}],"replies":[{"embeddable":true,"href":"https:\/\/ironsky.pl\/sklep\/wp-json\/wp\/v2\/comments?post=55357"}],"wp:featuredmedia":[{"embeddable":true,"href":"https:\/\/ironsky.pl\/sklep\/wp-json\/wp\/v2\/media\/55358"}],"wp:attachment":[{"href":"https:\/\/ironsky.pl\/sklep\/wp-json\/wp\/v2\/media?parent=55357"}],"wp:term":[{"taxonomy":"product_brand","embeddable":true,"href":"https:\/\/ironsky.pl\/sklep\/wp-json\/wp\/v2\/product_brand?post=55357"},{"taxonomy":"product_cat","embeddable":true,"href":"https:\/\/ironsky.pl\/sklep\/wp-json\/wp\/v2\/product_cat?post=55357"},{"taxonomy":"product_tag","embeddable":true,"href":"https:\/\/ironsky.pl\/sklep\/wp-json\/wp\/v2\/product_tag?post=55357"}],"curies":[{"name":"wp","href":"https:\/\/api.w.org\/{rel}","templated":true}]}}