{"id":55341,"date":"2026-04-15T10:02:58","date_gmt":"2026-04-15T08:02:58","guid":{"rendered":"https:\/\/ironsky.pl\/sklep\/produkt\/adapter-ugreen-cm321-usb-a-sata-2-5-50cm-czarny\/"},"modified":"2026-04-15T10:42:23","modified_gmt":"2026-04-15T08:42:23","slug":"adapter-ugreen-cm321-usb-a-sata-2-5-50cm-czarny","status":"publish","type":"product","link":"https:\/\/ironsky.pl\/sklep\/produkt\/adapter-ugreen-cm321-usb-a-sata-2-5-50cm-czarny\/","title":{"rendered":"Adapter UGREEN CM321 USB-A-SATA 2.5&#8243; 50cm (czarny)"},"content":{"rendered":"<h3>Adapter USB-A do 2,5&#8243; SATA HDD SSD UGREEN<\/h3>\n<p>Efektywna transmisja danych mi\u0119dzy urz\u0105dzeniami z portami USB-A i 2,5&#8243; SATA. Kompatybilne z dyskami SATA o du\u017cych pojemno\u015bciach (nawet do 5TB).<\/p>\n<p><img decoding=\"async\" src=\"https:\/\/b2b.innpro.pl\/data\/include\/cms\/121_Agnieksza\/UGREEN\/Zdj-produktowe-1\/CM321\/CM321-USBUSB-CSATA_14.jpg\"><\/p>\n<h3>Do codziennego u\u017cytku<\/h3>\n<p>Adapter, kt\u00f3ry w \u0142atwy spos\u00f3b umo\u017cliwi Ci prac\u0119 z dyskiem, kopiowanie i odzyskiwanie plik\u00f3w. Nagrywaj i r\u00f3b kopie zapasowe ulubionych seriali, film\u00f3w i muzyki.<\/p>\n<p><img decoding=\"async\" src=\"https:\/\/b2b.innpro.pl\/data\/include\/cms\/121_Agnieksza\/UGREEN\/Zdj-produktowe-1\/CM321\/04-.jpg\"><\/p>\n<h3>Plug&#038;Play<\/h3>\n<p>\u0141atwy i intuicyjny monta\u017c pozwoli Ci na pod\u0142\u0105czenie konsoli, routera, laptopa czy telewizora. Tryb &#8222;Auto Sleep&#8221; pozwala na oszcz\u0119dzanie energii, gdy akurat nie korzystasz z dysku. Dioda LED informuje o statusie pracy urz\u0105dzenia. Za\u0142\u0105czony kabel USB jest wykonany z wysokiej jako\u015bci, elastycznego materia\u0142u.<\/p>\n<p><img decoding=\"async\" src=\"https:\/\/b2b.innpro.pl\/data\/include\/cms\/121_Agnieksza\/UGREEN\/Zdj-produktowe-1\/CM321\/02-.jpg\"><\/p>\n<h3>Pewny i bezpieczny<\/h3>\n<p>Stworzony dla stabilnej, szybkiej i bezpiecznej transmisji danych. Szereg zabezpiecze\u0144 chroni zar\u00f3wno urz\u0105dzenie jak i dysk. Nie musisz obawia\u0107 si\u0119 przegrzania, przepiecia czy za du\u017cego napi\u0119cia pr\u0105du.<\/p>\n<p><img decoding=\"async\" src=\"https:\/\/b2b.innpro.pl\/data\/include\/cms\/121_Agnieksza\/UGREEN\/Zdj-produktowe-1\/CM321\/06-.jpg\"><\/p>\n<div class=\"table-wrapper\">\n<table style=\"height: 352px;\" width=\"665\">\n<tbody>\n<tr>\n<td><strong><span>Producent<\/span><\/strong><\/td>\n<td><span>UGREEN<\/span><\/td>\n<\/tr>\n<tr>\n<td><strong><span>Model<\/span><\/strong><\/td>\n<td><span>CM321<\/span><\/td>\n<\/tr>\n<tr>\n<td><strong><span>Kod produktu<\/span><\/strong><\/td>\n<td><span>70609<\/span><\/td>\n<\/tr>\n<tr>\n<td><strong><span>Interfejs<\/span><\/strong><\/td>\n<td><span>USB 3.0<\/span><\/td>\n<\/tr>\n<tr>\n<td><strong><span>Kompatybilny<\/span><\/strong><\/td>\n<td><span>2.5&#8243; SSD \/ HDD<\/span><\/td>\n<\/tr>\n<tr>\n<td><strong><span>Pr\u0119dko\u015b\u0107 transmisji<\/span><\/strong><\/td>\n<td><span>5Gbps<\/span><\/td>\n<\/tr>\n<tr>\n<td><strong><span>Kolor<\/span><\/strong><\/td>\n<td><span>Czarny<\/span><\/td>\n<\/tr>\n<tr>\n<td><strong><span>D\u0142ugo\u015b\u0107 przewodu<\/span><\/strong><\/td>\n<td><span>50 cm<\/span><\/td>\n<\/tr>\n<\/tbody>\n<\/table>\n<\/div>\n","protected":false},"excerpt":{"rendered":"<p>Adapter USB-A do 2,5&#8243; SATA HDD SSD UGREEN Efektywna transmisja danych mi\u0119dzy urz\u0105dzeniami z portami USB-A i 2,5&#8243; SATA. Kompatybilne<\/p>\n","protected":false},"featured_media":40952,"comment_status":"closed","ping_status":"open","template":"","meta":{"_acf_changed":false},"product_brand":[],"product_cat":[5930,5929],"product_tag":[],"class_list":{"0":"post-55341","1":"product","2":"type-product","3":"status-publish","4":"has-post-thumbnail","6":"product_cat-adaptery-przejsciowki-konwertery","7":"product_cat-akcesoria-it","8":"pa_okres-gwarancji-5757","9":"pa_producent-ugreen","11":"first","12":"outofstock","13":"taxable","14":"shipping-taxable","15":"purchasable","16":"product-type-simple"},"acf":[],"yoast_head":"<!-- This site is optimized with the Yoast SEO plugin v27.2 - https:\/\/yoast.com\/product\/yoast-seo-wordpress\/ -->\n<title>Adapter UGREEN CM321 USB-A-SATA 2.5&quot; 50cm (czarny) - IRONSKY.PL Sklep z Dronami<\/title>\n<meta name=\"description\" content=\"Adapter UGREEN CM321 USB-A-SATA 2.5&quot; 50cm (czarny) - \u2705 sklep z dronami i fachowym doradztwem. \u2705 Tutaj kupisz produkty DJI, Yuneec, Parrot, Syma i wiele innych, a tak\u017ce kursy i licencje na operatora drona.\" \/>\n<meta name=\"robots\" content=\"index, follow, max-snippet:-1, max-image-preview:large, max-video-preview:-1\" \/>\n<link rel=\"canonical\" href=\"https:\/\/ironsky.pl\/sklep\/produkt\/adapter-ugreen-cm321-usb-a-sata-2-5-50cm-czarny\/\" \/>\n<meta property=\"og:locale\" content=\"pl_PL\" \/>\n<meta property=\"og:type\" content=\"article\" \/>\n<meta property=\"og:title\" content=\"Adapter UGREEN CM321 USB-A-SATA 2.5&quot; 50cm (czarny) - IRONSKY.PL Sklep z Dronami\" \/>\n<meta property=\"og:description\" content=\"Adapter UGREEN CM321 USB-A-SATA 2.5&quot; 50cm (czarny) - \u2705 sklep z dronami i fachowym doradztwem. \u2705 Tutaj kupisz produkty DJI, Yuneec, Parrot, Syma i wiele innych, a tak\u017ce kursy i licencje na operatora drona.\" \/>\n<meta property=\"og:url\" content=\"https:\/\/ironsky.pl\/sklep\/produkt\/adapter-ugreen-cm321-usb-a-sata-2-5-50cm-czarny\/\" \/>\n<meta property=\"og:site_name\" content=\"IRONSKY.PL Sklep z Dronami\" \/>\n<meta property=\"article:modified_time\" content=\"2026-04-15T08:42:23+00:00\" \/>\n<meta property=\"og:image\" content=\"https:\/\/ironsky.pl\/sklep\/wp-content\/uploads\/2025\/06\/18179_1.jpg\" \/>\n\t<meta property=\"og:image:width\" content=\"800\" \/>\n\t<meta property=\"og:image:height\" content=\"800\" \/>\n\t<meta property=\"og:image:type\" content=\"image\/jpeg\" \/>\n<meta name=\"twitter:card\" content=\"summary_large_image\" \/>\n<meta name=\"twitter:label1\" content=\"Szacowany czas czytania\" \/>\n\t<meta name=\"twitter:data1\" content=\"1 minuta\" \/>\n<script type=\"application\/ld+json\" class=\"yoast-schema-graph\">{\"@context\":\"https:\/\/schema.org\",\"@graph\":[{\"@type\":\"WebPage\",\"@id\":\"https:\/\/ironsky.pl\/sklep\/produkt\/adapter-ugreen-cm321-usb-a-sata-2-5-50cm-czarny\/\",\"url\":\"https:\/\/ironsky.pl\/sklep\/produkt\/adapter-ugreen-cm321-usb-a-sata-2-5-50cm-czarny\/\",\"name\":\"Adapter UGREEN CM321 USB-A-SATA 2.5\\\" 50cm (czarny) - IRONSKY.PL Sklep z Dronami\",\"isPartOf\":{\"@id\":\"https:\/\/ironsky.pl\/sklep\/#website\"},\"primaryImageOfPage\":{\"@id\":\"https:\/\/ironsky.pl\/sklep\/produkt\/adapter-ugreen-cm321-usb-a-sata-2-5-50cm-czarny\/#primaryimage\"},\"image\":{\"@id\":\"https:\/\/ironsky.pl\/sklep\/produkt\/adapter-ugreen-cm321-usb-a-sata-2-5-50cm-czarny\/#primaryimage\"},\"thumbnailUrl\":\"https:\/\/ironsky.pl\/sklep\/wp-content\/uploads\/2025\/06\/18179_1.jpg\",\"datePublished\":\"2026-04-15T08:02:58+00:00\",\"dateModified\":\"2026-04-15T08:42:23+00:00\",\"description\":\"Adapter UGREEN CM321 USB-A-SATA 2.5\\\" 50cm (czarny) - \u2705 sklep z dronami i fachowym doradztwem. \u2705 Tutaj kupisz produkty DJI, Yuneec, Parrot, Syma i wiele innych, a tak\u017ce kursy i licencje na operatora drona.\",\"breadcrumb\":{\"@id\":\"https:\/\/ironsky.pl\/sklep\/produkt\/adapter-ugreen-cm321-usb-a-sata-2-5-50cm-czarny\/#breadcrumb\"},\"inLanguage\":\"pl-PL\",\"potentialAction\":[{\"@type\":\"ReadAction\",\"target\":[\"https:\/\/ironsky.pl\/sklep\/produkt\/adapter-ugreen-cm321-usb-a-sata-2-5-50cm-czarny\/\"]}]},{\"@type\":\"ImageObject\",\"inLanguage\":\"pl-PL\",\"@id\":\"https:\/\/ironsky.pl\/sklep\/produkt\/adapter-ugreen-cm321-usb-a-sata-2-5-50cm-czarny\/#primaryimage\",\"url\":\"https:\/\/ironsky.pl\/sklep\/wp-content\/uploads\/2025\/06\/18179_1.jpg\",\"contentUrl\":\"https:\/\/ironsky.pl\/sklep\/wp-content\/uploads\/2025\/06\/18179_1.jpg\",\"width\":800,\"height\":800},{\"@type\":\"BreadcrumbList\",\"@id\":\"https:\/\/ironsky.pl\/sklep\/produkt\/adapter-ugreen-cm321-usb-a-sata-2-5-50cm-czarny\/#breadcrumb\",\"itemListElement\":[{\"@type\":\"ListItem\",\"position\":1,\"name\":\"Strona g\u0142\u00f3wna\",\"item\":\"https:\/\/ironsky.pl\/sklep\/\"},{\"@type\":\"ListItem\",\"position\":2,\"name\":\"Wszystkie produkty\",\"item\":\"https:\/\/ironsky.pl\/sklep\/produkty\/\"},{\"@type\":\"ListItem\",\"position\":3,\"name\":\"Adapter UGREEN CM321 USB-A-SATA 2.5&#8243; 50cm (czarny)\"}]},{\"@type\":\"WebSite\",\"@id\":\"https:\/\/ironsky.pl\/sklep\/#website\",\"url\":\"https:\/\/ironsky.pl\/sklep\/\",\"name\":\"IRONSKY.PL Sklep z Dronami\",\"description\":\"IRONSKY.PL Sklep z Dronami\",\"potentialAction\":[{\"@type\":\"SearchAction\",\"target\":{\"@type\":\"EntryPoint\",\"urlTemplate\":\"https:\/\/ironsky.pl\/sklep\/?s={search_term_string}\"},\"query-input\":{\"@type\":\"PropertyValueSpecification\",\"valueRequired\":true,\"valueName\":\"search_term_string\"}}],\"inLanguage\":\"pl-PL\"}]}<\/script>\n<!-- \/ Yoast SEO plugin. -->","yoast_head_json":{"title":"Adapter UGREEN CM321 USB-A-SATA 2.5\" 50cm (czarny) - IRONSKY.PL Sklep z Dronami","description":"Adapter UGREEN CM321 USB-A-SATA 2.5\" 50cm (czarny) - \u2705 sklep z dronami i fachowym doradztwem. \u2705 Tutaj kupisz produkty DJI, Yuneec, Parrot, Syma i wiele innych, a tak\u017ce kursy i licencje na operatora drona.","robots":{"index":"index","follow":"follow","max-snippet":"max-snippet:-1","max-image-preview":"max-image-preview:large","max-video-preview":"max-video-preview:-1"},"canonical":"https:\/\/ironsky.pl\/sklep\/produkt\/adapter-ugreen-cm321-usb-a-sata-2-5-50cm-czarny\/","og_locale":"pl_PL","og_type":"article","og_title":"Adapter UGREEN CM321 USB-A-SATA 2.5\" 50cm (czarny) - IRONSKY.PL Sklep z Dronami","og_description":"Adapter UGREEN CM321 USB-A-SATA 2.5\" 50cm (czarny) - \u2705 sklep z dronami i fachowym doradztwem. \u2705 Tutaj kupisz produkty DJI, Yuneec, Parrot, Syma i wiele innych, a tak\u017ce kursy i licencje na operatora drona.","og_url":"https:\/\/ironsky.pl\/sklep\/produkt\/adapter-ugreen-cm321-usb-a-sata-2-5-50cm-czarny\/","og_site_name":"IRONSKY.PL Sklep z Dronami","article_modified_time":"2026-04-15T08:42:23+00:00","og_image":[{"width":800,"height":800,"url":"https:\/\/ironsky.pl\/sklep\/wp-content\/uploads\/2025\/06\/18179_1.jpg","type":"image\/jpeg"}],"twitter_card":"summary_large_image","twitter_misc":{"Szacowany czas czytania":"1 minuta"},"schema":{"@context":"https:\/\/schema.org","@graph":[{"@type":"WebPage","@id":"https:\/\/ironsky.pl\/sklep\/produkt\/adapter-ugreen-cm321-usb-a-sata-2-5-50cm-czarny\/","url":"https:\/\/ironsky.pl\/sklep\/produkt\/adapter-ugreen-cm321-usb-a-sata-2-5-50cm-czarny\/","name":"Adapter UGREEN CM321 USB-A-SATA 2.5\" 50cm (czarny) - IRONSKY.PL Sklep z Dronami","isPartOf":{"@id":"https:\/\/ironsky.pl\/sklep\/#website"},"primaryImageOfPage":{"@id":"https:\/\/ironsky.pl\/sklep\/produkt\/adapter-ugreen-cm321-usb-a-sata-2-5-50cm-czarny\/#primaryimage"},"image":{"@id":"https:\/\/ironsky.pl\/sklep\/produkt\/adapter-ugreen-cm321-usb-a-sata-2-5-50cm-czarny\/#primaryimage"},"thumbnailUrl":"https:\/\/ironsky.pl\/sklep\/wp-content\/uploads\/2025\/06\/18179_1.jpg","datePublished":"2026-04-15T08:02:58+00:00","dateModified":"2026-04-15T08:42:23+00:00","description":"Adapter UGREEN CM321 USB-A-SATA 2.5\" 50cm (czarny) - \u2705 sklep z dronami i fachowym doradztwem. \u2705 Tutaj kupisz produkty DJI, Yuneec, Parrot, Syma i wiele innych, a tak\u017ce kursy i licencje na operatora drona.","breadcrumb":{"@id":"https:\/\/ironsky.pl\/sklep\/produkt\/adapter-ugreen-cm321-usb-a-sata-2-5-50cm-czarny\/#breadcrumb"},"inLanguage":"pl-PL","potentialAction":[{"@type":"ReadAction","target":["https:\/\/ironsky.pl\/sklep\/produkt\/adapter-ugreen-cm321-usb-a-sata-2-5-50cm-czarny\/"]}]},{"@type":"ImageObject","inLanguage":"pl-PL","@id":"https:\/\/ironsky.pl\/sklep\/produkt\/adapter-ugreen-cm321-usb-a-sata-2-5-50cm-czarny\/#primaryimage","url":"https:\/\/ironsky.pl\/sklep\/wp-content\/uploads\/2025\/06\/18179_1.jpg","contentUrl":"https:\/\/ironsky.pl\/sklep\/wp-content\/uploads\/2025\/06\/18179_1.jpg","width":800,"height":800},{"@type":"BreadcrumbList","@id":"https:\/\/ironsky.pl\/sklep\/produkt\/adapter-ugreen-cm321-usb-a-sata-2-5-50cm-czarny\/#breadcrumb","itemListElement":[{"@type":"ListItem","position":1,"name":"Strona g\u0142\u00f3wna","item":"https:\/\/ironsky.pl\/sklep\/"},{"@type":"ListItem","position":2,"name":"Wszystkie produkty","item":"https:\/\/ironsky.pl\/sklep\/produkty\/"},{"@type":"ListItem","position":3,"name":"Adapter UGREEN CM321 USB-A-SATA 2.5&#8243; 50cm (czarny)"}]},{"@type":"WebSite","@id":"https:\/\/ironsky.pl\/sklep\/#website","url":"https:\/\/ironsky.pl\/sklep\/","name":"IRONSKY.PL Sklep z Dronami","description":"IRONSKY.PL Sklep z Dronami","potentialAction":[{"@type":"SearchAction","target":{"@type":"EntryPoint","urlTemplate":"https:\/\/ironsky.pl\/sklep\/?s={search_term_string}"},"query-input":{"@type":"PropertyValueSpecification","valueRequired":true,"valueName":"search_term_string"}}],"inLanguage":"pl-PL"}]}},"_links":{"self":[{"href":"https:\/\/ironsky.pl\/sklep\/wp-json\/wp\/v2\/product\/55341","targetHints":{"allow":["GET"]}}],"collection":[{"href":"https:\/\/ironsky.pl\/sklep\/wp-json\/wp\/v2\/product"}],"about":[{"href":"https:\/\/ironsky.pl\/sklep\/wp-json\/wp\/v2\/types\/product"}],"replies":[{"embeddable":true,"href":"https:\/\/ironsky.pl\/sklep\/wp-json\/wp\/v2\/comments?post=55341"}],"wp:featuredmedia":[{"embeddable":true,"href":"https:\/\/ironsky.pl\/sklep\/wp-json\/wp\/v2\/media\/40952"}],"wp:attachment":[{"href":"https:\/\/ironsky.pl\/sklep\/wp-json\/wp\/v2\/media?parent=55341"}],"wp:term":[{"taxonomy":"product_brand","embeddable":true,"href":"https:\/\/ironsky.pl\/sklep\/wp-json\/wp\/v2\/product_brand?post=55341"},{"taxonomy":"product_cat","embeddable":true,"href":"https:\/\/ironsky.pl\/sklep\/wp-json\/wp\/v2\/product_cat?post=55341"},{"taxonomy":"product_tag","embeddable":true,"href":"https:\/\/ironsky.pl\/sklep\/wp-json\/wp\/v2\/product_tag?post=55341"}],"curies":[{"name":"wp","href":"https:\/\/api.w.org\/{rel}","templated":true}]}}