{"id":55339,"date":"2026-04-15T10:02:58","date_gmt":"2026-04-15T08:02:58","guid":{"rendered":"https:\/\/ironsky.pl\/sklep\/produkt\/przelacznik-kvm-ugreen-30345-2x1-usb-2-0-czarny\/"},"modified":"2026-04-15T10:42:21","modified_gmt":"2026-04-15T08:42:21","slug":"przelacznik-kvm-ugreen-30345-2x1-usb-2-0-czarny","status":"publish","type":"product","link":"https:\/\/ironsky.pl\/sklep\/produkt\/przelacznik-kvm-ugreen-30345-2x1-usb-2-0-czarny\/","title":{"rendered":"Prze\u0142\u0105cznik KVM UGREEN 30345 2&#215;1 USB 2.0 (czarny)"},"content":{"rendered":"<h3>Wysokiej jako\u015bci prze\u0142\u0105cznik USB\u00a0UGREEN<\/h3>\n<p>Prze\u0142\u0105cznik UGREEN to funkcjonalny adapter, posiadaj\u0105cy\u00a0dwa wej\u015bcia USB 2.0 typu B i jeden port\u00a0USB 2.0 typu A. Pozwala\u00a0dzieli\u0107 dost\u0119p do\u00a0jednego urz\u0105dzenia\u00a0USB pomi\u0119dzy dwa komputery.\u00a0Idealne rozwi\u0105zanie dla os\u00f3b\u00a0potrzebuj\u0105cych dzieli\u0107 np. drukark\u0119 USB pomi\u0119dzy dwoma komputerami.\u00a0<\/p>\n<p><img decoding=\"async\" src=\"https:\/\/b2b.innpro.pl\/data\/include\/cms\/6Kuba\/Ugreen\/30345\/30345-02.jpg\"><\/p>\n<h3>Sprawna kontrola i wielofunkcyjno\u015b\u0107<\/h3>\n<p>Dzi\u0119ki mo\u017cliwo\u015bci zarz\u0105dzania plikami z dw\u00f3ch komputer\u00f3w jednocze\u015bnie mo\u017cesz w \u0142atwy i szybki spos\u00f3b sterowa\u0107 nimi pomi\u0119dzy urz\u0105dzeniami. Adapter daje mo\u017cliwo\u015b\u0107 pod\u0142\u0105czenia urz\u0105dzenia lub no\u015bnika pami\u0119ci posiadaj\u0105cych ko\u0144c\u00f3wk\u0119 USB.<\/p>\n<p><img decoding=\"async\" src=\"https:\/\/b2b.innpro.pl\/data\/include\/cms\/6Kuba\/Ugreen\/30345\/30345-05.jpg\"><\/p>\n<div class=\"table-wrapper\">\n<table class=\"table-specs\">\n<tbody>\n<tr>\n<th><span>Model<\/span><\/th>\n<td><span>30345<\/span><\/td>\n<\/tr>\n<tr>\n<th><span>Interfejsy<\/span><\/th>\n<td><span>1x USB 2.0 typu A, 2x USB 2.0 typu B<\/span><\/td>\n<\/tr>\n<tr>\n<th><span>Materia\u0142<\/span><\/th>\n<td><span>Tworzywo sztuczne<\/span><\/td>\n<\/tr>\n<tr>\n<th><span>Pr\u0119dko\u015b\u0107 przesy\u0142u danych<\/span><\/th>\n<td><span>do 480 Mb\/s<\/span><\/td>\n<\/tr>\n<tr>\n<th><span>Kolor<\/span><\/th>\n<td><span>Czarny<\/span><\/td>\n<\/tr>\n<tr>\n<th><span>Za\u0142\u0105czone akcesoria<\/span><\/th>\n<td><span>2x kabel USB 2.0<\/span><\/td>\n<\/tr>\n<\/tbody>\n<\/table>\n<\/div>\n","protected":false},"excerpt":{"rendered":"<p>Wysokiej jako\u015bci prze\u0142\u0105cznik USB\u00a0UGREEN Prze\u0142\u0105cznik UGREEN to funkcjonalny adapter, posiadaj\u0105cy\u00a0dwa wej\u015bcia USB 2.0 typu B i jeden port\u00a0USB 2.0 typu<\/p>\n","protected":false},"featured_media":40945,"comment_status":"closed","ping_status":"open","template":"","meta":{"_acf_changed":false},"product_brand":[],"product_cat":[5930,5929],"product_tag":[],"class_list":{"0":"post-55339","1":"product","2":"type-product","3":"status-publish","4":"has-post-thumbnail","6":"product_cat-adaptery-przejsciowki-konwertery","7":"product_cat-akcesoria-it","8":"pa_okres-gwarancji-5757","9":"pa_producent-ugreen","11":"first","12":"outofstock","13":"taxable","14":"shipping-taxable","15":"purchasable","16":"product-type-simple"},"acf":[],"yoast_head":"<!-- This site is optimized with the Yoast SEO plugin v27.2 - https:\/\/yoast.com\/product\/yoast-seo-wordpress\/ -->\n<title>Prze\u0142\u0105cznik KVM UGREEN 30345 2x1 USB 2.0 (czarny) - IRONSKY.PL Sklep z Dronami<\/title>\n<meta name=\"description\" content=\"Prze\u0142\u0105cznik KVM UGREEN 30345 2x1 USB 2.0 (czarny) - \u2705 sklep z dronami i fachowym doradztwem. \u2705 Tutaj kupisz produkty DJI, Yuneec, Parrot, Syma i wiele innych, a tak\u017ce kursy i licencje na operatora drona.\" \/>\n<meta name=\"robots\" content=\"index, follow, max-snippet:-1, max-image-preview:large, max-video-preview:-1\" \/>\n<link rel=\"canonical\" href=\"https:\/\/ironsky.pl\/sklep\/produkt\/przelacznik-kvm-ugreen-30345-2x1-usb-2-0-czarny\/\" \/>\n<meta property=\"og:locale\" content=\"pl_PL\" \/>\n<meta property=\"og:type\" content=\"article\" \/>\n<meta property=\"og:title\" content=\"Prze\u0142\u0105cznik KVM UGREEN 30345 2x1 USB 2.0 (czarny) - IRONSKY.PL Sklep z Dronami\" \/>\n<meta property=\"og:description\" content=\"Prze\u0142\u0105cznik KVM UGREEN 30345 2x1 USB 2.0 (czarny) - \u2705 sklep z dronami i fachowym doradztwem. \u2705 Tutaj kupisz produkty DJI, Yuneec, Parrot, Syma i wiele innych, a tak\u017ce kursy i licencje na operatora drona.\" \/>\n<meta property=\"og:url\" content=\"https:\/\/ironsky.pl\/sklep\/produkt\/przelacznik-kvm-ugreen-30345-2x1-usb-2-0-czarny\/\" \/>\n<meta property=\"og:site_name\" content=\"IRONSKY.PL Sklep z Dronami\" \/>\n<meta property=\"article:modified_time\" content=\"2026-04-15T08:42:21+00:00\" \/>\n<meta property=\"og:image\" content=\"https:\/\/ironsky.pl\/sklep\/wp-content\/uploads\/2025\/06\/18171_1.jpg\" \/>\n\t<meta property=\"og:image:width\" content=\"800\" \/>\n\t<meta property=\"og:image:height\" content=\"800\" \/>\n\t<meta property=\"og:image:type\" content=\"image\/jpeg\" \/>\n<meta name=\"twitter:card\" content=\"summary_large_image\" \/>\n<meta name=\"twitter:label1\" content=\"Szacowany czas czytania\" \/>\n\t<meta name=\"twitter:data1\" content=\"1 minuta\" \/>\n<script type=\"application\/ld+json\" class=\"yoast-schema-graph\">{\"@context\":\"https:\/\/schema.org\",\"@graph\":[{\"@type\":\"WebPage\",\"@id\":\"https:\/\/ironsky.pl\/sklep\/produkt\/przelacznik-kvm-ugreen-30345-2x1-usb-2-0-czarny\/\",\"url\":\"https:\/\/ironsky.pl\/sklep\/produkt\/przelacznik-kvm-ugreen-30345-2x1-usb-2-0-czarny\/\",\"name\":\"Prze\u0142\u0105cznik KVM UGREEN 30345 2x1 USB 2.0 (czarny) - IRONSKY.PL Sklep z Dronami\",\"isPartOf\":{\"@id\":\"https:\/\/ironsky.pl\/sklep\/#website\"},\"primaryImageOfPage\":{\"@id\":\"https:\/\/ironsky.pl\/sklep\/produkt\/przelacznik-kvm-ugreen-30345-2x1-usb-2-0-czarny\/#primaryimage\"},\"image\":{\"@id\":\"https:\/\/ironsky.pl\/sklep\/produkt\/przelacznik-kvm-ugreen-30345-2x1-usb-2-0-czarny\/#primaryimage\"},\"thumbnailUrl\":\"https:\/\/ironsky.pl\/sklep\/wp-content\/uploads\/2025\/06\/18171_1.jpg\",\"datePublished\":\"2026-04-15T08:02:58+00:00\",\"dateModified\":\"2026-04-15T08:42:21+00:00\",\"description\":\"Prze\u0142\u0105cznik KVM UGREEN 30345 2x1 USB 2.0 (czarny) - \u2705 sklep z dronami i fachowym doradztwem. \u2705 Tutaj kupisz produkty DJI, Yuneec, Parrot, Syma i wiele innych, a tak\u017ce kursy i licencje na operatora drona.\",\"breadcrumb\":{\"@id\":\"https:\/\/ironsky.pl\/sklep\/produkt\/przelacznik-kvm-ugreen-30345-2x1-usb-2-0-czarny\/#breadcrumb\"},\"inLanguage\":\"pl-PL\",\"potentialAction\":[{\"@type\":\"ReadAction\",\"target\":[\"https:\/\/ironsky.pl\/sklep\/produkt\/przelacznik-kvm-ugreen-30345-2x1-usb-2-0-czarny\/\"]}]},{\"@type\":\"ImageObject\",\"inLanguage\":\"pl-PL\",\"@id\":\"https:\/\/ironsky.pl\/sklep\/produkt\/przelacznik-kvm-ugreen-30345-2x1-usb-2-0-czarny\/#primaryimage\",\"url\":\"https:\/\/ironsky.pl\/sklep\/wp-content\/uploads\/2025\/06\/18171_1.jpg\",\"contentUrl\":\"https:\/\/ironsky.pl\/sklep\/wp-content\/uploads\/2025\/06\/18171_1.jpg\",\"width\":800,\"height\":800},{\"@type\":\"BreadcrumbList\",\"@id\":\"https:\/\/ironsky.pl\/sklep\/produkt\/przelacznik-kvm-ugreen-30345-2x1-usb-2-0-czarny\/#breadcrumb\",\"itemListElement\":[{\"@type\":\"ListItem\",\"position\":1,\"name\":\"Strona g\u0142\u00f3wna\",\"item\":\"https:\/\/ironsky.pl\/sklep\/\"},{\"@type\":\"ListItem\",\"position\":2,\"name\":\"Wszystkie produkty\",\"item\":\"https:\/\/ironsky.pl\/sklep\/produkty\/\"},{\"@type\":\"ListItem\",\"position\":3,\"name\":\"Prze\u0142\u0105cznik KVM UGREEN 30345 2&#215;1 USB 2.0 (czarny)\"}]},{\"@type\":\"WebSite\",\"@id\":\"https:\/\/ironsky.pl\/sklep\/#website\",\"url\":\"https:\/\/ironsky.pl\/sklep\/\",\"name\":\"IRONSKY.PL Sklep z Dronami\",\"description\":\"IRONSKY.PL Sklep z Dronami\",\"potentialAction\":[{\"@type\":\"SearchAction\",\"target\":{\"@type\":\"EntryPoint\",\"urlTemplate\":\"https:\/\/ironsky.pl\/sklep\/?s={search_term_string}\"},\"query-input\":{\"@type\":\"PropertyValueSpecification\",\"valueRequired\":true,\"valueName\":\"search_term_string\"}}],\"inLanguage\":\"pl-PL\"}]}<\/script>\n<!-- \/ Yoast SEO plugin. -->","yoast_head_json":{"title":"Prze\u0142\u0105cznik KVM UGREEN 30345 2x1 USB 2.0 (czarny) - IRONSKY.PL Sklep z Dronami","description":"Prze\u0142\u0105cznik KVM UGREEN 30345 2x1 USB 2.0 (czarny) - \u2705 sklep z dronami i fachowym doradztwem. \u2705 Tutaj kupisz produkty DJI, Yuneec, Parrot, Syma i wiele innych, a tak\u017ce kursy i licencje na operatora drona.","robots":{"index":"index","follow":"follow","max-snippet":"max-snippet:-1","max-image-preview":"max-image-preview:large","max-video-preview":"max-video-preview:-1"},"canonical":"https:\/\/ironsky.pl\/sklep\/produkt\/przelacznik-kvm-ugreen-30345-2x1-usb-2-0-czarny\/","og_locale":"pl_PL","og_type":"article","og_title":"Prze\u0142\u0105cznik KVM UGREEN 30345 2x1 USB 2.0 (czarny) - IRONSKY.PL Sklep z Dronami","og_description":"Prze\u0142\u0105cznik KVM UGREEN 30345 2x1 USB 2.0 (czarny) - \u2705 sklep z dronami i fachowym doradztwem. \u2705 Tutaj kupisz produkty DJI, Yuneec, Parrot, Syma i wiele innych, a tak\u017ce kursy i licencje na operatora drona.","og_url":"https:\/\/ironsky.pl\/sklep\/produkt\/przelacznik-kvm-ugreen-30345-2x1-usb-2-0-czarny\/","og_site_name":"IRONSKY.PL Sklep z Dronami","article_modified_time":"2026-04-15T08:42:21+00:00","og_image":[{"width":800,"height":800,"url":"https:\/\/ironsky.pl\/sklep\/wp-content\/uploads\/2025\/06\/18171_1.jpg","type":"image\/jpeg"}],"twitter_card":"summary_large_image","twitter_misc":{"Szacowany czas czytania":"1 minuta"},"schema":{"@context":"https:\/\/schema.org","@graph":[{"@type":"WebPage","@id":"https:\/\/ironsky.pl\/sklep\/produkt\/przelacznik-kvm-ugreen-30345-2x1-usb-2-0-czarny\/","url":"https:\/\/ironsky.pl\/sklep\/produkt\/przelacznik-kvm-ugreen-30345-2x1-usb-2-0-czarny\/","name":"Prze\u0142\u0105cznik KVM UGREEN 30345 2x1 USB 2.0 (czarny) - IRONSKY.PL Sklep z Dronami","isPartOf":{"@id":"https:\/\/ironsky.pl\/sklep\/#website"},"primaryImageOfPage":{"@id":"https:\/\/ironsky.pl\/sklep\/produkt\/przelacznik-kvm-ugreen-30345-2x1-usb-2-0-czarny\/#primaryimage"},"image":{"@id":"https:\/\/ironsky.pl\/sklep\/produkt\/przelacznik-kvm-ugreen-30345-2x1-usb-2-0-czarny\/#primaryimage"},"thumbnailUrl":"https:\/\/ironsky.pl\/sklep\/wp-content\/uploads\/2025\/06\/18171_1.jpg","datePublished":"2026-04-15T08:02:58+00:00","dateModified":"2026-04-15T08:42:21+00:00","description":"Prze\u0142\u0105cznik KVM UGREEN 30345 2x1 USB 2.0 (czarny) - \u2705 sklep z dronami i fachowym doradztwem. \u2705 Tutaj kupisz produkty DJI, Yuneec, Parrot, Syma i wiele innych, a tak\u017ce kursy i licencje na operatora drona.","breadcrumb":{"@id":"https:\/\/ironsky.pl\/sklep\/produkt\/przelacznik-kvm-ugreen-30345-2x1-usb-2-0-czarny\/#breadcrumb"},"inLanguage":"pl-PL","potentialAction":[{"@type":"ReadAction","target":["https:\/\/ironsky.pl\/sklep\/produkt\/przelacznik-kvm-ugreen-30345-2x1-usb-2-0-czarny\/"]}]},{"@type":"ImageObject","inLanguage":"pl-PL","@id":"https:\/\/ironsky.pl\/sklep\/produkt\/przelacznik-kvm-ugreen-30345-2x1-usb-2-0-czarny\/#primaryimage","url":"https:\/\/ironsky.pl\/sklep\/wp-content\/uploads\/2025\/06\/18171_1.jpg","contentUrl":"https:\/\/ironsky.pl\/sklep\/wp-content\/uploads\/2025\/06\/18171_1.jpg","width":800,"height":800},{"@type":"BreadcrumbList","@id":"https:\/\/ironsky.pl\/sklep\/produkt\/przelacznik-kvm-ugreen-30345-2x1-usb-2-0-czarny\/#breadcrumb","itemListElement":[{"@type":"ListItem","position":1,"name":"Strona g\u0142\u00f3wna","item":"https:\/\/ironsky.pl\/sklep\/"},{"@type":"ListItem","position":2,"name":"Wszystkie produkty","item":"https:\/\/ironsky.pl\/sklep\/produkty\/"},{"@type":"ListItem","position":3,"name":"Prze\u0142\u0105cznik KVM UGREEN 30345 2&#215;1 USB 2.0 (czarny)"}]},{"@type":"WebSite","@id":"https:\/\/ironsky.pl\/sklep\/#website","url":"https:\/\/ironsky.pl\/sklep\/","name":"IRONSKY.PL Sklep z Dronami","description":"IRONSKY.PL Sklep z Dronami","potentialAction":[{"@type":"SearchAction","target":{"@type":"EntryPoint","urlTemplate":"https:\/\/ironsky.pl\/sklep\/?s={search_term_string}"},"query-input":{"@type":"PropertyValueSpecification","valueRequired":true,"valueName":"search_term_string"}}],"inLanguage":"pl-PL"}]}},"_links":{"self":[{"href":"https:\/\/ironsky.pl\/sklep\/wp-json\/wp\/v2\/product\/55339","targetHints":{"allow":["GET"]}}],"collection":[{"href":"https:\/\/ironsky.pl\/sklep\/wp-json\/wp\/v2\/product"}],"about":[{"href":"https:\/\/ironsky.pl\/sklep\/wp-json\/wp\/v2\/types\/product"}],"replies":[{"embeddable":true,"href":"https:\/\/ironsky.pl\/sklep\/wp-json\/wp\/v2\/comments?post=55339"}],"wp:featuredmedia":[{"embeddable":true,"href":"https:\/\/ironsky.pl\/sklep\/wp-json\/wp\/v2\/media\/40945"}],"wp:attachment":[{"href":"https:\/\/ironsky.pl\/sklep\/wp-json\/wp\/v2\/media?parent=55339"}],"wp:term":[{"taxonomy":"product_brand","embeddable":true,"href":"https:\/\/ironsky.pl\/sklep\/wp-json\/wp\/v2\/product_brand?post=55339"},{"taxonomy":"product_cat","embeddable":true,"href":"https:\/\/ironsky.pl\/sklep\/wp-json\/wp\/v2\/product_cat?post=55339"},{"taxonomy":"product_tag","embeddable":true,"href":"https:\/\/ironsky.pl\/sklep\/wp-json\/wp\/v2\/product_tag?post=55339"}],"curies":[{"name":"wp","href":"https:\/\/api.w.org\/{rel}","templated":true}]}}