{"id":55338,"date":"2026-04-15T10:02:18","date_gmt":"2026-04-15T08:02:18","guid":{"rendered":"https:\/\/ironsky.pl\/sklep\/produkt\/czytnik-kart-ugreen-cm180-usb-4w1-sd-microsd-cf-ms-srebrny\/"},"modified":"2026-04-15T10:42:20","modified_gmt":"2026-04-15T08:42:20","slug":"czytnik-kart-ugreen-cm180-usb-4w1-sd-microsd-cf-ms-srebrny","status":"publish","type":"product","link":"https:\/\/ironsky.pl\/sklep\/produkt\/czytnik-kart-ugreen-cm180-usb-4w1-sd-microsd-cf-ms-srebrny\/","title":{"rendered":"Czytnik kart UGREEN CM180 USB 4w1 SD\/microSD\/CF\/MS (srebrny)"},"content":{"rendered":"<h3>Uniwersalny czytnik kart USB 3.0 &#8211; TF, SD, CF, MS<\/h3>\n<p>Jedno urz\u0105dzenie pozwoli Ci na jednoczesny odczyt i zapis danych z kart r\u00f3\u017cnych format\u00f3w, nawet do 512GB. Wspiera UHS-I i UDMA 7. Zaprojektowany z my\u015bl\u0105 o mobilno\u015bci.<\/p>\n<p><img decoding=\"async\" src=\"https:\/\/b2b.innpro.pl\/data\/include\/cms\/121_Agnieksza\/UGREEN\/Zdj-produktowe-1\/CM180\/cm180_01.jpg\"><\/p>\n<h3>Szybka transmisja i technologia Plug&#038;Play<\/h3>\n<p>Oszcz\u0119dzaj czas dzi\u0119ki transmisji a\u017c do 5Gb\/s. Urz\u0105dzenie nie wymaga instalacji dodatkowych sterownik\u00f3w, jest gotowe do u\u017cycia po wyj\u0119ciu z opakowania.<\/p>\n<p><img decoding=\"async\" src=\"https:\/\/b2b.innpro.pl\/data\/include\/cms\/121_Agnieksza\/UGREEN\/Zdj-produktowe-1\/CM180\/cm180_04.jpg\"><\/p>\n<h3>Pozwala na odczyt danych z kart:<\/h3>\n<p>CF, SD (SD, SDXC, SDHC, RS-MMC, MMC MICRO), TF (MICRO SD, MICRO SDXC, MICRO SDHC), MS (MEMORY STICK, MS MICRO M2, MS PRO DUO, MS PRO-HG DUO).<\/p>\n<p><img decoding=\"async\" src=\"https:\/\/b2b.innpro.pl\/data\/include\/cms\/121_Agnieksza\/UGREEN\/Zdj-produktowe-1\/CM180\/cm180_03.jpg\"><\/p>\n<h3>Zaawansowana technologia i wysokiej jako\u015bci materia\u0142y<\/h3>\n<p>Inteligentny chip GL3223 zapewnia stabiln\u0105 i bezpieczn\u0105 transmisj\u0119 danych. Aluminiowa obudowa jest odporna na zarysowania i wytrzyna\u0142a. Tworzywo ABS jest estetyczne i antypo\u015blizgowe.\u00a0Os\u0142ona na wtyczk\u0119 USB 3.0 chroni j\u0105 przed zabrudzeniem i uszkodzeniem, kiedy urz\u0105dzenie nie jest u\u017cytkowane.<\/p>\n<p><img decoding=\"async\" src=\"https:\/\/b2b.innpro.pl\/data\/include\/cms\/121_Agnieksza\/UGREEN\/Zdj-produktowe-1\/CM180\/cm18007.jpg\"><\/p>\n<div class=\"table-wrapper\">\n<table style=\"height: 349px;\" width=\"888\">\n<tbody>\n<tr>\n<td><strong><span>Producent<\/span><\/strong><\/td>\n<td><span>UGREEN<\/span><\/td>\n<\/tr>\n<tr>\n<td><strong><span>Model<\/span><\/strong><\/td>\n<td><span>CM180<\/span><\/td>\n<\/tr>\n<tr>\n<td><strong><span>Kod produktu<\/span><\/strong><\/td>\n<td><span>50541<\/span><\/td>\n<\/tr>\n<tr>\n<td><strong><span>Materia\u0142y<\/span><\/strong><\/td>\n<td><span>Aluminium + ABS<\/span><\/td>\n<\/tr>\n<tr>\n<td><strong><span>Transfer danych<\/span><\/strong><\/td>\n<td><span>5.0 Gb\/s<\/span><\/td>\n<\/tr>\n<tr>\n<td><strong><span>Funkcja Plug&amp;Play<\/span><\/strong><\/td>\n<td><span>Tak<\/span><\/td>\n<\/tr>\n<tr>\n<td><strong><span>Kompatybilno\u015b\u0107\u00a0 \u00a0 \u00a0 \u00a0 \u00a0 \u00a0<\/span><\/strong><\/td>\n<td><span>Windows 10\/8.1\/8\/7\/Vista\/XP, macOS Mojave,macOS High Sierra, Chrome OS, Linux. Tak\u017ce kompatybilny z PS4\/PS3\/Xbox One, Smart TV<\/span><\/td>\n<\/tr>\n<tr>\n<td><strong><span>Wymiary<\/span><\/strong><\/td>\n<td><span>94 x 33 x 13 mm<\/span><\/td>\n<\/tr>\n<\/tbody>\n<\/table>\n<\/div>\n","protected":false},"excerpt":{"rendered":"<p>Uniwersalny czytnik kart USB 3.0 &#8211; TF, SD, CF, MS Jedno urz\u0105dzenie pozwoli Ci na jednoczesny odczyt i zapis danych<\/p>\n","protected":false},"featured_media":40940,"comment_status":"closed","ping_status":"open","template":"","meta":{"_acf_changed":false},"product_brand":[],"product_cat":[5929,5943],"product_tag":[],"class_list":{"0":"post-55338","1":"product","2":"type-product","3":"status-publish","4":"has-post-thumbnail","6":"product_cat-akcesoria-it","7":"product_cat-czytniki-kart","8":"pa_okres-gwarancji-5757","9":"pa_producent-ugreen","11":"first","12":"outofstock","13":"taxable","14":"shipping-taxable","15":"purchasable","16":"product-type-simple"},"acf":[],"yoast_head":"<!-- This site is optimized with the Yoast SEO plugin v27.2 - https:\/\/yoast.com\/product\/yoast-seo-wordpress\/ -->\n<title>Czytnik kart UGREEN CM180 USB 4w1 SD\/microSD\/CF\/MS (srebrny) - IRONSKY.PL Sklep z Dronami<\/title>\n<meta name=\"description\" content=\"Czytnik kart UGREEN CM180 USB 4w1 SD\/microSD\/CF\/MS (srebrny) - \u2705 sklep z dronami i fachowym doradztwem. \u2705 Tutaj kupisz produkty DJI, Yuneec, Parrot, Syma i wiele innych, a tak\u017ce kursy i licencje na operatora drona.\" \/>\n<meta name=\"robots\" content=\"index, follow, max-snippet:-1, max-image-preview:large, max-video-preview:-1\" \/>\n<link rel=\"canonical\" href=\"https:\/\/ironsky.pl\/sklep\/produkt\/czytnik-kart-ugreen-cm180-usb-4w1-sd-microsd-cf-ms-srebrny\/\" \/>\n<meta property=\"og:locale\" content=\"pl_PL\" \/>\n<meta property=\"og:type\" content=\"article\" \/>\n<meta property=\"og:title\" content=\"Czytnik kart UGREEN CM180 USB 4w1 SD\/microSD\/CF\/MS (srebrny) - IRONSKY.PL Sklep z Dronami\" \/>\n<meta property=\"og:description\" content=\"Czytnik kart UGREEN CM180 USB 4w1 SD\/microSD\/CF\/MS (srebrny) - \u2705 sklep z dronami i fachowym doradztwem. \u2705 Tutaj kupisz produkty DJI, Yuneec, Parrot, Syma i wiele innych, a tak\u017ce kursy i licencje na operatora drona.\" \/>\n<meta property=\"og:url\" content=\"https:\/\/ironsky.pl\/sklep\/produkt\/czytnik-kart-ugreen-cm180-usb-4w1-sd-microsd-cf-ms-srebrny\/\" \/>\n<meta property=\"og:site_name\" content=\"IRONSKY.PL Sklep z Dronami\" \/>\n<meta property=\"article:modified_time\" content=\"2026-04-15T08:42:20+00:00\" \/>\n<meta property=\"og:image\" content=\"https:\/\/ironsky.pl\/sklep\/wp-content\/uploads\/2025\/06\/18165_1.jpg\" \/>\n\t<meta property=\"og:image:width\" content=\"800\" \/>\n\t<meta property=\"og:image:height\" content=\"800\" \/>\n\t<meta property=\"og:image:type\" content=\"image\/jpeg\" \/>\n<meta name=\"twitter:card\" content=\"summary_large_image\" \/>\n<meta name=\"twitter:label1\" content=\"Szacowany czas czytania\" \/>\n\t<meta name=\"twitter:data1\" content=\"1 minuta\" \/>\n<script type=\"application\/ld+json\" class=\"yoast-schema-graph\">{\"@context\":\"https:\/\/schema.org\",\"@graph\":[{\"@type\":\"WebPage\",\"@id\":\"https:\/\/ironsky.pl\/sklep\/produkt\/czytnik-kart-ugreen-cm180-usb-4w1-sd-microsd-cf-ms-srebrny\/\",\"url\":\"https:\/\/ironsky.pl\/sklep\/produkt\/czytnik-kart-ugreen-cm180-usb-4w1-sd-microsd-cf-ms-srebrny\/\",\"name\":\"Czytnik kart UGREEN CM180 USB 4w1 SD\/microSD\/CF\/MS (srebrny) - IRONSKY.PL Sklep z Dronami\",\"isPartOf\":{\"@id\":\"https:\/\/ironsky.pl\/sklep\/#website\"},\"primaryImageOfPage\":{\"@id\":\"https:\/\/ironsky.pl\/sklep\/produkt\/czytnik-kart-ugreen-cm180-usb-4w1-sd-microsd-cf-ms-srebrny\/#primaryimage\"},\"image\":{\"@id\":\"https:\/\/ironsky.pl\/sklep\/produkt\/czytnik-kart-ugreen-cm180-usb-4w1-sd-microsd-cf-ms-srebrny\/#primaryimage\"},\"thumbnailUrl\":\"https:\/\/ironsky.pl\/sklep\/wp-content\/uploads\/2025\/06\/18165_1.jpg\",\"datePublished\":\"2026-04-15T08:02:18+00:00\",\"dateModified\":\"2026-04-15T08:42:20+00:00\",\"description\":\"Czytnik kart UGREEN CM180 USB 4w1 SD\/microSD\/CF\/MS (srebrny) - \u2705 sklep z dronami i fachowym doradztwem. \u2705 Tutaj kupisz produkty DJI, Yuneec, Parrot, Syma i wiele innych, a tak\u017ce kursy i licencje na operatora drona.\",\"breadcrumb\":{\"@id\":\"https:\/\/ironsky.pl\/sklep\/produkt\/czytnik-kart-ugreen-cm180-usb-4w1-sd-microsd-cf-ms-srebrny\/#breadcrumb\"},\"inLanguage\":\"pl-PL\",\"potentialAction\":[{\"@type\":\"ReadAction\",\"target\":[\"https:\/\/ironsky.pl\/sklep\/produkt\/czytnik-kart-ugreen-cm180-usb-4w1-sd-microsd-cf-ms-srebrny\/\"]}]},{\"@type\":\"ImageObject\",\"inLanguage\":\"pl-PL\",\"@id\":\"https:\/\/ironsky.pl\/sklep\/produkt\/czytnik-kart-ugreen-cm180-usb-4w1-sd-microsd-cf-ms-srebrny\/#primaryimage\",\"url\":\"https:\/\/ironsky.pl\/sklep\/wp-content\/uploads\/2025\/06\/18165_1.jpg\",\"contentUrl\":\"https:\/\/ironsky.pl\/sklep\/wp-content\/uploads\/2025\/06\/18165_1.jpg\",\"width\":800,\"height\":800},{\"@type\":\"BreadcrumbList\",\"@id\":\"https:\/\/ironsky.pl\/sklep\/produkt\/czytnik-kart-ugreen-cm180-usb-4w1-sd-microsd-cf-ms-srebrny\/#breadcrumb\",\"itemListElement\":[{\"@type\":\"ListItem\",\"position\":1,\"name\":\"Strona g\u0142\u00f3wna\",\"item\":\"https:\/\/ironsky.pl\/sklep\/\"},{\"@type\":\"ListItem\",\"position\":2,\"name\":\"Wszystkie produkty\",\"item\":\"https:\/\/ironsky.pl\/sklep\/produkty\/\"},{\"@type\":\"ListItem\",\"position\":3,\"name\":\"Czytnik kart UGREEN CM180 USB 4w1 SD\/microSD\/CF\/MS (srebrny)\"}]},{\"@type\":\"WebSite\",\"@id\":\"https:\/\/ironsky.pl\/sklep\/#website\",\"url\":\"https:\/\/ironsky.pl\/sklep\/\",\"name\":\"IRONSKY.PL Sklep z Dronami\",\"description\":\"IRONSKY.PL Sklep z Dronami\",\"potentialAction\":[{\"@type\":\"SearchAction\",\"target\":{\"@type\":\"EntryPoint\",\"urlTemplate\":\"https:\/\/ironsky.pl\/sklep\/?s={search_term_string}\"},\"query-input\":{\"@type\":\"PropertyValueSpecification\",\"valueRequired\":true,\"valueName\":\"search_term_string\"}}],\"inLanguage\":\"pl-PL\"}]}<\/script>\n<!-- \/ Yoast SEO plugin. -->","yoast_head_json":{"title":"Czytnik kart UGREEN CM180 USB 4w1 SD\/microSD\/CF\/MS (srebrny) - IRONSKY.PL Sklep z Dronami","description":"Czytnik kart UGREEN CM180 USB 4w1 SD\/microSD\/CF\/MS (srebrny) - \u2705 sklep z dronami i fachowym doradztwem. \u2705 Tutaj kupisz produkty DJI, Yuneec, Parrot, Syma i wiele innych, a tak\u017ce kursy i licencje na operatora drona.","robots":{"index":"index","follow":"follow","max-snippet":"max-snippet:-1","max-image-preview":"max-image-preview:large","max-video-preview":"max-video-preview:-1"},"canonical":"https:\/\/ironsky.pl\/sklep\/produkt\/czytnik-kart-ugreen-cm180-usb-4w1-sd-microsd-cf-ms-srebrny\/","og_locale":"pl_PL","og_type":"article","og_title":"Czytnik kart UGREEN CM180 USB 4w1 SD\/microSD\/CF\/MS (srebrny) - IRONSKY.PL Sklep z Dronami","og_description":"Czytnik kart UGREEN CM180 USB 4w1 SD\/microSD\/CF\/MS (srebrny) - \u2705 sklep z dronami i fachowym doradztwem. \u2705 Tutaj kupisz produkty DJI, Yuneec, Parrot, Syma i wiele innych, a tak\u017ce kursy i licencje na operatora drona.","og_url":"https:\/\/ironsky.pl\/sklep\/produkt\/czytnik-kart-ugreen-cm180-usb-4w1-sd-microsd-cf-ms-srebrny\/","og_site_name":"IRONSKY.PL Sklep z Dronami","article_modified_time":"2026-04-15T08:42:20+00:00","og_image":[{"width":800,"height":800,"url":"https:\/\/ironsky.pl\/sklep\/wp-content\/uploads\/2025\/06\/18165_1.jpg","type":"image\/jpeg"}],"twitter_card":"summary_large_image","twitter_misc":{"Szacowany czas czytania":"1 minuta"},"schema":{"@context":"https:\/\/schema.org","@graph":[{"@type":"WebPage","@id":"https:\/\/ironsky.pl\/sklep\/produkt\/czytnik-kart-ugreen-cm180-usb-4w1-sd-microsd-cf-ms-srebrny\/","url":"https:\/\/ironsky.pl\/sklep\/produkt\/czytnik-kart-ugreen-cm180-usb-4w1-sd-microsd-cf-ms-srebrny\/","name":"Czytnik kart UGREEN CM180 USB 4w1 SD\/microSD\/CF\/MS (srebrny) - IRONSKY.PL Sklep z Dronami","isPartOf":{"@id":"https:\/\/ironsky.pl\/sklep\/#website"},"primaryImageOfPage":{"@id":"https:\/\/ironsky.pl\/sklep\/produkt\/czytnik-kart-ugreen-cm180-usb-4w1-sd-microsd-cf-ms-srebrny\/#primaryimage"},"image":{"@id":"https:\/\/ironsky.pl\/sklep\/produkt\/czytnik-kart-ugreen-cm180-usb-4w1-sd-microsd-cf-ms-srebrny\/#primaryimage"},"thumbnailUrl":"https:\/\/ironsky.pl\/sklep\/wp-content\/uploads\/2025\/06\/18165_1.jpg","datePublished":"2026-04-15T08:02:18+00:00","dateModified":"2026-04-15T08:42:20+00:00","description":"Czytnik kart UGREEN CM180 USB 4w1 SD\/microSD\/CF\/MS (srebrny) - \u2705 sklep z dronami i fachowym doradztwem. \u2705 Tutaj kupisz produkty DJI, Yuneec, Parrot, Syma i wiele innych, a tak\u017ce kursy i licencje na operatora drona.","breadcrumb":{"@id":"https:\/\/ironsky.pl\/sklep\/produkt\/czytnik-kart-ugreen-cm180-usb-4w1-sd-microsd-cf-ms-srebrny\/#breadcrumb"},"inLanguage":"pl-PL","potentialAction":[{"@type":"ReadAction","target":["https:\/\/ironsky.pl\/sklep\/produkt\/czytnik-kart-ugreen-cm180-usb-4w1-sd-microsd-cf-ms-srebrny\/"]}]},{"@type":"ImageObject","inLanguage":"pl-PL","@id":"https:\/\/ironsky.pl\/sklep\/produkt\/czytnik-kart-ugreen-cm180-usb-4w1-sd-microsd-cf-ms-srebrny\/#primaryimage","url":"https:\/\/ironsky.pl\/sklep\/wp-content\/uploads\/2025\/06\/18165_1.jpg","contentUrl":"https:\/\/ironsky.pl\/sklep\/wp-content\/uploads\/2025\/06\/18165_1.jpg","width":800,"height":800},{"@type":"BreadcrumbList","@id":"https:\/\/ironsky.pl\/sklep\/produkt\/czytnik-kart-ugreen-cm180-usb-4w1-sd-microsd-cf-ms-srebrny\/#breadcrumb","itemListElement":[{"@type":"ListItem","position":1,"name":"Strona g\u0142\u00f3wna","item":"https:\/\/ironsky.pl\/sklep\/"},{"@type":"ListItem","position":2,"name":"Wszystkie produkty","item":"https:\/\/ironsky.pl\/sklep\/produkty\/"},{"@type":"ListItem","position":3,"name":"Czytnik kart UGREEN CM180 USB 4w1 SD\/microSD\/CF\/MS (srebrny)"}]},{"@type":"WebSite","@id":"https:\/\/ironsky.pl\/sklep\/#website","url":"https:\/\/ironsky.pl\/sklep\/","name":"IRONSKY.PL Sklep z Dronami","description":"IRONSKY.PL Sklep z Dronami","potentialAction":[{"@type":"SearchAction","target":{"@type":"EntryPoint","urlTemplate":"https:\/\/ironsky.pl\/sklep\/?s={search_term_string}"},"query-input":{"@type":"PropertyValueSpecification","valueRequired":true,"valueName":"search_term_string"}}],"inLanguage":"pl-PL"}]}},"_links":{"self":[{"href":"https:\/\/ironsky.pl\/sklep\/wp-json\/wp\/v2\/product\/55338","targetHints":{"allow":["GET"]}}],"collection":[{"href":"https:\/\/ironsky.pl\/sklep\/wp-json\/wp\/v2\/product"}],"about":[{"href":"https:\/\/ironsky.pl\/sklep\/wp-json\/wp\/v2\/types\/product"}],"replies":[{"embeddable":true,"href":"https:\/\/ironsky.pl\/sklep\/wp-json\/wp\/v2\/comments?post=55338"}],"wp:featuredmedia":[{"embeddable":true,"href":"https:\/\/ironsky.pl\/sklep\/wp-json\/wp\/v2\/media\/40940"}],"wp:attachment":[{"href":"https:\/\/ironsky.pl\/sklep\/wp-json\/wp\/v2\/media?parent=55338"}],"wp:term":[{"taxonomy":"product_brand","embeddable":true,"href":"https:\/\/ironsky.pl\/sklep\/wp-json\/wp\/v2\/product_brand?post=55338"},{"taxonomy":"product_cat","embeddable":true,"href":"https:\/\/ironsky.pl\/sklep\/wp-json\/wp\/v2\/product_cat?post=55338"},{"taxonomy":"product_tag","embeddable":true,"href":"https:\/\/ironsky.pl\/sklep\/wp-json\/wp\/v2\/product_tag?post=55338"}],"curies":[{"name":"wp","href":"https:\/\/api.w.org\/{rel}","templated":true}]}}