{"id":55331,"date":"2026-04-15T10:02:18","date_gmt":"2026-04-15T08:02:18","guid":{"rendered":"https:\/\/ironsky.pl\/sklep\/produkt\/rozladowywarka-skyrc-bd250\/"},"modified":"2026-04-15T10:02:51","modified_gmt":"2026-04-15T08:02:51","slug":"rozladowywarka-skyrc-bd250","status":"publish","type":"product","link":"https:\/\/ironsky.pl\/sklep\/produkt\/rozladowywarka-skyrc-bd250\/","title":{"rendered":"Roz\u0142adowywarka SKYRC BD250"},"content":{"rendered":"<h3>Prosta i pewna<\/h3>\n<p>SkyRC BD250 to roz\u0142adowywarka i tester akumulator\u00f3w w jednym. Urz\u0105dzenie wy\u015bwietla napi\u0119cie akumulatora, roz\u0142adowany \u0142adunek i pr\u0105d roz\u0142adowania w czasie rzeczywistym. Maksymalny pr\u0105d roz\u0142adowywania to a\u017c 35 amper\u00f3w, a maksymalna moc roz\u0142adowywania 250 wat\u00f3w. BD250 precyzyjnie mierzy r\u00f3wnie\u017c pojemno\u015b\u0107, aby\u015b m\u00f3g\u0142 dobra\u0107 najw\u0142a\u015bciwszy akumulator do w\u0142asnych potrzeb. Mo\u017cesz by\u0107 pewny, \u017ce z roz\u0142adowywark\u0105 SkyRC utrzymasz optymalne dzia\u0142anie i \u017cywotno\u015b\u0107 swoich akumulator\u00f3w. <\/p>\n<p><img decoding=\"async\" src=\"https:\/\/b2b.innpro.pl\/data\/include\/cms\/2Szymon\/SkyRC\/bd260\/1.jpg\" alt=\"2Szymon\/SkyRC\/bd260\/1\"><\/p>\n<h3>Unowocze\u015bniona wersja<\/h3>\n<p>Model BD250 zosta\u0142 stworzony na bazie modelu BD200. \u0141\u0105czy stylowy wygl\u0105d z wysok\u0105 wydajno\u015bci\u0105 i zaawansowanymi rozwi\u0105zaniami technologicznymi, by zapewni\u0107 sta\u0142e roz\u0142adowywanie o mocy 250 wat\u00f3w. <\/p>\n<p><img decoding=\"async\" src=\"https:\/\/b2b.innpro.pl\/data\/include\/cms\/2Szymon\/SkyRC\/bd260\/5.jpg\" alt=\"2Szymon\/SkyRC\/bd260\/5\"><\/p>\n<h3>Nie tylko roz\u0142adowywanie<\/h3>\n<p>SkyRC BD250 umo\u017cliwia przetestowanie akumulator\u00f3w ka\u017cdego typu o napi\u0119ciu 5.4 V a\u017c do 35 V. Urz\u0105dzenie posiada wbudowany wentylator, kt\u00f3ry jest cz\u0119\u015bci\u0105 zaawansowanego systemu ch\u0142odzenia, zapewniaj\u0105cego optymalne dzia\u0142anie urz\u0105dzenia, nawet przy roz\u0142adowywaniu z pe\u0142n\u0105 moc\u0105. <\/p>\n<p><img decoding=\"async\" src=\"https:\/\/b2b.innpro.pl\/data\/include\/cms\/2Szymon\/SkyRC\/bd260\/3.jpg\" alt=\"2Szymon\/SkyRC\/bd260\/3\"><\/p>\n<h3>Wygodna obs\u0142uga<\/h3>\n<p>Pokr\u0119t\u0142o na przednim panelu pozwala na \u0142atw\u0105 zmian\u0119 parametr\u00f3w, kt\u00f3re mo\u017cna odczyta\u0107 na wy\u015bwietlaczu LCD.<\/p>\n<p><img decoding=\"async\" src=\"https:\/\/b2b.innpro.pl\/data\/include\/cms\/2Szymon\/SkyRC\/bd260\/4-2.png\" alt=\"2Szymon\/SkyRC\/bd260\/4-2\"><\/p>\n<h3>Oprogramowanie<\/h3>\n<p>Dzi\u0119ki dedykowanego oprogramowaniu na komputer, BD250 pozwala na eksport warto\u015bci napi\u0119cia akumulatora w 30-sekundowych interwa\u0142ach (przez pierwsze 6 minut).<\/p>\n<p><img decoding=\"async\" src=\"https:\/\/b2b.innpro.pl\/data\/include\/cms\/2Szymon\/SkyRC\/bd260\/6.jpg\" alt=\"2Szymon\/SkyRC\/bd260\/6\"><\/p>\n<h3>W zestawie:<\/h3>\n<ul>\n<li>Roz\u0142adowywarka BD260<\/li>\n<li>Kabel do roz\u0142adowywania z konektorem XT60<\/li>\n<li>Bezpiecznik<\/li>\n<\/ul>\n<div class=\"table-wrapper\">\n<table>\n<tbody>\n<tr>\n<th>Wymiary<\/th>\n<td>136,6 x 104,8 x 107 mm<\/td>\n<\/tr>\n<tr>\n<th>Waga<\/th>\n<td>879 g<\/td>\n<\/tr>\n<tr>\n<th>Zakres obs\u0142ugiwanego napi\u0119cia<\/th>\n<td>5,4 V &#8211; 35 V<\/td>\n<\/tr>\n<tr>\n<th>Moc roz\u0142adowania<\/th>\n<td>250 W<\/td>\n<\/tr>\n<tr>\n<th>Pr\u0105d roz\u0142adowania<\/th>\n<td>0,01 A &#8211; 35 A<\/td>\n<\/tr>\n<tr>\n<th>Dok\u0142adno\u015b\u0107 wy\u015bwietlanego pr\u0105du<\/th>\n<td>0,01 A &#8211; 10 A \u00b160mA \/ 10 A &#8211; 35 A \u00b13%<\/td>\n<\/tr>\n<tr>\n<th>Dok\u0142adno\u015b\u0107 wy\u015bwietlanego napi\u0119cia<\/th>\n<td>5,4 &#8211; 10 V <80mV \/ 10- 20 V <120mV \/ 20 - 35 V <160 mV <\/td>\n<\/tr>\n<tr>\n<th>Aplikacja<\/th>\n<td>DisCharger V1.07<\/td>\n<\/tr>\n<\/tbody>\n<\/table>\n<\/div>\n","protected":false},"excerpt":{"rendered":"<p>Prosta i pewna SkyRC BD250 to roz\u0142adowywarka i tester akumulator\u00f3w w jednym. Urz\u0105dzenie wy\u015bwietla napi\u0119cie akumulatora, roz\u0142adowany \u0142adunek i pr\u0105d<\/p>\n","protected":false},"featured_media":55332,"comment_status":"closed","ping_status":"open","template":"","meta":{"_acf_changed":false},"product_brand":[],"product_cat":[1169,1184],"product_tag":[],"class_list":{"0":"post-55331","1":"product","2":"type-product","3":"status-publish","4":"has-post-thumbnail","6":"product_cat-modele-rc","7":"product_cat-narzedzia-i-mierniki","8":"pa_okres-gwarancji-5754","9":"pa_producent-skyrc","11":"first","12":"outofstock","13":"taxable","14":"shipping-taxable","15":"purchasable","16":"product-type-simple"},"acf":[],"yoast_head":"<!-- This site is optimized with the Yoast SEO plugin v27.2 - https:\/\/yoast.com\/product\/yoast-seo-wordpress\/ -->\n<title>Roz\u0142adowywarka SKYRC BD250 - IRONSKY.PL Sklep z Dronami<\/title>\n<meta name=\"description\" content=\"Roz\u0142adowywarka SKYRC BD250 - \u2705 sklep z dronami i fachowym doradztwem. \u2705 Tutaj kupisz produkty DJI, Yuneec, Parrot, Syma i wiele innych, a tak\u017ce kursy i licencje na operatora drona.\" \/>\n<meta name=\"robots\" content=\"index, follow, max-snippet:-1, max-image-preview:large, max-video-preview:-1\" \/>\n<link rel=\"canonical\" href=\"https:\/\/ironsky.pl\/sklep\/produkt\/rozladowywarka-skyrc-bd250\/\" \/>\n<meta property=\"og:locale\" content=\"pl_PL\" \/>\n<meta property=\"og:type\" content=\"article\" \/>\n<meta property=\"og:title\" content=\"Roz\u0142adowywarka SKYRC BD250 - IRONSKY.PL Sklep z Dronami\" \/>\n<meta property=\"og:description\" content=\"Roz\u0142adowywarka SKYRC BD250 - \u2705 sklep z dronami i fachowym doradztwem. \u2705 Tutaj kupisz produkty DJI, Yuneec, Parrot, Syma i wiele innych, a tak\u017ce kursy i licencje na operatora drona.\" \/>\n<meta property=\"og:url\" content=\"https:\/\/ironsky.pl\/sklep\/produkt\/rozladowywarka-skyrc-bd250\/\" \/>\n<meta property=\"og:site_name\" content=\"IRONSKY.PL Sklep z Dronami\" \/>\n<meta property=\"article:modified_time\" content=\"2026-04-15T08:02:51+00:00\" \/>\n<meta property=\"og:image\" content=\"https:\/\/ironsky.pl\/sklep\/wp-content\/uploads\/2026\/04\/18131_1.jpg\" \/>\n\t<meta property=\"og:image:width\" content=\"800\" \/>\n\t<meta property=\"og:image:height\" content=\"800\" \/>\n\t<meta property=\"og:image:type\" content=\"image\/jpeg\" \/>\n<meta name=\"twitter:card\" content=\"summary_large_image\" \/>\n<meta name=\"twitter:label1\" content=\"Szacowany czas czytania\" \/>\n\t<meta name=\"twitter:data1\" content=\"1 minuta\" \/>\n<script type=\"application\/ld+json\" class=\"yoast-schema-graph\">{\"@context\":\"https:\/\/schema.org\",\"@graph\":[{\"@type\":\"WebPage\",\"@id\":\"https:\/\/ironsky.pl\/sklep\/produkt\/rozladowywarka-skyrc-bd250\/\",\"url\":\"https:\/\/ironsky.pl\/sklep\/produkt\/rozladowywarka-skyrc-bd250\/\",\"name\":\"Roz\u0142adowywarka SKYRC BD250 - IRONSKY.PL Sklep z Dronami\",\"isPartOf\":{\"@id\":\"https:\/\/ironsky.pl\/sklep\/#website\"},\"primaryImageOfPage\":{\"@id\":\"https:\/\/ironsky.pl\/sklep\/produkt\/rozladowywarka-skyrc-bd250\/#primaryimage\"},\"image\":{\"@id\":\"https:\/\/ironsky.pl\/sklep\/produkt\/rozladowywarka-skyrc-bd250\/#primaryimage\"},\"thumbnailUrl\":\"https:\/\/ironsky.pl\/sklep\/wp-content\/uploads\/2026\/04\/18131_1.jpg\",\"datePublished\":\"2026-04-15T08:02:18+00:00\",\"dateModified\":\"2026-04-15T08:02:51+00:00\",\"description\":\"Roz\u0142adowywarka SKYRC BD250 - \u2705 sklep z dronami i fachowym doradztwem. \u2705 Tutaj kupisz produkty DJI, Yuneec, Parrot, Syma i wiele innych, a tak\u017ce kursy i licencje na operatora drona.\",\"breadcrumb\":{\"@id\":\"https:\/\/ironsky.pl\/sklep\/produkt\/rozladowywarka-skyrc-bd250\/#breadcrumb\"},\"inLanguage\":\"pl-PL\",\"potentialAction\":[{\"@type\":\"ReadAction\",\"target\":[\"https:\/\/ironsky.pl\/sklep\/produkt\/rozladowywarka-skyrc-bd250\/\"]}]},{\"@type\":\"ImageObject\",\"inLanguage\":\"pl-PL\",\"@id\":\"https:\/\/ironsky.pl\/sklep\/produkt\/rozladowywarka-skyrc-bd250\/#primaryimage\",\"url\":\"https:\/\/ironsky.pl\/sklep\/wp-content\/uploads\/2026\/04\/18131_1.jpg\",\"contentUrl\":\"https:\/\/ironsky.pl\/sklep\/wp-content\/uploads\/2026\/04\/18131_1.jpg\",\"width\":800,\"height\":800},{\"@type\":\"BreadcrumbList\",\"@id\":\"https:\/\/ironsky.pl\/sklep\/produkt\/rozladowywarka-skyrc-bd250\/#breadcrumb\",\"itemListElement\":[{\"@type\":\"ListItem\",\"position\":1,\"name\":\"Strona g\u0142\u00f3wna\",\"item\":\"https:\/\/ironsky.pl\/sklep\/\"},{\"@type\":\"ListItem\",\"position\":2,\"name\":\"Wszystkie produkty\",\"item\":\"https:\/\/ironsky.pl\/sklep\/produkty\/\"},{\"@type\":\"ListItem\",\"position\":3,\"name\":\"Roz\u0142adowywarka SKYRC BD250\"}]},{\"@type\":\"WebSite\",\"@id\":\"https:\/\/ironsky.pl\/sklep\/#website\",\"url\":\"https:\/\/ironsky.pl\/sklep\/\",\"name\":\"IRONSKY.PL Sklep z Dronami\",\"description\":\"IRONSKY.PL Sklep z Dronami\",\"potentialAction\":[{\"@type\":\"SearchAction\",\"target\":{\"@type\":\"EntryPoint\",\"urlTemplate\":\"https:\/\/ironsky.pl\/sklep\/?s={search_term_string}\"},\"query-input\":{\"@type\":\"PropertyValueSpecification\",\"valueRequired\":true,\"valueName\":\"search_term_string\"}}],\"inLanguage\":\"pl-PL\"}]}<\/script>\n<!-- \/ Yoast SEO plugin. -->","yoast_head_json":{"title":"Roz\u0142adowywarka SKYRC BD250 - IRONSKY.PL Sklep z Dronami","description":"Roz\u0142adowywarka SKYRC BD250 - \u2705 sklep z dronami i fachowym doradztwem. \u2705 Tutaj kupisz produkty DJI, Yuneec, Parrot, Syma i wiele innych, a tak\u017ce kursy i licencje na operatora drona.","robots":{"index":"index","follow":"follow","max-snippet":"max-snippet:-1","max-image-preview":"max-image-preview:large","max-video-preview":"max-video-preview:-1"},"canonical":"https:\/\/ironsky.pl\/sklep\/produkt\/rozladowywarka-skyrc-bd250\/","og_locale":"pl_PL","og_type":"article","og_title":"Roz\u0142adowywarka SKYRC BD250 - IRONSKY.PL Sklep z Dronami","og_description":"Roz\u0142adowywarka SKYRC BD250 - \u2705 sklep z dronami i fachowym doradztwem. \u2705 Tutaj kupisz produkty DJI, Yuneec, Parrot, Syma i wiele innych, a tak\u017ce kursy i licencje na operatora drona.","og_url":"https:\/\/ironsky.pl\/sklep\/produkt\/rozladowywarka-skyrc-bd250\/","og_site_name":"IRONSKY.PL Sklep z Dronami","article_modified_time":"2026-04-15T08:02:51+00:00","og_image":[{"width":800,"height":800,"url":"https:\/\/ironsky.pl\/sklep\/wp-content\/uploads\/2026\/04\/18131_1.jpg","type":"image\/jpeg"}],"twitter_card":"summary_large_image","twitter_misc":{"Szacowany czas czytania":"1 minuta"},"schema":{"@context":"https:\/\/schema.org","@graph":[{"@type":"WebPage","@id":"https:\/\/ironsky.pl\/sklep\/produkt\/rozladowywarka-skyrc-bd250\/","url":"https:\/\/ironsky.pl\/sklep\/produkt\/rozladowywarka-skyrc-bd250\/","name":"Roz\u0142adowywarka SKYRC BD250 - IRONSKY.PL Sklep z Dronami","isPartOf":{"@id":"https:\/\/ironsky.pl\/sklep\/#website"},"primaryImageOfPage":{"@id":"https:\/\/ironsky.pl\/sklep\/produkt\/rozladowywarka-skyrc-bd250\/#primaryimage"},"image":{"@id":"https:\/\/ironsky.pl\/sklep\/produkt\/rozladowywarka-skyrc-bd250\/#primaryimage"},"thumbnailUrl":"https:\/\/ironsky.pl\/sklep\/wp-content\/uploads\/2026\/04\/18131_1.jpg","datePublished":"2026-04-15T08:02:18+00:00","dateModified":"2026-04-15T08:02:51+00:00","description":"Roz\u0142adowywarka SKYRC BD250 - \u2705 sklep z dronami i fachowym doradztwem. \u2705 Tutaj kupisz produkty DJI, Yuneec, Parrot, Syma i wiele innych, a tak\u017ce kursy i licencje na operatora drona.","breadcrumb":{"@id":"https:\/\/ironsky.pl\/sklep\/produkt\/rozladowywarka-skyrc-bd250\/#breadcrumb"},"inLanguage":"pl-PL","potentialAction":[{"@type":"ReadAction","target":["https:\/\/ironsky.pl\/sklep\/produkt\/rozladowywarka-skyrc-bd250\/"]}]},{"@type":"ImageObject","inLanguage":"pl-PL","@id":"https:\/\/ironsky.pl\/sklep\/produkt\/rozladowywarka-skyrc-bd250\/#primaryimage","url":"https:\/\/ironsky.pl\/sklep\/wp-content\/uploads\/2026\/04\/18131_1.jpg","contentUrl":"https:\/\/ironsky.pl\/sklep\/wp-content\/uploads\/2026\/04\/18131_1.jpg","width":800,"height":800},{"@type":"BreadcrumbList","@id":"https:\/\/ironsky.pl\/sklep\/produkt\/rozladowywarka-skyrc-bd250\/#breadcrumb","itemListElement":[{"@type":"ListItem","position":1,"name":"Strona g\u0142\u00f3wna","item":"https:\/\/ironsky.pl\/sklep\/"},{"@type":"ListItem","position":2,"name":"Wszystkie produkty","item":"https:\/\/ironsky.pl\/sklep\/produkty\/"},{"@type":"ListItem","position":3,"name":"Roz\u0142adowywarka SKYRC BD250"}]},{"@type":"WebSite","@id":"https:\/\/ironsky.pl\/sklep\/#website","url":"https:\/\/ironsky.pl\/sklep\/","name":"IRONSKY.PL Sklep z Dronami","description":"IRONSKY.PL Sklep z Dronami","potentialAction":[{"@type":"SearchAction","target":{"@type":"EntryPoint","urlTemplate":"https:\/\/ironsky.pl\/sklep\/?s={search_term_string}"},"query-input":{"@type":"PropertyValueSpecification","valueRequired":true,"valueName":"search_term_string"}}],"inLanguage":"pl-PL"}]}},"_links":{"self":[{"href":"https:\/\/ironsky.pl\/sklep\/wp-json\/wp\/v2\/product\/55331","targetHints":{"allow":["GET"]}}],"collection":[{"href":"https:\/\/ironsky.pl\/sklep\/wp-json\/wp\/v2\/product"}],"about":[{"href":"https:\/\/ironsky.pl\/sklep\/wp-json\/wp\/v2\/types\/product"}],"replies":[{"embeddable":true,"href":"https:\/\/ironsky.pl\/sklep\/wp-json\/wp\/v2\/comments?post=55331"}],"wp:featuredmedia":[{"embeddable":true,"href":"https:\/\/ironsky.pl\/sklep\/wp-json\/wp\/v2\/media\/55332"}],"wp:attachment":[{"href":"https:\/\/ironsky.pl\/sklep\/wp-json\/wp\/v2\/media?parent=55331"}],"wp:term":[{"taxonomy":"product_brand","embeddable":true,"href":"https:\/\/ironsky.pl\/sklep\/wp-json\/wp\/v2\/product_brand?post=55331"},{"taxonomy":"product_cat","embeddable":true,"href":"https:\/\/ironsky.pl\/sklep\/wp-json\/wp\/v2\/product_cat?post=55331"},{"taxonomy":"product_tag","embeddable":true,"href":"https:\/\/ironsky.pl\/sklep\/wp-json\/wp\/v2\/product_tag?post=55331"}],"curies":[{"name":"wp","href":"https:\/\/api.w.org\/{rel}","templated":true}]}}