{"id":55299,"date":"2026-04-15T10:02:18","date_gmt":"2026-04-15T08:02:18","guid":{"rendered":"https:\/\/ironsky.pl\/sklep\/produkt\/zasilacz-puluz-pu2001eu-do-namiotu-bezcieniowego-40cm\/"},"modified":"2026-04-15T10:02:30","modified_gmt":"2026-04-15T08:02:30","slug":"zasilacz-puluz-pu2001eu-do-namiotu-bezcieniowego-40cm","status":"publish","type":"product","link":"https:\/\/ironsky.pl\/sklep\/produkt\/zasilacz-puluz-pu2001eu-do-namiotu-bezcieniowego-40cm\/","title":{"rendered":"Zasilacz PULUZ PU2001EU do namiotu bezcieniowego 40cm"},"content":{"rendered":"<h3>Zasilacz namiotu bezcieniowego Puluz 40cm z regulacj\u0105 mocy PU2001EU<\/h3>\n<p>Zasilacz dedykowany namiotom bezcieniowym Puluz (40 cm). Wykonany z wysokiej klasy materia\u0142\u00f3w, obs\u0142uguje napi\u0119cie w zakresie 110-240 V i posiada zabezpieczenia elektryczne, chroni\u0105ce przed zwarciem i przeci\u0105\u017ceniem. Zosta\u0142 wyposa\u017cony w pokr\u0119t\u0142o, kt\u00f3re pozwoli Ci regulowa\u0107 jasno\u015b\u0107 \u015bwiat\u0142a, dzi\u0119ki czemu z \u0142atwo\u015bci\u0105 ustawisz takie o\u015bwietlenie, jakiego potrzebujesz, aby wykona\u0107 idealne zdj\u0119cie!<\/p>\n<p><img decoding=\"async\" src=\"https:\/\/b2b.innpro.pl\/data\/include\/cms\/02Puluz\/PU2001EU\/1.jpg\" border=\"0\" alt=\"02Puluz\/PU2001EU\/1\" \/><\/p>\n<div class=\"table-wrapper\">\n<table>\n<tbody>\n<tr>\n<th>Producent<\/th>\n<td>Puluz<\/td>\n<\/tr>\n<tr>\n<th>Model<\/th>\n<td>PU2001EU<\/td>\n<\/tr>\n<tr>\n<th>Wej\u015bcie<\/th>\n<td>AC110V-240V 1A 50-60Hz<\/td>\n<\/tr>\n<tr>\n<th>Wyj\u015bcie<\/th>\n<td>DC 12V 2A<\/td>\n<\/tr>\n<tr>\n<th>Ochrona<\/th>\n<td>Zabezpieczenie przed zwarciem i przeci\u0105\u017ceniem<\/td>\n<\/tr>\n<tr>\n<th>D\u0142ugo\u015b\u0107 kabla AC<\/th>\n<td>oko\u0142o 110 cm<\/td>\n<\/tr>\n<tr>\n<th>D\u0142ugo\u015b\u0107 kabla DC<\/th>\n<td>oko\u0142o 85 cm<\/td>\n<\/tr>\n<tr>\n<th>Wymiary<\/th>\n<td>88 x 48 x 30 mm<\/td>\n<\/tr>\n<\/tbody>\n<\/table>\n<\/div>\n","protected":false},"excerpt":{"rendered":"<p>Zasilacz namiotu bezcieniowego Puluz 40cm z regulacj\u0105 mocy PU2001EU Zasilacz dedykowany namiotom bezcieniowym Puluz (40 cm). Wykonany z wysokiej klasy<\/p>\n","protected":false},"featured_media":55300,"comment_status":"closed","ping_status":"open","template":"","meta":{"_acf_changed":false},"product_brand":[],"product_cat":[1128,6183,6182],"product_tag":[],"class_list":{"0":"post-55299","1":"product","2":"type-product","3":"status-publish","4":"has-post-thumbnail","6":"product_cat-foto-wideo","7":"product_cat-namioty-bezcieniowe-studio-fotograficzne","8":"product_cat-studio-fotograficzne","9":"pa_okres-gwarancji-5754","10":"pa_producent-puluz","12":"first","13":"outofstock","14":"taxable","15":"shipping-taxable","16":"purchasable","17":"product-type-simple"},"acf":[],"yoast_head":"<!-- This site is optimized with the Yoast SEO plugin v27.2 - https:\/\/yoast.com\/product\/yoast-seo-wordpress\/ -->\n<title>Zasilacz PULUZ PU2001EU do namiotu bezcieniowego 40cm - IRONSKY.PL Sklep z Dronami<\/title>\n<meta name=\"description\" content=\"Zasilacz PULUZ PU2001EU do namiotu bezcieniowego 40cm - \u2705 sklep z dronami i fachowym doradztwem. \u2705 Tutaj kupisz produkty DJI, Yuneec, Parrot, Syma i wiele innych, a tak\u017ce kursy i licencje na operatora drona.\" \/>\n<meta name=\"robots\" content=\"index, follow, max-snippet:-1, max-image-preview:large, max-video-preview:-1\" \/>\n<link rel=\"canonical\" href=\"https:\/\/ironsky.pl\/sklep\/produkt\/zasilacz-puluz-pu2001eu-do-namiotu-bezcieniowego-40cm\/\" \/>\n<meta property=\"og:locale\" content=\"pl_PL\" \/>\n<meta property=\"og:type\" content=\"article\" \/>\n<meta property=\"og:title\" content=\"Zasilacz PULUZ PU2001EU do namiotu bezcieniowego 40cm - IRONSKY.PL Sklep z Dronami\" \/>\n<meta property=\"og:description\" content=\"Zasilacz PULUZ PU2001EU do namiotu bezcieniowego 40cm - \u2705 sklep z dronami i fachowym doradztwem. \u2705 Tutaj kupisz produkty DJI, Yuneec, Parrot, Syma i wiele innych, a tak\u017ce kursy i licencje na operatora drona.\" \/>\n<meta property=\"og:url\" content=\"https:\/\/ironsky.pl\/sklep\/produkt\/zasilacz-puluz-pu2001eu-do-namiotu-bezcieniowego-40cm\/\" \/>\n<meta property=\"og:site_name\" content=\"IRONSKY.PL Sklep z Dronami\" \/>\n<meta property=\"article:modified_time\" content=\"2026-04-15T08:02:30+00:00\" \/>\n<meta property=\"og:image\" content=\"https:\/\/ironsky.pl\/sklep\/wp-content\/uploads\/2026\/04\/17964_1.jpg\" \/>\n\t<meta property=\"og:image:width\" content=\"800\" \/>\n\t<meta property=\"og:image:height\" content=\"800\" \/>\n\t<meta property=\"og:image:type\" content=\"image\/jpeg\" \/>\n<meta name=\"twitter:card\" content=\"summary_large_image\" \/>\n<meta name=\"twitter:label1\" content=\"Szacowany czas czytania\" \/>\n\t<meta name=\"twitter:data1\" content=\"1 minuta\" \/>\n<script type=\"application\/ld+json\" class=\"yoast-schema-graph\">{\"@context\":\"https:\/\/schema.org\",\"@graph\":[{\"@type\":\"WebPage\",\"@id\":\"https:\/\/ironsky.pl\/sklep\/produkt\/zasilacz-puluz-pu2001eu-do-namiotu-bezcieniowego-40cm\/\",\"url\":\"https:\/\/ironsky.pl\/sklep\/produkt\/zasilacz-puluz-pu2001eu-do-namiotu-bezcieniowego-40cm\/\",\"name\":\"Zasilacz PULUZ PU2001EU do namiotu bezcieniowego 40cm - IRONSKY.PL Sklep z Dronami\",\"isPartOf\":{\"@id\":\"https:\/\/ironsky.pl\/sklep\/#website\"},\"primaryImageOfPage\":{\"@id\":\"https:\/\/ironsky.pl\/sklep\/produkt\/zasilacz-puluz-pu2001eu-do-namiotu-bezcieniowego-40cm\/#primaryimage\"},\"image\":{\"@id\":\"https:\/\/ironsky.pl\/sklep\/produkt\/zasilacz-puluz-pu2001eu-do-namiotu-bezcieniowego-40cm\/#primaryimage\"},\"thumbnailUrl\":\"https:\/\/ironsky.pl\/sklep\/wp-content\/uploads\/2026\/04\/17964_1.jpg\",\"datePublished\":\"2026-04-15T08:02:18+00:00\",\"dateModified\":\"2026-04-15T08:02:30+00:00\",\"description\":\"Zasilacz PULUZ PU2001EU do namiotu bezcieniowego 40cm - \u2705 sklep z dronami i fachowym doradztwem. \u2705 Tutaj kupisz produkty DJI, Yuneec, Parrot, Syma i wiele innych, a tak\u017ce kursy i licencje na operatora drona.\",\"breadcrumb\":{\"@id\":\"https:\/\/ironsky.pl\/sklep\/produkt\/zasilacz-puluz-pu2001eu-do-namiotu-bezcieniowego-40cm\/#breadcrumb\"},\"inLanguage\":\"pl-PL\",\"potentialAction\":[{\"@type\":\"ReadAction\",\"target\":[\"https:\/\/ironsky.pl\/sklep\/produkt\/zasilacz-puluz-pu2001eu-do-namiotu-bezcieniowego-40cm\/\"]}]},{\"@type\":\"ImageObject\",\"inLanguage\":\"pl-PL\",\"@id\":\"https:\/\/ironsky.pl\/sklep\/produkt\/zasilacz-puluz-pu2001eu-do-namiotu-bezcieniowego-40cm\/#primaryimage\",\"url\":\"https:\/\/ironsky.pl\/sklep\/wp-content\/uploads\/2026\/04\/17964_1.jpg\",\"contentUrl\":\"https:\/\/ironsky.pl\/sklep\/wp-content\/uploads\/2026\/04\/17964_1.jpg\",\"width\":800,\"height\":800},{\"@type\":\"BreadcrumbList\",\"@id\":\"https:\/\/ironsky.pl\/sklep\/produkt\/zasilacz-puluz-pu2001eu-do-namiotu-bezcieniowego-40cm\/#breadcrumb\",\"itemListElement\":[{\"@type\":\"ListItem\",\"position\":1,\"name\":\"Strona g\u0142\u00f3wna\",\"item\":\"https:\/\/ironsky.pl\/sklep\/\"},{\"@type\":\"ListItem\",\"position\":2,\"name\":\"Wszystkie produkty\",\"item\":\"https:\/\/ironsky.pl\/sklep\/produkty\/\"},{\"@type\":\"ListItem\",\"position\":3,\"name\":\"Zasilacz PULUZ PU2001EU do namiotu bezcieniowego 40cm\"}]},{\"@type\":\"WebSite\",\"@id\":\"https:\/\/ironsky.pl\/sklep\/#website\",\"url\":\"https:\/\/ironsky.pl\/sklep\/\",\"name\":\"IRONSKY.PL Sklep z Dronami\",\"description\":\"IRONSKY.PL Sklep z Dronami\",\"potentialAction\":[{\"@type\":\"SearchAction\",\"target\":{\"@type\":\"EntryPoint\",\"urlTemplate\":\"https:\/\/ironsky.pl\/sklep\/?s={search_term_string}\"},\"query-input\":{\"@type\":\"PropertyValueSpecification\",\"valueRequired\":true,\"valueName\":\"search_term_string\"}}],\"inLanguage\":\"pl-PL\"}]}<\/script>\n<!-- \/ Yoast SEO plugin. -->","yoast_head_json":{"title":"Zasilacz PULUZ PU2001EU do namiotu bezcieniowego 40cm - IRONSKY.PL Sklep z Dronami","description":"Zasilacz PULUZ PU2001EU do namiotu bezcieniowego 40cm - \u2705 sklep z dronami i fachowym doradztwem. \u2705 Tutaj kupisz produkty DJI, Yuneec, Parrot, Syma i wiele innych, a tak\u017ce kursy i licencje na operatora drona.","robots":{"index":"index","follow":"follow","max-snippet":"max-snippet:-1","max-image-preview":"max-image-preview:large","max-video-preview":"max-video-preview:-1"},"canonical":"https:\/\/ironsky.pl\/sklep\/produkt\/zasilacz-puluz-pu2001eu-do-namiotu-bezcieniowego-40cm\/","og_locale":"pl_PL","og_type":"article","og_title":"Zasilacz PULUZ PU2001EU do namiotu bezcieniowego 40cm - IRONSKY.PL Sklep z Dronami","og_description":"Zasilacz PULUZ PU2001EU do namiotu bezcieniowego 40cm - \u2705 sklep z dronami i fachowym doradztwem. \u2705 Tutaj kupisz produkty DJI, Yuneec, Parrot, Syma i wiele innych, a tak\u017ce kursy i licencje na operatora drona.","og_url":"https:\/\/ironsky.pl\/sklep\/produkt\/zasilacz-puluz-pu2001eu-do-namiotu-bezcieniowego-40cm\/","og_site_name":"IRONSKY.PL Sklep z Dronami","article_modified_time":"2026-04-15T08:02:30+00:00","og_image":[{"width":800,"height":800,"url":"https:\/\/ironsky.pl\/sklep\/wp-content\/uploads\/2026\/04\/17964_1.jpg","type":"image\/jpeg"}],"twitter_card":"summary_large_image","twitter_misc":{"Szacowany czas czytania":"1 minuta"},"schema":{"@context":"https:\/\/schema.org","@graph":[{"@type":"WebPage","@id":"https:\/\/ironsky.pl\/sklep\/produkt\/zasilacz-puluz-pu2001eu-do-namiotu-bezcieniowego-40cm\/","url":"https:\/\/ironsky.pl\/sklep\/produkt\/zasilacz-puluz-pu2001eu-do-namiotu-bezcieniowego-40cm\/","name":"Zasilacz PULUZ PU2001EU do namiotu bezcieniowego 40cm - IRONSKY.PL Sklep z Dronami","isPartOf":{"@id":"https:\/\/ironsky.pl\/sklep\/#website"},"primaryImageOfPage":{"@id":"https:\/\/ironsky.pl\/sklep\/produkt\/zasilacz-puluz-pu2001eu-do-namiotu-bezcieniowego-40cm\/#primaryimage"},"image":{"@id":"https:\/\/ironsky.pl\/sklep\/produkt\/zasilacz-puluz-pu2001eu-do-namiotu-bezcieniowego-40cm\/#primaryimage"},"thumbnailUrl":"https:\/\/ironsky.pl\/sklep\/wp-content\/uploads\/2026\/04\/17964_1.jpg","datePublished":"2026-04-15T08:02:18+00:00","dateModified":"2026-04-15T08:02:30+00:00","description":"Zasilacz PULUZ PU2001EU do namiotu bezcieniowego 40cm - \u2705 sklep z dronami i fachowym doradztwem. \u2705 Tutaj kupisz produkty DJI, Yuneec, Parrot, Syma i wiele innych, a tak\u017ce kursy i licencje na operatora drona.","breadcrumb":{"@id":"https:\/\/ironsky.pl\/sklep\/produkt\/zasilacz-puluz-pu2001eu-do-namiotu-bezcieniowego-40cm\/#breadcrumb"},"inLanguage":"pl-PL","potentialAction":[{"@type":"ReadAction","target":["https:\/\/ironsky.pl\/sklep\/produkt\/zasilacz-puluz-pu2001eu-do-namiotu-bezcieniowego-40cm\/"]}]},{"@type":"ImageObject","inLanguage":"pl-PL","@id":"https:\/\/ironsky.pl\/sklep\/produkt\/zasilacz-puluz-pu2001eu-do-namiotu-bezcieniowego-40cm\/#primaryimage","url":"https:\/\/ironsky.pl\/sklep\/wp-content\/uploads\/2026\/04\/17964_1.jpg","contentUrl":"https:\/\/ironsky.pl\/sklep\/wp-content\/uploads\/2026\/04\/17964_1.jpg","width":800,"height":800},{"@type":"BreadcrumbList","@id":"https:\/\/ironsky.pl\/sklep\/produkt\/zasilacz-puluz-pu2001eu-do-namiotu-bezcieniowego-40cm\/#breadcrumb","itemListElement":[{"@type":"ListItem","position":1,"name":"Strona g\u0142\u00f3wna","item":"https:\/\/ironsky.pl\/sklep\/"},{"@type":"ListItem","position":2,"name":"Wszystkie produkty","item":"https:\/\/ironsky.pl\/sklep\/produkty\/"},{"@type":"ListItem","position":3,"name":"Zasilacz PULUZ PU2001EU do namiotu bezcieniowego 40cm"}]},{"@type":"WebSite","@id":"https:\/\/ironsky.pl\/sklep\/#website","url":"https:\/\/ironsky.pl\/sklep\/","name":"IRONSKY.PL Sklep z Dronami","description":"IRONSKY.PL Sklep z Dronami","potentialAction":[{"@type":"SearchAction","target":{"@type":"EntryPoint","urlTemplate":"https:\/\/ironsky.pl\/sklep\/?s={search_term_string}"},"query-input":{"@type":"PropertyValueSpecification","valueRequired":true,"valueName":"search_term_string"}}],"inLanguage":"pl-PL"}]}},"_links":{"self":[{"href":"https:\/\/ironsky.pl\/sklep\/wp-json\/wp\/v2\/product\/55299","targetHints":{"allow":["GET"]}}],"collection":[{"href":"https:\/\/ironsky.pl\/sklep\/wp-json\/wp\/v2\/product"}],"about":[{"href":"https:\/\/ironsky.pl\/sklep\/wp-json\/wp\/v2\/types\/product"}],"replies":[{"embeddable":true,"href":"https:\/\/ironsky.pl\/sklep\/wp-json\/wp\/v2\/comments?post=55299"}],"wp:featuredmedia":[{"embeddable":true,"href":"https:\/\/ironsky.pl\/sklep\/wp-json\/wp\/v2\/media\/55300"}],"wp:attachment":[{"href":"https:\/\/ironsky.pl\/sklep\/wp-json\/wp\/v2\/media?parent=55299"}],"wp:term":[{"taxonomy":"product_brand","embeddable":true,"href":"https:\/\/ironsky.pl\/sklep\/wp-json\/wp\/v2\/product_brand?post=55299"},{"taxonomy":"product_cat","embeddable":true,"href":"https:\/\/ironsky.pl\/sklep\/wp-json\/wp\/v2\/product_cat?post=55299"},{"taxonomy":"product_tag","embeddable":true,"href":"https:\/\/ironsky.pl\/sklep\/wp-json\/wp\/v2\/product_tag?post=55299"}],"curies":[{"name":"wp","href":"https:\/\/api.w.org\/{rel}","templated":true}]}}