{"id":55289,"date":"2026-04-15T10:02:18","date_gmt":"2026-04-15T08:02:18","guid":{"rendered":"https:\/\/ironsky.pl\/sklep\/produkt\/lampa-pierscieniowa-puluz-26cm-statyw-1-1m-rgbw-led\/"},"modified":"2026-04-15T10:02:22","modified_gmt":"2026-04-15T08:02:22","slug":"lampa-pierscieniowa-puluz-26cm-statyw-1-1m-rgbw-led","status":"publish","type":"product","link":"https:\/\/ironsky.pl\/sklep\/produkt\/lampa-pierscieniowa-puluz-26cm-statyw-1-1m-rgbw-led\/","title":{"rendered":"Lampa pier\u015bcieniowa PULUZ 26cm statyw 1.1m RGBW LED"},"content":{"rendered":"<h3>Statyw z o\u015bwietleniem RGB<\/h3>\n<p>Statyw z lamp\u0105 pier\u015bcieniow\u0105 RGB LED Puluz, kt\u00f3ra idealnie o\u015bwietli Twoj\u0105 twarz podczas kr\u0119cenia filmu lub streamowania. Mo\u017cliwo\u015b\u0107 wyboru temperatury koloru \u015bwiat\u0142a oraz poziomu jasno\u015bci sprawi, \u017ce lampa idealnie sprawdzi si\u0119 w ka\u017cdej scenografii.<\/p>\n<p>\n<img decoding=\"async\" src=\"https:\/\/assets.innpro.pl\/14623\/18333\/1.jpg\" border=\"0\" alt=\"\" \/>\n<\/p>\n<h3>Sterowanie pilotem<\/h3>\n<p>Kontroluj \u015bwiat\u0142o za pomoc\u0105 pilota w kablu. Dzi\u0119ki niemu bezproblemowo i szybko w\u0142\u0105czysz i wy\u0142\u0105czysz lamp\u0119, wzmocnisz \u015bwiat\u0142o lub zmienisz kolor.<\/p>\n<p>\n<img decoding=\"async\" src=\"https:\/\/assets.innpro.pl\/14623\/18333\/2.jpg\" border=\"0\" alt=\"\" \/>\n<\/p>\n<h3>Pe\u0142na kontrola<\/h3>\n<p>Mo\u017cliwo\u015b\u0107 ustawienia lampy w zakresie 360\u00b0 oraz rozk\u0142adany tripod dadz\u0105 Ci jeszcze wi\u0119cej mo\u017cliwo\u015bci.<\/p>\n<p>\n<img decoding=\"async\" src=\"https:\/\/assets.innpro.pl\/14623\/18333\/6.jpg\" border=\"0\" alt=\"\" \/>\n<\/p>\n<h3>Idealny dla ka\u017cdego<\/h3>\n<p>Pier\u015bcieniowa lampa nadaje to idealne rozwi\u0105zanie dla ka\u017cdego. Bez wzgl\u0119du czy chcesz nagra\u0107 film jak zrobi\u0107 Tw\u00f3j ulubiony makija\u017c, nagra\u0107 vlog czy zrobi\u0107 stream \u2014 to rozwi\u0105zanie idealnie o\u015bwietli Twoj\u0105 twarz i doda nowej jako\u015bci Twoim produkcj\u0105.<\/p>\n<p>\n<img decoding=\"async\" src=\"https:\/\/assets.innpro.pl\/14623\/18333\/3.jpg\" border=\"0\" alt=\"\" \/>\n<\/p>\n<h3>W zestawie<\/h3>\n<ul class=\"list-disc pl-5\">\n<li>Lampa LED<\/li>\n<li>Mocowanie urz\u0105dzenia mobilnego<\/li>\n<li>Statyw<\/li>\n<\/ul>\n<div class=\"table-wrapper\">\n<p>\u00a0<\/p>\n<h3><\/h3>\n<table>\n<tbody>\n<tr>\n<th>Maksymalna moc <\/th>\n<td>15 W<\/td>\n<\/tr>\n<tr>\n<th>Kompatybilne telefony <\/th>\n<td>Szeroko\u015b\u0107 5,7 &#8211; 9 cm<\/td>\n<\/tr>\n<tr>\n<th>Wysoko\u015b\u0107 statywu <\/th>\n<td>Z\u0142o\u017cony &#8211; 49,5 cm, Maks. wysoko\u015b\u0107 &#8211; 1,1 m<\/td>\n<\/tr>\n<tr>\n<th>Kolor \u015bwiat\u0142a <\/th>\n<td>RGB + Bia\u0142y<\/td>\n<\/tr>\n<\/tbody>\n<\/table>\n<\/div>\n","protected":false},"excerpt":{"rendered":"<p>Statyw z o\u015bwietleniem RGB Statyw z lamp\u0105 pier\u015bcieniow\u0105 RGB LED Puluz, kt\u00f3ra idealnie o\u015bwietli Twoj\u0105 twarz podczas kr\u0119cenia filmu lub<\/p>\n","protected":false},"featured_media":55290,"comment_status":"closed","ping_status":"open","template":"","meta":{"_acf_changed":false},"product_brand":[],"product_cat":[1128,6187,6182],"product_tag":[],"class_list":{"0":"post-55289","1":"product","2":"type-product","3":"status-publish","4":"has-post-thumbnail","6":"product_cat-foto-wideo","7":"product_cat-lampy-pierscieniowe-studio-fotograficzne","8":"product_cat-studio-fotograficzne","9":"pa_okres-gwarancji-5754","10":"pa_producent-puluz","12":"first","13":"outofstock","14":"taxable","15":"shipping-taxable","16":"purchasable","17":"product-type-simple"},"acf":[],"yoast_head":"<!-- This site is optimized with the Yoast SEO plugin v27.2 - https:\/\/yoast.com\/product\/yoast-seo-wordpress\/ -->\n<title>Lampa pier\u015bcieniowa PULUZ 26cm statyw 1.1m RGBW LED - IRONSKY.PL Sklep z Dronami<\/title>\n<meta name=\"description\" content=\"Lampa pier\u015bcieniowa PULUZ 26cm statyw 1.1m RGBW LED - \u2705 sklep z dronami i fachowym doradztwem. \u2705 Tutaj kupisz produkty DJI, Yuneec, Parrot, Syma i wiele innych, a tak\u017ce kursy i licencje na operatora drona.\" \/>\n<meta name=\"robots\" content=\"index, follow, max-snippet:-1, max-image-preview:large, max-video-preview:-1\" \/>\n<link rel=\"canonical\" href=\"https:\/\/ironsky.pl\/sklep\/produkt\/lampa-pierscieniowa-puluz-26cm-statyw-1-1m-rgbw-led\/\" \/>\n<meta property=\"og:locale\" content=\"pl_PL\" \/>\n<meta property=\"og:type\" content=\"article\" \/>\n<meta property=\"og:title\" content=\"Lampa pier\u015bcieniowa PULUZ 26cm statyw 1.1m RGBW LED - IRONSKY.PL Sklep z Dronami\" \/>\n<meta property=\"og:description\" content=\"Lampa pier\u015bcieniowa PULUZ 26cm statyw 1.1m RGBW LED - \u2705 sklep z dronami i fachowym doradztwem. \u2705 Tutaj kupisz produkty DJI, Yuneec, Parrot, Syma i wiele innych, a tak\u017ce kursy i licencje na operatora drona.\" \/>\n<meta property=\"og:url\" content=\"https:\/\/ironsky.pl\/sklep\/produkt\/lampa-pierscieniowa-puluz-26cm-statyw-1-1m-rgbw-led\/\" \/>\n<meta property=\"og:site_name\" content=\"IRONSKY.PL Sklep z Dronami\" \/>\n<meta property=\"article:modified_time\" content=\"2026-04-15T08:02:22+00:00\" \/>\n<meta property=\"og:image\" content=\"https:\/\/ironsky.pl\/sklep\/wp-content\/uploads\/2026\/04\/17957_1.jpg\" \/>\n\t<meta property=\"og:image:width\" content=\"800\" \/>\n\t<meta property=\"og:image:height\" content=\"800\" \/>\n\t<meta property=\"og:image:type\" content=\"image\/jpeg\" \/>\n<meta name=\"twitter:card\" content=\"summary_large_image\" \/>\n<meta name=\"twitter:label1\" content=\"Szacowany czas czytania\" \/>\n\t<meta name=\"twitter:data1\" content=\"1 minuta\" \/>\n<script type=\"application\/ld+json\" class=\"yoast-schema-graph\">{\"@context\":\"https:\/\/schema.org\",\"@graph\":[{\"@type\":\"WebPage\",\"@id\":\"https:\/\/ironsky.pl\/sklep\/produkt\/lampa-pierscieniowa-puluz-26cm-statyw-1-1m-rgbw-led\/\",\"url\":\"https:\/\/ironsky.pl\/sklep\/produkt\/lampa-pierscieniowa-puluz-26cm-statyw-1-1m-rgbw-led\/\",\"name\":\"Lampa pier\u015bcieniowa PULUZ 26cm statyw 1.1m RGBW LED - IRONSKY.PL Sklep z Dronami\",\"isPartOf\":{\"@id\":\"https:\/\/ironsky.pl\/sklep\/#website\"},\"primaryImageOfPage\":{\"@id\":\"https:\/\/ironsky.pl\/sklep\/produkt\/lampa-pierscieniowa-puluz-26cm-statyw-1-1m-rgbw-led\/#primaryimage\"},\"image\":{\"@id\":\"https:\/\/ironsky.pl\/sklep\/produkt\/lampa-pierscieniowa-puluz-26cm-statyw-1-1m-rgbw-led\/#primaryimage\"},\"thumbnailUrl\":\"https:\/\/ironsky.pl\/sklep\/wp-content\/uploads\/2026\/04\/17957_1.jpg\",\"datePublished\":\"2026-04-15T08:02:18+00:00\",\"dateModified\":\"2026-04-15T08:02:22+00:00\",\"description\":\"Lampa pier\u015bcieniowa PULUZ 26cm statyw 1.1m RGBW LED - \u2705 sklep z dronami i fachowym doradztwem. \u2705 Tutaj kupisz produkty DJI, Yuneec, Parrot, Syma i wiele innych, a tak\u017ce kursy i licencje na operatora drona.\",\"breadcrumb\":{\"@id\":\"https:\/\/ironsky.pl\/sklep\/produkt\/lampa-pierscieniowa-puluz-26cm-statyw-1-1m-rgbw-led\/#breadcrumb\"},\"inLanguage\":\"pl-PL\",\"potentialAction\":[{\"@type\":\"ReadAction\",\"target\":[\"https:\/\/ironsky.pl\/sklep\/produkt\/lampa-pierscieniowa-puluz-26cm-statyw-1-1m-rgbw-led\/\"]}]},{\"@type\":\"ImageObject\",\"inLanguage\":\"pl-PL\",\"@id\":\"https:\/\/ironsky.pl\/sklep\/produkt\/lampa-pierscieniowa-puluz-26cm-statyw-1-1m-rgbw-led\/#primaryimage\",\"url\":\"https:\/\/ironsky.pl\/sklep\/wp-content\/uploads\/2026\/04\/17957_1.jpg\",\"contentUrl\":\"https:\/\/ironsky.pl\/sklep\/wp-content\/uploads\/2026\/04\/17957_1.jpg\",\"width\":800,\"height\":800},{\"@type\":\"BreadcrumbList\",\"@id\":\"https:\/\/ironsky.pl\/sklep\/produkt\/lampa-pierscieniowa-puluz-26cm-statyw-1-1m-rgbw-led\/#breadcrumb\",\"itemListElement\":[{\"@type\":\"ListItem\",\"position\":1,\"name\":\"Strona g\u0142\u00f3wna\",\"item\":\"https:\/\/ironsky.pl\/sklep\/\"},{\"@type\":\"ListItem\",\"position\":2,\"name\":\"Wszystkie produkty\",\"item\":\"https:\/\/ironsky.pl\/sklep\/produkty\/\"},{\"@type\":\"ListItem\",\"position\":3,\"name\":\"Lampa pier\u015bcieniowa PULUZ 26cm statyw 1.1m RGBW LED\"}]},{\"@type\":\"WebSite\",\"@id\":\"https:\/\/ironsky.pl\/sklep\/#website\",\"url\":\"https:\/\/ironsky.pl\/sklep\/\",\"name\":\"IRONSKY.PL Sklep z Dronami\",\"description\":\"IRONSKY.PL Sklep z Dronami\",\"potentialAction\":[{\"@type\":\"SearchAction\",\"target\":{\"@type\":\"EntryPoint\",\"urlTemplate\":\"https:\/\/ironsky.pl\/sklep\/?s={search_term_string}\"},\"query-input\":{\"@type\":\"PropertyValueSpecification\",\"valueRequired\":true,\"valueName\":\"search_term_string\"}}],\"inLanguage\":\"pl-PL\"}]}<\/script>\n<!-- \/ Yoast SEO plugin. -->","yoast_head_json":{"title":"Lampa pier\u015bcieniowa PULUZ 26cm statyw 1.1m RGBW LED - IRONSKY.PL Sklep z Dronami","description":"Lampa pier\u015bcieniowa PULUZ 26cm statyw 1.1m RGBW LED - \u2705 sklep z dronami i fachowym doradztwem. \u2705 Tutaj kupisz produkty DJI, Yuneec, Parrot, Syma i wiele innych, a tak\u017ce kursy i licencje na operatora drona.","robots":{"index":"index","follow":"follow","max-snippet":"max-snippet:-1","max-image-preview":"max-image-preview:large","max-video-preview":"max-video-preview:-1"},"canonical":"https:\/\/ironsky.pl\/sklep\/produkt\/lampa-pierscieniowa-puluz-26cm-statyw-1-1m-rgbw-led\/","og_locale":"pl_PL","og_type":"article","og_title":"Lampa pier\u015bcieniowa PULUZ 26cm statyw 1.1m RGBW LED - IRONSKY.PL Sklep z Dronami","og_description":"Lampa pier\u015bcieniowa PULUZ 26cm statyw 1.1m RGBW LED - \u2705 sklep z dronami i fachowym doradztwem. \u2705 Tutaj kupisz produkty DJI, Yuneec, Parrot, Syma i wiele innych, a tak\u017ce kursy i licencje na operatora drona.","og_url":"https:\/\/ironsky.pl\/sklep\/produkt\/lampa-pierscieniowa-puluz-26cm-statyw-1-1m-rgbw-led\/","og_site_name":"IRONSKY.PL Sklep z Dronami","article_modified_time":"2026-04-15T08:02:22+00:00","og_image":[{"width":800,"height":800,"url":"https:\/\/ironsky.pl\/sklep\/wp-content\/uploads\/2026\/04\/17957_1.jpg","type":"image\/jpeg"}],"twitter_card":"summary_large_image","twitter_misc":{"Szacowany czas czytania":"1 minuta"},"schema":{"@context":"https:\/\/schema.org","@graph":[{"@type":"WebPage","@id":"https:\/\/ironsky.pl\/sklep\/produkt\/lampa-pierscieniowa-puluz-26cm-statyw-1-1m-rgbw-led\/","url":"https:\/\/ironsky.pl\/sklep\/produkt\/lampa-pierscieniowa-puluz-26cm-statyw-1-1m-rgbw-led\/","name":"Lampa pier\u015bcieniowa PULUZ 26cm statyw 1.1m RGBW LED - IRONSKY.PL Sklep z Dronami","isPartOf":{"@id":"https:\/\/ironsky.pl\/sklep\/#website"},"primaryImageOfPage":{"@id":"https:\/\/ironsky.pl\/sklep\/produkt\/lampa-pierscieniowa-puluz-26cm-statyw-1-1m-rgbw-led\/#primaryimage"},"image":{"@id":"https:\/\/ironsky.pl\/sklep\/produkt\/lampa-pierscieniowa-puluz-26cm-statyw-1-1m-rgbw-led\/#primaryimage"},"thumbnailUrl":"https:\/\/ironsky.pl\/sklep\/wp-content\/uploads\/2026\/04\/17957_1.jpg","datePublished":"2026-04-15T08:02:18+00:00","dateModified":"2026-04-15T08:02:22+00:00","description":"Lampa pier\u015bcieniowa PULUZ 26cm statyw 1.1m RGBW LED - \u2705 sklep z dronami i fachowym doradztwem. \u2705 Tutaj kupisz produkty DJI, Yuneec, Parrot, Syma i wiele innych, a tak\u017ce kursy i licencje na operatora drona.","breadcrumb":{"@id":"https:\/\/ironsky.pl\/sklep\/produkt\/lampa-pierscieniowa-puluz-26cm-statyw-1-1m-rgbw-led\/#breadcrumb"},"inLanguage":"pl-PL","potentialAction":[{"@type":"ReadAction","target":["https:\/\/ironsky.pl\/sklep\/produkt\/lampa-pierscieniowa-puluz-26cm-statyw-1-1m-rgbw-led\/"]}]},{"@type":"ImageObject","inLanguage":"pl-PL","@id":"https:\/\/ironsky.pl\/sklep\/produkt\/lampa-pierscieniowa-puluz-26cm-statyw-1-1m-rgbw-led\/#primaryimage","url":"https:\/\/ironsky.pl\/sklep\/wp-content\/uploads\/2026\/04\/17957_1.jpg","contentUrl":"https:\/\/ironsky.pl\/sklep\/wp-content\/uploads\/2026\/04\/17957_1.jpg","width":800,"height":800},{"@type":"BreadcrumbList","@id":"https:\/\/ironsky.pl\/sklep\/produkt\/lampa-pierscieniowa-puluz-26cm-statyw-1-1m-rgbw-led\/#breadcrumb","itemListElement":[{"@type":"ListItem","position":1,"name":"Strona g\u0142\u00f3wna","item":"https:\/\/ironsky.pl\/sklep\/"},{"@type":"ListItem","position":2,"name":"Wszystkie produkty","item":"https:\/\/ironsky.pl\/sklep\/produkty\/"},{"@type":"ListItem","position":3,"name":"Lampa pier\u015bcieniowa PULUZ 26cm statyw 1.1m RGBW LED"}]},{"@type":"WebSite","@id":"https:\/\/ironsky.pl\/sklep\/#website","url":"https:\/\/ironsky.pl\/sklep\/","name":"IRONSKY.PL Sklep z Dronami","description":"IRONSKY.PL Sklep z Dronami","potentialAction":[{"@type":"SearchAction","target":{"@type":"EntryPoint","urlTemplate":"https:\/\/ironsky.pl\/sklep\/?s={search_term_string}"},"query-input":{"@type":"PropertyValueSpecification","valueRequired":true,"valueName":"search_term_string"}}],"inLanguage":"pl-PL"}]}},"_links":{"self":[{"href":"https:\/\/ironsky.pl\/sklep\/wp-json\/wp\/v2\/product\/55289","targetHints":{"allow":["GET"]}}],"collection":[{"href":"https:\/\/ironsky.pl\/sklep\/wp-json\/wp\/v2\/product"}],"about":[{"href":"https:\/\/ironsky.pl\/sklep\/wp-json\/wp\/v2\/types\/product"}],"replies":[{"embeddable":true,"href":"https:\/\/ironsky.pl\/sklep\/wp-json\/wp\/v2\/comments?post=55289"}],"wp:featuredmedia":[{"embeddable":true,"href":"https:\/\/ironsky.pl\/sklep\/wp-json\/wp\/v2\/media\/55290"}],"wp:attachment":[{"href":"https:\/\/ironsky.pl\/sklep\/wp-json\/wp\/v2\/media?parent=55289"}],"wp:term":[{"taxonomy":"product_brand","embeddable":true,"href":"https:\/\/ironsky.pl\/sklep\/wp-json\/wp\/v2\/product_brand?post=55289"},{"taxonomy":"product_cat","embeddable":true,"href":"https:\/\/ironsky.pl\/sklep\/wp-json\/wp\/v2\/product_cat?post=55289"},{"taxonomy":"product_tag","embeddable":true,"href":"https:\/\/ironsky.pl\/sklep\/wp-json\/wp\/v2\/product_tag?post=55289"}],"curies":[{"name":"wp","href":"https:\/\/api.w.org\/{rel}","templated":true}]}}