{"id":55259,"date":"2026-04-15T10:01:48","date_gmt":"2026-04-15T08:01:48","guid":{"rendered":"https:\/\/ironsky.pl\/sklep\/produkt\/miernik-gnss-skyrc-gsm020\/"},"modified":"2026-04-15T10:42:04","modified_gmt":"2026-04-15T08:42:04","slug":"miernik-gnss-skyrc-gsm020","status":"publish","type":"product","link":"https:\/\/ironsky.pl\/sklep\/produkt\/miernik-gnss-skyrc-gsm020\/","title":{"rendered":"Miernik GNSS SKYRC GSM020"},"content":{"rendered":"<h3>Prawdziwa moc<\/h3>\n<p>SkyRC specjalnie dla pasjonat\u00f3w modeli zdalnie sterowanych zaprojektowa\u0142 narz\u0119dzie do pomiaru\u00a0 ich pr\u0119dko\u015bci i innych danych.\u00a0GSM020 pozwala na po\u0142\u0105czenie z aplikacj\u0105, gdzie mo\u017cesz monitorowa\u0107 dane w czasie rzeczywistym\u00a0lub ich histori\u0119. Wystarczy zamocowa\u0107 urz\u0105dzenie do\u00a0dowolnego samochodu, drona czy samolotu i ruszy\u0107 w drog\u0119.\u00a0<\/p>\n<p><img decoding=\"async\" src=\"https:\/\/b2b.innpro.pl\/data\/include\/cms\/2Szymon\/SkyRC\/gnss\/skyrcgnss.jpg\"><\/p>\n<h3>Wysoka dok\u0142adno\u015b\u0107<\/h3>\n<p>GSM020 obs\u0142uguje systemy nawigacji satelitarnej GNSS- GPS i GLONASS, co pozwala na uzyskanie bardzo wysokiej dok\u0142adno\u015bci pozycjonowania. Urz\u0105dzenie pozwala na pomiar przyspieszenia, si\u0142y G, pr\u0119dko\u015bci, czasu, odleg\u0142o\u015bci i innych.<\/p>\n<p><img decoding=\"async\" src=\"https:\/\/b2b.innpro.pl\/data\/include\/cms\/2Szymon\/SkyRC\/gnss\/skyrcgnss0.jpg\"><\/p>\n<h3>5 godzin dzia\u0142ania z akumulatorem LiPo<\/h3>\n<p>Dzi\u0119ki zastosowaniu wbudowanego akumulatora litowo-polimerowego, ktory pozwala nawet na 5 godzin nieprzerwanej pracy, nie musisz si\u0119 martwi\u0107 o kr\u00f3tki czas dzia\u0142ania urz\u0105dzenia. Nast\u0119pnie z \u0142atwo\u015bci\u0105\u00a0do\u0142adujesz go poprzez gniazdo micro USB.<\/p>\n<p><img decoding=\"async\" src=\"https:\/\/b2b.innpro.pl\/data\/include\/cms\/2Szymon\/SkyRC\/gnss\/skyrcgnss2.jpg\"><\/p>\n<h3>Aplikacja mobilna<\/h3>\n<p>Darmowa aplikacja GNSS PA pozwala na \u015bledzenie pr\u0119dko\u015bci urz\u0105dzenia zdalnie z telefonu na systemie iOS lub Android. Wbudowany modu\u0142 Bluetooth 4.0 pozwala na monitorowanie danych w czasie rzeczywistym. Trzy tryby: Drag, Track i Flying pozwala na analiz\u0119 trasy jazdy lub lotu z \u0142atwo\u015bci\u0105.<\/p>\n<p><img decoding=\"async\" src=\"https:\/\/b2b.innpro.pl\/data\/include\/cms\/2Szymon\/SkyRC\/gnss\/skyrcgnss3.jpg\"><\/p>\n<h3>Wszystkie dane w jednym miejscu<\/h3>\n<p>Aplikacja GNSS PA automatycznie tworzy wykresy. Okr\u0105\u017cenia na torze mo\u017cna analizowa\u0107 w aplikacji pod k\u0105tem \u015bredniej pr\u0119dko\u015bci, pr\u0119dko\u015bci maksymalnej, przyspieszenia w danym czasie i na danym dystansie. Ustal w\u0142asny zakres czasu\/dystansu, aby sprawdzi\u0107 pr\u0119dko\u015b\u0107 hamowania, przyspieszenia do 30 km\/h, si\u0142y G. Sprawd\u017a wysoko\u015b\u0107, pr\u0119dko\u015b\u0107, czas i odleg\u0142o\u015b\u0107 lotu w trybie latania.<\/p>\n<p><img decoding=\"async\" src=\"https:\/\/b2b.innpro.pl\/data\/include\/cms\/2Szymon\/SkyRC\/gnss\/skyrcgnss4.jpg\"><\/p>\n<h3>Wbudowana pami\u0119\u0107 1 Mb<\/h3>\n<p>Wbudowana pami\u0119\u0107 pozwala na\u00a0magazynowanie 50 zapis\u00f3w. Dane mo\u017cna z \u0142atwo\u015bci\u0105 przes\u0142a\u0107 do smartfona. Gdy pami\u0119\u0107 flash jest pe\u0142na, najstarsze zapisy zostan\u0105 automatycznie nadpisane. Ju\u017c nie ma potrzeby, aby pami\u0119ta\u0107 o usuwaniu danych i obawia\u0107 si\u0119, \u017ce kluczowe dane nie zostan\u0105 zapisane, gdy pami\u0119\u0107 jest pe\u0142na.<\/p>\n<p><img decoding=\"async\" src=\"https:\/\/b2b.innpro.pl\/data\/include\/cms\/2Szymon\/SkyRC\/gnss\/skyrcgnss7.jpg\"><\/p>\n<div class=\"table-wrapper\">\n<table class=\"table-specs\">\n<tbody>\n<tr>\n<th><span>Czu\u0142o\u015b\u0107 odbioru sygna\u0142u satelitarnego<\/span><\/th>\n<td><span>-167 dBm<\/span><\/td>\n<\/tr>\n<tr>\n<th><span>Cz\u0119stotliwo\u015b\u0107 aktualizacji<\/span><\/th>\n<td><span>10 Hz<\/span><\/td>\n<\/tr>\n<tr>\n<th><span>Odbiornik<\/span><\/th>\n<td><span>L1, 1575,42 MHz<\/span><\/td>\n<\/tr>\n<tr>\n<th><span>Temperatura\u00a0pracy<\/span><\/th>\n<td><span>0 &#8211; 40\u00b0C<\/span><\/td>\n<\/tr>\n<tr>\n<th><span>Antena<\/span><\/th>\n<td><span>Wbudowana<\/span><\/td>\n<\/tr>\n<tr>\n<th><span>Waga<\/span><\/th>\n<td><span>35\u00a0g<\/span><\/td>\n<\/tr>\n<tr>\n<th><span>Wymiary<\/span><\/th>\n<td><span>39 x 40 x 16\u00a0mm<\/span><\/td>\n<\/tr>\n<\/tbody>\n<\/table>\n<\/div>\n","protected":false},"excerpt":{"rendered":"<p>Prawdziwa moc SkyRC specjalnie dla pasjonat\u00f3w modeli zdalnie sterowanych zaprojektowa\u0142 narz\u0119dzie do pomiaru\u00a0 ich pr\u0119dko\u015bci i innych danych.\u00a0GSM020 pozwala na<\/p>\n","protected":false},"featured_media":55260,"comment_status":"closed","ping_status":"open","template":"","meta":{"_acf_changed":false},"product_brand":[],"product_cat":[1169,1184],"product_tag":[],"class_list":{"0":"post-55259","1":"product","2":"type-product","3":"status-publish","4":"has-post-thumbnail","6":"product_cat-modele-rc","7":"product_cat-narzedzia-i-mierniki","8":"pa_okres-gwarancji-5754","9":"pa_producent-skyrc","11":"first","12":"outofstock","13":"taxable","14":"shipping-taxable","15":"purchasable","16":"product-type-simple"},"acf":[],"yoast_head":"<!-- This site is optimized with the Yoast SEO plugin v27.2 - https:\/\/yoast.com\/product\/yoast-seo-wordpress\/ -->\n<title>Miernik GNSS SKYRC GSM020 - IRONSKY.PL Sklep z Dronami<\/title>\n<meta name=\"description\" content=\"Miernik GNSS SKYRC GSM020 - \u2705 sklep z dronami i fachowym doradztwem. \u2705 Tutaj kupisz produkty DJI, Yuneec, Parrot, Syma i wiele innych, a tak\u017ce kursy i licencje na operatora drona.\" \/>\n<meta name=\"robots\" content=\"index, follow, max-snippet:-1, max-image-preview:large, max-video-preview:-1\" \/>\n<link rel=\"canonical\" href=\"https:\/\/ironsky.pl\/sklep\/produkt\/miernik-gnss-skyrc-gsm020\/\" \/>\n<meta property=\"og:locale\" content=\"pl_PL\" \/>\n<meta property=\"og:type\" content=\"article\" \/>\n<meta property=\"og:title\" content=\"Miernik GNSS SKYRC GSM020 - IRONSKY.PL Sklep z Dronami\" \/>\n<meta property=\"og:description\" content=\"Miernik GNSS SKYRC GSM020 - \u2705 sklep z dronami i fachowym doradztwem. \u2705 Tutaj kupisz produkty DJI, Yuneec, Parrot, Syma i wiele innych, a tak\u017ce kursy i licencje na operatora drona.\" \/>\n<meta property=\"og:url\" content=\"https:\/\/ironsky.pl\/sklep\/produkt\/miernik-gnss-skyrc-gsm020\/\" \/>\n<meta property=\"og:site_name\" content=\"IRONSKY.PL Sklep z Dronami\" \/>\n<meta property=\"article:modified_time\" content=\"2026-04-15T08:42:04+00:00\" \/>\n<meta property=\"og:image\" content=\"https:\/\/ironsky.pl\/sklep\/wp-content\/uploads\/2026\/04\/17430_1.jpg\" \/>\n\t<meta property=\"og:image:width\" content=\"400\" \/>\n\t<meta property=\"og:image:height\" content=\"400\" \/>\n\t<meta property=\"og:image:type\" content=\"image\/jpeg\" \/>\n<meta name=\"twitter:card\" content=\"summary_large_image\" \/>\n<meta name=\"twitter:label1\" content=\"Szacowany czas czytania\" \/>\n\t<meta name=\"twitter:data1\" content=\"2 minuty\" \/>\n<script type=\"application\/ld+json\" class=\"yoast-schema-graph\">{\"@context\":\"https:\/\/schema.org\",\"@graph\":[{\"@type\":\"WebPage\",\"@id\":\"https:\/\/ironsky.pl\/sklep\/produkt\/miernik-gnss-skyrc-gsm020\/\",\"url\":\"https:\/\/ironsky.pl\/sklep\/produkt\/miernik-gnss-skyrc-gsm020\/\",\"name\":\"Miernik GNSS SKYRC GSM020 - IRONSKY.PL Sklep z Dronami\",\"isPartOf\":{\"@id\":\"https:\/\/ironsky.pl\/sklep\/#website\"},\"primaryImageOfPage\":{\"@id\":\"https:\/\/ironsky.pl\/sklep\/produkt\/miernik-gnss-skyrc-gsm020\/#primaryimage\"},\"image\":{\"@id\":\"https:\/\/ironsky.pl\/sklep\/produkt\/miernik-gnss-skyrc-gsm020\/#primaryimage\"},\"thumbnailUrl\":\"https:\/\/ironsky.pl\/sklep\/wp-content\/uploads\/2026\/04\/17430_1.jpg\",\"datePublished\":\"2026-04-15T08:01:48+00:00\",\"dateModified\":\"2026-04-15T08:42:04+00:00\",\"description\":\"Miernik GNSS SKYRC GSM020 - \u2705 sklep z dronami i fachowym doradztwem. \u2705 Tutaj kupisz produkty DJI, Yuneec, Parrot, Syma i wiele innych, a tak\u017ce kursy i licencje na operatora drona.\",\"breadcrumb\":{\"@id\":\"https:\/\/ironsky.pl\/sklep\/produkt\/miernik-gnss-skyrc-gsm020\/#breadcrumb\"},\"inLanguage\":\"pl-PL\",\"potentialAction\":[{\"@type\":\"ReadAction\",\"target\":[\"https:\/\/ironsky.pl\/sklep\/produkt\/miernik-gnss-skyrc-gsm020\/\"]}]},{\"@type\":\"ImageObject\",\"inLanguage\":\"pl-PL\",\"@id\":\"https:\/\/ironsky.pl\/sklep\/produkt\/miernik-gnss-skyrc-gsm020\/#primaryimage\",\"url\":\"https:\/\/ironsky.pl\/sklep\/wp-content\/uploads\/2026\/04\/17430_1.jpg\",\"contentUrl\":\"https:\/\/ironsky.pl\/sklep\/wp-content\/uploads\/2026\/04\/17430_1.jpg\",\"width\":400,\"height\":400},{\"@type\":\"BreadcrumbList\",\"@id\":\"https:\/\/ironsky.pl\/sklep\/produkt\/miernik-gnss-skyrc-gsm020\/#breadcrumb\",\"itemListElement\":[{\"@type\":\"ListItem\",\"position\":1,\"name\":\"Strona g\u0142\u00f3wna\",\"item\":\"https:\/\/ironsky.pl\/sklep\/\"},{\"@type\":\"ListItem\",\"position\":2,\"name\":\"Wszystkie produkty\",\"item\":\"https:\/\/ironsky.pl\/sklep\/produkty\/\"},{\"@type\":\"ListItem\",\"position\":3,\"name\":\"Miernik GNSS SKYRC GSM020\"}]},{\"@type\":\"WebSite\",\"@id\":\"https:\/\/ironsky.pl\/sklep\/#website\",\"url\":\"https:\/\/ironsky.pl\/sklep\/\",\"name\":\"IRONSKY.PL Sklep z Dronami\",\"description\":\"IRONSKY.PL Sklep z Dronami\",\"potentialAction\":[{\"@type\":\"SearchAction\",\"target\":{\"@type\":\"EntryPoint\",\"urlTemplate\":\"https:\/\/ironsky.pl\/sklep\/?s={search_term_string}\"},\"query-input\":{\"@type\":\"PropertyValueSpecification\",\"valueRequired\":true,\"valueName\":\"search_term_string\"}}],\"inLanguage\":\"pl-PL\"}]}<\/script>\n<!-- \/ Yoast SEO plugin. -->","yoast_head_json":{"title":"Miernik GNSS SKYRC GSM020 - IRONSKY.PL Sklep z Dronami","description":"Miernik GNSS SKYRC GSM020 - \u2705 sklep z dronami i fachowym doradztwem. \u2705 Tutaj kupisz produkty DJI, Yuneec, Parrot, Syma i wiele innych, a tak\u017ce kursy i licencje na operatora drona.","robots":{"index":"index","follow":"follow","max-snippet":"max-snippet:-1","max-image-preview":"max-image-preview:large","max-video-preview":"max-video-preview:-1"},"canonical":"https:\/\/ironsky.pl\/sklep\/produkt\/miernik-gnss-skyrc-gsm020\/","og_locale":"pl_PL","og_type":"article","og_title":"Miernik GNSS SKYRC GSM020 - IRONSKY.PL Sklep z Dronami","og_description":"Miernik GNSS SKYRC GSM020 - \u2705 sklep z dronami i fachowym doradztwem. \u2705 Tutaj kupisz produkty DJI, Yuneec, Parrot, Syma i wiele innych, a tak\u017ce kursy i licencje na operatora drona.","og_url":"https:\/\/ironsky.pl\/sklep\/produkt\/miernik-gnss-skyrc-gsm020\/","og_site_name":"IRONSKY.PL Sklep z Dronami","article_modified_time":"2026-04-15T08:42:04+00:00","og_image":[{"width":400,"height":400,"url":"https:\/\/ironsky.pl\/sklep\/wp-content\/uploads\/2026\/04\/17430_1.jpg","type":"image\/jpeg"}],"twitter_card":"summary_large_image","twitter_misc":{"Szacowany czas czytania":"2 minuty"},"schema":{"@context":"https:\/\/schema.org","@graph":[{"@type":"WebPage","@id":"https:\/\/ironsky.pl\/sklep\/produkt\/miernik-gnss-skyrc-gsm020\/","url":"https:\/\/ironsky.pl\/sklep\/produkt\/miernik-gnss-skyrc-gsm020\/","name":"Miernik GNSS SKYRC GSM020 - IRONSKY.PL Sklep z Dronami","isPartOf":{"@id":"https:\/\/ironsky.pl\/sklep\/#website"},"primaryImageOfPage":{"@id":"https:\/\/ironsky.pl\/sklep\/produkt\/miernik-gnss-skyrc-gsm020\/#primaryimage"},"image":{"@id":"https:\/\/ironsky.pl\/sklep\/produkt\/miernik-gnss-skyrc-gsm020\/#primaryimage"},"thumbnailUrl":"https:\/\/ironsky.pl\/sklep\/wp-content\/uploads\/2026\/04\/17430_1.jpg","datePublished":"2026-04-15T08:01:48+00:00","dateModified":"2026-04-15T08:42:04+00:00","description":"Miernik GNSS SKYRC GSM020 - \u2705 sklep z dronami i fachowym doradztwem. \u2705 Tutaj kupisz produkty DJI, Yuneec, Parrot, Syma i wiele innych, a tak\u017ce kursy i licencje na operatora drona.","breadcrumb":{"@id":"https:\/\/ironsky.pl\/sklep\/produkt\/miernik-gnss-skyrc-gsm020\/#breadcrumb"},"inLanguage":"pl-PL","potentialAction":[{"@type":"ReadAction","target":["https:\/\/ironsky.pl\/sklep\/produkt\/miernik-gnss-skyrc-gsm020\/"]}]},{"@type":"ImageObject","inLanguage":"pl-PL","@id":"https:\/\/ironsky.pl\/sklep\/produkt\/miernik-gnss-skyrc-gsm020\/#primaryimage","url":"https:\/\/ironsky.pl\/sklep\/wp-content\/uploads\/2026\/04\/17430_1.jpg","contentUrl":"https:\/\/ironsky.pl\/sklep\/wp-content\/uploads\/2026\/04\/17430_1.jpg","width":400,"height":400},{"@type":"BreadcrumbList","@id":"https:\/\/ironsky.pl\/sklep\/produkt\/miernik-gnss-skyrc-gsm020\/#breadcrumb","itemListElement":[{"@type":"ListItem","position":1,"name":"Strona g\u0142\u00f3wna","item":"https:\/\/ironsky.pl\/sklep\/"},{"@type":"ListItem","position":2,"name":"Wszystkie produkty","item":"https:\/\/ironsky.pl\/sklep\/produkty\/"},{"@type":"ListItem","position":3,"name":"Miernik GNSS SKYRC GSM020"}]},{"@type":"WebSite","@id":"https:\/\/ironsky.pl\/sklep\/#website","url":"https:\/\/ironsky.pl\/sklep\/","name":"IRONSKY.PL Sklep z Dronami","description":"IRONSKY.PL Sklep z Dronami","potentialAction":[{"@type":"SearchAction","target":{"@type":"EntryPoint","urlTemplate":"https:\/\/ironsky.pl\/sklep\/?s={search_term_string}"},"query-input":{"@type":"PropertyValueSpecification","valueRequired":true,"valueName":"search_term_string"}}],"inLanguage":"pl-PL"}]}},"_links":{"self":[{"href":"https:\/\/ironsky.pl\/sklep\/wp-json\/wp\/v2\/product\/55259","targetHints":{"allow":["GET"]}}],"collection":[{"href":"https:\/\/ironsky.pl\/sklep\/wp-json\/wp\/v2\/product"}],"about":[{"href":"https:\/\/ironsky.pl\/sklep\/wp-json\/wp\/v2\/types\/product"}],"replies":[{"embeddable":true,"href":"https:\/\/ironsky.pl\/sklep\/wp-json\/wp\/v2\/comments?post=55259"}],"wp:featuredmedia":[{"embeddable":true,"href":"https:\/\/ironsky.pl\/sklep\/wp-json\/wp\/v2\/media\/55260"}],"wp:attachment":[{"href":"https:\/\/ironsky.pl\/sklep\/wp-json\/wp\/v2\/media?parent=55259"}],"wp:term":[{"taxonomy":"product_brand","embeddable":true,"href":"https:\/\/ironsky.pl\/sklep\/wp-json\/wp\/v2\/product_brand?post=55259"},{"taxonomy":"product_cat","embeddable":true,"href":"https:\/\/ironsky.pl\/sklep\/wp-json\/wp\/v2\/product_cat?post=55259"},{"taxonomy":"product_tag","embeddable":true,"href":"https:\/\/ironsky.pl\/sklep\/wp-json\/wp\/v2\/product_tag?post=55259"}],"curies":[{"name":"wp","href":"https:\/\/api.w.org\/{rel}","templated":true}]}}