{"id":55258,"date":"2026-04-15T10:01:48","date_gmt":"2026-04-15T08:01:48","guid":{"rendered":"https:\/\/ironsky.pl\/sklep\/produkt\/hub-ugreen-revodok-cm195-6w1-usb-c-hdmi-sd-100w-szary\/"},"modified":"2026-04-15T10:42:01","modified_gmt":"2026-04-15T08:42:01","slug":"hub-ugreen-revodok-cm195-6w1-usb-c-hdmi-sd-100w-szary","status":"publish","type":"product","link":"https:\/\/ironsky.pl\/sklep\/produkt\/hub-ugreen-revodok-cm195-6w1-usb-c-hdmi-sd-100w-szary\/","title":{"rendered":"Hub UGREEN Revodok CM195 6w1 USB-C HDMI SD 100W (szary)"},"content":{"rendered":"<h3>Adapter 6w1 UGREEN CM195 (szary)<\/h3>\n<p>Zwi\u0119ksz funkcjonalno\u015b\u0107 swojego portu C przy pomocy adaptera UGREEN. Urz\u0105dzenie posiada 2 wej\u015bcia USB 3.0, port PD, Wej\u015bcie HDMI 4K, oraz czytniki kart SD oraz micro SD.<\/p>\n<p><img decoding=\"async\" src=\"https:\/\/b2b.innpro.pl\/data\/include\/cms\/012UGREEN\/CM195\/5.jpg\" alt=\"012UGREEN\/CM195\/5\"><\/p>\n<h3>Szeroka kompatybilno\u015b\u0107<\/h3>\n<p>Urz\u0105dzenie wsp\u00f3\u0142pracuje z wi\u0119kszo\u015bci\u0105 dost\u0119pnych na rynku nowoczesnych urz\u0105dze\u0144 wyposa\u017conych w port USB-C, mi\u0119dzy innymi z: Apple MacBook, Huawei MateBook, Samsung S10, Dell XPS15, Micosoft Surface Go.<\/p>\n<p><img decoding=\"async\" src=\"https:\/\/b2b.innpro.pl\/data\/include\/cms\/012UGREEN\/CM195\/3.jpg\" alt=\"012UGREEN\/CM195\/3\"><\/p>\n<h3>Plug &#038; Play<\/h3>\n<p>Nie potrzebujemy \u017cadnych dodatkowych sterownik\u00f3w. Wystarczy pod\u0142\u0105czy\u0107 do urz\u0105dzenia akcesorium i od razu mo\u017cemy zacz\u0105\u0107 dzia\u0142anie. Istnieje mo\u017cliwo\u015b\u0107 jednoczesnego korzystania z karty SD oraz micro SD.<\/p>\n<p><img decoding=\"async\" src=\"https:\/\/b2b.innpro.pl\/data\/include\/cms\/012UGREEN\/CM195\/6.jpg\" alt=\"012UGREEN\/CM195\/6\"><\/p>\n<h3>Niezawodna ochrona<\/h3>\n<p>Urz\u0105dzenie posiada szereg zabezpiecze\u0144 chroni\u0105cych przed niespodziewanymi sytuacjami takimi jak zwarcie, przet\u0119\u017ceniem lub przepi\u0119ciem. Niezawodna ochrona zawsze i wsz\u0119dzie.<\/p>\n<p><img decoding=\"async\" src=\"https:\/\/b2b.innpro.pl\/data\/include\/cms\/012UGREEN\/CM195\/2.jpg\" alt=\"012UGREEN\/CM195\/2\"><\/p>\n<h3>Koniec z ograniczeniami<\/h3>\n<p>Aby podzieli\u0107 si\u0119 zdj\u0119ciami z aparatu nie potrzebujesz ju\u017c komputera. Wystarczy podpi\u0105\u0107 adapter do smartfona i cieszy\u0107 si\u0119 mo\u017cliwo\u015bci\u0105 dzielenia si\u0119 nimi z ca\u0142ym \u015bwiatem.<\/p>\n<p><img decoding=\"async\" src=\"https:\/\/b2b.innpro.pl\/data\/include\/cms\/012UGREEN\/CM195\/4.jpg\" alt=\"012UGREEN\/CM195\/4\"><\/p>\n<h3>Pr\u0119dko\u015b\u0107 na kt\u00f3r\u0105 zas\u0142ugujesz<\/h3>\n<p>Urz\u0105dzenie jest w stanie przesy\u0142a\u0107 pr\u0105d o mocy 100W. Nie musisz si\u0119 martwi\u0107, \u017ce korzystaj\u0105c innych funkcji adaptera, nie b\u0119dziesz w stanie zasili\u0107 macbooka.<\/p>\n<p><img decoding=\"async\" src=\"https:\/\/b2b.innpro.pl\/data\/include\/cms\/012UGREEN\/CM195\/7.jpg\" alt=\"012UGREEN\/CM195\/7\"><\/p>\n<div class=\"table-wrapper\">\n<table>\n<tbody>\n<tr>\n<th>Model<\/th>\n<td>CM195<\/td>\n<\/tr>\n<tr>\n<th>Wtyczka<\/th>\n<td>USB-C<\/td>\n<\/tr>\n<tr>\n<th>Porty<\/th>\n<td>2x USB 3.0, 1x micro SD, 1x SD, 1x HDMI, 1x USB-C (PD)<\/td>\n<\/tr>\n<tr>\n<th>D\u0142ugo\u015b\u0107 przewodu<\/th>\n<td>15 cm<\/td>\n<\/tr>\n<tr>\n<th>Pr\u0119dko\u015b\u0107 transferu<\/th>\n<td>do 5 Gb\/s<\/td>\n<\/tr>\n<tr>\n<th>Materia\u0142<\/th>\n<td>Aluminium<\/td>\n<\/tr>\n<tr>\n<th>Kolor<\/th>\n<td>Szary<\/td>\n<\/tr>\n<tr>\n<th>Wymiary<\/th>\n<td>11,5 x 3,6 x 1,25 cm<\/td>\n<\/tr>\n<\/tbody>\n<\/table>\n<\/div>\n","protected":false},"excerpt":{"rendered":"<p>Adapter 6w1 UGREEN CM195 (szary) Zwi\u0119ksz funkcjonalno\u015b\u0107 swojego portu C przy pomocy adaptera UGREEN. Urz\u0105dzenie posiada 2 wej\u015bcia USB 3.0,<\/p>\n","protected":false},"featured_media":40815,"comment_status":"closed","ping_status":"open","template":"","meta":{"_acf_changed":false},"product_brand":[],"product_cat":[5929,5934],"product_tag":[],"class_list":{"0":"post-55258","1":"product","2":"type-product","3":"status-publish","4":"has-post-thumbnail","6":"product_cat-akcesoria-it","7":"product_cat-huby","8":"pa_okres-gwarancji-5757","9":"pa_producent-ugreen","11":"first","12":"outofstock","13":"taxable","14":"shipping-taxable","15":"purchasable","16":"product-type-simple"},"acf":[],"yoast_head":"<!-- This site is optimized with the Yoast SEO plugin v27.2 - https:\/\/yoast.com\/product\/yoast-seo-wordpress\/ -->\n<title>Hub UGREEN Revodok CM195 6w1 USB-C HDMI SD 100W (szary) - IRONSKY.PL Sklep z Dronami<\/title>\n<meta name=\"description\" content=\"Hub UGREEN Revodok CM195 6w1 USB-C HDMI SD 100W (szary) - \u2705 sklep z dronami i fachowym doradztwem. \u2705 Tutaj kupisz produkty DJI, Yuneec, Parrot, Syma i wiele innych, a tak\u017ce kursy i licencje na operatora drona.\" \/>\n<meta name=\"robots\" content=\"index, follow, max-snippet:-1, max-image-preview:large, max-video-preview:-1\" \/>\n<link rel=\"canonical\" href=\"https:\/\/ironsky.pl\/sklep\/produkt\/hub-ugreen-revodok-cm195-6w1-usb-c-hdmi-sd-100w-szary\/\" \/>\n<meta property=\"og:locale\" content=\"pl_PL\" \/>\n<meta property=\"og:type\" content=\"article\" \/>\n<meta property=\"og:title\" content=\"Hub UGREEN Revodok CM195 6w1 USB-C HDMI SD 100W (szary) - IRONSKY.PL Sklep z Dronami\" \/>\n<meta property=\"og:description\" content=\"Hub UGREEN Revodok CM195 6w1 USB-C HDMI SD 100W (szary) - \u2705 sklep z dronami i fachowym doradztwem. \u2705 Tutaj kupisz produkty DJI, Yuneec, Parrot, Syma i wiele innych, a tak\u017ce kursy i licencje na operatora drona.\" \/>\n<meta property=\"og:url\" content=\"https:\/\/ironsky.pl\/sklep\/produkt\/hub-ugreen-revodok-cm195-6w1-usb-c-hdmi-sd-100w-szary\/\" \/>\n<meta property=\"og:site_name\" content=\"IRONSKY.PL Sklep z Dronami\" \/>\n<meta property=\"article:modified_time\" content=\"2026-04-15T08:42:01+00:00\" \/>\n<meta property=\"og:image\" content=\"https:\/\/ironsky.pl\/sklep\/wp-content\/uploads\/2025\/06\/17425_1.jpg\" \/>\n\t<meta property=\"og:image:width\" content=\"800\" \/>\n\t<meta property=\"og:image:height\" content=\"800\" \/>\n\t<meta property=\"og:image:type\" content=\"image\/jpeg\" \/>\n<meta name=\"twitter:card\" content=\"summary_large_image\" \/>\n<meta name=\"twitter:label1\" content=\"Szacowany czas czytania\" \/>\n\t<meta name=\"twitter:data1\" content=\"1 minuta\" \/>\n<script type=\"application\/ld+json\" class=\"yoast-schema-graph\">{\"@context\":\"https:\/\/schema.org\",\"@graph\":[{\"@type\":\"WebPage\",\"@id\":\"https:\/\/ironsky.pl\/sklep\/produkt\/hub-ugreen-revodok-cm195-6w1-usb-c-hdmi-sd-100w-szary\/\",\"url\":\"https:\/\/ironsky.pl\/sklep\/produkt\/hub-ugreen-revodok-cm195-6w1-usb-c-hdmi-sd-100w-szary\/\",\"name\":\"Hub UGREEN Revodok CM195 6w1 USB-C HDMI SD 100W (szary) - IRONSKY.PL Sklep z Dronami\",\"isPartOf\":{\"@id\":\"https:\/\/ironsky.pl\/sklep\/#website\"},\"primaryImageOfPage\":{\"@id\":\"https:\/\/ironsky.pl\/sklep\/produkt\/hub-ugreen-revodok-cm195-6w1-usb-c-hdmi-sd-100w-szary\/#primaryimage\"},\"image\":{\"@id\":\"https:\/\/ironsky.pl\/sklep\/produkt\/hub-ugreen-revodok-cm195-6w1-usb-c-hdmi-sd-100w-szary\/#primaryimage\"},\"thumbnailUrl\":\"https:\/\/ironsky.pl\/sklep\/wp-content\/uploads\/2025\/06\/17425_1.jpg\",\"datePublished\":\"2026-04-15T08:01:48+00:00\",\"dateModified\":\"2026-04-15T08:42:01+00:00\",\"description\":\"Hub UGREEN Revodok CM195 6w1 USB-C HDMI SD 100W (szary) - \u2705 sklep z dronami i fachowym doradztwem. \u2705 Tutaj kupisz produkty DJI, Yuneec, Parrot, Syma i wiele innych, a tak\u017ce kursy i licencje na operatora drona.\",\"breadcrumb\":{\"@id\":\"https:\/\/ironsky.pl\/sklep\/produkt\/hub-ugreen-revodok-cm195-6w1-usb-c-hdmi-sd-100w-szary\/#breadcrumb\"},\"inLanguage\":\"pl-PL\",\"potentialAction\":[{\"@type\":\"ReadAction\",\"target\":[\"https:\/\/ironsky.pl\/sklep\/produkt\/hub-ugreen-revodok-cm195-6w1-usb-c-hdmi-sd-100w-szary\/\"]}]},{\"@type\":\"ImageObject\",\"inLanguage\":\"pl-PL\",\"@id\":\"https:\/\/ironsky.pl\/sklep\/produkt\/hub-ugreen-revodok-cm195-6w1-usb-c-hdmi-sd-100w-szary\/#primaryimage\",\"url\":\"https:\/\/ironsky.pl\/sklep\/wp-content\/uploads\/2025\/06\/17425_1.jpg\",\"contentUrl\":\"https:\/\/ironsky.pl\/sklep\/wp-content\/uploads\/2025\/06\/17425_1.jpg\",\"width\":800,\"height\":800},{\"@type\":\"BreadcrumbList\",\"@id\":\"https:\/\/ironsky.pl\/sklep\/produkt\/hub-ugreen-revodok-cm195-6w1-usb-c-hdmi-sd-100w-szary\/#breadcrumb\",\"itemListElement\":[{\"@type\":\"ListItem\",\"position\":1,\"name\":\"Strona g\u0142\u00f3wna\",\"item\":\"https:\/\/ironsky.pl\/sklep\/\"},{\"@type\":\"ListItem\",\"position\":2,\"name\":\"Wszystkie produkty\",\"item\":\"https:\/\/ironsky.pl\/sklep\/produkty\/\"},{\"@type\":\"ListItem\",\"position\":3,\"name\":\"Hub UGREEN Revodok CM195 6w1 USB-C HDMI SD 100W (szary)\"}]},{\"@type\":\"WebSite\",\"@id\":\"https:\/\/ironsky.pl\/sklep\/#website\",\"url\":\"https:\/\/ironsky.pl\/sklep\/\",\"name\":\"IRONSKY.PL Sklep z Dronami\",\"description\":\"IRONSKY.PL Sklep z Dronami\",\"potentialAction\":[{\"@type\":\"SearchAction\",\"target\":{\"@type\":\"EntryPoint\",\"urlTemplate\":\"https:\/\/ironsky.pl\/sklep\/?s={search_term_string}\"},\"query-input\":{\"@type\":\"PropertyValueSpecification\",\"valueRequired\":true,\"valueName\":\"search_term_string\"}}],\"inLanguage\":\"pl-PL\"}]}<\/script>\n<!-- \/ Yoast SEO plugin. -->","yoast_head_json":{"title":"Hub UGREEN Revodok CM195 6w1 USB-C HDMI SD 100W (szary) - IRONSKY.PL Sklep z Dronami","description":"Hub UGREEN Revodok CM195 6w1 USB-C HDMI SD 100W (szary) - \u2705 sklep z dronami i fachowym doradztwem. \u2705 Tutaj kupisz produkty DJI, Yuneec, Parrot, Syma i wiele innych, a tak\u017ce kursy i licencje na operatora drona.","robots":{"index":"index","follow":"follow","max-snippet":"max-snippet:-1","max-image-preview":"max-image-preview:large","max-video-preview":"max-video-preview:-1"},"canonical":"https:\/\/ironsky.pl\/sklep\/produkt\/hub-ugreen-revodok-cm195-6w1-usb-c-hdmi-sd-100w-szary\/","og_locale":"pl_PL","og_type":"article","og_title":"Hub UGREEN Revodok CM195 6w1 USB-C HDMI SD 100W (szary) - IRONSKY.PL Sklep z Dronami","og_description":"Hub UGREEN Revodok CM195 6w1 USB-C HDMI SD 100W (szary) - \u2705 sklep z dronami i fachowym doradztwem. \u2705 Tutaj kupisz produkty DJI, Yuneec, Parrot, Syma i wiele innych, a tak\u017ce kursy i licencje na operatora drona.","og_url":"https:\/\/ironsky.pl\/sklep\/produkt\/hub-ugreen-revodok-cm195-6w1-usb-c-hdmi-sd-100w-szary\/","og_site_name":"IRONSKY.PL Sklep z Dronami","article_modified_time":"2026-04-15T08:42:01+00:00","og_image":[{"width":800,"height":800,"url":"https:\/\/ironsky.pl\/sklep\/wp-content\/uploads\/2025\/06\/17425_1.jpg","type":"image\/jpeg"}],"twitter_card":"summary_large_image","twitter_misc":{"Szacowany czas czytania":"1 minuta"},"schema":{"@context":"https:\/\/schema.org","@graph":[{"@type":"WebPage","@id":"https:\/\/ironsky.pl\/sklep\/produkt\/hub-ugreen-revodok-cm195-6w1-usb-c-hdmi-sd-100w-szary\/","url":"https:\/\/ironsky.pl\/sklep\/produkt\/hub-ugreen-revodok-cm195-6w1-usb-c-hdmi-sd-100w-szary\/","name":"Hub UGREEN Revodok CM195 6w1 USB-C HDMI SD 100W (szary) - IRONSKY.PL Sklep z Dronami","isPartOf":{"@id":"https:\/\/ironsky.pl\/sklep\/#website"},"primaryImageOfPage":{"@id":"https:\/\/ironsky.pl\/sklep\/produkt\/hub-ugreen-revodok-cm195-6w1-usb-c-hdmi-sd-100w-szary\/#primaryimage"},"image":{"@id":"https:\/\/ironsky.pl\/sklep\/produkt\/hub-ugreen-revodok-cm195-6w1-usb-c-hdmi-sd-100w-szary\/#primaryimage"},"thumbnailUrl":"https:\/\/ironsky.pl\/sklep\/wp-content\/uploads\/2025\/06\/17425_1.jpg","datePublished":"2026-04-15T08:01:48+00:00","dateModified":"2026-04-15T08:42:01+00:00","description":"Hub UGREEN Revodok CM195 6w1 USB-C HDMI SD 100W (szary) - \u2705 sklep z dronami i fachowym doradztwem. \u2705 Tutaj kupisz produkty DJI, Yuneec, Parrot, Syma i wiele innych, a tak\u017ce kursy i licencje na operatora drona.","breadcrumb":{"@id":"https:\/\/ironsky.pl\/sklep\/produkt\/hub-ugreen-revodok-cm195-6w1-usb-c-hdmi-sd-100w-szary\/#breadcrumb"},"inLanguage":"pl-PL","potentialAction":[{"@type":"ReadAction","target":["https:\/\/ironsky.pl\/sklep\/produkt\/hub-ugreen-revodok-cm195-6w1-usb-c-hdmi-sd-100w-szary\/"]}]},{"@type":"ImageObject","inLanguage":"pl-PL","@id":"https:\/\/ironsky.pl\/sklep\/produkt\/hub-ugreen-revodok-cm195-6w1-usb-c-hdmi-sd-100w-szary\/#primaryimage","url":"https:\/\/ironsky.pl\/sklep\/wp-content\/uploads\/2025\/06\/17425_1.jpg","contentUrl":"https:\/\/ironsky.pl\/sklep\/wp-content\/uploads\/2025\/06\/17425_1.jpg","width":800,"height":800},{"@type":"BreadcrumbList","@id":"https:\/\/ironsky.pl\/sklep\/produkt\/hub-ugreen-revodok-cm195-6w1-usb-c-hdmi-sd-100w-szary\/#breadcrumb","itemListElement":[{"@type":"ListItem","position":1,"name":"Strona g\u0142\u00f3wna","item":"https:\/\/ironsky.pl\/sklep\/"},{"@type":"ListItem","position":2,"name":"Wszystkie produkty","item":"https:\/\/ironsky.pl\/sklep\/produkty\/"},{"@type":"ListItem","position":3,"name":"Hub UGREEN Revodok CM195 6w1 USB-C HDMI SD 100W (szary)"}]},{"@type":"WebSite","@id":"https:\/\/ironsky.pl\/sklep\/#website","url":"https:\/\/ironsky.pl\/sklep\/","name":"IRONSKY.PL Sklep z Dronami","description":"IRONSKY.PL Sklep z Dronami","potentialAction":[{"@type":"SearchAction","target":{"@type":"EntryPoint","urlTemplate":"https:\/\/ironsky.pl\/sklep\/?s={search_term_string}"},"query-input":{"@type":"PropertyValueSpecification","valueRequired":true,"valueName":"search_term_string"}}],"inLanguage":"pl-PL"}]}},"_links":{"self":[{"href":"https:\/\/ironsky.pl\/sklep\/wp-json\/wp\/v2\/product\/55258","targetHints":{"allow":["GET"]}}],"collection":[{"href":"https:\/\/ironsky.pl\/sklep\/wp-json\/wp\/v2\/product"}],"about":[{"href":"https:\/\/ironsky.pl\/sklep\/wp-json\/wp\/v2\/types\/product"}],"replies":[{"embeddable":true,"href":"https:\/\/ironsky.pl\/sklep\/wp-json\/wp\/v2\/comments?post=55258"}],"wp:featuredmedia":[{"embeddable":true,"href":"https:\/\/ironsky.pl\/sklep\/wp-json\/wp\/v2\/media\/40815"}],"wp:attachment":[{"href":"https:\/\/ironsky.pl\/sklep\/wp-json\/wp\/v2\/media?parent=55258"}],"wp:term":[{"taxonomy":"product_brand","embeddable":true,"href":"https:\/\/ironsky.pl\/sklep\/wp-json\/wp\/v2\/product_brand?post=55258"},{"taxonomy":"product_cat","embeddable":true,"href":"https:\/\/ironsky.pl\/sklep\/wp-json\/wp\/v2\/product_cat?post=55258"},{"taxonomy":"product_tag","embeddable":true,"href":"https:\/\/ironsky.pl\/sklep\/wp-json\/wp\/v2\/product_tag?post=55258"}],"curies":[{"name":"wp","href":"https:\/\/api.w.org\/{rel}","templated":true}]}}