{"id":55256,"date":"2026-04-15T10:01:48","date_gmt":"2026-04-15T08:01:48","guid":{"rendered":"https:\/\/ironsky.pl\/sklep\/produkt\/ladowarka-skyrc-t100-2x50w\/"},"modified":"2026-04-15T10:42:01","modified_gmt":"2026-04-15T08:42:01","slug":"ladowarka-skyrc-t100-2x50w","status":"publish","type":"product","link":"https:\/\/ironsky.pl\/sklep\/produkt\/ladowarka-skyrc-t100-2x50w\/","title":{"rendered":"\u0141adowarka SKYRC T100 2x50W"},"content":{"rendered":"<p><img decoding=\"async\" src=\"https:\/\/b2b.innpro.pl\/data\/include\/cms\/2Szymon\/SkyRC\/t100\/t100-1.jpg\" border=\"0\" alt=\"2Szymon\/SkyRC\/t100\/t100-1\" \/><\/p>\n<h3>Podw\u00f3jna moc i mobilno\u015b\u0107<\/h3>\n<p>\u0141adowarka SkyRC T100 to dwukana\u0142owa \u0142adowarka, kt\u00f3ra jest w stanie na\u0142adowa\u0107 lub roz\u0142adowa\u0107 wszystkie najpopularniejsze typy akumulator\u00f3w. Przemy\u015blana konstrukcja pozwala na bezproblemowe pod\u0142\u0105czenie do port\u00f3w balansera i wtyczki XT60. \u0141adowarka jest niewielka, ale posiada a\u017c 100 wat\u00f3w mocy, kt\u00f3re pozwalaj\u0105 na \u0142adowanie akumulatora pr\u0105dem 5 amper\u00f3w. \u0141adowarka posada r\u00f3wnie\u017c tryby \u0142adowania AGM i zimny do \u0142adowania akumulator\u00f3w kwasowo-o\u0142owiowych i AGM w ni\u017cszych temperaturach.<\/p>\n<p><img decoding=\"async\" src=\"https:\/\/b2b.innpro.pl\/data\/include\/cms\/2Szymon\/SkyRC\/t100\/t100-2.jpg\" border=\"0\" alt=\"2Szymon\/SkyRC\/t100\/t100-2\" \/><\/p>\n<h3>Dwa obwody \u0142adowania<\/h3>\n<p>T100 pozwala na pod\u0142\u0105czenie 2 akumulator\u00f3w, po czym inteligentnie i automatycznie na\u0142aduje je do ich maksymalnej pojemno\u015bci. Akumulatory mog\u0105 posiada\u0107 r\u00f3\u017cn\u0105 specyfikacj\u0119 i by\u0107 ca\u0142kowicie innego typu.<\/p>\n<p><img decoding=\"async\" src=\"https:\/\/b2b.innpro.pl\/data\/include\/cms\/2Szymon\/SkyRC\/t100\/T100-3.jpg\" border=\"0\" alt=\"2Szymon\/SkyRC\/t100\/T100-3\" \/><\/p>\n<h3>Uniwersalny wtyk XT60<\/h3>\n<p>Najpopularniejsza obecnie wtyczka XT60 zosta\u0142a wbudowana w \u0142adowark\u0119 T100, dzi\u0119ki czemu z \u0142atwo\u015bci\u0105 pod\u0142\u0105czymy i na\u0142adujemy powszechnie u\u017cywane akumulatory. XT60 zapobiega problemowi odwr\u00f3conej biegunowo\u015bci i zapewnia bardzo stabilne po\u0142\u0105czenie.<\/p>\n<p><img decoding=\"async\" src=\"https:\/\/b2b.innpro.pl\/data\/include\/cms\/2Szymon\/SkyRC\/t100\/t100-6.jpg\" border=\"0\" alt=\"2Szymon\/SkyRC\/t100\/t100-6\" \/><\/p>\n<h3>Wi\u0119ksza dok\u0142adno\u015b\u0107 odczytu napi\u0119cia<\/h3>\n<p>Oprogramowanie \u0142adowarki zosta\u0142o wysoce zoptymalizowane, co pozwala na wy\u015bwietlanie napi\u0119cia akumulatora do 3 liczb po przecinku. Z T100 czeka ci\u0119 niezwyk\u0142a precyzja pomiaru napi\u0119cia podczas procesu \u0142adowania.<\/p>\n<p><img decoding=\"async\" src=\"https:\/\/b2b.innpro.pl\/data\/include\/cms\/2Szymon\/SkyRC\/t100\/t100-4.jpg\" border=\"0\" alt=\"2Szymon\/SkyRC\/t100\/t100-4\" \/><\/p>\n<h3>Tryby AGM i zimnego \u0142adowania<\/h3>\n<p>Akumulatory AGM s\u0105 wytrzymalsze i l\u017cejsze od typowych akumulator\u00f3w kwasowo-o\u0142owiowych. Chocia\u017c oba typy akumulator\u00f3w posiadaj\u0105 te same kluczowe elementy, ich chemiczna struktura sprawia, \u017ce bardzo si\u0119 r\u00f3\u017cni\u0105. Z tego powodu w T100 wprowadzono tryb \u0142adowania akumulator\u00f3w AGM. Nigdy nie \u0142aduj akumulator\u00f3w AGM zwyk\u0142\u0105 \u0142adowark\u0105 w trybie Pb. Dodatkowo w T100 wprowadzono tryb COLD zoptymalizowany do pracy w niskich temperaturach.<\/p>\n<p><img decoding=\"async\" src=\"https:\/\/b2b.innpro.pl\/data\/include\/cms\/2Szymon\/SkyRC\/t100\/t100-5.jpg\" border=\"0\" alt=\"2Szymon\/SkyRC\/t100\/t100-5\" \/><\/p>\n<h3>W zestawie<\/h3>\n<ul>\n<li>\u0141adowarka T200<\/li>\n<li>Kabel zasilaj\u0105cy<\/li>\n<\/ul>\n<div class=\"table-wrapper\">\n<table>\n<tbody>\n<tr>\n<th>Zasilanie<\/th>\n<td>AC 100-240 V<\/td>\n<\/tr>\n<tr>\n<th>Moc \u0142adowania<\/th>\n<td>100 W (50W x 2)<\/td>\n<\/tr>\n<tr>\n<th>Moc roz\u0142adowania<\/th>\n<td>10 W<\/td>\n<\/tr>\n<tr>\n<th>Typ akumulatora<\/th>\n<td>LiPo\/LiIon\/LiFe\/LiHV 2-4S, NiMH\/NiCd 6-8S, Pb 6\/12V<\/td>\n<\/tr>\n<tr>\n<th>Pojemno\u015b\u0107 akumulatora<\/th>\n<td>LiPo\/LiIon\/LiFe\/LiHV 100-50000 mAh, NiMH \/ NiCd 100-50000 mAh, Pb 100-50000 mAh<\/td>\n<\/tr>\n<tr>\n<th>Pr\u0105d \u0142adowania<\/th>\n<td>0,1 &#8211; 5 A<\/td>\n<\/tr>\n<tr>\n<th>Napi\u0119cie \u0142adowania<\/th>\n<td>LiPo: 4,18-4,25V\/cela, LiIon: 4,08-4,2V\/cela, LiFe: 3,58-3,7V\/cela LiHV: 4,25-4,5V\/cela, NiMH\/NiCD &#8211; Detekcja Delta-Peak, Pb Normal: 2,4V\/cela, Pb AGM: 2,45V, Pb Cold: 2,45V<\/td>\n<\/tr>\n<tr>\n<th>Napi\u0119cie roz\u0142adowania<\/th>\n<td>\n<p>LiPo: 3,0-3,3V\/cela, LiIon: 2,9-3,2V\/cela, LiFe: 2,6-2,9V\/cela<br \/>LiHV: 3,1-3,4V\/cela, NiMH\/NiCD &#8211; 0,1-1,1V\/cela<\/p>\n<\/td>\n<\/tr>\n<tr>\n<th>Balanser<\/th>\n<td>2-4S<\/td>\n<\/tr>\n<tr>\n<th>Materia\u0142 obudowy<\/th>\n<td>Plastik<\/td>\n<\/tr>\n<tr>\n<th>Wymiary<\/th>\n<td>100 x 90 x 127 mm<\/td>\n<\/tr>\n<tr>\n<th>Waga<\/th>\n<td>500 g<\/td>\n<\/tr>\n<tr>\n<th>Wy\u0142\u0105cznik czasowy<\/th>\n<td>1-170 minut<\/td>\n<\/tr>\n<tr>\n<th>Temperatura pracy<\/th>\n<td>0\u2103-40\u2103<\/td>\n<\/tr>\n<tr>\n<th>Wy\u015bwietlacz<\/th>\n<td>2&#215;16 LCD z pod\u015bwietleniem<\/td>\n<\/tr>\n<tr>\n<th>Zewn\u0119trzne porty<\/th>\n<td>Gniazdo balansera XH 2-4S, XT60 \u017ce\u0144ski<\/td>\n<\/tr>\n<\/tbody>\n<\/table>\n<\/div>\n","protected":false},"excerpt":{"rendered":"<p>Podw\u00f3jna moc i mobilno\u015b\u0107 \u0141adowarka SkyRC T100 to dwukana\u0142owa \u0142adowarka, kt\u00f3ra jest w stanie na\u0142adowa\u0107 lub roz\u0142adowa\u0107 wszystkie najpopularniejsze typy<\/p>\n","protected":false},"featured_media":55257,"comment_status":"closed","ping_status":"open","template":"","meta":{"_acf_changed":false},"product_brand":[],"product_cat":[1173,1174,1169],"product_tag":[],"class_list":{"0":"post-55256","1":"product","2":"type-product","3":"status-publish","4":"has-post-thumbnail","6":"product_cat-ladowanie","7":"product_cat-ladowarki","8":"product_cat-modele-rc","9":"pa_okres-gwarancji-5754","10":"pa_producent-skyrc","12":"first","13":"instock","14":"taxable","15":"shipping-taxable","16":"purchasable","17":"product-type-simple"},"acf":[],"yoast_head":"<!-- This site is optimized with the Yoast SEO plugin v27.2 - https:\/\/yoast.com\/product\/yoast-seo-wordpress\/ -->\n<title>\u0141adowarka SKYRC T100 2x50W - IRONSKY.PL Sklep z Dronami<\/title>\n<meta name=\"description\" content=\"\u0141adowarka SKYRC T100 2x50W - \u2705 sklep z dronami i fachowym doradztwem. \u2705 Tutaj kupisz produkty DJI, Yuneec, Parrot, Syma i wiele innych, a tak\u017ce kursy i licencje na operatora drona.\" \/>\n<meta name=\"robots\" content=\"index, follow, max-snippet:-1, max-image-preview:large, max-video-preview:-1\" \/>\n<link rel=\"canonical\" href=\"https:\/\/ironsky.pl\/sklep\/produkt\/ladowarka-skyrc-t100-2x50w\/\" \/>\n<meta property=\"og:locale\" content=\"pl_PL\" \/>\n<meta property=\"og:type\" content=\"article\" \/>\n<meta property=\"og:title\" content=\"\u0141adowarka SKYRC T100 2x50W - IRONSKY.PL Sklep z Dronami\" \/>\n<meta property=\"og:description\" content=\"\u0141adowarka SKYRC T100 2x50W - \u2705 sklep z dronami i fachowym doradztwem. \u2705 Tutaj kupisz produkty DJI, Yuneec, Parrot, Syma i wiele innych, a tak\u017ce kursy i licencje na operatora drona.\" \/>\n<meta property=\"og:url\" content=\"https:\/\/ironsky.pl\/sklep\/produkt\/ladowarka-skyrc-t100-2x50w\/\" \/>\n<meta property=\"og:site_name\" content=\"IRONSKY.PL Sklep z Dronami\" \/>\n<meta property=\"article:modified_time\" content=\"2026-04-15T08:42:01+00:00\" \/>\n<meta property=\"og:image\" content=\"https:\/\/ironsky.pl\/sklep\/wp-content\/uploads\/2026\/04\/17413_1.jpg\" \/>\n\t<meta property=\"og:image:width\" content=\"900\" \/>\n\t<meta property=\"og:image:height\" content=\"900\" \/>\n\t<meta property=\"og:image:type\" content=\"image\/jpeg\" \/>\n<meta name=\"twitter:card\" content=\"summary_large_image\" \/>\n<meta name=\"twitter:label1\" content=\"Szacowany czas czytania\" \/>\n\t<meta name=\"twitter:data1\" content=\"2 minuty\" \/>\n<script type=\"application\/ld+json\" class=\"yoast-schema-graph\">{\"@context\":\"https:\/\/schema.org\",\"@graph\":[{\"@type\":\"WebPage\",\"@id\":\"https:\/\/ironsky.pl\/sklep\/produkt\/ladowarka-skyrc-t100-2x50w\/\",\"url\":\"https:\/\/ironsky.pl\/sklep\/produkt\/ladowarka-skyrc-t100-2x50w\/\",\"name\":\"\u0141adowarka SKYRC T100 2x50W - IRONSKY.PL Sklep z Dronami\",\"isPartOf\":{\"@id\":\"https:\/\/ironsky.pl\/sklep\/#website\"},\"primaryImageOfPage\":{\"@id\":\"https:\/\/ironsky.pl\/sklep\/produkt\/ladowarka-skyrc-t100-2x50w\/#primaryimage\"},\"image\":{\"@id\":\"https:\/\/ironsky.pl\/sklep\/produkt\/ladowarka-skyrc-t100-2x50w\/#primaryimage\"},\"thumbnailUrl\":\"https:\/\/ironsky.pl\/sklep\/wp-content\/uploads\/2026\/04\/17413_1.jpg\",\"datePublished\":\"2026-04-15T08:01:48+00:00\",\"dateModified\":\"2026-04-15T08:42:01+00:00\",\"description\":\"\u0141adowarka SKYRC T100 2x50W - \u2705 sklep z dronami i fachowym doradztwem. \u2705 Tutaj kupisz produkty DJI, Yuneec, Parrot, Syma i wiele innych, a tak\u017ce kursy i licencje na operatora drona.\",\"breadcrumb\":{\"@id\":\"https:\/\/ironsky.pl\/sklep\/produkt\/ladowarka-skyrc-t100-2x50w\/#breadcrumb\"},\"inLanguage\":\"pl-PL\",\"potentialAction\":[{\"@type\":\"ReadAction\",\"target\":[\"https:\/\/ironsky.pl\/sklep\/produkt\/ladowarka-skyrc-t100-2x50w\/\"]}]},{\"@type\":\"ImageObject\",\"inLanguage\":\"pl-PL\",\"@id\":\"https:\/\/ironsky.pl\/sklep\/produkt\/ladowarka-skyrc-t100-2x50w\/#primaryimage\",\"url\":\"https:\/\/ironsky.pl\/sklep\/wp-content\/uploads\/2026\/04\/17413_1.jpg\",\"contentUrl\":\"https:\/\/ironsky.pl\/sklep\/wp-content\/uploads\/2026\/04\/17413_1.jpg\",\"width\":900,\"height\":900},{\"@type\":\"BreadcrumbList\",\"@id\":\"https:\/\/ironsky.pl\/sklep\/produkt\/ladowarka-skyrc-t100-2x50w\/#breadcrumb\",\"itemListElement\":[{\"@type\":\"ListItem\",\"position\":1,\"name\":\"Strona g\u0142\u00f3wna\",\"item\":\"https:\/\/ironsky.pl\/sklep\/\"},{\"@type\":\"ListItem\",\"position\":2,\"name\":\"Wszystkie produkty\",\"item\":\"https:\/\/ironsky.pl\/sklep\/produkty\/\"},{\"@type\":\"ListItem\",\"position\":3,\"name\":\"\u0141adowarka SKYRC T100 2x50W\"}]},{\"@type\":\"WebSite\",\"@id\":\"https:\/\/ironsky.pl\/sklep\/#website\",\"url\":\"https:\/\/ironsky.pl\/sklep\/\",\"name\":\"IRONSKY.PL Sklep z Dronami\",\"description\":\"IRONSKY.PL Sklep z Dronami\",\"potentialAction\":[{\"@type\":\"SearchAction\",\"target\":{\"@type\":\"EntryPoint\",\"urlTemplate\":\"https:\/\/ironsky.pl\/sklep\/?s={search_term_string}\"},\"query-input\":{\"@type\":\"PropertyValueSpecification\",\"valueRequired\":true,\"valueName\":\"search_term_string\"}}],\"inLanguage\":\"pl-PL\"}]}<\/script>\n<!-- \/ Yoast SEO plugin. -->","yoast_head_json":{"title":"\u0141adowarka SKYRC T100 2x50W - IRONSKY.PL Sklep z Dronami","description":"\u0141adowarka SKYRC T100 2x50W - \u2705 sklep z dronami i fachowym doradztwem. \u2705 Tutaj kupisz produkty DJI, Yuneec, Parrot, Syma i wiele innych, a tak\u017ce kursy i licencje na operatora drona.","robots":{"index":"index","follow":"follow","max-snippet":"max-snippet:-1","max-image-preview":"max-image-preview:large","max-video-preview":"max-video-preview:-1"},"canonical":"https:\/\/ironsky.pl\/sklep\/produkt\/ladowarka-skyrc-t100-2x50w\/","og_locale":"pl_PL","og_type":"article","og_title":"\u0141adowarka SKYRC T100 2x50W - IRONSKY.PL Sklep z Dronami","og_description":"\u0141adowarka SKYRC T100 2x50W - \u2705 sklep z dronami i fachowym doradztwem. \u2705 Tutaj kupisz produkty DJI, Yuneec, Parrot, Syma i wiele innych, a tak\u017ce kursy i licencje na operatora drona.","og_url":"https:\/\/ironsky.pl\/sklep\/produkt\/ladowarka-skyrc-t100-2x50w\/","og_site_name":"IRONSKY.PL Sklep z Dronami","article_modified_time":"2026-04-15T08:42:01+00:00","og_image":[{"width":900,"height":900,"url":"https:\/\/ironsky.pl\/sklep\/wp-content\/uploads\/2026\/04\/17413_1.jpg","type":"image\/jpeg"}],"twitter_card":"summary_large_image","twitter_misc":{"Szacowany czas czytania":"2 minuty"},"schema":{"@context":"https:\/\/schema.org","@graph":[{"@type":"WebPage","@id":"https:\/\/ironsky.pl\/sklep\/produkt\/ladowarka-skyrc-t100-2x50w\/","url":"https:\/\/ironsky.pl\/sklep\/produkt\/ladowarka-skyrc-t100-2x50w\/","name":"\u0141adowarka SKYRC T100 2x50W - IRONSKY.PL Sklep z Dronami","isPartOf":{"@id":"https:\/\/ironsky.pl\/sklep\/#website"},"primaryImageOfPage":{"@id":"https:\/\/ironsky.pl\/sklep\/produkt\/ladowarka-skyrc-t100-2x50w\/#primaryimage"},"image":{"@id":"https:\/\/ironsky.pl\/sklep\/produkt\/ladowarka-skyrc-t100-2x50w\/#primaryimage"},"thumbnailUrl":"https:\/\/ironsky.pl\/sklep\/wp-content\/uploads\/2026\/04\/17413_1.jpg","datePublished":"2026-04-15T08:01:48+00:00","dateModified":"2026-04-15T08:42:01+00:00","description":"\u0141adowarka SKYRC T100 2x50W - \u2705 sklep z dronami i fachowym doradztwem. \u2705 Tutaj kupisz produkty DJI, Yuneec, Parrot, Syma i wiele innych, a tak\u017ce kursy i licencje na operatora drona.","breadcrumb":{"@id":"https:\/\/ironsky.pl\/sklep\/produkt\/ladowarka-skyrc-t100-2x50w\/#breadcrumb"},"inLanguage":"pl-PL","potentialAction":[{"@type":"ReadAction","target":["https:\/\/ironsky.pl\/sklep\/produkt\/ladowarka-skyrc-t100-2x50w\/"]}]},{"@type":"ImageObject","inLanguage":"pl-PL","@id":"https:\/\/ironsky.pl\/sklep\/produkt\/ladowarka-skyrc-t100-2x50w\/#primaryimage","url":"https:\/\/ironsky.pl\/sklep\/wp-content\/uploads\/2026\/04\/17413_1.jpg","contentUrl":"https:\/\/ironsky.pl\/sklep\/wp-content\/uploads\/2026\/04\/17413_1.jpg","width":900,"height":900},{"@type":"BreadcrumbList","@id":"https:\/\/ironsky.pl\/sklep\/produkt\/ladowarka-skyrc-t100-2x50w\/#breadcrumb","itemListElement":[{"@type":"ListItem","position":1,"name":"Strona g\u0142\u00f3wna","item":"https:\/\/ironsky.pl\/sklep\/"},{"@type":"ListItem","position":2,"name":"Wszystkie produkty","item":"https:\/\/ironsky.pl\/sklep\/produkty\/"},{"@type":"ListItem","position":3,"name":"\u0141adowarka SKYRC T100 2x50W"}]},{"@type":"WebSite","@id":"https:\/\/ironsky.pl\/sklep\/#website","url":"https:\/\/ironsky.pl\/sklep\/","name":"IRONSKY.PL Sklep z Dronami","description":"IRONSKY.PL Sklep z Dronami","potentialAction":[{"@type":"SearchAction","target":{"@type":"EntryPoint","urlTemplate":"https:\/\/ironsky.pl\/sklep\/?s={search_term_string}"},"query-input":{"@type":"PropertyValueSpecification","valueRequired":true,"valueName":"search_term_string"}}],"inLanguage":"pl-PL"}]}},"_links":{"self":[{"href":"https:\/\/ironsky.pl\/sklep\/wp-json\/wp\/v2\/product\/55256","targetHints":{"allow":["GET"]}}],"collection":[{"href":"https:\/\/ironsky.pl\/sklep\/wp-json\/wp\/v2\/product"}],"about":[{"href":"https:\/\/ironsky.pl\/sklep\/wp-json\/wp\/v2\/types\/product"}],"replies":[{"embeddable":true,"href":"https:\/\/ironsky.pl\/sklep\/wp-json\/wp\/v2\/comments?post=55256"}],"wp:featuredmedia":[{"embeddable":true,"href":"https:\/\/ironsky.pl\/sklep\/wp-json\/wp\/v2\/media\/55257"}],"wp:attachment":[{"href":"https:\/\/ironsky.pl\/sklep\/wp-json\/wp\/v2\/media?parent=55256"}],"wp:term":[{"taxonomy":"product_brand","embeddable":true,"href":"https:\/\/ironsky.pl\/sklep\/wp-json\/wp\/v2\/product_brand?post=55256"},{"taxonomy":"product_cat","embeddable":true,"href":"https:\/\/ironsky.pl\/sklep\/wp-json\/wp\/v2\/product_cat?post=55256"},{"taxonomy":"product_tag","embeddable":true,"href":"https:\/\/ironsky.pl\/sklep\/wp-json\/wp\/v2\/product_tag?post=55256"}],"curies":[{"name":"wp","href":"https:\/\/api.w.org\/{rel}","templated":true}]}}