{"id":55251,"date":"2026-04-15T10:01:48","date_gmt":"2026-04-15T08:01:48","guid":{"rendered":"https:\/\/ironsky.pl\/sklep\/produkt\/torba-transportowa-dji-mavic-mini-niebiesko-zolta\/"},"modified":"2026-04-15T10:01:49","modified_gmt":"2026-04-15T08:01:49","slug":"torba-transportowa-dji-mavic-mini-niebiesko-zolta","status":"publish","type":"product","link":"https:\/\/ironsky.pl\/sklep\/produkt\/torba-transportowa-dji-mavic-mini-niebiesko-zolta\/","title":{"rendered":"Torba transportowa DJI Mavic Mini (niebiesko-\u017c\u00f3\u0142ta)"},"content":{"rendered":"<h3>Styl i bezpiecze\u0144stwo <\/h3>\n<p>Torba do DJI Mavic Mini \/ Osmo Pocket \/ Osmo Action to wysokiej jako\u015bci wykonanie i bezpiecze\u0144stwo transportu. Doskonale nadaje si\u0119 do transportu w torbie czy plecaku ze wzgl\u0119du na swoje niewielkie wymiary. Zapewnia dla nas  odpowiedni\u0105 \u0142adowno\u015b\u0107 akcesori\u00f3w czy dodatk\u00f3w. W\u015br\u00f3d nich mo\u017ce znajdowa\u0107 si\u0119 hub do \u0142adowania akumulator\u00f3w, aparatur\u0119 zdalnego sterowania, niezb\u0119dne akcesoria lub produkty Osmo Pocket i Osmo Action. Pasek pozwala nam zawiesi\u0107 torb\u0119 na rami\u0119 dla wi\u0119kszego komfortu transportu.<\/p>\n<p><img decoding=\"async\" src=\"https:\/\/b2b.innpro.pl\/data\/include\/cms\/121_Agnieksza\/DJI-mavic\/Torba-transportowa-DJI-Mavic-Mini-niebiesko-zolta1.jpg\" alt=\"121_Agnieksza\/DJI-mavic\/Torba-transportowa-DJI-Mavic-Mini-niebiesko-zolta1\"><\/p>\n<h3>Kompatybilno\u015b\u0107<\/h3>\n<ul>\n<li>DJI Mavic Mini         <\/li>\n<li>DJI Mini 2 <\/li>\n<\/ul>\n<div class=\"table-wrapper\">\n<table>\n<tbody>\n<tr>\n<th>Materia\u0142         <\/th>\n<td>Poliester 77%, PVC 23%<\/td>\n<\/tr>\n<tr>\n<th>Wymiary<\/th>\n<td>150 x 150 x 55 mm<\/td>\n<\/tr>\n<\/tbody>\n<\/table>\n<\/div>\n","protected":false},"excerpt":{"rendered":"<p>Styl i bezpiecze\u0144stwo Torba do DJI Mavic Mini \/ Osmo Pocket \/ Osmo Action to wysokiej jako\u015bci wykonanie i bezpiecze\u0144stwo<\/p>\n","protected":false},"featured_media":55252,"comment_status":"closed","ping_status":"open","template":"","meta":{"_acf_changed":false},"product_brand":[],"product_cat":[6167,6170,1088],"product_tag":[],"class_list":{"0":"post-55251","1":"product","2":"type-product","3":"status-publish","4":"has-post-thumbnail","6":"product_cat-akcesoria-do-dronow","7":"product_cat-dji-akcesoria-do-dronow","8":"product_cat-drony","9":"pa_producent-dji","11":"first","12":"instock","13":"taxable","14":"shipping-taxable","15":"purchasable","16":"product-type-simple"},"acf":[],"yoast_head":"<!-- This site is optimized with the Yoast SEO plugin v27.2 - https:\/\/yoast.com\/product\/yoast-seo-wordpress\/ -->\n<title>Torba transportowa DJI Mavic Mini (niebiesko-\u017c\u00f3\u0142ta) - IRONSKY.PL Sklep z Dronami<\/title>\n<meta name=\"description\" content=\"Torba transportowa DJI Mavic Mini (niebiesko-\u017c\u00f3\u0142ta) - \u2705 sklep z dronami i fachowym doradztwem. \u2705 Tutaj kupisz produkty DJI, Yuneec, Parrot, Syma i wiele innych, a tak\u017ce kursy i licencje na operatora drona.\" \/>\n<meta name=\"robots\" content=\"index, follow, max-snippet:-1, max-image-preview:large, max-video-preview:-1\" \/>\n<link rel=\"canonical\" href=\"https:\/\/ironsky.pl\/sklep\/produkt\/torba-transportowa-dji-mavic-mini-niebiesko-zolta\/\" \/>\n<meta property=\"og:locale\" content=\"pl_PL\" \/>\n<meta property=\"og:type\" content=\"article\" \/>\n<meta property=\"og:title\" content=\"Torba transportowa DJI Mavic Mini (niebiesko-\u017c\u00f3\u0142ta) - IRONSKY.PL Sklep z Dronami\" \/>\n<meta property=\"og:description\" content=\"Torba transportowa DJI Mavic Mini (niebiesko-\u017c\u00f3\u0142ta) - \u2705 sklep z dronami i fachowym doradztwem. \u2705 Tutaj kupisz produkty DJI, Yuneec, Parrot, Syma i wiele innych, a tak\u017ce kursy i licencje na operatora drona.\" \/>\n<meta property=\"og:url\" content=\"https:\/\/ironsky.pl\/sklep\/produkt\/torba-transportowa-dji-mavic-mini-niebiesko-zolta\/\" \/>\n<meta property=\"og:site_name\" content=\"IRONSKY.PL Sklep z Dronami\" \/>\n<meta property=\"article:modified_time\" content=\"2026-04-15T08:01:49+00:00\" \/>\n<meta property=\"og:image\" content=\"https:\/\/ironsky.pl\/sklep\/wp-content\/uploads\/2026\/04\/17407_4.jpg\" \/>\n\t<meta property=\"og:image:width\" content=\"849\" \/>\n\t<meta property=\"og:image:height\" content=\"508\" \/>\n\t<meta property=\"og:image:type\" content=\"image\/jpeg\" \/>\n<meta name=\"twitter:card\" content=\"summary_large_image\" \/>\n<script type=\"application\/ld+json\" class=\"yoast-schema-graph\">{\"@context\":\"https:\/\/schema.org\",\"@graph\":[{\"@type\":\"WebPage\",\"@id\":\"https:\/\/ironsky.pl\/sklep\/produkt\/torba-transportowa-dji-mavic-mini-niebiesko-zolta\/\",\"url\":\"https:\/\/ironsky.pl\/sklep\/produkt\/torba-transportowa-dji-mavic-mini-niebiesko-zolta\/\",\"name\":\"Torba transportowa DJI Mavic Mini (niebiesko-\u017c\u00f3\u0142ta) - IRONSKY.PL Sklep z Dronami\",\"isPartOf\":{\"@id\":\"https:\/\/ironsky.pl\/sklep\/#website\"},\"primaryImageOfPage\":{\"@id\":\"https:\/\/ironsky.pl\/sklep\/produkt\/torba-transportowa-dji-mavic-mini-niebiesko-zolta\/#primaryimage\"},\"image\":{\"@id\":\"https:\/\/ironsky.pl\/sklep\/produkt\/torba-transportowa-dji-mavic-mini-niebiesko-zolta\/#primaryimage\"},\"thumbnailUrl\":\"https:\/\/ironsky.pl\/sklep\/wp-content\/uploads\/2026\/04\/17407_4.jpg\",\"datePublished\":\"2026-04-15T08:01:48+00:00\",\"dateModified\":\"2026-04-15T08:01:49+00:00\",\"description\":\"Torba transportowa DJI Mavic Mini (niebiesko-\u017c\u00f3\u0142ta) - \u2705 sklep z dronami i fachowym doradztwem. \u2705 Tutaj kupisz produkty DJI, Yuneec, Parrot, Syma i wiele innych, a tak\u017ce kursy i licencje na operatora drona.\",\"breadcrumb\":{\"@id\":\"https:\/\/ironsky.pl\/sklep\/produkt\/torba-transportowa-dji-mavic-mini-niebiesko-zolta\/#breadcrumb\"},\"inLanguage\":\"pl-PL\",\"potentialAction\":[{\"@type\":\"ReadAction\",\"target\":[\"https:\/\/ironsky.pl\/sklep\/produkt\/torba-transportowa-dji-mavic-mini-niebiesko-zolta\/\"]}]},{\"@type\":\"ImageObject\",\"inLanguage\":\"pl-PL\",\"@id\":\"https:\/\/ironsky.pl\/sklep\/produkt\/torba-transportowa-dji-mavic-mini-niebiesko-zolta\/#primaryimage\",\"url\":\"https:\/\/ironsky.pl\/sklep\/wp-content\/uploads\/2026\/04\/17407_4.jpg\",\"contentUrl\":\"https:\/\/ironsky.pl\/sklep\/wp-content\/uploads\/2026\/04\/17407_4.jpg\",\"width\":849,\"height\":508},{\"@type\":\"BreadcrumbList\",\"@id\":\"https:\/\/ironsky.pl\/sklep\/produkt\/torba-transportowa-dji-mavic-mini-niebiesko-zolta\/#breadcrumb\",\"itemListElement\":[{\"@type\":\"ListItem\",\"position\":1,\"name\":\"Strona g\u0142\u00f3wna\",\"item\":\"https:\/\/ironsky.pl\/sklep\/\"},{\"@type\":\"ListItem\",\"position\":2,\"name\":\"Wszystkie produkty\",\"item\":\"https:\/\/ironsky.pl\/sklep\/produkty\/\"},{\"@type\":\"ListItem\",\"position\":3,\"name\":\"Torba transportowa DJI Mavic Mini (niebiesko-\u017c\u00f3\u0142ta)\"}]},{\"@type\":\"WebSite\",\"@id\":\"https:\/\/ironsky.pl\/sklep\/#website\",\"url\":\"https:\/\/ironsky.pl\/sklep\/\",\"name\":\"IRONSKY.PL Sklep z Dronami\",\"description\":\"IRONSKY.PL Sklep z Dronami\",\"potentialAction\":[{\"@type\":\"SearchAction\",\"target\":{\"@type\":\"EntryPoint\",\"urlTemplate\":\"https:\/\/ironsky.pl\/sklep\/?s={search_term_string}\"},\"query-input\":{\"@type\":\"PropertyValueSpecification\",\"valueRequired\":true,\"valueName\":\"search_term_string\"}}],\"inLanguage\":\"pl-PL\"}]}<\/script>\n<!-- \/ Yoast SEO plugin. -->","yoast_head_json":{"title":"Torba transportowa DJI Mavic Mini (niebiesko-\u017c\u00f3\u0142ta) - IRONSKY.PL Sklep z Dronami","description":"Torba transportowa DJI Mavic Mini (niebiesko-\u017c\u00f3\u0142ta) - \u2705 sklep z dronami i fachowym doradztwem. \u2705 Tutaj kupisz produkty DJI, Yuneec, Parrot, Syma i wiele innych, a tak\u017ce kursy i licencje na operatora drona.","robots":{"index":"index","follow":"follow","max-snippet":"max-snippet:-1","max-image-preview":"max-image-preview:large","max-video-preview":"max-video-preview:-1"},"canonical":"https:\/\/ironsky.pl\/sklep\/produkt\/torba-transportowa-dji-mavic-mini-niebiesko-zolta\/","og_locale":"pl_PL","og_type":"article","og_title":"Torba transportowa DJI Mavic Mini (niebiesko-\u017c\u00f3\u0142ta) - IRONSKY.PL Sklep z Dronami","og_description":"Torba transportowa DJI Mavic Mini (niebiesko-\u017c\u00f3\u0142ta) - \u2705 sklep z dronami i fachowym doradztwem. \u2705 Tutaj kupisz produkty DJI, Yuneec, Parrot, Syma i wiele innych, a tak\u017ce kursy i licencje na operatora drona.","og_url":"https:\/\/ironsky.pl\/sklep\/produkt\/torba-transportowa-dji-mavic-mini-niebiesko-zolta\/","og_site_name":"IRONSKY.PL Sklep z Dronami","article_modified_time":"2026-04-15T08:01:49+00:00","og_image":[{"width":849,"height":508,"url":"https:\/\/ironsky.pl\/sklep\/wp-content\/uploads\/2026\/04\/17407_4.jpg","type":"image\/jpeg"}],"twitter_card":"summary_large_image","schema":{"@context":"https:\/\/schema.org","@graph":[{"@type":"WebPage","@id":"https:\/\/ironsky.pl\/sklep\/produkt\/torba-transportowa-dji-mavic-mini-niebiesko-zolta\/","url":"https:\/\/ironsky.pl\/sklep\/produkt\/torba-transportowa-dji-mavic-mini-niebiesko-zolta\/","name":"Torba transportowa DJI Mavic Mini (niebiesko-\u017c\u00f3\u0142ta) - IRONSKY.PL Sklep z Dronami","isPartOf":{"@id":"https:\/\/ironsky.pl\/sklep\/#website"},"primaryImageOfPage":{"@id":"https:\/\/ironsky.pl\/sklep\/produkt\/torba-transportowa-dji-mavic-mini-niebiesko-zolta\/#primaryimage"},"image":{"@id":"https:\/\/ironsky.pl\/sklep\/produkt\/torba-transportowa-dji-mavic-mini-niebiesko-zolta\/#primaryimage"},"thumbnailUrl":"https:\/\/ironsky.pl\/sklep\/wp-content\/uploads\/2026\/04\/17407_4.jpg","datePublished":"2026-04-15T08:01:48+00:00","dateModified":"2026-04-15T08:01:49+00:00","description":"Torba transportowa DJI Mavic Mini (niebiesko-\u017c\u00f3\u0142ta) - \u2705 sklep z dronami i fachowym doradztwem. \u2705 Tutaj kupisz produkty DJI, Yuneec, Parrot, Syma i wiele innych, a tak\u017ce kursy i licencje na operatora drona.","breadcrumb":{"@id":"https:\/\/ironsky.pl\/sklep\/produkt\/torba-transportowa-dji-mavic-mini-niebiesko-zolta\/#breadcrumb"},"inLanguage":"pl-PL","potentialAction":[{"@type":"ReadAction","target":["https:\/\/ironsky.pl\/sklep\/produkt\/torba-transportowa-dji-mavic-mini-niebiesko-zolta\/"]}]},{"@type":"ImageObject","inLanguage":"pl-PL","@id":"https:\/\/ironsky.pl\/sklep\/produkt\/torba-transportowa-dji-mavic-mini-niebiesko-zolta\/#primaryimage","url":"https:\/\/ironsky.pl\/sklep\/wp-content\/uploads\/2026\/04\/17407_4.jpg","contentUrl":"https:\/\/ironsky.pl\/sklep\/wp-content\/uploads\/2026\/04\/17407_4.jpg","width":849,"height":508},{"@type":"BreadcrumbList","@id":"https:\/\/ironsky.pl\/sklep\/produkt\/torba-transportowa-dji-mavic-mini-niebiesko-zolta\/#breadcrumb","itemListElement":[{"@type":"ListItem","position":1,"name":"Strona g\u0142\u00f3wna","item":"https:\/\/ironsky.pl\/sklep\/"},{"@type":"ListItem","position":2,"name":"Wszystkie produkty","item":"https:\/\/ironsky.pl\/sklep\/produkty\/"},{"@type":"ListItem","position":3,"name":"Torba transportowa DJI Mavic Mini (niebiesko-\u017c\u00f3\u0142ta)"}]},{"@type":"WebSite","@id":"https:\/\/ironsky.pl\/sklep\/#website","url":"https:\/\/ironsky.pl\/sklep\/","name":"IRONSKY.PL Sklep z Dronami","description":"IRONSKY.PL Sklep z Dronami","potentialAction":[{"@type":"SearchAction","target":{"@type":"EntryPoint","urlTemplate":"https:\/\/ironsky.pl\/sklep\/?s={search_term_string}"},"query-input":{"@type":"PropertyValueSpecification","valueRequired":true,"valueName":"search_term_string"}}],"inLanguage":"pl-PL"}]}},"_links":{"self":[{"href":"https:\/\/ironsky.pl\/sklep\/wp-json\/wp\/v2\/product\/55251","targetHints":{"allow":["GET"]}}],"collection":[{"href":"https:\/\/ironsky.pl\/sklep\/wp-json\/wp\/v2\/product"}],"about":[{"href":"https:\/\/ironsky.pl\/sklep\/wp-json\/wp\/v2\/types\/product"}],"replies":[{"embeddable":true,"href":"https:\/\/ironsky.pl\/sklep\/wp-json\/wp\/v2\/comments?post=55251"}],"wp:featuredmedia":[{"embeddable":true,"href":"https:\/\/ironsky.pl\/sklep\/wp-json\/wp\/v2\/media\/55252"}],"wp:attachment":[{"href":"https:\/\/ironsky.pl\/sklep\/wp-json\/wp\/v2\/media?parent=55251"}],"wp:term":[{"taxonomy":"product_brand","embeddable":true,"href":"https:\/\/ironsky.pl\/sklep\/wp-json\/wp\/v2\/product_brand?post=55251"},{"taxonomy":"product_cat","embeddable":true,"href":"https:\/\/ironsky.pl\/sklep\/wp-json\/wp\/v2\/product_cat?post=55251"},{"taxonomy":"product_tag","embeddable":true,"href":"https:\/\/ironsky.pl\/sklep\/wp-json\/wp\/v2\/product_tag?post=55251"}],"curies":[{"name":"wp","href":"https:\/\/api.w.org\/{rel}","templated":true}]}}