{"id":55237,"date":"2026-04-15T10:01:12","date_gmt":"2026-04-15T08:01:12","guid":{"rendered":"https:\/\/ironsky.pl\/sklep\/produkt\/ladowarka-skyrc-imax-b6-v2-60w-6a\/"},"modified":"2026-04-15T10:42:00","modified_gmt":"2026-04-15T08:42:00","slug":"ladowarka-skyrc-imax-b6-v2-60w-6a","status":"publish","type":"product","link":"https:\/\/ironsky.pl\/sklep\/produkt\/ladowarka-skyrc-imax-b6-v2-60w-6a\/","title":{"rendered":"\u0141adowarka SKYRC iMax B6 V2 60W 6A"},"content":{"rendered":"<h3>Klasyk w nowej ods\u0142onie<\/h3>\n<p>iMax B6 V2 to unowocze\u015bniona\u00a0wersja najpopularniejszej \u0142adowarki w\u015br\u00f3d u\u017cytkownik\u00f3w modeli RC i pierwszej w historii marki SkyRC. \u0141adowarka o wysokiej jako\u015bci ze sterowanym mikroprocesorem \u0142adowaniem, roz\u0142adowaniem i regulowanym zasilaniem DC jest kompatybilna ze wszystkimi g\u0142\u00f3wnymi typami akumulator\u00f3w (LiPo \/ LiFe \/\u00a0 Li-Ion, LiHV, NiMH, NICd, Pb). SkyRC iMAX b6 V2 posiada teraz moc \u0142adowania 60 W z pr\u0105dem \u0142adowania do 6 A. Dodatkowo obs\u0142uguje \u0142adowanie akumulator\u00f3w do DJI Mavic i DJI Inspire z maksymaln\u0105 moc\u0105 \u0142adowania 4 A.<\/p>\n<p><img decoding=\"async\" src=\"https:\/\/b2b.innpro.pl\/data\/include\/cms\/2Szymon\/SkyRC\/b6v2-1.jpg\"><\/p>\n<h3>Nowe\u00a0funkcje<\/h3>\n<p>Na ekranie \u0142adowarki iMAX b6 V2 mo\u017cna teraz zauwa\u017cy\u0107\u00a0intuicyjn\u0105 ikon\u0119 na\u0142adowania akumulatora, a tak\u017ce zapis procentowy na\u0142adowania akumulatora. Dzi\u0119ki temu z du\u017c\u0105 wi\u0119ksz\u0105 \u0142atwo\u015bci\u0105 mo\u017cna oceni\u0107 poziom na\u0142adowania i roz\u0142adowania akumulatora.<\/p>\n<p><img decoding=\"async\" src=\"https:\/\/b2b.innpro.pl\/data\/include\/cms\/2Szymon\/SkyRC\/b6v2\/dianchi.gif\"><\/p>\n<h3>Wysokiej jako\u015bci mikroprocesor<\/h3>\n<p>32-bitowy Mikroprocesor ARM Cortex-M3 o wysokiej szybko\u015bci zapewnia p\u0142ynne i b\u0142yskawiczne przetwarzanie danych. W por\u00f3wnaniu z poprzedni\u0105 wersj\u0105 oznacza to dwudziestokrotnie wi\u0119ksze mo\u017cliwo\u015bci. Korzystaj\u0105c ze sprawdzona zakresu napi\u0119cia 2,5 V &#8211; 5,5 V mikroprocesor posiada r\u00f3wnie\u017c silnie w\u0142a\u015bciwo\u015bci przezak\u0142\u00f3ceniowe.<\/p>\n<p><img decoding=\"async\" src=\"https:\/\/b2b.innpro.pl\/data\/include\/cms\/2Szymon\/SkyRC\/b6v2\/b6v2-2.jpg\"><\/p>\n<h3>Konwerter DC \/ DC<\/h3>\n<p>B6 V2 posiada wbudowany port zasilania DC, kt\u00f3ry posiada mo\u017cliwo\u015b\u0107 zasilania urz\u0105dze\u0144 moc\u0105 60 W w zakresie napi\u0119cia 11-18\u00a0V i pr\u0105dem 1-6 A. Dzi\u0119ki tej \u0142adowarce kierowcy RC posiadaj\u0105 u\u017cyteczny gad\u017cet do zasilania takich urz\u0105dze\u0144, jak podgrzewacze opon, lampy warsztatowe itp.<\/p>\n<p><img decoding=\"async\" src=\"https:\/\/b2b.innpro.pl\/data\/include\/cms\/2Szymon\/SkyRC\/b6v2\/b6v2-3.jpg\"><\/p>\n<h3>\u0141adowanie akumulator\u00f3w PB w trybie zimnym &#038; AGM<\/h3>\n<p>\u0141adowarka jest w stanie na\u0142adowa\u0107 akumulatory AGM i akumulatory kwasowo-o\u0142owiowe w niskich temperaturach.<\/p>\n<p><img decoding=\"async\" src=\"https:\/\/b2b.innpro.pl\/data\/include\/cms\/2Szymon\/SkyRC\/b6v2\/b6v2-4.jpg\"><\/p>\n<h3>Zabezpieczenie termiczne<\/h3>\n<p>Wewn\u0119trzne procesy chemiczna akumulatora spowoduj\u0105 wzrost jego temperatury. Gdy przekroczy ona ustalony pr\u00f3g proces \u0142adowania zostaje przerwany. Ta funkcja jest dost\u0119pna po pod\u0142\u0105czeniu opcjonalnego czujnika temperatury, kt\u00f3ry nale\u017cy zakupi\u0107 oddzielnie.<\/p>\n<p><img decoding=\"async\" src=\"https:\/\/b2b.innpro.pl\/data\/include\/cms\/2Szymon\/SkyRC\/b6v2\/b6v2-5.jpg\"><\/p>\n<div class=\"table-wrapper\">\n<table class=\"iai_table\">\n<tbody>\n<tr>\n<td><span><span><strong>W zestawie<\/p>\n<p><\/strong> <\/span><\/span><\/td>\n<td><span><span><strong>Specyfikacja<\/p>\n<p><\/strong> <\/span><\/span><\/td>\n<\/tr>\n<tr>\n<td>\u0141adowarka iMax\u00a0B6 V2\u00a0 \u00a0 \u00a0 \u00a0 \u00a0 \u00a0 \u00a0 \u00a0 \u00a0 \u00a0 \u00a0 \u00a0 \u00a0 \u00a0 \u00a0 \u00a0 \u00a0 \u00a0 \u00a0 \u00a0 \u00a0\u00a0<br \/>Kabel zasilaj\u0105cy DC<br \/><span>Kabel \u0142adowania Dean<\/span><br \/><span>Kabel \u0142adowania bez konektora<\/span><\/p>\n<p><\/td>\n<td>\n<p>Waga 238 g<br \/>Wej\u015bciowe napi\u0119cie DC 11-18 V<br \/>Wymiary: 115 x 84 x 31 mm<br \/>Max. \u0141adowanie 60W<br \/>Max. Roz\u0142adowanie 5 W<br \/>Zakres pr\u0105du \u0142adowania 0.1-6.0 A<br \/>Zakres pradu roz\u0142adowania 0.1-1.0 A<br \/>Pob\u00f3r pr\u0105du na cel 300mA\/cel<br \/>Napi\u0119cie baterii PB 2-20V<br \/>LiPo\/LiFe\/Lilon\/LiHV ilo\u015b\u0107 \u0142adowanych celi 1-6S<br \/>NiMH\/NiCd ilo\u015b\u0107 \u0142adowanych celi 1-15S<\/p>\n<\/td>\n<\/tr>\n<\/tbody>\n<\/table>\n<\/div>\n","protected":false},"excerpt":{"rendered":"<p>Klasyk w nowej ods\u0142onie iMax B6 V2 to unowocze\u015bniona\u00a0wersja najpopularniejszej \u0142adowarki w\u015br\u00f3d u\u017cytkownik\u00f3w modeli RC i pierwszej w historii marki<\/p>\n","protected":false},"featured_media":55238,"comment_status":"closed","ping_status":"open","template":"","meta":{"_acf_changed":false},"product_brand":[],"product_cat":[1173,1174,1169],"product_tag":[],"class_list":{"0":"post-55237","1":"product","2":"type-product","3":"status-publish","4":"has-post-thumbnail","6":"product_cat-ladowanie","7":"product_cat-ladowarki","8":"product_cat-modele-rc","9":"pa_okres-gwarancji-5754","10":"pa_producent-skyrc","12":"first","13":"outofstock","14":"taxable","15":"shipping-taxable","16":"purchasable","17":"product-type-simple"},"acf":[],"yoast_head":"<!-- This site is optimized with the Yoast SEO plugin v27.2 - https:\/\/yoast.com\/product\/yoast-seo-wordpress\/ -->\n<title>\u0141adowarka SKYRC iMax B6 V2 60W 6A - IRONSKY.PL Sklep z Dronami<\/title>\n<meta name=\"description\" content=\"\u0141adowarka SKYRC iMax B6 V2 60W 6A - \u2705 sklep z dronami i fachowym doradztwem. \u2705 Tutaj kupisz produkty DJI, Yuneec, Parrot, Syma i wiele innych, a tak\u017ce kursy i licencje na operatora drona.\" \/>\n<meta name=\"robots\" content=\"index, follow, max-snippet:-1, max-image-preview:large, max-video-preview:-1\" \/>\n<link rel=\"canonical\" href=\"https:\/\/ironsky.pl\/sklep\/produkt\/ladowarka-skyrc-imax-b6-v2-60w-6a\/\" \/>\n<meta property=\"og:locale\" content=\"pl_PL\" \/>\n<meta property=\"og:type\" content=\"article\" \/>\n<meta property=\"og:title\" content=\"\u0141adowarka SKYRC iMax B6 V2 60W 6A - IRONSKY.PL Sklep z Dronami\" \/>\n<meta property=\"og:description\" content=\"\u0141adowarka SKYRC iMax B6 V2 60W 6A - \u2705 sklep z dronami i fachowym doradztwem. \u2705 Tutaj kupisz produkty DJI, Yuneec, Parrot, Syma i wiele innych, a tak\u017ce kursy i licencje na operatora drona.\" \/>\n<meta property=\"og:url\" content=\"https:\/\/ironsky.pl\/sklep\/produkt\/ladowarka-skyrc-imax-b6-v2-60w-6a\/\" \/>\n<meta property=\"og:site_name\" content=\"IRONSKY.PL Sklep z Dronami\" \/>\n<meta property=\"article:modified_time\" content=\"2026-04-15T08:42:00+00:00\" \/>\n<meta property=\"og:image\" content=\"https:\/\/ironsky.pl\/sklep\/wp-content\/uploads\/2026\/04\/17340_2.jpg\" \/>\n\t<meta property=\"og:image:width\" content=\"1500\" \/>\n\t<meta property=\"og:image:height\" content=\"1000\" \/>\n\t<meta property=\"og:image:type\" content=\"image\/jpeg\" \/>\n<meta name=\"twitter:card\" content=\"summary_large_image\" \/>\n<meta name=\"twitter:label1\" content=\"Szacowany czas czytania\" \/>\n\t<meta name=\"twitter:data1\" content=\"2 minuty\" \/>\n<script type=\"application\/ld+json\" class=\"yoast-schema-graph\">{\"@context\":\"https:\/\/schema.org\",\"@graph\":[{\"@type\":\"WebPage\",\"@id\":\"https:\/\/ironsky.pl\/sklep\/produkt\/ladowarka-skyrc-imax-b6-v2-60w-6a\/\",\"url\":\"https:\/\/ironsky.pl\/sklep\/produkt\/ladowarka-skyrc-imax-b6-v2-60w-6a\/\",\"name\":\"\u0141adowarka SKYRC iMax B6 V2 60W 6A - IRONSKY.PL Sklep z Dronami\",\"isPartOf\":{\"@id\":\"https:\/\/ironsky.pl\/sklep\/#website\"},\"primaryImageOfPage\":{\"@id\":\"https:\/\/ironsky.pl\/sklep\/produkt\/ladowarka-skyrc-imax-b6-v2-60w-6a\/#primaryimage\"},\"image\":{\"@id\":\"https:\/\/ironsky.pl\/sklep\/produkt\/ladowarka-skyrc-imax-b6-v2-60w-6a\/#primaryimage\"},\"thumbnailUrl\":\"https:\/\/ironsky.pl\/sklep\/wp-content\/uploads\/2026\/04\/17340_2.jpg\",\"datePublished\":\"2026-04-15T08:01:12+00:00\",\"dateModified\":\"2026-04-15T08:42:00+00:00\",\"description\":\"\u0141adowarka SKYRC iMax B6 V2 60W 6A - \u2705 sklep z dronami i fachowym doradztwem. \u2705 Tutaj kupisz produkty DJI, Yuneec, Parrot, Syma i wiele innych, a tak\u017ce kursy i licencje na operatora drona.\",\"breadcrumb\":{\"@id\":\"https:\/\/ironsky.pl\/sklep\/produkt\/ladowarka-skyrc-imax-b6-v2-60w-6a\/#breadcrumb\"},\"inLanguage\":\"pl-PL\",\"potentialAction\":[{\"@type\":\"ReadAction\",\"target\":[\"https:\/\/ironsky.pl\/sklep\/produkt\/ladowarka-skyrc-imax-b6-v2-60w-6a\/\"]}]},{\"@type\":\"ImageObject\",\"inLanguage\":\"pl-PL\",\"@id\":\"https:\/\/ironsky.pl\/sklep\/produkt\/ladowarka-skyrc-imax-b6-v2-60w-6a\/#primaryimage\",\"url\":\"https:\/\/ironsky.pl\/sklep\/wp-content\/uploads\/2026\/04\/17340_2.jpg\",\"contentUrl\":\"https:\/\/ironsky.pl\/sklep\/wp-content\/uploads\/2026\/04\/17340_2.jpg\",\"width\":1500,\"height\":1000},{\"@type\":\"BreadcrumbList\",\"@id\":\"https:\/\/ironsky.pl\/sklep\/produkt\/ladowarka-skyrc-imax-b6-v2-60w-6a\/#breadcrumb\",\"itemListElement\":[{\"@type\":\"ListItem\",\"position\":1,\"name\":\"Strona g\u0142\u00f3wna\",\"item\":\"https:\/\/ironsky.pl\/sklep\/\"},{\"@type\":\"ListItem\",\"position\":2,\"name\":\"Wszystkie produkty\",\"item\":\"https:\/\/ironsky.pl\/sklep\/produkty\/\"},{\"@type\":\"ListItem\",\"position\":3,\"name\":\"\u0141adowarka SKYRC iMax B6 V2 60W 6A\"}]},{\"@type\":\"WebSite\",\"@id\":\"https:\/\/ironsky.pl\/sklep\/#website\",\"url\":\"https:\/\/ironsky.pl\/sklep\/\",\"name\":\"IRONSKY.PL Sklep z Dronami\",\"description\":\"IRONSKY.PL Sklep z Dronami\",\"potentialAction\":[{\"@type\":\"SearchAction\",\"target\":{\"@type\":\"EntryPoint\",\"urlTemplate\":\"https:\/\/ironsky.pl\/sklep\/?s={search_term_string}\"},\"query-input\":{\"@type\":\"PropertyValueSpecification\",\"valueRequired\":true,\"valueName\":\"search_term_string\"}}],\"inLanguage\":\"pl-PL\"}]}<\/script>\n<!-- \/ Yoast SEO plugin. -->","yoast_head_json":{"title":"\u0141adowarka SKYRC iMax B6 V2 60W 6A - IRONSKY.PL Sklep z Dronami","description":"\u0141adowarka SKYRC iMax B6 V2 60W 6A - \u2705 sklep z dronami i fachowym doradztwem. \u2705 Tutaj kupisz produkty DJI, Yuneec, Parrot, Syma i wiele innych, a tak\u017ce kursy i licencje na operatora drona.","robots":{"index":"index","follow":"follow","max-snippet":"max-snippet:-1","max-image-preview":"max-image-preview:large","max-video-preview":"max-video-preview:-1"},"canonical":"https:\/\/ironsky.pl\/sklep\/produkt\/ladowarka-skyrc-imax-b6-v2-60w-6a\/","og_locale":"pl_PL","og_type":"article","og_title":"\u0141adowarka SKYRC iMax B6 V2 60W 6A - IRONSKY.PL Sklep z Dronami","og_description":"\u0141adowarka SKYRC iMax B6 V2 60W 6A - \u2705 sklep z dronami i fachowym doradztwem. \u2705 Tutaj kupisz produkty DJI, Yuneec, Parrot, Syma i wiele innych, a tak\u017ce kursy i licencje na operatora drona.","og_url":"https:\/\/ironsky.pl\/sklep\/produkt\/ladowarka-skyrc-imax-b6-v2-60w-6a\/","og_site_name":"IRONSKY.PL Sklep z Dronami","article_modified_time":"2026-04-15T08:42:00+00:00","og_image":[{"width":1500,"height":1000,"url":"https:\/\/ironsky.pl\/sklep\/wp-content\/uploads\/2026\/04\/17340_2.jpg","type":"image\/jpeg"}],"twitter_card":"summary_large_image","twitter_misc":{"Szacowany czas czytania":"2 minuty"},"schema":{"@context":"https:\/\/schema.org","@graph":[{"@type":"WebPage","@id":"https:\/\/ironsky.pl\/sklep\/produkt\/ladowarka-skyrc-imax-b6-v2-60w-6a\/","url":"https:\/\/ironsky.pl\/sklep\/produkt\/ladowarka-skyrc-imax-b6-v2-60w-6a\/","name":"\u0141adowarka SKYRC iMax B6 V2 60W 6A - IRONSKY.PL Sklep z Dronami","isPartOf":{"@id":"https:\/\/ironsky.pl\/sklep\/#website"},"primaryImageOfPage":{"@id":"https:\/\/ironsky.pl\/sklep\/produkt\/ladowarka-skyrc-imax-b6-v2-60w-6a\/#primaryimage"},"image":{"@id":"https:\/\/ironsky.pl\/sklep\/produkt\/ladowarka-skyrc-imax-b6-v2-60w-6a\/#primaryimage"},"thumbnailUrl":"https:\/\/ironsky.pl\/sklep\/wp-content\/uploads\/2026\/04\/17340_2.jpg","datePublished":"2026-04-15T08:01:12+00:00","dateModified":"2026-04-15T08:42:00+00:00","description":"\u0141adowarka SKYRC iMax B6 V2 60W 6A - \u2705 sklep z dronami i fachowym doradztwem. \u2705 Tutaj kupisz produkty DJI, Yuneec, Parrot, Syma i wiele innych, a tak\u017ce kursy i licencje na operatora drona.","breadcrumb":{"@id":"https:\/\/ironsky.pl\/sklep\/produkt\/ladowarka-skyrc-imax-b6-v2-60w-6a\/#breadcrumb"},"inLanguage":"pl-PL","potentialAction":[{"@type":"ReadAction","target":["https:\/\/ironsky.pl\/sklep\/produkt\/ladowarka-skyrc-imax-b6-v2-60w-6a\/"]}]},{"@type":"ImageObject","inLanguage":"pl-PL","@id":"https:\/\/ironsky.pl\/sklep\/produkt\/ladowarka-skyrc-imax-b6-v2-60w-6a\/#primaryimage","url":"https:\/\/ironsky.pl\/sklep\/wp-content\/uploads\/2026\/04\/17340_2.jpg","contentUrl":"https:\/\/ironsky.pl\/sklep\/wp-content\/uploads\/2026\/04\/17340_2.jpg","width":1500,"height":1000},{"@type":"BreadcrumbList","@id":"https:\/\/ironsky.pl\/sklep\/produkt\/ladowarka-skyrc-imax-b6-v2-60w-6a\/#breadcrumb","itemListElement":[{"@type":"ListItem","position":1,"name":"Strona g\u0142\u00f3wna","item":"https:\/\/ironsky.pl\/sklep\/"},{"@type":"ListItem","position":2,"name":"Wszystkie produkty","item":"https:\/\/ironsky.pl\/sklep\/produkty\/"},{"@type":"ListItem","position":3,"name":"\u0141adowarka SKYRC iMax B6 V2 60W 6A"}]},{"@type":"WebSite","@id":"https:\/\/ironsky.pl\/sklep\/#website","url":"https:\/\/ironsky.pl\/sklep\/","name":"IRONSKY.PL Sklep z Dronami","description":"IRONSKY.PL Sklep z Dronami","potentialAction":[{"@type":"SearchAction","target":{"@type":"EntryPoint","urlTemplate":"https:\/\/ironsky.pl\/sklep\/?s={search_term_string}"},"query-input":{"@type":"PropertyValueSpecification","valueRequired":true,"valueName":"search_term_string"}}],"inLanguage":"pl-PL"}]}},"_links":{"self":[{"href":"https:\/\/ironsky.pl\/sklep\/wp-json\/wp\/v2\/product\/55237","targetHints":{"allow":["GET"]}}],"collection":[{"href":"https:\/\/ironsky.pl\/sklep\/wp-json\/wp\/v2\/product"}],"about":[{"href":"https:\/\/ironsky.pl\/sklep\/wp-json\/wp\/v2\/types\/product"}],"replies":[{"embeddable":true,"href":"https:\/\/ironsky.pl\/sklep\/wp-json\/wp\/v2\/comments?post=55237"}],"wp:featuredmedia":[{"embeddable":true,"href":"https:\/\/ironsky.pl\/sklep\/wp-json\/wp\/v2\/media\/55238"}],"wp:attachment":[{"href":"https:\/\/ironsky.pl\/sklep\/wp-json\/wp\/v2\/media?parent=55237"}],"wp:term":[{"taxonomy":"product_brand","embeddable":true,"href":"https:\/\/ironsky.pl\/sklep\/wp-json\/wp\/v2\/product_brand?post=55237"},{"taxonomy":"product_cat","embeddable":true,"href":"https:\/\/ironsky.pl\/sklep\/wp-json\/wp\/v2\/product_cat?post=55237"},{"taxonomy":"product_tag","embeddable":true,"href":"https:\/\/ironsky.pl\/sklep\/wp-json\/wp\/v2\/product_tag?post=55237"}],"curies":[{"name":"wp","href":"https:\/\/api.w.org\/{rel}","templated":true}]}}