{"id":55218,"date":"2026-04-15T10:01:12","date_gmt":"2026-04-15T08:01:12","guid":{"rendered":"https:\/\/ironsky.pl\/sklep\/produkt\/zasilacz-puluz-80cm-ac100-250v-dc18v-3a\/"},"modified":"2026-04-15T10:41:55","modified_gmt":"2026-04-15T08:41:55","slug":"zasilacz-puluz-80cm-ac100-250v-dc18v-3a","status":"publish","type":"product","link":"https:\/\/ironsky.pl\/sklep\/produkt\/zasilacz-puluz-80cm-ac100-250v-dc18v-3a\/","title":{"rendered":"Zasilacz PULUZ 80cm AC100-250V DC18V 3A"},"content":{"rendered":"<h3>Zasilacz namiotu bezcieniowego 80cm<\/h3>\n<p>Zasilacz do namiotu studyjnego marki Puluz. Wykonany z wysokiej jako\u015bci materia\u0142\u00f3w, bezpieczny podczas u\u017cytkowania. AC 100-250V &#8211; DC 18V 3A.<\/p>\n<p>\n<img decoding=\"async\" src=\"https:\/\/assets.innpro.pl\/14632\/18346\/PU2003EU-1.jpg\" border=\"0\" alt=\"\" \/>\n<\/p>\n<h3><\/h3>\n<p>\u00a0<\/p>\n<div class=\"table-wrapper\">\n<p>\u00a0<\/p>\n<h3><\/h3>\n<table>\n<tbody>\n<tr>\n<th>Model <\/th>\n<td>PU2003EU<\/td>\n<\/tr>\n<tr>\n<th>Wymiary <\/th>\n<td>146 mm x 56 mm x 33 mm<\/td>\n<\/tr>\n<\/tbody>\n<\/table>\n<\/div>\n","protected":false},"excerpt":{"rendered":"<p>Zasilacz namiotu bezcieniowego 80cm Zasilacz do namiotu studyjnego marki Puluz. Wykonany z wysokiej jako\u015bci materia\u0142\u00f3w, bezpieczny podczas u\u017cytkowania. AC 100-250V<\/p>\n","protected":false},"featured_media":55219,"comment_status":"closed","ping_status":"open","template":"","meta":{"_acf_changed":false},"product_brand":[],"product_cat":[1128,6183,6182],"product_tag":[],"class_list":{"0":"post-55218","1":"product","2":"type-product","3":"status-publish","4":"has-post-thumbnail","6":"product_cat-foto-wideo","7":"product_cat-namioty-bezcieniowe-studio-fotograficzne","8":"product_cat-studio-fotograficzne","9":"pa_okres-gwarancji-5754","10":"pa_producent-puluz","12":"first","13":"outofstock","14":"taxable","15":"shipping-taxable","16":"purchasable","17":"product-type-simple"},"acf":[],"yoast_head":"<!-- This site is optimized with the Yoast SEO plugin v27.2 - https:\/\/yoast.com\/product\/yoast-seo-wordpress\/ -->\n<title>Zasilacz PULUZ 80cm AC100-250V DC18V 3A - IRONSKY.PL Sklep z Dronami<\/title>\n<meta name=\"description\" content=\"Zasilacz PULUZ 80cm AC100-250V DC18V 3A - \u2705 sklep z dronami i fachowym doradztwem. \u2705 Tutaj kupisz produkty DJI, Yuneec, Parrot, Syma i wiele innych, a tak\u017ce kursy i licencje na operatora drona.\" \/>\n<meta name=\"robots\" content=\"index, follow, max-snippet:-1, max-image-preview:large, max-video-preview:-1\" \/>\n<link rel=\"canonical\" href=\"https:\/\/ironsky.pl\/sklep\/produkt\/zasilacz-puluz-80cm-ac100-250v-dc18v-3a\/\" \/>\n<meta property=\"og:locale\" content=\"pl_PL\" \/>\n<meta property=\"og:type\" content=\"article\" \/>\n<meta property=\"og:title\" content=\"Zasilacz PULUZ 80cm AC100-250V DC18V 3A - IRONSKY.PL Sklep z Dronami\" \/>\n<meta property=\"og:description\" content=\"Zasilacz PULUZ 80cm AC100-250V DC18V 3A - \u2705 sklep z dronami i fachowym doradztwem. \u2705 Tutaj kupisz produkty DJI, Yuneec, Parrot, Syma i wiele innych, a tak\u017ce kursy i licencje na operatora drona.\" \/>\n<meta property=\"og:url\" content=\"https:\/\/ironsky.pl\/sklep\/produkt\/zasilacz-puluz-80cm-ac100-250v-dc18v-3a\/\" \/>\n<meta property=\"og:site_name\" content=\"IRONSKY.PL Sklep z Dronami\" \/>\n<meta property=\"article:modified_time\" content=\"2026-04-15T08:41:55+00:00\" \/>\n<meta property=\"og:image\" content=\"https:\/\/ironsky.pl\/sklep\/wp-content\/uploads\/2026\/04\/16811_1.jpg\" \/>\n\t<meta property=\"og:image:width\" content=\"553\" \/>\n\t<meta property=\"og:image:height\" content=\"512\" \/>\n\t<meta property=\"og:image:type\" content=\"image\/jpeg\" \/>\n<meta name=\"twitter:card\" content=\"summary_large_image\" \/>\n<script type=\"application\/ld+json\" class=\"yoast-schema-graph\">{\"@context\":\"https:\/\/schema.org\",\"@graph\":[{\"@type\":\"WebPage\",\"@id\":\"https:\/\/ironsky.pl\/sklep\/produkt\/zasilacz-puluz-80cm-ac100-250v-dc18v-3a\/\",\"url\":\"https:\/\/ironsky.pl\/sklep\/produkt\/zasilacz-puluz-80cm-ac100-250v-dc18v-3a\/\",\"name\":\"Zasilacz PULUZ 80cm AC100-250V DC18V 3A - IRONSKY.PL Sklep z Dronami\",\"isPartOf\":{\"@id\":\"https:\/\/ironsky.pl\/sklep\/#website\"},\"primaryImageOfPage\":{\"@id\":\"https:\/\/ironsky.pl\/sklep\/produkt\/zasilacz-puluz-80cm-ac100-250v-dc18v-3a\/#primaryimage\"},\"image\":{\"@id\":\"https:\/\/ironsky.pl\/sklep\/produkt\/zasilacz-puluz-80cm-ac100-250v-dc18v-3a\/#primaryimage\"},\"thumbnailUrl\":\"https:\/\/ironsky.pl\/sklep\/wp-content\/uploads\/2026\/04\/16811_1.jpg\",\"datePublished\":\"2026-04-15T08:01:12+00:00\",\"dateModified\":\"2026-04-15T08:41:55+00:00\",\"description\":\"Zasilacz PULUZ 80cm AC100-250V DC18V 3A - \u2705 sklep z dronami i fachowym doradztwem. \u2705 Tutaj kupisz produkty DJI, Yuneec, Parrot, Syma i wiele innych, a tak\u017ce kursy i licencje na operatora drona.\",\"breadcrumb\":{\"@id\":\"https:\/\/ironsky.pl\/sklep\/produkt\/zasilacz-puluz-80cm-ac100-250v-dc18v-3a\/#breadcrumb\"},\"inLanguage\":\"pl-PL\",\"potentialAction\":[{\"@type\":\"ReadAction\",\"target\":[\"https:\/\/ironsky.pl\/sklep\/produkt\/zasilacz-puluz-80cm-ac100-250v-dc18v-3a\/\"]}]},{\"@type\":\"ImageObject\",\"inLanguage\":\"pl-PL\",\"@id\":\"https:\/\/ironsky.pl\/sklep\/produkt\/zasilacz-puluz-80cm-ac100-250v-dc18v-3a\/#primaryimage\",\"url\":\"https:\/\/ironsky.pl\/sklep\/wp-content\/uploads\/2026\/04\/16811_1.jpg\",\"contentUrl\":\"https:\/\/ironsky.pl\/sklep\/wp-content\/uploads\/2026\/04\/16811_1.jpg\",\"width\":553,\"height\":512},{\"@type\":\"BreadcrumbList\",\"@id\":\"https:\/\/ironsky.pl\/sklep\/produkt\/zasilacz-puluz-80cm-ac100-250v-dc18v-3a\/#breadcrumb\",\"itemListElement\":[{\"@type\":\"ListItem\",\"position\":1,\"name\":\"Strona g\u0142\u00f3wna\",\"item\":\"https:\/\/ironsky.pl\/sklep\/\"},{\"@type\":\"ListItem\",\"position\":2,\"name\":\"Wszystkie produkty\",\"item\":\"https:\/\/ironsky.pl\/sklep\/produkty\/\"},{\"@type\":\"ListItem\",\"position\":3,\"name\":\"Zasilacz PULUZ 80cm AC100-250V DC18V 3A\"}]},{\"@type\":\"WebSite\",\"@id\":\"https:\/\/ironsky.pl\/sklep\/#website\",\"url\":\"https:\/\/ironsky.pl\/sklep\/\",\"name\":\"IRONSKY.PL Sklep z Dronami\",\"description\":\"IRONSKY.PL Sklep z Dronami\",\"potentialAction\":[{\"@type\":\"SearchAction\",\"target\":{\"@type\":\"EntryPoint\",\"urlTemplate\":\"https:\/\/ironsky.pl\/sklep\/?s={search_term_string}\"},\"query-input\":{\"@type\":\"PropertyValueSpecification\",\"valueRequired\":true,\"valueName\":\"search_term_string\"}}],\"inLanguage\":\"pl-PL\"}]}<\/script>\n<!-- \/ Yoast SEO plugin. -->","yoast_head_json":{"title":"Zasilacz PULUZ 80cm AC100-250V DC18V 3A - IRONSKY.PL Sklep z Dronami","description":"Zasilacz PULUZ 80cm AC100-250V DC18V 3A - \u2705 sklep z dronami i fachowym doradztwem. \u2705 Tutaj kupisz produkty DJI, Yuneec, Parrot, Syma i wiele innych, a tak\u017ce kursy i licencje na operatora drona.","robots":{"index":"index","follow":"follow","max-snippet":"max-snippet:-1","max-image-preview":"max-image-preview:large","max-video-preview":"max-video-preview:-1"},"canonical":"https:\/\/ironsky.pl\/sklep\/produkt\/zasilacz-puluz-80cm-ac100-250v-dc18v-3a\/","og_locale":"pl_PL","og_type":"article","og_title":"Zasilacz PULUZ 80cm AC100-250V DC18V 3A - IRONSKY.PL Sklep z Dronami","og_description":"Zasilacz PULUZ 80cm AC100-250V DC18V 3A - \u2705 sklep z dronami i fachowym doradztwem. \u2705 Tutaj kupisz produkty DJI, Yuneec, Parrot, Syma i wiele innych, a tak\u017ce kursy i licencje na operatora drona.","og_url":"https:\/\/ironsky.pl\/sklep\/produkt\/zasilacz-puluz-80cm-ac100-250v-dc18v-3a\/","og_site_name":"IRONSKY.PL Sklep z Dronami","article_modified_time":"2026-04-15T08:41:55+00:00","og_image":[{"width":553,"height":512,"url":"https:\/\/ironsky.pl\/sklep\/wp-content\/uploads\/2026\/04\/16811_1.jpg","type":"image\/jpeg"}],"twitter_card":"summary_large_image","schema":{"@context":"https:\/\/schema.org","@graph":[{"@type":"WebPage","@id":"https:\/\/ironsky.pl\/sklep\/produkt\/zasilacz-puluz-80cm-ac100-250v-dc18v-3a\/","url":"https:\/\/ironsky.pl\/sklep\/produkt\/zasilacz-puluz-80cm-ac100-250v-dc18v-3a\/","name":"Zasilacz PULUZ 80cm AC100-250V DC18V 3A - IRONSKY.PL Sklep z Dronami","isPartOf":{"@id":"https:\/\/ironsky.pl\/sklep\/#website"},"primaryImageOfPage":{"@id":"https:\/\/ironsky.pl\/sklep\/produkt\/zasilacz-puluz-80cm-ac100-250v-dc18v-3a\/#primaryimage"},"image":{"@id":"https:\/\/ironsky.pl\/sklep\/produkt\/zasilacz-puluz-80cm-ac100-250v-dc18v-3a\/#primaryimage"},"thumbnailUrl":"https:\/\/ironsky.pl\/sklep\/wp-content\/uploads\/2026\/04\/16811_1.jpg","datePublished":"2026-04-15T08:01:12+00:00","dateModified":"2026-04-15T08:41:55+00:00","description":"Zasilacz PULUZ 80cm AC100-250V DC18V 3A - \u2705 sklep z dronami i fachowym doradztwem. \u2705 Tutaj kupisz produkty DJI, Yuneec, Parrot, Syma i wiele innych, a tak\u017ce kursy i licencje na operatora drona.","breadcrumb":{"@id":"https:\/\/ironsky.pl\/sklep\/produkt\/zasilacz-puluz-80cm-ac100-250v-dc18v-3a\/#breadcrumb"},"inLanguage":"pl-PL","potentialAction":[{"@type":"ReadAction","target":["https:\/\/ironsky.pl\/sklep\/produkt\/zasilacz-puluz-80cm-ac100-250v-dc18v-3a\/"]}]},{"@type":"ImageObject","inLanguage":"pl-PL","@id":"https:\/\/ironsky.pl\/sklep\/produkt\/zasilacz-puluz-80cm-ac100-250v-dc18v-3a\/#primaryimage","url":"https:\/\/ironsky.pl\/sklep\/wp-content\/uploads\/2026\/04\/16811_1.jpg","contentUrl":"https:\/\/ironsky.pl\/sklep\/wp-content\/uploads\/2026\/04\/16811_1.jpg","width":553,"height":512},{"@type":"BreadcrumbList","@id":"https:\/\/ironsky.pl\/sklep\/produkt\/zasilacz-puluz-80cm-ac100-250v-dc18v-3a\/#breadcrumb","itemListElement":[{"@type":"ListItem","position":1,"name":"Strona g\u0142\u00f3wna","item":"https:\/\/ironsky.pl\/sklep\/"},{"@type":"ListItem","position":2,"name":"Wszystkie produkty","item":"https:\/\/ironsky.pl\/sklep\/produkty\/"},{"@type":"ListItem","position":3,"name":"Zasilacz PULUZ 80cm AC100-250V DC18V 3A"}]},{"@type":"WebSite","@id":"https:\/\/ironsky.pl\/sklep\/#website","url":"https:\/\/ironsky.pl\/sklep\/","name":"IRONSKY.PL Sklep z Dronami","description":"IRONSKY.PL Sklep z Dronami","potentialAction":[{"@type":"SearchAction","target":{"@type":"EntryPoint","urlTemplate":"https:\/\/ironsky.pl\/sklep\/?s={search_term_string}"},"query-input":{"@type":"PropertyValueSpecification","valueRequired":true,"valueName":"search_term_string"}}],"inLanguage":"pl-PL"}]}},"_links":{"self":[{"href":"https:\/\/ironsky.pl\/sklep\/wp-json\/wp\/v2\/product\/55218","targetHints":{"allow":["GET"]}}],"collection":[{"href":"https:\/\/ironsky.pl\/sklep\/wp-json\/wp\/v2\/product"}],"about":[{"href":"https:\/\/ironsky.pl\/sklep\/wp-json\/wp\/v2\/types\/product"}],"replies":[{"embeddable":true,"href":"https:\/\/ironsky.pl\/sklep\/wp-json\/wp\/v2\/comments?post=55218"}],"wp:featuredmedia":[{"embeddable":true,"href":"https:\/\/ironsky.pl\/sklep\/wp-json\/wp\/v2\/media\/55219"}],"wp:attachment":[{"href":"https:\/\/ironsky.pl\/sklep\/wp-json\/wp\/v2\/media?parent=55218"}],"wp:term":[{"taxonomy":"product_brand","embeddable":true,"href":"https:\/\/ironsky.pl\/sklep\/wp-json\/wp\/v2\/product_brand?post=55218"},{"taxonomy":"product_cat","embeddable":true,"href":"https:\/\/ironsky.pl\/sklep\/wp-json\/wp\/v2\/product_cat?post=55218"},{"taxonomy":"product_tag","embeddable":true,"href":"https:\/\/ironsky.pl\/sklep\/wp-json\/wp\/v2\/product_tag?post=55218"}],"curies":[{"name":"wp","href":"https:\/\/api.w.org\/{rel}","templated":true}]}}