{"id":55211,"date":"2026-04-15T10:01:12","date_gmt":"2026-04-15T08:01:12","guid":{"rendered":"https:\/\/ironsky.pl\/sklep\/produkt\/akumulator-gens-ace-5000mah-444v-12s1p-ec5\/"},"modified":"2026-04-15T10:41:54","modified_gmt":"2026-04-15T08:41:54","slug":"akumulator-gens-ace-5000mah-444v-12s1p-ec5","status":"publish","type":"product","link":"https:\/\/ironsky.pl\/sklep\/produkt\/akumulator-gens-ace-5000mah-444v-12s1p-ec5\/","title":{"rendered":"Akumulator GENS ACE 5000mAh 44,4V 12S1P EC5"},"content":{"rendered":"<div style=\"text-align: left;\" class=\"iai_top\"><span style=\"font-size: 14pt;\"><span style=\"font-size: 14pt;\"><strong><span style=\"color: #999999;\"><\/p>\n<p>Opis produktu<\/span><\/strong><\/span><\/span><\/p>\n<hr \/>\n<\/div>\n<div class=\"iai_mid\">\n<div class=\"iai_left\"><span style=\"font-size: 12pt; color: #333333;\"><strong><br \/>Napi\u0119cie &#8211;<\/strong>\u00a044,4 V <\/span><br \/><span style=\"font-size: 12pt; color: #333333;\"><strong>Pojemno\u015b\u0107 &#8211;<\/strong>\u00a05000mAh <\/span><br \/><span style=\"font-size: 12pt; color: #333333;\"><strong>Ilo\u015b\u0107 cell &#8211;<\/strong>\u00a012<\/span><br \/><span style=\"font-size: 12pt; color: #333333;\"><strong>Typ konektora &#8211;<\/strong>\u00a0EC5<\/span><br \/><span style=\"font-size: 12pt; color: #333333;\"><strong>Typ balancera &#8211;<\/strong> JST-XHR\u00a0<\/span><br \/><span style=\"font-size: 12pt; color: #333333;\"><strong>Pr\u0105d roz\u0142adowania (ci\u0105g\u0142y) &#8211;<\/strong>\u00a060C<\/span><br \/><span style=\"font-size: 12pt; color: #333333;\"><strong>Pr\u0105d roz\u0142adowania (szczytowy) &#8211;<\/strong>\u00a0120C<\/span><br \/><span style=\"font-size: 12pt; color: #333333;\"><strong>D\u0142ugo\u015b\u0107 &#8211;<\/strong>\u00a0320 mm <\/span><br \/><span style=\"font-size: 12pt; color: #333333;\"><strong>Szeroko\u015b\u0107 &#8211;<\/strong>\u00a050 mm <\/span><br \/><span style=\"font-size: 12pt; color: #333333;\"><strong>Wysoko\u015b\u0107 &#8211;<\/strong>\u00a050 mm<br \/><strong>Waga\u00a0&#8211;<\/strong><span>\u00a01520 g<\/span><\/span><span style=\"font-size: 12pt; color: #333333;\"><\/p>\n<p><\/span><\/div>\n<div class=\"iai_left\"><span style=\"font-size: 12pt; color: #333333;\"><\/span><\/div>\n<div style=\"text-align: justify;\" class=\"iai_right\"><span style=\"font-size: 12pt; color: #333333;\"><br \/>Akumulatory o bezkonkurencyjnej jako\u015bci. Oferuj\u0105 wyj\u0105tkow\u0105 moc bez wzgl\u0119du na to czy u\u017cywasz mniejszych dron\u00f3w do zastosowa\u0144 rekreacyjnych lub ci\u0119\u017ckich platform do zastosowa\u0144 komercyjnych. Baterie cz\u0119sto wygl\u0105daj\u0105 podobnie z zewn\u0105trz &#8211; ich prawdziwa si\u0142a le\u017cy jednak w \u015brodku.<\/span><\/div>\n<div style=\"text-align: center;\" class=\"iai_top\"><\/div>\n<div style=\"text-align: left;\" class=\"iai_top\"><\/div>\n<div style=\"text-align: left;\" class=\"iai_top\"><span style=\"font-size: 12pt; color: #333333;\"><span style=\"font-size: 12pt; color: #333333;\"><span><span>\u00a0<\/span><\/span><\/span><\/span><\/div>\n<div style=\"text-align: center;\" class=\"iai_top\">\n<div style=\"text-align: left;\" class=\"iai_top\"><span><span style=\"color: #999999; font-size: 14pt;\"><strong>Instrukcja bezpiecze\u0144stwa<\/strong><\/span><br \/><\/span><\/p>\n<hr \/>\n<\/div>\n<div class=\"iai_mid\"><\/div>\n<\/div>\n<div style=\"text-align: justify;\" class=\"iai_top\"><span style=\"color: #333333; font-size: 12pt;\"><span style=\"color: #333333; font-size: 12pt;\"><br \/>Nie roz\u0142adowywa\u0107 poni\u017cej 3,0V na cel\u0119. \u0141adowa\u0107 tylko przy u\u017cyciu \u0142adowarki mikroprocesorowej w trybie \u0142adowania pakiet\u00f3w litowo-polimerowych.\u00a0Nie zwiera\u0107 biegun\u00f3w, nie przebija\u0107, nie wystawia\u0107 na bezpo\u015brednie dzia\u0142anie promieni s\u0142onecznych, przechowywa\u0107 z dala od przedmiot\u00f3w \u0142atwopalnych, utylizowa\u0107 w specjalnie przygotowanych pojemnikach<\/p>\n<p><\/span><\/span><\/div>\n<\/div>\n","protected":false},"excerpt":{"rendered":"<p>Opis produktu Napi\u0119cie &#8211;\u00a044,4 V Pojemno\u015b\u0107 &#8211;\u00a05000mAh Ilo\u015b\u0107 cell &#8211;\u00a012Typ konektora &#8211;\u00a0EC5Typ balancera &#8211; JST-XHR\u00a0Pr\u0105d roz\u0142adowania (ci\u0105g\u0142y) &#8211;\u00a060CPr\u0105d roz\u0142adowania (szczytowy)<\/p>\n","protected":false},"featured_media":55212,"comment_status":"closed","ping_status":"open","template":"","meta":{"_acf_changed":false},"product_brand":[],"product_cat":[1183,1182,1169],"product_tag":[],"class_list":{"0":"post-55211","1":"product","2":"type-product","3":"status-publish","4":"has-post-thumbnail","6":"product_cat-litowe-i-nimh","7":"product_cat-akumulatory","8":"product_cat-modele-rc","9":"pa_okres-gwarancji-5754","10":"pa_producent-gens-ace","12":"first","13":"outofstock","14":"taxable","15":"shipping-taxable","16":"purchasable","17":"product-type-simple"},"acf":[],"yoast_head":"<!-- This site is optimized with the Yoast SEO plugin v27.2 - https:\/\/yoast.com\/product\/yoast-seo-wordpress\/ -->\n<title>Akumulator GENS ACE 5000mAh 44,4V 12S1P EC5 - IRONSKY.PL Sklep z Dronami<\/title>\n<meta name=\"description\" content=\"Akumulator GENS ACE 5000mAh 44,4V 12S1P EC5 - \u2705 sklep z dronami i fachowym doradztwem. \u2705 Tutaj kupisz produkty DJI, Yuneec, Parrot, Syma i wiele innych, a tak\u017ce kursy i licencje na operatora drona.\" \/>\n<meta name=\"robots\" content=\"index, follow, max-snippet:-1, max-image-preview:large, max-video-preview:-1\" \/>\n<link rel=\"canonical\" href=\"https:\/\/ironsky.pl\/sklep\/produkt\/akumulator-gens-ace-5000mah-444v-12s1p-ec5\/\" \/>\n<meta property=\"og:locale\" content=\"pl_PL\" \/>\n<meta property=\"og:type\" content=\"article\" \/>\n<meta property=\"og:title\" content=\"Akumulator GENS ACE 5000mAh 44,4V 12S1P EC5 - IRONSKY.PL Sklep z Dronami\" \/>\n<meta property=\"og:description\" content=\"Akumulator GENS ACE 5000mAh 44,4V 12S1P EC5 - \u2705 sklep z dronami i fachowym doradztwem. \u2705 Tutaj kupisz produkty DJI, Yuneec, Parrot, Syma i wiele innych, a tak\u017ce kursy i licencje na operatora drona.\" \/>\n<meta property=\"og:url\" content=\"https:\/\/ironsky.pl\/sklep\/produkt\/akumulator-gens-ace-5000mah-444v-12s1p-ec5\/\" \/>\n<meta property=\"og:site_name\" content=\"IRONSKY.PL Sklep z Dronami\" \/>\n<meta property=\"article:modified_time\" content=\"2026-04-15T08:41:54+00:00\" \/>\n<meta property=\"og:image\" content=\"https:\/\/ironsky.pl\/sklep\/wp-content\/uploads\/2026\/04\/16633_1.jpg\" \/>\n\t<meta property=\"og:image:width\" content=\"760\" \/>\n\t<meta property=\"og:image:height\" content=\"461\" \/>\n\t<meta property=\"og:image:type\" content=\"image\/jpeg\" \/>\n<meta name=\"twitter:card\" content=\"summary_large_image\" \/>\n<meta name=\"twitter:label1\" content=\"Szacowany czas czytania\" \/>\n\t<meta name=\"twitter:data1\" content=\"1 minuta\" \/>\n<script type=\"application\/ld+json\" class=\"yoast-schema-graph\">{\"@context\":\"https:\/\/schema.org\",\"@graph\":[{\"@type\":\"WebPage\",\"@id\":\"https:\/\/ironsky.pl\/sklep\/produkt\/akumulator-gens-ace-5000mah-444v-12s1p-ec5\/\",\"url\":\"https:\/\/ironsky.pl\/sklep\/produkt\/akumulator-gens-ace-5000mah-444v-12s1p-ec5\/\",\"name\":\"Akumulator GENS ACE 5000mAh 44,4V 12S1P EC5 - IRONSKY.PL Sklep z Dronami\",\"isPartOf\":{\"@id\":\"https:\/\/ironsky.pl\/sklep\/#website\"},\"primaryImageOfPage\":{\"@id\":\"https:\/\/ironsky.pl\/sklep\/produkt\/akumulator-gens-ace-5000mah-444v-12s1p-ec5\/#primaryimage\"},\"image\":{\"@id\":\"https:\/\/ironsky.pl\/sklep\/produkt\/akumulator-gens-ace-5000mah-444v-12s1p-ec5\/#primaryimage\"},\"thumbnailUrl\":\"https:\/\/ironsky.pl\/sklep\/wp-content\/uploads\/2026\/04\/16633_1.jpg\",\"datePublished\":\"2026-04-15T08:01:12+00:00\",\"dateModified\":\"2026-04-15T08:41:54+00:00\",\"description\":\"Akumulator GENS ACE 5000mAh 44,4V 12S1P EC5 - \u2705 sklep z dronami i fachowym doradztwem. \u2705 Tutaj kupisz produkty DJI, Yuneec, Parrot, Syma i wiele innych, a tak\u017ce kursy i licencje na operatora drona.\",\"breadcrumb\":{\"@id\":\"https:\/\/ironsky.pl\/sklep\/produkt\/akumulator-gens-ace-5000mah-444v-12s1p-ec5\/#breadcrumb\"},\"inLanguage\":\"pl-PL\",\"potentialAction\":[{\"@type\":\"ReadAction\",\"target\":[\"https:\/\/ironsky.pl\/sklep\/produkt\/akumulator-gens-ace-5000mah-444v-12s1p-ec5\/\"]}]},{\"@type\":\"ImageObject\",\"inLanguage\":\"pl-PL\",\"@id\":\"https:\/\/ironsky.pl\/sklep\/produkt\/akumulator-gens-ace-5000mah-444v-12s1p-ec5\/#primaryimage\",\"url\":\"https:\/\/ironsky.pl\/sklep\/wp-content\/uploads\/2026\/04\/16633_1.jpg\",\"contentUrl\":\"https:\/\/ironsky.pl\/sklep\/wp-content\/uploads\/2026\/04\/16633_1.jpg\",\"width\":760,\"height\":461},{\"@type\":\"BreadcrumbList\",\"@id\":\"https:\/\/ironsky.pl\/sklep\/produkt\/akumulator-gens-ace-5000mah-444v-12s1p-ec5\/#breadcrumb\",\"itemListElement\":[{\"@type\":\"ListItem\",\"position\":1,\"name\":\"Strona g\u0142\u00f3wna\",\"item\":\"https:\/\/ironsky.pl\/sklep\/\"},{\"@type\":\"ListItem\",\"position\":2,\"name\":\"Wszystkie produkty\",\"item\":\"https:\/\/ironsky.pl\/sklep\/produkty\/\"},{\"@type\":\"ListItem\",\"position\":3,\"name\":\"Akumulator GENS ACE 5000mAh 44,4V 12S1P EC5\"}]},{\"@type\":\"WebSite\",\"@id\":\"https:\/\/ironsky.pl\/sklep\/#website\",\"url\":\"https:\/\/ironsky.pl\/sklep\/\",\"name\":\"IRONSKY.PL Sklep z Dronami\",\"description\":\"IRONSKY.PL Sklep z Dronami\",\"potentialAction\":[{\"@type\":\"SearchAction\",\"target\":{\"@type\":\"EntryPoint\",\"urlTemplate\":\"https:\/\/ironsky.pl\/sklep\/?s={search_term_string}\"},\"query-input\":{\"@type\":\"PropertyValueSpecification\",\"valueRequired\":true,\"valueName\":\"search_term_string\"}}],\"inLanguage\":\"pl-PL\"}]}<\/script>\n<!-- \/ Yoast SEO plugin. -->","yoast_head_json":{"title":"Akumulator GENS ACE 5000mAh 44,4V 12S1P EC5 - IRONSKY.PL Sklep z Dronami","description":"Akumulator GENS ACE 5000mAh 44,4V 12S1P EC5 - \u2705 sklep z dronami i fachowym doradztwem. \u2705 Tutaj kupisz produkty DJI, Yuneec, Parrot, Syma i wiele innych, a tak\u017ce kursy i licencje na operatora drona.","robots":{"index":"index","follow":"follow","max-snippet":"max-snippet:-1","max-image-preview":"max-image-preview:large","max-video-preview":"max-video-preview:-1"},"canonical":"https:\/\/ironsky.pl\/sklep\/produkt\/akumulator-gens-ace-5000mah-444v-12s1p-ec5\/","og_locale":"pl_PL","og_type":"article","og_title":"Akumulator GENS ACE 5000mAh 44,4V 12S1P EC5 - IRONSKY.PL Sklep z Dronami","og_description":"Akumulator GENS ACE 5000mAh 44,4V 12S1P EC5 - \u2705 sklep z dronami i fachowym doradztwem. \u2705 Tutaj kupisz produkty DJI, Yuneec, Parrot, Syma i wiele innych, a tak\u017ce kursy i licencje na operatora drona.","og_url":"https:\/\/ironsky.pl\/sklep\/produkt\/akumulator-gens-ace-5000mah-444v-12s1p-ec5\/","og_site_name":"IRONSKY.PL Sklep z Dronami","article_modified_time":"2026-04-15T08:41:54+00:00","og_image":[{"width":760,"height":461,"url":"https:\/\/ironsky.pl\/sklep\/wp-content\/uploads\/2026\/04\/16633_1.jpg","type":"image\/jpeg"}],"twitter_card":"summary_large_image","twitter_misc":{"Szacowany czas czytania":"1 minuta"},"schema":{"@context":"https:\/\/schema.org","@graph":[{"@type":"WebPage","@id":"https:\/\/ironsky.pl\/sklep\/produkt\/akumulator-gens-ace-5000mah-444v-12s1p-ec5\/","url":"https:\/\/ironsky.pl\/sklep\/produkt\/akumulator-gens-ace-5000mah-444v-12s1p-ec5\/","name":"Akumulator GENS ACE 5000mAh 44,4V 12S1P EC5 - IRONSKY.PL Sklep z Dronami","isPartOf":{"@id":"https:\/\/ironsky.pl\/sklep\/#website"},"primaryImageOfPage":{"@id":"https:\/\/ironsky.pl\/sklep\/produkt\/akumulator-gens-ace-5000mah-444v-12s1p-ec5\/#primaryimage"},"image":{"@id":"https:\/\/ironsky.pl\/sklep\/produkt\/akumulator-gens-ace-5000mah-444v-12s1p-ec5\/#primaryimage"},"thumbnailUrl":"https:\/\/ironsky.pl\/sklep\/wp-content\/uploads\/2026\/04\/16633_1.jpg","datePublished":"2026-04-15T08:01:12+00:00","dateModified":"2026-04-15T08:41:54+00:00","description":"Akumulator GENS ACE 5000mAh 44,4V 12S1P EC5 - \u2705 sklep z dronami i fachowym doradztwem. \u2705 Tutaj kupisz produkty DJI, Yuneec, Parrot, Syma i wiele innych, a tak\u017ce kursy i licencje na operatora drona.","breadcrumb":{"@id":"https:\/\/ironsky.pl\/sklep\/produkt\/akumulator-gens-ace-5000mah-444v-12s1p-ec5\/#breadcrumb"},"inLanguage":"pl-PL","potentialAction":[{"@type":"ReadAction","target":["https:\/\/ironsky.pl\/sklep\/produkt\/akumulator-gens-ace-5000mah-444v-12s1p-ec5\/"]}]},{"@type":"ImageObject","inLanguage":"pl-PL","@id":"https:\/\/ironsky.pl\/sklep\/produkt\/akumulator-gens-ace-5000mah-444v-12s1p-ec5\/#primaryimage","url":"https:\/\/ironsky.pl\/sklep\/wp-content\/uploads\/2026\/04\/16633_1.jpg","contentUrl":"https:\/\/ironsky.pl\/sklep\/wp-content\/uploads\/2026\/04\/16633_1.jpg","width":760,"height":461},{"@type":"BreadcrumbList","@id":"https:\/\/ironsky.pl\/sklep\/produkt\/akumulator-gens-ace-5000mah-444v-12s1p-ec5\/#breadcrumb","itemListElement":[{"@type":"ListItem","position":1,"name":"Strona g\u0142\u00f3wna","item":"https:\/\/ironsky.pl\/sklep\/"},{"@type":"ListItem","position":2,"name":"Wszystkie produkty","item":"https:\/\/ironsky.pl\/sklep\/produkty\/"},{"@type":"ListItem","position":3,"name":"Akumulator GENS ACE 5000mAh 44,4V 12S1P EC5"}]},{"@type":"WebSite","@id":"https:\/\/ironsky.pl\/sklep\/#website","url":"https:\/\/ironsky.pl\/sklep\/","name":"IRONSKY.PL Sklep z Dronami","description":"IRONSKY.PL Sklep z Dronami","potentialAction":[{"@type":"SearchAction","target":{"@type":"EntryPoint","urlTemplate":"https:\/\/ironsky.pl\/sklep\/?s={search_term_string}"},"query-input":{"@type":"PropertyValueSpecification","valueRequired":true,"valueName":"search_term_string"}}],"inLanguage":"pl-PL"}]}},"_links":{"self":[{"href":"https:\/\/ironsky.pl\/sklep\/wp-json\/wp\/v2\/product\/55211","targetHints":{"allow":["GET"]}}],"collection":[{"href":"https:\/\/ironsky.pl\/sklep\/wp-json\/wp\/v2\/product"}],"about":[{"href":"https:\/\/ironsky.pl\/sklep\/wp-json\/wp\/v2\/types\/product"}],"replies":[{"embeddable":true,"href":"https:\/\/ironsky.pl\/sklep\/wp-json\/wp\/v2\/comments?post=55211"}],"wp:featuredmedia":[{"embeddable":true,"href":"https:\/\/ironsky.pl\/sklep\/wp-json\/wp\/v2\/media\/55212"}],"wp:attachment":[{"href":"https:\/\/ironsky.pl\/sklep\/wp-json\/wp\/v2\/media?parent=55211"}],"wp:term":[{"taxonomy":"product_brand","embeddable":true,"href":"https:\/\/ironsky.pl\/sklep\/wp-json\/wp\/v2\/product_brand?post=55211"},{"taxonomy":"product_cat","embeddable":true,"href":"https:\/\/ironsky.pl\/sklep\/wp-json\/wp\/v2\/product_cat?post=55211"},{"taxonomy":"product_tag","embeddable":true,"href":"https:\/\/ironsky.pl\/sklep\/wp-json\/wp\/v2\/product_tag?post=55211"}],"curies":[{"name":"wp","href":"https:\/\/api.w.org\/{rel}","templated":true}]}}