{"id":55175,"date":"2026-04-15T10:00:37","date_gmt":"2026-04-15T08:00:37","guid":{"rendered":"https:\/\/ironsky.pl\/sklep\/produkt\/zestaw-akcesoriow-puluz-pkt18-20el\/"},"modified":"2026-04-15T10:41:44","modified_gmt":"2026-04-15T08:41:44","slug":"zestaw-akcesoriow-puluz-pkt18-20el","status":"publish","type":"product","link":"https:\/\/ironsky.pl\/sklep\/produkt\/zestaw-akcesoriow-puluz-pkt18-20el\/","title":{"rendered":"Zestaw akcesori\u00f3w PULUZ PKT18 20el."},"content":{"rendered":"<h3>Zestaw 20 akcesori\u00f3w Puluz do kamer sportowych (m.in Osmo Action 5 Pro, Insta360 Ace Pro 2) PKT18<\/h3>\n<p>Marka Puluz to producent uniwersalnych akcesori\u00f3w do kamer sportowych. Akcesoria s\u0105 kompatybilne z kamerami wyposa\u017conymi w mocowania typu GoPro &#8211; mi\u0119dzy innymi DJI Osmo Action. Mocowania s\u0105 wykonane z wysokiej jako\u015bci materia\u0142\u00f3w gwarantuj\u0105c stabilno\u015b\u0107 oraz odporno\u015b\u0107 na uszkodzenia. Zestaw zawiera zbi\u00f3r niezb\u0119dnych akcesori\u00f3w, umo\u017cliwia korzystanie ze wszystkich element\u00f3w jednocze\u015bnie bez konieczno\u015bci dokupowania dodatkowych mocowa\u0144. Zestaw znajdzie swoje zastosowanie w trakcie uprawiania sport\u00f3w zimowych, wodnych, jazdy na rowerze oraz standardowych nagra\u0144.<\/p>\n<p>\n<img decoding=\"async\" src=\"https:\/\/assets.innpro.pl\/14681\/18402\/14.jpg\" border=\"0\" alt=\"\" \/>\n<\/p>\n<h3>W zestawie<\/h3>\n<ul class=\"list-disc pl-5\">\n<li>Adapter tripoda<\/li>\n<li>Monopod z adapterem<\/li>\n<li>Uchwyt typu przyssawka<\/li>\n<li>Mocowanie na klatk\u0119 piersiow\u0105<\/li>\n<li>Mocowanie na nadgarstek kamery<\/li>\n<li>Mocowanie na g\u0142ow\u0119<\/li>\n<li>Mocowanie typu J-Hook<\/li>\n<li>Torba<\/li>\n<li>Klucz plastikowy ze smycz\u0105<\/li>\n<li>Trzyosiowe rami\u0119 obrotowe<\/li>\n<\/ul>\n<div class=\"table-wrapper\">\n<p>\u00a0<\/p>\n<h3><\/h3>\n<table>\n<tbody>\n<tr>\n<th>Producent<\/th>\n<td>Puluz<\/td>\n<\/tr>\n<tr>\n<th>Model<\/th>\n<td>PKT18<\/td>\n<\/tr>\n<tr>\n<th>Kompatybilno\u015b\u0107<\/th>\n<td>DJI: Osmo Action 5 Pro, Osmo Action 4, Osmo Action 3, Osmo Action; Gopro: HERO (2024), HERO13 Black, HERO12 Black, HERO11 Black Mini, HERO11 Black, HERO10 Black, HERO9 Black, HERO8 Black, HERO7 White, HERO7 Black, HERO7 Silver, NEW HERO, HERO6 Black, HERO5 Black, HERO5 Session, Hero Session, HERO4 Session, HERO4, HERO3+, HERO3, HERO2, HERO; Insta360: Ace Pro 2, Ace, Ace Pro, ONE R<\/td>\n<\/tr>\n<\/tbody>\n<\/table>\n<\/div>\n","protected":false},"excerpt":{"rendered":"<p>Zestaw 20 akcesori\u00f3w Puluz do kamer sportowych (m.in Osmo Action 5 Pro, Insta360 Ace Pro 2) PKT18 Marka Puluz to<\/p>\n","protected":false},"featured_media":55176,"comment_status":"closed","ping_status":"open","template":"","meta":{"_acf_changed":false},"product_brand":[],"product_cat":[1128,6180],"product_tag":[],"class_list":{"0":"post-55175","1":"product","2":"type-product","3":"status-publish","4":"has-post-thumbnail","6":"product_cat-foto-wideo","7":"product_cat-zestawy-foto-wideo-2","8":"pa_okres-gwarancji-5754","9":"pa_producent-puluz","11":"first","12":"outofstock","13":"taxable","14":"shipping-taxable","15":"purchasable","16":"product-type-simple"},"acf":[],"yoast_head":"<!-- This site is optimized with the Yoast SEO plugin v27.2 - https:\/\/yoast.com\/product\/yoast-seo-wordpress\/ -->\n<title>Zestaw akcesori\u00f3w PULUZ PKT18 20el. - IRONSKY.PL Sklep z Dronami<\/title>\n<meta name=\"description\" content=\"Zestaw akcesori\u00f3w PULUZ PKT18 20el. - \u2705 sklep z dronami i fachowym doradztwem. \u2705 Tutaj kupisz produkty DJI, Yuneec, Parrot, Syma i wiele innych, a tak\u017ce kursy i licencje na operatora drona.\" \/>\n<meta name=\"robots\" content=\"index, follow, max-snippet:-1, max-image-preview:large, max-video-preview:-1\" \/>\n<link rel=\"canonical\" href=\"https:\/\/ironsky.pl\/sklep\/produkt\/zestaw-akcesoriow-puluz-pkt18-20el\/\" \/>\n<meta property=\"og:locale\" content=\"pl_PL\" \/>\n<meta property=\"og:type\" content=\"article\" \/>\n<meta property=\"og:title\" content=\"Zestaw akcesori\u00f3w PULUZ PKT18 20el. - IRONSKY.PL Sklep z Dronami\" \/>\n<meta property=\"og:description\" content=\"Zestaw akcesori\u00f3w PULUZ PKT18 20el. - \u2705 sklep z dronami i fachowym doradztwem. \u2705 Tutaj kupisz produkty DJI, Yuneec, Parrot, Syma i wiele innych, a tak\u017ce kursy i licencje na operatora drona.\" \/>\n<meta property=\"og:url\" content=\"https:\/\/ironsky.pl\/sklep\/produkt\/zestaw-akcesoriow-puluz-pkt18-20el\/\" \/>\n<meta property=\"og:site_name\" content=\"IRONSKY.PL Sklep z Dronami\" \/>\n<meta property=\"article:modified_time\" content=\"2026-04-15T08:41:44+00:00\" \/>\n<meta property=\"og:image\" content=\"https:\/\/ironsky.pl\/sklep\/wp-content\/uploads\/2026\/04\/16531_1.jpg\" \/>\n\t<meta property=\"og:image:width\" content=\"800\" \/>\n\t<meta property=\"og:image:height\" content=\"800\" \/>\n\t<meta property=\"og:image:type\" content=\"image\/jpeg\" \/>\n<meta name=\"twitter:card\" content=\"summary_large_image\" \/>\n<meta name=\"twitter:label1\" content=\"Szacowany czas czytania\" \/>\n\t<meta name=\"twitter:data1\" content=\"1 minuta\" \/>\n<script type=\"application\/ld+json\" class=\"yoast-schema-graph\">{\"@context\":\"https:\/\/schema.org\",\"@graph\":[{\"@type\":\"WebPage\",\"@id\":\"https:\/\/ironsky.pl\/sklep\/produkt\/zestaw-akcesoriow-puluz-pkt18-20el\/\",\"url\":\"https:\/\/ironsky.pl\/sklep\/produkt\/zestaw-akcesoriow-puluz-pkt18-20el\/\",\"name\":\"Zestaw akcesori\u00f3w PULUZ PKT18 20el. - IRONSKY.PL Sklep z Dronami\",\"isPartOf\":{\"@id\":\"https:\/\/ironsky.pl\/sklep\/#website\"},\"primaryImageOfPage\":{\"@id\":\"https:\/\/ironsky.pl\/sklep\/produkt\/zestaw-akcesoriow-puluz-pkt18-20el\/#primaryimage\"},\"image\":{\"@id\":\"https:\/\/ironsky.pl\/sklep\/produkt\/zestaw-akcesoriow-puluz-pkt18-20el\/#primaryimage\"},\"thumbnailUrl\":\"https:\/\/ironsky.pl\/sklep\/wp-content\/uploads\/2026\/04\/16531_1.jpg\",\"datePublished\":\"2026-04-15T08:00:37+00:00\",\"dateModified\":\"2026-04-15T08:41:44+00:00\",\"description\":\"Zestaw akcesori\u00f3w PULUZ PKT18 20el. - \u2705 sklep z dronami i fachowym doradztwem. \u2705 Tutaj kupisz produkty DJI, Yuneec, Parrot, Syma i wiele innych, a tak\u017ce kursy i licencje na operatora drona.\",\"breadcrumb\":{\"@id\":\"https:\/\/ironsky.pl\/sklep\/produkt\/zestaw-akcesoriow-puluz-pkt18-20el\/#breadcrumb\"},\"inLanguage\":\"pl-PL\",\"potentialAction\":[{\"@type\":\"ReadAction\",\"target\":[\"https:\/\/ironsky.pl\/sklep\/produkt\/zestaw-akcesoriow-puluz-pkt18-20el\/\"]}]},{\"@type\":\"ImageObject\",\"inLanguage\":\"pl-PL\",\"@id\":\"https:\/\/ironsky.pl\/sklep\/produkt\/zestaw-akcesoriow-puluz-pkt18-20el\/#primaryimage\",\"url\":\"https:\/\/ironsky.pl\/sklep\/wp-content\/uploads\/2026\/04\/16531_1.jpg\",\"contentUrl\":\"https:\/\/ironsky.pl\/sklep\/wp-content\/uploads\/2026\/04\/16531_1.jpg\",\"width\":800,\"height\":800},{\"@type\":\"BreadcrumbList\",\"@id\":\"https:\/\/ironsky.pl\/sklep\/produkt\/zestaw-akcesoriow-puluz-pkt18-20el\/#breadcrumb\",\"itemListElement\":[{\"@type\":\"ListItem\",\"position\":1,\"name\":\"Strona g\u0142\u00f3wna\",\"item\":\"https:\/\/ironsky.pl\/sklep\/\"},{\"@type\":\"ListItem\",\"position\":2,\"name\":\"Wszystkie produkty\",\"item\":\"https:\/\/ironsky.pl\/sklep\/produkty\/\"},{\"@type\":\"ListItem\",\"position\":3,\"name\":\"Zestaw akcesori\u00f3w PULUZ PKT18 20el.\"}]},{\"@type\":\"WebSite\",\"@id\":\"https:\/\/ironsky.pl\/sklep\/#website\",\"url\":\"https:\/\/ironsky.pl\/sklep\/\",\"name\":\"IRONSKY.PL Sklep z Dronami\",\"description\":\"IRONSKY.PL Sklep z Dronami\",\"potentialAction\":[{\"@type\":\"SearchAction\",\"target\":{\"@type\":\"EntryPoint\",\"urlTemplate\":\"https:\/\/ironsky.pl\/sklep\/?s={search_term_string}\"},\"query-input\":{\"@type\":\"PropertyValueSpecification\",\"valueRequired\":true,\"valueName\":\"search_term_string\"}}],\"inLanguage\":\"pl-PL\"}]}<\/script>\n<!-- \/ Yoast SEO plugin. -->","yoast_head_json":{"title":"Zestaw akcesori\u00f3w PULUZ PKT18 20el. - IRONSKY.PL Sklep z Dronami","description":"Zestaw akcesori\u00f3w PULUZ PKT18 20el. - \u2705 sklep z dronami i fachowym doradztwem. \u2705 Tutaj kupisz produkty DJI, Yuneec, Parrot, Syma i wiele innych, a tak\u017ce kursy i licencje na operatora drona.","robots":{"index":"index","follow":"follow","max-snippet":"max-snippet:-1","max-image-preview":"max-image-preview:large","max-video-preview":"max-video-preview:-1"},"canonical":"https:\/\/ironsky.pl\/sklep\/produkt\/zestaw-akcesoriow-puluz-pkt18-20el\/","og_locale":"pl_PL","og_type":"article","og_title":"Zestaw akcesori\u00f3w PULUZ PKT18 20el. - IRONSKY.PL Sklep z Dronami","og_description":"Zestaw akcesori\u00f3w PULUZ PKT18 20el. - \u2705 sklep z dronami i fachowym doradztwem. \u2705 Tutaj kupisz produkty DJI, Yuneec, Parrot, Syma i wiele innych, a tak\u017ce kursy i licencje na operatora drona.","og_url":"https:\/\/ironsky.pl\/sklep\/produkt\/zestaw-akcesoriow-puluz-pkt18-20el\/","og_site_name":"IRONSKY.PL Sklep z Dronami","article_modified_time":"2026-04-15T08:41:44+00:00","og_image":[{"width":800,"height":800,"url":"https:\/\/ironsky.pl\/sklep\/wp-content\/uploads\/2026\/04\/16531_1.jpg","type":"image\/jpeg"}],"twitter_card":"summary_large_image","twitter_misc":{"Szacowany czas czytania":"1 minuta"},"schema":{"@context":"https:\/\/schema.org","@graph":[{"@type":"WebPage","@id":"https:\/\/ironsky.pl\/sklep\/produkt\/zestaw-akcesoriow-puluz-pkt18-20el\/","url":"https:\/\/ironsky.pl\/sklep\/produkt\/zestaw-akcesoriow-puluz-pkt18-20el\/","name":"Zestaw akcesori\u00f3w PULUZ PKT18 20el. - IRONSKY.PL Sklep z Dronami","isPartOf":{"@id":"https:\/\/ironsky.pl\/sklep\/#website"},"primaryImageOfPage":{"@id":"https:\/\/ironsky.pl\/sklep\/produkt\/zestaw-akcesoriow-puluz-pkt18-20el\/#primaryimage"},"image":{"@id":"https:\/\/ironsky.pl\/sklep\/produkt\/zestaw-akcesoriow-puluz-pkt18-20el\/#primaryimage"},"thumbnailUrl":"https:\/\/ironsky.pl\/sklep\/wp-content\/uploads\/2026\/04\/16531_1.jpg","datePublished":"2026-04-15T08:00:37+00:00","dateModified":"2026-04-15T08:41:44+00:00","description":"Zestaw akcesori\u00f3w PULUZ PKT18 20el. - \u2705 sklep z dronami i fachowym doradztwem. \u2705 Tutaj kupisz produkty DJI, Yuneec, Parrot, Syma i wiele innych, a tak\u017ce kursy i licencje na operatora drona.","breadcrumb":{"@id":"https:\/\/ironsky.pl\/sklep\/produkt\/zestaw-akcesoriow-puluz-pkt18-20el\/#breadcrumb"},"inLanguage":"pl-PL","potentialAction":[{"@type":"ReadAction","target":["https:\/\/ironsky.pl\/sklep\/produkt\/zestaw-akcesoriow-puluz-pkt18-20el\/"]}]},{"@type":"ImageObject","inLanguage":"pl-PL","@id":"https:\/\/ironsky.pl\/sklep\/produkt\/zestaw-akcesoriow-puluz-pkt18-20el\/#primaryimage","url":"https:\/\/ironsky.pl\/sklep\/wp-content\/uploads\/2026\/04\/16531_1.jpg","contentUrl":"https:\/\/ironsky.pl\/sklep\/wp-content\/uploads\/2026\/04\/16531_1.jpg","width":800,"height":800},{"@type":"BreadcrumbList","@id":"https:\/\/ironsky.pl\/sklep\/produkt\/zestaw-akcesoriow-puluz-pkt18-20el\/#breadcrumb","itemListElement":[{"@type":"ListItem","position":1,"name":"Strona g\u0142\u00f3wna","item":"https:\/\/ironsky.pl\/sklep\/"},{"@type":"ListItem","position":2,"name":"Wszystkie produkty","item":"https:\/\/ironsky.pl\/sklep\/produkty\/"},{"@type":"ListItem","position":3,"name":"Zestaw akcesori\u00f3w PULUZ PKT18 20el."}]},{"@type":"WebSite","@id":"https:\/\/ironsky.pl\/sklep\/#website","url":"https:\/\/ironsky.pl\/sklep\/","name":"IRONSKY.PL Sklep z Dronami","description":"IRONSKY.PL Sklep z Dronami","potentialAction":[{"@type":"SearchAction","target":{"@type":"EntryPoint","urlTemplate":"https:\/\/ironsky.pl\/sklep\/?s={search_term_string}"},"query-input":{"@type":"PropertyValueSpecification","valueRequired":true,"valueName":"search_term_string"}}],"inLanguage":"pl-PL"}]}},"_links":{"self":[{"href":"https:\/\/ironsky.pl\/sklep\/wp-json\/wp\/v2\/product\/55175","targetHints":{"allow":["GET"]}}],"collection":[{"href":"https:\/\/ironsky.pl\/sklep\/wp-json\/wp\/v2\/product"}],"about":[{"href":"https:\/\/ironsky.pl\/sklep\/wp-json\/wp\/v2\/types\/product"}],"replies":[{"embeddable":true,"href":"https:\/\/ironsky.pl\/sklep\/wp-json\/wp\/v2\/comments?post=55175"}],"wp:featuredmedia":[{"embeddable":true,"href":"https:\/\/ironsky.pl\/sklep\/wp-json\/wp\/v2\/media\/55176"}],"wp:attachment":[{"href":"https:\/\/ironsky.pl\/sklep\/wp-json\/wp\/v2\/media?parent=55175"}],"wp:term":[{"taxonomy":"product_brand","embeddable":true,"href":"https:\/\/ironsky.pl\/sklep\/wp-json\/wp\/v2\/product_brand?post=55175"},{"taxonomy":"product_cat","embeddable":true,"href":"https:\/\/ironsky.pl\/sklep\/wp-json\/wp\/v2\/product_cat?post=55175"},{"taxonomy":"product_tag","embeddable":true,"href":"https:\/\/ironsky.pl\/sklep\/wp-json\/wp\/v2\/product_tag?post=55175"}],"curies":[{"name":"wp","href":"https:\/\/api.w.org\/{rel}","templated":true}]}}