{"id":55157,"date":"2026-04-15T10:00:37","date_gmt":"2026-04-15T08:00:37","guid":{"rendered":"https:\/\/ironsky.pl\/sklep\/produkt\/szelki-fotograficzne-puluz-pu6002\/"},"modified":"2026-04-15T10:41:40","modified_gmt":"2026-04-15T08:41:40","slug":"szelki-fotograficzne-puluz-pu6002","status":"publish","type":"product","link":"https:\/\/ironsky.pl\/sklep\/produkt\/szelki-fotograficzne-puluz-pu6002\/","title":{"rendered":"Szelki fotograficzne PULUZ PU6002"},"content":{"rendered":"<p><img decoding=\"async\" src=\"\/data\/include\/cms\/Blazej-grafiki\/rozne\/1.png\"><\/p>\n<h3>Praktyczne szelki fotograficzne<\/h3>\n<p>Wykonane z wysokiej jako\u015bci nylonu szelki fotograficzne s\u0105 niezwykle trwa\u0142e. Umo\u017cliwiaj\u0105 noszenie dw\u00f3ch kamer jednocze\u015bnie. Mo\u017cesz \u0142atwo i szybko odpina\u0107 kamery i zawsze skorzysta\u0107 z tej, kt\u00f3rej w\u0142a\u015bnie potrzebujesz.\u00a0Dzi\u0119ki u\u017cyciu wysokiej jako\u015bci pianki, szelki s\u0105 niezwykle wygodne i komfortowe podczas noszenia, nawet przez wiele godzin. R\u00f3wnomiernie rozk\u0142adaj\u0105 ci\u0119\u017car aparatu, nie obci\u0105\u017caj\u0105c przy tym kr\u0119gos\u0142upa.<\/p>\n<p><img decoding=\"async\" src=\"\/data\/include\/cms\/5przemek\/Puluz\/PU6002\/PU6002_6.jpg\"><\/p>\n<h3>Uniwersalne<\/h3>\n<p>Pozwalaj\u0105 na korzystanie z jednej z dw\u00f3ch kamer, kiedy druga swobodnie pozostaje w miejscu. Dzi\u0119ki uniwersalno\u015bci szelek, mo\u017cesz u\u017cywa\u0107 ich z wi\u0119kszo\u015bci\u0105 dost\u0119pnych na rynku lustrzanek.<\/p>\n<p><img decoding=\"async\" src=\"\/data\/include\/cms\/5przemek\/Puluz\/PU6002\/PU6002_7.jpg\"><\/p>\n<h3>W zestawie:<\/h3>\n<ul>\n<li>Szelki x1<\/li>\n<\/ul>\n<div class=\"table-wrapper\">\n<table>\n<tbody>\n<tr>\n<th>Model<\/th>\n<td>PU6002<\/td>\n<\/tr>\n<\/tbody>\n<\/table>\n<\/div>\n","protected":false},"excerpt":{"rendered":"<p>Praktyczne szelki fotograficzne Wykonane z wysokiej jako\u015bci nylonu szelki fotograficzne s\u0105 niezwykle trwa\u0142e. Umo\u017cliwiaj\u0105 noszenie dw\u00f3ch kamer jednocze\u015bnie. Mo\u017cesz \u0142atwo<\/p>\n","protected":false},"featured_media":55158,"comment_status":"closed","ping_status":"open","template":"","meta":{"_acf_changed":false},"product_brand":[],"product_cat":[1128,6178,6176,6177,6181,1138],"product_tag":[],"class_list":{"0":"post-55157","1":"product","2":"type-product","3":"status-publish","4":"has-post-thumbnail","6":"product_cat-foto-wideo","7":"product_cat-mocowania","8":"product_cat-selfie-stiki","9":"product_cat-statywy-selfie-stiki","10":"product_cat-szelki-mocowania-i-uchwyty","11":"product_cat-wysiegniki","12":"pa_okres-gwarancji-5754","13":"pa_producent-puluz","15":"first","16":"outofstock","17":"taxable","18":"shipping-taxable","19":"purchasable","20":"product-type-simple"},"acf":[],"yoast_head":"<!-- This site is optimized with the Yoast SEO plugin v27.2 - https:\/\/yoast.com\/product\/yoast-seo-wordpress\/ -->\n<title>Szelki fotograficzne PULUZ PU6002 - IRONSKY.PL Sklep z Dronami<\/title>\n<meta name=\"description\" content=\"Szelki fotograficzne PULUZ PU6002 - \u2705 sklep z dronami i fachowym doradztwem. \u2705 Tutaj kupisz produkty DJI, Yuneec, Parrot, Syma i wiele innych, a tak\u017ce kursy i licencje na operatora drona.\" \/>\n<meta name=\"robots\" content=\"index, follow, max-snippet:-1, max-image-preview:large, max-video-preview:-1\" \/>\n<link rel=\"canonical\" href=\"https:\/\/ironsky.pl\/sklep\/produkt\/szelki-fotograficzne-puluz-pu6002\/\" \/>\n<meta property=\"og:locale\" content=\"pl_PL\" \/>\n<meta property=\"og:type\" content=\"article\" \/>\n<meta property=\"og:title\" content=\"Szelki fotograficzne PULUZ PU6002 - IRONSKY.PL Sklep z Dronami\" \/>\n<meta property=\"og:description\" content=\"Szelki fotograficzne PULUZ PU6002 - \u2705 sklep z dronami i fachowym doradztwem. \u2705 Tutaj kupisz produkty DJI, Yuneec, Parrot, Syma i wiele innych, a tak\u017ce kursy i licencje na operatora drona.\" \/>\n<meta property=\"og:url\" content=\"https:\/\/ironsky.pl\/sklep\/produkt\/szelki-fotograficzne-puluz-pu6002\/\" \/>\n<meta property=\"og:site_name\" content=\"IRONSKY.PL Sklep z Dronami\" \/>\n<meta property=\"article:modified_time\" content=\"2026-04-15T08:41:40+00:00\" \/>\n<meta property=\"og:image\" content=\"https:\/\/ironsky.pl\/sklep\/wp-content\/uploads\/2026\/04\/16283_1.jpg\" \/>\n\t<meta property=\"og:image:width\" content=\"750\" \/>\n\t<meta property=\"og:image:height\" content=\"750\" \/>\n\t<meta property=\"og:image:type\" content=\"image\/jpeg\" \/>\n<meta name=\"twitter:card\" content=\"summary_large_image\" \/>\n<meta name=\"twitter:label1\" content=\"Szacowany czas czytania\" \/>\n\t<meta name=\"twitter:data1\" content=\"1 minuta\" \/>\n<script type=\"application\/ld+json\" class=\"yoast-schema-graph\">{\"@context\":\"https:\/\/schema.org\",\"@graph\":[{\"@type\":\"WebPage\",\"@id\":\"https:\/\/ironsky.pl\/sklep\/produkt\/szelki-fotograficzne-puluz-pu6002\/\",\"url\":\"https:\/\/ironsky.pl\/sklep\/produkt\/szelki-fotograficzne-puluz-pu6002\/\",\"name\":\"Szelki fotograficzne PULUZ PU6002 - IRONSKY.PL Sklep z Dronami\",\"isPartOf\":{\"@id\":\"https:\/\/ironsky.pl\/sklep\/#website\"},\"primaryImageOfPage\":{\"@id\":\"https:\/\/ironsky.pl\/sklep\/produkt\/szelki-fotograficzne-puluz-pu6002\/#primaryimage\"},\"image\":{\"@id\":\"https:\/\/ironsky.pl\/sklep\/produkt\/szelki-fotograficzne-puluz-pu6002\/#primaryimage\"},\"thumbnailUrl\":\"https:\/\/ironsky.pl\/sklep\/wp-content\/uploads\/2026\/04\/16283_1.jpg\",\"datePublished\":\"2026-04-15T08:00:37+00:00\",\"dateModified\":\"2026-04-15T08:41:40+00:00\",\"description\":\"Szelki fotograficzne PULUZ PU6002 - \u2705 sklep z dronami i fachowym doradztwem. \u2705 Tutaj kupisz produkty DJI, Yuneec, Parrot, Syma i wiele innych, a tak\u017ce kursy i licencje na operatora drona.\",\"breadcrumb\":{\"@id\":\"https:\/\/ironsky.pl\/sklep\/produkt\/szelki-fotograficzne-puluz-pu6002\/#breadcrumb\"},\"inLanguage\":\"pl-PL\",\"potentialAction\":[{\"@type\":\"ReadAction\",\"target\":[\"https:\/\/ironsky.pl\/sklep\/produkt\/szelki-fotograficzne-puluz-pu6002\/\"]}]},{\"@type\":\"ImageObject\",\"inLanguage\":\"pl-PL\",\"@id\":\"https:\/\/ironsky.pl\/sklep\/produkt\/szelki-fotograficzne-puluz-pu6002\/#primaryimage\",\"url\":\"https:\/\/ironsky.pl\/sklep\/wp-content\/uploads\/2026\/04\/16283_1.jpg\",\"contentUrl\":\"https:\/\/ironsky.pl\/sklep\/wp-content\/uploads\/2026\/04\/16283_1.jpg\",\"width\":750,\"height\":750},{\"@type\":\"BreadcrumbList\",\"@id\":\"https:\/\/ironsky.pl\/sklep\/produkt\/szelki-fotograficzne-puluz-pu6002\/#breadcrumb\",\"itemListElement\":[{\"@type\":\"ListItem\",\"position\":1,\"name\":\"Strona g\u0142\u00f3wna\",\"item\":\"https:\/\/ironsky.pl\/sklep\/\"},{\"@type\":\"ListItem\",\"position\":2,\"name\":\"Wszystkie produkty\",\"item\":\"https:\/\/ironsky.pl\/sklep\/produkty\/\"},{\"@type\":\"ListItem\",\"position\":3,\"name\":\"Szelki fotograficzne PULUZ PU6002\"}]},{\"@type\":\"WebSite\",\"@id\":\"https:\/\/ironsky.pl\/sklep\/#website\",\"url\":\"https:\/\/ironsky.pl\/sklep\/\",\"name\":\"IRONSKY.PL Sklep z Dronami\",\"description\":\"IRONSKY.PL Sklep z Dronami\",\"potentialAction\":[{\"@type\":\"SearchAction\",\"target\":{\"@type\":\"EntryPoint\",\"urlTemplate\":\"https:\/\/ironsky.pl\/sklep\/?s={search_term_string}\"},\"query-input\":{\"@type\":\"PropertyValueSpecification\",\"valueRequired\":true,\"valueName\":\"search_term_string\"}}],\"inLanguage\":\"pl-PL\"}]}<\/script>\n<!-- \/ Yoast SEO plugin. -->","yoast_head_json":{"title":"Szelki fotograficzne PULUZ PU6002 - IRONSKY.PL Sklep z Dronami","description":"Szelki fotograficzne PULUZ PU6002 - \u2705 sklep z dronami i fachowym doradztwem. \u2705 Tutaj kupisz produkty DJI, Yuneec, Parrot, Syma i wiele innych, a tak\u017ce kursy i licencje na operatora drona.","robots":{"index":"index","follow":"follow","max-snippet":"max-snippet:-1","max-image-preview":"max-image-preview:large","max-video-preview":"max-video-preview:-1"},"canonical":"https:\/\/ironsky.pl\/sklep\/produkt\/szelki-fotograficzne-puluz-pu6002\/","og_locale":"pl_PL","og_type":"article","og_title":"Szelki fotograficzne PULUZ PU6002 - IRONSKY.PL Sklep z Dronami","og_description":"Szelki fotograficzne PULUZ PU6002 - \u2705 sklep z dronami i fachowym doradztwem. \u2705 Tutaj kupisz produkty DJI, Yuneec, Parrot, Syma i wiele innych, a tak\u017ce kursy i licencje na operatora drona.","og_url":"https:\/\/ironsky.pl\/sklep\/produkt\/szelki-fotograficzne-puluz-pu6002\/","og_site_name":"IRONSKY.PL Sklep z Dronami","article_modified_time":"2026-04-15T08:41:40+00:00","og_image":[{"width":750,"height":750,"url":"https:\/\/ironsky.pl\/sklep\/wp-content\/uploads\/2026\/04\/16283_1.jpg","type":"image\/jpeg"}],"twitter_card":"summary_large_image","twitter_misc":{"Szacowany czas czytania":"1 minuta"},"schema":{"@context":"https:\/\/schema.org","@graph":[{"@type":"WebPage","@id":"https:\/\/ironsky.pl\/sklep\/produkt\/szelki-fotograficzne-puluz-pu6002\/","url":"https:\/\/ironsky.pl\/sklep\/produkt\/szelki-fotograficzne-puluz-pu6002\/","name":"Szelki fotograficzne PULUZ PU6002 - IRONSKY.PL Sklep z Dronami","isPartOf":{"@id":"https:\/\/ironsky.pl\/sklep\/#website"},"primaryImageOfPage":{"@id":"https:\/\/ironsky.pl\/sklep\/produkt\/szelki-fotograficzne-puluz-pu6002\/#primaryimage"},"image":{"@id":"https:\/\/ironsky.pl\/sklep\/produkt\/szelki-fotograficzne-puluz-pu6002\/#primaryimage"},"thumbnailUrl":"https:\/\/ironsky.pl\/sklep\/wp-content\/uploads\/2026\/04\/16283_1.jpg","datePublished":"2026-04-15T08:00:37+00:00","dateModified":"2026-04-15T08:41:40+00:00","description":"Szelki fotograficzne PULUZ PU6002 - \u2705 sklep z dronami i fachowym doradztwem. \u2705 Tutaj kupisz produkty DJI, Yuneec, Parrot, Syma i wiele innych, a tak\u017ce kursy i licencje na operatora drona.","breadcrumb":{"@id":"https:\/\/ironsky.pl\/sklep\/produkt\/szelki-fotograficzne-puluz-pu6002\/#breadcrumb"},"inLanguage":"pl-PL","potentialAction":[{"@type":"ReadAction","target":["https:\/\/ironsky.pl\/sklep\/produkt\/szelki-fotograficzne-puluz-pu6002\/"]}]},{"@type":"ImageObject","inLanguage":"pl-PL","@id":"https:\/\/ironsky.pl\/sklep\/produkt\/szelki-fotograficzne-puluz-pu6002\/#primaryimage","url":"https:\/\/ironsky.pl\/sklep\/wp-content\/uploads\/2026\/04\/16283_1.jpg","contentUrl":"https:\/\/ironsky.pl\/sklep\/wp-content\/uploads\/2026\/04\/16283_1.jpg","width":750,"height":750},{"@type":"BreadcrumbList","@id":"https:\/\/ironsky.pl\/sklep\/produkt\/szelki-fotograficzne-puluz-pu6002\/#breadcrumb","itemListElement":[{"@type":"ListItem","position":1,"name":"Strona g\u0142\u00f3wna","item":"https:\/\/ironsky.pl\/sklep\/"},{"@type":"ListItem","position":2,"name":"Wszystkie produkty","item":"https:\/\/ironsky.pl\/sklep\/produkty\/"},{"@type":"ListItem","position":3,"name":"Szelki fotograficzne PULUZ PU6002"}]},{"@type":"WebSite","@id":"https:\/\/ironsky.pl\/sklep\/#website","url":"https:\/\/ironsky.pl\/sklep\/","name":"IRONSKY.PL Sklep z Dronami","description":"IRONSKY.PL Sklep z Dronami","potentialAction":[{"@type":"SearchAction","target":{"@type":"EntryPoint","urlTemplate":"https:\/\/ironsky.pl\/sklep\/?s={search_term_string}"},"query-input":{"@type":"PropertyValueSpecification","valueRequired":true,"valueName":"search_term_string"}}],"inLanguage":"pl-PL"}]}},"_links":{"self":[{"href":"https:\/\/ironsky.pl\/sklep\/wp-json\/wp\/v2\/product\/55157","targetHints":{"allow":["GET"]}}],"collection":[{"href":"https:\/\/ironsky.pl\/sklep\/wp-json\/wp\/v2\/product"}],"about":[{"href":"https:\/\/ironsky.pl\/sklep\/wp-json\/wp\/v2\/types\/product"}],"replies":[{"embeddable":true,"href":"https:\/\/ironsky.pl\/sklep\/wp-json\/wp\/v2\/comments?post=55157"}],"wp:featuredmedia":[{"embeddable":true,"href":"https:\/\/ironsky.pl\/sklep\/wp-json\/wp\/v2\/media\/55158"}],"wp:attachment":[{"href":"https:\/\/ironsky.pl\/sklep\/wp-json\/wp\/v2\/media?parent=55157"}],"wp:term":[{"taxonomy":"product_brand","embeddable":true,"href":"https:\/\/ironsky.pl\/sklep\/wp-json\/wp\/v2\/product_brand?post=55157"},{"taxonomy":"product_cat","embeddable":true,"href":"https:\/\/ironsky.pl\/sklep\/wp-json\/wp\/v2\/product_cat?post=55157"},{"taxonomy":"product_tag","embeddable":true,"href":"https:\/\/ironsky.pl\/sklep\/wp-json\/wp\/v2\/product_tag?post=55157"}],"curies":[{"name":"wp","href":"https:\/\/api.w.org\/{rel}","templated":true}]}}