{"id":55153,"date":"2026-04-15T10:00:37","date_gmt":"2026-04-15T08:00:37","guid":{"rendered":"https:\/\/ironsky.pl\/sklep\/produkt\/blenda-fotograficzna-puluz-5w1-60cm-futeral\/"},"modified":"2026-04-15T10:41:39","modified_gmt":"2026-04-15T08:41:39","slug":"blenda-fotograficzna-puluz-5w1-60cm-futeral","status":"publish","type":"product","link":"https:\/\/ironsky.pl\/sklep\/produkt\/blenda-fotograficzna-puluz-5w1-60cm-futeral\/","title":{"rendered":"Blenda fotograficzna PULUZ 5w1 60cm + futera\u0142"},"content":{"rendered":"<h3>Funkcjonalna blenda fotograficzna 5w1<\/h3>\n<p>Blenda fotograficzna to podstawowe narz\u0119dzie ka\u017cdego profesjonalnego fotografa, jak i fotografa amatora, kt\u00f3ry ceni sobie \u015bwietnej jako\u015bci zdj\u0119cia. Blenda u\u017cywana jest do odbijania i modyfikowania barwy odbijanego \u015bwiat\u0142a. Wype\u0142nia cienie i redukuje zbyt silne kontrasty.<\/p>\n<p>\n<img decoding=\"async\" src=\"https:\/\/assets.innpro.pl\/14743\/18472\/2.jpg\" border=\"0\" alt=\"\" \/>\n<\/p>\n<h3>Dopasuj do swoich potrzeb<\/h3>\n<p>Dzi\u0119ki trwa\u0142ej i elastycznej ramie , zapewnia \u0142atwe rozk\u0142adanie i sk\u0142adanie. Blenda posiada pi\u0119\u0107 kolor\u00f3w o r\u00f3\u017cnym przeznaczeniu. Przezroczysta jest dla bardziej mi\u0119kkiego o\u015bwietlenia bez cienia. Nadaje si\u0119 do podw\u00f3jnego zastosowania zar\u00f3wno wewn\u0105trz, jak i na zewn\u0105trz. Z\u0142ota tworzy efekt zachodu s\u0142o\u0144ca, kt\u00f3ry sprawia ciep\u0142e i mi\u0119kkie odcienie sk\u00f3ry, odpowiednie do portretowania. Srebrna s\u0142u\u017cy do wzmocnienia \u015bwiat\u0142a w warunkach s\u0142abego o\u015bwietlenia. Bia\u0142a wytwarza mi\u0119kkie, czyste \u015bwiat\u0142o. Natomiast czarna tworzy cie\u0144 i jest idealna do stworzenia mrocznego i tajemniczego nastroju.<\/p>\n<p>\n<img decoding=\"async\" src=\"https:\/\/assets.innpro.pl\/14743\/18472\/1.jpg\" border=\"0\" alt=\"\" \/>\n<\/p>\n<div class=\"table-wrapper\">\n<p>\u00a0<\/p>\n<h3><\/h3>\n<table>\n<tbody>\n<tr>\n<th>Model <\/th>\n<td>PU5111<\/td>\n<\/tr>\n<\/tbody>\n<\/table>\n<\/div>\n","protected":false},"excerpt":{"rendered":"<p>Funkcjonalna blenda fotograficzna 5w1 Blenda fotograficzna to podstawowe narz\u0119dzie ka\u017cdego profesjonalnego fotografa, jak i fotografa amatora, kt\u00f3ry ceni sobie \u015bwietnej<\/p>\n","protected":false},"featured_media":55154,"comment_status":"closed","ping_status":"open","template":"","meta":{"_acf_changed":false},"product_brand":[],"product_cat":[1130,1128,1150],"product_tag":[],"class_list":{"0":"post-55153","1":"product","2":"type-product","3":"status-publish","4":"has-post-thumbnail","6":"product_cat-akcesoria-foto","7":"product_cat-foto-wideo","8":"product_cat-pozostale","9":"pa_okres-gwarancji-5754","10":"pa_producent-puluz","12":"first","13":"outofstock","14":"taxable","15":"shipping-taxable","16":"purchasable","17":"product-type-simple"},"acf":[],"yoast_head":"<!-- This site is optimized with the Yoast SEO plugin v27.2 - https:\/\/yoast.com\/product\/yoast-seo-wordpress\/ -->\n<title>Blenda fotograficzna PULUZ 5w1 60cm + futera\u0142 - IRONSKY.PL Sklep z Dronami<\/title>\n<meta name=\"description\" content=\"Blenda fotograficzna PULUZ 5w1 60cm + futera\u0142 - \u2705 sklep z dronami i fachowym doradztwem. \u2705 Tutaj kupisz produkty DJI, Yuneec, Parrot, Syma i wiele innych, a tak\u017ce kursy i licencje na operatora drona.\" \/>\n<meta name=\"robots\" content=\"index, follow, max-snippet:-1, max-image-preview:large, max-video-preview:-1\" \/>\n<link rel=\"canonical\" href=\"https:\/\/ironsky.pl\/sklep\/produkt\/blenda-fotograficzna-puluz-5w1-60cm-futeral\/\" \/>\n<meta property=\"og:locale\" content=\"pl_PL\" \/>\n<meta property=\"og:type\" content=\"article\" \/>\n<meta property=\"og:title\" content=\"Blenda fotograficzna PULUZ 5w1 60cm + futera\u0142 - IRONSKY.PL Sklep z Dronami\" \/>\n<meta property=\"og:description\" content=\"Blenda fotograficzna PULUZ 5w1 60cm + futera\u0142 - \u2705 sklep z dronami i fachowym doradztwem. \u2705 Tutaj kupisz produkty DJI, Yuneec, Parrot, Syma i wiele innych, a tak\u017ce kursy i licencje na operatora drona.\" \/>\n<meta property=\"og:url\" content=\"https:\/\/ironsky.pl\/sklep\/produkt\/blenda-fotograficzna-puluz-5w1-60cm-futeral\/\" \/>\n<meta property=\"og:site_name\" content=\"IRONSKY.PL Sklep z Dronami\" \/>\n<meta property=\"article:modified_time\" content=\"2026-04-15T08:41:39+00:00\" \/>\n<meta property=\"og:image\" content=\"https:\/\/ironsky.pl\/sklep\/wp-content\/uploads\/2026\/04\/16280_1.jpg\" \/>\n\t<meta property=\"og:image:width\" content=\"800\" \/>\n\t<meta property=\"og:image:height\" content=\"800\" \/>\n\t<meta property=\"og:image:type\" content=\"image\/jpeg\" \/>\n<meta name=\"twitter:card\" content=\"summary_large_image\" \/>\n<meta name=\"twitter:label1\" content=\"Szacowany czas czytania\" \/>\n\t<meta name=\"twitter:data1\" content=\"1 minuta\" \/>\n<script type=\"application\/ld+json\" class=\"yoast-schema-graph\">{\"@context\":\"https:\/\/schema.org\",\"@graph\":[{\"@type\":\"WebPage\",\"@id\":\"https:\/\/ironsky.pl\/sklep\/produkt\/blenda-fotograficzna-puluz-5w1-60cm-futeral\/\",\"url\":\"https:\/\/ironsky.pl\/sklep\/produkt\/blenda-fotograficzna-puluz-5w1-60cm-futeral\/\",\"name\":\"Blenda fotograficzna PULUZ 5w1 60cm + futera\u0142 - IRONSKY.PL Sklep z Dronami\",\"isPartOf\":{\"@id\":\"https:\/\/ironsky.pl\/sklep\/#website\"},\"primaryImageOfPage\":{\"@id\":\"https:\/\/ironsky.pl\/sklep\/produkt\/blenda-fotograficzna-puluz-5w1-60cm-futeral\/#primaryimage\"},\"image\":{\"@id\":\"https:\/\/ironsky.pl\/sklep\/produkt\/blenda-fotograficzna-puluz-5w1-60cm-futeral\/#primaryimage\"},\"thumbnailUrl\":\"https:\/\/ironsky.pl\/sklep\/wp-content\/uploads\/2026\/04\/16280_1.jpg\",\"datePublished\":\"2026-04-15T08:00:37+00:00\",\"dateModified\":\"2026-04-15T08:41:39+00:00\",\"description\":\"Blenda fotograficzna PULUZ 5w1 60cm + futera\u0142 - \u2705 sklep z dronami i fachowym doradztwem. \u2705 Tutaj kupisz produkty DJI, Yuneec, Parrot, Syma i wiele innych, a tak\u017ce kursy i licencje na operatora drona.\",\"breadcrumb\":{\"@id\":\"https:\/\/ironsky.pl\/sklep\/produkt\/blenda-fotograficzna-puluz-5w1-60cm-futeral\/#breadcrumb\"},\"inLanguage\":\"pl-PL\",\"potentialAction\":[{\"@type\":\"ReadAction\",\"target\":[\"https:\/\/ironsky.pl\/sklep\/produkt\/blenda-fotograficzna-puluz-5w1-60cm-futeral\/\"]}]},{\"@type\":\"ImageObject\",\"inLanguage\":\"pl-PL\",\"@id\":\"https:\/\/ironsky.pl\/sklep\/produkt\/blenda-fotograficzna-puluz-5w1-60cm-futeral\/#primaryimage\",\"url\":\"https:\/\/ironsky.pl\/sklep\/wp-content\/uploads\/2026\/04\/16280_1.jpg\",\"contentUrl\":\"https:\/\/ironsky.pl\/sklep\/wp-content\/uploads\/2026\/04\/16280_1.jpg\",\"width\":800,\"height\":800},{\"@type\":\"BreadcrumbList\",\"@id\":\"https:\/\/ironsky.pl\/sklep\/produkt\/blenda-fotograficzna-puluz-5w1-60cm-futeral\/#breadcrumb\",\"itemListElement\":[{\"@type\":\"ListItem\",\"position\":1,\"name\":\"Strona g\u0142\u00f3wna\",\"item\":\"https:\/\/ironsky.pl\/sklep\/\"},{\"@type\":\"ListItem\",\"position\":2,\"name\":\"Wszystkie produkty\",\"item\":\"https:\/\/ironsky.pl\/sklep\/produkty\/\"},{\"@type\":\"ListItem\",\"position\":3,\"name\":\"Blenda fotograficzna PULUZ 5w1 60cm + futera\u0142\"}]},{\"@type\":\"WebSite\",\"@id\":\"https:\/\/ironsky.pl\/sklep\/#website\",\"url\":\"https:\/\/ironsky.pl\/sklep\/\",\"name\":\"IRONSKY.PL Sklep z Dronami\",\"description\":\"IRONSKY.PL Sklep z Dronami\",\"potentialAction\":[{\"@type\":\"SearchAction\",\"target\":{\"@type\":\"EntryPoint\",\"urlTemplate\":\"https:\/\/ironsky.pl\/sklep\/?s={search_term_string}\"},\"query-input\":{\"@type\":\"PropertyValueSpecification\",\"valueRequired\":true,\"valueName\":\"search_term_string\"}}],\"inLanguage\":\"pl-PL\"}]}<\/script>\n<!-- \/ Yoast SEO plugin. -->","yoast_head_json":{"title":"Blenda fotograficzna PULUZ 5w1 60cm + futera\u0142 - IRONSKY.PL Sklep z Dronami","description":"Blenda fotograficzna PULUZ 5w1 60cm + futera\u0142 - \u2705 sklep z dronami i fachowym doradztwem. \u2705 Tutaj kupisz produkty DJI, Yuneec, Parrot, Syma i wiele innych, a tak\u017ce kursy i licencje na operatora drona.","robots":{"index":"index","follow":"follow","max-snippet":"max-snippet:-1","max-image-preview":"max-image-preview:large","max-video-preview":"max-video-preview:-1"},"canonical":"https:\/\/ironsky.pl\/sklep\/produkt\/blenda-fotograficzna-puluz-5w1-60cm-futeral\/","og_locale":"pl_PL","og_type":"article","og_title":"Blenda fotograficzna PULUZ 5w1 60cm + futera\u0142 - IRONSKY.PL Sklep z Dronami","og_description":"Blenda fotograficzna PULUZ 5w1 60cm + futera\u0142 - \u2705 sklep z dronami i fachowym doradztwem. \u2705 Tutaj kupisz produkty DJI, Yuneec, Parrot, Syma i wiele innych, a tak\u017ce kursy i licencje na operatora drona.","og_url":"https:\/\/ironsky.pl\/sklep\/produkt\/blenda-fotograficzna-puluz-5w1-60cm-futeral\/","og_site_name":"IRONSKY.PL Sklep z Dronami","article_modified_time":"2026-04-15T08:41:39+00:00","og_image":[{"width":800,"height":800,"url":"https:\/\/ironsky.pl\/sklep\/wp-content\/uploads\/2026\/04\/16280_1.jpg","type":"image\/jpeg"}],"twitter_card":"summary_large_image","twitter_misc":{"Szacowany czas czytania":"1 minuta"},"schema":{"@context":"https:\/\/schema.org","@graph":[{"@type":"WebPage","@id":"https:\/\/ironsky.pl\/sklep\/produkt\/blenda-fotograficzna-puluz-5w1-60cm-futeral\/","url":"https:\/\/ironsky.pl\/sklep\/produkt\/blenda-fotograficzna-puluz-5w1-60cm-futeral\/","name":"Blenda fotograficzna PULUZ 5w1 60cm + futera\u0142 - IRONSKY.PL Sklep z Dronami","isPartOf":{"@id":"https:\/\/ironsky.pl\/sklep\/#website"},"primaryImageOfPage":{"@id":"https:\/\/ironsky.pl\/sklep\/produkt\/blenda-fotograficzna-puluz-5w1-60cm-futeral\/#primaryimage"},"image":{"@id":"https:\/\/ironsky.pl\/sklep\/produkt\/blenda-fotograficzna-puluz-5w1-60cm-futeral\/#primaryimage"},"thumbnailUrl":"https:\/\/ironsky.pl\/sklep\/wp-content\/uploads\/2026\/04\/16280_1.jpg","datePublished":"2026-04-15T08:00:37+00:00","dateModified":"2026-04-15T08:41:39+00:00","description":"Blenda fotograficzna PULUZ 5w1 60cm + futera\u0142 - \u2705 sklep z dronami i fachowym doradztwem. \u2705 Tutaj kupisz produkty DJI, Yuneec, Parrot, Syma i wiele innych, a tak\u017ce kursy i licencje na operatora drona.","breadcrumb":{"@id":"https:\/\/ironsky.pl\/sklep\/produkt\/blenda-fotograficzna-puluz-5w1-60cm-futeral\/#breadcrumb"},"inLanguage":"pl-PL","potentialAction":[{"@type":"ReadAction","target":["https:\/\/ironsky.pl\/sklep\/produkt\/blenda-fotograficzna-puluz-5w1-60cm-futeral\/"]}]},{"@type":"ImageObject","inLanguage":"pl-PL","@id":"https:\/\/ironsky.pl\/sklep\/produkt\/blenda-fotograficzna-puluz-5w1-60cm-futeral\/#primaryimage","url":"https:\/\/ironsky.pl\/sklep\/wp-content\/uploads\/2026\/04\/16280_1.jpg","contentUrl":"https:\/\/ironsky.pl\/sklep\/wp-content\/uploads\/2026\/04\/16280_1.jpg","width":800,"height":800},{"@type":"BreadcrumbList","@id":"https:\/\/ironsky.pl\/sklep\/produkt\/blenda-fotograficzna-puluz-5w1-60cm-futeral\/#breadcrumb","itemListElement":[{"@type":"ListItem","position":1,"name":"Strona g\u0142\u00f3wna","item":"https:\/\/ironsky.pl\/sklep\/"},{"@type":"ListItem","position":2,"name":"Wszystkie produkty","item":"https:\/\/ironsky.pl\/sklep\/produkty\/"},{"@type":"ListItem","position":3,"name":"Blenda fotograficzna PULUZ 5w1 60cm + futera\u0142"}]},{"@type":"WebSite","@id":"https:\/\/ironsky.pl\/sklep\/#website","url":"https:\/\/ironsky.pl\/sklep\/","name":"IRONSKY.PL Sklep z Dronami","description":"IRONSKY.PL Sklep z Dronami","potentialAction":[{"@type":"SearchAction","target":{"@type":"EntryPoint","urlTemplate":"https:\/\/ironsky.pl\/sklep\/?s={search_term_string}"},"query-input":{"@type":"PropertyValueSpecification","valueRequired":true,"valueName":"search_term_string"}}],"inLanguage":"pl-PL"}]}},"_links":{"self":[{"href":"https:\/\/ironsky.pl\/sklep\/wp-json\/wp\/v2\/product\/55153","targetHints":{"allow":["GET"]}}],"collection":[{"href":"https:\/\/ironsky.pl\/sklep\/wp-json\/wp\/v2\/product"}],"about":[{"href":"https:\/\/ironsky.pl\/sklep\/wp-json\/wp\/v2\/types\/product"}],"replies":[{"embeddable":true,"href":"https:\/\/ironsky.pl\/sklep\/wp-json\/wp\/v2\/comments?post=55153"}],"wp:featuredmedia":[{"embeddable":true,"href":"https:\/\/ironsky.pl\/sklep\/wp-json\/wp\/v2\/media\/55154"}],"wp:attachment":[{"href":"https:\/\/ironsky.pl\/sklep\/wp-json\/wp\/v2\/media?parent=55153"}],"wp:term":[{"taxonomy":"product_brand","embeddable":true,"href":"https:\/\/ironsky.pl\/sklep\/wp-json\/wp\/v2\/product_brand?post=55153"},{"taxonomy":"product_cat","embeddable":true,"href":"https:\/\/ironsky.pl\/sklep\/wp-json\/wp\/v2\/product_cat?post=55153"},{"taxonomy":"product_tag","embeddable":true,"href":"https:\/\/ironsky.pl\/sklep\/wp-json\/wp\/v2\/product_tag?post=55153"}],"curies":[{"name":"wp","href":"https:\/\/api.w.org\/{rel}","templated":true}]}}