{"id":55141,"date":"2026-04-15T10:00:03","date_gmt":"2026-04-15T08:00:03","guid":{"rendered":"https:\/\/ironsky.pl\/sklep\/produkt\/mocowanie-puluz-pu20-j-hook-do-kamer-sportowych-2szt\/"},"modified":"2026-04-15T10:41:38","modified_gmt":"2026-04-15T08:41:38","slug":"mocowanie-puluz-pu20-j-hook-do-kamer-sportowych-2szt","status":"publish","type":"product","link":"https:\/\/ironsky.pl\/sklep\/produkt\/mocowanie-puluz-pu20-j-hook-do-kamer-sportowych-2szt\/","title":{"rendered":"Mocowanie PULUZ PU20 J-Hook do kamer sportowych 2szt."},"content":{"rendered":"<h3>Mocowanie Puluz typu J-Hook Puluz do kamer sportowych (DJI, GoPro, Insta360)(2x)<\/h3>\n<p>Mocowanie wykonane z wysokiej jako\u015bci materia\u0142u ABS, \u015bwietnie sprawdzi si\u0119 jako uchwyt do kamery umieszczonej na kasku. Niezawodny podczas jazdy na nartach, snowboardzie, surfingu i wielu innych aktywno\u015bciach.<\/p>\n<p><img decoding=\"async\" src=\"https:\/\/assets.innpro.pl\/14762\/18495\/1.jpg\" border=\"0\" alt=\"\" \/><\/p>\n<div class=\"table-wrapper\">\n<p>\u00a0<\/p>\n<h3>\u00a0<\/h3>\n<table>\n<tbody>\n<tr>\n<th>Model<\/th>\n<td>PU20<\/td>\n<\/tr>\n<tr>\n<th>Kompatybilno\u015b\u0107<\/th>\n<td>DJI: Osmo Action 5 Pro, Osmo Action 3, Action 2, Osmo Action \/ GoPro: HERO (2024), HERO13 Black, HERO12 Black, HERO11 Black Mini, HERO11 Black, HERO10 Black, HERO9 Black, HERO8 Black, MAX, HERO7 White, HERO7 Black, HERO7 Silver, NEW HERO, Fusion HERO6 Black, HERO5 Black, HERO5 Session, Hero Session, HERO4 Session, HERO4, HERO3+, HERO3, HERO2, HERO \/ Insta360: X5, X4, Ace, Ace Pro, GO 3, X3, ONE RS 1-Inch 360 Edition, Insta360 ONE RS 4K Edition, Insta360 ONE RS 360 Edition, Insta360 ONE RS 1-INCH EDITION, ONE X2<\/td>\n<\/tr>\n<\/tbody>\n<\/table>\n<\/div>\n","protected":false},"excerpt":{"rendered":"<p>Mocowanie Puluz typu J-Hook Puluz do kamer sportowych (DJI, GoPro, Insta360)(2x) Mocowanie wykonane z wysokiej jako\u015bci materia\u0142u ABS, \u015bwietnie sprawdzi<\/p>\n","protected":false},"featured_media":55142,"comment_status":"closed","ping_status":"open","template":"","meta":{"_acf_changed":false},"product_brand":[],"product_cat":[1128,6178,6176,6177,1138,6179],"product_tag":[],"class_list":{"0":"post-55141","1":"product","2":"type-product","3":"status-publish","4":"has-post-thumbnail","6":"product_cat-foto-wideo","7":"product_cat-mocowania","8":"product_cat-selfie-stiki","9":"product_cat-statywy-selfie-stiki","10":"product_cat-wysiegniki","11":"product_cat-wysiegniki-i-uchwyty-selfie","12":"pa_okres-gwarancji-5754","13":"pa_producent-puluz","15":"first","16":"outofstock","17":"taxable","18":"shipping-taxable","19":"purchasable","20":"product-type-simple"},"acf":[],"yoast_head":"<!-- This site is optimized with the Yoast SEO plugin v27.2 - https:\/\/yoast.com\/product\/yoast-seo-wordpress\/ -->\n<title>Mocowanie PULUZ PU20 J-Hook do kamer sportowych 2szt. - IRONSKY.PL Sklep z Dronami<\/title>\n<meta name=\"description\" content=\"Mocowanie PULUZ PU20 J-Hook do kamer sportowych 2szt. - \u2705 sklep z dronami i fachowym doradztwem. \u2705 Tutaj kupisz produkty DJI, Yuneec, Parrot, Syma i wiele innych, a tak\u017ce kursy i licencje na operatora drona.\" \/>\n<meta name=\"robots\" content=\"index, follow, max-snippet:-1, max-image-preview:large, max-video-preview:-1\" \/>\n<link rel=\"canonical\" href=\"https:\/\/ironsky.pl\/sklep\/produkt\/mocowanie-puluz-pu20-j-hook-do-kamer-sportowych-2szt\/\" \/>\n<meta property=\"og:locale\" content=\"pl_PL\" \/>\n<meta property=\"og:type\" content=\"article\" \/>\n<meta property=\"og:title\" content=\"Mocowanie PULUZ PU20 J-Hook do kamer sportowych 2szt. - IRONSKY.PL Sklep z Dronami\" \/>\n<meta property=\"og:description\" content=\"Mocowanie PULUZ PU20 J-Hook do kamer sportowych 2szt. - \u2705 sklep z dronami i fachowym doradztwem. \u2705 Tutaj kupisz produkty DJI, Yuneec, Parrot, Syma i wiele innych, a tak\u017ce kursy i licencje na operatora drona.\" \/>\n<meta property=\"og:url\" content=\"https:\/\/ironsky.pl\/sklep\/produkt\/mocowanie-puluz-pu20-j-hook-do-kamer-sportowych-2szt\/\" \/>\n<meta property=\"og:site_name\" content=\"IRONSKY.PL Sklep z Dronami\" \/>\n<meta property=\"article:modified_time\" content=\"2026-04-15T08:41:38+00:00\" \/>\n<meta property=\"og:image\" content=\"https:\/\/ironsky.pl\/sklep\/wp-content\/uploads\/2026\/04\/16273_1.jpg\" \/>\n\t<meta property=\"og:image:width\" content=\"800\" \/>\n\t<meta property=\"og:image:height\" content=\"800\" \/>\n\t<meta property=\"og:image:type\" content=\"image\/jpeg\" \/>\n<meta name=\"twitter:card\" content=\"summary_large_image\" \/>\n<meta name=\"twitter:label1\" content=\"Szacowany czas czytania\" \/>\n\t<meta name=\"twitter:data1\" content=\"1 minuta\" \/>\n<script type=\"application\/ld+json\" class=\"yoast-schema-graph\">{\"@context\":\"https:\/\/schema.org\",\"@graph\":[{\"@type\":\"WebPage\",\"@id\":\"https:\/\/ironsky.pl\/sklep\/produkt\/mocowanie-puluz-pu20-j-hook-do-kamer-sportowych-2szt\/\",\"url\":\"https:\/\/ironsky.pl\/sklep\/produkt\/mocowanie-puluz-pu20-j-hook-do-kamer-sportowych-2szt\/\",\"name\":\"Mocowanie PULUZ PU20 J-Hook do kamer sportowych 2szt. - IRONSKY.PL Sklep z Dronami\",\"isPartOf\":{\"@id\":\"https:\/\/ironsky.pl\/sklep\/#website\"},\"primaryImageOfPage\":{\"@id\":\"https:\/\/ironsky.pl\/sklep\/produkt\/mocowanie-puluz-pu20-j-hook-do-kamer-sportowych-2szt\/#primaryimage\"},\"image\":{\"@id\":\"https:\/\/ironsky.pl\/sklep\/produkt\/mocowanie-puluz-pu20-j-hook-do-kamer-sportowych-2szt\/#primaryimage\"},\"thumbnailUrl\":\"https:\/\/ironsky.pl\/sklep\/wp-content\/uploads\/2026\/04\/16273_1.jpg\",\"datePublished\":\"2026-04-15T08:00:03+00:00\",\"dateModified\":\"2026-04-15T08:41:38+00:00\",\"description\":\"Mocowanie PULUZ PU20 J-Hook do kamer sportowych 2szt. - \u2705 sklep z dronami i fachowym doradztwem. \u2705 Tutaj kupisz produkty DJI, Yuneec, Parrot, Syma i wiele innych, a tak\u017ce kursy i licencje na operatora drona.\",\"breadcrumb\":{\"@id\":\"https:\/\/ironsky.pl\/sklep\/produkt\/mocowanie-puluz-pu20-j-hook-do-kamer-sportowych-2szt\/#breadcrumb\"},\"inLanguage\":\"pl-PL\",\"potentialAction\":[{\"@type\":\"ReadAction\",\"target\":[\"https:\/\/ironsky.pl\/sklep\/produkt\/mocowanie-puluz-pu20-j-hook-do-kamer-sportowych-2szt\/\"]}]},{\"@type\":\"ImageObject\",\"inLanguage\":\"pl-PL\",\"@id\":\"https:\/\/ironsky.pl\/sklep\/produkt\/mocowanie-puluz-pu20-j-hook-do-kamer-sportowych-2szt\/#primaryimage\",\"url\":\"https:\/\/ironsky.pl\/sklep\/wp-content\/uploads\/2026\/04\/16273_1.jpg\",\"contentUrl\":\"https:\/\/ironsky.pl\/sklep\/wp-content\/uploads\/2026\/04\/16273_1.jpg\",\"width\":800,\"height\":800},{\"@type\":\"BreadcrumbList\",\"@id\":\"https:\/\/ironsky.pl\/sklep\/produkt\/mocowanie-puluz-pu20-j-hook-do-kamer-sportowych-2szt\/#breadcrumb\",\"itemListElement\":[{\"@type\":\"ListItem\",\"position\":1,\"name\":\"Strona g\u0142\u00f3wna\",\"item\":\"https:\/\/ironsky.pl\/sklep\/\"},{\"@type\":\"ListItem\",\"position\":2,\"name\":\"Wszystkie produkty\",\"item\":\"https:\/\/ironsky.pl\/sklep\/produkty\/\"},{\"@type\":\"ListItem\",\"position\":3,\"name\":\"Mocowanie PULUZ PU20 J-Hook do kamer sportowych 2szt.\"}]},{\"@type\":\"WebSite\",\"@id\":\"https:\/\/ironsky.pl\/sklep\/#website\",\"url\":\"https:\/\/ironsky.pl\/sklep\/\",\"name\":\"IRONSKY.PL Sklep z Dronami\",\"description\":\"IRONSKY.PL Sklep z Dronami\",\"potentialAction\":[{\"@type\":\"SearchAction\",\"target\":{\"@type\":\"EntryPoint\",\"urlTemplate\":\"https:\/\/ironsky.pl\/sklep\/?s={search_term_string}\"},\"query-input\":{\"@type\":\"PropertyValueSpecification\",\"valueRequired\":true,\"valueName\":\"search_term_string\"}}],\"inLanguage\":\"pl-PL\"}]}<\/script>\n<!-- \/ Yoast SEO plugin. -->","yoast_head_json":{"title":"Mocowanie PULUZ PU20 J-Hook do kamer sportowych 2szt. - IRONSKY.PL Sklep z Dronami","description":"Mocowanie PULUZ PU20 J-Hook do kamer sportowych 2szt. - \u2705 sklep z dronami i fachowym doradztwem. \u2705 Tutaj kupisz produkty DJI, Yuneec, Parrot, Syma i wiele innych, a tak\u017ce kursy i licencje na operatora drona.","robots":{"index":"index","follow":"follow","max-snippet":"max-snippet:-1","max-image-preview":"max-image-preview:large","max-video-preview":"max-video-preview:-1"},"canonical":"https:\/\/ironsky.pl\/sklep\/produkt\/mocowanie-puluz-pu20-j-hook-do-kamer-sportowych-2szt\/","og_locale":"pl_PL","og_type":"article","og_title":"Mocowanie PULUZ PU20 J-Hook do kamer sportowych 2szt. - IRONSKY.PL Sklep z Dronami","og_description":"Mocowanie PULUZ PU20 J-Hook do kamer sportowych 2szt. - \u2705 sklep z dronami i fachowym doradztwem. \u2705 Tutaj kupisz produkty DJI, Yuneec, Parrot, Syma i wiele innych, a tak\u017ce kursy i licencje na operatora drona.","og_url":"https:\/\/ironsky.pl\/sklep\/produkt\/mocowanie-puluz-pu20-j-hook-do-kamer-sportowych-2szt\/","og_site_name":"IRONSKY.PL Sklep z Dronami","article_modified_time":"2026-04-15T08:41:38+00:00","og_image":[{"width":800,"height":800,"url":"https:\/\/ironsky.pl\/sklep\/wp-content\/uploads\/2026\/04\/16273_1.jpg","type":"image\/jpeg"}],"twitter_card":"summary_large_image","twitter_misc":{"Szacowany czas czytania":"1 minuta"},"schema":{"@context":"https:\/\/schema.org","@graph":[{"@type":"WebPage","@id":"https:\/\/ironsky.pl\/sklep\/produkt\/mocowanie-puluz-pu20-j-hook-do-kamer-sportowych-2szt\/","url":"https:\/\/ironsky.pl\/sklep\/produkt\/mocowanie-puluz-pu20-j-hook-do-kamer-sportowych-2szt\/","name":"Mocowanie PULUZ PU20 J-Hook do kamer sportowych 2szt. - IRONSKY.PL Sklep z Dronami","isPartOf":{"@id":"https:\/\/ironsky.pl\/sklep\/#website"},"primaryImageOfPage":{"@id":"https:\/\/ironsky.pl\/sklep\/produkt\/mocowanie-puluz-pu20-j-hook-do-kamer-sportowych-2szt\/#primaryimage"},"image":{"@id":"https:\/\/ironsky.pl\/sklep\/produkt\/mocowanie-puluz-pu20-j-hook-do-kamer-sportowych-2szt\/#primaryimage"},"thumbnailUrl":"https:\/\/ironsky.pl\/sklep\/wp-content\/uploads\/2026\/04\/16273_1.jpg","datePublished":"2026-04-15T08:00:03+00:00","dateModified":"2026-04-15T08:41:38+00:00","description":"Mocowanie PULUZ PU20 J-Hook do kamer sportowych 2szt. - \u2705 sklep z dronami i fachowym doradztwem. \u2705 Tutaj kupisz produkty DJI, Yuneec, Parrot, Syma i wiele innych, a tak\u017ce kursy i licencje na operatora drona.","breadcrumb":{"@id":"https:\/\/ironsky.pl\/sklep\/produkt\/mocowanie-puluz-pu20-j-hook-do-kamer-sportowych-2szt\/#breadcrumb"},"inLanguage":"pl-PL","potentialAction":[{"@type":"ReadAction","target":["https:\/\/ironsky.pl\/sklep\/produkt\/mocowanie-puluz-pu20-j-hook-do-kamer-sportowych-2szt\/"]}]},{"@type":"ImageObject","inLanguage":"pl-PL","@id":"https:\/\/ironsky.pl\/sklep\/produkt\/mocowanie-puluz-pu20-j-hook-do-kamer-sportowych-2szt\/#primaryimage","url":"https:\/\/ironsky.pl\/sklep\/wp-content\/uploads\/2026\/04\/16273_1.jpg","contentUrl":"https:\/\/ironsky.pl\/sklep\/wp-content\/uploads\/2026\/04\/16273_1.jpg","width":800,"height":800},{"@type":"BreadcrumbList","@id":"https:\/\/ironsky.pl\/sklep\/produkt\/mocowanie-puluz-pu20-j-hook-do-kamer-sportowych-2szt\/#breadcrumb","itemListElement":[{"@type":"ListItem","position":1,"name":"Strona g\u0142\u00f3wna","item":"https:\/\/ironsky.pl\/sklep\/"},{"@type":"ListItem","position":2,"name":"Wszystkie produkty","item":"https:\/\/ironsky.pl\/sklep\/produkty\/"},{"@type":"ListItem","position":3,"name":"Mocowanie PULUZ PU20 J-Hook do kamer sportowych 2szt."}]},{"@type":"WebSite","@id":"https:\/\/ironsky.pl\/sklep\/#website","url":"https:\/\/ironsky.pl\/sklep\/","name":"IRONSKY.PL Sklep z Dronami","description":"IRONSKY.PL Sklep z Dronami","potentialAction":[{"@type":"SearchAction","target":{"@type":"EntryPoint","urlTemplate":"https:\/\/ironsky.pl\/sklep\/?s={search_term_string}"},"query-input":{"@type":"PropertyValueSpecification","valueRequired":true,"valueName":"search_term_string"}}],"inLanguage":"pl-PL"}]}},"_links":{"self":[{"href":"https:\/\/ironsky.pl\/sklep\/wp-json\/wp\/v2\/product\/55141","targetHints":{"allow":["GET"]}}],"collection":[{"href":"https:\/\/ironsky.pl\/sklep\/wp-json\/wp\/v2\/product"}],"about":[{"href":"https:\/\/ironsky.pl\/sklep\/wp-json\/wp\/v2\/types\/product"}],"replies":[{"embeddable":true,"href":"https:\/\/ironsky.pl\/sklep\/wp-json\/wp\/v2\/comments?post=55141"}],"wp:featuredmedia":[{"embeddable":true,"href":"https:\/\/ironsky.pl\/sklep\/wp-json\/wp\/v2\/media\/55142"}],"wp:attachment":[{"href":"https:\/\/ironsky.pl\/sklep\/wp-json\/wp\/v2\/media?parent=55141"}],"wp:term":[{"taxonomy":"product_brand","embeddable":true,"href":"https:\/\/ironsky.pl\/sklep\/wp-json\/wp\/v2\/product_brand?post=55141"},{"taxonomy":"product_cat","embeddable":true,"href":"https:\/\/ironsky.pl\/sklep\/wp-json\/wp\/v2\/product_cat?post=55141"},{"taxonomy":"product_tag","embeddable":true,"href":"https:\/\/ironsky.pl\/sklep\/wp-json\/wp\/v2\/product_tag?post=55141"}],"curies":[{"name":"wp","href":"https:\/\/api.w.org\/{rel}","templated":true}]}}