{"id":55133,"date":"2026-04-15T10:00:03","date_gmt":"2026-04-15T08:00:03","guid":{"rendered":"https:\/\/ironsky.pl\/sklep\/produkt\/zestaw-mocowan-puluz-do-kamer-sportowych\/"},"modified":"2026-04-15T10:41:37","modified_gmt":"2026-04-15T08:41:37","slug":"zestaw-mocowan-puluz-do-kamer-sportowych","status":"publish","type":"product","link":"https:\/\/ironsky.pl\/sklep\/produkt\/zestaw-mocowan-puluz-do-kamer-sportowych\/","title":{"rendered":"Zestaw mocowa\u0144 PULUZ do kamer sportowych"},"content":{"rendered":"<h3>Zestaw naklejek i mocowa\u0144 Puluz do kamer spotowych  (m.in. Insta360 X4 \/ X5 \/ DJI Osmo Action 5 Pro)<\/h3>\n<p>Skupienie, g\u0142\u0119boki oddech, adrenalina. Nawet standardowe sporty potrafi\u0105 dostarczy\u0107 nie ma\u0142ej dawki emocji. Mo\u017cesz uwieczni\u0107 swoje dokonania korzystaj\u0105c ze specjalnych kamer sportowych. By zapewni\u0107 sobie pe\u0142en zakres ruchu i wszystkie dost\u0119pne mo\u017cliwo\u015bci za pomoc\u0105 samoprzylepnych naklejek zamocuj swoje urz\u0105dzenie do kasku, dachu samochodu czy deski surfingowej. \u00a0<\/p>\n<p>\n<img decoding=\"async\" src=\"https:\/\/assets.innpro.pl\/14764\/18498\/4.jpg\" border=\"0\" alt=\"\" \/>\n<\/p>\n<h3>Pe\u0142na swoboda <\/h3>\n<p>Do\u0142\u0105czone do zestawu naklejki wykonane s\u0105 z wysokiej jako\u015bci materia\u0142u, zapewni\u0105 trwa\u0142o\u015b\u0107 i pozwalaj\u0105 na praktyczne zastosowanie. Szybkoz\u0142\u0105czki umo\u017cliwiaj\u0105 \u0142atwe i szybkie umieszczenie kamery na r\u00f3\u017cnego rodzaju powierzchniach. Najwa\u017cniejszymi cechami zestawu s\u0105: uniwersalno\u015b\u0107 i bezpiecze\u0144stwo. Szybkoz\u0142\u0105czki znajduj\u0105ce si\u0119 w zestawie s\u0105 kompatybilne z wieloma kamerami sportowymi popularnych marek, kt\u00f3re w zale\u017cno\u015bci do naszych potrzeb dopasujemy do p\u0142askich lub zakrzywionych powierzchni. Dodatkowo zapewnia ona \u0142atwy demonta\u017c kamery bez odklejania mocowania.<\/p>\n<p>\n<img decoding=\"async\" src=\"https:\/\/assets.innpro.pl\/14764\/18498\/1.jpg\" border=\"0\" alt=\"\" \/>\n<\/p>\n<h3>Korzystaj bez obaw  <\/h3>\n<p>Nie musisz obawia\u0107 si\u0119, \u017ce zgubisz sw\u00f3j ulubiony sprz\u0119t.\u00a0Wykorzystany klej\u00a0zapewni bezpieczne i stabilne zamocowanie urz\u0105dzenia do wybranej powierzchni, bez wzgl\u0119du na jej rodzaj i stopie\u0144 zakrzywienia. Mo\u017cesz ze spokojem oddawa\u0107 si\u0119 sportowym emocjom i wraca\u0107 do nich wspomnieniami w pochmurne dni.<\/p>\n<p>\n<img decoding=\"async\" src=\"https:\/\/assets.innpro.pl\/14764\/18498\/6.jpg\" border=\"0\" alt=\"\" \/>\n<\/p>\n<h3>W zestawie<\/h3>\n<ul class=\"list-disc pl-5\">\n<li>4x oryginalne wklejki,<\/li>\n<li>2x szybkoz\u0142\u0105czki p\u0142askie,<\/li>\n<li>2x szybkoz\u0142\u0105czki zakrzywione\u00a0<\/li>\n<\/ul>\n<div class=\"table-wrapper\">\n<p>\u00a0<\/p>\n<h3><\/h3>\n<table>\n<tbody>\n<tr>\n<th>Producent<\/th>\n<td>Puluz<\/td>\n<\/tr>\n<tr>\n<th>Model <\/th>\n<td>PU09<\/td>\n<\/tr>\n<tr>\n<th>Materia\u0142<\/th>\n<td>ABS<\/td>\n<\/tr>\n<tr>\n<th>Kompatybilno\u015b\u0107 <\/th>\n<td>DJI: Osmo Action 5 Pro, Osmo Action 3, Action 2, Osmo Action; Gopro: HERO (2024), HERO13 Black, HERO12 Black, HERO11 Black Mini, HERO11 Black, HERO10 Black, HERO9 Black, HERO8 Black, MAX, HERO7 White, HERO7 Black, HERO7 Silver, NEW HERO, Fusion HERO6 Black, HERO5 Black, HERO5 Session, Hero Session, HERO4 Session, HERO4, HERO3+, HERO3, HERO2, HERO; Insta360: X5, X4, Ace, Ace Pro, GO 3, X3, ONE RS 1-Inch 360 Edition, Insta360 ONE RS 4K Edition, Insta360 ONE RS 360 Edition, Insta360 ONE RS 1-INCH EDITION, ONE X2<\/td>\n<\/tr>\n<\/tbody>\n<\/table>\n<\/div>\n","protected":false},"excerpt":{"rendered":"<p>Zestaw naklejek i mocowa\u0144 Puluz do kamer spotowych (m.in. Insta360 X4 \/ X5 \/ DJI Osmo Action 5 Pro) Skupienie,<\/p>\n","protected":false},"featured_media":55134,"comment_status":"closed","ping_status":"open","template":"","meta":{"_acf_changed":false},"product_brand":[],"product_cat":[1128,6180],"product_tag":[],"class_list":{"0":"post-55133","1":"product","2":"type-product","3":"status-publish","4":"has-post-thumbnail","6":"product_cat-foto-wideo","7":"product_cat-zestawy-foto-wideo-2","8":"pa_okres-gwarancji-5754","9":"pa_producent-puluz","11":"first","12":"outofstock","13":"taxable","14":"shipping-taxable","15":"purchasable","16":"product-type-simple"},"acf":[],"yoast_head":"<!-- This site is optimized with the Yoast SEO plugin v27.2 - https:\/\/yoast.com\/product\/yoast-seo-wordpress\/ -->\n<title>Zestaw mocowa\u0144 PULUZ do kamer sportowych - IRONSKY.PL Sklep z Dronami<\/title>\n<meta name=\"description\" content=\"Zestaw mocowa\u0144 PULUZ do kamer sportowych - \u2705 sklep z dronami i fachowym doradztwem. \u2705 Tutaj kupisz produkty DJI, Yuneec, Parrot, Syma i wiele innych, a tak\u017ce kursy i licencje na operatora drona.\" \/>\n<meta name=\"robots\" content=\"index, follow, max-snippet:-1, max-image-preview:large, max-video-preview:-1\" \/>\n<link rel=\"canonical\" href=\"https:\/\/ironsky.pl\/sklep\/produkt\/zestaw-mocowan-puluz-do-kamer-sportowych\/\" \/>\n<meta property=\"og:locale\" content=\"pl_PL\" \/>\n<meta property=\"og:type\" content=\"article\" \/>\n<meta property=\"og:title\" content=\"Zestaw mocowa\u0144 PULUZ do kamer sportowych - IRONSKY.PL Sklep z Dronami\" \/>\n<meta property=\"og:description\" content=\"Zestaw mocowa\u0144 PULUZ do kamer sportowych - \u2705 sklep z dronami i fachowym doradztwem. \u2705 Tutaj kupisz produkty DJI, Yuneec, Parrot, Syma i wiele innych, a tak\u017ce kursy i licencje na operatora drona.\" \/>\n<meta property=\"og:url\" content=\"https:\/\/ironsky.pl\/sklep\/produkt\/zestaw-mocowan-puluz-do-kamer-sportowych\/\" \/>\n<meta property=\"og:site_name\" content=\"IRONSKY.PL Sklep z Dronami\" \/>\n<meta property=\"article:modified_time\" content=\"2026-04-15T08:41:37+00:00\" \/>\n<meta property=\"og:image\" content=\"https:\/\/ironsky.pl\/sklep\/wp-content\/uploads\/2026\/04\/16267_1.jpg\" \/>\n\t<meta property=\"og:image:width\" content=\"800\" \/>\n\t<meta property=\"og:image:height\" content=\"800\" \/>\n\t<meta property=\"og:image:type\" content=\"image\/jpeg\" \/>\n<meta name=\"twitter:card\" content=\"summary_large_image\" \/>\n<meta name=\"twitter:label1\" content=\"Szacowany czas czytania\" \/>\n\t<meta name=\"twitter:data1\" content=\"2 minuty\" \/>\n<script type=\"application\/ld+json\" class=\"yoast-schema-graph\">{\"@context\":\"https:\/\/schema.org\",\"@graph\":[{\"@type\":\"WebPage\",\"@id\":\"https:\/\/ironsky.pl\/sklep\/produkt\/zestaw-mocowan-puluz-do-kamer-sportowych\/\",\"url\":\"https:\/\/ironsky.pl\/sklep\/produkt\/zestaw-mocowan-puluz-do-kamer-sportowych\/\",\"name\":\"Zestaw mocowa\u0144 PULUZ do kamer sportowych - IRONSKY.PL Sklep z Dronami\",\"isPartOf\":{\"@id\":\"https:\/\/ironsky.pl\/sklep\/#website\"},\"primaryImageOfPage\":{\"@id\":\"https:\/\/ironsky.pl\/sklep\/produkt\/zestaw-mocowan-puluz-do-kamer-sportowych\/#primaryimage\"},\"image\":{\"@id\":\"https:\/\/ironsky.pl\/sklep\/produkt\/zestaw-mocowan-puluz-do-kamer-sportowych\/#primaryimage\"},\"thumbnailUrl\":\"https:\/\/ironsky.pl\/sklep\/wp-content\/uploads\/2026\/04\/16267_1.jpg\",\"datePublished\":\"2026-04-15T08:00:03+00:00\",\"dateModified\":\"2026-04-15T08:41:37+00:00\",\"description\":\"Zestaw mocowa\u0144 PULUZ do kamer sportowych - \u2705 sklep z dronami i fachowym doradztwem. \u2705 Tutaj kupisz produkty DJI, Yuneec, Parrot, Syma i wiele innych, a tak\u017ce kursy i licencje na operatora drona.\",\"breadcrumb\":{\"@id\":\"https:\/\/ironsky.pl\/sklep\/produkt\/zestaw-mocowan-puluz-do-kamer-sportowych\/#breadcrumb\"},\"inLanguage\":\"pl-PL\",\"potentialAction\":[{\"@type\":\"ReadAction\",\"target\":[\"https:\/\/ironsky.pl\/sklep\/produkt\/zestaw-mocowan-puluz-do-kamer-sportowych\/\"]}]},{\"@type\":\"ImageObject\",\"inLanguage\":\"pl-PL\",\"@id\":\"https:\/\/ironsky.pl\/sklep\/produkt\/zestaw-mocowan-puluz-do-kamer-sportowych\/#primaryimage\",\"url\":\"https:\/\/ironsky.pl\/sklep\/wp-content\/uploads\/2026\/04\/16267_1.jpg\",\"contentUrl\":\"https:\/\/ironsky.pl\/sklep\/wp-content\/uploads\/2026\/04\/16267_1.jpg\",\"width\":800,\"height\":800},{\"@type\":\"BreadcrumbList\",\"@id\":\"https:\/\/ironsky.pl\/sklep\/produkt\/zestaw-mocowan-puluz-do-kamer-sportowych\/#breadcrumb\",\"itemListElement\":[{\"@type\":\"ListItem\",\"position\":1,\"name\":\"Strona g\u0142\u00f3wna\",\"item\":\"https:\/\/ironsky.pl\/sklep\/\"},{\"@type\":\"ListItem\",\"position\":2,\"name\":\"Wszystkie produkty\",\"item\":\"https:\/\/ironsky.pl\/sklep\/produkty\/\"},{\"@type\":\"ListItem\",\"position\":3,\"name\":\"Zestaw mocowa\u0144 PULUZ do kamer sportowych\"}]},{\"@type\":\"WebSite\",\"@id\":\"https:\/\/ironsky.pl\/sklep\/#website\",\"url\":\"https:\/\/ironsky.pl\/sklep\/\",\"name\":\"IRONSKY.PL Sklep z Dronami\",\"description\":\"IRONSKY.PL Sklep z Dronami\",\"potentialAction\":[{\"@type\":\"SearchAction\",\"target\":{\"@type\":\"EntryPoint\",\"urlTemplate\":\"https:\/\/ironsky.pl\/sklep\/?s={search_term_string}\"},\"query-input\":{\"@type\":\"PropertyValueSpecification\",\"valueRequired\":true,\"valueName\":\"search_term_string\"}}],\"inLanguage\":\"pl-PL\"}]}<\/script>\n<!-- \/ Yoast SEO plugin. -->","yoast_head_json":{"title":"Zestaw mocowa\u0144 PULUZ do kamer sportowych - IRONSKY.PL Sklep z Dronami","description":"Zestaw mocowa\u0144 PULUZ do kamer sportowych - \u2705 sklep z dronami i fachowym doradztwem. \u2705 Tutaj kupisz produkty DJI, Yuneec, Parrot, Syma i wiele innych, a tak\u017ce kursy i licencje na operatora drona.","robots":{"index":"index","follow":"follow","max-snippet":"max-snippet:-1","max-image-preview":"max-image-preview:large","max-video-preview":"max-video-preview:-1"},"canonical":"https:\/\/ironsky.pl\/sklep\/produkt\/zestaw-mocowan-puluz-do-kamer-sportowych\/","og_locale":"pl_PL","og_type":"article","og_title":"Zestaw mocowa\u0144 PULUZ do kamer sportowych - IRONSKY.PL Sklep z Dronami","og_description":"Zestaw mocowa\u0144 PULUZ do kamer sportowych - \u2705 sklep z dronami i fachowym doradztwem. \u2705 Tutaj kupisz produkty DJI, Yuneec, Parrot, Syma i wiele innych, a tak\u017ce kursy i licencje na operatora drona.","og_url":"https:\/\/ironsky.pl\/sklep\/produkt\/zestaw-mocowan-puluz-do-kamer-sportowych\/","og_site_name":"IRONSKY.PL Sklep z Dronami","article_modified_time":"2026-04-15T08:41:37+00:00","og_image":[{"width":800,"height":800,"url":"https:\/\/ironsky.pl\/sklep\/wp-content\/uploads\/2026\/04\/16267_1.jpg","type":"image\/jpeg"}],"twitter_card":"summary_large_image","twitter_misc":{"Szacowany czas czytania":"2 minuty"},"schema":{"@context":"https:\/\/schema.org","@graph":[{"@type":"WebPage","@id":"https:\/\/ironsky.pl\/sklep\/produkt\/zestaw-mocowan-puluz-do-kamer-sportowych\/","url":"https:\/\/ironsky.pl\/sklep\/produkt\/zestaw-mocowan-puluz-do-kamer-sportowych\/","name":"Zestaw mocowa\u0144 PULUZ do kamer sportowych - IRONSKY.PL Sklep z Dronami","isPartOf":{"@id":"https:\/\/ironsky.pl\/sklep\/#website"},"primaryImageOfPage":{"@id":"https:\/\/ironsky.pl\/sklep\/produkt\/zestaw-mocowan-puluz-do-kamer-sportowych\/#primaryimage"},"image":{"@id":"https:\/\/ironsky.pl\/sklep\/produkt\/zestaw-mocowan-puluz-do-kamer-sportowych\/#primaryimage"},"thumbnailUrl":"https:\/\/ironsky.pl\/sklep\/wp-content\/uploads\/2026\/04\/16267_1.jpg","datePublished":"2026-04-15T08:00:03+00:00","dateModified":"2026-04-15T08:41:37+00:00","description":"Zestaw mocowa\u0144 PULUZ do kamer sportowych - \u2705 sklep z dronami i fachowym doradztwem. \u2705 Tutaj kupisz produkty DJI, Yuneec, Parrot, Syma i wiele innych, a tak\u017ce kursy i licencje na operatora drona.","breadcrumb":{"@id":"https:\/\/ironsky.pl\/sklep\/produkt\/zestaw-mocowan-puluz-do-kamer-sportowych\/#breadcrumb"},"inLanguage":"pl-PL","potentialAction":[{"@type":"ReadAction","target":["https:\/\/ironsky.pl\/sklep\/produkt\/zestaw-mocowan-puluz-do-kamer-sportowych\/"]}]},{"@type":"ImageObject","inLanguage":"pl-PL","@id":"https:\/\/ironsky.pl\/sklep\/produkt\/zestaw-mocowan-puluz-do-kamer-sportowych\/#primaryimage","url":"https:\/\/ironsky.pl\/sklep\/wp-content\/uploads\/2026\/04\/16267_1.jpg","contentUrl":"https:\/\/ironsky.pl\/sklep\/wp-content\/uploads\/2026\/04\/16267_1.jpg","width":800,"height":800},{"@type":"BreadcrumbList","@id":"https:\/\/ironsky.pl\/sklep\/produkt\/zestaw-mocowan-puluz-do-kamer-sportowych\/#breadcrumb","itemListElement":[{"@type":"ListItem","position":1,"name":"Strona g\u0142\u00f3wna","item":"https:\/\/ironsky.pl\/sklep\/"},{"@type":"ListItem","position":2,"name":"Wszystkie produkty","item":"https:\/\/ironsky.pl\/sklep\/produkty\/"},{"@type":"ListItem","position":3,"name":"Zestaw mocowa\u0144 PULUZ do kamer sportowych"}]},{"@type":"WebSite","@id":"https:\/\/ironsky.pl\/sklep\/#website","url":"https:\/\/ironsky.pl\/sklep\/","name":"IRONSKY.PL Sklep z Dronami","description":"IRONSKY.PL Sklep z Dronami","potentialAction":[{"@type":"SearchAction","target":{"@type":"EntryPoint","urlTemplate":"https:\/\/ironsky.pl\/sklep\/?s={search_term_string}"},"query-input":{"@type":"PropertyValueSpecification","valueRequired":true,"valueName":"search_term_string"}}],"inLanguage":"pl-PL"}]}},"_links":{"self":[{"href":"https:\/\/ironsky.pl\/sklep\/wp-json\/wp\/v2\/product\/55133","targetHints":{"allow":["GET"]}}],"collection":[{"href":"https:\/\/ironsky.pl\/sklep\/wp-json\/wp\/v2\/product"}],"about":[{"href":"https:\/\/ironsky.pl\/sklep\/wp-json\/wp\/v2\/types\/product"}],"replies":[{"embeddable":true,"href":"https:\/\/ironsky.pl\/sklep\/wp-json\/wp\/v2\/comments?post=55133"}],"wp:featuredmedia":[{"embeddable":true,"href":"https:\/\/ironsky.pl\/sklep\/wp-json\/wp\/v2\/media\/55134"}],"wp:attachment":[{"href":"https:\/\/ironsky.pl\/sklep\/wp-json\/wp\/v2\/media?parent=55133"}],"wp:term":[{"taxonomy":"product_brand","embeddable":true,"href":"https:\/\/ironsky.pl\/sklep\/wp-json\/wp\/v2\/product_brand?post=55133"},{"taxonomy":"product_cat","embeddable":true,"href":"https:\/\/ironsky.pl\/sklep\/wp-json\/wp\/v2\/product_cat?post=55133"},{"taxonomy":"product_tag","embeddable":true,"href":"https:\/\/ironsky.pl\/sklep\/wp-json\/wp\/v2\/product_tag?post=55133"}],"curies":[{"name":"wp","href":"https:\/\/api.w.org\/{rel}","templated":true}]}}