{"id":55132,"date":"2026-04-15T10:00:03","date_gmt":"2026-04-15T08:00:03","guid":{"rendered":"https:\/\/ironsky.pl\/sklep\/produkt\/plan-ochrony-dji-care-refresh-ronin-sc-plan-roczny-kod-elektroniczny\/"},"modified":"2026-04-15T10:00:27","modified_gmt":"2026-04-15T08:00:27","slug":"plan-ochrony-dji-care-refresh-ronin-sc-plan-roczny-kod-elektroniczny","status":"publish","type":"product","link":"https:\/\/ironsky.pl\/sklep\/produkt\/plan-ochrony-dji-care-refresh-ronin-sc-plan-roczny-kod-elektroniczny\/","title":{"rendered":"Plan ochrony DJI Care Refresh Ronin-SC (plan roczny) &#8211; kod elektroniczny"},"content":{"rendered":"<p><img decoding=\"async\" src=\"\/data\/include\/cms\/2Szymon\/Akcesoria\/dji-referesh-care\/110275e1-f955-4c7e-bf86-34c68df8b990_1.jpg\" border=\"0\" alt=\"\" width=\"799\" height=\"663\" \/><\/p>\n<h3>Kompleksowa ochrona<\/h3>\n<p>DJI Care Referesh to kompleksowe 12 miesi\u0119czne ubezpieczenie oferowane przez DJI na swoje nowe produkty, dzi\u0119ki kt\u00f3remu\u00a0nie musisz si\u0119 martwi\u0107 o bezpiecze\u0144stwo swojego urz\u0105dzenia podczas u\u017cytkowania. W przypadku uszkodzenia, za niewielk\u0105 op\u0142at\u0105 (179 PLN za pierwsz\u0105 wymian\u0119 i 209 PLN za drug\u0105 wymian\u0119) czeka na ciebie nowe urz\u0105dzenie lub w stanie nie nosz\u0105cym \u015blad\u00f3w u\u017cytkowania.<\/p>\n<p><img decoding=\"async\" src=\"\/data\/include\/cms\/2Szymon\/Akcesoria\/dji-referesh-care\/5e4bfaed-77fe-4d61-b517-22c44fee29bf.jpg\" border=\"0\" width=\"800\" height=\"620\" \/><\/p>\n<h3>Czuj si\u0119 jak VIP<\/h3>\n<p>U\u017cytkownicy z ochron\u0105 DJI Care Refresh s\u0105 traktowani priorytetowo, dzi\u0119ki czemu czas oczekiwania na wymian\u0119 urz\u0105dzenia zostaje zredukowany do minimum. Co wi\u0119cej, u\u017cytkownicy posiadaj\u0105 przywileje VIP tak\u017ce podczas kontaktu z pomoc\u0105 techniczn\u0105 DJI, wi\u0119c wystarczy jeden telefon, aby szybko uzyska\u0107 odpowied\u017a na dowolne\u00a0pytanie.<\/p>\n<p><img decoding=\"async\" src=\"\/data\/include\/cms\/2Szymon\/Akcesoria\/dji-referesh-care\/eae28f8a-23bf-49e7-b406-269880be4679.jpg\" border=\"0\" width=\"800\" height=\"590\" \/><\/p>\n<h3>Jak to dzia\u0142a<\/h3>\n<p>Po zakupie karty DJI Care Refresh, u\u017cytkownik\u00a0przechodzi\u00a0na stron\u0119 <a href=\"http:\/\/store.dji.com\/dji_care_infos\/active\">DJI<\/a>\u00a0i aktywuje\u00a0ubezpieczenie, podaj\u0105c numer karty i numer seryjny produktu, do kt\u00f3rego ochrona ma zosta\u0107 przypisana. Zastrze\u017ceniem jest, \u017ce aktywacja musi nast\u0105pi\u0107 nie p\u00f3\u017aniej ni\u017c w ci\u0105gu 48 godzin od aktywacji produktu.<\/p>\n<p><img decoding=\"async\" src=\"\/data\/include\/cms\/2Szymon\/Akcesoria\/dji-referesh-care\/61276XpTcYL._SL1000_.jpg\" border=\"0\" width=\"800\" height=\"679\" \/><\/p>\n<h3>Gdy zdarzy si\u0119\u00a0wypadek<\/h3>\n<p>1. U\u017cytkownik\u00a0zg\u0142asza usterk\u0119 i wysy\u0142a model\u00a0do niemieckiego serwisu DJI lub dystrybutora z adnotacj\u0105, \u017ce posiada DJI Care Refresh.<br \/>2. U\u017cytkownik dostaje wycen\u0119 naprawy i na tej podstawie decyduje czy chce dokona\u0107 naprawy\/wymiany odp\u0142atnie b\u0105d\u017a przez DJI Care Refresh.<br \/>3. Po wybraniu opcji DJI Care Refresh, u\u017cytkownik uiszcza op\u0142at\u0119 w wysoko\u015bci\u00a0179 PLN za pierwsz\u0105 wymian\u0119 lub 209 PLN za drug\u0105 wymian\u0119 i dostaje nowy produkt b\u0105d\u017a nie nosz\u0105cy \u015blad\u00f3w u\u017cytkowania.<br \/>4. Wymieniony produkt zostaje priorytetowo dostarczony do u\u017cytkownika z darmow\u0105 wysy\u0142k\u0105.<\/p>\n<p><img decoding=\"async\" src=\"\/data\/include\/cms\/2Szymon\/Akcesoria\/dji-referesh-care\/0982e16a-b27f-4462-903d-82b54f4e7c7d.jpg\" border=\"0\" width=\"800\" height=\"225\" \/><\/p>\n<h3>Zastrze\u017cenia<\/h3>\n<p>DJI Care Refresh nie obejmuje:<\/p>\n<p>1) Zgubionego b\u0105d\u017a\u00a0cz\u0119\u015bciowo zgubionej kamery, gimbala lub akcesori\u00f3w.<br \/>2) Kradzie\u017cy lub porzucenia produktu.<br \/>3) Uszkodze\u0144 spowodowanych lotem w niew\u0142a\u015bciwych warunkach atmosferycznych.<br \/>4) Nadajnika, akcesori\u00f3w dodatkowych.<br \/>5) Rozmy\u015blnej utraty drona.<br \/>6) Uszkodze\u0144 obudowy, kt\u00f3re nie wp\u0142ywaj\u0105 na dzia\u0142anie produktu.<br \/>7) Bezpo\u015brednich lub niebezpo\u015brednich uszkodze\u0144 spowodowanych dzia\u0142aniem si\u0142 wy\u017cszych.<br \/>8) Usterek powsta\u0142ych poza okresem wa\u017cno\u015bci DJI Care Refresh.<br \/>9) Dodatkowych op\u0142at zwi\u0105zanych z ulepszaniem modelu, poprawianiem jego osi\u0105g\u00f3w.<br \/>10) Usterek wynikaj\u0105cych z przeprowadzania modyfikacji, kt\u00f3re nie s\u0105 zgodne z zaleceniami znajduj\u0105cymi si\u0119 w podr\u0119czniku u\u017cytkownika b\u0105d\u017a z u\u017cywania niekompatybilnych akumulator\u00f3w i \u0142adowarki.<br \/>11) Usterek wynikaj\u0105cych z korzystania z nieautoryzowanych akcesori\u00f3w, akumulator\u00f3w b\u0105d\u017a oprogramowania.<\/p>\n","protected":false},"excerpt":{"rendered":"<p>Kompleksowa ochrona DJI Care Referesh to kompleksowe 12 miesi\u0119czne ubezpieczenie oferowane przez DJI na swoje nowe produkty, dzi\u0119ki kt\u00f3remu\u00a0nie musisz<\/p>\n","protected":false},"featured_media":39204,"comment_status":"closed","ping_status":"open","template":"","meta":{"_acf_changed":false},"product_brand":[],"product_cat":[6166,1088],"product_tag":[],"class_list":{"0":"post-55132","1":"product","2":"type-product","3":"status-publish","4":"has-post-thumbnail","6":"product_cat-dji-care-refresh","7":"product_cat-drony","8":"pa_producent-dji","10":"first","11":"outofstock","12":"taxable","13":"shipping-taxable","14":"purchasable","15":"product-type-simple"},"acf":[],"yoast_head":"<!-- This site is optimized with the Yoast SEO plugin v27.2 - https:\/\/yoast.com\/product\/yoast-seo-wordpress\/ -->\n<title>Plan ochrony DJI Care Refresh Ronin-SC (plan roczny) - kod elektroniczny - IRONSKY.PL Sklep z Dronami<\/title>\n<meta name=\"description\" content=\"Plan ochrony DJI Care Refresh Ronin-SC (plan roczny) - kod elektroniczny - \u2705 sklep z dronami i fachowym doradztwem. \u2705 Tutaj kupisz produkty DJI, Yuneec, Parrot, Syma i wiele innych, a tak\u017ce kursy i licencje na operatora drona.\" \/>\n<meta name=\"robots\" content=\"index, follow, max-snippet:-1, max-image-preview:large, max-video-preview:-1\" \/>\n<link rel=\"canonical\" href=\"https:\/\/ironsky.pl\/sklep\/produkt\/plan-ochrony-dji-care-refresh-ronin-sc-plan-roczny-kod-elektroniczny\/\" \/>\n<meta property=\"og:locale\" content=\"pl_PL\" \/>\n<meta property=\"og:type\" content=\"article\" \/>\n<meta property=\"og:title\" content=\"Plan ochrony DJI Care Refresh Ronin-SC (plan roczny) - kod elektroniczny - IRONSKY.PL Sklep z Dronami\" \/>\n<meta property=\"og:description\" content=\"Plan ochrony DJI Care Refresh Ronin-SC (plan roczny) - kod elektroniczny - \u2705 sklep z dronami i fachowym doradztwem. \u2705 Tutaj kupisz produkty DJI, Yuneec, Parrot, Syma i wiele innych, a tak\u017ce kursy i licencje na operatora drona.\" \/>\n<meta property=\"og:url\" content=\"https:\/\/ironsky.pl\/sklep\/produkt\/plan-ochrony-dji-care-refresh-ronin-sc-plan-roczny-kod-elektroniczny\/\" \/>\n<meta property=\"og:site_name\" content=\"IRONSKY.PL Sklep z Dronami\" \/>\n<meta property=\"article:modified_time\" content=\"2026-04-15T08:00:27+00:00\" \/>\n<meta property=\"og:image\" content=\"https:\/\/ironsky.pl\/sklep\/wp-content\/uploads\/2025\/04\/16219_1.jpg\" \/>\n\t<meta property=\"og:image:width\" content=\"1200\" \/>\n\t<meta property=\"og:image:height\" content=\"800\" \/>\n\t<meta property=\"og:image:type\" content=\"image\/jpeg\" \/>\n<meta name=\"twitter:card\" content=\"summary_large_image\" \/>\n<meta name=\"twitter:label1\" content=\"Szacowany czas czytania\" \/>\n\t<meta name=\"twitter:data1\" content=\"2 minuty\" \/>\n<script type=\"application\/ld+json\" class=\"yoast-schema-graph\">{\"@context\":\"https:\/\/schema.org\",\"@graph\":[{\"@type\":\"WebPage\",\"@id\":\"https:\/\/ironsky.pl\/sklep\/produkt\/plan-ochrony-dji-care-refresh-ronin-sc-plan-roczny-kod-elektroniczny\/\",\"url\":\"https:\/\/ironsky.pl\/sklep\/produkt\/plan-ochrony-dji-care-refresh-ronin-sc-plan-roczny-kod-elektroniczny\/\",\"name\":\"Plan ochrony DJI Care Refresh Ronin-SC (plan roczny) - kod elektroniczny - IRONSKY.PL Sklep z Dronami\",\"isPartOf\":{\"@id\":\"https:\/\/ironsky.pl\/sklep\/#website\"},\"primaryImageOfPage\":{\"@id\":\"https:\/\/ironsky.pl\/sklep\/produkt\/plan-ochrony-dji-care-refresh-ronin-sc-plan-roczny-kod-elektroniczny\/#primaryimage\"},\"image\":{\"@id\":\"https:\/\/ironsky.pl\/sklep\/produkt\/plan-ochrony-dji-care-refresh-ronin-sc-plan-roczny-kod-elektroniczny\/#primaryimage\"},\"thumbnailUrl\":\"https:\/\/ironsky.pl\/sklep\/wp-content\/uploads\/2025\/04\/16219_1.jpg\",\"datePublished\":\"2026-04-15T08:00:03+00:00\",\"dateModified\":\"2026-04-15T08:00:27+00:00\",\"description\":\"Plan ochrony DJI Care Refresh Ronin-SC (plan roczny) - kod elektroniczny - \u2705 sklep z dronami i fachowym doradztwem. \u2705 Tutaj kupisz produkty DJI, Yuneec, Parrot, Syma i wiele innych, a tak\u017ce kursy i licencje na operatora drona.\",\"breadcrumb\":{\"@id\":\"https:\/\/ironsky.pl\/sklep\/produkt\/plan-ochrony-dji-care-refresh-ronin-sc-plan-roczny-kod-elektroniczny\/#breadcrumb\"},\"inLanguage\":\"pl-PL\",\"potentialAction\":[{\"@type\":\"ReadAction\",\"target\":[\"https:\/\/ironsky.pl\/sklep\/produkt\/plan-ochrony-dji-care-refresh-ronin-sc-plan-roczny-kod-elektroniczny\/\"]}]},{\"@type\":\"ImageObject\",\"inLanguage\":\"pl-PL\",\"@id\":\"https:\/\/ironsky.pl\/sklep\/produkt\/plan-ochrony-dji-care-refresh-ronin-sc-plan-roczny-kod-elektroniczny\/#primaryimage\",\"url\":\"https:\/\/ironsky.pl\/sklep\/wp-content\/uploads\/2025\/04\/16219_1.jpg\",\"contentUrl\":\"https:\/\/ironsky.pl\/sklep\/wp-content\/uploads\/2025\/04\/16219_1.jpg\",\"width\":1200,\"height\":800},{\"@type\":\"BreadcrumbList\",\"@id\":\"https:\/\/ironsky.pl\/sklep\/produkt\/plan-ochrony-dji-care-refresh-ronin-sc-plan-roczny-kod-elektroniczny\/#breadcrumb\",\"itemListElement\":[{\"@type\":\"ListItem\",\"position\":1,\"name\":\"Strona g\u0142\u00f3wna\",\"item\":\"https:\/\/ironsky.pl\/sklep\/\"},{\"@type\":\"ListItem\",\"position\":2,\"name\":\"Wszystkie produkty\",\"item\":\"https:\/\/ironsky.pl\/sklep\/produkty\/\"},{\"@type\":\"ListItem\",\"position\":3,\"name\":\"Plan ochrony DJI Care Refresh Ronin-SC (plan roczny) &#8211; kod elektroniczny\"}]},{\"@type\":\"WebSite\",\"@id\":\"https:\/\/ironsky.pl\/sklep\/#website\",\"url\":\"https:\/\/ironsky.pl\/sklep\/\",\"name\":\"IRONSKY.PL Sklep z Dronami\",\"description\":\"IRONSKY.PL Sklep z Dronami\",\"potentialAction\":[{\"@type\":\"SearchAction\",\"target\":{\"@type\":\"EntryPoint\",\"urlTemplate\":\"https:\/\/ironsky.pl\/sklep\/?s={search_term_string}\"},\"query-input\":{\"@type\":\"PropertyValueSpecification\",\"valueRequired\":true,\"valueName\":\"search_term_string\"}}],\"inLanguage\":\"pl-PL\"}]}<\/script>\n<!-- \/ Yoast SEO plugin. -->","yoast_head_json":{"title":"Plan ochrony DJI Care Refresh Ronin-SC (plan roczny) - kod elektroniczny - IRONSKY.PL Sklep z Dronami","description":"Plan ochrony DJI Care Refresh Ronin-SC (plan roczny) - kod elektroniczny - \u2705 sklep z dronami i fachowym doradztwem. \u2705 Tutaj kupisz produkty DJI, Yuneec, Parrot, Syma i wiele innych, a tak\u017ce kursy i licencje na operatora drona.","robots":{"index":"index","follow":"follow","max-snippet":"max-snippet:-1","max-image-preview":"max-image-preview:large","max-video-preview":"max-video-preview:-1"},"canonical":"https:\/\/ironsky.pl\/sklep\/produkt\/plan-ochrony-dji-care-refresh-ronin-sc-plan-roczny-kod-elektroniczny\/","og_locale":"pl_PL","og_type":"article","og_title":"Plan ochrony DJI Care Refresh Ronin-SC (plan roczny) - kod elektroniczny - IRONSKY.PL Sklep z Dronami","og_description":"Plan ochrony DJI Care Refresh Ronin-SC (plan roczny) - kod elektroniczny - \u2705 sklep z dronami i fachowym doradztwem. \u2705 Tutaj kupisz produkty DJI, Yuneec, Parrot, Syma i wiele innych, a tak\u017ce kursy i licencje na operatora drona.","og_url":"https:\/\/ironsky.pl\/sklep\/produkt\/plan-ochrony-dji-care-refresh-ronin-sc-plan-roczny-kod-elektroniczny\/","og_site_name":"IRONSKY.PL Sklep z Dronami","article_modified_time":"2026-04-15T08:00:27+00:00","og_image":[{"width":1200,"height":800,"url":"https:\/\/ironsky.pl\/sklep\/wp-content\/uploads\/2025\/04\/16219_1.jpg","type":"image\/jpeg"}],"twitter_card":"summary_large_image","twitter_misc":{"Szacowany czas czytania":"2 minuty"},"schema":{"@context":"https:\/\/schema.org","@graph":[{"@type":"WebPage","@id":"https:\/\/ironsky.pl\/sklep\/produkt\/plan-ochrony-dji-care-refresh-ronin-sc-plan-roczny-kod-elektroniczny\/","url":"https:\/\/ironsky.pl\/sklep\/produkt\/plan-ochrony-dji-care-refresh-ronin-sc-plan-roczny-kod-elektroniczny\/","name":"Plan ochrony DJI Care Refresh Ronin-SC (plan roczny) - kod elektroniczny - IRONSKY.PL Sklep z Dronami","isPartOf":{"@id":"https:\/\/ironsky.pl\/sklep\/#website"},"primaryImageOfPage":{"@id":"https:\/\/ironsky.pl\/sklep\/produkt\/plan-ochrony-dji-care-refresh-ronin-sc-plan-roczny-kod-elektroniczny\/#primaryimage"},"image":{"@id":"https:\/\/ironsky.pl\/sklep\/produkt\/plan-ochrony-dji-care-refresh-ronin-sc-plan-roczny-kod-elektroniczny\/#primaryimage"},"thumbnailUrl":"https:\/\/ironsky.pl\/sklep\/wp-content\/uploads\/2025\/04\/16219_1.jpg","datePublished":"2026-04-15T08:00:03+00:00","dateModified":"2026-04-15T08:00:27+00:00","description":"Plan ochrony DJI Care Refresh Ronin-SC (plan roczny) - kod elektroniczny - \u2705 sklep z dronami i fachowym doradztwem. \u2705 Tutaj kupisz produkty DJI, Yuneec, Parrot, Syma i wiele innych, a tak\u017ce kursy i licencje na operatora drona.","breadcrumb":{"@id":"https:\/\/ironsky.pl\/sklep\/produkt\/plan-ochrony-dji-care-refresh-ronin-sc-plan-roczny-kod-elektroniczny\/#breadcrumb"},"inLanguage":"pl-PL","potentialAction":[{"@type":"ReadAction","target":["https:\/\/ironsky.pl\/sklep\/produkt\/plan-ochrony-dji-care-refresh-ronin-sc-plan-roczny-kod-elektroniczny\/"]}]},{"@type":"ImageObject","inLanguage":"pl-PL","@id":"https:\/\/ironsky.pl\/sklep\/produkt\/plan-ochrony-dji-care-refresh-ronin-sc-plan-roczny-kod-elektroniczny\/#primaryimage","url":"https:\/\/ironsky.pl\/sklep\/wp-content\/uploads\/2025\/04\/16219_1.jpg","contentUrl":"https:\/\/ironsky.pl\/sklep\/wp-content\/uploads\/2025\/04\/16219_1.jpg","width":1200,"height":800},{"@type":"BreadcrumbList","@id":"https:\/\/ironsky.pl\/sklep\/produkt\/plan-ochrony-dji-care-refresh-ronin-sc-plan-roczny-kod-elektroniczny\/#breadcrumb","itemListElement":[{"@type":"ListItem","position":1,"name":"Strona g\u0142\u00f3wna","item":"https:\/\/ironsky.pl\/sklep\/"},{"@type":"ListItem","position":2,"name":"Wszystkie produkty","item":"https:\/\/ironsky.pl\/sklep\/produkty\/"},{"@type":"ListItem","position":3,"name":"Plan ochrony DJI Care Refresh Ronin-SC (plan roczny) &#8211; kod elektroniczny"}]},{"@type":"WebSite","@id":"https:\/\/ironsky.pl\/sklep\/#website","url":"https:\/\/ironsky.pl\/sklep\/","name":"IRONSKY.PL Sklep z Dronami","description":"IRONSKY.PL Sklep z Dronami","potentialAction":[{"@type":"SearchAction","target":{"@type":"EntryPoint","urlTemplate":"https:\/\/ironsky.pl\/sklep\/?s={search_term_string}"},"query-input":{"@type":"PropertyValueSpecification","valueRequired":true,"valueName":"search_term_string"}}],"inLanguage":"pl-PL"}]}},"_links":{"self":[{"href":"https:\/\/ironsky.pl\/sklep\/wp-json\/wp\/v2\/product\/55132","targetHints":{"allow":["GET"]}}],"collection":[{"href":"https:\/\/ironsky.pl\/sklep\/wp-json\/wp\/v2\/product"}],"about":[{"href":"https:\/\/ironsky.pl\/sklep\/wp-json\/wp\/v2\/types\/product"}],"replies":[{"embeddable":true,"href":"https:\/\/ironsky.pl\/sklep\/wp-json\/wp\/v2\/comments?post=55132"}],"wp:featuredmedia":[{"embeddable":true,"href":"https:\/\/ironsky.pl\/sklep\/wp-json\/wp\/v2\/media\/39204"}],"wp:attachment":[{"href":"https:\/\/ironsky.pl\/sklep\/wp-json\/wp\/v2\/media?parent=55132"}],"wp:term":[{"taxonomy":"product_brand","embeddable":true,"href":"https:\/\/ironsky.pl\/sklep\/wp-json\/wp\/v2\/product_brand?post=55132"},{"taxonomy":"product_cat","embeddable":true,"href":"https:\/\/ironsky.pl\/sklep\/wp-json\/wp\/v2\/product_cat?post=55132"},{"taxonomy":"product_tag","embeddable":true,"href":"https:\/\/ironsky.pl\/sklep\/wp-json\/wp\/v2\/product_tag?post=55132"}],"curies":[{"name":"wp","href":"https:\/\/api.w.org\/{rel}","templated":true}]}}