{"id":55128,"date":"2026-04-15T10:00:03","date_gmt":"2026-04-15T08:00:03","guid":{"rendered":"https:\/\/ironsky.pl\/sklep\/produkt\/ladowarka-skyrc-t200-2x100w\/"},"modified":"2026-04-15T10:00:24","modified_gmt":"2026-04-15T08:00:24","slug":"ladowarka-skyrc-t200-2x100w","status":"publish","type":"product","link":"https:\/\/ironsky.pl\/sklep\/produkt\/ladowarka-skyrc-t200-2x100w\/","title":{"rendered":"\u0141adowarka SKYRC T200 2x100W"},"content":{"rendered":"<h3>Podw\u00f3jna moc i mobilno\u015b\u0107<\/h3>\n<p>\u0141adowarka SkyRC T200 posiada najbardziej kompaktowa konstrukcj\u0119, zajmuj\u0105c minimaln\u0105 ilo\u015b\u0107 miejsca, tyko tyle co para akumulator\u00f3w. \u0141adowarka dostarcza 100 wat\u00f3w zintegrowanej mocy przez ka\u017cdy z obwod\u00f3w \u0142adowania. Za gustown\u0105 obudow\u0105 znajduje si\u0119 wystarczaj\u0105ca moc, by \u0142adowa\u0107 jednocze\u015bnie dwa akumulatory z nat\u0119\u017ceniem do 12 amper\u00f3w na kana\u0142, dzi\u0119ki czemu b\u0142yskawicznie wpompujesz \u017cycie do szerokiego zakresu akumulator\u00f3w, od pakiet\u00f3w odbiornika po litowo-polimerowe akumulatory 6S lub NiMH  i NiCD 15S. Co wi\u0119cej, \u0142adowarka zapewnia pe\u0142n\u0105 programowalno\u015b\u0107, kt\u00f3rej oczekuje si\u0119 od nowoczesnej \u0142adowarki wysokiej klasy. <\/p>\n<p><img decoding=\"async\" src=\"https:\/\/b2b.innpro.pl\/data\/include\/cms\/2Szymon\/SkyRC\/t200\/t200-2.jpg\" alt=\"2Szymon\/SkyRC\/t200\/t200-2\"><\/p>\n<h3>Zwielokrotnij efektywno\u015b\u0107<\/h3>\n<p>Oba kana\u0142y \u0142adowania mo\u017cna programowa\u0107 i obs\u0142ugiwa\u0107 indywidualnie. T200 pozwala na inteligentne, automatyczne i jednoczesne \u0142adowanie dw\u00f3ch akumulator\u00f3w do ich maksymalnej pojemno\u015bci. Co wi\u0119cej \u0142adowane cele nie musz\u0105 posiada\u0107 tej samej konfiguracji czy by\u0107 tego samego typu. Poczuj ca\u0142kowit\u0105 dowolno\u015b\u0107 w wyborze pakiet\u00f3w do \u0142adowania. <\/p>\n<p><img decoding=\"async\" src=\"https:\/\/b2b.innpro.pl\/data\/include\/cms\/2Szymon\/SkyRC\/t200\/t200-5.jpg\" alt=\"2Szymon\/SkyRC\/t200\/t200-5\"><\/p>\n<h3>Kompatybilno\u015b\u0107 i uniwersalny wtyk XT60<\/h3>\n<p>\u0141adowarka posiada algorytm \u0142adowania pozwalaj\u0105cy na prac\u0119 z najbardziej powszechnymi typami akumulator\u00f3w &#8211; LiPo, LiIon, LiHV, LiFe, NiMH, NiCD i Pb. Interfejs XT60 zapobiega odwr\u00f3conej biegunowo\u015bci i zapewnia bardzo stabilne po\u0142\u0105czenie.<\/p>\n<p><img decoding=\"async\" src=\"https:\/\/b2b.innpro.pl\/data\/include\/cms\/2Szymon\/SkyRC\/t200\/t200-3.jpg\" alt=\"2Szymon\/SkyRC\/t200\/t200-3\"><\/p>\n<h3>Zoptymalizowane oprogramowanie<\/h3>\n<p>SkyRC T200 posiada tzw. funkcj\u0119 AUTO, kt\u00f3re ustawia automatycznie nat\u0119\u017cenie pr\u0105du podczas \u0142adowania oraz roz\u0142adowania. W szczeg\u00f3lno\u015bci w przypadku akumulator\u00f3w litowych funkcja pomaga zapobiec nadmiernemu na\u0142adowaniu, kt\u00f3re mo\u017ce doprowadzi\u0107 do wybuchu z winy u\u017cytkownika. Funkcja automatycznie wy\u0142\u0105cza obw\u00f3d i informuje u\u017cytkownika po wykryciu nieprawid\u0142owo\u015bci. Wszystkie programy w T200 s\u0105 kontrolowane sygna\u0142em obustronnym w celu zapewnienia maksymalnego bezpiecze\u0144stwa i zminimalizowania ilo\u015bci problem\u00f3w. Wszystkie ustawienia mog\u0105 by\u0107 skonfigurowane przez u\u017cytkownika.<\/p>\n<p><img decoding=\"async\" src=\"https:\/\/b2b.innpro.pl\/data\/include\/cms\/2Szymon\/SkyRC\/t200\/t200-6.jpg\" alt=\"2Szymon\/SkyRC\/t200\/t200-6\"><\/p>\n<h3>Intuicyjna obs\u0142uga<\/h3>\n<p>Panel sk\u0142adaj\u0105cy si\u0119 z pi\u0119ciu przycisk\u00f3w i jasno pod\u015bwietlonego ekranu LCD sprawiaj\u0105, \u017ce obs\u0142uga urz\u0105dzenia jest bezproblemowa nawet dla niedo\u015bwiadczonych u\u017cytkownik\u00f3w. Programy \u0142adowania dzia\u0142aj\u0105 w podobny spos\u00f3b, co inne \u0142adowarki SkyRC, ale nawet je\u015bli jest to tw\u00f3j pierwszy kontakt z programowaln\u0105 \u0142adowark\u0105, z \u0142atwo\u015bci\u0105 b\u0119dziesz przechodzi\u0142 pomi\u0119dzy parametrami, u\u017cywaj\u0105c strza\u0142ek do g\u00f3ry i w d\u00f3\u0142, aby ustawi\u0107 warto\u015bci, a potem klikaj\u0105c enter, aby potwierdzi\u0107.<\/p>\n<p><img decoding=\"async\" src=\"https:\/\/b2b.innpro.pl\/data\/include\/cms\/2Szymon\/SkyRC\/t200\/t200-7.jpg\" alt=\"2Szymon\/SkyRC\/t200\/t200-7\"><\/p>\n<h3>Wszechstronno\u015b\u0107 z trybami AGM i zimnym<\/h3>\n<p>Akumulatory AGM s\u0105 \u0142atwe w konserwacji, s\u0105 bardzo stabilne i l\u017cejsze od innych akumulator\u00f3w kwasowo-o\u0142owiowych. Chocia\u017c maj\u0105 t\u0119 sam\u0105 struktur\u0119, r\u00f3\u017cnica w chemicznych sk\u0142adnikach przek\u0142ada si\u0119 na du\u017c\u0105 r\u00f3\u017cnice w dzia\u0142\u0105niu. Nie nale\u017cy \u0142adowa\u0107 akumulator\u00f3w AGM normaln\u0105 \u0142adowark\u0105 w trybie Pb. Tryb zimny pozwala \u0142adowa\u0107 akumulator w niskiej temperaturze.<\/p>\n<p><img decoding=\"async\" src=\"https:\/\/b2b.innpro.pl\/data\/include\/cms\/2Szymon\/SkyRC\/t200\/t200-4.jpg\" alt=\"2Szymon\/SkyRC\/t200\/t200-4\"><\/p>\n<h3>Regulacja napi\u0119cia ko\u0144cowego<\/h3>\n<p>SkyRC T200 pozwala u\u017cytkownikom na zmian\u0119 napi\u0119cia ko\u0144cowego (tylko dla zaawansowanych u\u017cytkownik\u00f3w).<\/p>\n<p><img decoding=\"async\" src=\"https:\/\/b2b.innpro.pl\/data\/include\/cms\/2Szymon\/SkyRC\/t200\/t200-8.jpg\" alt=\"2Szymon\/SkyRC\/t200\/t200-8\"><\/p>\n<h3>Specjalny uchwyt<\/h3>\n<p>\u0141adowarka zosta\u0142a wyposa\u017cona w specjaln\u0105 r\u0105czk\u0119. Dzi\u0119ki kompaktowej konstrukcji przy wadze poni\u017cej 1 kg jest to najwygodniejsza \u0142adowarka w transporcie.<\/p>\n<p><img decoding=\"async\" src=\"https:\/\/b2b.innpro.pl\/data\/include\/cms\/2Szymon\/SkyRC\/t200\/t200-9.jpg\" alt=\"2Szymon\/SkyRC\/t200\/t200-9\"><\/p>\n<h3>W zestawie<\/h3>\n<ul>\n<li>\u0141adowarka T200<\/li>\n<li>Kabel zasilaj\u0105cy<\/li>\n<\/ul>\n<div class=\"table-wrapper\">\n<table>\n<tbody>\n<tr>\n<th>Zasilanie <\/th>\n<td>DC 11-18 V, AC 100-240 V<\/td>\n<\/tr>\n<tr>\n<th>Moc \u0142adowania<\/th>\n<td>100 W x 2<\/td>\n<\/tr>\n<tr>\n<th>Moc roz\u0142adowania<\/th>\n<td>10 W<\/td>\n<\/tr>\n<tr>\n<th>Typ akumulatora<\/th>\n<td>LiPo\/LiIon\/LiFe\/LiHV 1-6S, NiMH\/NiCd 1-15S, Pb 2-20V<\/td>\n<\/tr>\n<tr>\n<th>Pojemno\u015b\u0107 akumulatora<\/th>\n<td>LiPo\/LiIon\/LiFe\/LiHV 100-50000 mAh, NiMH \/ NiCd 100-50000 mAh, Pb 100-50000 mAh<\/td>\n<\/tr>\n<tr>\n<th>Pr\u0105d \u0142adowania<\/th>\n<td>0,1 &#8211; 12 A<\/td>\n<\/tr>\n<tr>\n<th>Pr\u0105d roz\u0142adowania<\/th>\n<td>0,1 &#8211; 2 A<\/td>\n<\/tr>\n<tr>\n<th>Napi\u0119cie \u0142adowania<\/th>\n<td>LiPo: 4,18-4,25V\/cela, LiIon: 4,08-4,2V\/cela, LiFe: 3,58-3,7V\/cela LiHV: 4,25-4,5V\/cela, NiMH\/NiCD &#8211; Detekcja Delta-Peak, Pb Normal: 2,4V\/cela, Pb AGM: 2,45V, Pb Cold: 2,45V<\/td>\n<\/tr>\n<tr>\n<th>Napi\u0119cie roz\u0142adowania<\/th>\n<td>LiPo: 3,0-3,3V\/cela, LiIon: 2,9-3,2V\/cela, LiFe: 2,6-2,9V\/cela<br \/>LiHV: 3,1-3,4V\/cela, NiMH\/NiCD &#8211; 0,1-1,1V\/cela<\/td>\n<\/tr>\n<tr>\n<th>Balanser<\/th>\n<td>2-6S<\/td>\n<\/tr>\n<tr>\n<th>Materia\u0142 obudowy<\/th>\n<td>Plastik<\/td>\n<\/tr>\n<tr>\n<th>Wymiary<\/th>\n<td>178 x 135 x 96 mm<\/td>\n<\/tr>\n<tr>\n<th>Waga<\/th>\n<td>850 g<\/td>\n<\/tr>\n<tr>\n<th>Wy\u0142\u0105cznik czasowy<\/th>\n<td>1-120 minut<\/td>\n<\/tr>\n<tr>\n<th>Temperatura pracy<\/th>\n<td>0\u2103-40\u2103<\/td>\n<\/tr>\n<tr>\n<th>Wy\u015bwietlacz<\/th>\n<td>2&#215;16 LCD z pod\u015bwietleniem<\/td>\n<\/tr>\n<tr>\n<th>Zewn\u0119trzne porty<\/th>\n<td>Gniazdo balansera XH 1-6S, port czujnika temperatura, port akumulatora, wej\u015bcie DC<\/td>\n<\/tr>\n<\/tbody>\n<\/table>\n<\/div>\n","protected":false},"excerpt":{"rendered":"<p>Podw\u00f3jna moc i mobilno\u015b\u0107 \u0141adowarka SkyRC T200 posiada najbardziej kompaktowa konstrukcj\u0119, zajmuj\u0105c minimaln\u0105 ilo\u015b\u0107 miejsca, tyko tyle co para akumulator\u00f3w.<\/p>\n","protected":false},"featured_media":55129,"comment_status":"closed","ping_status":"open","template":"","meta":{"_acf_changed":false},"product_brand":[],"product_cat":[1173,1174,1169],"product_tag":[],"class_list":{"0":"post-55128","1":"product","2":"type-product","3":"status-publish","4":"has-post-thumbnail","6":"product_cat-ladowanie","7":"product_cat-ladowarki","8":"product_cat-modele-rc","9":"pa_okres-gwarancji-5754","10":"pa_producent-skyrc","12":"first","13":"outofstock","14":"taxable","15":"shipping-taxable","16":"purchasable","17":"product-type-simple"},"acf":[],"yoast_head":"<!-- This site is optimized with the Yoast SEO plugin v27.2 - https:\/\/yoast.com\/product\/yoast-seo-wordpress\/ -->\n<title>\u0141adowarka SKYRC T200 2x100W - IRONSKY.PL Sklep z Dronami<\/title>\n<meta name=\"description\" content=\"\u0141adowarka SKYRC T200 2x100W - \u2705 sklep z dronami i fachowym doradztwem. \u2705 Tutaj kupisz produkty DJI, Yuneec, Parrot, Syma i wiele innych, a tak\u017ce kursy i licencje na operatora drona.\" \/>\n<meta name=\"robots\" content=\"index, follow, max-snippet:-1, max-image-preview:large, max-video-preview:-1\" \/>\n<link rel=\"canonical\" href=\"https:\/\/ironsky.pl\/sklep\/produkt\/ladowarka-skyrc-t200-2x100w\/\" \/>\n<meta property=\"og:locale\" content=\"pl_PL\" \/>\n<meta property=\"og:type\" content=\"article\" \/>\n<meta property=\"og:title\" content=\"\u0141adowarka SKYRC T200 2x100W - IRONSKY.PL Sklep z Dronami\" \/>\n<meta property=\"og:description\" content=\"\u0141adowarka SKYRC T200 2x100W - \u2705 sklep z dronami i fachowym doradztwem. \u2705 Tutaj kupisz produkty DJI, Yuneec, Parrot, Syma i wiele innych, a tak\u017ce kursy i licencje na operatora drona.\" \/>\n<meta property=\"og:url\" content=\"https:\/\/ironsky.pl\/sklep\/produkt\/ladowarka-skyrc-t200-2x100w\/\" \/>\n<meta property=\"og:site_name\" content=\"IRONSKY.PL Sklep z Dronami\" \/>\n<meta property=\"article:modified_time\" content=\"2026-04-15T08:00:24+00:00\" \/>\n<meta property=\"og:image\" content=\"https:\/\/ironsky.pl\/sklep\/wp-content\/uploads\/2026\/04\/16130_3.jpg\" \/>\n\t<meta property=\"og:image:width\" content=\"600\" \/>\n\t<meta property=\"og:image:height\" content=\"600\" \/>\n\t<meta property=\"og:image:type\" content=\"image\/jpeg\" \/>\n<meta name=\"twitter:card\" content=\"summary_large_image\" \/>\n<meta name=\"twitter:label1\" content=\"Szacowany czas czytania\" \/>\n\t<meta name=\"twitter:data1\" content=\"3 minuty\" \/>\n<script type=\"application\/ld+json\" class=\"yoast-schema-graph\">{\"@context\":\"https:\/\/schema.org\",\"@graph\":[{\"@type\":\"WebPage\",\"@id\":\"https:\/\/ironsky.pl\/sklep\/produkt\/ladowarka-skyrc-t200-2x100w\/\",\"url\":\"https:\/\/ironsky.pl\/sklep\/produkt\/ladowarka-skyrc-t200-2x100w\/\",\"name\":\"\u0141adowarka SKYRC T200 2x100W - IRONSKY.PL Sklep z Dronami\",\"isPartOf\":{\"@id\":\"https:\/\/ironsky.pl\/sklep\/#website\"},\"primaryImageOfPage\":{\"@id\":\"https:\/\/ironsky.pl\/sklep\/produkt\/ladowarka-skyrc-t200-2x100w\/#primaryimage\"},\"image\":{\"@id\":\"https:\/\/ironsky.pl\/sklep\/produkt\/ladowarka-skyrc-t200-2x100w\/#primaryimage\"},\"thumbnailUrl\":\"https:\/\/ironsky.pl\/sklep\/wp-content\/uploads\/2026\/04\/16130_3.jpg\",\"datePublished\":\"2026-04-15T08:00:03+00:00\",\"dateModified\":\"2026-04-15T08:00:24+00:00\",\"description\":\"\u0141adowarka SKYRC T200 2x100W - \u2705 sklep z dronami i fachowym doradztwem. \u2705 Tutaj kupisz produkty DJI, Yuneec, Parrot, Syma i wiele innych, a tak\u017ce kursy i licencje na operatora drona.\",\"breadcrumb\":{\"@id\":\"https:\/\/ironsky.pl\/sklep\/produkt\/ladowarka-skyrc-t200-2x100w\/#breadcrumb\"},\"inLanguage\":\"pl-PL\",\"potentialAction\":[{\"@type\":\"ReadAction\",\"target\":[\"https:\/\/ironsky.pl\/sklep\/produkt\/ladowarka-skyrc-t200-2x100w\/\"]}]},{\"@type\":\"ImageObject\",\"inLanguage\":\"pl-PL\",\"@id\":\"https:\/\/ironsky.pl\/sklep\/produkt\/ladowarka-skyrc-t200-2x100w\/#primaryimage\",\"url\":\"https:\/\/ironsky.pl\/sklep\/wp-content\/uploads\/2026\/04\/16130_3.jpg\",\"contentUrl\":\"https:\/\/ironsky.pl\/sklep\/wp-content\/uploads\/2026\/04\/16130_3.jpg\",\"width\":600,\"height\":600},{\"@type\":\"BreadcrumbList\",\"@id\":\"https:\/\/ironsky.pl\/sklep\/produkt\/ladowarka-skyrc-t200-2x100w\/#breadcrumb\",\"itemListElement\":[{\"@type\":\"ListItem\",\"position\":1,\"name\":\"Strona g\u0142\u00f3wna\",\"item\":\"https:\/\/ironsky.pl\/sklep\/\"},{\"@type\":\"ListItem\",\"position\":2,\"name\":\"Wszystkie produkty\",\"item\":\"https:\/\/ironsky.pl\/sklep\/produkty\/\"},{\"@type\":\"ListItem\",\"position\":3,\"name\":\"\u0141adowarka SKYRC T200 2x100W\"}]},{\"@type\":\"WebSite\",\"@id\":\"https:\/\/ironsky.pl\/sklep\/#website\",\"url\":\"https:\/\/ironsky.pl\/sklep\/\",\"name\":\"IRONSKY.PL Sklep z Dronami\",\"description\":\"IRONSKY.PL Sklep z Dronami\",\"potentialAction\":[{\"@type\":\"SearchAction\",\"target\":{\"@type\":\"EntryPoint\",\"urlTemplate\":\"https:\/\/ironsky.pl\/sklep\/?s={search_term_string}\"},\"query-input\":{\"@type\":\"PropertyValueSpecification\",\"valueRequired\":true,\"valueName\":\"search_term_string\"}}],\"inLanguage\":\"pl-PL\"}]}<\/script>\n<!-- \/ Yoast SEO plugin. -->","yoast_head_json":{"title":"\u0141adowarka SKYRC T200 2x100W - IRONSKY.PL Sklep z Dronami","description":"\u0141adowarka SKYRC T200 2x100W - \u2705 sklep z dronami i fachowym doradztwem. \u2705 Tutaj kupisz produkty DJI, Yuneec, Parrot, Syma i wiele innych, a tak\u017ce kursy i licencje na operatora drona.","robots":{"index":"index","follow":"follow","max-snippet":"max-snippet:-1","max-image-preview":"max-image-preview:large","max-video-preview":"max-video-preview:-1"},"canonical":"https:\/\/ironsky.pl\/sklep\/produkt\/ladowarka-skyrc-t200-2x100w\/","og_locale":"pl_PL","og_type":"article","og_title":"\u0141adowarka SKYRC T200 2x100W - IRONSKY.PL Sklep z Dronami","og_description":"\u0141adowarka SKYRC T200 2x100W - \u2705 sklep z dronami i fachowym doradztwem. \u2705 Tutaj kupisz produkty DJI, Yuneec, Parrot, Syma i wiele innych, a tak\u017ce kursy i licencje na operatora drona.","og_url":"https:\/\/ironsky.pl\/sklep\/produkt\/ladowarka-skyrc-t200-2x100w\/","og_site_name":"IRONSKY.PL Sklep z Dronami","article_modified_time":"2026-04-15T08:00:24+00:00","og_image":[{"width":600,"height":600,"url":"https:\/\/ironsky.pl\/sklep\/wp-content\/uploads\/2026\/04\/16130_3.jpg","type":"image\/jpeg"}],"twitter_card":"summary_large_image","twitter_misc":{"Szacowany czas czytania":"3 minuty"},"schema":{"@context":"https:\/\/schema.org","@graph":[{"@type":"WebPage","@id":"https:\/\/ironsky.pl\/sklep\/produkt\/ladowarka-skyrc-t200-2x100w\/","url":"https:\/\/ironsky.pl\/sklep\/produkt\/ladowarka-skyrc-t200-2x100w\/","name":"\u0141adowarka SKYRC T200 2x100W - IRONSKY.PL Sklep z Dronami","isPartOf":{"@id":"https:\/\/ironsky.pl\/sklep\/#website"},"primaryImageOfPage":{"@id":"https:\/\/ironsky.pl\/sklep\/produkt\/ladowarka-skyrc-t200-2x100w\/#primaryimage"},"image":{"@id":"https:\/\/ironsky.pl\/sklep\/produkt\/ladowarka-skyrc-t200-2x100w\/#primaryimage"},"thumbnailUrl":"https:\/\/ironsky.pl\/sklep\/wp-content\/uploads\/2026\/04\/16130_3.jpg","datePublished":"2026-04-15T08:00:03+00:00","dateModified":"2026-04-15T08:00:24+00:00","description":"\u0141adowarka SKYRC T200 2x100W - \u2705 sklep z dronami i fachowym doradztwem. \u2705 Tutaj kupisz produkty DJI, Yuneec, Parrot, Syma i wiele innych, a tak\u017ce kursy i licencje na operatora drona.","breadcrumb":{"@id":"https:\/\/ironsky.pl\/sklep\/produkt\/ladowarka-skyrc-t200-2x100w\/#breadcrumb"},"inLanguage":"pl-PL","potentialAction":[{"@type":"ReadAction","target":["https:\/\/ironsky.pl\/sklep\/produkt\/ladowarka-skyrc-t200-2x100w\/"]}]},{"@type":"ImageObject","inLanguage":"pl-PL","@id":"https:\/\/ironsky.pl\/sklep\/produkt\/ladowarka-skyrc-t200-2x100w\/#primaryimage","url":"https:\/\/ironsky.pl\/sklep\/wp-content\/uploads\/2026\/04\/16130_3.jpg","contentUrl":"https:\/\/ironsky.pl\/sklep\/wp-content\/uploads\/2026\/04\/16130_3.jpg","width":600,"height":600},{"@type":"BreadcrumbList","@id":"https:\/\/ironsky.pl\/sklep\/produkt\/ladowarka-skyrc-t200-2x100w\/#breadcrumb","itemListElement":[{"@type":"ListItem","position":1,"name":"Strona g\u0142\u00f3wna","item":"https:\/\/ironsky.pl\/sklep\/"},{"@type":"ListItem","position":2,"name":"Wszystkie produkty","item":"https:\/\/ironsky.pl\/sklep\/produkty\/"},{"@type":"ListItem","position":3,"name":"\u0141adowarka SKYRC T200 2x100W"}]},{"@type":"WebSite","@id":"https:\/\/ironsky.pl\/sklep\/#website","url":"https:\/\/ironsky.pl\/sklep\/","name":"IRONSKY.PL Sklep z Dronami","description":"IRONSKY.PL Sklep z Dronami","potentialAction":[{"@type":"SearchAction","target":{"@type":"EntryPoint","urlTemplate":"https:\/\/ironsky.pl\/sklep\/?s={search_term_string}"},"query-input":{"@type":"PropertyValueSpecification","valueRequired":true,"valueName":"search_term_string"}}],"inLanguage":"pl-PL"}]}},"_links":{"self":[{"href":"https:\/\/ironsky.pl\/sklep\/wp-json\/wp\/v2\/product\/55128","targetHints":{"allow":["GET"]}}],"collection":[{"href":"https:\/\/ironsky.pl\/sklep\/wp-json\/wp\/v2\/product"}],"about":[{"href":"https:\/\/ironsky.pl\/sklep\/wp-json\/wp\/v2\/types\/product"}],"replies":[{"embeddable":true,"href":"https:\/\/ironsky.pl\/sklep\/wp-json\/wp\/v2\/comments?post=55128"}],"wp:featuredmedia":[{"embeddable":true,"href":"https:\/\/ironsky.pl\/sklep\/wp-json\/wp\/v2\/media\/55129"}],"wp:attachment":[{"href":"https:\/\/ironsky.pl\/sklep\/wp-json\/wp\/v2\/media?parent=55128"}],"wp:term":[{"taxonomy":"product_brand","embeddable":true,"href":"https:\/\/ironsky.pl\/sklep\/wp-json\/wp\/v2\/product_brand?post=55128"},{"taxonomy":"product_cat","embeddable":true,"href":"https:\/\/ironsky.pl\/sklep\/wp-json\/wp\/v2\/product_cat?post=55128"},{"taxonomy":"product_tag","embeddable":true,"href":"https:\/\/ironsky.pl\/sklep\/wp-json\/wp\/v2\/product_tag?post=55128"}],"curies":[{"name":"wp","href":"https:\/\/api.w.org\/{rel}","templated":true}]}}