{"id":55114,"date":"2026-04-15T10:00:03","date_gmt":"2026-04-15T08:00:03","guid":{"rendered":"https:\/\/ironsky.pl\/sklep\/produkt\/obudowa-dysku-ugreen-cm237-25-sata-czarna\/"},"modified":"2026-04-15T10:41:29","modified_gmt":"2026-04-15T08:41:29","slug":"obudowa-dysku-ugreen-cm237-25-sata-czarna","status":"publish","type":"product","link":"https:\/\/ironsky.pl\/sklep\/produkt\/obudowa-dysku-ugreen-cm237-25-sata-czarna\/","title":{"rendered":"Obudowa dysku UGREEN CM237 2,5&#8243; SATA (czarna)"},"content":{"rendered":"<h3>Funkcjonalno\u015b\u0107<\/h3>\n<p>Obudowa zewn\u0119trzna dla\u00a0dysk\u00f3w SATA 2,5&#8243;\u00a0marki UGREEN zosta\u0142a zaprojektowana z my\u015bl\u0105 o\u00a0 bezpiecze\u0144stwie dysku i szybko\u015bci transferu danych. Urz\u0105dzenie jest kompatybilne z systemami operacyjnymi Windows, Mac OS oraz Linux. Dodatkow\u0105 zalet\u0105 jest mo\u017cliwo\u015b\u0107 pod\u0142\u0105czenia dysku bezpo\u015brednio do telewizora (je\u017celi posiada obs\u0142ug\u0119 pami\u0119ci zewn\u0119trznych) lub wykorzystania go jako dysku zewn\u0119trznego konsoli PS\u00a04 lub Xbox (360\/One).\u00a0\u00a0<\/p>\n<p><img decoding=\"async\" src=\"https:\/\/b2b.innpro.pl\/data\/include\/cms\/6Kuba\/Ugreen\/CM237\/1.jpg\"><\/p>\n<h3>Wykonanie\u00a0i bezpiecze\u0144stwo<\/h3>\n<p>Wysoka jako\u015b\u0107 materia\u0142\u00f3w i elegancji wygl\u0105d pozwalaj\u0105 zabra\u0107 go ze sob\u0105 wsz\u0119dzie tam gdzie tylko mo\u017ce by\u0107 przydatny. Zastosowanie trwa\u0142ych materia\u0142\u00f3w i wysokiej jako\u015bci wykonanie zapewnia wysok\u0105 wytrzyma\u0142o\u015b\u0107 i d\u0142ug\u0105 \u017cywotno\u015b\u0107. Do zamontowania dysku nie s\u0105 wymagane narz\u0119dzia. \u015arodek zosta\u0142 wy\u0142o\u017cony g\u0105bk\u0105 poch\u0142aniaj\u0105ca wstrz\u0105sy i z zabezpieczaj\u0105c\u0105 dysk przed uszkodzeniem.\u00a0<\/p>\n<p><img decoding=\"async\" src=\"https:\/\/b2b.innpro.pl\/data\/include\/cms\/6Kuba\/Ugreen\/CM237\/2.jpg\"><\/p>\n<div class=\"table-wrapper\">\n<table class=\"table-specs\">\n<tbody>\n<tr>\n<th><span>Model<\/span><\/th>\n<td><span>CM237<\/span><\/td>\n<\/tr>\n<tr>\n<th><span>Wtyczka<\/span><\/th>\n<td><span>USB 3.0 do micro USB 3.0<\/span><\/td>\n<\/tr>\n<tr>\n<th><span>Materia\u0142<\/span><\/th>\n<td><span>ABS<\/span><\/td>\n<\/tr>\n<tr>\n<th><span>Wymiary<\/span><\/th>\n<td><span>133,8 x 15,8 x 81,6 mm<\/span><\/td>\n<\/tr>\n<tr>\n<th><span><span>Kolor<\/span><\/span><\/th>\n<td><span><span>Czarny<\/span><\/span><\/td>\n<\/tr>\n<tr>\n<th><span><span>Interfejs<\/span><\/span><\/th>\n<td><span><span>SATA I\/II\/III<\/span><\/span><\/td>\n<\/tr>\n<tr>\n<th><span><span>Wysoko\u015b\u0107 dysk\u00f3w<\/span><\/span><\/th>\n<td><span><span>7\/9,5 mm<\/span><\/span><\/td>\n<\/tr>\n<tr>\n<th><span><span>D\u0142ugo\u015b\u0107 kabla<\/span><\/span><\/th>\n<td><span><span>50 cm<\/span><\/span><\/td>\n<\/tr>\n<tr>\n<th><span><span>Chip<\/span><\/span><\/th>\n<td><span><span>ASM153E<\/span><\/span><\/td>\n<\/tr>\n<tr>\n<th><span><span>Maksymalna obs\u0142ugiwana pami\u0119\u0107<\/span><\/span><\/th>\n<td><span><span>do 6 TB<\/span><\/span><\/td>\n<\/tr>\n<\/tbody>\n<\/table>\n<\/div>\n","protected":false},"excerpt":{"rendered":"<p>Funkcjonalno\u015b\u0107 Obudowa zewn\u0119trzna dla\u00a0dysk\u00f3w SATA 2,5&#8243;\u00a0marki UGREEN zosta\u0142a zaprojektowana z my\u015bl\u0105 o\u00a0 bezpiecze\u0144stwie dysku i szybko\u015bci transferu danych. Urz\u0105dzenie jest<\/p>\n","protected":false},"featured_media":40742,"comment_status":"closed","ping_status":"open","template":"","meta":{"_acf_changed":false},"product_brand":[],"product_cat":[5929,5936],"product_tag":[],"class_list":{"0":"post-55114","1":"product","2":"type-product","3":"status-publish","4":"has-post-thumbnail","6":"product_cat-akcesoria-it","7":"product_cat-obudowy-dyskow","8":"pa_okres-gwarancji-5757","9":"pa_producent-ugreen","11":"first","12":"outofstock","13":"taxable","14":"shipping-taxable","15":"purchasable","16":"product-type-simple"},"acf":[],"yoast_head":"<!-- This site is optimized with the Yoast SEO plugin v27.2 - https:\/\/yoast.com\/product\/yoast-seo-wordpress\/ -->\n<title>Obudowa dysku UGREEN CM237 2,5&quot; SATA (czarna) - IRONSKY.PL Sklep z Dronami<\/title>\n<meta name=\"description\" content=\"Obudowa dysku UGREEN CM237 2,5&quot; SATA (czarna) - \u2705 sklep z dronami i fachowym doradztwem. \u2705 Tutaj kupisz produkty DJI, Yuneec, Parrot, Syma i wiele innych, a tak\u017ce kursy i licencje na operatora drona.\" \/>\n<meta name=\"robots\" content=\"index, follow, max-snippet:-1, max-image-preview:large, max-video-preview:-1\" \/>\n<link rel=\"canonical\" href=\"https:\/\/ironsky.pl\/sklep\/produkt\/obudowa-dysku-ugreen-cm237-25-sata-czarna\/\" \/>\n<meta property=\"og:locale\" content=\"pl_PL\" \/>\n<meta property=\"og:type\" content=\"article\" \/>\n<meta property=\"og:title\" content=\"Obudowa dysku UGREEN CM237 2,5&quot; SATA (czarna) - IRONSKY.PL Sklep z Dronami\" \/>\n<meta property=\"og:description\" content=\"Obudowa dysku UGREEN CM237 2,5&quot; SATA (czarna) - \u2705 sklep z dronami i fachowym doradztwem. \u2705 Tutaj kupisz produkty DJI, Yuneec, Parrot, Syma i wiele innych, a tak\u017ce kursy i licencje na operatora drona.\" \/>\n<meta property=\"og:url\" content=\"https:\/\/ironsky.pl\/sklep\/produkt\/obudowa-dysku-ugreen-cm237-25-sata-czarna\/\" \/>\n<meta property=\"og:site_name\" content=\"IRONSKY.PL Sklep z Dronami\" \/>\n<meta property=\"article:modified_time\" content=\"2026-04-15T08:41:29+00:00\" \/>\n<meta property=\"og:image\" content=\"https:\/\/ironsky.pl\/sklep\/wp-content\/uploads\/2025\/06\/15865_1.jpg\" \/>\n\t<meta property=\"og:image:width\" content=\"800\" \/>\n\t<meta property=\"og:image:height\" content=\"800\" \/>\n\t<meta property=\"og:image:type\" content=\"image\/jpeg\" \/>\n<meta name=\"twitter:card\" content=\"summary_large_image\" \/>\n<meta name=\"twitter:label1\" content=\"Szacowany czas czytania\" \/>\n\t<meta name=\"twitter:data1\" content=\"1 minuta\" \/>\n<script type=\"application\/ld+json\" class=\"yoast-schema-graph\">{\"@context\":\"https:\/\/schema.org\",\"@graph\":[{\"@type\":\"WebPage\",\"@id\":\"https:\/\/ironsky.pl\/sklep\/produkt\/obudowa-dysku-ugreen-cm237-25-sata-czarna\/\",\"url\":\"https:\/\/ironsky.pl\/sklep\/produkt\/obudowa-dysku-ugreen-cm237-25-sata-czarna\/\",\"name\":\"Obudowa dysku UGREEN CM237 2,5\\\" SATA (czarna) - IRONSKY.PL Sklep z Dronami\",\"isPartOf\":{\"@id\":\"https:\/\/ironsky.pl\/sklep\/#website\"},\"primaryImageOfPage\":{\"@id\":\"https:\/\/ironsky.pl\/sklep\/produkt\/obudowa-dysku-ugreen-cm237-25-sata-czarna\/#primaryimage\"},\"image\":{\"@id\":\"https:\/\/ironsky.pl\/sklep\/produkt\/obudowa-dysku-ugreen-cm237-25-sata-czarna\/#primaryimage\"},\"thumbnailUrl\":\"https:\/\/ironsky.pl\/sklep\/wp-content\/uploads\/2025\/06\/15865_1.jpg\",\"datePublished\":\"2026-04-15T08:00:03+00:00\",\"dateModified\":\"2026-04-15T08:41:29+00:00\",\"description\":\"Obudowa dysku UGREEN CM237 2,5\\\" SATA (czarna) - \u2705 sklep z dronami i fachowym doradztwem. \u2705 Tutaj kupisz produkty DJI, Yuneec, Parrot, Syma i wiele innych, a tak\u017ce kursy i licencje na operatora drona.\",\"breadcrumb\":{\"@id\":\"https:\/\/ironsky.pl\/sklep\/produkt\/obudowa-dysku-ugreen-cm237-25-sata-czarna\/#breadcrumb\"},\"inLanguage\":\"pl-PL\",\"potentialAction\":[{\"@type\":\"ReadAction\",\"target\":[\"https:\/\/ironsky.pl\/sklep\/produkt\/obudowa-dysku-ugreen-cm237-25-sata-czarna\/\"]}]},{\"@type\":\"ImageObject\",\"inLanguage\":\"pl-PL\",\"@id\":\"https:\/\/ironsky.pl\/sklep\/produkt\/obudowa-dysku-ugreen-cm237-25-sata-czarna\/#primaryimage\",\"url\":\"https:\/\/ironsky.pl\/sklep\/wp-content\/uploads\/2025\/06\/15865_1.jpg\",\"contentUrl\":\"https:\/\/ironsky.pl\/sklep\/wp-content\/uploads\/2025\/06\/15865_1.jpg\",\"width\":800,\"height\":800},{\"@type\":\"BreadcrumbList\",\"@id\":\"https:\/\/ironsky.pl\/sklep\/produkt\/obudowa-dysku-ugreen-cm237-25-sata-czarna\/#breadcrumb\",\"itemListElement\":[{\"@type\":\"ListItem\",\"position\":1,\"name\":\"Strona g\u0142\u00f3wna\",\"item\":\"https:\/\/ironsky.pl\/sklep\/\"},{\"@type\":\"ListItem\",\"position\":2,\"name\":\"Wszystkie produkty\",\"item\":\"https:\/\/ironsky.pl\/sklep\/produkty\/\"},{\"@type\":\"ListItem\",\"position\":3,\"name\":\"Obudowa dysku UGREEN CM237 2,5&#8243; SATA (czarna)\"}]},{\"@type\":\"WebSite\",\"@id\":\"https:\/\/ironsky.pl\/sklep\/#website\",\"url\":\"https:\/\/ironsky.pl\/sklep\/\",\"name\":\"IRONSKY.PL Sklep z Dronami\",\"description\":\"IRONSKY.PL Sklep z Dronami\",\"potentialAction\":[{\"@type\":\"SearchAction\",\"target\":{\"@type\":\"EntryPoint\",\"urlTemplate\":\"https:\/\/ironsky.pl\/sklep\/?s={search_term_string}\"},\"query-input\":{\"@type\":\"PropertyValueSpecification\",\"valueRequired\":true,\"valueName\":\"search_term_string\"}}],\"inLanguage\":\"pl-PL\"}]}<\/script>\n<!-- \/ Yoast SEO plugin. -->","yoast_head_json":{"title":"Obudowa dysku UGREEN CM237 2,5\" SATA (czarna) - IRONSKY.PL Sklep z Dronami","description":"Obudowa dysku UGREEN CM237 2,5\" SATA (czarna) - \u2705 sklep z dronami i fachowym doradztwem. \u2705 Tutaj kupisz produkty DJI, Yuneec, Parrot, Syma i wiele innych, a tak\u017ce kursy i licencje na operatora drona.","robots":{"index":"index","follow":"follow","max-snippet":"max-snippet:-1","max-image-preview":"max-image-preview:large","max-video-preview":"max-video-preview:-1"},"canonical":"https:\/\/ironsky.pl\/sklep\/produkt\/obudowa-dysku-ugreen-cm237-25-sata-czarna\/","og_locale":"pl_PL","og_type":"article","og_title":"Obudowa dysku UGREEN CM237 2,5\" SATA (czarna) - IRONSKY.PL Sklep z Dronami","og_description":"Obudowa dysku UGREEN CM237 2,5\" SATA (czarna) - \u2705 sklep z dronami i fachowym doradztwem. \u2705 Tutaj kupisz produkty DJI, Yuneec, Parrot, Syma i wiele innych, a tak\u017ce kursy i licencje na operatora drona.","og_url":"https:\/\/ironsky.pl\/sklep\/produkt\/obudowa-dysku-ugreen-cm237-25-sata-czarna\/","og_site_name":"IRONSKY.PL Sklep z Dronami","article_modified_time":"2026-04-15T08:41:29+00:00","og_image":[{"width":800,"height":800,"url":"https:\/\/ironsky.pl\/sklep\/wp-content\/uploads\/2025\/06\/15865_1.jpg","type":"image\/jpeg"}],"twitter_card":"summary_large_image","twitter_misc":{"Szacowany czas czytania":"1 minuta"},"schema":{"@context":"https:\/\/schema.org","@graph":[{"@type":"WebPage","@id":"https:\/\/ironsky.pl\/sklep\/produkt\/obudowa-dysku-ugreen-cm237-25-sata-czarna\/","url":"https:\/\/ironsky.pl\/sklep\/produkt\/obudowa-dysku-ugreen-cm237-25-sata-czarna\/","name":"Obudowa dysku UGREEN CM237 2,5\" SATA (czarna) - IRONSKY.PL Sklep z Dronami","isPartOf":{"@id":"https:\/\/ironsky.pl\/sklep\/#website"},"primaryImageOfPage":{"@id":"https:\/\/ironsky.pl\/sklep\/produkt\/obudowa-dysku-ugreen-cm237-25-sata-czarna\/#primaryimage"},"image":{"@id":"https:\/\/ironsky.pl\/sklep\/produkt\/obudowa-dysku-ugreen-cm237-25-sata-czarna\/#primaryimage"},"thumbnailUrl":"https:\/\/ironsky.pl\/sklep\/wp-content\/uploads\/2025\/06\/15865_1.jpg","datePublished":"2026-04-15T08:00:03+00:00","dateModified":"2026-04-15T08:41:29+00:00","description":"Obudowa dysku UGREEN CM237 2,5\" SATA (czarna) - \u2705 sklep z dronami i fachowym doradztwem. \u2705 Tutaj kupisz produkty DJI, Yuneec, Parrot, Syma i wiele innych, a tak\u017ce kursy i licencje na operatora drona.","breadcrumb":{"@id":"https:\/\/ironsky.pl\/sklep\/produkt\/obudowa-dysku-ugreen-cm237-25-sata-czarna\/#breadcrumb"},"inLanguage":"pl-PL","potentialAction":[{"@type":"ReadAction","target":["https:\/\/ironsky.pl\/sklep\/produkt\/obudowa-dysku-ugreen-cm237-25-sata-czarna\/"]}]},{"@type":"ImageObject","inLanguage":"pl-PL","@id":"https:\/\/ironsky.pl\/sklep\/produkt\/obudowa-dysku-ugreen-cm237-25-sata-czarna\/#primaryimage","url":"https:\/\/ironsky.pl\/sklep\/wp-content\/uploads\/2025\/06\/15865_1.jpg","contentUrl":"https:\/\/ironsky.pl\/sklep\/wp-content\/uploads\/2025\/06\/15865_1.jpg","width":800,"height":800},{"@type":"BreadcrumbList","@id":"https:\/\/ironsky.pl\/sklep\/produkt\/obudowa-dysku-ugreen-cm237-25-sata-czarna\/#breadcrumb","itemListElement":[{"@type":"ListItem","position":1,"name":"Strona g\u0142\u00f3wna","item":"https:\/\/ironsky.pl\/sklep\/"},{"@type":"ListItem","position":2,"name":"Wszystkie produkty","item":"https:\/\/ironsky.pl\/sklep\/produkty\/"},{"@type":"ListItem","position":3,"name":"Obudowa dysku UGREEN CM237 2,5&#8243; SATA (czarna)"}]},{"@type":"WebSite","@id":"https:\/\/ironsky.pl\/sklep\/#website","url":"https:\/\/ironsky.pl\/sklep\/","name":"IRONSKY.PL Sklep z Dronami","description":"IRONSKY.PL Sklep z Dronami","potentialAction":[{"@type":"SearchAction","target":{"@type":"EntryPoint","urlTemplate":"https:\/\/ironsky.pl\/sklep\/?s={search_term_string}"},"query-input":{"@type":"PropertyValueSpecification","valueRequired":true,"valueName":"search_term_string"}}],"inLanguage":"pl-PL"}]}},"_links":{"self":[{"href":"https:\/\/ironsky.pl\/sklep\/wp-json\/wp\/v2\/product\/55114","targetHints":{"allow":["GET"]}}],"collection":[{"href":"https:\/\/ironsky.pl\/sklep\/wp-json\/wp\/v2\/product"}],"about":[{"href":"https:\/\/ironsky.pl\/sklep\/wp-json\/wp\/v2\/types\/product"}],"replies":[{"embeddable":true,"href":"https:\/\/ironsky.pl\/sklep\/wp-json\/wp\/v2\/comments?post=55114"}],"wp:featuredmedia":[{"embeddable":true,"href":"https:\/\/ironsky.pl\/sklep\/wp-json\/wp\/v2\/media\/40742"}],"wp:attachment":[{"href":"https:\/\/ironsky.pl\/sklep\/wp-json\/wp\/v2\/media?parent=55114"}],"wp:term":[{"taxonomy":"product_brand","embeddable":true,"href":"https:\/\/ironsky.pl\/sklep\/wp-json\/wp\/v2\/product_brand?post=55114"},{"taxonomy":"product_cat","embeddable":true,"href":"https:\/\/ironsky.pl\/sklep\/wp-json\/wp\/v2\/product_cat?post=55114"},{"taxonomy":"product_tag","embeddable":true,"href":"https:\/\/ironsky.pl\/sklep\/wp-json\/wp\/v2\/product_tag?post=55114"}],"curies":[{"name":"wp","href":"https:\/\/api.w.org\/{rel}","templated":true}]}}