{"id":55113,"date":"2026-04-15T09:59:19","date_gmt":"2026-04-15T07:59:19","guid":{"rendered":"https:\/\/ironsky.pl\/sklep\/produkt\/latarka-warsztatowa-superfire-g12-566lm-usb-2\/"},"modified":"2026-04-15T10:00:00","modified_gmt":"2026-04-15T08:00:00","slug":"latarka-warsztatowa-superfire-g12-566lm-usb-2","status":"publish","type":"product","link":"https:\/\/ironsky.pl\/sklep\/produkt\/latarka-warsztatowa-superfire-g12-566lm-usb-2\/","title":{"rendered":"Latarka warsztatowa SUPERFIRE G12 566lm USB"},"content":{"rendered":"<h3>Latarka Warsztatowa Superfire G12<\/h3>\n<p>G12 \u0142\u0105czy w sobie 2 pot\u0119\u017cne \u017ar\u00f3d\u0142a \u015bwiat\u0142a, pojemny akumulator \u0142adowany przez USB, wszechstronno\u015b\u0107 zastosowania oraz odporn\u0105 na uszkodzenia obudow\u0119 zapewniaj\u0105c\u0105 d\u0142ug\u0105 \u017cywotno\u015b\u0107 urz\u0105dzenia. Latarka zosta\u0142a te\u017c wyposa\u017cona w praktyczny, cyfrowy wy\u015bwietlacz, a mo\u017cliwo\u015b\u0107 regulacji jasno\u015bci o\u015bwietlenia pozwoli Ci dostosowa\u0107 jej dzia\u0142anie do swoich potrzeb. Dodatkowymi udogodnieniami s\u0105 specjalny hak, magnetyczne elementy oraz funkcja powerbanku.<\/p>\n<p><img decoding=\"async\" src=\"https:\/\/b2b.innpro.pl\/data\/include\/cms\/Klaudia-Palenga\/supfire\/g12\/1a.jpg\"><\/p>\n<h3>Dostosuj jasno\u015b\u0107<\/h3>\n<p>Latarka zosta\u0142a wyposa\u017cona w dodatkowe przyciski &#8222;+&#8221; i &#8222;-&#8222;, za pomoc\u0105 kt\u00f3rych mo\u017cesz regulowa\u0107 jasno\u015b\u0107 \u015bwiat\u0142a. Potrzebujesz mocnego o\u015bwietlenia, znajduj\u0105c si\u0119 w ca\u0142kowitej ciemno\u015bci? Nic prostszego! A mo\u017ce wolisz zmniejszy\u0107 jego nat\u0119\u017cenie, aby oszcz\u0119dza\u0107 energi\u0119 urz\u0105dzenia? To r\u00f3wnie\u017c nie stanowi najmniejszego nawet problemu.<\/p>\n<p><img decoding=\"async\" src=\"https:\/\/b2b.innpro.pl\/data\/include\/cms\/Klaudia-Palenga\/supfire\/g12\/2.jpg\"><\/p>\n<h3>Pot\u0119\u017cny akumulator<\/h3>\n<p>Akumulator 1200 mAh zapewnia d\u0142ugi czas pracy produktu. Wygodnie na\u0142adujesz go przez USB. Latark\u0119 G12 z powodzeniem wykorzystasz te\u017c jako powerbank do \u0142adowania innych urz\u0105dze\u0144, takich jak na przyk\u0142ad smartfony czy tablety. Co wi\u0119cej, jasny, cyfrowy wy\u015bwietlacz poinformuje Ci\u0119 o procentowym stanie na\u0142adowania akumulatora.<\/p>\n<p><img decoding=\"async\" src=\"https:\/\/b2b.innpro.pl\/data\/include\/cms\/Klaudia-Palenga\/supfire\/g12\/3.jpg\"><\/p>\n<h3>Niezawodne \u017ar\u00f3d\u0142o \u015bwiat\u0142a<\/h3>\n<p>Latarka zosta\u0142a wyposa\u017cona w 2 \u017ar\u00f3d\u0142a \u015bwiat\u0142a &#8211; lamp\u0119 g\u0142\u00f3wn\u0105 oraz g\u00f3rny reflektor LED. Pierwsze z nich zapewnia rozproszone o\u015bwietlenie obszar\u00f3w po\u0142o\u017conych bli\u017cej Ciebie. Drugie sprawdzi si\u0119 na dalszych dystansach. Za jego pomoc\u0105 uzyskasz skupione, bardziej punktowe \u015bwiat\u0142o o dalekim zasi\u0119gu.<\/p>\n<p><img decoding=\"async\" src=\"https:\/\/b2b.innpro.pl\/data\/include\/cms\/Klaudia-Palenga\/supfire\/g12\/15a.jpg\"><\/p>\n<h3>Zawsze pod r\u0119k\u0105<\/h3>\n<p>Ta lekka i kompaktowa latarka jest jednocze\u015bnie wytrzyma\u0142a i odporna na zu\u017cycie. Wykonana zosta\u0142a z tworzywa TPR, ma tak\u017ce dodatkowe wzmocnienia konstrukcji. Co jeszcze j\u0105 wyr\u00f3\u017cnia? Obrotowy w zakresie 180\u00b0 uchwyt, kt\u00f3ry pozwala wygodnie j\u0105 trzyma\u0107, specjalny hak 360\u00b0\u00a0umo\u017cliwiaj\u0105cy jej zawieszenie w wybranym miejscu, a tak\u017ce magnetyczne elementy wyr\u00f3\u017cniaj\u0105ce si\u0119 niesamowit\u0105 si\u0142\u0105 &#8211; dzi\u0119ki nim bez problemu przymocujesz G12 r\u00f3wnie\u017c do metalowej powierzchni.<\/p>\n<p><img decoding=\"async\" src=\"https:\/\/b2b.innpro.pl\/data\/include\/cms\/Klaudia-Palenga\/supfire\/g12\/5.jpg\"><\/p>\n<h3>Uniwersalne zastosowanie<\/h3>\n<p>Dzi\u0119ki swoim ogromnym mo\u017cliwo\u015bciom latarka doskonale sprawdzi si\u0119 w wielu zastosowaniach. Zabierz j\u0105 na camping lub wycieczk\u0119 rowerow\u0105. Mo\u017cesz te\u017c wykorzysta\u0107 j\u0105 w warsztacie podczas naprawy samochodu. Stosuj j\u0105 tak\u017ce na co dzie\u0144 &#8211; na przyk\u0142ad kiedy po zmroku wracasz z pracy lub ze spotkania z przyjaci\u00f3\u0142mi.<\/p>\n<p><img decoding=\"async\" src=\"https:\/\/b2b.innpro.pl\/data\/include\/cms\/Klaudia-Palenga\/supfire\/g12\/6.jpg\"><\/p>\n<h3>Zawarto\u015b\u0107 zestawu<\/h3>\n<ul>\n<li>Latarka<\/li>\n<li>Kabel USB<\/li>\n<\/ul>\n<div class=\"table-wrapper\">\n<table>\n<tbody>\n<tr>\n<th>Producent<\/th>\n<td>Superfire<\/td>\n<\/tr>\n<tr>\n<th>Model<\/th>\n<td>G12<\/td>\n<\/tr>\n<tr>\n<th>\u0179r\u00f3d\u0142o \u015bwiat\u0142a<\/th>\n<td>CREE XPG LED (przednie \u015bwiat\u0142o), COB (boczne \u015bwiat\u0142o)<\/td>\n<\/tr>\n<tr>\n<th>Moc znamionowa<\/th>\n<td>5W<\/td>\n<\/tr>\n<tr>\n<th>Czas pracy<\/th>\n<td>210 min<\/td>\n<\/tr>\n<tr>\n<th>Ilo\u015b\u0107 lumen\u00f3w<\/th>\n<td>288lm (przednie \u015bwiat\u0142o) + 278lm (boczne \u015bwiat\u0142o)<\/td>\n<\/tr>\n<tr>\n<th>Odporno\u015b\u0107 na upadki<\/th>\n<td>do 1m<\/td>\n<\/tr>\n<tr>\n<th>Wymiary<\/th>\n<td>189 x 60 x 31 mm<\/td>\n<\/tr>\n<tr>\n<th>Waga<\/th>\n<td>212g<\/td>\n<\/tr>\n<tr>\n<th>Wodoodporno\u015b\u0107<\/th>\n<td>IP44<\/td>\n<\/tr>\n<tr>\n<th>Zakres \u015bwiecenia<\/th>\n<td>100 m<\/td>\n<\/tr>\n<tr>\n<th>Port \u0142adowania<\/th>\n<td>micro USB<\/td>\n<\/tr>\n<tr>\n<th>Pojemno\u015b\u0107 baterii<\/th>\n<td>1200mAh<\/td>\n<\/tr>\n<tr>\n<th>Tryby<\/th>\n<td>przednie i boczne \u015bwiat\u0142o<\/td>\n<\/tr>\n<tr>\n<th>Materia\u0142<\/th>\n<td>TPR<\/td>\n<\/tr>\n<tr>\n<th>Czas \u0142adowania<\/th>\n<td>2 godziny<\/td>\n<\/tr>\n<\/tbody>\n<\/table>\n<\/div>\n","protected":false},"excerpt":{"rendered":"<p>Latarka Warsztatowa Superfire G12 G12 \u0142\u0105czy w sobie 2 pot\u0119\u017cne \u017ar\u00f3d\u0142a \u015bwiat\u0142a, pojemny akumulator \u0142adowany przez USB, wszechstronno\u015b\u0107 zastosowania oraz<\/p>\n","protected":false},"featured_media":40737,"comment_status":"closed","ping_status":"open","template":"","meta":{"_acf_changed":false},"product_brand":[],"product_cat":[5938,5941,5937],"product_tag":[],"class_list":{"0":"post-55113","1":"product","2":"type-product","3":"status-publish","4":"has-post-thumbnail","6":"product_cat-latarki","7":"product_cat-warsztatowe","8":"product_cat-outdoor","9":"pa_okres-gwarancji-5754","10":"pa_producent-superfire","12":"first","13":"outofstock","14":"taxable","15":"shipping-taxable","16":"purchasable","17":"product-type-simple"},"acf":[],"yoast_head":"<!-- This site is optimized with the Yoast SEO plugin v27.2 - https:\/\/yoast.com\/product\/yoast-seo-wordpress\/ -->\n<title>Latarka warsztatowa SUPERFIRE G12 566lm USB - IRONSKY.PL Sklep z Dronami<\/title>\n<meta name=\"description\" content=\"Latarka warsztatowa SUPERFIRE G12 566lm USB - \u2705 sklep z dronami i fachowym doradztwem. \u2705 Tutaj kupisz produkty DJI, Yuneec, Parrot, Syma i wiele innych, a tak\u017ce kursy i licencje na operatora drona.\" \/>\n<meta name=\"robots\" content=\"index, follow, max-snippet:-1, max-image-preview:large, max-video-preview:-1\" \/>\n<link rel=\"canonical\" href=\"https:\/\/ironsky.pl\/sklep\/produkt\/latarka-warsztatowa-superfire-g12-566lm-usb-2\/\" \/>\n<meta property=\"og:locale\" content=\"pl_PL\" \/>\n<meta property=\"og:type\" content=\"article\" \/>\n<meta property=\"og:title\" content=\"Latarka warsztatowa SUPERFIRE G12 566lm USB - IRONSKY.PL Sklep z Dronami\" \/>\n<meta property=\"og:description\" content=\"Latarka warsztatowa SUPERFIRE G12 566lm USB - \u2705 sklep z dronami i fachowym doradztwem. \u2705 Tutaj kupisz produkty DJI, Yuneec, Parrot, Syma i wiele innych, a tak\u017ce kursy i licencje na operatora drona.\" \/>\n<meta property=\"og:url\" content=\"https:\/\/ironsky.pl\/sklep\/produkt\/latarka-warsztatowa-superfire-g12-566lm-usb-2\/\" \/>\n<meta property=\"og:site_name\" content=\"IRONSKY.PL Sklep z Dronami\" \/>\n<meta property=\"article:modified_time\" content=\"2026-04-15T08:00:00+00:00\" \/>\n<meta property=\"og:image\" content=\"https:\/\/ironsky.pl\/sklep\/wp-content\/uploads\/2025\/06\/15832_2.jpg\" \/>\n\t<meta property=\"og:image:width\" content=\"800\" \/>\n\t<meta property=\"og:image:height\" content=\"800\" \/>\n\t<meta property=\"og:image:type\" content=\"image\/jpeg\" \/>\n<meta name=\"twitter:card\" content=\"summary_large_image\" \/>\n<meta name=\"twitter:label1\" content=\"Szacowany czas czytania\" \/>\n\t<meta name=\"twitter:data1\" content=\"2 minuty\" \/>\n<script type=\"application\/ld+json\" class=\"yoast-schema-graph\">{\"@context\":\"https:\/\/schema.org\",\"@graph\":[{\"@type\":\"WebPage\",\"@id\":\"https:\/\/ironsky.pl\/sklep\/produkt\/latarka-warsztatowa-superfire-g12-566lm-usb-2\/\",\"url\":\"https:\/\/ironsky.pl\/sklep\/produkt\/latarka-warsztatowa-superfire-g12-566lm-usb-2\/\",\"name\":\"Latarka warsztatowa SUPERFIRE G12 566lm USB - IRONSKY.PL Sklep z Dronami\",\"isPartOf\":{\"@id\":\"https:\/\/ironsky.pl\/sklep\/#website\"},\"primaryImageOfPage\":{\"@id\":\"https:\/\/ironsky.pl\/sklep\/produkt\/latarka-warsztatowa-superfire-g12-566lm-usb-2\/#primaryimage\"},\"image\":{\"@id\":\"https:\/\/ironsky.pl\/sklep\/produkt\/latarka-warsztatowa-superfire-g12-566lm-usb-2\/#primaryimage\"},\"thumbnailUrl\":\"https:\/\/ironsky.pl\/sklep\/wp-content\/uploads\/2025\/06\/15832_2.jpg\",\"datePublished\":\"2026-04-15T07:59:19+00:00\",\"dateModified\":\"2026-04-15T08:00:00+00:00\",\"description\":\"Latarka warsztatowa SUPERFIRE G12 566lm USB - \u2705 sklep z dronami i fachowym doradztwem. \u2705 Tutaj kupisz produkty DJI, Yuneec, Parrot, Syma i wiele innych, a tak\u017ce kursy i licencje na operatora drona.\",\"breadcrumb\":{\"@id\":\"https:\/\/ironsky.pl\/sklep\/produkt\/latarka-warsztatowa-superfire-g12-566lm-usb-2\/#breadcrumb\"},\"inLanguage\":\"pl-PL\",\"potentialAction\":[{\"@type\":\"ReadAction\",\"target\":[\"https:\/\/ironsky.pl\/sklep\/produkt\/latarka-warsztatowa-superfire-g12-566lm-usb-2\/\"]}]},{\"@type\":\"ImageObject\",\"inLanguage\":\"pl-PL\",\"@id\":\"https:\/\/ironsky.pl\/sklep\/produkt\/latarka-warsztatowa-superfire-g12-566lm-usb-2\/#primaryimage\",\"url\":\"https:\/\/ironsky.pl\/sklep\/wp-content\/uploads\/2025\/06\/15832_2.jpg\",\"contentUrl\":\"https:\/\/ironsky.pl\/sklep\/wp-content\/uploads\/2025\/06\/15832_2.jpg\",\"width\":800,\"height\":800},{\"@type\":\"BreadcrumbList\",\"@id\":\"https:\/\/ironsky.pl\/sklep\/produkt\/latarka-warsztatowa-superfire-g12-566lm-usb-2\/#breadcrumb\",\"itemListElement\":[{\"@type\":\"ListItem\",\"position\":1,\"name\":\"Strona g\u0142\u00f3wna\",\"item\":\"https:\/\/ironsky.pl\/sklep\/\"},{\"@type\":\"ListItem\",\"position\":2,\"name\":\"Wszystkie produkty\",\"item\":\"https:\/\/ironsky.pl\/sklep\/produkty\/\"},{\"@type\":\"ListItem\",\"position\":3,\"name\":\"Latarka warsztatowa SUPERFIRE G12 566lm USB\"}]},{\"@type\":\"WebSite\",\"@id\":\"https:\/\/ironsky.pl\/sklep\/#website\",\"url\":\"https:\/\/ironsky.pl\/sklep\/\",\"name\":\"IRONSKY.PL Sklep z Dronami\",\"description\":\"IRONSKY.PL Sklep z Dronami\",\"potentialAction\":[{\"@type\":\"SearchAction\",\"target\":{\"@type\":\"EntryPoint\",\"urlTemplate\":\"https:\/\/ironsky.pl\/sklep\/?s={search_term_string}\"},\"query-input\":{\"@type\":\"PropertyValueSpecification\",\"valueRequired\":true,\"valueName\":\"search_term_string\"}}],\"inLanguage\":\"pl-PL\"}]}<\/script>\n<!-- \/ Yoast SEO plugin. -->","yoast_head_json":{"title":"Latarka warsztatowa SUPERFIRE G12 566lm USB - IRONSKY.PL Sklep z Dronami","description":"Latarka warsztatowa SUPERFIRE G12 566lm USB - \u2705 sklep z dronami i fachowym doradztwem. \u2705 Tutaj kupisz produkty DJI, Yuneec, Parrot, Syma i wiele innych, a tak\u017ce kursy i licencje na operatora drona.","robots":{"index":"index","follow":"follow","max-snippet":"max-snippet:-1","max-image-preview":"max-image-preview:large","max-video-preview":"max-video-preview:-1"},"canonical":"https:\/\/ironsky.pl\/sklep\/produkt\/latarka-warsztatowa-superfire-g12-566lm-usb-2\/","og_locale":"pl_PL","og_type":"article","og_title":"Latarka warsztatowa SUPERFIRE G12 566lm USB - IRONSKY.PL Sklep z Dronami","og_description":"Latarka warsztatowa SUPERFIRE G12 566lm USB - \u2705 sklep z dronami i fachowym doradztwem. \u2705 Tutaj kupisz produkty DJI, Yuneec, Parrot, Syma i wiele innych, a tak\u017ce kursy i licencje na operatora drona.","og_url":"https:\/\/ironsky.pl\/sklep\/produkt\/latarka-warsztatowa-superfire-g12-566lm-usb-2\/","og_site_name":"IRONSKY.PL Sklep z Dronami","article_modified_time":"2026-04-15T08:00:00+00:00","og_image":[{"width":800,"height":800,"url":"https:\/\/ironsky.pl\/sklep\/wp-content\/uploads\/2025\/06\/15832_2.jpg","type":"image\/jpeg"}],"twitter_card":"summary_large_image","twitter_misc":{"Szacowany czas czytania":"2 minuty"},"schema":{"@context":"https:\/\/schema.org","@graph":[{"@type":"WebPage","@id":"https:\/\/ironsky.pl\/sklep\/produkt\/latarka-warsztatowa-superfire-g12-566lm-usb-2\/","url":"https:\/\/ironsky.pl\/sklep\/produkt\/latarka-warsztatowa-superfire-g12-566lm-usb-2\/","name":"Latarka warsztatowa SUPERFIRE G12 566lm USB - IRONSKY.PL Sklep z Dronami","isPartOf":{"@id":"https:\/\/ironsky.pl\/sklep\/#website"},"primaryImageOfPage":{"@id":"https:\/\/ironsky.pl\/sklep\/produkt\/latarka-warsztatowa-superfire-g12-566lm-usb-2\/#primaryimage"},"image":{"@id":"https:\/\/ironsky.pl\/sklep\/produkt\/latarka-warsztatowa-superfire-g12-566lm-usb-2\/#primaryimage"},"thumbnailUrl":"https:\/\/ironsky.pl\/sklep\/wp-content\/uploads\/2025\/06\/15832_2.jpg","datePublished":"2026-04-15T07:59:19+00:00","dateModified":"2026-04-15T08:00:00+00:00","description":"Latarka warsztatowa SUPERFIRE G12 566lm USB - \u2705 sklep z dronami i fachowym doradztwem. \u2705 Tutaj kupisz produkty DJI, Yuneec, Parrot, Syma i wiele innych, a tak\u017ce kursy i licencje na operatora drona.","breadcrumb":{"@id":"https:\/\/ironsky.pl\/sklep\/produkt\/latarka-warsztatowa-superfire-g12-566lm-usb-2\/#breadcrumb"},"inLanguage":"pl-PL","potentialAction":[{"@type":"ReadAction","target":["https:\/\/ironsky.pl\/sklep\/produkt\/latarka-warsztatowa-superfire-g12-566lm-usb-2\/"]}]},{"@type":"ImageObject","inLanguage":"pl-PL","@id":"https:\/\/ironsky.pl\/sklep\/produkt\/latarka-warsztatowa-superfire-g12-566lm-usb-2\/#primaryimage","url":"https:\/\/ironsky.pl\/sklep\/wp-content\/uploads\/2025\/06\/15832_2.jpg","contentUrl":"https:\/\/ironsky.pl\/sklep\/wp-content\/uploads\/2025\/06\/15832_2.jpg","width":800,"height":800},{"@type":"BreadcrumbList","@id":"https:\/\/ironsky.pl\/sklep\/produkt\/latarka-warsztatowa-superfire-g12-566lm-usb-2\/#breadcrumb","itemListElement":[{"@type":"ListItem","position":1,"name":"Strona g\u0142\u00f3wna","item":"https:\/\/ironsky.pl\/sklep\/"},{"@type":"ListItem","position":2,"name":"Wszystkie produkty","item":"https:\/\/ironsky.pl\/sklep\/produkty\/"},{"@type":"ListItem","position":3,"name":"Latarka warsztatowa SUPERFIRE G12 566lm USB"}]},{"@type":"WebSite","@id":"https:\/\/ironsky.pl\/sklep\/#website","url":"https:\/\/ironsky.pl\/sklep\/","name":"IRONSKY.PL Sklep z Dronami","description":"IRONSKY.PL Sklep z Dronami","potentialAction":[{"@type":"SearchAction","target":{"@type":"EntryPoint","urlTemplate":"https:\/\/ironsky.pl\/sklep\/?s={search_term_string}"},"query-input":{"@type":"PropertyValueSpecification","valueRequired":true,"valueName":"search_term_string"}}],"inLanguage":"pl-PL"}]}},"_links":{"self":[{"href":"https:\/\/ironsky.pl\/sklep\/wp-json\/wp\/v2\/product\/55113","targetHints":{"allow":["GET"]}}],"collection":[{"href":"https:\/\/ironsky.pl\/sklep\/wp-json\/wp\/v2\/product"}],"about":[{"href":"https:\/\/ironsky.pl\/sklep\/wp-json\/wp\/v2\/types\/product"}],"replies":[{"embeddable":true,"href":"https:\/\/ironsky.pl\/sklep\/wp-json\/wp\/v2\/comments?post=55113"}],"wp:featuredmedia":[{"embeddable":true,"href":"https:\/\/ironsky.pl\/sklep\/wp-json\/wp\/v2\/media\/40737"}],"wp:attachment":[{"href":"https:\/\/ironsky.pl\/sklep\/wp-json\/wp\/v2\/media?parent=55113"}],"wp:term":[{"taxonomy":"product_brand","embeddable":true,"href":"https:\/\/ironsky.pl\/sklep\/wp-json\/wp\/v2\/product_brand?post=55113"},{"taxonomy":"product_cat","embeddable":true,"href":"https:\/\/ironsky.pl\/sklep\/wp-json\/wp\/v2\/product_cat?post=55113"},{"taxonomy":"product_tag","embeddable":true,"href":"https:\/\/ironsky.pl\/sklep\/wp-json\/wp\/v2\/product_tag?post=55113"}],"curies":[{"name":"wp","href":"https:\/\/api.w.org\/{rel}","templated":true}]}}