{"id":55112,"date":"2026-04-15T09:59:19","date_gmt":"2026-04-15T07:59:19","guid":{"rendered":"https:\/\/ironsky.pl\/sklep\/produkt\/latarka-superfire-s11-x-700lm-usb-2\/"},"modified":"2026-04-15T09:59:59","modified_gmt":"2026-04-15T07:59:59","slug":"latarka-superfire-s11-x-700lm-usb-2","status":"publish","type":"product","link":"https:\/\/ironsky.pl\/sklep\/produkt\/latarka-superfire-s11-x-700lm-usb-2\/","title":{"rendered":"Latarka SUPERFIRE S11-X 700lm USB"},"content":{"rendered":"<h3>Latarka Superfire S11-X, 700 lm, USB, 5 tryb\u00f3w <\/h3>\n<p>Superfire S11-X to kompaktowa latarka, kt\u00f3r\u0105 mo\u017cna wsz\u0119dzie ze sob\u0105 zabra\u0107. Dzi\u0119ki swojej lekkiej wadze zmie\u015bci si\u0119 do kieszeni, plecaka, torebki, a nawet saszetki. Latarka zosta\u0142a wykonana z bardzo wytrzyma\u0142ego aluminium lotniczego, charakteryzuj\u0105cego si\u0119 wysok\u0105 odporno\u015bci\u0105 na uszkodzenia i zu\u017cycie. <\/p>\n<p>\n<img decoding=\"async\" src=\"https:\/\/assets.innpro.pl\/14132\/17624\/1.jpg\" border=\"0\" alt=\"Latarka Superfire S11-X wk\u0142adana do kieszeni jeans\u00f3w.\" \/>\n<\/p>\n<h3>Szybkie \u0142adowanie<\/h3>\n<p>Latarka jest zasilana wbudowanym akumulatorem o pojemno\u015bci 1500 mAh. Akumulator mo\u017cna bardzo szybko na\u0142adowa\u0107 za pomoc\u0105 portu micro USB. Do na\u0142adowania latarki nie potrzeba specjalnej \u0142adowarki &#8211; wystarczy podpi\u0105\u0107 kabel micro USB (Universal Serial Bus, standard interfejsu wykorzystywany do zasilania i \u0142adowania urz\u0105dze\u0144, a tak\u017ce do przesy\u0142ania danych) do powerbanka, \u0142adowarki lub komputera. Podczas korzystania z latarki o statusie na\u0142adowania akumulatora informuje na pod\u015bwietlenie LED (Light Emitting Diode, dioda elektroluminescencyjna): zielony kolor oznacza, \u017ce poziom na\u0142adowania akumulatora jest wystarczaj\u0105cy; czerwony kolor informuje o konieczno\u015bci na\u0142adowania akumulatora (poni\u017cej 10%).<\/p>\n<p>\n<img decoding=\"async\" src=\"https:\/\/assets.innpro.pl\/14132\/17624\/2.jpg\" border=\"0\" alt=\"Latarka Superfire S11-X zasilana kablem USB, obok znajduje si\u0119 indykator LED informuj\u0105cy o jej statusie na\u0142adowania.\" \/>\n<\/p>\n<h3>Mocne \u015bwiat\u0142o<\/h3>\n<p>Mocna dioda LED Jingrui XD zapewnia mocne \u015bwiat\u0142o oraz cechuje si\u0119 d\u0142ug\u0105 \u017cywotno\u015bci\u0105, dzi\u0119ki czemu nie trzeba si\u0119 martwi\u0107 o cz\u0119ste wymienianie diody. \u015awiat\u0142o ma jasno\u015b\u0107 700 lumen\u00f3w. Latarka posiada 5 tryb\u00f3w \u015bwiecenia. 3 tryby s\u0142u\u017c\u0105 do sterowania jasno\u015bci\u0105 (mocna, \u015brednia, s\u0142aba), a pozosta\u0142e dwa s\u0142u\u017c\u0105 do w\u0142\u0105czenia \u015bwiat\u0142a stroboskopowego lub SOS. Do prze\u0142\u0105czania mi\u0119dzy trybami s\u0142u\u017cy w\u0142\u0105cznik latarki.<\/p>\n<p>\n<img decoding=\"async\" src=\"https:\/\/assets.innpro.pl\/14132\/17624\/3.jpg\" border=\"0\" alt=\"M\u0119\u017cczyzna o\u015bwietlaj\u0105cy las noc\u0105 za pomoc\u0105 latarki Superfire S11-X.\" \/>\n<\/p>\n<h3>W zestawie<\/h3>\n<ul class=\"list-disc pl-5\">\n<li>Latarka<\/li>\n<li>Akumulator 18650 1500 mAh<\/li>\n<li>Kabel \u0142adowania<\/li>\n<\/ul>\n<div class=\"table-wrapper\">\n<p>\u00a0<\/p>\n<h3><\/h3>\n<table>\n<tbody>\n<tr>\n<th>Producent <\/th>\n<td>Superfire<\/td>\n<\/tr>\n<tr>\n<th>Model <\/th>\n<td>S11-X<\/td>\n<\/tr>\n<tr>\n<th>\u0179r\u00f3d\u0142o \u015bwiat\u0142a <\/th>\n<td>Luminus SST-40-W<\/td>\n<\/tr>\n<tr>\n<th>Moc znamionowa <\/th>\n<td>10<\/td>\n<\/tr>\n<tr>\n<th>Czas pracy <\/th>\n<td>2-3H<\/td>\n<\/tr>\n<tr>\n<th>Lumeny <\/th>\n<td>700<\/td>\n<\/tr>\n<tr>\n<th>Odporno\u015b\u0107 na upadek <\/th>\n<td>1<\/td>\n<\/tr>\n<tr>\n<th>Wymiary <\/th>\n<td>157x46x30,5<\/td>\n<\/tr>\n<tr>\n<th>Waga <\/th>\n<td>176<\/td>\n<\/tr>\n<tr>\n<th>Wodoodporny <\/th>\n<td>Nie<\/td>\n<\/tr>\n<tr>\n<th>Zakres pod\u015bwietlenia <\/th>\n<td>160<\/td>\n<\/tr>\n<tr>\n<th>Port \u0142adowania <\/th>\n<td>micro USB<\/td>\n<\/tr>\n<tr>\n<th>Pojemno\u015b\u0107 baterii <\/th>\n<td>1500<\/td>\n<\/tr>\n<tr>\n<th>Materia\u0142 <\/th>\n<td>6061-T6 aluminium lotnicze<\/td>\n<\/tr>\n<tr>\n<th>Czas \u0142adowania <\/th>\n<td>3h<\/td>\n<\/tr>\n<tr>\n<th>Ilo\u015b\u0107 tryb\u00f3w<\/th>\n<td>5 (mocna, \u015brednia i s\u0142aba jasno\u015b\u0107; \u015bwiat\u0142o stroboskopowe i SOS)<\/td>\n<\/tr>\n<\/tbody>\n<\/table>\n<\/div>\n","protected":false},"excerpt":{"rendered":"<p>Latarka Superfire S11-X, 700 lm, USB, 5 tryb\u00f3w Superfire S11-X to kompaktowa latarka, kt\u00f3r\u0105 mo\u017cna wsz\u0119dzie ze sob\u0105 zabra\u0107. Dzi\u0119ki<\/p>\n","protected":false},"featured_media":40732,"comment_status":"closed","ping_status":"open","template":"","meta":{"_acf_changed":false},"product_brand":[],"product_cat":[5938,5937,5939],"product_tag":[],"class_list":{"0":"post-55112","1":"product","2":"type-product","3":"status-publish","4":"has-post-thumbnail","6":"product_cat-latarki","7":"product_cat-outdoor","8":"product_cat-pozostale-latarki","9":"pa_okres-gwarancji-5754","10":"pa_producent-superfire","12":"first","13":"outofstock","14":"taxable","15":"shipping-taxable","16":"purchasable","17":"product-type-simple"},"acf":[],"yoast_head":"<!-- This site is optimized with the Yoast SEO plugin v27.2 - https:\/\/yoast.com\/product\/yoast-seo-wordpress\/ -->\n<title>Latarka SUPERFIRE S11-X 700lm USB - IRONSKY.PL Sklep z Dronami<\/title>\n<meta name=\"description\" content=\"Latarka SUPERFIRE S11-X 700lm USB - \u2705 sklep z dronami i fachowym doradztwem. \u2705 Tutaj kupisz produkty DJI, Yuneec, Parrot, Syma i wiele innych, a tak\u017ce kursy i licencje na operatora drona.\" \/>\n<meta name=\"robots\" content=\"index, follow, max-snippet:-1, max-image-preview:large, max-video-preview:-1\" \/>\n<link rel=\"canonical\" href=\"https:\/\/ironsky.pl\/sklep\/produkt\/latarka-superfire-s11-x-700lm-usb-2\/\" \/>\n<meta property=\"og:locale\" content=\"pl_PL\" \/>\n<meta property=\"og:type\" content=\"article\" \/>\n<meta property=\"og:title\" content=\"Latarka SUPERFIRE S11-X 700lm USB - IRONSKY.PL Sklep z Dronami\" \/>\n<meta property=\"og:description\" content=\"Latarka SUPERFIRE S11-X 700lm USB - \u2705 sklep z dronami i fachowym doradztwem. \u2705 Tutaj kupisz produkty DJI, Yuneec, Parrot, Syma i wiele innych, a tak\u017ce kursy i licencje na operatora drona.\" \/>\n<meta property=\"og:url\" content=\"https:\/\/ironsky.pl\/sklep\/produkt\/latarka-superfire-s11-x-700lm-usb-2\/\" \/>\n<meta property=\"og:site_name\" content=\"IRONSKY.PL Sklep z Dronami\" \/>\n<meta property=\"article:modified_time\" content=\"2026-04-15T07:59:59+00:00\" \/>\n<meta property=\"og:image\" content=\"https:\/\/ironsky.pl\/sklep\/wp-content\/uploads\/2025\/06\/15827_3.jpg\" \/>\n\t<meta property=\"og:image:width\" content=\"800\" \/>\n\t<meta property=\"og:image:height\" content=\"800\" \/>\n\t<meta property=\"og:image:type\" content=\"image\/jpeg\" \/>\n<meta name=\"twitter:card\" content=\"summary_large_image\" \/>\n<meta name=\"twitter:label1\" content=\"Szacowany czas czytania\" \/>\n\t<meta name=\"twitter:data1\" content=\"1 minuta\" \/>\n<script type=\"application\/ld+json\" class=\"yoast-schema-graph\">{\"@context\":\"https:\/\/schema.org\",\"@graph\":[{\"@type\":\"WebPage\",\"@id\":\"https:\/\/ironsky.pl\/sklep\/produkt\/latarka-superfire-s11-x-700lm-usb-2\/\",\"url\":\"https:\/\/ironsky.pl\/sklep\/produkt\/latarka-superfire-s11-x-700lm-usb-2\/\",\"name\":\"Latarka SUPERFIRE S11-X 700lm USB - IRONSKY.PL Sklep z Dronami\",\"isPartOf\":{\"@id\":\"https:\/\/ironsky.pl\/sklep\/#website\"},\"primaryImageOfPage\":{\"@id\":\"https:\/\/ironsky.pl\/sklep\/produkt\/latarka-superfire-s11-x-700lm-usb-2\/#primaryimage\"},\"image\":{\"@id\":\"https:\/\/ironsky.pl\/sklep\/produkt\/latarka-superfire-s11-x-700lm-usb-2\/#primaryimage\"},\"thumbnailUrl\":\"https:\/\/ironsky.pl\/sklep\/wp-content\/uploads\/2025\/06\/15827_3.jpg\",\"datePublished\":\"2026-04-15T07:59:19+00:00\",\"dateModified\":\"2026-04-15T07:59:59+00:00\",\"description\":\"Latarka SUPERFIRE S11-X 700lm USB - \u2705 sklep z dronami i fachowym doradztwem. \u2705 Tutaj kupisz produkty DJI, Yuneec, Parrot, Syma i wiele innych, a tak\u017ce kursy i licencje na operatora drona.\",\"breadcrumb\":{\"@id\":\"https:\/\/ironsky.pl\/sklep\/produkt\/latarka-superfire-s11-x-700lm-usb-2\/#breadcrumb\"},\"inLanguage\":\"pl-PL\",\"potentialAction\":[{\"@type\":\"ReadAction\",\"target\":[\"https:\/\/ironsky.pl\/sklep\/produkt\/latarka-superfire-s11-x-700lm-usb-2\/\"]}]},{\"@type\":\"ImageObject\",\"inLanguage\":\"pl-PL\",\"@id\":\"https:\/\/ironsky.pl\/sklep\/produkt\/latarka-superfire-s11-x-700lm-usb-2\/#primaryimage\",\"url\":\"https:\/\/ironsky.pl\/sklep\/wp-content\/uploads\/2025\/06\/15827_3.jpg\",\"contentUrl\":\"https:\/\/ironsky.pl\/sklep\/wp-content\/uploads\/2025\/06\/15827_3.jpg\",\"width\":800,\"height\":800},{\"@type\":\"BreadcrumbList\",\"@id\":\"https:\/\/ironsky.pl\/sklep\/produkt\/latarka-superfire-s11-x-700lm-usb-2\/#breadcrumb\",\"itemListElement\":[{\"@type\":\"ListItem\",\"position\":1,\"name\":\"Strona g\u0142\u00f3wna\",\"item\":\"https:\/\/ironsky.pl\/sklep\/\"},{\"@type\":\"ListItem\",\"position\":2,\"name\":\"Wszystkie produkty\",\"item\":\"https:\/\/ironsky.pl\/sklep\/produkty\/\"},{\"@type\":\"ListItem\",\"position\":3,\"name\":\"Latarka SUPERFIRE S11-X 700lm USB\"}]},{\"@type\":\"WebSite\",\"@id\":\"https:\/\/ironsky.pl\/sklep\/#website\",\"url\":\"https:\/\/ironsky.pl\/sklep\/\",\"name\":\"IRONSKY.PL Sklep z Dronami\",\"description\":\"IRONSKY.PL Sklep z Dronami\",\"potentialAction\":[{\"@type\":\"SearchAction\",\"target\":{\"@type\":\"EntryPoint\",\"urlTemplate\":\"https:\/\/ironsky.pl\/sklep\/?s={search_term_string}\"},\"query-input\":{\"@type\":\"PropertyValueSpecification\",\"valueRequired\":true,\"valueName\":\"search_term_string\"}}],\"inLanguage\":\"pl-PL\"}]}<\/script>\n<!-- \/ Yoast SEO plugin. -->","yoast_head_json":{"title":"Latarka SUPERFIRE S11-X 700lm USB - IRONSKY.PL Sklep z Dronami","description":"Latarka SUPERFIRE S11-X 700lm USB - \u2705 sklep z dronami i fachowym doradztwem. \u2705 Tutaj kupisz produkty DJI, Yuneec, Parrot, Syma i wiele innych, a tak\u017ce kursy i licencje na operatora drona.","robots":{"index":"index","follow":"follow","max-snippet":"max-snippet:-1","max-image-preview":"max-image-preview:large","max-video-preview":"max-video-preview:-1"},"canonical":"https:\/\/ironsky.pl\/sklep\/produkt\/latarka-superfire-s11-x-700lm-usb-2\/","og_locale":"pl_PL","og_type":"article","og_title":"Latarka SUPERFIRE S11-X 700lm USB - IRONSKY.PL Sklep z Dronami","og_description":"Latarka SUPERFIRE S11-X 700lm USB - \u2705 sklep z dronami i fachowym doradztwem. \u2705 Tutaj kupisz produkty DJI, Yuneec, Parrot, Syma i wiele innych, a tak\u017ce kursy i licencje na operatora drona.","og_url":"https:\/\/ironsky.pl\/sklep\/produkt\/latarka-superfire-s11-x-700lm-usb-2\/","og_site_name":"IRONSKY.PL Sklep z Dronami","article_modified_time":"2026-04-15T07:59:59+00:00","og_image":[{"width":800,"height":800,"url":"https:\/\/ironsky.pl\/sklep\/wp-content\/uploads\/2025\/06\/15827_3.jpg","type":"image\/jpeg"}],"twitter_card":"summary_large_image","twitter_misc":{"Szacowany czas czytania":"1 minuta"},"schema":{"@context":"https:\/\/schema.org","@graph":[{"@type":"WebPage","@id":"https:\/\/ironsky.pl\/sklep\/produkt\/latarka-superfire-s11-x-700lm-usb-2\/","url":"https:\/\/ironsky.pl\/sklep\/produkt\/latarka-superfire-s11-x-700lm-usb-2\/","name":"Latarka SUPERFIRE S11-X 700lm USB - IRONSKY.PL Sklep z Dronami","isPartOf":{"@id":"https:\/\/ironsky.pl\/sklep\/#website"},"primaryImageOfPage":{"@id":"https:\/\/ironsky.pl\/sklep\/produkt\/latarka-superfire-s11-x-700lm-usb-2\/#primaryimage"},"image":{"@id":"https:\/\/ironsky.pl\/sklep\/produkt\/latarka-superfire-s11-x-700lm-usb-2\/#primaryimage"},"thumbnailUrl":"https:\/\/ironsky.pl\/sklep\/wp-content\/uploads\/2025\/06\/15827_3.jpg","datePublished":"2026-04-15T07:59:19+00:00","dateModified":"2026-04-15T07:59:59+00:00","description":"Latarka SUPERFIRE S11-X 700lm USB - \u2705 sklep z dronami i fachowym doradztwem. \u2705 Tutaj kupisz produkty DJI, Yuneec, Parrot, Syma i wiele innych, a tak\u017ce kursy i licencje na operatora drona.","breadcrumb":{"@id":"https:\/\/ironsky.pl\/sklep\/produkt\/latarka-superfire-s11-x-700lm-usb-2\/#breadcrumb"},"inLanguage":"pl-PL","potentialAction":[{"@type":"ReadAction","target":["https:\/\/ironsky.pl\/sklep\/produkt\/latarka-superfire-s11-x-700lm-usb-2\/"]}]},{"@type":"ImageObject","inLanguage":"pl-PL","@id":"https:\/\/ironsky.pl\/sklep\/produkt\/latarka-superfire-s11-x-700lm-usb-2\/#primaryimage","url":"https:\/\/ironsky.pl\/sklep\/wp-content\/uploads\/2025\/06\/15827_3.jpg","contentUrl":"https:\/\/ironsky.pl\/sklep\/wp-content\/uploads\/2025\/06\/15827_3.jpg","width":800,"height":800},{"@type":"BreadcrumbList","@id":"https:\/\/ironsky.pl\/sklep\/produkt\/latarka-superfire-s11-x-700lm-usb-2\/#breadcrumb","itemListElement":[{"@type":"ListItem","position":1,"name":"Strona g\u0142\u00f3wna","item":"https:\/\/ironsky.pl\/sklep\/"},{"@type":"ListItem","position":2,"name":"Wszystkie produkty","item":"https:\/\/ironsky.pl\/sklep\/produkty\/"},{"@type":"ListItem","position":3,"name":"Latarka SUPERFIRE S11-X 700lm USB"}]},{"@type":"WebSite","@id":"https:\/\/ironsky.pl\/sklep\/#website","url":"https:\/\/ironsky.pl\/sklep\/","name":"IRONSKY.PL Sklep z Dronami","description":"IRONSKY.PL Sklep z Dronami","potentialAction":[{"@type":"SearchAction","target":{"@type":"EntryPoint","urlTemplate":"https:\/\/ironsky.pl\/sklep\/?s={search_term_string}"},"query-input":{"@type":"PropertyValueSpecification","valueRequired":true,"valueName":"search_term_string"}}],"inLanguage":"pl-PL"}]}},"_links":{"self":[{"href":"https:\/\/ironsky.pl\/sklep\/wp-json\/wp\/v2\/product\/55112","targetHints":{"allow":["GET"]}}],"collection":[{"href":"https:\/\/ironsky.pl\/sklep\/wp-json\/wp\/v2\/product"}],"about":[{"href":"https:\/\/ironsky.pl\/sklep\/wp-json\/wp\/v2\/types\/product"}],"replies":[{"embeddable":true,"href":"https:\/\/ironsky.pl\/sklep\/wp-json\/wp\/v2\/comments?post=55112"}],"wp:featuredmedia":[{"embeddable":true,"href":"https:\/\/ironsky.pl\/sklep\/wp-json\/wp\/v2\/media\/40732"}],"wp:attachment":[{"href":"https:\/\/ironsky.pl\/sklep\/wp-json\/wp\/v2\/media?parent=55112"}],"wp:term":[{"taxonomy":"product_brand","embeddable":true,"href":"https:\/\/ironsky.pl\/sklep\/wp-json\/wp\/v2\/product_brand?post=55112"},{"taxonomy":"product_cat","embeddable":true,"href":"https:\/\/ironsky.pl\/sklep\/wp-json\/wp\/v2\/product_cat?post=55112"},{"taxonomy":"product_tag","embeddable":true,"href":"https:\/\/ironsky.pl\/sklep\/wp-json\/wp\/v2\/product_tag?post=55112"}],"curies":[{"name":"wp","href":"https:\/\/api.w.org\/{rel}","templated":true}]}}