{"id":55111,"date":"2026-04-15T09:59:19","date_gmt":"2026-04-15T07:59:19","guid":{"rendered":"https:\/\/ironsky.pl\/sklep\/produkt\/latarka-czolowa-superfire-x30-strumien-swietlny-340lm-usb\/"},"modified":"2026-04-15T10:41:28","modified_gmt":"2026-04-15T08:41:28","slug":"latarka-czolowa-superfire-x30-strumien-swietlny-340lm-usb","status":"publish","type":"product","link":"https:\/\/ironsky.pl\/sklep\/produkt\/latarka-czolowa-superfire-x30-strumien-swietlny-340lm-usb\/","title":{"rendered":"Latarka czo\u0142owa SUPERFIRE X30 strumie\u0144 \u015bwietlny 340lm USB"},"content":{"rendered":"<h3>Latarka czo\u0142owa Superfire X30, 340 lm, USB, 5 tryb\u00f3w, 130 m<\/h3>\n<p>Superfire X30 to kompaktowa latarka czo\u0142owa, kt\u00f3r\u0105 mo\u017cna wsz\u0119dzie ze sob\u0105 zabra\u0107. Zmie\u015bci si\u0119 do kieszeni, plecaka, torebki, a nawet saszetki. Mi\u0119kka, regulowana opaska jest nie tylko wygodna w noszeniu, ale te\u017c w pe\u0142ni zdejmowana, co pozwala na jej \u0142atwe czyszczenie. Dzi\u0119ki mo\u017cliwo\u015bci regulacji pozycji latarki w zakresie 45 stopni z \u0142atwo\u015bci\u0105 dostosujemy k\u0105t padania \u015bwiat\u0142a do w\u0142asnych potrzeb.<\/p>\n<p>\n<img decoding=\"async\" src=\"https:\/\/assets.innpro.pl\/14075\/17565\/1.jpg\" border=\"0\" alt=\"Zbli\u017cenie na przedni\u0105 cz\u0119\u015b\u0107 czo\u0142\u00f3wki Superfire z trzema diodami i \u017c\u00f3\u0142tym panelem \u015bwietlnym\" \/>\n<\/p>\n<h3>Bezdotykowy w\u0142\u0105cznik<\/h3>\n<p>Latarka jest wyposa\u017cona w bezdotykowy w\u0142\u0105cznik, kt\u00f3ry umo\u017cliwia uruchomienie jej poprzez ruszanie r\u0119k\u0105 przed czujnikiem. Zasi\u0119g dzia\u0142ania sensora wynosi oko\u0142o 10 cm, co pozwala na szybkie i wygodne sterowanie o\u015bwietleniem. Funkcja ta przydaje si\u0119 przede wszystkim w sytuacjach, kiedy mamy brudne d\u0142onie lub ubrane r\u0119kawiczki, kt\u00f3re utrudniaj\u0105 wci\u015bni\u0119cie w\u0142\u0105cznika.<\/p>\n<p>\n<img decoding=\"async\" src=\"https:\/\/assets.innpro.pl\/14075\/17565\/3.jpg\" border=\"0\" alt=\"Czo\u0142\u00f3wka zamontowana na elastycznym pasku z czarnym i niebieskim wzorem\" \/>\n<\/p>\n<h3>Szybkie \u0142adowanie<\/h3>\n<p>Latarka jest zasilana jednym akumulatorem o pojemno\u015bci 1200 mAh. Akumulator mo\u017cna szybko na\u0142adowa\u0107 za pomoc\u0105\u00a0portu micro USB (micro Universal Serial Bus, z\u0142\u0105cze do przesy\u0142ania danych i zasilania w mniejszym formacie). Do na\u0142adowania latarki nie potrzeba specjalnej \u0142adowarki &#8211; wystarczy podpi\u0105\u0107 kabel micro USB do powerbanka, \u0142adowarki lub komputera. Podczas \u0142adowania, czerwone\u00a0pod\u015bwietlenie informuje o \u0142adowaniu akumulatora, a gdy\u00a0akumulator zostanie na\u0142adowany, \u015bwiat\u0142o zmieni si\u0119 na kolor zielony.<\/p>\n<p>\n<img decoding=\"async\" src=\"https:\/\/assets.innpro.pl\/14075\/17565\/6.jpg\" border=\"0\" alt=\"Czo\u0142\u00f3wka Superfire z w\u0142\u0105czonym centralnym \u015bwiat\u0142em na tle napisu 1200 mAh\" \/>\n<\/p>\n<h3>Mocne \u015bwiat\u0142o<\/h3>\n<p>Dioda USA Cree XPG LED (Light Emitting Diode, dioda emituj\u0105ca \u015bwiat\u0142o) zapewnia mocne \u015bwiat\u0142o oraz cechuje si\u0119 d\u0142ug\u0105 \u017cywotno\u015bci\u0105. Dodatkowy panel COB (Chip On Board, technologia monta\u017cu diod LED na p\u0142ytce) dostarcza \u015bwiat\u0142o o szerokim k\u0105cie \u015bwiecenia, doskonale o\u015bwietlaj\u0105c najbli\u017csz\u0105 okolic\u0119 umo\u017cliwiaj\u0105c r\u00f3wnie\u017c w\u0142\u0105czenie \u015bwiat\u0142a barwy czerwonej, przydatnej podczas trudnych warunk\u00f3w czy sytuacji zagro\u017cenia. \u015awiat\u0142o ma jasno\u015b\u0107 340 lumen\u00f3w, a jego zasi\u0119g wynosi 130 metr\u00f3w. Latarka posiada 5 tryb\u00f3w \u015bwiecenia. 3 tryby s\u0142u\u017c\u0105 do sterowania jasno\u015bci\u0105 (mocna, \u015brednia, s\u0142aba), a dwa ostatnie do w\u0142\u0105czenia \u015bwiat\u0142a czerwonego. Do prze\u0142\u0105czania mi\u0119dzy trybami s\u0142u\u017cy w\u0142\u0105cznik latarki.<\/p>\n<p>\n<img decoding=\"async\" src=\"https:\/\/assets.innpro.pl\/14075\/17565\/4.jpg\" border=\"0\" alt=\"Widok z boku na czo\u0142\u00f3wk\u0119 Superfire zamontowan\u0105 na elastycznym pasku\" \/>\n<\/p>\n<h3>Atrybuty Supfire X30<\/h3>\n<p>Zaawansowane konstrukcja, mo\u017cliwo\u015b\u0107 ustawienia k\u0105ta pracy, oraz po\u0142\u0105czenia barwy czerwonej z bia\u0142\u0105 wyr\u00f3\u017cnia X30 na tle konkurencyjnych latarek outdoorowych. Solidna obudowa wykonana jest z tworzywa ABS (Acrylonitrile Butadiene Styrene, wytrzyma\u0142e tworzywo sztuczne) wzmocnionego tward\u0105 pow\u0142ok\u0105, co zapewnia wi\u0119ksz\u0105 odporno\u015b\u0107 na uszkodzenia mechaniczne.<\/p>\n<p>\n<img decoding=\"async\" src=\"https:\/\/assets.innpro.pl\/14075\/17565\/7.jpg\" border=\"0\" alt=\"G\u00f3rny widok na czo\u0142\u00f3wk\u0119 Superfire z widocznym zielonym przyciskiem i uchwytem mocuj\u0105cym\" \/>\n<\/p>\n<h3>W zestawie<\/h3>\n<ul class=\"list-disc pl-5\">\n<li>Latarka<\/li>\n<li>Przew\u00f3d mikro USB<\/li>\n<\/ul>\n<div class=\"table-wrapper\">\n<p>\u00a0<\/p>\n<h3><\/h3>\n<table>\n<tbody>\n<tr>\n<th>Model <\/th>\n<td>X30<\/td>\n<\/tr>\n<tr>\n<th>\u0179r\u00f3d\u0142o \u015bwiat\u0142a <\/th>\n<td>CREE XPG LED (lampa g\u00f3rna)+COB (lampa g\u0142\u00f3wna)<\/td>\n<\/tr>\n<tr>\n<th>Moc znamionowa <\/th>\n<td>5<\/td>\n<\/tr>\n<tr>\n<th>Czas pracy <\/th>\n<td>160mins<\/td>\n<\/tr>\n<tr>\n<th>Lumeny <\/th>\n<td>340<\/td>\n<\/tr>\n<tr>\n<th>Odporno\u015b\u0107 na upadek (metry) <\/th>\n<td>1<\/td>\n<\/tr>\n<tr>\n<th>Rozmiar (mm) <\/th>\n<td>60x45x35<\/td>\n<\/tr>\n<tr>\n<th>Waga (g) <\/th>\n<td>58<\/td>\n<\/tr>\n<tr>\n<th>Wodoodporno\u015b\u0107 <\/th>\n<td>IP44<\/td>\n<\/tr>\n<tr>\n<th>Max. odleg\u0142o\u015b\u0107 wi\u0105zki <\/th>\n<td>60-130<\/td>\n<\/tr>\n<tr>\n<th>Port \u0142adowania <\/th>\n<td>micro USB<\/td>\n<\/tr>\n<tr>\n<th>Pojemno\u015b\u0107 akumulatora (mAh) <\/th>\n<td>1200<\/td>\n<\/tr>\n<tr>\n<th>Tryby o\u015bwietlenia <\/th>\n<td>5 tryb\u00f3w (\u015bwiat\u0142o g\u0142\u00f3wne&gt;pomocnicze&gt;g\u0142\u00f3wne i pomocnicze&gt;czerwone \u015bwiat\u0142o&gt;czerwony stroboskop, odleg\u0142o\u015b\u0107 czujnika 10cm, posiada funkcj\u0119 pami\u0119ci tryb\u00f3w)<\/td>\n<\/tr>\n<tr>\n<th>Materia\u0142 <\/th>\n<td>ABS z tworzywa sztucznego<\/td>\n<\/tr>\n<tr>\n<th>Czas \u0142adowania <\/th>\n<td>167mins<\/td>\n<\/tr>\n<\/tbody>\n<\/table>\n<\/div>\n","protected":false},"excerpt":{"rendered":"<p>Latarka czo\u0142owa Superfire X30, 340 lm, USB, 5 tryb\u00f3w, 130 m Superfire X30 to kompaktowa latarka czo\u0142owa, kt\u00f3r\u0105 mo\u017cna wsz\u0119dzie<\/p>\n","protected":false},"featured_media":40727,"comment_status":"closed","ping_status":"open","template":"","meta":{"_acf_changed":false},"product_brand":[],"product_cat":[5938,5940,5937],"product_tag":[],"class_list":{"0":"post-55111","1":"product","2":"type-product","3":"status-publish","4":"has-post-thumbnail","6":"product_cat-latarki","7":"product_cat-czolowe","8":"product_cat-outdoor","9":"pa_okres-gwarancji-5754","10":"pa_producent-superfire","12":"first","13":"outofstock","14":"taxable","15":"shipping-taxable","16":"purchasable","17":"product-type-simple"},"acf":[],"yoast_head":"<!-- This site is optimized with the Yoast SEO plugin v27.2 - https:\/\/yoast.com\/product\/yoast-seo-wordpress\/ -->\n<title>Latarka czo\u0142owa SUPERFIRE X30 strumie\u0144 \u015bwietlny 340lm USB - IRONSKY.PL Sklep z Dronami<\/title>\n<meta name=\"description\" content=\"Latarka czo\u0142owa SUPERFIRE X30 strumie\u0144 \u015bwietlny 340lm USB - \u2705 sklep z dronami i fachowym doradztwem. \u2705 Tutaj kupisz produkty DJI, Yuneec, Parrot, Syma i wiele innych, a tak\u017ce kursy i licencje na operatora drona.\" \/>\n<meta name=\"robots\" content=\"index, follow, max-snippet:-1, max-image-preview:large, max-video-preview:-1\" \/>\n<link rel=\"canonical\" href=\"https:\/\/ironsky.pl\/sklep\/produkt\/latarka-czolowa-superfire-x30-strumien-swietlny-340lm-usb\/\" \/>\n<meta property=\"og:locale\" content=\"pl_PL\" \/>\n<meta property=\"og:type\" content=\"article\" \/>\n<meta property=\"og:title\" content=\"Latarka czo\u0142owa SUPERFIRE X30 strumie\u0144 \u015bwietlny 340lm USB - IRONSKY.PL Sklep z Dronami\" \/>\n<meta property=\"og:description\" content=\"Latarka czo\u0142owa SUPERFIRE X30 strumie\u0144 \u015bwietlny 340lm USB - \u2705 sklep z dronami i fachowym doradztwem. \u2705 Tutaj kupisz produkty DJI, Yuneec, Parrot, Syma i wiele innych, a tak\u017ce kursy i licencje na operatora drona.\" \/>\n<meta property=\"og:url\" content=\"https:\/\/ironsky.pl\/sklep\/produkt\/latarka-czolowa-superfire-x30-strumien-swietlny-340lm-usb\/\" \/>\n<meta property=\"og:site_name\" content=\"IRONSKY.PL Sklep z Dronami\" \/>\n<meta property=\"article:modified_time\" content=\"2026-04-15T08:41:28+00:00\" \/>\n<meta property=\"og:image\" content=\"https:\/\/ironsky.pl\/sklep\/wp-content\/uploads\/2025\/06\/15825_4.jpg\" \/>\n\t<meta property=\"og:image:width\" content=\"800\" \/>\n\t<meta property=\"og:image:height\" content=\"800\" \/>\n\t<meta property=\"og:image:type\" content=\"image\/jpeg\" \/>\n<meta name=\"twitter:card\" content=\"summary_large_image\" \/>\n<meta name=\"twitter:label1\" content=\"Szacowany czas czytania\" \/>\n\t<meta name=\"twitter:data1\" content=\"2 minuty\" \/>\n<script type=\"application\/ld+json\" class=\"yoast-schema-graph\">{\"@context\":\"https:\/\/schema.org\",\"@graph\":[{\"@type\":\"WebPage\",\"@id\":\"https:\/\/ironsky.pl\/sklep\/produkt\/latarka-czolowa-superfire-x30-strumien-swietlny-340lm-usb\/\",\"url\":\"https:\/\/ironsky.pl\/sklep\/produkt\/latarka-czolowa-superfire-x30-strumien-swietlny-340lm-usb\/\",\"name\":\"Latarka czo\u0142owa SUPERFIRE X30 strumie\u0144 \u015bwietlny 340lm USB - IRONSKY.PL Sklep z Dronami\",\"isPartOf\":{\"@id\":\"https:\/\/ironsky.pl\/sklep\/#website\"},\"primaryImageOfPage\":{\"@id\":\"https:\/\/ironsky.pl\/sklep\/produkt\/latarka-czolowa-superfire-x30-strumien-swietlny-340lm-usb\/#primaryimage\"},\"image\":{\"@id\":\"https:\/\/ironsky.pl\/sklep\/produkt\/latarka-czolowa-superfire-x30-strumien-swietlny-340lm-usb\/#primaryimage\"},\"thumbnailUrl\":\"https:\/\/ironsky.pl\/sklep\/wp-content\/uploads\/2025\/06\/15825_4.jpg\",\"datePublished\":\"2026-04-15T07:59:19+00:00\",\"dateModified\":\"2026-04-15T08:41:28+00:00\",\"description\":\"Latarka czo\u0142owa SUPERFIRE X30 strumie\u0144 \u015bwietlny 340lm USB - \u2705 sklep z dronami i fachowym doradztwem. \u2705 Tutaj kupisz produkty DJI, Yuneec, Parrot, Syma i wiele innych, a tak\u017ce kursy i licencje na operatora drona.\",\"breadcrumb\":{\"@id\":\"https:\/\/ironsky.pl\/sklep\/produkt\/latarka-czolowa-superfire-x30-strumien-swietlny-340lm-usb\/#breadcrumb\"},\"inLanguage\":\"pl-PL\",\"potentialAction\":[{\"@type\":\"ReadAction\",\"target\":[\"https:\/\/ironsky.pl\/sklep\/produkt\/latarka-czolowa-superfire-x30-strumien-swietlny-340lm-usb\/\"]}]},{\"@type\":\"ImageObject\",\"inLanguage\":\"pl-PL\",\"@id\":\"https:\/\/ironsky.pl\/sklep\/produkt\/latarka-czolowa-superfire-x30-strumien-swietlny-340lm-usb\/#primaryimage\",\"url\":\"https:\/\/ironsky.pl\/sklep\/wp-content\/uploads\/2025\/06\/15825_4.jpg\",\"contentUrl\":\"https:\/\/ironsky.pl\/sklep\/wp-content\/uploads\/2025\/06\/15825_4.jpg\",\"width\":800,\"height\":800},{\"@type\":\"BreadcrumbList\",\"@id\":\"https:\/\/ironsky.pl\/sklep\/produkt\/latarka-czolowa-superfire-x30-strumien-swietlny-340lm-usb\/#breadcrumb\",\"itemListElement\":[{\"@type\":\"ListItem\",\"position\":1,\"name\":\"Strona g\u0142\u00f3wna\",\"item\":\"https:\/\/ironsky.pl\/sklep\/\"},{\"@type\":\"ListItem\",\"position\":2,\"name\":\"Wszystkie produkty\",\"item\":\"https:\/\/ironsky.pl\/sklep\/produkty\/\"},{\"@type\":\"ListItem\",\"position\":3,\"name\":\"Latarka czo\u0142owa SUPERFIRE X30 strumie\u0144 \u015bwietlny 340lm USB\"}]},{\"@type\":\"WebSite\",\"@id\":\"https:\/\/ironsky.pl\/sklep\/#website\",\"url\":\"https:\/\/ironsky.pl\/sklep\/\",\"name\":\"IRONSKY.PL Sklep z Dronami\",\"description\":\"IRONSKY.PL Sklep z Dronami\",\"potentialAction\":[{\"@type\":\"SearchAction\",\"target\":{\"@type\":\"EntryPoint\",\"urlTemplate\":\"https:\/\/ironsky.pl\/sklep\/?s={search_term_string}\"},\"query-input\":{\"@type\":\"PropertyValueSpecification\",\"valueRequired\":true,\"valueName\":\"search_term_string\"}}],\"inLanguage\":\"pl-PL\"}]}<\/script>\n<!-- \/ Yoast SEO plugin. -->","yoast_head_json":{"title":"Latarka czo\u0142owa SUPERFIRE X30 strumie\u0144 \u015bwietlny 340lm USB - IRONSKY.PL Sklep z Dronami","description":"Latarka czo\u0142owa SUPERFIRE X30 strumie\u0144 \u015bwietlny 340lm USB - \u2705 sklep z dronami i fachowym doradztwem. \u2705 Tutaj kupisz produkty DJI, Yuneec, Parrot, Syma i wiele innych, a tak\u017ce kursy i licencje na operatora drona.","robots":{"index":"index","follow":"follow","max-snippet":"max-snippet:-1","max-image-preview":"max-image-preview:large","max-video-preview":"max-video-preview:-1"},"canonical":"https:\/\/ironsky.pl\/sklep\/produkt\/latarka-czolowa-superfire-x30-strumien-swietlny-340lm-usb\/","og_locale":"pl_PL","og_type":"article","og_title":"Latarka czo\u0142owa SUPERFIRE X30 strumie\u0144 \u015bwietlny 340lm USB - IRONSKY.PL Sklep z Dronami","og_description":"Latarka czo\u0142owa SUPERFIRE X30 strumie\u0144 \u015bwietlny 340lm USB - \u2705 sklep z dronami i fachowym doradztwem. \u2705 Tutaj kupisz produkty DJI, Yuneec, Parrot, Syma i wiele innych, a tak\u017ce kursy i licencje na operatora drona.","og_url":"https:\/\/ironsky.pl\/sklep\/produkt\/latarka-czolowa-superfire-x30-strumien-swietlny-340lm-usb\/","og_site_name":"IRONSKY.PL Sklep z Dronami","article_modified_time":"2026-04-15T08:41:28+00:00","og_image":[{"width":800,"height":800,"url":"https:\/\/ironsky.pl\/sklep\/wp-content\/uploads\/2025\/06\/15825_4.jpg","type":"image\/jpeg"}],"twitter_card":"summary_large_image","twitter_misc":{"Szacowany czas czytania":"2 minuty"},"schema":{"@context":"https:\/\/schema.org","@graph":[{"@type":"WebPage","@id":"https:\/\/ironsky.pl\/sklep\/produkt\/latarka-czolowa-superfire-x30-strumien-swietlny-340lm-usb\/","url":"https:\/\/ironsky.pl\/sklep\/produkt\/latarka-czolowa-superfire-x30-strumien-swietlny-340lm-usb\/","name":"Latarka czo\u0142owa SUPERFIRE X30 strumie\u0144 \u015bwietlny 340lm USB - IRONSKY.PL Sklep z Dronami","isPartOf":{"@id":"https:\/\/ironsky.pl\/sklep\/#website"},"primaryImageOfPage":{"@id":"https:\/\/ironsky.pl\/sklep\/produkt\/latarka-czolowa-superfire-x30-strumien-swietlny-340lm-usb\/#primaryimage"},"image":{"@id":"https:\/\/ironsky.pl\/sklep\/produkt\/latarka-czolowa-superfire-x30-strumien-swietlny-340lm-usb\/#primaryimage"},"thumbnailUrl":"https:\/\/ironsky.pl\/sklep\/wp-content\/uploads\/2025\/06\/15825_4.jpg","datePublished":"2026-04-15T07:59:19+00:00","dateModified":"2026-04-15T08:41:28+00:00","description":"Latarka czo\u0142owa SUPERFIRE X30 strumie\u0144 \u015bwietlny 340lm USB - \u2705 sklep z dronami i fachowym doradztwem. \u2705 Tutaj kupisz produkty DJI, Yuneec, Parrot, Syma i wiele innych, a tak\u017ce kursy i licencje na operatora drona.","breadcrumb":{"@id":"https:\/\/ironsky.pl\/sklep\/produkt\/latarka-czolowa-superfire-x30-strumien-swietlny-340lm-usb\/#breadcrumb"},"inLanguage":"pl-PL","potentialAction":[{"@type":"ReadAction","target":["https:\/\/ironsky.pl\/sklep\/produkt\/latarka-czolowa-superfire-x30-strumien-swietlny-340lm-usb\/"]}]},{"@type":"ImageObject","inLanguage":"pl-PL","@id":"https:\/\/ironsky.pl\/sklep\/produkt\/latarka-czolowa-superfire-x30-strumien-swietlny-340lm-usb\/#primaryimage","url":"https:\/\/ironsky.pl\/sklep\/wp-content\/uploads\/2025\/06\/15825_4.jpg","contentUrl":"https:\/\/ironsky.pl\/sklep\/wp-content\/uploads\/2025\/06\/15825_4.jpg","width":800,"height":800},{"@type":"BreadcrumbList","@id":"https:\/\/ironsky.pl\/sklep\/produkt\/latarka-czolowa-superfire-x30-strumien-swietlny-340lm-usb\/#breadcrumb","itemListElement":[{"@type":"ListItem","position":1,"name":"Strona g\u0142\u00f3wna","item":"https:\/\/ironsky.pl\/sklep\/"},{"@type":"ListItem","position":2,"name":"Wszystkie produkty","item":"https:\/\/ironsky.pl\/sklep\/produkty\/"},{"@type":"ListItem","position":3,"name":"Latarka czo\u0142owa SUPERFIRE X30 strumie\u0144 \u015bwietlny 340lm USB"}]},{"@type":"WebSite","@id":"https:\/\/ironsky.pl\/sklep\/#website","url":"https:\/\/ironsky.pl\/sklep\/","name":"IRONSKY.PL Sklep z Dronami","description":"IRONSKY.PL Sklep z Dronami","potentialAction":[{"@type":"SearchAction","target":{"@type":"EntryPoint","urlTemplate":"https:\/\/ironsky.pl\/sklep\/?s={search_term_string}"},"query-input":{"@type":"PropertyValueSpecification","valueRequired":true,"valueName":"search_term_string"}}],"inLanguage":"pl-PL"}]}},"_links":{"self":[{"href":"https:\/\/ironsky.pl\/sklep\/wp-json\/wp\/v2\/product\/55111","targetHints":{"allow":["GET"]}}],"collection":[{"href":"https:\/\/ironsky.pl\/sklep\/wp-json\/wp\/v2\/product"}],"about":[{"href":"https:\/\/ironsky.pl\/sklep\/wp-json\/wp\/v2\/types\/product"}],"replies":[{"embeddable":true,"href":"https:\/\/ironsky.pl\/sklep\/wp-json\/wp\/v2\/comments?post=55111"}],"wp:featuredmedia":[{"embeddable":true,"href":"https:\/\/ironsky.pl\/sklep\/wp-json\/wp\/v2\/media\/40727"}],"wp:attachment":[{"href":"https:\/\/ironsky.pl\/sklep\/wp-json\/wp\/v2\/media?parent=55111"}],"wp:term":[{"taxonomy":"product_brand","embeddable":true,"href":"https:\/\/ironsky.pl\/sklep\/wp-json\/wp\/v2\/product_brand?post=55111"},{"taxonomy":"product_cat","embeddable":true,"href":"https:\/\/ironsky.pl\/sklep\/wp-json\/wp\/v2\/product_cat?post=55111"},{"taxonomy":"product_tag","embeddable":true,"href":"https:\/\/ironsky.pl\/sklep\/wp-json\/wp\/v2\/product_tag?post=55111"}],"curies":[{"name":"wp","href":"https:\/\/api.w.org\/{rel}","templated":true}]}}