{"id":55110,"date":"2026-04-15T09:59:19","date_gmt":"2026-04-15T07:59:19","guid":{"rendered":"https:\/\/ironsky.pl\/sklep\/produkt\/latarka-czolowa-superfire-hl06-500lm-usb-2\/"},"modified":"2026-04-15T09:59:57","modified_gmt":"2026-04-15T07:59:57","slug":"latarka-czolowa-superfire-hl06-500lm-usb-2","status":"publish","type":"product","link":"https:\/\/ironsky.pl\/sklep\/produkt\/latarka-czolowa-superfire-hl06-500lm-usb-2\/","title":{"rendered":"Latarka czo\u0142owa SUPERFIRE HL06 500lm USB"},"content":{"rendered":"<h3>Latarka czo\u0142owa Superfire HL06, 500lm, USB<\/h3>\n<p>Superfire HL06 to kompaktowa latarka czo\u0142owa, kt\u00f3r\u0105 mo\u017cna wsz\u0119dzie ze sob\u0105 zabra\u0107. Zmie\u015bci si\u0119 do kieszeni, plecaka, torebki, a nawet saszetki. Opaska pozwala na za\u0142o\u017cenie latarki na g\u0142ow\u0119 i u\u017cywanie jej wtedy, kiedy potrzebujemy obie wolne d\u0142onie. Dodatkowo, dzi\u0119ki mo\u017cliwo\u015bci regulacji pozycji latarki w zakresie 60 stopni, mo\u017cemy dostosowa\u0107 k\u0105ta padania \u015bwiat\u0142a do w\u0142asnych potrzeb.<\/p>\n<p><img decoding=\"async\" src=\"https:\/\/b2b.innpro.pl\/data\/include\/cms\/01Superfire\/HL06\/1.jpg\" border=\"0\" alt=\"01Superfire\/HL06\/1\" \/><\/p>\n<h3>Bezdotykowy w\u0142\u0105cznik<\/h3>\n<p>Latarka jest wyposa\u017cona w bezdotykowy w\u0142\u0105cznik, kt\u00f3ry umo\u017cliwia w\u0142\u0105czenie latarki poprzez machni\u0119cie r\u0119k\u0105 przed latark\u0105. Funkcja ta przydaje si\u0119 przede wszystkim w sytuacjach kiedy mamy brudne d\u0142onie lub ubrane r\u0119kawiczki, kt\u00f3re znacznie utrudniaj\u0105 wci\u015bni\u0119cie w\u0142\u0105cznika.<\/p>\n<p><img decoding=\"async\" src=\"https:\/\/b2b.innpro.pl\/data\/include\/cms\/01Superfire\/HL06\/2.jpg\" border=\"0\" alt=\"01Superfire\/HL06\/2\" \/><\/p>\n<h3>Szybkie \u0142adowanie<\/h3>\n<p>Latarka jest zasilana jednym akumulatorem o pojemno\u015bci 1200 mAh. Akumulator mo\u017cna szybko na\u0142adowa\u0107 za pomoc\u0105 portu micro USB. Do na\u0142adowania latarki nie potrzeba specjalnej \u0142adowarki \u2014 wystarczy podpi\u0105\u0107 kabel micro USB do powerbanka, \u0142adowarki lub komputera. Podczas \u0142adowania, czerwone pod\u015bwietlenie informuje o \u0142adowaniu akumulatora, a gdy akumulator zostanie na\u0142adowany, \u015bwiat\u0142o zmieni si\u0119 na kolor zielony.<\/p>\n<p><img decoding=\"async\" src=\"https:\/\/b2b.innpro.pl\/data\/include\/cms\/01Superfire\/HL06\/3.jpg\" border=\"0\" alt=\"01Superfire\/HL06\/3\" \/><\/p>\n<h3>Mocne \u015bwiat\u0142o<\/h3>\n<p>Mocna dioda USA Cree XPG2-R5 LED zapewnia mocne \u015bwiat\u0142o oraz cechuje si\u0119 d\u0142ug\u0105 \u017cywotno\u015bci\u0105, dzi\u0119ki czemu nie trzeba si\u0119 martwi\u0107 o cz\u0119ste wymienianie diody. \u015awiat\u0142o ma jasno\u015b\u0107 240 lumen\u00f3w, a jego zasi\u0119g wynosi 200 metr\u00f3w. Latarka posiada 5 tryb\u00f3w \u015bwiecenia. 3 tryby s\u0142u\u017c\u0105 do sterowania jasno\u015bci\u0105 (mocna, \u015brednia, s\u0142aba), a dwa ostatnie do w\u0142\u0105czenia \u015bwiat\u0142a czerwonego. Do prze\u0142\u0105czania mi\u0119dzy trybami s\u0142u\u017cy w\u0142\u0105cznik latarki.<\/p>\n<p><img decoding=\"async\" src=\"https:\/\/b2b.innpro.pl\/data\/include\/cms\/01Superfire\/HL06\/4.jpg\" border=\"0\" alt=\"01Superfire\/HL06\/4\" \/><\/p>\n<h3>Wodoodporno\u015b\u0107<\/h3>\n<p>Latarka jest odporna na zachlapania, tak\u017ce spokojnie mo\u017cna j\u0105 u\u017cywa\u0107 w deszczu lub w innych, wilgotnych warunkach. Podczas zwyk\u0142ego korzystania jest to zupe\u0142nie wystarczaj\u0105ce.<\/p>\n<p><img decoding=\"async\" src=\"https:\/\/b2b.innpro.pl\/data\/include\/cms\/01Superfire\/HL06\/5.jpg\" border=\"0\" alt=\"01Superfire\/HL06\/5\" \/><\/p>\n<h3>W zestawie:<\/h3>\n<ul>\n<li>Latarka<\/li>\n<li>Bateria<\/li>\n<li>Przew\u00f3d USB<\/li>\n<\/ul>\n<div class=\"table-wrapper\">\n<table>\n<tbody>\n<tr>\n<th>Model<\/th>\n<td>HL06<\/td>\n<\/tr>\n<tr>\n<th>\u0179r\u00f3d\u0142o \u015bwiat\u0142a<\/th>\n<td>JINGRUI XG2 LED<\/td>\n<\/tr>\n<tr>\n<th>Moc znamionowa<\/th>\n<td>5<\/td>\n<\/tr>\n<tr>\n<th>Czas pracy<\/th>\n<td>165min<\/td>\n<\/tr>\n<tr>\n<th>Lumeny<\/th>\n<td>500<\/td>\n<\/tr>\n<tr>\n<th>Odporno\u015b\u0107 na upadek (metry)<\/th>\n<td>1<\/td>\n<\/tr>\n<tr>\n<th>Rozmiar (mm)<\/th>\n<td>60x45x36<\/td>\n<\/tr>\n<tr>\n<th>Waga (g)<\/th>\n<td>56<\/td>\n<\/tr>\n<tr>\n<th>Wodoodporno\u015b\u0107<\/th>\n<td>IP44<\/td>\n<\/tr>\n<tr>\n<th>Max. odleg\u0142o\u015b\u0107 wi\u0105zki<\/th>\n<td>130<\/td>\n<\/tr>\n<tr>\n<th>Port \u0142adowania<\/th>\n<td>micro USB<\/td>\n<\/tr>\n<tr>\n<th>Pojemno\u015b\u0107 akumulatora (mAh)<\/th>\n<td>1200<\/td>\n<\/tr>\n<tr>\n<th>Tryby o\u015bwietlenia<\/th>\n<td>jeden tryb dla czujnika (prawy przycisk: on\/off); 3 tryby dla \u015bwiat\u0142a bia\u0142ego (lewy przycisk: mocne\/s\u0142abe\/SOS); 2 tryby dla \u015bwiat\u0142a czerwonego (d\u0142ugie naci\u015bni\u0119cie lewego przycisku: mocne\/SOS)<\/td>\n<\/tr>\n<tr>\n<th>Materia\u0142<\/th>\n<td>ABS<\/td>\n<\/tr>\n<tr>\n<th>Czas \u0142adowania<\/th>\n<td>190<\/td>\n<\/tr>\n<\/tbody>\n<\/table>\n<\/div>\n","protected":false},"excerpt":{"rendered":"<p>Latarka czo\u0142owa Superfire HL06, 500lm, USB Superfire HL06 to kompaktowa latarka czo\u0142owa, kt\u00f3r\u0105 mo\u017cna wsz\u0119dzie ze sob\u0105 zabra\u0107. Zmie\u015bci si\u0119<\/p>\n","protected":false},"featured_media":40720,"comment_status":"closed","ping_status":"open","template":"","meta":{"_acf_changed":false},"product_brand":[],"product_cat":[5938,5940,5937],"product_tag":[],"class_list":{"0":"post-55110","1":"product","2":"type-product","3":"status-publish","4":"has-post-thumbnail","6":"product_cat-latarki","7":"product_cat-czolowe","8":"product_cat-outdoor","9":"pa_okres-gwarancji-5754","10":"pa_producent-superfire","12":"first","13":"outofstock","14":"taxable","15":"shipping-taxable","16":"purchasable","17":"product-type-simple"},"acf":[],"yoast_head":"<!-- This site is optimized with the Yoast SEO plugin v27.2 - https:\/\/yoast.com\/product\/yoast-seo-wordpress\/ -->\n<title>Latarka czo\u0142owa SUPERFIRE HL06 500lm USB - IRONSKY.PL Sklep z Dronami<\/title>\n<meta name=\"description\" content=\"Latarka czo\u0142owa SUPERFIRE HL06 500lm USB - \u2705 sklep z dronami i fachowym doradztwem. \u2705 Tutaj kupisz produkty DJI, Yuneec, Parrot, Syma i wiele innych, a tak\u017ce kursy i licencje na operatora drona.\" \/>\n<meta name=\"robots\" content=\"index, follow, max-snippet:-1, max-image-preview:large, max-video-preview:-1\" \/>\n<link rel=\"canonical\" href=\"https:\/\/ironsky.pl\/sklep\/produkt\/latarka-czolowa-superfire-hl06-500lm-usb-2\/\" \/>\n<meta property=\"og:locale\" content=\"pl_PL\" \/>\n<meta property=\"og:type\" content=\"article\" \/>\n<meta property=\"og:title\" content=\"Latarka czo\u0142owa SUPERFIRE HL06 500lm USB - IRONSKY.PL Sklep z Dronami\" \/>\n<meta property=\"og:description\" content=\"Latarka czo\u0142owa SUPERFIRE HL06 500lm USB - \u2705 sklep z dronami i fachowym doradztwem. \u2705 Tutaj kupisz produkty DJI, Yuneec, Parrot, Syma i wiele innych, a tak\u017ce kursy i licencje na operatora drona.\" \/>\n<meta property=\"og:url\" content=\"https:\/\/ironsky.pl\/sklep\/produkt\/latarka-czolowa-superfire-hl06-500lm-usb-2\/\" \/>\n<meta property=\"og:site_name\" content=\"IRONSKY.PL Sklep z Dronami\" \/>\n<meta property=\"article:modified_time\" content=\"2026-04-15T07:59:57+00:00\" \/>\n<meta property=\"og:image\" content=\"https:\/\/ironsky.pl\/sklep\/wp-content\/uploads\/2025\/06\/15824_1.jpg\" \/>\n\t<meta property=\"og:image:width\" content=\"800\" \/>\n\t<meta property=\"og:image:height\" content=\"800\" \/>\n\t<meta property=\"og:image:type\" content=\"image\/jpeg\" \/>\n<meta name=\"twitter:card\" content=\"summary_large_image\" \/>\n<meta name=\"twitter:label1\" content=\"Szacowany czas czytania\" \/>\n\t<meta name=\"twitter:data1\" content=\"2 minuty\" \/>\n<script type=\"application\/ld+json\" class=\"yoast-schema-graph\">{\"@context\":\"https:\/\/schema.org\",\"@graph\":[{\"@type\":\"WebPage\",\"@id\":\"https:\/\/ironsky.pl\/sklep\/produkt\/latarka-czolowa-superfire-hl06-500lm-usb-2\/\",\"url\":\"https:\/\/ironsky.pl\/sklep\/produkt\/latarka-czolowa-superfire-hl06-500lm-usb-2\/\",\"name\":\"Latarka czo\u0142owa SUPERFIRE HL06 500lm USB - IRONSKY.PL Sklep z Dronami\",\"isPartOf\":{\"@id\":\"https:\/\/ironsky.pl\/sklep\/#website\"},\"primaryImageOfPage\":{\"@id\":\"https:\/\/ironsky.pl\/sklep\/produkt\/latarka-czolowa-superfire-hl06-500lm-usb-2\/#primaryimage\"},\"image\":{\"@id\":\"https:\/\/ironsky.pl\/sklep\/produkt\/latarka-czolowa-superfire-hl06-500lm-usb-2\/#primaryimage\"},\"thumbnailUrl\":\"https:\/\/ironsky.pl\/sklep\/wp-content\/uploads\/2025\/06\/15824_1.jpg\",\"datePublished\":\"2026-04-15T07:59:19+00:00\",\"dateModified\":\"2026-04-15T07:59:57+00:00\",\"description\":\"Latarka czo\u0142owa SUPERFIRE HL06 500lm USB - \u2705 sklep z dronami i fachowym doradztwem. \u2705 Tutaj kupisz produkty DJI, Yuneec, Parrot, Syma i wiele innych, a tak\u017ce kursy i licencje na operatora drona.\",\"breadcrumb\":{\"@id\":\"https:\/\/ironsky.pl\/sklep\/produkt\/latarka-czolowa-superfire-hl06-500lm-usb-2\/#breadcrumb\"},\"inLanguage\":\"pl-PL\",\"potentialAction\":[{\"@type\":\"ReadAction\",\"target\":[\"https:\/\/ironsky.pl\/sklep\/produkt\/latarka-czolowa-superfire-hl06-500lm-usb-2\/\"]}]},{\"@type\":\"ImageObject\",\"inLanguage\":\"pl-PL\",\"@id\":\"https:\/\/ironsky.pl\/sklep\/produkt\/latarka-czolowa-superfire-hl06-500lm-usb-2\/#primaryimage\",\"url\":\"https:\/\/ironsky.pl\/sklep\/wp-content\/uploads\/2025\/06\/15824_1.jpg\",\"contentUrl\":\"https:\/\/ironsky.pl\/sklep\/wp-content\/uploads\/2025\/06\/15824_1.jpg\",\"width\":800,\"height\":800},{\"@type\":\"BreadcrumbList\",\"@id\":\"https:\/\/ironsky.pl\/sklep\/produkt\/latarka-czolowa-superfire-hl06-500lm-usb-2\/#breadcrumb\",\"itemListElement\":[{\"@type\":\"ListItem\",\"position\":1,\"name\":\"Strona g\u0142\u00f3wna\",\"item\":\"https:\/\/ironsky.pl\/sklep\/\"},{\"@type\":\"ListItem\",\"position\":2,\"name\":\"Wszystkie produkty\",\"item\":\"https:\/\/ironsky.pl\/sklep\/produkty\/\"},{\"@type\":\"ListItem\",\"position\":3,\"name\":\"Latarka czo\u0142owa SUPERFIRE HL06 500lm USB\"}]},{\"@type\":\"WebSite\",\"@id\":\"https:\/\/ironsky.pl\/sklep\/#website\",\"url\":\"https:\/\/ironsky.pl\/sklep\/\",\"name\":\"IRONSKY.PL Sklep z Dronami\",\"description\":\"IRONSKY.PL Sklep z Dronami\",\"potentialAction\":[{\"@type\":\"SearchAction\",\"target\":{\"@type\":\"EntryPoint\",\"urlTemplate\":\"https:\/\/ironsky.pl\/sklep\/?s={search_term_string}\"},\"query-input\":{\"@type\":\"PropertyValueSpecification\",\"valueRequired\":true,\"valueName\":\"search_term_string\"}}],\"inLanguage\":\"pl-PL\"}]}<\/script>\n<!-- \/ Yoast SEO plugin. -->","yoast_head_json":{"title":"Latarka czo\u0142owa SUPERFIRE HL06 500lm USB - IRONSKY.PL Sklep z Dronami","description":"Latarka czo\u0142owa SUPERFIRE HL06 500lm USB - \u2705 sklep z dronami i fachowym doradztwem. \u2705 Tutaj kupisz produkty DJI, Yuneec, Parrot, Syma i wiele innych, a tak\u017ce kursy i licencje na operatora drona.","robots":{"index":"index","follow":"follow","max-snippet":"max-snippet:-1","max-image-preview":"max-image-preview:large","max-video-preview":"max-video-preview:-1"},"canonical":"https:\/\/ironsky.pl\/sklep\/produkt\/latarka-czolowa-superfire-hl06-500lm-usb-2\/","og_locale":"pl_PL","og_type":"article","og_title":"Latarka czo\u0142owa SUPERFIRE HL06 500lm USB - IRONSKY.PL Sklep z Dronami","og_description":"Latarka czo\u0142owa SUPERFIRE HL06 500lm USB - \u2705 sklep z dronami i fachowym doradztwem. \u2705 Tutaj kupisz produkty DJI, Yuneec, Parrot, Syma i wiele innych, a tak\u017ce kursy i licencje na operatora drona.","og_url":"https:\/\/ironsky.pl\/sklep\/produkt\/latarka-czolowa-superfire-hl06-500lm-usb-2\/","og_site_name":"IRONSKY.PL Sklep z Dronami","article_modified_time":"2026-04-15T07:59:57+00:00","og_image":[{"width":800,"height":800,"url":"https:\/\/ironsky.pl\/sklep\/wp-content\/uploads\/2025\/06\/15824_1.jpg","type":"image\/jpeg"}],"twitter_card":"summary_large_image","twitter_misc":{"Szacowany czas czytania":"2 minuty"},"schema":{"@context":"https:\/\/schema.org","@graph":[{"@type":"WebPage","@id":"https:\/\/ironsky.pl\/sklep\/produkt\/latarka-czolowa-superfire-hl06-500lm-usb-2\/","url":"https:\/\/ironsky.pl\/sklep\/produkt\/latarka-czolowa-superfire-hl06-500lm-usb-2\/","name":"Latarka czo\u0142owa SUPERFIRE HL06 500lm USB - IRONSKY.PL Sklep z Dronami","isPartOf":{"@id":"https:\/\/ironsky.pl\/sklep\/#website"},"primaryImageOfPage":{"@id":"https:\/\/ironsky.pl\/sklep\/produkt\/latarka-czolowa-superfire-hl06-500lm-usb-2\/#primaryimage"},"image":{"@id":"https:\/\/ironsky.pl\/sklep\/produkt\/latarka-czolowa-superfire-hl06-500lm-usb-2\/#primaryimage"},"thumbnailUrl":"https:\/\/ironsky.pl\/sklep\/wp-content\/uploads\/2025\/06\/15824_1.jpg","datePublished":"2026-04-15T07:59:19+00:00","dateModified":"2026-04-15T07:59:57+00:00","description":"Latarka czo\u0142owa SUPERFIRE HL06 500lm USB - \u2705 sklep z dronami i fachowym doradztwem. \u2705 Tutaj kupisz produkty DJI, Yuneec, Parrot, Syma i wiele innych, a tak\u017ce kursy i licencje na operatora drona.","breadcrumb":{"@id":"https:\/\/ironsky.pl\/sklep\/produkt\/latarka-czolowa-superfire-hl06-500lm-usb-2\/#breadcrumb"},"inLanguage":"pl-PL","potentialAction":[{"@type":"ReadAction","target":["https:\/\/ironsky.pl\/sklep\/produkt\/latarka-czolowa-superfire-hl06-500lm-usb-2\/"]}]},{"@type":"ImageObject","inLanguage":"pl-PL","@id":"https:\/\/ironsky.pl\/sklep\/produkt\/latarka-czolowa-superfire-hl06-500lm-usb-2\/#primaryimage","url":"https:\/\/ironsky.pl\/sklep\/wp-content\/uploads\/2025\/06\/15824_1.jpg","contentUrl":"https:\/\/ironsky.pl\/sklep\/wp-content\/uploads\/2025\/06\/15824_1.jpg","width":800,"height":800},{"@type":"BreadcrumbList","@id":"https:\/\/ironsky.pl\/sklep\/produkt\/latarka-czolowa-superfire-hl06-500lm-usb-2\/#breadcrumb","itemListElement":[{"@type":"ListItem","position":1,"name":"Strona g\u0142\u00f3wna","item":"https:\/\/ironsky.pl\/sklep\/"},{"@type":"ListItem","position":2,"name":"Wszystkie produkty","item":"https:\/\/ironsky.pl\/sklep\/produkty\/"},{"@type":"ListItem","position":3,"name":"Latarka czo\u0142owa SUPERFIRE HL06 500lm USB"}]},{"@type":"WebSite","@id":"https:\/\/ironsky.pl\/sklep\/#website","url":"https:\/\/ironsky.pl\/sklep\/","name":"IRONSKY.PL Sklep z Dronami","description":"IRONSKY.PL Sklep z Dronami","potentialAction":[{"@type":"SearchAction","target":{"@type":"EntryPoint","urlTemplate":"https:\/\/ironsky.pl\/sklep\/?s={search_term_string}"},"query-input":{"@type":"PropertyValueSpecification","valueRequired":true,"valueName":"search_term_string"}}],"inLanguage":"pl-PL"}]}},"_links":{"self":[{"href":"https:\/\/ironsky.pl\/sklep\/wp-json\/wp\/v2\/product\/55110","targetHints":{"allow":["GET"]}}],"collection":[{"href":"https:\/\/ironsky.pl\/sklep\/wp-json\/wp\/v2\/product"}],"about":[{"href":"https:\/\/ironsky.pl\/sklep\/wp-json\/wp\/v2\/types\/product"}],"replies":[{"embeddable":true,"href":"https:\/\/ironsky.pl\/sklep\/wp-json\/wp\/v2\/comments?post=55110"}],"wp:featuredmedia":[{"embeddable":true,"href":"https:\/\/ironsky.pl\/sklep\/wp-json\/wp\/v2\/media\/40720"}],"wp:attachment":[{"href":"https:\/\/ironsky.pl\/sklep\/wp-json\/wp\/v2\/media?parent=55110"}],"wp:term":[{"taxonomy":"product_brand","embeddable":true,"href":"https:\/\/ironsky.pl\/sklep\/wp-json\/wp\/v2\/product_brand?post=55110"},{"taxonomy":"product_cat","embeddable":true,"href":"https:\/\/ironsky.pl\/sklep\/wp-json\/wp\/v2\/product_cat?post=55110"},{"taxonomy":"product_tag","embeddable":true,"href":"https:\/\/ironsky.pl\/sklep\/wp-json\/wp\/v2\/product_tag?post=55110"}],"curies":[{"name":"wp","href":"https:\/\/api.w.org\/{rel}","templated":true}]}}