{"id":55109,"date":"2026-04-15T09:59:19","date_gmt":"2026-04-15T07:59:19","guid":{"rendered":"https:\/\/ironsky.pl\/sklep\/produkt\/latarka-superfire-f3-l2-strumien-swietlny-570lm\/"},"modified":"2026-04-15T10:41:27","modified_gmt":"2026-04-15T08:41:27","slug":"latarka-superfire-f3-l2-strumien-swietlny-570lm","status":"publish","type":"product","link":"https:\/\/ironsky.pl\/sklep\/produkt\/latarka-superfire-f3-l2-strumien-swietlny-570lm\/","title":{"rendered":"Latarka SUPERFIRE F3-L2 strumie\u0144 \u015bwietlny 570lm"},"content":{"rendered":"<h3>Latarka Superfire F3-L2, 570 lm, 260 m, 5 tryb\u00f3w, funkcja zoom<\/h3>\n<p>Superfire\u00a0F3-L2 to kompaktowa latarka, kt\u00f3r\u0105 mo\u017cna wsz\u0119dzie ze sob\u0105 zabra\u0107. Zmie\u015bci si\u0119 do kieszeni, plecaka, torebki, a nawet saszetki. Latarka zosta\u0142a wykonana z bardzo wytrzyma\u0142ego aluminium, charakteryzuj\u0105cego si\u0119 wysok\u0105 odporno\u015bci\u0105 na uszkodzenia i zu\u017cycie oraz ze szk\u0142a optycznego.<\/p>\n<p>\n<img decoding=\"async\" src=\"https:\/\/assets.innpro.pl\/14053\/17542\/1.jpg\" border=\"0\" alt=\"Czarna latarka taktyczna marki Superfire na ciemnym tle\" \/>\n<\/p>\n<h3>Szybkie \u0142adowanie<\/h3>\n<p>Latarka jest zasilana jednym akumulatorem 18650 lub trzema bateriami AAA (potr\u00f3jna bateria cylindryczna, cz\u0119sto stosowana w urz\u0105dzeniach przeno\u015bnych; baterie nie s\u0105 do\u0142\u0105czone do zestawu i nale\u017cy je zakupi\u0107 oddzielnie). Akumulator mo\u017cna bardzo szybko na\u0142adowa\u0107 za pomoc\u0105\u00a0do\u0142\u0105czonej do zestawu \u0142adowarki\u00a0USB (Universal Serial Bus, uniwersalne z\u0142\u0105cze do przesy\u0142ania danych i zasilania)\u00a0.<\/p>\n<p>\n<img decoding=\"async\" src=\"https:\/\/assets.innpro.pl\/14053\/17542\/2.jpg\" border=\"0\" alt=\"Czarna latarka Superfire w\u0142\u0105czona i pokryta kroplami wody na mokrej powierzchni\" \/>\n<\/p>\n<h3>Mocne \u015bwiat\u0142o<\/h3>\n<p>Dioda Luminus SST-40-W zapewnia mocne \u015bwiat\u0142o oraz cechuje si\u0119 d\u0142ug\u0105 \u017cywotno\u015bci\u0105, dzi\u0119ki czemu nie trzeba si\u0119 martwi\u0107 o jej cz\u0119st\u0105 wymian\u0119. \u015awiat\u0142o ma jasno\u015b\u0107\u00a0570 lumen\u00f3w, a jego zasi\u0119g wynosi 260 metr\u00f3w. Latarka posiada 5 tryb\u00f3w \u015bwiecenia. 3 tryby s\u0142u\u017c\u0105 do sterowania jasno\u015bci\u0105 (mocna, \u015brednia, s\u0142aba), a pozosta\u0142e dwa s\u0142u\u017c\u0105\u00a0do w\u0142\u0105czenia \u015bwiat\u0142a stroboskopowego lub SOS. Do prze\u0142\u0105czania mi\u0119dzy trybami s\u0142u\u017cy w\u0142\u0105cznik latarki.<\/p>\n<p>\n<img decoding=\"async\" src=\"https:\/\/assets.innpro.pl\/14053\/17542\/3.jpg\" border=\"0\" alt=\"Osoba z kapturem trzymaj\u0105ca \u015bwiec\u0105c\u0105 latark\u0119 w w\u0105skim, skalistym w\u0105wozie noc\u0105\" \/>\n<\/p>\n<h3>Wodoodporno\u015b\u0107<\/h3>\n<p>Latarka jest odporna na zachlapania, tak\u017ce spokojnie mo\u017cna j\u0105 u\u017cywa\u0107 w deszczu lub w innych, wilgotnych warunkach. Podczas zwyk\u0142ego korzystania jest to zupe\u0142nie wystarczaj\u0105ce.<\/p>\n<p>\n<img decoding=\"async\" src=\"https:\/\/assets.innpro.pl\/14053\/17542\/2.jpg\" border=\"0\" alt=\"Zbli\u017cenie na mokr\u0105 latark\u0119 Superfire emituj\u0105c\u0105 \u015bwiat\u0142o, le\u017c\u0105c\u0105 na mokrej powierzchni\" \/>\n<\/p>\n<h3>Funkcja ZOOM<\/h3>\n<p>Latarka Superfire\u00a0F3-L2 posiada mo\u017cliwo\u015b\u0107 skupienia wi\u0105zki poprzez wysuni\u0119cie g\u0142owicy latarki, dzi\u0119ki czemu zobaczymy o\u015bwietlony obszar bardzo dok\u0142adnie.\u00a0<\/p>\n<p>\n<img decoding=\"async\" src=\"https:\/\/assets.innpro.pl\/14053\/17542\/5.gif\" border=\"0\" alt=\"Ilustracja przekroju latarki pokazuj\u0105ca mechanizm \u015bwiecenia i rozchodzenie si\u0119 strumienia \u015bwiat\u0142a\" \/>\n<\/p>\n<h3>W zestawie<\/h3>\n<ul class=\"list-disc pl-5\">\n<li>Latarka<\/li>\n<li>Akumulator 18650<\/li>\n<li>\u0141adowarka<\/li>\n<\/ul>\n<div class=\"table-wrapper\">\n<p>\u00a0<\/p>\n<h3><\/h3>\n<table>\n<tbody>\n<tr>\n<th>Producent <\/th>\n<td>Superfire<\/td>\n<\/tr>\n<tr>\n<th>Model <\/th>\n<td>F3-L2<\/td>\n<\/tr>\n<tr>\n<th>\u0179r\u00f3d\u0142o \u015bwiat\u0142a <\/th>\n<td>Luminus SST-40-W<\/td>\n<\/tr>\n<tr>\n<th>Moc znamionowa <\/th>\n<td>10W<\/td>\n<\/tr>\n<tr>\n<th>Czas pracy <\/th>\n<td>3-5 godzin<\/td>\n<\/tr>\n<tr>\n<th>Ilo\u015b\u0107 lumen\u00f3w <\/th>\n<td>570<\/td>\n<\/tr>\n<tr>\n<th>Odporno\u015b\u0107 na upadki <\/th>\n<td>do 1m<\/td>\n<\/tr>\n<tr>\n<th>Wymiary <\/th>\n<td>125 x 35 x 30 mm<\/td>\n<\/tr>\n<tr>\n<th>Waga <\/th>\n<td>106g<\/td>\n<\/tr>\n<tr>\n<th>Wodoodporno\u015b\u0107 <\/th>\n<td>IP34<\/td>\n<\/tr>\n<tr>\n<th>Zakres \u015bwiecenia <\/th>\n<td>260m<\/td>\n<\/tr>\n<tr>\n<th>Pojemno\u015b\u0107 baterii <\/th>\n<td>2000mAh<\/td>\n<\/tr>\n<tr>\n<th>Tryby <\/th>\n<td>mocny &#8211; \u015bredni &#8211; s\u0142aby &#8211; stroboskopowy &#8211; SOS<\/td>\n<\/tr>\n<tr>\n<th>Materia\u0142 <\/th>\n<td>aluminium<\/td>\n<\/tr>\n<\/tbody>\n<\/table>\n<\/div>\n","protected":false},"excerpt":{"rendered":"<p>Latarka Superfire F3-L2, 570 lm, 260 m, 5 tryb\u00f3w, funkcja zoom Superfire\u00a0F3-L2 to kompaktowa latarka, kt\u00f3r\u0105 mo\u017cna wsz\u0119dzie ze sob\u0105<\/p>\n","protected":false},"featured_media":40716,"comment_status":"closed","ping_status":"open","template":"","meta":{"_acf_changed":false},"product_brand":[],"product_cat":[5938,5937,5939],"product_tag":[],"class_list":{"0":"post-55109","1":"product","2":"type-product","3":"status-publish","4":"has-post-thumbnail","6":"product_cat-latarki","7":"product_cat-outdoor","8":"product_cat-pozostale-latarki","9":"pa_okres-gwarancji-5754","10":"pa_producent-superfire","12":"first","13":"outofstock","14":"taxable","15":"shipping-taxable","16":"purchasable","17":"product-type-simple"},"acf":[],"yoast_head":"<!-- This site is optimized with the Yoast SEO plugin v27.2 - https:\/\/yoast.com\/product\/yoast-seo-wordpress\/ -->\n<title>Latarka SUPERFIRE F3-L2 strumie\u0144 \u015bwietlny 570lm - IRONSKY.PL Sklep z Dronami<\/title>\n<meta name=\"description\" content=\"Latarka SUPERFIRE F3-L2 strumie\u0144 \u015bwietlny 570lm - \u2705 sklep z dronami i fachowym doradztwem. \u2705 Tutaj kupisz produkty DJI, Yuneec, Parrot, Syma i wiele innych, a tak\u017ce kursy i licencje na operatora drona.\" \/>\n<meta name=\"robots\" content=\"index, follow, max-snippet:-1, max-image-preview:large, max-video-preview:-1\" \/>\n<link rel=\"canonical\" href=\"https:\/\/ironsky.pl\/sklep\/produkt\/latarka-superfire-f3-l2-strumien-swietlny-570lm\/\" \/>\n<meta property=\"og:locale\" content=\"pl_PL\" \/>\n<meta property=\"og:type\" content=\"article\" \/>\n<meta property=\"og:title\" content=\"Latarka SUPERFIRE F3-L2 strumie\u0144 \u015bwietlny 570lm - IRONSKY.PL Sklep z Dronami\" \/>\n<meta property=\"og:description\" content=\"Latarka SUPERFIRE F3-L2 strumie\u0144 \u015bwietlny 570lm - \u2705 sklep z dronami i fachowym doradztwem. \u2705 Tutaj kupisz produkty DJI, Yuneec, Parrot, Syma i wiele innych, a tak\u017ce kursy i licencje na operatora drona.\" \/>\n<meta property=\"og:url\" content=\"https:\/\/ironsky.pl\/sklep\/produkt\/latarka-superfire-f3-l2-strumien-swietlny-570lm\/\" \/>\n<meta property=\"og:site_name\" content=\"IRONSKY.PL Sklep z Dronami\" \/>\n<meta property=\"article:modified_time\" content=\"2026-04-15T08:41:27+00:00\" \/>\n<meta property=\"og:image\" content=\"https:\/\/ironsky.pl\/sklep\/wp-content\/uploads\/2025\/06\/15821_3.jpg\" \/>\n\t<meta property=\"og:image:width\" content=\"800\" \/>\n\t<meta property=\"og:image:height\" content=\"800\" \/>\n\t<meta property=\"og:image:type\" content=\"image\/jpeg\" \/>\n<meta name=\"twitter:card\" content=\"summary_large_image\" \/>\n<meta name=\"twitter:label1\" content=\"Szacowany czas czytania\" \/>\n\t<meta name=\"twitter:data1\" content=\"2 minuty\" \/>\n<script type=\"application\/ld+json\" class=\"yoast-schema-graph\">{\"@context\":\"https:\/\/schema.org\",\"@graph\":[{\"@type\":\"WebPage\",\"@id\":\"https:\/\/ironsky.pl\/sklep\/produkt\/latarka-superfire-f3-l2-strumien-swietlny-570lm\/\",\"url\":\"https:\/\/ironsky.pl\/sklep\/produkt\/latarka-superfire-f3-l2-strumien-swietlny-570lm\/\",\"name\":\"Latarka SUPERFIRE F3-L2 strumie\u0144 \u015bwietlny 570lm - IRONSKY.PL Sklep z Dronami\",\"isPartOf\":{\"@id\":\"https:\/\/ironsky.pl\/sklep\/#website\"},\"primaryImageOfPage\":{\"@id\":\"https:\/\/ironsky.pl\/sklep\/produkt\/latarka-superfire-f3-l2-strumien-swietlny-570lm\/#primaryimage\"},\"image\":{\"@id\":\"https:\/\/ironsky.pl\/sklep\/produkt\/latarka-superfire-f3-l2-strumien-swietlny-570lm\/#primaryimage\"},\"thumbnailUrl\":\"https:\/\/ironsky.pl\/sklep\/wp-content\/uploads\/2025\/06\/15821_3.jpg\",\"datePublished\":\"2026-04-15T07:59:19+00:00\",\"dateModified\":\"2026-04-15T08:41:27+00:00\",\"description\":\"Latarka SUPERFIRE F3-L2 strumie\u0144 \u015bwietlny 570lm - \u2705 sklep z dronami i fachowym doradztwem. \u2705 Tutaj kupisz produkty DJI, Yuneec, Parrot, Syma i wiele innych, a tak\u017ce kursy i licencje na operatora drona.\",\"breadcrumb\":{\"@id\":\"https:\/\/ironsky.pl\/sklep\/produkt\/latarka-superfire-f3-l2-strumien-swietlny-570lm\/#breadcrumb\"},\"inLanguage\":\"pl-PL\",\"potentialAction\":[{\"@type\":\"ReadAction\",\"target\":[\"https:\/\/ironsky.pl\/sklep\/produkt\/latarka-superfire-f3-l2-strumien-swietlny-570lm\/\"]}]},{\"@type\":\"ImageObject\",\"inLanguage\":\"pl-PL\",\"@id\":\"https:\/\/ironsky.pl\/sklep\/produkt\/latarka-superfire-f3-l2-strumien-swietlny-570lm\/#primaryimage\",\"url\":\"https:\/\/ironsky.pl\/sklep\/wp-content\/uploads\/2025\/06\/15821_3.jpg\",\"contentUrl\":\"https:\/\/ironsky.pl\/sklep\/wp-content\/uploads\/2025\/06\/15821_3.jpg\",\"width\":800,\"height\":800},{\"@type\":\"BreadcrumbList\",\"@id\":\"https:\/\/ironsky.pl\/sklep\/produkt\/latarka-superfire-f3-l2-strumien-swietlny-570lm\/#breadcrumb\",\"itemListElement\":[{\"@type\":\"ListItem\",\"position\":1,\"name\":\"Strona g\u0142\u00f3wna\",\"item\":\"https:\/\/ironsky.pl\/sklep\/\"},{\"@type\":\"ListItem\",\"position\":2,\"name\":\"Wszystkie produkty\",\"item\":\"https:\/\/ironsky.pl\/sklep\/produkty\/\"},{\"@type\":\"ListItem\",\"position\":3,\"name\":\"Latarka SUPERFIRE F3-L2 strumie\u0144 \u015bwietlny 570lm\"}]},{\"@type\":\"WebSite\",\"@id\":\"https:\/\/ironsky.pl\/sklep\/#website\",\"url\":\"https:\/\/ironsky.pl\/sklep\/\",\"name\":\"IRONSKY.PL Sklep z Dronami\",\"description\":\"IRONSKY.PL Sklep z Dronami\",\"potentialAction\":[{\"@type\":\"SearchAction\",\"target\":{\"@type\":\"EntryPoint\",\"urlTemplate\":\"https:\/\/ironsky.pl\/sklep\/?s={search_term_string}\"},\"query-input\":{\"@type\":\"PropertyValueSpecification\",\"valueRequired\":true,\"valueName\":\"search_term_string\"}}],\"inLanguage\":\"pl-PL\"}]}<\/script>\n<!-- \/ Yoast SEO plugin. -->","yoast_head_json":{"title":"Latarka SUPERFIRE F3-L2 strumie\u0144 \u015bwietlny 570lm - IRONSKY.PL Sklep z Dronami","description":"Latarka SUPERFIRE F3-L2 strumie\u0144 \u015bwietlny 570lm - \u2705 sklep z dronami i fachowym doradztwem. \u2705 Tutaj kupisz produkty DJI, Yuneec, Parrot, Syma i wiele innych, a tak\u017ce kursy i licencje na operatora drona.","robots":{"index":"index","follow":"follow","max-snippet":"max-snippet:-1","max-image-preview":"max-image-preview:large","max-video-preview":"max-video-preview:-1"},"canonical":"https:\/\/ironsky.pl\/sklep\/produkt\/latarka-superfire-f3-l2-strumien-swietlny-570lm\/","og_locale":"pl_PL","og_type":"article","og_title":"Latarka SUPERFIRE F3-L2 strumie\u0144 \u015bwietlny 570lm - IRONSKY.PL Sklep z Dronami","og_description":"Latarka SUPERFIRE F3-L2 strumie\u0144 \u015bwietlny 570lm - \u2705 sklep z dronami i fachowym doradztwem. \u2705 Tutaj kupisz produkty DJI, Yuneec, Parrot, Syma i wiele innych, a tak\u017ce kursy i licencje na operatora drona.","og_url":"https:\/\/ironsky.pl\/sklep\/produkt\/latarka-superfire-f3-l2-strumien-swietlny-570lm\/","og_site_name":"IRONSKY.PL Sklep z Dronami","article_modified_time":"2026-04-15T08:41:27+00:00","og_image":[{"width":800,"height":800,"url":"https:\/\/ironsky.pl\/sklep\/wp-content\/uploads\/2025\/06\/15821_3.jpg","type":"image\/jpeg"}],"twitter_card":"summary_large_image","twitter_misc":{"Szacowany czas czytania":"2 minuty"},"schema":{"@context":"https:\/\/schema.org","@graph":[{"@type":"WebPage","@id":"https:\/\/ironsky.pl\/sklep\/produkt\/latarka-superfire-f3-l2-strumien-swietlny-570lm\/","url":"https:\/\/ironsky.pl\/sklep\/produkt\/latarka-superfire-f3-l2-strumien-swietlny-570lm\/","name":"Latarka SUPERFIRE F3-L2 strumie\u0144 \u015bwietlny 570lm - IRONSKY.PL Sklep z Dronami","isPartOf":{"@id":"https:\/\/ironsky.pl\/sklep\/#website"},"primaryImageOfPage":{"@id":"https:\/\/ironsky.pl\/sklep\/produkt\/latarka-superfire-f3-l2-strumien-swietlny-570lm\/#primaryimage"},"image":{"@id":"https:\/\/ironsky.pl\/sklep\/produkt\/latarka-superfire-f3-l2-strumien-swietlny-570lm\/#primaryimage"},"thumbnailUrl":"https:\/\/ironsky.pl\/sklep\/wp-content\/uploads\/2025\/06\/15821_3.jpg","datePublished":"2026-04-15T07:59:19+00:00","dateModified":"2026-04-15T08:41:27+00:00","description":"Latarka SUPERFIRE F3-L2 strumie\u0144 \u015bwietlny 570lm - \u2705 sklep z dronami i fachowym doradztwem. \u2705 Tutaj kupisz produkty DJI, Yuneec, Parrot, Syma i wiele innych, a tak\u017ce kursy i licencje na operatora drona.","breadcrumb":{"@id":"https:\/\/ironsky.pl\/sklep\/produkt\/latarka-superfire-f3-l2-strumien-swietlny-570lm\/#breadcrumb"},"inLanguage":"pl-PL","potentialAction":[{"@type":"ReadAction","target":["https:\/\/ironsky.pl\/sklep\/produkt\/latarka-superfire-f3-l2-strumien-swietlny-570lm\/"]}]},{"@type":"ImageObject","inLanguage":"pl-PL","@id":"https:\/\/ironsky.pl\/sklep\/produkt\/latarka-superfire-f3-l2-strumien-swietlny-570lm\/#primaryimage","url":"https:\/\/ironsky.pl\/sklep\/wp-content\/uploads\/2025\/06\/15821_3.jpg","contentUrl":"https:\/\/ironsky.pl\/sklep\/wp-content\/uploads\/2025\/06\/15821_3.jpg","width":800,"height":800},{"@type":"BreadcrumbList","@id":"https:\/\/ironsky.pl\/sklep\/produkt\/latarka-superfire-f3-l2-strumien-swietlny-570lm\/#breadcrumb","itemListElement":[{"@type":"ListItem","position":1,"name":"Strona g\u0142\u00f3wna","item":"https:\/\/ironsky.pl\/sklep\/"},{"@type":"ListItem","position":2,"name":"Wszystkie produkty","item":"https:\/\/ironsky.pl\/sklep\/produkty\/"},{"@type":"ListItem","position":3,"name":"Latarka SUPERFIRE F3-L2 strumie\u0144 \u015bwietlny 570lm"}]},{"@type":"WebSite","@id":"https:\/\/ironsky.pl\/sklep\/#website","url":"https:\/\/ironsky.pl\/sklep\/","name":"IRONSKY.PL Sklep z Dronami","description":"IRONSKY.PL Sklep z Dronami","potentialAction":[{"@type":"SearchAction","target":{"@type":"EntryPoint","urlTemplate":"https:\/\/ironsky.pl\/sklep\/?s={search_term_string}"},"query-input":{"@type":"PropertyValueSpecification","valueRequired":true,"valueName":"search_term_string"}}],"inLanguage":"pl-PL"}]}},"_links":{"self":[{"href":"https:\/\/ironsky.pl\/sklep\/wp-json\/wp\/v2\/product\/55109","targetHints":{"allow":["GET"]}}],"collection":[{"href":"https:\/\/ironsky.pl\/sklep\/wp-json\/wp\/v2\/product"}],"about":[{"href":"https:\/\/ironsky.pl\/sklep\/wp-json\/wp\/v2\/types\/product"}],"replies":[{"embeddable":true,"href":"https:\/\/ironsky.pl\/sklep\/wp-json\/wp\/v2\/comments?post=55109"}],"wp:featuredmedia":[{"embeddable":true,"href":"https:\/\/ironsky.pl\/sklep\/wp-json\/wp\/v2\/media\/40716"}],"wp:attachment":[{"href":"https:\/\/ironsky.pl\/sklep\/wp-json\/wp\/v2\/media?parent=55109"}],"wp:term":[{"taxonomy":"product_brand","embeddable":true,"href":"https:\/\/ironsky.pl\/sklep\/wp-json\/wp\/v2\/product_brand?post=55109"},{"taxonomy":"product_cat","embeddable":true,"href":"https:\/\/ironsky.pl\/sklep\/wp-json\/wp\/v2\/product_cat?post=55109"},{"taxonomy":"product_tag","embeddable":true,"href":"https:\/\/ironsky.pl\/sklep\/wp-json\/wp\/v2\/product_tag?post=55109"}],"curies":[{"name":"wp","href":"https:\/\/api.w.org\/{rel}","templated":true}]}}