{"id":55105,"date":"2026-04-15T09:59:19","date_gmt":"2026-04-15T07:59:19","guid":{"rendered":"https:\/\/ironsky.pl\/sklep\/produkt\/odbiornik-flysky-fs-x8b-8-kanalowy-afhds-2a\/"},"modified":"2026-04-15T10:41:26","modified_gmt":"2026-04-15T08:41:26","slug":"odbiornik-flysky-fs-x8b-8-kanalowy-afhds-2a","status":"publish","type":"product","link":"https:\/\/ironsky.pl\/sklep\/produkt\/odbiornik-flysky-fs-x8b-8-kanalowy-afhds-2a\/","title":{"rendered":"Odbiornik FLYSKY FS-X8B 8-kana\u0142owy AFHDS 2A"},"content":{"rendered":"<h3>Odbiornik FlySky FS-X8B, 8 kana\u0142\u00f3w AFHDS 2A<\/h3>\n<p>Odbiornik FlySky FS-X8B to zaawansowane urz\u0105dzenie komunikacji bezprzewodowej pracuj\u0105ce na cz\u0119stotliwo\u015bci 2.4GHz, wykorzystuj\u0105ce protok\u00f3\u0142 AFHDS 2A. Oferuje zasi\u0119g od 500 do 1500 metr\u00f3w, dualn\u0105 anten\u0119 zwi\u0119kszaj\u0105c\u0105 stabilno\u015b\u0107 sygna\u0142u oraz wsparcie dla funkcji RSSI. Dzia\u0142a w szerokim zakresie napi\u0119cia 4.0-8.4V i temperatur -10\u2103 do +60\u2103. Wyposa\u017cony w porty PPM, i.bus i s.bus, umo\u017cliwia aktualizacje online. Kompaktowe wymiary (32x22x7.5mm) i niska waga (3.7g) czyni\u0105 go idealnym do ma\u0142ych modeli RC, a certyfikaty CE, MIC, RCM oraz FCC ID: N4ZX8B00 gwarantuj\u0105 zgodno\u015b\u0107 z mi\u0119dzynarodowymi standardami.<\/p>\n<p>\n<img decoding=\"async\" src=\"https:\/\/assets.innpro.pl\/7937\/9201\/1.jpg\" border=\"0\" \/>\n<\/p>\n<div class=\"table-wrapper\">\n<p>\u00a0<\/p>\n<h3><\/h3>\n<table>\n<tbody>\n<tr>\n<th>Producent<\/th>\n<td>FlySky<\/td>\n<\/tr>\n<tr>\n<th>Model produktu<\/th>\n<td>FS-X8B <\/td>\n<\/tr>\n<tr>\n<th>Kana\u0142 PWM<\/th>\n<td>Brak <\/td>\n<\/tr>\n<tr>\n<th>Cz\u0119stotliwo\u015b\u0107 bezprzewodowa<\/th>\n<td>2,4 GHz <\/td>\n<\/tr>\n<tr>\n<th>Protok\u00f3\u0142 bezprzewodowy<\/th>\n<td>AFHDS 2A <\/td>\n<\/tr>\n<tr>\n<th>Zasi\u0119g<\/th>\n<td>500 \uff5e 1500m (w powietrzu)<\/td>\n<\/tr>\n<tr>\n<th>Typ anteny<\/th>\n<td>podw\u00f3jna antena (93 mm * 2) <\/td>\n<\/tr>\n<tr>\n<th>Zasilanie<\/th>\n<td>4.0-8.4V <\/td>\n<\/tr>\n<tr>\n<th>RSSI<\/th>\n<td>Obs\u0142ugiwane <\/td>\n<\/tr>\n<tr>\n<th>Port danych<\/th>\n<td>PPM \/ i.bus \/ s.bus <\/td>\n<\/tr>\n<tr>\n<th>Zakres temperatur <\/th>\n<td>-10 \u2103 &#8211; + 60 \u2103 <\/td>\n<\/tr>\n<tr>\n<th>Zakres wilgotno\u015bci <\/th>\n<td>20% -95% <\/td>\n<\/tr>\n<tr>\n<th>Aktualizacja online <\/th>\n<td>Tak <\/td>\n<\/tr>\n<tr>\n<th>Wymiary<\/th>\n<td>32 x 22 x 7,5 mm <\/td>\n<\/tr>\n<tr>\n<th>Waga <\/th>\n<td>3.7g <\/td>\n<\/tr>\n<tr>\n<th>Certyfikaty <\/th>\n<td>CE, MIC, RCM, FCC ID N4ZX8B00<\/td>\n<\/tr>\n<\/tbody>\n<\/table>\n<\/div>\n","protected":false},"excerpt":{"rendered":"<p>Odbiornik FlySky FS-X8B, 8 kana\u0142\u00f3w AFHDS 2A Odbiornik FlySky FS-X8B to zaawansowane urz\u0105dzenie komunikacji bezprzewodowej pracuj\u0105ce na cz\u0119stotliwo\u015bci 2.4GHz, wykorzystuj\u0105ce<\/p>\n","protected":false},"featured_media":55106,"comment_status":"closed","ping_status":"open","template":"","meta":{"_acf_changed":false},"product_brand":[],"product_cat":[1177,1169,1179],"product_tag":[],"class_list":{"0":"post-55105","1":"product","2":"type-product","3":"status-publish","4":"has-post-thumbnail","6":"product_cat-aparatury","7":"product_cat-modele-rc","8":"product_cat-odbiorniki","9":"pa_okres-gwarancji-5754","10":"pa_producent-flysky","12":"first","13":"outofstock","14":"taxable","15":"shipping-taxable","16":"purchasable","17":"product-type-simple"},"acf":[],"yoast_head":"<!-- This site is optimized with the Yoast SEO plugin v27.2 - https:\/\/yoast.com\/product\/yoast-seo-wordpress\/ -->\n<title>Odbiornik FLYSKY FS-X8B 8-kana\u0142owy AFHDS 2A - IRONSKY.PL Sklep z Dronami<\/title>\n<meta name=\"description\" content=\"Odbiornik FLYSKY FS-X8B 8-kana\u0142owy AFHDS 2A - \u2705 sklep z dronami i fachowym doradztwem. \u2705 Tutaj kupisz produkty DJI, Yuneec, Parrot, Syma i wiele innych, a tak\u017ce kursy i licencje na operatora drona.\" \/>\n<meta name=\"robots\" content=\"index, follow, max-snippet:-1, max-image-preview:large, max-video-preview:-1\" \/>\n<link rel=\"canonical\" href=\"https:\/\/ironsky.pl\/sklep\/produkt\/odbiornik-flysky-fs-x8b-8-kanalowy-afhds-2a\/\" \/>\n<meta property=\"og:locale\" content=\"pl_PL\" \/>\n<meta property=\"og:type\" content=\"article\" \/>\n<meta property=\"og:title\" content=\"Odbiornik FLYSKY FS-X8B 8-kana\u0142owy AFHDS 2A - IRONSKY.PL Sklep z Dronami\" \/>\n<meta property=\"og:description\" content=\"Odbiornik FLYSKY FS-X8B 8-kana\u0142owy AFHDS 2A - \u2705 sklep z dronami i fachowym doradztwem. \u2705 Tutaj kupisz produkty DJI, Yuneec, Parrot, Syma i wiele innych, a tak\u017ce kursy i licencje na operatora drona.\" \/>\n<meta property=\"og:url\" content=\"https:\/\/ironsky.pl\/sklep\/produkt\/odbiornik-flysky-fs-x8b-8-kanalowy-afhds-2a\/\" \/>\n<meta property=\"og:site_name\" content=\"IRONSKY.PL Sklep z Dronami\" \/>\n<meta property=\"article:modified_time\" content=\"2026-04-15T08:41:26+00:00\" \/>\n<meta property=\"og:image\" content=\"https:\/\/ironsky.pl\/sklep\/wp-content\/uploads\/2026\/04\/15740_1.jpg\" \/>\n\t<meta property=\"og:image:width\" content=\"800\" \/>\n\t<meta property=\"og:image:height\" content=\"800\" \/>\n\t<meta property=\"og:image:type\" content=\"image\/jpeg\" \/>\n<meta name=\"twitter:card\" content=\"summary_large_image\" \/>\n<meta name=\"twitter:label1\" content=\"Szacowany czas czytania\" \/>\n\t<meta name=\"twitter:data1\" content=\"1 minuta\" \/>\n<script type=\"application\/ld+json\" class=\"yoast-schema-graph\">{\"@context\":\"https:\/\/schema.org\",\"@graph\":[{\"@type\":\"WebPage\",\"@id\":\"https:\/\/ironsky.pl\/sklep\/produkt\/odbiornik-flysky-fs-x8b-8-kanalowy-afhds-2a\/\",\"url\":\"https:\/\/ironsky.pl\/sklep\/produkt\/odbiornik-flysky-fs-x8b-8-kanalowy-afhds-2a\/\",\"name\":\"Odbiornik FLYSKY FS-X8B 8-kana\u0142owy AFHDS 2A - IRONSKY.PL Sklep z Dronami\",\"isPartOf\":{\"@id\":\"https:\/\/ironsky.pl\/sklep\/#website\"},\"primaryImageOfPage\":{\"@id\":\"https:\/\/ironsky.pl\/sklep\/produkt\/odbiornik-flysky-fs-x8b-8-kanalowy-afhds-2a\/#primaryimage\"},\"image\":{\"@id\":\"https:\/\/ironsky.pl\/sklep\/produkt\/odbiornik-flysky-fs-x8b-8-kanalowy-afhds-2a\/#primaryimage\"},\"thumbnailUrl\":\"https:\/\/ironsky.pl\/sklep\/wp-content\/uploads\/2026\/04\/15740_1.jpg\",\"datePublished\":\"2026-04-15T07:59:19+00:00\",\"dateModified\":\"2026-04-15T08:41:26+00:00\",\"description\":\"Odbiornik FLYSKY FS-X8B 8-kana\u0142owy AFHDS 2A - \u2705 sklep z dronami i fachowym doradztwem. \u2705 Tutaj kupisz produkty DJI, Yuneec, Parrot, Syma i wiele innych, a tak\u017ce kursy i licencje na operatora drona.\",\"breadcrumb\":{\"@id\":\"https:\/\/ironsky.pl\/sklep\/produkt\/odbiornik-flysky-fs-x8b-8-kanalowy-afhds-2a\/#breadcrumb\"},\"inLanguage\":\"pl-PL\",\"potentialAction\":[{\"@type\":\"ReadAction\",\"target\":[\"https:\/\/ironsky.pl\/sklep\/produkt\/odbiornik-flysky-fs-x8b-8-kanalowy-afhds-2a\/\"]}]},{\"@type\":\"ImageObject\",\"inLanguage\":\"pl-PL\",\"@id\":\"https:\/\/ironsky.pl\/sklep\/produkt\/odbiornik-flysky-fs-x8b-8-kanalowy-afhds-2a\/#primaryimage\",\"url\":\"https:\/\/ironsky.pl\/sklep\/wp-content\/uploads\/2026\/04\/15740_1.jpg\",\"contentUrl\":\"https:\/\/ironsky.pl\/sklep\/wp-content\/uploads\/2026\/04\/15740_1.jpg\",\"width\":800,\"height\":800},{\"@type\":\"BreadcrumbList\",\"@id\":\"https:\/\/ironsky.pl\/sklep\/produkt\/odbiornik-flysky-fs-x8b-8-kanalowy-afhds-2a\/#breadcrumb\",\"itemListElement\":[{\"@type\":\"ListItem\",\"position\":1,\"name\":\"Strona g\u0142\u00f3wna\",\"item\":\"https:\/\/ironsky.pl\/sklep\/\"},{\"@type\":\"ListItem\",\"position\":2,\"name\":\"Wszystkie produkty\",\"item\":\"https:\/\/ironsky.pl\/sklep\/produkty\/\"},{\"@type\":\"ListItem\",\"position\":3,\"name\":\"Odbiornik FLYSKY FS-X8B 8-kana\u0142owy AFHDS 2A\"}]},{\"@type\":\"WebSite\",\"@id\":\"https:\/\/ironsky.pl\/sklep\/#website\",\"url\":\"https:\/\/ironsky.pl\/sklep\/\",\"name\":\"IRONSKY.PL Sklep z Dronami\",\"description\":\"IRONSKY.PL Sklep z Dronami\",\"potentialAction\":[{\"@type\":\"SearchAction\",\"target\":{\"@type\":\"EntryPoint\",\"urlTemplate\":\"https:\/\/ironsky.pl\/sklep\/?s={search_term_string}\"},\"query-input\":{\"@type\":\"PropertyValueSpecification\",\"valueRequired\":true,\"valueName\":\"search_term_string\"}}],\"inLanguage\":\"pl-PL\"}]}<\/script>\n<!-- \/ Yoast SEO plugin. -->","yoast_head_json":{"title":"Odbiornik FLYSKY FS-X8B 8-kana\u0142owy AFHDS 2A - IRONSKY.PL Sklep z Dronami","description":"Odbiornik FLYSKY FS-X8B 8-kana\u0142owy AFHDS 2A - \u2705 sklep z dronami i fachowym doradztwem. \u2705 Tutaj kupisz produkty DJI, Yuneec, Parrot, Syma i wiele innych, a tak\u017ce kursy i licencje na operatora drona.","robots":{"index":"index","follow":"follow","max-snippet":"max-snippet:-1","max-image-preview":"max-image-preview:large","max-video-preview":"max-video-preview:-1"},"canonical":"https:\/\/ironsky.pl\/sklep\/produkt\/odbiornik-flysky-fs-x8b-8-kanalowy-afhds-2a\/","og_locale":"pl_PL","og_type":"article","og_title":"Odbiornik FLYSKY FS-X8B 8-kana\u0142owy AFHDS 2A - IRONSKY.PL Sklep z Dronami","og_description":"Odbiornik FLYSKY FS-X8B 8-kana\u0142owy AFHDS 2A - \u2705 sklep z dronami i fachowym doradztwem. \u2705 Tutaj kupisz produkty DJI, Yuneec, Parrot, Syma i wiele innych, a tak\u017ce kursy i licencje na operatora drona.","og_url":"https:\/\/ironsky.pl\/sklep\/produkt\/odbiornik-flysky-fs-x8b-8-kanalowy-afhds-2a\/","og_site_name":"IRONSKY.PL Sklep z Dronami","article_modified_time":"2026-04-15T08:41:26+00:00","og_image":[{"width":800,"height":800,"url":"https:\/\/ironsky.pl\/sklep\/wp-content\/uploads\/2026\/04\/15740_1.jpg","type":"image\/jpeg"}],"twitter_card":"summary_large_image","twitter_misc":{"Szacowany czas czytania":"1 minuta"},"schema":{"@context":"https:\/\/schema.org","@graph":[{"@type":"WebPage","@id":"https:\/\/ironsky.pl\/sklep\/produkt\/odbiornik-flysky-fs-x8b-8-kanalowy-afhds-2a\/","url":"https:\/\/ironsky.pl\/sklep\/produkt\/odbiornik-flysky-fs-x8b-8-kanalowy-afhds-2a\/","name":"Odbiornik FLYSKY FS-X8B 8-kana\u0142owy AFHDS 2A - IRONSKY.PL Sklep z Dronami","isPartOf":{"@id":"https:\/\/ironsky.pl\/sklep\/#website"},"primaryImageOfPage":{"@id":"https:\/\/ironsky.pl\/sklep\/produkt\/odbiornik-flysky-fs-x8b-8-kanalowy-afhds-2a\/#primaryimage"},"image":{"@id":"https:\/\/ironsky.pl\/sklep\/produkt\/odbiornik-flysky-fs-x8b-8-kanalowy-afhds-2a\/#primaryimage"},"thumbnailUrl":"https:\/\/ironsky.pl\/sklep\/wp-content\/uploads\/2026\/04\/15740_1.jpg","datePublished":"2026-04-15T07:59:19+00:00","dateModified":"2026-04-15T08:41:26+00:00","description":"Odbiornik FLYSKY FS-X8B 8-kana\u0142owy AFHDS 2A - \u2705 sklep z dronami i fachowym doradztwem. \u2705 Tutaj kupisz produkty DJI, Yuneec, Parrot, Syma i wiele innych, a tak\u017ce kursy i licencje na operatora drona.","breadcrumb":{"@id":"https:\/\/ironsky.pl\/sklep\/produkt\/odbiornik-flysky-fs-x8b-8-kanalowy-afhds-2a\/#breadcrumb"},"inLanguage":"pl-PL","potentialAction":[{"@type":"ReadAction","target":["https:\/\/ironsky.pl\/sklep\/produkt\/odbiornik-flysky-fs-x8b-8-kanalowy-afhds-2a\/"]}]},{"@type":"ImageObject","inLanguage":"pl-PL","@id":"https:\/\/ironsky.pl\/sklep\/produkt\/odbiornik-flysky-fs-x8b-8-kanalowy-afhds-2a\/#primaryimage","url":"https:\/\/ironsky.pl\/sklep\/wp-content\/uploads\/2026\/04\/15740_1.jpg","contentUrl":"https:\/\/ironsky.pl\/sklep\/wp-content\/uploads\/2026\/04\/15740_1.jpg","width":800,"height":800},{"@type":"BreadcrumbList","@id":"https:\/\/ironsky.pl\/sklep\/produkt\/odbiornik-flysky-fs-x8b-8-kanalowy-afhds-2a\/#breadcrumb","itemListElement":[{"@type":"ListItem","position":1,"name":"Strona g\u0142\u00f3wna","item":"https:\/\/ironsky.pl\/sklep\/"},{"@type":"ListItem","position":2,"name":"Wszystkie produkty","item":"https:\/\/ironsky.pl\/sklep\/produkty\/"},{"@type":"ListItem","position":3,"name":"Odbiornik FLYSKY FS-X8B 8-kana\u0142owy AFHDS 2A"}]},{"@type":"WebSite","@id":"https:\/\/ironsky.pl\/sklep\/#website","url":"https:\/\/ironsky.pl\/sklep\/","name":"IRONSKY.PL Sklep z Dronami","description":"IRONSKY.PL Sklep z Dronami","potentialAction":[{"@type":"SearchAction","target":{"@type":"EntryPoint","urlTemplate":"https:\/\/ironsky.pl\/sklep\/?s={search_term_string}"},"query-input":{"@type":"PropertyValueSpecification","valueRequired":true,"valueName":"search_term_string"}}],"inLanguage":"pl-PL"}]}},"_links":{"self":[{"href":"https:\/\/ironsky.pl\/sklep\/wp-json\/wp\/v2\/product\/55105","targetHints":{"allow":["GET"]}}],"collection":[{"href":"https:\/\/ironsky.pl\/sklep\/wp-json\/wp\/v2\/product"}],"about":[{"href":"https:\/\/ironsky.pl\/sklep\/wp-json\/wp\/v2\/types\/product"}],"replies":[{"embeddable":true,"href":"https:\/\/ironsky.pl\/sklep\/wp-json\/wp\/v2\/comments?post=55105"}],"wp:featuredmedia":[{"embeddable":true,"href":"https:\/\/ironsky.pl\/sklep\/wp-json\/wp\/v2\/media\/55106"}],"wp:attachment":[{"href":"https:\/\/ironsky.pl\/sklep\/wp-json\/wp\/v2\/media?parent=55105"}],"wp:term":[{"taxonomy":"product_brand","embeddable":true,"href":"https:\/\/ironsky.pl\/sklep\/wp-json\/wp\/v2\/product_brand?post=55105"},{"taxonomy":"product_cat","embeddable":true,"href":"https:\/\/ironsky.pl\/sklep\/wp-json\/wp\/v2\/product_cat?post=55105"},{"taxonomy":"product_tag","embeddable":true,"href":"https:\/\/ironsky.pl\/sklep\/wp-json\/wp\/v2\/product_tag?post=55105"}],"curies":[{"name":"wp","href":"https:\/\/api.w.org\/{rel}","templated":true}]}}