{"id":55098,"date":"2026-04-15T09:59:19","date_gmt":"2026-04-15T07:59:19","guid":{"rendered":"https:\/\/ironsky.pl\/sklep\/produkt\/dyfuzor-puluz-pu5145-softbox-okragly-45cm\/"},"modified":"2026-04-15T09:59:49","modified_gmt":"2026-04-15T07:59:49","slug":"dyfuzor-puluz-pu5145-softbox-okragly-45cm","status":"publish","type":"product","link":"https:\/\/ironsky.pl\/sklep\/produkt\/dyfuzor-puluz-pu5145-softbox-okragly-45cm\/","title":{"rendered":"Dyfuzor PULUZ PU5145 softbox okr\u0105g\u0142y 45cm"},"content":{"rendered":"<h3>Dyfuzor fotograficzny<\/h3>\n<p>Dyfuzor fotograficzny marki Puluz, pozwala doskonale rozproszy\u0107 \u015bwiat\u0142o umo\u017cliwiaj\u0105c wykonanie profesjonalnych zdj\u0119\u0107. R\u00f3wnomiernie rozprowadza \u015bwiat\u0142o na fotografowanym obiekcie, zapobiegaj\u0105c prze\u015bwietleniu i ostrym cieniom. Elastyczna opaska pozwala na \u0142atwy i szybki monta\u017c. Po z\u0142o\u017ceniu jest niezwykle kompaktowy, dzi\u0119ki czemu mo\u017cesz go zawsze zabra\u0107 ze sob\u0105 i stworzy\u0107 mini studio w ka\u017cdym miejscu.<\/p>\n<p>\n<img decoding=\"async\" src=\"https:\/\/assets.innpro.pl\/14698\/18419\/3.jpg\" border=\"0\" alt=\"\" \/>\n<\/p>\n<div class=\"table-wrapper\">\n<p>\u00a0<\/p>\n<h3><\/h3>\n<table>\n<tbody>\n<tr>\n<th>Model <\/th>\n<td>PU5145<\/td>\n<\/tr>\n<tr>\n<th>Kolor <\/th>\n<td>Czarny<\/td>\n<\/tr>\n<tr>\n<th>Wymiary <\/th>\n<td>45cm x 45cm x 16cm<\/td>\n<\/tr>\n<tr>\n<th>Waga <\/th>\n<td>227g<\/td>\n<\/tr>\n<\/tbody>\n<\/table>\n<\/div>\n","protected":false},"excerpt":{"rendered":"<p>Dyfuzor fotograficzny Dyfuzor fotograficzny marki Puluz, pozwala doskonale rozproszy\u0107 \u015bwiat\u0142o umo\u017cliwiaj\u0105c wykonanie profesjonalnych zdj\u0119\u0107. R\u00f3wnomiernie rozprowadza \u015bwiat\u0142o na fotografowanym obiekcie,<\/p>\n","protected":false},"featured_media":55099,"comment_status":"closed","ping_status":"open","template":"","meta":{"_acf_changed":false},"product_brand":[],"product_cat":[1128,6184,6182],"product_tag":[],"class_list":{"0":"post-55098","1":"product","2":"type-product","3":"status-publish","4":"has-post-thumbnail","6":"product_cat-foto-wideo","7":"product_cat-softboxy","8":"product_cat-studio-fotograficzne","9":"pa_okres-gwarancji-5754","10":"pa_producent-puluz","12":"first","13":"outofstock","14":"taxable","15":"shipping-taxable","16":"purchasable","17":"product-type-simple"},"acf":[],"yoast_head":"<!-- This site is optimized with the Yoast SEO plugin v27.2 - https:\/\/yoast.com\/product\/yoast-seo-wordpress\/ -->\n<title>Dyfuzor PULUZ PU5145 softbox okr\u0105g\u0142y 45cm - IRONSKY.PL Sklep z Dronami<\/title>\n<meta name=\"description\" content=\"Dyfuzor PULUZ PU5145 softbox okr\u0105g\u0142y 45cm - \u2705 sklep z dronami i fachowym doradztwem. \u2705 Tutaj kupisz produkty DJI, Yuneec, Parrot, Syma i wiele innych, a tak\u017ce kursy i licencje na operatora drona.\" \/>\n<meta name=\"robots\" content=\"index, follow, max-snippet:-1, max-image-preview:large, max-video-preview:-1\" \/>\n<link rel=\"canonical\" href=\"https:\/\/ironsky.pl\/sklep\/produkt\/dyfuzor-puluz-pu5145-softbox-okragly-45cm\/\" \/>\n<meta property=\"og:locale\" content=\"pl_PL\" \/>\n<meta property=\"og:type\" content=\"article\" \/>\n<meta property=\"og:title\" content=\"Dyfuzor PULUZ PU5145 softbox okr\u0105g\u0142y 45cm - IRONSKY.PL Sklep z Dronami\" \/>\n<meta property=\"og:description\" content=\"Dyfuzor PULUZ PU5145 softbox okr\u0105g\u0142y 45cm - \u2705 sklep z dronami i fachowym doradztwem. \u2705 Tutaj kupisz produkty DJI, Yuneec, Parrot, Syma i wiele innych, a tak\u017ce kursy i licencje na operatora drona.\" \/>\n<meta property=\"og:url\" content=\"https:\/\/ironsky.pl\/sklep\/produkt\/dyfuzor-puluz-pu5145-softbox-okragly-45cm\/\" \/>\n<meta property=\"og:site_name\" content=\"IRONSKY.PL Sklep z Dronami\" \/>\n<meta property=\"article:modified_time\" content=\"2026-04-15T07:59:49+00:00\" \/>\n<meta property=\"og:image\" content=\"https:\/\/ironsky.pl\/sklep\/wp-content\/uploads\/2026\/04\/15715_1.jpg\" \/>\n\t<meta property=\"og:image:width\" content=\"800\" \/>\n\t<meta property=\"og:image:height\" content=\"800\" \/>\n\t<meta property=\"og:image:type\" content=\"image\/jpeg\" \/>\n<meta name=\"twitter:card\" content=\"summary_large_image\" \/>\n<script type=\"application\/ld+json\" class=\"yoast-schema-graph\">{\"@context\":\"https:\/\/schema.org\",\"@graph\":[{\"@type\":\"WebPage\",\"@id\":\"https:\/\/ironsky.pl\/sklep\/produkt\/dyfuzor-puluz-pu5145-softbox-okragly-45cm\/\",\"url\":\"https:\/\/ironsky.pl\/sklep\/produkt\/dyfuzor-puluz-pu5145-softbox-okragly-45cm\/\",\"name\":\"Dyfuzor PULUZ PU5145 softbox okr\u0105g\u0142y 45cm - IRONSKY.PL Sklep z Dronami\",\"isPartOf\":{\"@id\":\"https:\/\/ironsky.pl\/sklep\/#website\"},\"primaryImageOfPage\":{\"@id\":\"https:\/\/ironsky.pl\/sklep\/produkt\/dyfuzor-puluz-pu5145-softbox-okragly-45cm\/#primaryimage\"},\"image\":{\"@id\":\"https:\/\/ironsky.pl\/sklep\/produkt\/dyfuzor-puluz-pu5145-softbox-okragly-45cm\/#primaryimage\"},\"thumbnailUrl\":\"https:\/\/ironsky.pl\/sklep\/wp-content\/uploads\/2026\/04\/15715_1.jpg\",\"datePublished\":\"2026-04-15T07:59:19+00:00\",\"dateModified\":\"2026-04-15T07:59:49+00:00\",\"description\":\"Dyfuzor PULUZ PU5145 softbox okr\u0105g\u0142y 45cm - \u2705 sklep z dronami i fachowym doradztwem. \u2705 Tutaj kupisz produkty DJI, Yuneec, Parrot, Syma i wiele innych, a tak\u017ce kursy i licencje na operatora drona.\",\"breadcrumb\":{\"@id\":\"https:\/\/ironsky.pl\/sklep\/produkt\/dyfuzor-puluz-pu5145-softbox-okragly-45cm\/#breadcrumb\"},\"inLanguage\":\"pl-PL\",\"potentialAction\":[{\"@type\":\"ReadAction\",\"target\":[\"https:\/\/ironsky.pl\/sklep\/produkt\/dyfuzor-puluz-pu5145-softbox-okragly-45cm\/\"]}]},{\"@type\":\"ImageObject\",\"inLanguage\":\"pl-PL\",\"@id\":\"https:\/\/ironsky.pl\/sklep\/produkt\/dyfuzor-puluz-pu5145-softbox-okragly-45cm\/#primaryimage\",\"url\":\"https:\/\/ironsky.pl\/sklep\/wp-content\/uploads\/2026\/04\/15715_1.jpg\",\"contentUrl\":\"https:\/\/ironsky.pl\/sklep\/wp-content\/uploads\/2026\/04\/15715_1.jpg\",\"width\":800,\"height\":800},{\"@type\":\"BreadcrumbList\",\"@id\":\"https:\/\/ironsky.pl\/sklep\/produkt\/dyfuzor-puluz-pu5145-softbox-okragly-45cm\/#breadcrumb\",\"itemListElement\":[{\"@type\":\"ListItem\",\"position\":1,\"name\":\"Strona g\u0142\u00f3wna\",\"item\":\"https:\/\/ironsky.pl\/sklep\/\"},{\"@type\":\"ListItem\",\"position\":2,\"name\":\"Wszystkie produkty\",\"item\":\"https:\/\/ironsky.pl\/sklep\/produkty\/\"},{\"@type\":\"ListItem\",\"position\":3,\"name\":\"Dyfuzor PULUZ PU5145 softbox okr\u0105g\u0142y 45cm\"}]},{\"@type\":\"WebSite\",\"@id\":\"https:\/\/ironsky.pl\/sklep\/#website\",\"url\":\"https:\/\/ironsky.pl\/sklep\/\",\"name\":\"IRONSKY.PL Sklep z Dronami\",\"description\":\"IRONSKY.PL Sklep z Dronami\",\"potentialAction\":[{\"@type\":\"SearchAction\",\"target\":{\"@type\":\"EntryPoint\",\"urlTemplate\":\"https:\/\/ironsky.pl\/sklep\/?s={search_term_string}\"},\"query-input\":{\"@type\":\"PropertyValueSpecification\",\"valueRequired\":true,\"valueName\":\"search_term_string\"}}],\"inLanguage\":\"pl-PL\"}]}<\/script>\n<!-- \/ Yoast SEO plugin. -->","yoast_head_json":{"title":"Dyfuzor PULUZ PU5145 softbox okr\u0105g\u0142y 45cm - IRONSKY.PL Sklep z Dronami","description":"Dyfuzor PULUZ PU5145 softbox okr\u0105g\u0142y 45cm - \u2705 sklep z dronami i fachowym doradztwem. \u2705 Tutaj kupisz produkty DJI, Yuneec, Parrot, Syma i wiele innych, a tak\u017ce kursy i licencje na operatora drona.","robots":{"index":"index","follow":"follow","max-snippet":"max-snippet:-1","max-image-preview":"max-image-preview:large","max-video-preview":"max-video-preview:-1"},"canonical":"https:\/\/ironsky.pl\/sklep\/produkt\/dyfuzor-puluz-pu5145-softbox-okragly-45cm\/","og_locale":"pl_PL","og_type":"article","og_title":"Dyfuzor PULUZ PU5145 softbox okr\u0105g\u0142y 45cm - IRONSKY.PL Sklep z Dronami","og_description":"Dyfuzor PULUZ PU5145 softbox okr\u0105g\u0142y 45cm - \u2705 sklep z dronami i fachowym doradztwem. \u2705 Tutaj kupisz produkty DJI, Yuneec, Parrot, Syma i wiele innych, a tak\u017ce kursy i licencje na operatora drona.","og_url":"https:\/\/ironsky.pl\/sklep\/produkt\/dyfuzor-puluz-pu5145-softbox-okragly-45cm\/","og_site_name":"IRONSKY.PL Sklep z Dronami","article_modified_time":"2026-04-15T07:59:49+00:00","og_image":[{"width":800,"height":800,"url":"https:\/\/ironsky.pl\/sklep\/wp-content\/uploads\/2026\/04\/15715_1.jpg","type":"image\/jpeg"}],"twitter_card":"summary_large_image","schema":{"@context":"https:\/\/schema.org","@graph":[{"@type":"WebPage","@id":"https:\/\/ironsky.pl\/sklep\/produkt\/dyfuzor-puluz-pu5145-softbox-okragly-45cm\/","url":"https:\/\/ironsky.pl\/sklep\/produkt\/dyfuzor-puluz-pu5145-softbox-okragly-45cm\/","name":"Dyfuzor PULUZ PU5145 softbox okr\u0105g\u0142y 45cm - IRONSKY.PL Sklep z Dronami","isPartOf":{"@id":"https:\/\/ironsky.pl\/sklep\/#website"},"primaryImageOfPage":{"@id":"https:\/\/ironsky.pl\/sklep\/produkt\/dyfuzor-puluz-pu5145-softbox-okragly-45cm\/#primaryimage"},"image":{"@id":"https:\/\/ironsky.pl\/sklep\/produkt\/dyfuzor-puluz-pu5145-softbox-okragly-45cm\/#primaryimage"},"thumbnailUrl":"https:\/\/ironsky.pl\/sklep\/wp-content\/uploads\/2026\/04\/15715_1.jpg","datePublished":"2026-04-15T07:59:19+00:00","dateModified":"2026-04-15T07:59:49+00:00","description":"Dyfuzor PULUZ PU5145 softbox okr\u0105g\u0142y 45cm - \u2705 sklep z dronami i fachowym doradztwem. \u2705 Tutaj kupisz produkty DJI, Yuneec, Parrot, Syma i wiele innych, a tak\u017ce kursy i licencje na operatora drona.","breadcrumb":{"@id":"https:\/\/ironsky.pl\/sklep\/produkt\/dyfuzor-puluz-pu5145-softbox-okragly-45cm\/#breadcrumb"},"inLanguage":"pl-PL","potentialAction":[{"@type":"ReadAction","target":["https:\/\/ironsky.pl\/sklep\/produkt\/dyfuzor-puluz-pu5145-softbox-okragly-45cm\/"]}]},{"@type":"ImageObject","inLanguage":"pl-PL","@id":"https:\/\/ironsky.pl\/sklep\/produkt\/dyfuzor-puluz-pu5145-softbox-okragly-45cm\/#primaryimage","url":"https:\/\/ironsky.pl\/sklep\/wp-content\/uploads\/2026\/04\/15715_1.jpg","contentUrl":"https:\/\/ironsky.pl\/sklep\/wp-content\/uploads\/2026\/04\/15715_1.jpg","width":800,"height":800},{"@type":"BreadcrumbList","@id":"https:\/\/ironsky.pl\/sklep\/produkt\/dyfuzor-puluz-pu5145-softbox-okragly-45cm\/#breadcrumb","itemListElement":[{"@type":"ListItem","position":1,"name":"Strona g\u0142\u00f3wna","item":"https:\/\/ironsky.pl\/sklep\/"},{"@type":"ListItem","position":2,"name":"Wszystkie produkty","item":"https:\/\/ironsky.pl\/sklep\/produkty\/"},{"@type":"ListItem","position":3,"name":"Dyfuzor PULUZ PU5145 softbox okr\u0105g\u0142y 45cm"}]},{"@type":"WebSite","@id":"https:\/\/ironsky.pl\/sklep\/#website","url":"https:\/\/ironsky.pl\/sklep\/","name":"IRONSKY.PL Sklep z Dronami","description":"IRONSKY.PL Sklep z Dronami","potentialAction":[{"@type":"SearchAction","target":{"@type":"EntryPoint","urlTemplate":"https:\/\/ironsky.pl\/sklep\/?s={search_term_string}"},"query-input":{"@type":"PropertyValueSpecification","valueRequired":true,"valueName":"search_term_string"}}],"inLanguage":"pl-PL"}]}},"_links":{"self":[{"href":"https:\/\/ironsky.pl\/sklep\/wp-json\/wp\/v2\/product\/55098","targetHints":{"allow":["GET"]}}],"collection":[{"href":"https:\/\/ironsky.pl\/sklep\/wp-json\/wp\/v2\/product"}],"about":[{"href":"https:\/\/ironsky.pl\/sklep\/wp-json\/wp\/v2\/types\/product"}],"replies":[{"embeddable":true,"href":"https:\/\/ironsky.pl\/sklep\/wp-json\/wp\/v2\/comments?post=55098"}],"wp:featuredmedia":[{"embeddable":true,"href":"https:\/\/ironsky.pl\/sklep\/wp-json\/wp\/v2\/media\/55099"}],"wp:attachment":[{"href":"https:\/\/ironsky.pl\/sklep\/wp-json\/wp\/v2\/media?parent=55098"}],"wp:term":[{"taxonomy":"product_brand","embeddable":true,"href":"https:\/\/ironsky.pl\/sklep\/wp-json\/wp\/v2\/product_brand?post=55098"},{"taxonomy":"product_cat","embeddable":true,"href":"https:\/\/ironsky.pl\/sklep\/wp-json\/wp\/v2\/product_cat?post=55098"},{"taxonomy":"product_tag","embeddable":true,"href":"https:\/\/ironsky.pl\/sklep\/wp-json\/wp\/v2\/product_tag?post=55098"}],"curies":[{"name":"wp","href":"https:\/\/api.w.org\/{rel}","templated":true}]}}