{"id":55094,"date":"2026-04-15T09:59:19","date_gmt":"2026-04-15T07:59:19","guid":{"rendered":"https:\/\/ironsky.pl\/sklep\/produkt\/namiot-bezcieniowy-puluz-80cm-led-8500-lumenow-2\/"},"modified":"2026-04-15T10:41:25","modified_gmt":"2026-04-15T08:41:25","slug":"namiot-bezcieniowy-puluz-80cm-led-8500-lumenow-2","status":"publish","type":"product","link":"https:\/\/ironsky.pl\/sklep\/produkt\/namiot-bezcieniowy-puluz-80cm-led-8500-lumenow-2\/","title":{"rendered":"Namiot bezcieniowy Puluz 80cm LED 8500 lumen\u00f3w"},"content":{"rendered":"<h3>Namiot bezcieniowy Puluz 80cm LED 8500 lumen\u00f3w<\/h3>\n<p>Przekonaj si\u0119, jak proste i szybkie jest robienie perfekcyjnych zdj\u0119\u0107 przedmiot\u00f3w. Namiot o\u015bwietleniowy Puluz s\u0142u\u017cy do tworzenia wysokiej jako\u015bci, bezcieniowych zdj\u0119\u0107 r\u00f3\u017cnorodnych przedmiot\u00f3w. Ca\u0142y zestaw jest gotowy do pracy zaraz po wyj\u0119ciu z opakowania, a jego monta\u017c zajmuje zaledwie kilka minut. Jest por\u0119czny, dzi\u0119ki czemu mo\u017cemy go wykorzysta\u0107 zar\u00f3wno w plenerze, jak i w domu czy biurze. Produkt spe\u0142ni oczekiwania nawet najbardziej wymagaj\u0105cych u\u017cytkownik\u00f3w. Do stworzenia uj\u0119\u0107 nie potrzebujesz \u017cadnych dodatkowych akcesori\u00f3w \u2013 wystarczy jedynie aparat lub smartfon.<\/p>\n<p>\n<img decoding=\"async\" src=\"https:\/\/assets.innpro.pl\/14577\/18281\/12.jpg\" border=\"0\" alt=\"Kola\u017c dziewi\u0119ciu zdj\u0119\u0107 prezentuj\u0105cy elementy zestawu do bezcieniowego studia fotograficznego Puluz, w tym namiot, t\u0142a, o\u015bwietlenie i torb\u0119\" \/>\n<\/p>\n<h3>Wiele korzy\u015bci<\/h3>\n<p>Namiot bezcieniowy cechuje si\u0119 por\u0119czn\u0105 konstrukcj\u0105 po z\u0142o\u017ceniu, dzi\u0119ki czemu ich przechowywanie nie stanowi wi\u0119kszego problemu. Monta\u017c namiotu jest prosty oraz zajmuje niewiele czasu. Namiot nie posiada efektu stroboskopu, cechuje si\u0119 wysok\u0105 jasno\u015bci\u0105 oraz bardzo dobrze rozprowadza ciep\u0142o.<\/p>\n<p>\n<img decoding=\"async\" src=\"https:\/\/assets.innpro.pl\/14577\/18281\/7.jpg\" border=\"0\" alt=\"Kola\u017c czterech zdj\u0119\u0107 pokazuj\u0105cy fotografa wykonuj\u0105cego zdj\u0119cia niebieskiego plecaka w namiocie bezcieniowym Puluz z r\u00f3\u017cnych perspektyw\" \/>\n<\/p>\n<h3>Uniwersalno\u015b\u0107<\/h3>\n<p>Namiot posiada otwieran\u0105 g\u00f3rn\u0105 pokryw\u0119, dzi\u0119ki czemu zdj\u0119cia mo\u017cemy wykona\u0107 tak\u017ce z g\u00f3ry. W zestawie znajdziesz te\u017c t\u0142a fotograficzne w r\u00f3\u017cnych kolorach, dzi\u0119ki czemu z \u0142atwo\u015bci\u0105 dostosujesz kolorystyk\u0119 do konkretnego produktu.<\/p>\n<p>\n<img decoding=\"async\" src=\"https:\/\/assets.innpro.pl\/14577\/18281\/6.jpg\" border=\"0\" alt=\"Prezentacja mo\u017cliwo\u015bci fotografowania du\u017cych przedmiot\u00f3w, takich jak r\u00f3\u017cowa walizka, wewn\u0105trz profesjonalnego namiotu bezcieniowego\" \/>\n<\/p>\n<h3>O\u015bwietlenie LED<\/h3>\n<p>Wbudowane panele LED zapewniaj\u0105 idealne do\u015bwietlenie namiotu. Lampy posiadaj\u0105 tak\u017ce mo\u017cliwo\u015b\u0107 zmiany pozycji, dzi\u0119ki czemu mo\u017cemy samodzielnie dostosowa\u0107 kierunek \u015bwiat\u0142a. Dzi\u0119ki temu nie potrzebujesz \u017cadnych dodatkowych lamp \u2013 wszystko, czego potrzebujesz, znajduje si\u0119 w zestawie!<\/p>\n<p>\n<img decoding=\"async\" src=\"https:\/\/assets.innpro.pl\/14577\/18281\/4.jpg\" border=\"0\" alt=\"Por\u00f3wnanie intensywno\u015bci o\u015bwietlenia wewn\u0105trz namiotu fotograficznego sterowanego za pomoc\u0105 zewn\u0119trznego zasilacza z pokr\u0119t\u0142em regulacji jasno\u015bci\" \/>\n<\/p>\n<h3>\u0141atwy monta\u017c<\/h3>\n<p>Prosta i niewielka konstrukcja pozwala na roz\u0142o\u017cenie namiotu zaledwie w ci\u0105gu kilku minut. Wchodz\u0105cy w sk\u0142ad zestawu futera\u0142 u\u0142atwi transport namiotu, a tak\u017ce ochroni go przed zabrudzeniem czy uszkodzeniem.<\/p>\n<p>\n<img decoding=\"async\" src=\"https:\/\/assets.innpro.pl\/14577\/18281\/3.jpg\" border=\"0\" alt=\"Czarna torba transportowa z logotypem Puluz pokazana jako samodzielny produkt oraz w trakcie przenoszenia przez u\u017cytkownika\" \/>\n<\/p>\n<h3>W zestawie<\/h3>\n<ul class=\"list-disc pl-5\">\n<li>namiot bezcieniowy<\/li>\n<li>okablowanie + zasilacz<\/li>\n<li>t\u0142a fotograficzne x3 (czarne, bia\u0142e, pomara\u0144czowe)<\/li>\n<li>futera\u0142 transportowy<\/li>\n<\/ul>\n<div class=\"table-wrapper\">\n<p>\u00a0<\/p>\n<h3><\/h3>\n<table>\n<tbody>\n<tr>\n<th>Producent <\/th>\n<td>Puluz<\/td>\n<\/tr>\n<tr>\n<th>Model <\/th>\n<td>PU5080EU<\/td>\n<\/tr>\n<tr>\n<th>Rozmiar <\/th>\n<td>80 x 80 x 80 cm<\/td>\n<\/tr>\n<tr>\n<th>Ilo\u015b\u0107 paneli LED <\/th>\n<td>2<\/td>\n<\/tr>\n<tr>\n<th>Ilo\u015b\u0107 diod LED <\/th>\n<td>156<\/td>\n<\/tr>\n<tr>\n<th>Ilo\u015b\u0107 lumen\u00f3w <\/th>\n<td>8500 lm<\/td>\n<\/tr>\n<tr>\n<th>Barwa \u015bwiat\u0142a <\/th>\n<td>5500K<\/td>\n<\/tr>\n<tr>\n<th>Moc wyj\u015bciowa <\/th>\n<td>80 W<\/td>\n<\/tr>\n<tr>\n<th>Zasilanie <\/th>\n<td>Kabel AC 110-250V<\/td>\n<\/tr>\n<\/tbody>\n<\/table>\n<\/div>\n","protected":false},"excerpt":{"rendered":"<p>Namiot bezcieniowy Puluz 80cm LED 8500 lumen\u00f3w Przekonaj si\u0119, jak proste i szybkie jest robienie perfekcyjnych zdj\u0119\u0107 przedmiot\u00f3w. Namiot o\u015bwietleniowy<\/p>\n","protected":false},"featured_media":55095,"comment_status":"closed","ping_status":"open","template":"","meta":{"_acf_changed":false},"product_brand":[],"product_cat":[1128,6183,6182],"product_tag":[],"class_list":{"0":"post-55094","1":"product","2":"type-product","3":"status-publish","4":"has-post-thumbnail","6":"product_cat-foto-wideo","7":"product_cat-namioty-bezcieniowe-studio-fotograficzne","8":"product_cat-studio-fotograficzne","9":"pa_okres-gwarancji-5754","10":"pa_producent-puluz","12":"first","13":"outofstock","14":"taxable","15":"shipping-taxable","16":"purchasable","17":"product-type-simple"},"acf":[],"yoast_head":"<!-- This site is optimized with the Yoast SEO plugin v27.2 - https:\/\/yoast.com\/product\/yoast-seo-wordpress\/ -->\n<title>Namiot bezcieniowy Puluz 80cm LED 8500 lumen\u00f3w - IRONSKY.PL Sklep z Dronami<\/title>\n<meta name=\"description\" content=\"Namiot bezcieniowy Puluz 80cm LED 8500 lumen\u00f3w - \u2705 sklep z dronami i fachowym doradztwem. \u2705 Tutaj kupisz produkty DJI, Yuneec, Parrot, Syma i wiele innych, a tak\u017ce kursy i licencje na operatora drona.\" \/>\n<meta name=\"robots\" content=\"index, follow, max-snippet:-1, max-image-preview:large, max-video-preview:-1\" \/>\n<link rel=\"canonical\" href=\"https:\/\/ironsky.pl\/sklep\/produkt\/namiot-bezcieniowy-puluz-80cm-led-8500-lumenow-2\/\" \/>\n<meta property=\"og:locale\" content=\"pl_PL\" \/>\n<meta property=\"og:type\" content=\"article\" \/>\n<meta property=\"og:title\" content=\"Namiot bezcieniowy Puluz 80cm LED 8500 lumen\u00f3w - IRONSKY.PL Sklep z Dronami\" \/>\n<meta property=\"og:description\" content=\"Namiot bezcieniowy Puluz 80cm LED 8500 lumen\u00f3w - \u2705 sklep z dronami i fachowym doradztwem. \u2705 Tutaj kupisz produkty DJI, Yuneec, Parrot, Syma i wiele innych, a tak\u017ce kursy i licencje na operatora drona.\" \/>\n<meta property=\"og:url\" content=\"https:\/\/ironsky.pl\/sklep\/produkt\/namiot-bezcieniowy-puluz-80cm-led-8500-lumenow-2\/\" \/>\n<meta property=\"og:site_name\" content=\"IRONSKY.PL Sklep z Dronami\" \/>\n<meta property=\"article:modified_time\" content=\"2026-04-15T08:41:25+00:00\" \/>\n<meta property=\"og:image\" content=\"https:\/\/ironsky.pl\/sklep\/wp-content\/uploads\/2026\/04\/15710_3.jpg\" \/>\n\t<meta property=\"og:image:width\" content=\"800\" \/>\n\t<meta property=\"og:image:height\" content=\"800\" \/>\n\t<meta property=\"og:image:type\" content=\"image\/jpeg\" \/>\n<meta name=\"twitter:card\" content=\"summary_large_image\" \/>\n<meta name=\"twitter:label1\" content=\"Szacowany czas czytania\" \/>\n\t<meta name=\"twitter:data1\" content=\"2 minuty\" \/>\n<script type=\"application\/ld+json\" class=\"yoast-schema-graph\">{\"@context\":\"https:\/\/schema.org\",\"@graph\":[{\"@type\":\"WebPage\",\"@id\":\"https:\/\/ironsky.pl\/sklep\/produkt\/namiot-bezcieniowy-puluz-80cm-led-8500-lumenow-2\/\",\"url\":\"https:\/\/ironsky.pl\/sklep\/produkt\/namiot-bezcieniowy-puluz-80cm-led-8500-lumenow-2\/\",\"name\":\"Namiot bezcieniowy Puluz 80cm LED 8500 lumen\u00f3w - IRONSKY.PL Sklep z Dronami\",\"isPartOf\":{\"@id\":\"https:\/\/ironsky.pl\/sklep\/#website\"},\"primaryImageOfPage\":{\"@id\":\"https:\/\/ironsky.pl\/sklep\/produkt\/namiot-bezcieniowy-puluz-80cm-led-8500-lumenow-2\/#primaryimage\"},\"image\":{\"@id\":\"https:\/\/ironsky.pl\/sklep\/produkt\/namiot-bezcieniowy-puluz-80cm-led-8500-lumenow-2\/#primaryimage\"},\"thumbnailUrl\":\"https:\/\/ironsky.pl\/sklep\/wp-content\/uploads\/2026\/04\/15710_3.jpg\",\"datePublished\":\"2026-04-15T07:59:19+00:00\",\"dateModified\":\"2026-04-15T08:41:25+00:00\",\"description\":\"Namiot bezcieniowy Puluz 80cm LED 8500 lumen\u00f3w - \u2705 sklep z dronami i fachowym doradztwem. \u2705 Tutaj kupisz produkty DJI, Yuneec, Parrot, Syma i wiele innych, a tak\u017ce kursy i licencje na operatora drona.\",\"breadcrumb\":{\"@id\":\"https:\/\/ironsky.pl\/sklep\/produkt\/namiot-bezcieniowy-puluz-80cm-led-8500-lumenow-2\/#breadcrumb\"},\"inLanguage\":\"pl-PL\",\"potentialAction\":[{\"@type\":\"ReadAction\",\"target\":[\"https:\/\/ironsky.pl\/sklep\/produkt\/namiot-bezcieniowy-puluz-80cm-led-8500-lumenow-2\/\"]}]},{\"@type\":\"ImageObject\",\"inLanguage\":\"pl-PL\",\"@id\":\"https:\/\/ironsky.pl\/sklep\/produkt\/namiot-bezcieniowy-puluz-80cm-led-8500-lumenow-2\/#primaryimage\",\"url\":\"https:\/\/ironsky.pl\/sklep\/wp-content\/uploads\/2026\/04\/15710_3.jpg\",\"contentUrl\":\"https:\/\/ironsky.pl\/sklep\/wp-content\/uploads\/2026\/04\/15710_3.jpg\",\"width\":800,\"height\":800},{\"@type\":\"BreadcrumbList\",\"@id\":\"https:\/\/ironsky.pl\/sklep\/produkt\/namiot-bezcieniowy-puluz-80cm-led-8500-lumenow-2\/#breadcrumb\",\"itemListElement\":[{\"@type\":\"ListItem\",\"position\":1,\"name\":\"Strona g\u0142\u00f3wna\",\"item\":\"https:\/\/ironsky.pl\/sklep\/\"},{\"@type\":\"ListItem\",\"position\":2,\"name\":\"Wszystkie produkty\",\"item\":\"https:\/\/ironsky.pl\/sklep\/produkty\/\"},{\"@type\":\"ListItem\",\"position\":3,\"name\":\"Namiot bezcieniowy Puluz 80cm LED 8500 lumen\u00f3w\"}]},{\"@type\":\"WebSite\",\"@id\":\"https:\/\/ironsky.pl\/sklep\/#website\",\"url\":\"https:\/\/ironsky.pl\/sklep\/\",\"name\":\"IRONSKY.PL Sklep z Dronami\",\"description\":\"IRONSKY.PL Sklep z Dronami\",\"potentialAction\":[{\"@type\":\"SearchAction\",\"target\":{\"@type\":\"EntryPoint\",\"urlTemplate\":\"https:\/\/ironsky.pl\/sklep\/?s={search_term_string}\"},\"query-input\":{\"@type\":\"PropertyValueSpecification\",\"valueRequired\":true,\"valueName\":\"search_term_string\"}}],\"inLanguage\":\"pl-PL\"}]}<\/script>\n<!-- \/ Yoast SEO plugin. -->","yoast_head_json":{"title":"Namiot bezcieniowy Puluz 80cm LED 8500 lumen\u00f3w - IRONSKY.PL Sklep z Dronami","description":"Namiot bezcieniowy Puluz 80cm LED 8500 lumen\u00f3w - \u2705 sklep z dronami i fachowym doradztwem. \u2705 Tutaj kupisz produkty DJI, Yuneec, Parrot, Syma i wiele innych, a tak\u017ce kursy i licencje na operatora drona.","robots":{"index":"index","follow":"follow","max-snippet":"max-snippet:-1","max-image-preview":"max-image-preview:large","max-video-preview":"max-video-preview:-1"},"canonical":"https:\/\/ironsky.pl\/sklep\/produkt\/namiot-bezcieniowy-puluz-80cm-led-8500-lumenow-2\/","og_locale":"pl_PL","og_type":"article","og_title":"Namiot bezcieniowy Puluz 80cm LED 8500 lumen\u00f3w - IRONSKY.PL Sklep z Dronami","og_description":"Namiot bezcieniowy Puluz 80cm LED 8500 lumen\u00f3w - \u2705 sklep z dronami i fachowym doradztwem. \u2705 Tutaj kupisz produkty DJI, Yuneec, Parrot, Syma i wiele innych, a tak\u017ce kursy i licencje na operatora drona.","og_url":"https:\/\/ironsky.pl\/sklep\/produkt\/namiot-bezcieniowy-puluz-80cm-led-8500-lumenow-2\/","og_site_name":"IRONSKY.PL Sklep z Dronami","article_modified_time":"2026-04-15T08:41:25+00:00","og_image":[{"width":800,"height":800,"url":"https:\/\/ironsky.pl\/sklep\/wp-content\/uploads\/2026\/04\/15710_3.jpg","type":"image\/jpeg"}],"twitter_card":"summary_large_image","twitter_misc":{"Szacowany czas czytania":"2 minuty"},"schema":{"@context":"https:\/\/schema.org","@graph":[{"@type":"WebPage","@id":"https:\/\/ironsky.pl\/sklep\/produkt\/namiot-bezcieniowy-puluz-80cm-led-8500-lumenow-2\/","url":"https:\/\/ironsky.pl\/sklep\/produkt\/namiot-bezcieniowy-puluz-80cm-led-8500-lumenow-2\/","name":"Namiot bezcieniowy Puluz 80cm LED 8500 lumen\u00f3w - IRONSKY.PL Sklep z Dronami","isPartOf":{"@id":"https:\/\/ironsky.pl\/sklep\/#website"},"primaryImageOfPage":{"@id":"https:\/\/ironsky.pl\/sklep\/produkt\/namiot-bezcieniowy-puluz-80cm-led-8500-lumenow-2\/#primaryimage"},"image":{"@id":"https:\/\/ironsky.pl\/sklep\/produkt\/namiot-bezcieniowy-puluz-80cm-led-8500-lumenow-2\/#primaryimage"},"thumbnailUrl":"https:\/\/ironsky.pl\/sklep\/wp-content\/uploads\/2026\/04\/15710_3.jpg","datePublished":"2026-04-15T07:59:19+00:00","dateModified":"2026-04-15T08:41:25+00:00","description":"Namiot bezcieniowy Puluz 80cm LED 8500 lumen\u00f3w - \u2705 sklep z dronami i fachowym doradztwem. \u2705 Tutaj kupisz produkty DJI, Yuneec, Parrot, Syma i wiele innych, a tak\u017ce kursy i licencje na operatora drona.","breadcrumb":{"@id":"https:\/\/ironsky.pl\/sklep\/produkt\/namiot-bezcieniowy-puluz-80cm-led-8500-lumenow-2\/#breadcrumb"},"inLanguage":"pl-PL","potentialAction":[{"@type":"ReadAction","target":["https:\/\/ironsky.pl\/sklep\/produkt\/namiot-bezcieniowy-puluz-80cm-led-8500-lumenow-2\/"]}]},{"@type":"ImageObject","inLanguage":"pl-PL","@id":"https:\/\/ironsky.pl\/sklep\/produkt\/namiot-bezcieniowy-puluz-80cm-led-8500-lumenow-2\/#primaryimage","url":"https:\/\/ironsky.pl\/sklep\/wp-content\/uploads\/2026\/04\/15710_3.jpg","contentUrl":"https:\/\/ironsky.pl\/sklep\/wp-content\/uploads\/2026\/04\/15710_3.jpg","width":800,"height":800},{"@type":"BreadcrumbList","@id":"https:\/\/ironsky.pl\/sklep\/produkt\/namiot-bezcieniowy-puluz-80cm-led-8500-lumenow-2\/#breadcrumb","itemListElement":[{"@type":"ListItem","position":1,"name":"Strona g\u0142\u00f3wna","item":"https:\/\/ironsky.pl\/sklep\/"},{"@type":"ListItem","position":2,"name":"Wszystkie produkty","item":"https:\/\/ironsky.pl\/sklep\/produkty\/"},{"@type":"ListItem","position":3,"name":"Namiot bezcieniowy Puluz 80cm LED 8500 lumen\u00f3w"}]},{"@type":"WebSite","@id":"https:\/\/ironsky.pl\/sklep\/#website","url":"https:\/\/ironsky.pl\/sklep\/","name":"IRONSKY.PL Sklep z Dronami","description":"IRONSKY.PL Sklep z Dronami","potentialAction":[{"@type":"SearchAction","target":{"@type":"EntryPoint","urlTemplate":"https:\/\/ironsky.pl\/sklep\/?s={search_term_string}"},"query-input":{"@type":"PropertyValueSpecification","valueRequired":true,"valueName":"search_term_string"}}],"inLanguage":"pl-PL"}]}},"_links":{"self":[{"href":"https:\/\/ironsky.pl\/sklep\/wp-json\/wp\/v2\/product\/55094","targetHints":{"allow":["GET"]}}],"collection":[{"href":"https:\/\/ironsky.pl\/sklep\/wp-json\/wp\/v2\/product"}],"about":[{"href":"https:\/\/ironsky.pl\/sklep\/wp-json\/wp\/v2\/types\/product"}],"replies":[{"embeddable":true,"href":"https:\/\/ironsky.pl\/sklep\/wp-json\/wp\/v2\/comments?post=55094"}],"wp:featuredmedia":[{"embeddable":true,"href":"https:\/\/ironsky.pl\/sklep\/wp-json\/wp\/v2\/media\/55095"}],"wp:attachment":[{"href":"https:\/\/ironsky.pl\/sklep\/wp-json\/wp\/v2\/media?parent=55094"}],"wp:term":[{"taxonomy":"product_brand","embeddable":true,"href":"https:\/\/ironsky.pl\/sklep\/wp-json\/wp\/v2\/product_brand?post=55094"},{"taxonomy":"product_cat","embeddable":true,"href":"https:\/\/ironsky.pl\/sklep\/wp-json\/wp\/v2\/product_cat?post=55094"},{"taxonomy":"product_tag","embeddable":true,"href":"https:\/\/ironsky.pl\/sklep\/wp-json\/wp\/v2\/product_tag?post=55094"}],"curies":[{"name":"wp","href":"https:\/\/api.w.org\/{rel}","templated":true}]}}