{"id":55068,"date":"2026-04-15T09:59:19","date_gmt":"2026-04-15T07:59:19","guid":{"rendered":"https:\/\/ironsky.pl\/sklep\/produkt\/ladowarka-skyrc-e680-2\/"},"modified":"2026-04-15T09:59:34","modified_gmt":"2026-04-15T07:59:34","slug":"ladowarka-skyrc-e680-2","status":"publish","type":"product","link":"https:\/\/ironsky.pl\/sklep\/produkt\/ladowarka-skyrc-e680-2\/","title":{"rendered":"\u0141adowarka SKYRC e680"},"content":{"rendered":"<h3>SkyRC e680<\/h3>\n<p>\u0141adowarka SkyRC e680 pozwala na na \u0142adowanie i roz\u0142adowywanie akumulator\u00f3w LiPo, Li-Ion, LiFe, NiCd, NiMH,  i PB, a tak\u017ce akumulator\u00f3w nowej generacji LiHV z napi\u0119ciem ko\u0144cowym 4,35 V. Urz\u0105dzenie jest w stanie \u0142adowa\u0107 akumulatory z moc\u0105 do 80 wat\u00f3w i pr\u0105dem \u0142adowania do 8 amper\u00f3w. Opr\u00f3cz tego \u0142adowarka posiada funkcje pomiaru napi\u0119cia i rezystancji akumulatora, zimnego \u0142adowania, funkcj\u0119 zasilacza, skuteczny system ch\u0142odzenia i wiele wi\u0119cej.<\/p>\n<p><img decoding=\"async\" src=\"https:\/\/b2b.innpro.pl\/data\/include\/cms\/2Szymon\/SkyRC\/e680\/e68000_--_kopia.jpg\" alt=\"2Szymon\/SkyRC\/e680\/e68000_--_kopia\"><\/p>\n<h3>Zasilacz DC<\/h3>\n<p>\u0141adowarka SkyRC e680 posiada wbudowany zasilacz pr\u0105du sta\u0142ego (DC), wytwarzaj\u0105cy napi\u0119cie wyj\u015bciowe 13,8 V z moc\u0105 od 10 wat\u00f3w do 80 wat\u00f3w. Funkcja jest wygodna w szczeg\u00f3lno\u015bci dla kierowc\u00f3w, kt\u00f3rzy chc\u0105 zasili\u0107 swoje urz\u0105dzenia DC, takie jak ogrzewacz opon, lampa warsztatowa itp.<\/p>\n<p><img decoding=\"async\" src=\"https:\/\/b2b.innpro.pl\/data\/include\/cms\/2Szymon\/SkyRC\/e680\/e680resize.jpg\" alt=\"2Szymon\/SkyRC\/e680\/e680resize\"><\/p>\n<h3>\u0141adowanie akumulator\u00f3w PB<\/h3>\n<p>SkyRC e680 jest w stanie \u0142adowa\u0107 akumulatory \u017celowe i akumulatory wykonane w technologii AGM. Co wi\u0119cej, \u0142adowarka umo\u017cliwia \u0142adowanie akumulator\u00f3w PB w bardzo niskich temperaturach.<\/p>\n<p><img decoding=\"async\" src=\"https:\/\/b2b.innpro.pl\/data\/include\/cms\/2Szymon\/SkyRC\/e680\/e680.jpg\" alt=\"2Szymon\/SkyRC\/e680\/e680\"><\/p>\n<h3>Zabezpieczenie termiczne<\/h3>\n<p>Wewn\u0119trzne reakcje akumulatora powoduj\u0105 wzrost jego temperatury. Gdy temperatura dojdzie do ustalonego poziomu, proces \u0142adowania\/roz\u0142adowania zostaje przerwany. Ta funkcja jest dost\u0119pna po po\u0142\u0105czeniu urz\u0105dzenia z opcjonalnym czujnikiem temperatury, kt\u00f3ry mo\u017cna zakupi\u0107 oddzielnie tutaj.<\/p>\n<p><img decoding=\"async\" src=\"https:\/\/b2b.innpro.pl\/data\/include\/cms\/2Szymon\/SkyRC\/e680\/E6803.jpg\" alt=\"2Szymon\/SkyRC\/e680\/E6803\"><\/p>\n<h3>Inteligentne i wydajne ch\u0142odzenie<\/h3>\n<p>Sterowany czujnikiem temperatury wentylator o wysokiej szybko\u015bci (8000 obrot\u00f3w na minut\u0119) pozwala na efektywne kierowanie strumienia powietrza do aluminiowego radiatora, skutecznie ch\u0142odz\u0105c urz\u0105dzenie.<\/p>\n<p><img decoding=\"async\" src=\"https:\/\/b2b.innpro.pl\/data\/include\/cms\/2Szymon\/SkyRC\/e680\/E6804.jpg\" alt=\"2Szymon\/SkyRC\/e680\/E6804\"><\/p>\n<h3>W zestawie<\/h3>\n<ul>\n<li>\u0141adowarka e680<\/li>\n<li>Kabel zasilaj\u0105cy AC<\/li>\n<li>Kabel \u0142adowania XT60<\/li>\n<li>Kabel DC z aligatorkami<\/li>\n<li>Adapter balansera XH<\/li>\n<\/ul>\n<div class=\"table-wrapper\">\n<table>\n<tbody>\n<tr>\n<th>Napi\u0119cie wej\u015bciowe: <\/th>\n<td>11-18 V DC \/ 100-240 V AC<\/td>\n<\/tr>\n<tr>\n<th>Wymiary: <\/th>\n<td>135 x 110 x 60 mm<\/td>\n<\/tr>\n<tr>\n<th>Waga: <\/th>\n<td>390 g<\/td>\n<\/tr>\n<tr>\n<th>Moc \u0142adowania: <\/th>\n<td>80 W<\/td>\n<\/tr>\n<tr>\n<th>Moc roz\u0142adowania: <\/th>\n<td>10 W<\/td>\n<\/tr>\n<tr>\n<th>Pr\u0105d \u0142adowania: <\/th>\n<td>0,1 A &#8211; 8 A <\/td>\n<\/tr>\n<tr>\n<th>Pr\u0105d roz\u0142adowania: <\/th>\n<td>0,1 A &#8211; 2 A<\/td>\n<\/tr>\n<tr>\n<th>Typy akumulatora: <\/th>\n<td>LiPo\/LiHV\/LiFe\/LiIon 1-6S, NiMH, NiCd 1-15S, Pb 2-20S, DJI 3S<\/td>\n<\/tr>\n<tr>\n<th>Tryby pracy: <\/th>\n<td>\u0142adowanie z balanserem, tryb przechowywania, tryb \u0142adowania <\/td>\n<\/tr>\n<tr>\n<th>Wy\u0142\u0105cznik czasowy: <\/th>\n<td>1-120 minut<\/td>\n<\/tr>\n<tr>\n<th>Pami\u0119\u0107: <\/th>\n<td>10 profili \u0142adowania\/roz\u0142adowania<\/td>\n<\/tr>\n<tr>\n<th>Temperatura odci\u0119cia: <\/th>\n<td>20\u00b0C &#8211; 80\u00b0C (regulowana)<\/td>\n<\/tr>\n<\/tbody>\n<\/table>\n<\/div>\n","protected":false},"excerpt":{"rendered":"<p>SkyRC e680 \u0141adowarka SkyRC e680 pozwala na na \u0142adowanie i roz\u0142adowywanie akumulator\u00f3w LiPo, Li-Ion, LiFe, NiCd, NiMH, i PB, a<\/p>\n","protected":false},"featured_media":55069,"comment_status":"closed","ping_status":"open","template":"","meta":{"_acf_changed":false},"product_brand":[],"product_cat":[1173,1174,1169],"product_tag":[],"class_list":{"0":"post-55068","1":"product","2":"type-product","3":"status-publish","4":"has-post-thumbnail","6":"product_cat-ladowanie","7":"product_cat-ladowarki","8":"product_cat-modele-rc","9":"pa_okres-gwarancji-5754","10":"pa_producent-skyrc","12":"first","13":"outofstock","14":"taxable","15":"shipping-taxable","16":"purchasable","17":"product-type-simple"},"acf":[],"yoast_head":"<!-- This site is optimized with the Yoast SEO plugin v27.2 - https:\/\/yoast.com\/product\/yoast-seo-wordpress\/ -->\n<title>\u0141adowarka SKYRC e680 - IRONSKY.PL Sklep z Dronami<\/title>\n<meta name=\"description\" content=\"\u0141adowarka SKYRC e680 - \u2705 sklep z dronami i fachowym doradztwem. \u2705 Tutaj kupisz produkty DJI, Yuneec, Parrot, Syma i wiele innych, a tak\u017ce kursy i licencje na operatora drona.\" \/>\n<meta name=\"robots\" content=\"index, follow, max-snippet:-1, max-image-preview:large, max-video-preview:-1\" \/>\n<link rel=\"canonical\" href=\"https:\/\/ironsky.pl\/sklep\/produkt\/ladowarka-skyrc-e680-2\/\" \/>\n<meta property=\"og:locale\" content=\"pl_PL\" \/>\n<meta property=\"og:type\" content=\"article\" \/>\n<meta property=\"og:title\" content=\"\u0141adowarka SKYRC e680 - IRONSKY.PL Sklep z Dronami\" \/>\n<meta property=\"og:description\" content=\"\u0141adowarka SKYRC e680 - \u2705 sklep z dronami i fachowym doradztwem. \u2705 Tutaj kupisz produkty DJI, Yuneec, Parrot, Syma i wiele innych, a tak\u017ce kursy i licencje na operatora drona.\" \/>\n<meta property=\"og:url\" content=\"https:\/\/ironsky.pl\/sklep\/produkt\/ladowarka-skyrc-e680-2\/\" \/>\n<meta property=\"og:site_name\" content=\"IRONSKY.PL Sklep z Dronami\" \/>\n<meta property=\"article:modified_time\" content=\"2026-04-15T07:59:34+00:00\" \/>\n<meta property=\"og:image\" content=\"https:\/\/ironsky.pl\/sklep\/wp-content\/uploads\/2026\/04\/15538_1.jpg\" \/>\n\t<meta property=\"og:image:width\" content=\"600\" \/>\n\t<meta property=\"og:image:height\" content=\"600\" \/>\n\t<meta property=\"og:image:type\" content=\"image\/jpeg\" \/>\n<meta name=\"twitter:card\" content=\"summary_large_image\" \/>\n<meta name=\"twitter:label1\" content=\"Szacowany czas czytania\" \/>\n\t<meta name=\"twitter:data1\" content=\"2 minuty\" \/>\n<script type=\"application\/ld+json\" class=\"yoast-schema-graph\">{\"@context\":\"https:\/\/schema.org\",\"@graph\":[{\"@type\":\"WebPage\",\"@id\":\"https:\/\/ironsky.pl\/sklep\/produkt\/ladowarka-skyrc-e680-2\/\",\"url\":\"https:\/\/ironsky.pl\/sklep\/produkt\/ladowarka-skyrc-e680-2\/\",\"name\":\"\u0141adowarka SKYRC e680 - IRONSKY.PL Sklep z Dronami\",\"isPartOf\":{\"@id\":\"https:\/\/ironsky.pl\/sklep\/#website\"},\"primaryImageOfPage\":{\"@id\":\"https:\/\/ironsky.pl\/sklep\/produkt\/ladowarka-skyrc-e680-2\/#primaryimage\"},\"image\":{\"@id\":\"https:\/\/ironsky.pl\/sklep\/produkt\/ladowarka-skyrc-e680-2\/#primaryimage\"},\"thumbnailUrl\":\"https:\/\/ironsky.pl\/sklep\/wp-content\/uploads\/2026\/04\/15538_1.jpg\",\"datePublished\":\"2026-04-15T07:59:19+00:00\",\"dateModified\":\"2026-04-15T07:59:34+00:00\",\"description\":\"\u0141adowarka SKYRC e680 - \u2705 sklep z dronami i fachowym doradztwem. \u2705 Tutaj kupisz produkty DJI, Yuneec, Parrot, Syma i wiele innych, a tak\u017ce kursy i licencje na operatora drona.\",\"breadcrumb\":{\"@id\":\"https:\/\/ironsky.pl\/sklep\/produkt\/ladowarka-skyrc-e680-2\/#breadcrumb\"},\"inLanguage\":\"pl-PL\",\"potentialAction\":[{\"@type\":\"ReadAction\",\"target\":[\"https:\/\/ironsky.pl\/sklep\/produkt\/ladowarka-skyrc-e680-2\/\"]}]},{\"@type\":\"ImageObject\",\"inLanguage\":\"pl-PL\",\"@id\":\"https:\/\/ironsky.pl\/sklep\/produkt\/ladowarka-skyrc-e680-2\/#primaryimage\",\"url\":\"https:\/\/ironsky.pl\/sklep\/wp-content\/uploads\/2026\/04\/15538_1.jpg\",\"contentUrl\":\"https:\/\/ironsky.pl\/sklep\/wp-content\/uploads\/2026\/04\/15538_1.jpg\",\"width\":600,\"height\":600},{\"@type\":\"BreadcrumbList\",\"@id\":\"https:\/\/ironsky.pl\/sklep\/produkt\/ladowarka-skyrc-e680-2\/#breadcrumb\",\"itemListElement\":[{\"@type\":\"ListItem\",\"position\":1,\"name\":\"Strona g\u0142\u00f3wna\",\"item\":\"https:\/\/ironsky.pl\/sklep\/\"},{\"@type\":\"ListItem\",\"position\":2,\"name\":\"Wszystkie produkty\",\"item\":\"https:\/\/ironsky.pl\/sklep\/produkty\/\"},{\"@type\":\"ListItem\",\"position\":3,\"name\":\"\u0141adowarka SKYRC e680\"}]},{\"@type\":\"WebSite\",\"@id\":\"https:\/\/ironsky.pl\/sklep\/#website\",\"url\":\"https:\/\/ironsky.pl\/sklep\/\",\"name\":\"IRONSKY.PL Sklep z Dronami\",\"description\":\"IRONSKY.PL Sklep z Dronami\",\"potentialAction\":[{\"@type\":\"SearchAction\",\"target\":{\"@type\":\"EntryPoint\",\"urlTemplate\":\"https:\/\/ironsky.pl\/sklep\/?s={search_term_string}\"},\"query-input\":{\"@type\":\"PropertyValueSpecification\",\"valueRequired\":true,\"valueName\":\"search_term_string\"}}],\"inLanguage\":\"pl-PL\"}]}<\/script>\n<!-- \/ Yoast SEO plugin. -->","yoast_head_json":{"title":"\u0141adowarka SKYRC e680 - IRONSKY.PL Sklep z Dronami","description":"\u0141adowarka SKYRC e680 - \u2705 sklep z dronami i fachowym doradztwem. \u2705 Tutaj kupisz produkty DJI, Yuneec, Parrot, Syma i wiele innych, a tak\u017ce kursy i licencje na operatora drona.","robots":{"index":"index","follow":"follow","max-snippet":"max-snippet:-1","max-image-preview":"max-image-preview:large","max-video-preview":"max-video-preview:-1"},"canonical":"https:\/\/ironsky.pl\/sklep\/produkt\/ladowarka-skyrc-e680-2\/","og_locale":"pl_PL","og_type":"article","og_title":"\u0141adowarka SKYRC e680 - IRONSKY.PL Sklep z Dronami","og_description":"\u0141adowarka SKYRC e680 - \u2705 sklep z dronami i fachowym doradztwem. \u2705 Tutaj kupisz produkty DJI, Yuneec, Parrot, Syma i wiele innych, a tak\u017ce kursy i licencje na operatora drona.","og_url":"https:\/\/ironsky.pl\/sklep\/produkt\/ladowarka-skyrc-e680-2\/","og_site_name":"IRONSKY.PL Sklep z Dronami","article_modified_time":"2026-04-15T07:59:34+00:00","og_image":[{"width":600,"height":600,"url":"https:\/\/ironsky.pl\/sklep\/wp-content\/uploads\/2026\/04\/15538_1.jpg","type":"image\/jpeg"}],"twitter_card":"summary_large_image","twitter_misc":{"Szacowany czas czytania":"2 minuty"},"schema":{"@context":"https:\/\/schema.org","@graph":[{"@type":"WebPage","@id":"https:\/\/ironsky.pl\/sklep\/produkt\/ladowarka-skyrc-e680-2\/","url":"https:\/\/ironsky.pl\/sklep\/produkt\/ladowarka-skyrc-e680-2\/","name":"\u0141adowarka SKYRC e680 - IRONSKY.PL Sklep z Dronami","isPartOf":{"@id":"https:\/\/ironsky.pl\/sklep\/#website"},"primaryImageOfPage":{"@id":"https:\/\/ironsky.pl\/sklep\/produkt\/ladowarka-skyrc-e680-2\/#primaryimage"},"image":{"@id":"https:\/\/ironsky.pl\/sklep\/produkt\/ladowarka-skyrc-e680-2\/#primaryimage"},"thumbnailUrl":"https:\/\/ironsky.pl\/sklep\/wp-content\/uploads\/2026\/04\/15538_1.jpg","datePublished":"2026-04-15T07:59:19+00:00","dateModified":"2026-04-15T07:59:34+00:00","description":"\u0141adowarka SKYRC e680 - \u2705 sklep z dronami i fachowym doradztwem. \u2705 Tutaj kupisz produkty DJI, Yuneec, Parrot, Syma i wiele innych, a tak\u017ce kursy i licencje na operatora drona.","breadcrumb":{"@id":"https:\/\/ironsky.pl\/sklep\/produkt\/ladowarka-skyrc-e680-2\/#breadcrumb"},"inLanguage":"pl-PL","potentialAction":[{"@type":"ReadAction","target":["https:\/\/ironsky.pl\/sklep\/produkt\/ladowarka-skyrc-e680-2\/"]}]},{"@type":"ImageObject","inLanguage":"pl-PL","@id":"https:\/\/ironsky.pl\/sklep\/produkt\/ladowarka-skyrc-e680-2\/#primaryimage","url":"https:\/\/ironsky.pl\/sklep\/wp-content\/uploads\/2026\/04\/15538_1.jpg","contentUrl":"https:\/\/ironsky.pl\/sklep\/wp-content\/uploads\/2026\/04\/15538_1.jpg","width":600,"height":600},{"@type":"BreadcrumbList","@id":"https:\/\/ironsky.pl\/sklep\/produkt\/ladowarka-skyrc-e680-2\/#breadcrumb","itemListElement":[{"@type":"ListItem","position":1,"name":"Strona g\u0142\u00f3wna","item":"https:\/\/ironsky.pl\/sklep\/"},{"@type":"ListItem","position":2,"name":"Wszystkie produkty","item":"https:\/\/ironsky.pl\/sklep\/produkty\/"},{"@type":"ListItem","position":3,"name":"\u0141adowarka SKYRC e680"}]},{"@type":"WebSite","@id":"https:\/\/ironsky.pl\/sklep\/#website","url":"https:\/\/ironsky.pl\/sklep\/","name":"IRONSKY.PL Sklep z Dronami","description":"IRONSKY.PL Sklep z Dronami","potentialAction":[{"@type":"SearchAction","target":{"@type":"EntryPoint","urlTemplate":"https:\/\/ironsky.pl\/sklep\/?s={search_term_string}"},"query-input":{"@type":"PropertyValueSpecification","valueRequired":true,"valueName":"search_term_string"}}],"inLanguage":"pl-PL"}]}},"_links":{"self":[{"href":"https:\/\/ironsky.pl\/sklep\/wp-json\/wp\/v2\/product\/55068","targetHints":{"allow":["GET"]}}],"collection":[{"href":"https:\/\/ironsky.pl\/sklep\/wp-json\/wp\/v2\/product"}],"about":[{"href":"https:\/\/ironsky.pl\/sklep\/wp-json\/wp\/v2\/types\/product"}],"replies":[{"embeddable":true,"href":"https:\/\/ironsky.pl\/sklep\/wp-json\/wp\/v2\/comments?post=55068"}],"wp:featuredmedia":[{"embeddable":true,"href":"https:\/\/ironsky.pl\/sklep\/wp-json\/wp\/v2\/media\/55069"}],"wp:attachment":[{"href":"https:\/\/ironsky.pl\/sklep\/wp-json\/wp\/v2\/media?parent=55068"}],"wp:term":[{"taxonomy":"product_brand","embeddable":true,"href":"https:\/\/ironsky.pl\/sklep\/wp-json\/wp\/v2\/product_brand?post=55068"},{"taxonomy":"product_cat","embeddable":true,"href":"https:\/\/ironsky.pl\/sklep\/wp-json\/wp\/v2\/product_cat?post=55068"},{"taxonomy":"product_tag","embeddable":true,"href":"https:\/\/ironsky.pl\/sklep\/wp-json\/wp\/v2\/product_tag?post=55068"}],"curies":[{"name":"wp","href":"https:\/\/api.w.org\/{rel}","templated":true}]}}