{"id":55045,"date":"2026-04-15T09:58:47","date_gmt":"2026-04-15T07:58:47","guid":{"rendered":"https:\/\/ironsky.pl\/sklep\/produkt\/kabel-ugreen-mm142-usb-c-hdmi-1-5m-czarny\/"},"modified":"2026-04-15T10:41:17","modified_gmt":"2026-04-15T08:41:17","slug":"kabel-ugreen-mm142-usb-c-hdmi-1-5m-czarny","status":"publish","type":"product","link":"https:\/\/ironsky.pl\/sklep\/produkt\/kabel-ugreen-mm142-usb-c-hdmi-1-5m-czarny\/","title":{"rendered":"Kabel UGREEN MM142 USB-C-HDMI 1.5m (czarny)"},"content":{"rendered":"<h3>Kabel USB-C do HDMI UGREEN 4K UHD 1.5m MM142 (czarny)<\/h3>\n<p>Kabel UGREEN USB-C do HDMI przesy\u0142a obraz i d\u017awi\u0119k wysokiej jako\u015bci z urz\u0105dzenia z portem USB-C do telewizora, monitora lub projektora z interfejsem HDMI. Dzi\u0119ki temu mo\u017cna \u0142atwo przenie\u015b\u0107 zawarto\u015b\u0107 ekranu telefonu lub laptopa na du\u017cy ekran i cieszy\u0107 si\u0119 wysokiej jako\u015bci obrazem. Akcesorium wspiera przesy\u0142 obrazu o maksymalnej rozdzielczo\u015bci 4K x 2K (3840&#215;2160) i cz\u0119stotliwo\u015bci od\u015bwie\u017cania 60 Hz. Kabel jest kompatybilny z portem USB-C oraz Thunderbolt 3 i wspiera mi\u0119dzy innymi takie urz\u0105dzenia jak: Apple Macbook Pro, Dell XPS, Huawei Matebook i wiele innych.<\/p>\n<p>\n<img decoding=\"async\" src=\"https:\/\/assets.innpro.pl\/18936\/25272\/UGREEN-Kabel-konwerterowy-typu-C-HDMI-1,5m-lifestyle (4).jpg\" border=\"0\" alt=\"Kabel Ugreen na fioletowym tle\" \/>\n<\/p>\n<h3>Dopracowana konstrukcja<\/h3>\n<p>Wysokiej jako\u015bci miedziany rdze\u0144 i tr\u00f3jwarstwowe ekranowanie zapewnia stabilny przesy\u0142 wysokiej jako\u015bci obrazu i d\u017awi\u0119ku, dzi\u0119ki czemu ogl\u0105dane materia\u0142y zawsze b\u0119d\u0105 p\u0142ynne. Aluminiowa obudowa, nylonowy oplot i poz\u0142acane z\u0142\u0105cza zapewniaj\u0105 d\u0142ug\u0105 \u017cywotno\u015b\u0107 przy intensywnym u\u017cytkowaniu oraz mo\u017cliwo\u015b\u0107 wielokrotnego pod\u0142\u0105czania do r\u00f3\u017cnych urz\u0105dze\u0144.<\/p>\n<p>\n<img decoding=\"async\" src=\"https:\/\/assets.innpro.pl\/18936\/25272\/UGREEN-Kabel-konwerterowy-typu-C-HDMI-1,5m-lifestyle (2).jpg\" border=\"0\" alt=\"Kabel Ugreen na czarnym tle\" \/>\n<\/p>\n<div class=\"table-wrapper\">\n<p>\u00a0<\/p>\n<h3><\/h3>\n<table>\n<tbody>\n<tr>\n<th>Producent<\/th>\n<td>Ugreen<\/td>\n<\/tr>\n<tr>\n<th>Model <\/th>\n<td>MM142<\/td>\n<\/tr>\n<tr>\n<th>Wtyczka <\/th>\n<td>USB-C 3.1 do HDMI 2.0<\/td>\n<\/tr>\n<tr>\n<th>Materia\u0142 <\/th>\n<td>PP\/TPE, nylon, aluminium<\/td>\n<\/tr>\n<tr>\n<th>D\u0142ugo\u015b\u0107  <\/th>\n<td>150 cm<\/td>\n<\/tr>\n<tr>\n<th>Maksymalna rozdzielczo\u015b\u0107 <\/th>\n<td>4K @60 Hz<\/td>\n<\/tr>\n<tr>\n<th>Obs\u0142ugiwane urz\u0105dzenia <\/th>\n<td>Smartfony: Samsung Galaxy S10\/S10+\/S9\/S9+\/Note 9\/S8\/S8+\/Note 8, Huawei Mate 20\/20 Pro\/10\/10 Pro\/P20\/P20 Pro, Essential Phone PH-1 <br \/> Laptopy: Apple MacBook Pro 2018\/2017\/2016, MacBook Air 2018, MacBook 2017\/2016\/2015; Dell XPS 13-9360\/9350, XPS 15-9560, XPS 12-9250, XPS 13 2in1, Inspiron 5000\/7000, Inspiron Gaming 7000, AlienWare 13\/15; Lenovo Miix 510, ThinkPad 13 (2017), Yoga 900; Huawei MateBook; Google ChromeBook Pixel (2015); HP Envy X360 15, Envy 13 (2017), EliteBook Folio G1<\/td>\n<\/tr>\n<tr>\n<th>Kompatybilny z portami  <\/th>\n<td>USB-C, Thunderbolt 3<\/td>\n<\/tr>\n<tr>\n<th>Kolor <\/th>\n<td>Czarny<\/td>\n<\/tr>\n<\/tbody>\n<\/table>\n<\/div>\n","protected":false},"excerpt":{"rendered":"<p>Kabel USB-C do HDMI UGREEN 4K UHD 1.5m MM142 (czarny) Kabel UGREEN USB-C do HDMI przesy\u0142a obraz i d\u017awi\u0119k wysokiej<\/p>\n","protected":false},"featured_media":55046,"comment_status":"closed","ping_status":"open","template":"","meta":{"_acf_changed":false},"product_brand":[],"product_cat":[5929,5931,5933],"product_tag":[],"class_list":{"0":"post-55045","1":"product","2":"type-product","3":"status-publish","4":"has-post-thumbnail","6":"product_cat-akcesoria-it","7":"product_cat-kable","8":"product_cat-wideo","9":"pa_okres-gwarancji-5757","10":"pa_producent-ugreen","12":"first","13":"outofstock","14":"taxable","15":"shipping-taxable","16":"purchasable","17":"product-type-simple"},"acf":[],"yoast_head":"<!-- This site is optimized with the Yoast SEO plugin v27.2 - https:\/\/yoast.com\/product\/yoast-seo-wordpress\/ -->\n<title>Kabel UGREEN MM142 USB-C-HDMI 1.5m (czarny) - IRONSKY.PL Sklep z Dronami<\/title>\n<meta name=\"description\" content=\"Kabel UGREEN MM142 USB-C-HDMI 1.5m (czarny) - \u2705 sklep z dronami i fachowym doradztwem. \u2705 Tutaj kupisz produkty DJI, Yuneec, Parrot, Syma i wiele innych, a tak\u017ce kursy i licencje na operatora drona.\" \/>\n<meta name=\"robots\" content=\"index, follow, max-snippet:-1, max-image-preview:large, max-video-preview:-1\" \/>\n<link rel=\"canonical\" href=\"https:\/\/ironsky.pl\/sklep\/produkt\/kabel-ugreen-mm142-usb-c-hdmi-1-5m-czarny\/\" \/>\n<meta property=\"og:locale\" content=\"pl_PL\" \/>\n<meta property=\"og:type\" content=\"article\" \/>\n<meta property=\"og:title\" content=\"Kabel UGREEN MM142 USB-C-HDMI 1.5m (czarny) - IRONSKY.PL Sklep z Dronami\" \/>\n<meta property=\"og:description\" content=\"Kabel UGREEN MM142 USB-C-HDMI 1.5m (czarny) - \u2705 sklep z dronami i fachowym doradztwem. \u2705 Tutaj kupisz produkty DJI, Yuneec, Parrot, Syma i wiele innych, a tak\u017ce kursy i licencje na operatora drona.\" \/>\n<meta property=\"og:url\" content=\"https:\/\/ironsky.pl\/sklep\/produkt\/kabel-ugreen-mm142-usb-c-hdmi-1-5m-czarny\/\" \/>\n<meta property=\"og:site_name\" content=\"IRONSKY.PL Sklep z Dronami\" \/>\n<meta property=\"article:modified_time\" content=\"2026-04-15T08:41:17+00:00\" \/>\n<meta property=\"og:image\" content=\"https:\/\/ironsky.pl\/sklep\/wp-content\/uploads\/2026\/04\/15105_1.jpg\" \/>\n\t<meta property=\"og:image:width\" content=\"800\" \/>\n\t<meta property=\"og:image:height\" content=\"800\" \/>\n\t<meta property=\"og:image:type\" content=\"image\/jpeg\" \/>\n<meta name=\"twitter:card\" content=\"summary_large_image\" \/>\n<meta name=\"twitter:label1\" content=\"Szacowany czas czytania\" \/>\n\t<meta name=\"twitter:data1\" content=\"1 minuta\" \/>\n<script type=\"application\/ld+json\" class=\"yoast-schema-graph\">{\"@context\":\"https:\/\/schema.org\",\"@graph\":[{\"@type\":\"WebPage\",\"@id\":\"https:\/\/ironsky.pl\/sklep\/produkt\/kabel-ugreen-mm142-usb-c-hdmi-1-5m-czarny\/\",\"url\":\"https:\/\/ironsky.pl\/sklep\/produkt\/kabel-ugreen-mm142-usb-c-hdmi-1-5m-czarny\/\",\"name\":\"Kabel UGREEN MM142 USB-C-HDMI 1.5m (czarny) - IRONSKY.PL Sklep z Dronami\",\"isPartOf\":{\"@id\":\"https:\/\/ironsky.pl\/sklep\/#website\"},\"primaryImageOfPage\":{\"@id\":\"https:\/\/ironsky.pl\/sklep\/produkt\/kabel-ugreen-mm142-usb-c-hdmi-1-5m-czarny\/#primaryimage\"},\"image\":{\"@id\":\"https:\/\/ironsky.pl\/sklep\/produkt\/kabel-ugreen-mm142-usb-c-hdmi-1-5m-czarny\/#primaryimage\"},\"thumbnailUrl\":\"https:\/\/ironsky.pl\/sklep\/wp-content\/uploads\/2026\/04\/15105_1.jpg\",\"datePublished\":\"2026-04-15T07:58:47+00:00\",\"dateModified\":\"2026-04-15T08:41:17+00:00\",\"description\":\"Kabel UGREEN MM142 USB-C-HDMI 1.5m (czarny) - \u2705 sklep z dronami i fachowym doradztwem. \u2705 Tutaj kupisz produkty DJI, Yuneec, Parrot, Syma i wiele innych, a tak\u017ce kursy i licencje na operatora drona.\",\"breadcrumb\":{\"@id\":\"https:\/\/ironsky.pl\/sklep\/produkt\/kabel-ugreen-mm142-usb-c-hdmi-1-5m-czarny\/#breadcrumb\"},\"inLanguage\":\"pl-PL\",\"potentialAction\":[{\"@type\":\"ReadAction\",\"target\":[\"https:\/\/ironsky.pl\/sklep\/produkt\/kabel-ugreen-mm142-usb-c-hdmi-1-5m-czarny\/\"]}]},{\"@type\":\"ImageObject\",\"inLanguage\":\"pl-PL\",\"@id\":\"https:\/\/ironsky.pl\/sklep\/produkt\/kabel-ugreen-mm142-usb-c-hdmi-1-5m-czarny\/#primaryimage\",\"url\":\"https:\/\/ironsky.pl\/sklep\/wp-content\/uploads\/2026\/04\/15105_1.jpg\",\"contentUrl\":\"https:\/\/ironsky.pl\/sklep\/wp-content\/uploads\/2026\/04\/15105_1.jpg\",\"width\":800,\"height\":800},{\"@type\":\"BreadcrumbList\",\"@id\":\"https:\/\/ironsky.pl\/sklep\/produkt\/kabel-ugreen-mm142-usb-c-hdmi-1-5m-czarny\/#breadcrumb\",\"itemListElement\":[{\"@type\":\"ListItem\",\"position\":1,\"name\":\"Strona g\u0142\u00f3wna\",\"item\":\"https:\/\/ironsky.pl\/sklep\/\"},{\"@type\":\"ListItem\",\"position\":2,\"name\":\"Wszystkie produkty\",\"item\":\"https:\/\/ironsky.pl\/sklep\/produkty\/\"},{\"@type\":\"ListItem\",\"position\":3,\"name\":\"Kabel UGREEN MM142 USB-C-HDMI 1.5m (czarny)\"}]},{\"@type\":\"WebSite\",\"@id\":\"https:\/\/ironsky.pl\/sklep\/#website\",\"url\":\"https:\/\/ironsky.pl\/sklep\/\",\"name\":\"IRONSKY.PL Sklep z Dronami\",\"description\":\"IRONSKY.PL Sklep z Dronami\",\"potentialAction\":[{\"@type\":\"SearchAction\",\"target\":{\"@type\":\"EntryPoint\",\"urlTemplate\":\"https:\/\/ironsky.pl\/sklep\/?s={search_term_string}\"},\"query-input\":{\"@type\":\"PropertyValueSpecification\",\"valueRequired\":true,\"valueName\":\"search_term_string\"}}],\"inLanguage\":\"pl-PL\"}]}<\/script>\n<!-- \/ Yoast SEO plugin. -->","yoast_head_json":{"title":"Kabel UGREEN MM142 USB-C-HDMI 1.5m (czarny) - IRONSKY.PL Sklep z Dronami","description":"Kabel UGREEN MM142 USB-C-HDMI 1.5m (czarny) - \u2705 sklep z dronami i fachowym doradztwem. \u2705 Tutaj kupisz produkty DJI, Yuneec, Parrot, Syma i wiele innych, a tak\u017ce kursy i licencje na operatora drona.","robots":{"index":"index","follow":"follow","max-snippet":"max-snippet:-1","max-image-preview":"max-image-preview:large","max-video-preview":"max-video-preview:-1"},"canonical":"https:\/\/ironsky.pl\/sklep\/produkt\/kabel-ugreen-mm142-usb-c-hdmi-1-5m-czarny\/","og_locale":"pl_PL","og_type":"article","og_title":"Kabel UGREEN MM142 USB-C-HDMI 1.5m (czarny) - IRONSKY.PL Sklep z Dronami","og_description":"Kabel UGREEN MM142 USB-C-HDMI 1.5m (czarny) - \u2705 sklep z dronami i fachowym doradztwem. \u2705 Tutaj kupisz produkty DJI, Yuneec, Parrot, Syma i wiele innych, a tak\u017ce kursy i licencje na operatora drona.","og_url":"https:\/\/ironsky.pl\/sklep\/produkt\/kabel-ugreen-mm142-usb-c-hdmi-1-5m-czarny\/","og_site_name":"IRONSKY.PL Sklep z Dronami","article_modified_time":"2026-04-15T08:41:17+00:00","og_image":[{"width":800,"height":800,"url":"https:\/\/ironsky.pl\/sklep\/wp-content\/uploads\/2026\/04\/15105_1.jpg","type":"image\/jpeg"}],"twitter_card":"summary_large_image","twitter_misc":{"Szacowany czas czytania":"1 minuta"},"schema":{"@context":"https:\/\/schema.org","@graph":[{"@type":"WebPage","@id":"https:\/\/ironsky.pl\/sklep\/produkt\/kabel-ugreen-mm142-usb-c-hdmi-1-5m-czarny\/","url":"https:\/\/ironsky.pl\/sklep\/produkt\/kabel-ugreen-mm142-usb-c-hdmi-1-5m-czarny\/","name":"Kabel UGREEN MM142 USB-C-HDMI 1.5m (czarny) - IRONSKY.PL Sklep z Dronami","isPartOf":{"@id":"https:\/\/ironsky.pl\/sklep\/#website"},"primaryImageOfPage":{"@id":"https:\/\/ironsky.pl\/sklep\/produkt\/kabel-ugreen-mm142-usb-c-hdmi-1-5m-czarny\/#primaryimage"},"image":{"@id":"https:\/\/ironsky.pl\/sklep\/produkt\/kabel-ugreen-mm142-usb-c-hdmi-1-5m-czarny\/#primaryimage"},"thumbnailUrl":"https:\/\/ironsky.pl\/sklep\/wp-content\/uploads\/2026\/04\/15105_1.jpg","datePublished":"2026-04-15T07:58:47+00:00","dateModified":"2026-04-15T08:41:17+00:00","description":"Kabel UGREEN MM142 USB-C-HDMI 1.5m (czarny) - \u2705 sklep z dronami i fachowym doradztwem. \u2705 Tutaj kupisz produkty DJI, Yuneec, Parrot, Syma i wiele innych, a tak\u017ce kursy i licencje na operatora drona.","breadcrumb":{"@id":"https:\/\/ironsky.pl\/sklep\/produkt\/kabel-ugreen-mm142-usb-c-hdmi-1-5m-czarny\/#breadcrumb"},"inLanguage":"pl-PL","potentialAction":[{"@type":"ReadAction","target":["https:\/\/ironsky.pl\/sklep\/produkt\/kabel-ugreen-mm142-usb-c-hdmi-1-5m-czarny\/"]}]},{"@type":"ImageObject","inLanguage":"pl-PL","@id":"https:\/\/ironsky.pl\/sklep\/produkt\/kabel-ugreen-mm142-usb-c-hdmi-1-5m-czarny\/#primaryimage","url":"https:\/\/ironsky.pl\/sklep\/wp-content\/uploads\/2026\/04\/15105_1.jpg","contentUrl":"https:\/\/ironsky.pl\/sklep\/wp-content\/uploads\/2026\/04\/15105_1.jpg","width":800,"height":800},{"@type":"BreadcrumbList","@id":"https:\/\/ironsky.pl\/sklep\/produkt\/kabel-ugreen-mm142-usb-c-hdmi-1-5m-czarny\/#breadcrumb","itemListElement":[{"@type":"ListItem","position":1,"name":"Strona g\u0142\u00f3wna","item":"https:\/\/ironsky.pl\/sklep\/"},{"@type":"ListItem","position":2,"name":"Wszystkie produkty","item":"https:\/\/ironsky.pl\/sklep\/produkty\/"},{"@type":"ListItem","position":3,"name":"Kabel UGREEN MM142 USB-C-HDMI 1.5m (czarny)"}]},{"@type":"WebSite","@id":"https:\/\/ironsky.pl\/sklep\/#website","url":"https:\/\/ironsky.pl\/sklep\/","name":"IRONSKY.PL Sklep z Dronami","description":"IRONSKY.PL Sklep z Dronami","potentialAction":[{"@type":"SearchAction","target":{"@type":"EntryPoint","urlTemplate":"https:\/\/ironsky.pl\/sklep\/?s={search_term_string}"},"query-input":{"@type":"PropertyValueSpecification","valueRequired":true,"valueName":"search_term_string"}}],"inLanguage":"pl-PL"}]}},"_links":{"self":[{"href":"https:\/\/ironsky.pl\/sklep\/wp-json\/wp\/v2\/product\/55045","targetHints":{"allow":["GET"]}}],"collection":[{"href":"https:\/\/ironsky.pl\/sklep\/wp-json\/wp\/v2\/product"}],"about":[{"href":"https:\/\/ironsky.pl\/sklep\/wp-json\/wp\/v2\/types\/product"}],"replies":[{"embeddable":true,"href":"https:\/\/ironsky.pl\/sklep\/wp-json\/wp\/v2\/comments?post=55045"}],"wp:featuredmedia":[{"embeddable":true,"href":"https:\/\/ironsky.pl\/sklep\/wp-json\/wp\/v2\/media\/55046"}],"wp:attachment":[{"href":"https:\/\/ironsky.pl\/sklep\/wp-json\/wp\/v2\/media?parent=55045"}],"wp:term":[{"taxonomy":"product_brand","embeddable":true,"href":"https:\/\/ironsky.pl\/sklep\/wp-json\/wp\/v2\/product_brand?post=55045"},{"taxonomy":"product_cat","embeddable":true,"href":"https:\/\/ironsky.pl\/sklep\/wp-json\/wp\/v2\/product_cat?post=55045"},{"taxonomy":"product_tag","embeddable":true,"href":"https:\/\/ironsky.pl\/sklep\/wp-json\/wp\/v2\/product_tag?post=55045"}],"curies":[{"name":"wp","href":"https:\/\/api.w.org\/{rel}","templated":true}]}}