{"id":54991,"date":"2026-04-15T09:58:24","date_gmt":"2026-04-15T07:58:24","guid":{"rendered":"https:\/\/ironsky.pl\/sklep\/produkt\/mata-ladowisko-pgytech-75cm\/"},"modified":"2026-04-15T10:41:04","modified_gmt":"2026-04-15T08:41:04","slug":"mata-ladowisko-pgytech-75cm","status":"publish","type":"product","link":"https:\/\/ironsky.pl\/sklep\/produkt\/mata-ladowisko-pgytech-75cm\/","title":{"rendered":"Mata l\u0105dowisko PGYTECH 75cm"},"content":{"rendered":"<h3>Mata l\u0105dowisko PGYTECH do dron\u00f3w 75cm (PGY-AC-308)<\/h3>\n<p>Specjalna mata marki PGYTECH to uniwersalne l\u0105dowisko dla dron\u00f3w. Odporna na zmienne warunki atmosferyczne, 2-kolorowa i wytrzyma\u0142a &#8211; sprawdzi si\u0119 w ka\u017cdej sytuacji. Po z\u0142o\u017ceniu jest wyj\u0105tkowo kompaktowa &#8211; mo\u017cesz wygodnie transportowa\u0107 j\u0105 w do\u0142\u0105czonym do zestawu etui i korzysta\u0107 z niej wsz\u0119dzie, gdzie chcesz.<\/p>\n<p><img decoding=\"async\" src=\"https:\/\/b2b.innpro.pl\/data\/include\/cms\/PGYTECH\/PGY-AC-308\/1.jpg\" border=\"0\" alt=\"PGYTECH\/PGY-AC-308\/1\" \/><\/p>\n<h3>Wybierz najlepszy kolor<\/h3>\n<p>Obydwie strony maty s\u0105 przystosowane do l\u0105dowania. Maj\u0105 te\u017c r\u00f3\u017cne kolory &#8211; pomara\u0144czowy i niebieski. To niezwykle praktyczne rozwi\u0105zanie, dzi\u0119ki kt\u00f3remu mo\u017cesz w ka\u017cdej chwili obr\u00f3ci\u0107 produkt w taki spos\u00f3b, aby jego barwa lepiej kontrastowa\u0142a z pod\u0142o\u017cem. W ten spos\u00f3b sprawisz, \u017ce l\u0105dowanie drona przebiegnie bezproblemowo.<\/p>\n<p><img decoding=\"async\" src=\"https:\/\/b2b.innpro.pl\/data\/include\/cms\/PGYTECH\/PGY-AC-308\/2.jpg\" border=\"0\" alt=\"PGYTECH\/PGY-AC-308\/2\" \/><\/p>\n<h3>Jeszcze wygodniejszy transport<\/h3>\n<p>W zestawie znajdziesz r\u00f3wnie\u017c specjalny futera\u0142 transportowy. Jest on odporny na uszkodzenia i wygodny w u\u017cyciu. Wyposa\u017cony zosta\u0142 w wytrzyma\u0142\u0105, nylonow\u0105 r\u0105czk\u0119, kt\u00f3ra jeszcze bardziej u\u0142atwia jego przenoszenie. Dzi\u0119ki temu praktycznemu etui transport produktu stanie si\u0119 jeszcze prostszy.<\/p>\n<p><img decoding=\"async\" src=\"https:\/\/b2b.innpro.pl\/data\/include\/cms\/PGYTECH\/PGY-AC-308\/3.jpg\" border=\"0\" alt=\"PGYTECH\/PGY-AC-308\/3\" \/><\/p>\n<h3>Dopasowana do Twojego drona<\/h3>\n<p>\u015arednica roz\u0142o\u017conej maty wynosi a\u017c 75 cm, co sprawia, \u017ce \u015bwietnie sprawdzi si\u0119 w przypadku r\u00f3\u017cnego rodzaju dron\u00f3w. Niezale\u017cnie od tego, jakiego urz\u0105dzenia u\u017cywasz, mata PGYTECH doskonale spe\u0142ni swoje zadanie. \u015arednica posk\u0142adanej maty wynosi tylko 29 cm. Produkt mo\u017ce wi\u0119c sta\u0107 si\u0119 wyj\u0105tkowo kompaktowy. Z\u0142o\u017cenie go jest szybkie i proste. Po zako\u0144czonym locie z \u0142atwo\u015bci\u0105 przygotujesz go do transportu i zaoszcz\u0119dzisz miejsce w baga\u017cu.<\/p>\n<p><img decoding=\"async\" src=\"https:\/\/b2b.innpro.pl\/data\/include\/cms\/PGYTECH\/PGY-AC-308\/4.jpg\" border=\"0\" alt=\"PGYTECH\/PGY-AC-308\/4\" \/><\/p>\n<h3>Niezawodna w ka\u017cdej sytuacji<\/h3>\n<p>Mata wykonana zosta\u0142a z wysokiej jako\u015bci materia\u0142\u00f3w, kt\u00f3re zapewniaj\u0105 jej wytrzyma\u0142o\u015b\u0107 r\u00f3wnie\u017c w trudnych warunkach. Wyr\u00f3\u017cnia si\u0119 tak\u017ce wodoodporno\u015bci\u0105. Nie zaszkodzi jej nawet s\u0142o\u0144ce &#8211; precyzyjnie wykonany nadruk nie blaknie zbyt szybko. Nie musisz si\u0119 obawia\u0107, \u017ce Twoja mata ju\u017c po kilku u\u017cyciach przestanie spe\u0142nia\u0107 swoj\u0105 funkcj\u0119 &#8211; b\u0119dzie Ci dobrze s\u0142u\u017cy\u0107 przez naprawd\u0119 d\u0142ugi czas.<\/p>\n<p><img decoding=\"async\" src=\"https:\/\/b2b.innpro.pl\/data\/include\/cms\/PGYTECH\/PGY-AC-308\/5.jpg\" border=\"0\" alt=\"PGYTECH\/PGY-AC-308\/4\" \/><\/p>\n<h3>W zestawie:<\/h3>\n<ul>\n<li>Etui transportowe x1<\/li>\n<li>L\u0105dowisko x1<\/li>\n<li>\u015aled\u017a x3<\/li>\n<\/ul>\n<div class=\"table-wrapper\">\n<table>\n<tbody>\n<tr>\n<th>Producent<\/th>\n<td>PGYTECH<\/td>\n<\/tr>\n<tr>\n<th>Model<\/th>\n<td>PGY-AC-308<\/td>\n<\/tr>\n<tr>\n<th>Materia\u0142<\/th>\n<td>Wodoodporny nylon wysokiej jako\u015bci<\/td>\n<\/tr>\n<tr>\n<th>Waga<\/th>\n<td>535 g<\/td>\n<\/tr>\n<tr>\n<th>\u015arednica l\u0105dowiska \/ po zapakowaniu do etui<\/th>\n<td>75 cm \/ 29 cm<\/td>\n<\/tr>\n<\/tbody>\n<\/table>\n<\/div>\n","protected":false},"excerpt":{"rendered":"<p>Mata l\u0105dowisko PGYTECH do dron\u00f3w 75cm (PGY-AC-308) Specjalna mata marki PGYTECH to uniwersalne l\u0105dowisko dla dron\u00f3w. Odporna na zmienne warunki<\/p>\n","protected":false},"featured_media":54992,"comment_status":"closed","ping_status":"open","template":"","meta":{"_acf_changed":false},"product_brand":[],"product_cat":[6167,1088,6168],"product_tag":[],"class_list":{"0":"post-54991","1":"product","2":"type-product","3":"status-publish","4":"has-post-thumbnail","6":"product_cat-akcesoria-do-dronow","7":"product_cat-drony","8":"product_cat-ladowiska","9":"pa_okres-gwarancji-5754","10":"pa_producent-pgytech","12":"first","13":"instock","14":"taxable","15":"shipping-taxable","16":"purchasable","17":"product-type-simple"},"acf":[],"yoast_head":"<!-- This site is optimized with the Yoast SEO plugin v27.2 - https:\/\/yoast.com\/product\/yoast-seo-wordpress\/ -->\n<title>Mata l\u0105dowisko PGYTECH 75cm - IRONSKY.PL Sklep z Dronami<\/title>\n<meta name=\"description\" content=\"Mata l\u0105dowisko PGYTECH 75cm - \u2705 sklep z dronami i fachowym doradztwem. \u2705 Tutaj kupisz produkty DJI, Yuneec, Parrot, Syma i wiele innych, a tak\u017ce kursy i licencje na operatora drona.\" \/>\n<meta name=\"robots\" content=\"index, follow, max-snippet:-1, max-image-preview:large, max-video-preview:-1\" \/>\n<link rel=\"canonical\" href=\"https:\/\/ironsky.pl\/sklep\/produkt\/mata-ladowisko-pgytech-75cm\/\" \/>\n<meta property=\"og:locale\" content=\"pl_PL\" \/>\n<meta property=\"og:type\" content=\"article\" \/>\n<meta property=\"og:title\" content=\"Mata l\u0105dowisko PGYTECH 75cm - IRONSKY.PL Sklep z Dronami\" \/>\n<meta property=\"og:description\" content=\"Mata l\u0105dowisko PGYTECH 75cm - \u2705 sklep z dronami i fachowym doradztwem. \u2705 Tutaj kupisz produkty DJI, Yuneec, Parrot, Syma i wiele innych, a tak\u017ce kursy i licencje na operatora drona.\" \/>\n<meta property=\"og:url\" content=\"https:\/\/ironsky.pl\/sklep\/produkt\/mata-ladowisko-pgytech-75cm\/\" \/>\n<meta property=\"og:site_name\" content=\"IRONSKY.PL Sklep z Dronami\" \/>\n<meta property=\"article:modified_time\" content=\"2026-04-15T08:41:04+00:00\" \/>\n<meta property=\"og:image\" content=\"https:\/\/ironsky.pl\/sklep\/wp-content\/uploads\/2026\/04\/11203_2.jpg\" \/>\n\t<meta property=\"og:image:width\" content=\"800\" \/>\n\t<meta property=\"og:image:height\" content=\"801\" \/>\n\t<meta property=\"og:image:type\" content=\"image\/jpeg\" \/>\n<meta name=\"twitter:card\" content=\"summary_large_image\" \/>\n<meta name=\"twitter:label1\" content=\"Szacowany czas czytania\" \/>\n\t<meta name=\"twitter:data1\" content=\"2 minuty\" \/>\n<script type=\"application\/ld+json\" class=\"yoast-schema-graph\">{\"@context\":\"https:\/\/schema.org\",\"@graph\":[{\"@type\":\"WebPage\",\"@id\":\"https:\/\/ironsky.pl\/sklep\/produkt\/mata-ladowisko-pgytech-75cm\/\",\"url\":\"https:\/\/ironsky.pl\/sklep\/produkt\/mata-ladowisko-pgytech-75cm\/\",\"name\":\"Mata l\u0105dowisko PGYTECH 75cm - IRONSKY.PL Sklep z Dronami\",\"isPartOf\":{\"@id\":\"https:\/\/ironsky.pl\/sklep\/#website\"},\"primaryImageOfPage\":{\"@id\":\"https:\/\/ironsky.pl\/sklep\/produkt\/mata-ladowisko-pgytech-75cm\/#primaryimage\"},\"image\":{\"@id\":\"https:\/\/ironsky.pl\/sklep\/produkt\/mata-ladowisko-pgytech-75cm\/#primaryimage\"},\"thumbnailUrl\":\"https:\/\/ironsky.pl\/sklep\/wp-content\/uploads\/2026\/04\/11203_2.jpg\",\"datePublished\":\"2026-04-15T07:58:24+00:00\",\"dateModified\":\"2026-04-15T08:41:04+00:00\",\"description\":\"Mata l\u0105dowisko PGYTECH 75cm - \u2705 sklep z dronami i fachowym doradztwem. \u2705 Tutaj kupisz produkty DJI, Yuneec, Parrot, Syma i wiele innych, a tak\u017ce kursy i licencje na operatora drona.\",\"breadcrumb\":{\"@id\":\"https:\/\/ironsky.pl\/sklep\/produkt\/mata-ladowisko-pgytech-75cm\/#breadcrumb\"},\"inLanguage\":\"pl-PL\",\"potentialAction\":[{\"@type\":\"ReadAction\",\"target\":[\"https:\/\/ironsky.pl\/sklep\/produkt\/mata-ladowisko-pgytech-75cm\/\"]}]},{\"@type\":\"ImageObject\",\"inLanguage\":\"pl-PL\",\"@id\":\"https:\/\/ironsky.pl\/sklep\/produkt\/mata-ladowisko-pgytech-75cm\/#primaryimage\",\"url\":\"https:\/\/ironsky.pl\/sklep\/wp-content\/uploads\/2026\/04\/11203_2.jpg\",\"contentUrl\":\"https:\/\/ironsky.pl\/sklep\/wp-content\/uploads\/2026\/04\/11203_2.jpg\",\"width\":800,\"height\":801},{\"@type\":\"BreadcrumbList\",\"@id\":\"https:\/\/ironsky.pl\/sklep\/produkt\/mata-ladowisko-pgytech-75cm\/#breadcrumb\",\"itemListElement\":[{\"@type\":\"ListItem\",\"position\":1,\"name\":\"Strona g\u0142\u00f3wna\",\"item\":\"https:\/\/ironsky.pl\/sklep\/\"},{\"@type\":\"ListItem\",\"position\":2,\"name\":\"Wszystkie produkty\",\"item\":\"https:\/\/ironsky.pl\/sklep\/produkty\/\"},{\"@type\":\"ListItem\",\"position\":3,\"name\":\"Mata l\u0105dowisko PGYTECH 75cm\"}]},{\"@type\":\"WebSite\",\"@id\":\"https:\/\/ironsky.pl\/sklep\/#website\",\"url\":\"https:\/\/ironsky.pl\/sklep\/\",\"name\":\"IRONSKY.PL Sklep z Dronami\",\"description\":\"IRONSKY.PL Sklep z Dronami\",\"potentialAction\":[{\"@type\":\"SearchAction\",\"target\":{\"@type\":\"EntryPoint\",\"urlTemplate\":\"https:\/\/ironsky.pl\/sklep\/?s={search_term_string}\"},\"query-input\":{\"@type\":\"PropertyValueSpecification\",\"valueRequired\":true,\"valueName\":\"search_term_string\"}}],\"inLanguage\":\"pl-PL\"}]}<\/script>\n<!-- \/ Yoast SEO plugin. -->","yoast_head_json":{"title":"Mata l\u0105dowisko PGYTECH 75cm - IRONSKY.PL Sklep z Dronami","description":"Mata l\u0105dowisko PGYTECH 75cm - \u2705 sklep z dronami i fachowym doradztwem. \u2705 Tutaj kupisz produkty DJI, Yuneec, Parrot, Syma i wiele innych, a tak\u017ce kursy i licencje na operatora drona.","robots":{"index":"index","follow":"follow","max-snippet":"max-snippet:-1","max-image-preview":"max-image-preview:large","max-video-preview":"max-video-preview:-1"},"canonical":"https:\/\/ironsky.pl\/sklep\/produkt\/mata-ladowisko-pgytech-75cm\/","og_locale":"pl_PL","og_type":"article","og_title":"Mata l\u0105dowisko PGYTECH 75cm - IRONSKY.PL Sklep z Dronami","og_description":"Mata l\u0105dowisko PGYTECH 75cm - \u2705 sklep z dronami i fachowym doradztwem. \u2705 Tutaj kupisz produkty DJI, Yuneec, Parrot, Syma i wiele innych, a tak\u017ce kursy i licencje na operatora drona.","og_url":"https:\/\/ironsky.pl\/sklep\/produkt\/mata-ladowisko-pgytech-75cm\/","og_site_name":"IRONSKY.PL Sklep z Dronami","article_modified_time":"2026-04-15T08:41:04+00:00","og_image":[{"width":800,"height":801,"url":"https:\/\/ironsky.pl\/sklep\/wp-content\/uploads\/2026\/04\/11203_2.jpg","type":"image\/jpeg"}],"twitter_card":"summary_large_image","twitter_misc":{"Szacowany czas czytania":"2 minuty"},"schema":{"@context":"https:\/\/schema.org","@graph":[{"@type":"WebPage","@id":"https:\/\/ironsky.pl\/sklep\/produkt\/mata-ladowisko-pgytech-75cm\/","url":"https:\/\/ironsky.pl\/sklep\/produkt\/mata-ladowisko-pgytech-75cm\/","name":"Mata l\u0105dowisko PGYTECH 75cm - IRONSKY.PL Sklep z Dronami","isPartOf":{"@id":"https:\/\/ironsky.pl\/sklep\/#website"},"primaryImageOfPage":{"@id":"https:\/\/ironsky.pl\/sklep\/produkt\/mata-ladowisko-pgytech-75cm\/#primaryimage"},"image":{"@id":"https:\/\/ironsky.pl\/sklep\/produkt\/mata-ladowisko-pgytech-75cm\/#primaryimage"},"thumbnailUrl":"https:\/\/ironsky.pl\/sklep\/wp-content\/uploads\/2026\/04\/11203_2.jpg","datePublished":"2026-04-15T07:58:24+00:00","dateModified":"2026-04-15T08:41:04+00:00","description":"Mata l\u0105dowisko PGYTECH 75cm - \u2705 sklep z dronami i fachowym doradztwem. \u2705 Tutaj kupisz produkty DJI, Yuneec, Parrot, Syma i wiele innych, a tak\u017ce kursy i licencje na operatora drona.","breadcrumb":{"@id":"https:\/\/ironsky.pl\/sklep\/produkt\/mata-ladowisko-pgytech-75cm\/#breadcrumb"},"inLanguage":"pl-PL","potentialAction":[{"@type":"ReadAction","target":["https:\/\/ironsky.pl\/sklep\/produkt\/mata-ladowisko-pgytech-75cm\/"]}]},{"@type":"ImageObject","inLanguage":"pl-PL","@id":"https:\/\/ironsky.pl\/sklep\/produkt\/mata-ladowisko-pgytech-75cm\/#primaryimage","url":"https:\/\/ironsky.pl\/sklep\/wp-content\/uploads\/2026\/04\/11203_2.jpg","contentUrl":"https:\/\/ironsky.pl\/sklep\/wp-content\/uploads\/2026\/04\/11203_2.jpg","width":800,"height":801},{"@type":"BreadcrumbList","@id":"https:\/\/ironsky.pl\/sklep\/produkt\/mata-ladowisko-pgytech-75cm\/#breadcrumb","itemListElement":[{"@type":"ListItem","position":1,"name":"Strona g\u0142\u00f3wna","item":"https:\/\/ironsky.pl\/sklep\/"},{"@type":"ListItem","position":2,"name":"Wszystkie produkty","item":"https:\/\/ironsky.pl\/sklep\/produkty\/"},{"@type":"ListItem","position":3,"name":"Mata l\u0105dowisko PGYTECH 75cm"}]},{"@type":"WebSite","@id":"https:\/\/ironsky.pl\/sklep\/#website","url":"https:\/\/ironsky.pl\/sklep\/","name":"IRONSKY.PL Sklep z Dronami","description":"IRONSKY.PL Sklep z Dronami","potentialAction":[{"@type":"SearchAction","target":{"@type":"EntryPoint","urlTemplate":"https:\/\/ironsky.pl\/sklep\/?s={search_term_string}"},"query-input":{"@type":"PropertyValueSpecification","valueRequired":true,"valueName":"search_term_string"}}],"inLanguage":"pl-PL"}]}},"_links":{"self":[{"href":"https:\/\/ironsky.pl\/sklep\/wp-json\/wp\/v2\/product\/54991","targetHints":{"allow":["GET"]}}],"collection":[{"href":"https:\/\/ironsky.pl\/sklep\/wp-json\/wp\/v2\/product"}],"about":[{"href":"https:\/\/ironsky.pl\/sklep\/wp-json\/wp\/v2\/types\/product"}],"replies":[{"embeddable":true,"href":"https:\/\/ironsky.pl\/sklep\/wp-json\/wp\/v2\/comments?post=54991"}],"wp:featuredmedia":[{"embeddable":true,"href":"https:\/\/ironsky.pl\/sklep\/wp-json\/wp\/v2\/media\/54992"}],"wp:attachment":[{"href":"https:\/\/ironsky.pl\/sklep\/wp-json\/wp\/v2\/media?parent=54991"}],"wp:term":[{"taxonomy":"product_brand","embeddable":true,"href":"https:\/\/ironsky.pl\/sklep\/wp-json\/wp\/v2\/product_brand?post=54991"},{"taxonomy":"product_cat","embeddable":true,"href":"https:\/\/ironsky.pl\/sklep\/wp-json\/wp\/v2\/product_cat?post=54991"},{"taxonomy":"product_tag","embeddable":true,"href":"https:\/\/ironsky.pl\/sklep\/wp-json\/wp\/v2\/product_tag?post=54991"}],"curies":[{"name":"wp","href":"https:\/\/api.w.org\/{rel}","templated":true}]}}